{"id":1320,"date":"2025-05-14T15:07:25","date_gmt":"2025-05-14T13:07:25","guid":{"rendered":"https:\/\/richter.ceo\/coxs\/?post_type=product&#038;p=1320"},"modified":"2025-05-14T15:07:25","modified_gmt":"2025-05-14T13:07:25","slug":"matusalem-gran-reserva-15","status":"publish","type":"product","link":"https:\/\/richter.ceo\/coxs\/produkt\/matusalem-gran-reserva-15\/","title":{"rendered":"Matusalem Gran Reserva 15"},"content":{"rendered":"<div class=\"elementor-column elementor-col-50 elementor-inner-column elementor-element elementor-element-df5ea97\" data-id=\"df5ea97\" data-element_type=\"column\">\n<div class=\"elementor-widget-wrap elementor-element-populated\">\n<div class=\"elementor-element elementor-element-5f45f876 elementor-widget elementor-widget-woocommerce-product-short-description\" data-id=\"5f45f876\" data-element_type=\"widget\" data-widget_type=\"woocommerce-product-short-description.default\">\n<div class=\"elementor-widget-container\">\n<div class=\"woocommerce-product-details__short-description\">\n<p>Spole\u010dnost Matusalem zalo\u017eili na Kub\u011b brat\u0159i Benjamin a Eduardo Campovi ve spolupr\u00e1ci s p\u0159\u00edtelem Evaristem \u00c1lvarezem. Jejich my\u0161lenka vyr\u00e1b\u011bt v Santiago de Cuba rum mimo\u0159\u00e1dn\u00e9 kvality se do\u010dkala realizace v roce 1872. Pr\u00e1v\u011b pro svou velmi komplexn\u00ed chu\u0165 a sametovou jemnost brzy ve\u0161el do pov\u011bdom\u00ed jako \u201eko\u0148ak mezi rumy\u201c. Matusalem Gran Reserva 15 reprezentuje sm\u011bs rum\u016f r\u016fzn\u00e9ho st\u00e1\u0159\u00ed, z nich\u017e n\u011bkter\u00e9 proch\u00e1zely syst\u00e9mem solera po dobu patn\u00e1cti let. Rum zraje v lehce vyp\u00e1len\u00fdch sudech z americk\u00e9ho dubu, v nich\u017e byl p\u0159ed t\u00edm ulo\u017een bourbon. Zat\u00edmco ve v\u016fni vystupuje do pop\u0159ed\u00ed t\u00f3ny sko\u0159ice, vanilka, ml\u00e9\u010dn\u00e1 \u010dokol\u00e1da, melasa a \u0161vestky, such\u00e1 a dlouhotrvaj\u00edc\u00ed chu\u0165 p\u0159in\u00e1\u0161\u00ed t\u00f3ny o\u0159ech\u016f, vanilky, k\u00e1vy, karamelu, mu\u0161k\u00e1tov\u00e9ho o\u0159\u00ed\u0161ku a d\u0159eva.<\/p>\n<\/div>\n<\/div>\n<\/div>\n<\/div>\n<\/div>\n","protected":false},"excerpt":{"rendered":"<p>Spole\u010dnost Matusalem zalo\u017eili na Kub\u011b brat\u0159i Benjamin a Eduardo Campovi ve spolupr\u00e1ci s p\u0159\u00edtelem Evaristem \u00c1lvarezem. Jejich my\u0161lenka vyr\u00e1b\u011bt v Santiago de Cuba rum mimo\u0159\u00e1dn\u00e9 kvality se do\u010dkala realizace v roce 1872. Pr\u00e1v\u011b pro svou velmi komplexn\u00ed chu\u0165 a sametovou jemnost brzy ve\u0161el do pov\u011bdom\u00ed jako \u201eko\u0148ak mezi rumy\u201c. Matusalem Gran Reserva 15 reprezentuje sm\u011bs [&hellip;]<\/p>\n","protected":false},"featured_media":1205,"template":"","meta":{"_acf_changed":false},"product_brand":[183],"product_cat":[117],"product_tag":[],"class_list":{"0":"post-1320","1":"product","2":"type-product","3":"status-publish","4":"has-post-thumbnail","6":"product_brand-matusalem","7":"product_cat-rum","8":"pa_cena-za-004-l","9":"pa_obsah-alkoholu-21","10":"pa_zeme-dominikanska-republika","12":"first","13":"instock","14":"shipping-taxable","15":"purchasable","16":"product-type-simple"},"acf":[],"yoast_head":"<!-- This site is optimized with the Yoast SEO plugin v27.5 - https:\/\/yoast.com\/product\/yoast-seo-wordpress\/ -->\n<title>Matusalem Gran Reserva 15<\/title>\n<meta name=\"description\" content=\"Spole\u010dnost Matusalem zalo\u017eili na Kub\u011b brat\u0159i Benjamin a Eduardo Campovi ve spolupr\u00e1ci s p\u0159\u00edtelem Evaristem \u00c1lvarezem. Jejich my\u0161lenka vyr\u00e1b\u011bt v Santiago\" \/>\n<meta name=\"robots\" content=\"index, follow, max-snippet:-1, max-image-preview:large, max-video-preview:-1\" \/>\n<link rel=\"canonical\" href=\"https:\/\/richter.ceo\/coxs\/produkt\/matusalem-gran-reserva-15\/\" \/>\n<meta property=\"og:locale\" content=\"cs_CZ\" \/>\n<meta property=\"og:type\" content=\"article\" \/>\n<meta property=\"og:title\" content=\"Matusalem Gran Reserva 15\" \/>\n<meta property=\"og:description\" content=\"Spole\u010dnost Matusalem zalo\u017eili na Kub\u011b brat\u0159i Benjamin a Eduardo Campovi ve spolupr\u00e1ci s p\u0159\u00edtelem Evaristem \u00c1lvarezem. Jejich my\u0161lenka vyr\u00e1b\u011bt v Santiago\" \/>\n<meta property=\"og:url\" content=\"https:\/\/richter.ceo\/coxs\/produkt\/matusalem-gran-reserva-15\/\" \/>\n<meta property=\"og:site_name\" content=\"COXS CLUB\" \/>\n<meta property=\"article:publisher\" content=\"https:\/\/www.facebook.com\/profile.php?id=100088204002615\" \/>\n<meta property=\"og:image\" content=\"https:\/\/richter.ceo\/coxs\/wp-content\/uploads\/sites\/4\/2025\/05\/2891_matusalem_gran_reserva_15.jpg\" \/>\n\t<meta property=\"og:image:width\" content=\"600\" \/>\n\t<meta property=\"og:image:height\" content=\"711\" \/>\n\t<meta property=\"og:image:type\" content=\"image\/jpeg\" \/>\n<meta name=\"twitter:card\" content=\"summary_large_image\" \/>\n<meta name=\"twitter:label1\" content=\"Odhadovan\u00e1 doba \u010dten\u00ed\" \/>\n\t<meta name=\"twitter:data1\" content=\"1 minuta\" \/>\n<script type=\"application\/ld+json\" class=\"yoast-schema-graph\">{\"@context\":\"https:\\\/\\\/schema.org\",\"@graph\":[{\"@type\":\"WebPage\",\"@id\":\"https:\\\/\\\/richter.ceo\\\/coxs\\\/produkt\\\/matusalem-gran-reserva-15\\\/\",\"url\":\"https:\\\/\\\/richter.ceo\\\/coxs\\\/produkt\\\/matusalem-gran-reserva-15\\\/\",\"name\":\"Matusalem Gran Reserva 15\",\"isPartOf\":{\"@id\":\"https:\\\/\\\/richter.ceo\\\/coxs\\\/en\\\/#website\"},\"primaryImageOfPage\":{\"@id\":\"https:\\\/\\\/richter.ceo\\\/coxs\\\/produkt\\\/matusalem-gran-reserva-15\\\/#primaryimage\"},\"image\":{\"@id\":\"https:\\\/\\\/richter.ceo\\\/coxs\\\/produkt\\\/matusalem-gran-reserva-15\\\/#primaryimage\"},\"thumbnailUrl\":\"https:\\\/\\\/richter.ceo\\\/coxs\\\/wp-content\\\/uploads\\\/sites\\\/4\\\/2025\\\/05\\\/2891_matusalem_gran_reserva_15.jpg\",\"datePublished\":\"2025-05-14T13:07:25+00:00\",\"description\":\"Spole\u010dnost Matusalem zalo\u017eili na Kub\u011b brat\u0159i Benjamin a Eduardo Campovi ve spolupr\u00e1ci s p\u0159\u00edtelem Evaristem \u00c1lvarezem. Jejich my\u0161lenka vyr\u00e1b\u011bt v Santiago\",\"breadcrumb\":{\"@id\":\"https:\\\/\\\/richter.ceo\\\/coxs\\\/produkt\\\/matusalem-gran-reserva-15\\\/#breadcrumb\"},\"inLanguage\":\"cs\",\"potentialAction\":[{\"@type\":\"ReadAction\",\"target\":[\"https:\\\/\\\/richter.ceo\\\/coxs\\\/produkt\\\/matusalem-gran-reserva-15\\\/\"]}]},{\"@type\":\"ImageObject\",\"inLanguage\":\"cs\",\"@id\":\"https:\\\/\\\/richter.ceo\\\/coxs\\\/produkt\\\/matusalem-gran-reserva-15\\\/#primaryimage\",\"url\":\"https:\\\/\\\/richter.ceo\\\/coxs\\\/wp-content\\\/uploads\\\/sites\\\/4\\\/2025\\\/05\\\/2891_matusalem_gran_reserva_15.jpg\",\"contentUrl\":\"https:\\\/\\\/richter.ceo\\\/coxs\\\/wp-content\\\/uploads\\\/sites\\\/4\\\/2025\\\/05\\\/2891_matusalem_gran_reserva_15.jpg\",\"width\":600,\"height\":711,\"caption\":\"COXS CLUB\"},{\"@type\":\"BreadcrumbList\",\"@id\":\"https:\\\/\\\/richter.ceo\\\/coxs\\\/produkt\\\/matusalem-gran-reserva-15\\\/#breadcrumb\",\"itemListElement\":[{\"@type\":\"ListItem\",\"position\":1,\"name\":\"Dom\u016f\",\"item\":\"https:\\\/\\\/richter.ceo\\\/coxs\\\/\"},{\"@type\":\"ListItem\",\"position\":2,\"name\":\"N\u00c1POJE\",\"item\":\"https:\\\/\\\/richter.ceo\\\/coxs\\\/en\\\/napoje\\\/\"},{\"@type\":\"ListItem\",\"position\":3,\"name\":\"Matusalem Gran Reserva 15\"}]},{\"@type\":\"WebSite\",\"@id\":\"https:\\\/\\\/richter.ceo\\\/coxs\\\/en\\\/#website\",\"url\":\"https:\\\/\\\/richter.ceo\\\/coxs\\\/en\\\/\",\"name\":\"COXS CLUB\",\"description\":\"Beton a Rum\",\"publisher\":{\"@id\":\"https:\\\/\\\/richter.ceo\\\/coxs\\\/en\\\/#organization\"},\"potentialAction\":[{\"@type\":\"SearchAction\",\"target\":{\"@type\":\"EntryPoint\",\"urlTemplate\":\"https:\\\/\\\/richter.ceo\\\/coxs\\\/en\\\/?s={search_term_string}\"},\"query-input\":{\"@type\":\"PropertyValueSpecification\",\"valueRequired\":true,\"valueName\":\"search_term_string\"}}],\"inLanguage\":\"cs\"},{\"@type\":\"Organization\",\"@id\":\"https:\\\/\\\/richter.ceo\\\/coxs\\\/en\\\/#organization\",\"name\":\"COXS CLUB\",\"url\":\"https:\\\/\\\/richter.ceo\\\/coxs\\\/en\\\/\",\"logo\":{\"@type\":\"ImageObject\",\"inLanguage\":\"cs\",\"@id\":\"https:\\\/\\\/richter.ceo\\\/coxs\\\/en\\\/#\\\/schema\\\/logo\\\/image\\\/\",\"url\":\"http:\\\/\\\/richter.ceo\\\/coxs\\\/wp-content\\\/uploads\\\/sites\\\/4\\\/2025\\\/05\\\/FAVICON-dark.webp\",\"contentUrl\":\"http:\\\/\\\/richter.ceo\\\/coxs\\\/wp-content\\\/uploads\\\/sites\\\/4\\\/2025\\\/05\\\/FAVICON-dark.webp\",\"width\":512,\"height\":512,\"caption\":\"COXS CLUB\"},\"image\":{\"@id\":\"https:\\\/\\\/richter.ceo\\\/coxs\\\/en\\\/#\\\/schema\\\/logo\\\/image\\\/\"},\"sameAs\":[\"https:\\\/\\\/www.facebook.com\\\/profile.php?id=100088204002615\",\"https:\\\/\\\/www.instagram.com\\\/coxs_coxs\\\/\"]}]}<\/script>\n<!-- \/ Yoast SEO plugin. -->","yoast_head_json":{"title":"Matusalem Gran Reserva 15","description":"Spole\u010dnost Matusalem zalo\u017eili na Kub\u011b brat\u0159i Benjamin a Eduardo Campovi ve spolupr\u00e1ci s p\u0159\u00edtelem Evaristem \u00c1lvarezem. Jejich my\u0161lenka vyr\u00e1b\u011bt v Santiago","robots":{"index":"index","follow":"follow","max-snippet":"max-snippet:-1","max-image-preview":"max-image-preview:large","max-video-preview":"max-video-preview:-1"},"canonical":"https:\/\/richter.ceo\/coxs\/produkt\/matusalem-gran-reserva-15\/","og_locale":"cs_CZ","og_type":"article","og_title":"Matusalem Gran Reserva 15","og_description":"Spole\u010dnost Matusalem zalo\u017eili na Kub\u011b brat\u0159i Benjamin a Eduardo Campovi ve spolupr\u00e1ci s p\u0159\u00edtelem Evaristem \u00c1lvarezem. Jejich my\u0161lenka vyr\u00e1b\u011bt v Santiago","og_url":"https:\/\/richter.ceo\/coxs\/produkt\/matusalem-gran-reserva-15\/","og_site_name":"COXS CLUB","article_publisher":"https:\/\/www.facebook.com\/profile.php?id=100088204002615","og_image":[{"width":600,"height":711,"url":"https:\/\/richter.ceo\/coxs\/wp-content\/uploads\/sites\/4\/2025\/05\/2891_matusalem_gran_reserva_15.jpg","type":"image\/jpeg"}],"twitter_card":"summary_large_image","twitter_misc":{"Odhadovan\u00e1 doba \u010dten\u00ed":"1 minuta"},"schema":{"@context":"https:\/\/schema.org","@graph":[{"@type":"WebPage","@id":"https:\/\/richter.ceo\/coxs\/produkt\/matusalem-gran-reserva-15\/","url":"https:\/\/richter.ceo\/coxs\/produkt\/matusalem-gran-reserva-15\/","name":"Matusalem Gran Reserva 15","isPartOf":{"@id":"https:\/\/richter.ceo\/coxs\/en\/#website"},"primaryImageOfPage":{"@id":"https:\/\/richter.ceo\/coxs\/produkt\/matusalem-gran-reserva-15\/#primaryimage"},"image":{"@id":"https:\/\/richter.ceo\/coxs\/produkt\/matusalem-gran-reserva-15\/#primaryimage"},"thumbnailUrl":"https:\/\/richter.ceo\/coxs\/wp-content\/uploads\/sites\/4\/2025\/05\/2891_matusalem_gran_reserva_15.jpg","datePublished":"2025-05-14T13:07:25+00:00","description":"Spole\u010dnost Matusalem zalo\u017eili na Kub\u011b brat\u0159i Benjamin a Eduardo Campovi ve spolupr\u00e1ci s p\u0159\u00edtelem Evaristem \u00c1lvarezem. Jejich my\u0161lenka vyr\u00e1b\u011bt v Santiago","breadcrumb":{"@id":"https:\/\/richter.ceo\/coxs\/produkt\/matusalem-gran-reserva-15\/#breadcrumb"},"inLanguage":"cs","potentialAction":[{"@type":"ReadAction","target":["https:\/\/richter.ceo\/coxs\/produkt\/matusalem-gran-reserva-15\/"]}]},{"@type":"ImageObject","inLanguage":"cs","@id":"https:\/\/richter.ceo\/coxs\/produkt\/matusalem-gran-reserva-15\/#primaryimage","url":"https:\/\/richter.ceo\/coxs\/wp-content\/uploads\/sites\/4\/2025\/05\/2891_matusalem_gran_reserva_15.jpg","contentUrl":"https:\/\/richter.ceo\/coxs\/wp-content\/uploads\/sites\/4\/2025\/05\/2891_matusalem_gran_reserva_15.jpg","width":600,"height":711,"caption":"COXS CLUB"},{"@type":"BreadcrumbList","@id":"https:\/\/richter.ceo\/coxs\/produkt\/matusalem-gran-reserva-15\/#breadcrumb","itemListElement":[{"@type":"ListItem","position":1,"name":"Dom\u016f","item":"https:\/\/richter.ceo\/coxs\/"},{"@type":"ListItem","position":2,"name":"N\u00c1POJE","item":"https:\/\/richter.ceo\/coxs\/en\/napoje\/"},{"@type":"ListItem","position":3,"name":"Matusalem Gran Reserva 15"}]},{"@type":"WebSite","@id":"https:\/\/richter.ceo\/coxs\/en\/#website","url":"https:\/\/richter.ceo\/coxs\/en\/","name":"COXS CLUB","description":"Beton a Rum","publisher":{"@id":"https:\/\/richter.ceo\/coxs\/en\/#organization"},"potentialAction":[{"@type":"SearchAction","target":{"@type":"EntryPoint","urlTemplate":"https:\/\/richter.ceo\/coxs\/en\/?s={search_term_string}"},"query-input":{"@type":"PropertyValueSpecification","valueRequired":true,"valueName":"search_term_string"}}],"inLanguage":"cs"},{"@type":"Organization","@id":"https:\/\/richter.ceo\/coxs\/en\/#organization","name":"COXS CLUB","url":"https:\/\/richter.ceo\/coxs\/en\/","logo":{"@type":"ImageObject","inLanguage":"cs","@id":"https:\/\/richter.ceo\/coxs\/en\/#\/schema\/logo\/image\/","url":"http:\/\/richter.ceo\/coxs\/wp-content\/uploads\/sites\/4\/2025\/05\/FAVICON-dark.webp","contentUrl":"http:\/\/richter.ceo\/coxs\/wp-content\/uploads\/sites\/4\/2025\/05\/FAVICON-dark.webp","width":512,"height":512,"caption":"COXS CLUB"},"image":{"@id":"https:\/\/richter.ceo\/coxs\/en\/#\/schema\/logo\/image\/"},"sameAs":["https:\/\/www.facebook.com\/profile.php?id=100088204002615","https:\/\/www.instagram.com\/coxs_coxs\/"]}]}},"_links":{"self":[{"href":"https:\/\/richter.ceo\/coxs\/wp-json\/wp\/v2\/product\/1320","targetHints":{"allow":["GET"]}}],"collection":[{"href":"https:\/\/richter.ceo\/coxs\/wp-json\/wp\/v2\/product"}],"about":[{"href":"https:\/\/richter.ceo\/coxs\/wp-json\/wp\/v2\/types\/product"}],"wp:featuredmedia":[{"embeddable":true,"href":"https:\/\/richter.ceo\/coxs\/wp-json\/wp\/v2\/media\/1205"}],"wp:attachment":[{"href":"https:\/\/richter.ceo\/coxs\/wp-json\/wp\/v2\/media?parent=1320"}],"wp:term":[{"taxonomy":"product_brand","embeddable":true,"href":"https:\/\/richter.ceo\/coxs\/wp-json\/wp\/v2\/product_brand?post=1320"},{"taxonomy":"product_cat","embeddable":true,"href":"https:\/\/richter.ceo\/coxs\/wp-json\/wp\/v2\/product_cat?post=1320"},{"taxonomy":"product_tag","embeddable":true,"href":"https:\/\/richter.ceo\/coxs\/wp-json\/wp\/v2\/product_tag?post=1320"}],"curies":[{"name":"wp","href":"https:\/\/api.w.org\/{rel}","templated":true}]}}