{"id":1325,"date":"2025-05-14T15:18:21","date_gmt":"2025-05-14T13:18:21","guid":{"rendered":"https:\/\/richter.ceo\/coxs\/?post_type=product&#038;p=1325"},"modified":"2025-05-14T15:18:21","modified_gmt":"2025-05-14T13:18:21","slug":"clairin-sajous-2018","status":"publish","type":"product","link":"https:\/\/richter.ceo\/coxs\/produkt\/clairin-sajous-2018\/","title":{"rendered":"Clairin Sajous 2018"},"content":{"rendered":"<div class=\"elementor-column elementor-col-50 elementor-inner-column elementor-element elementor-element-df5ea97\" data-id=\"df5ea97\" data-element_type=\"column\">\n<div class=\"elementor-widget-wrap elementor-element-populated\">\n<div class=\"elementor-element elementor-element-5f45f876 elementor-widget elementor-widget-woocommerce-product-short-description\" data-id=\"5f45f876\" data-element_type=\"widget\" data-widget_type=\"woocommerce-product-short-description.default\">\n<div class=\"elementor-widget-container\">\n<div class=\"woocommerce-product-details__short-description\">\n<p>Clairin Sajous dostal sv\u00e9 jm\u00e9no po majiteli zna\u010dky Michaeli Sajousovi, kter\u00fd spravuje malou pal\u00edrnu Chelo s\u00eddl\u00edc\u00ed 4 hodiny severn\u011b od hlavn\u00edho m\u011bsta Port-au-Prince. Michael Sajous je z\u00e1rove\u0148 master blenderem a o\u017eivil tak rodinnou historii v\u00fdroby rumu, kter\u00e1 sah\u00e1 a\u017e do roku 1960. \u010cist\u00fd p\u0159\u00edrodn\u00ed rum destilovan\u00fd kotl\u00edkovou metodou je vyroben ze star\u00e9 odr\u016fdy cukrov\u00e9 t\u0159tiny zvan\u00e9 Cristalline, ze kter\u00e9 se vyr\u00e1b\u00ed ty nejlep\u0161\u00ed rumy sv\u011bta. Po vylisov\u00e1n\u00ed se jej\u00ed \u010dist\u00e1 \u0161\u0165\u00e1va se nech\u00e1 spont\u00e1nn\u011b kvasit, co\u017e dod\u00e1v\u00e1 tomuto clairinu nezam\u011bniteln\u00e9 aroma. To se nese v duchu haitsk\u00e9 cukrov\u00e9 t\u0159tiny, citrus\u016f a stopy l\u00e9ko\u0159ice. P\u0159\u00edrodn\u00ed \u010dist\u00e1 chu\u0165, kterou si vychutnaj\u00ed milovn\u00edci agricole rum\u016f, je velmi sv\u011b\u017e\u00ed s citrusov\u00fdm n\u00e1dechem a kv\u011btinami.<\/p>\n<\/div>\n<\/div>\n<\/div>\n<\/div>\n<\/div>\n","protected":false},"excerpt":{"rendered":"<p>Clairin Sajous dostal sv\u00e9 jm\u00e9no po majiteli zna\u010dky Michaeli Sajousovi, kter\u00fd spravuje malou pal\u00edrnu Chelo s\u00eddl\u00edc\u00ed 4 hodiny severn\u011b od hlavn\u00edho m\u011bsta Port-au-Prince. Michael Sajous je z\u00e1rove\u0148 master blenderem a o\u017eivil tak rodinnou historii v\u00fdroby rumu, kter\u00e1 sah\u00e1 a\u017e do roku 1960. \u010cist\u00fd p\u0159\u00edrodn\u00ed rum destilovan\u00fd kotl\u00edkovou metodou je vyroben ze star\u00e9 odr\u016fdy cukrov\u00e9 t\u0159tiny [&hellip;]<\/p>\n","protected":false},"featured_media":1223,"template":"","meta":{"_acf_changed":false},"product_brand":[187],"product_cat":[117],"product_tag":[],"class_list":{"0":"post-1325","1":"product","2":"type-product","3":"status-publish","4":"has-post-thumbnail","6":"product_brand-clairin","7":"product_cat-rum","8":"pa_cena-za-004-l","9":"pa_obsah-alkoholu-188","10":"pa_zeme-haiti","12":"first","13":"instock","14":"shipping-taxable","15":"purchasable","16":"product-type-simple"},"acf":[],"yoast_head":"<!-- This site is optimized with the Yoast SEO plugin v27.5 - https:\/\/yoast.com\/product\/yoast-seo-wordpress\/ -->\n<title>Clairin Sajous 2018<\/title>\n<meta name=\"description\" content=\"Clairin Sajous dostal sv\u00e9 jm\u00e9no po majiteli zna\u010dky Michaeli Sajousovi, kter\u00fd spravuje malou pal\u00edrnu Chelo s\u00eddl\u00edc\u00ed 4 hodiny severn\u011b od hlavn\u00edho m\u011bsta\" \/>\n<meta name=\"robots\" content=\"index, follow, max-snippet:-1, max-image-preview:large, max-video-preview:-1\" \/>\n<link rel=\"canonical\" href=\"https:\/\/richter.ceo\/coxs\/produkt\/clairin-sajous-2018\/\" \/>\n<meta property=\"og:locale\" content=\"cs_CZ\" \/>\n<meta property=\"og:type\" content=\"article\" \/>\n<meta property=\"og:title\" content=\"Clairin Sajous 2018\" \/>\n<meta property=\"og:description\" content=\"Clairin Sajous dostal sv\u00e9 jm\u00e9no po majiteli zna\u010dky Michaeli Sajousovi, kter\u00fd spravuje malou pal\u00edrnu Chelo s\u00eddl\u00edc\u00ed 4 hodiny severn\u011b od hlavn\u00edho m\u011bsta\" \/>\n<meta property=\"og:url\" content=\"https:\/\/richter.ceo\/coxs\/produkt\/clairin-sajous-2018\/\" \/>\n<meta property=\"og:site_name\" content=\"COXS CLUB\" \/>\n<meta property=\"article:publisher\" content=\"https:\/\/www.facebook.com\/profile.php?id=100088204002615\" \/>\n<meta property=\"og:image\" content=\"https:\/\/richter.ceo\/coxs\/wp-content\/uploads\/sites\/4\/2025\/05\/3280_clairin_sajous_2018.jpg\" \/>\n\t<meta property=\"og:image:width\" content=\"600\" \/>\n\t<meta property=\"og:image:height\" content=\"711\" \/>\n\t<meta property=\"og:image:type\" content=\"image\/jpeg\" \/>\n<meta name=\"twitter:card\" content=\"summary_large_image\" \/>\n<meta name=\"twitter:label1\" content=\"Odhadovan\u00e1 doba \u010dten\u00ed\" \/>\n\t<meta name=\"twitter:data1\" content=\"1 minuta\" \/>\n<script type=\"application\/ld+json\" class=\"yoast-schema-graph\">{\"@context\":\"https:\\\/\\\/schema.org\",\"@graph\":[{\"@type\":\"WebPage\",\"@id\":\"https:\\\/\\\/richter.ceo\\\/coxs\\\/produkt\\\/clairin-sajous-2018\\\/\",\"url\":\"https:\\\/\\\/richter.ceo\\\/coxs\\\/produkt\\\/clairin-sajous-2018\\\/\",\"name\":\"Clairin Sajous 2018\",\"isPartOf\":{\"@id\":\"https:\\\/\\\/richter.ceo\\\/coxs\\\/en\\\/#website\"},\"primaryImageOfPage\":{\"@id\":\"https:\\\/\\\/richter.ceo\\\/coxs\\\/produkt\\\/clairin-sajous-2018\\\/#primaryimage\"},\"image\":{\"@id\":\"https:\\\/\\\/richter.ceo\\\/coxs\\\/produkt\\\/clairin-sajous-2018\\\/#primaryimage\"},\"thumbnailUrl\":\"https:\\\/\\\/richter.ceo\\\/coxs\\\/wp-content\\\/uploads\\\/sites\\\/4\\\/2025\\\/05\\\/3280_clairin_sajous_2018.jpg\",\"datePublished\":\"2025-05-14T13:18:21+00:00\",\"description\":\"Clairin Sajous dostal sv\u00e9 jm\u00e9no po majiteli zna\u010dky Michaeli Sajousovi, kter\u00fd spravuje malou pal\u00edrnu Chelo s\u00eddl\u00edc\u00ed 4 hodiny severn\u011b od hlavn\u00edho m\u011bsta\",\"breadcrumb\":{\"@id\":\"https:\\\/\\\/richter.ceo\\\/coxs\\\/produkt\\\/clairin-sajous-2018\\\/#breadcrumb\"},\"inLanguage\":\"cs\",\"potentialAction\":[{\"@type\":\"ReadAction\",\"target\":[\"https:\\\/\\\/richter.ceo\\\/coxs\\\/produkt\\\/clairin-sajous-2018\\\/\"]}]},{\"@type\":\"ImageObject\",\"inLanguage\":\"cs\",\"@id\":\"https:\\\/\\\/richter.ceo\\\/coxs\\\/produkt\\\/clairin-sajous-2018\\\/#primaryimage\",\"url\":\"https:\\\/\\\/richter.ceo\\\/coxs\\\/wp-content\\\/uploads\\\/sites\\\/4\\\/2025\\\/05\\\/3280_clairin_sajous_2018.jpg\",\"contentUrl\":\"https:\\\/\\\/richter.ceo\\\/coxs\\\/wp-content\\\/uploads\\\/sites\\\/4\\\/2025\\\/05\\\/3280_clairin_sajous_2018.jpg\",\"width\":600,\"height\":711,\"caption\":\"COXS CLUB\"},{\"@type\":\"BreadcrumbList\",\"@id\":\"https:\\\/\\\/richter.ceo\\\/coxs\\\/produkt\\\/clairin-sajous-2018\\\/#breadcrumb\",\"itemListElement\":[{\"@type\":\"ListItem\",\"position\":1,\"name\":\"Dom\u016f\",\"item\":\"https:\\\/\\\/richter.ceo\\\/coxs\\\/\"},{\"@type\":\"ListItem\",\"position\":2,\"name\":\"N\u00c1POJE\",\"item\":\"https:\\\/\\\/richter.ceo\\\/coxs\\\/en\\\/napoje\\\/\"},{\"@type\":\"ListItem\",\"position\":3,\"name\":\"Clairin Sajous 2018\"}]},{\"@type\":\"WebSite\",\"@id\":\"https:\\\/\\\/richter.ceo\\\/coxs\\\/en\\\/#website\",\"url\":\"https:\\\/\\\/richter.ceo\\\/coxs\\\/en\\\/\",\"name\":\"COXS CLUB\",\"description\":\"Beton a Rum\",\"publisher\":{\"@id\":\"https:\\\/\\\/richter.ceo\\\/coxs\\\/en\\\/#organization\"},\"potentialAction\":[{\"@type\":\"SearchAction\",\"target\":{\"@type\":\"EntryPoint\",\"urlTemplate\":\"https:\\\/\\\/richter.ceo\\\/coxs\\\/en\\\/?s={search_term_string}\"},\"query-input\":{\"@type\":\"PropertyValueSpecification\",\"valueRequired\":true,\"valueName\":\"search_term_string\"}}],\"inLanguage\":\"cs\"},{\"@type\":\"Organization\",\"@id\":\"https:\\\/\\\/richter.ceo\\\/coxs\\\/en\\\/#organization\",\"name\":\"COXS CLUB\",\"url\":\"https:\\\/\\\/richter.ceo\\\/coxs\\\/en\\\/\",\"logo\":{\"@type\":\"ImageObject\",\"inLanguage\":\"cs\",\"@id\":\"https:\\\/\\\/richter.ceo\\\/coxs\\\/en\\\/#\\\/schema\\\/logo\\\/image\\\/\",\"url\":\"http:\\\/\\\/richter.ceo\\\/coxs\\\/wp-content\\\/uploads\\\/sites\\\/4\\\/2025\\\/05\\\/FAVICON-dark.webp\",\"contentUrl\":\"http:\\\/\\\/richter.ceo\\\/coxs\\\/wp-content\\\/uploads\\\/sites\\\/4\\\/2025\\\/05\\\/FAVICON-dark.webp\",\"width\":512,\"height\":512,\"caption\":\"COXS CLUB\"},\"image\":{\"@id\":\"https:\\\/\\\/richter.ceo\\\/coxs\\\/en\\\/#\\\/schema\\\/logo\\\/image\\\/\"},\"sameAs\":[\"https:\\\/\\\/www.facebook.com\\\/profile.php?id=100088204002615\",\"https:\\\/\\\/www.instagram.com\\\/coxs_coxs\\\/\"]}]}<\/script>\n<!-- \/ Yoast SEO plugin. -->","yoast_head_json":{"title":"Clairin Sajous 2018","description":"Clairin Sajous dostal sv\u00e9 jm\u00e9no po majiteli zna\u010dky Michaeli Sajousovi, kter\u00fd spravuje malou pal\u00edrnu Chelo s\u00eddl\u00edc\u00ed 4 hodiny severn\u011b od hlavn\u00edho m\u011bsta","robots":{"index":"index","follow":"follow","max-snippet":"max-snippet:-1","max-image-preview":"max-image-preview:large","max-video-preview":"max-video-preview:-1"},"canonical":"https:\/\/richter.ceo\/coxs\/produkt\/clairin-sajous-2018\/","og_locale":"cs_CZ","og_type":"article","og_title":"Clairin Sajous 2018","og_description":"Clairin Sajous dostal sv\u00e9 jm\u00e9no po majiteli zna\u010dky Michaeli Sajousovi, kter\u00fd spravuje malou pal\u00edrnu Chelo s\u00eddl\u00edc\u00ed 4 hodiny severn\u011b od hlavn\u00edho m\u011bsta","og_url":"https:\/\/richter.ceo\/coxs\/produkt\/clairin-sajous-2018\/","og_site_name":"COXS CLUB","article_publisher":"https:\/\/www.facebook.com\/profile.php?id=100088204002615","og_image":[{"width":600,"height":711,"url":"https:\/\/richter.ceo\/coxs\/wp-content\/uploads\/sites\/4\/2025\/05\/3280_clairin_sajous_2018.jpg","type":"image\/jpeg"}],"twitter_card":"summary_large_image","twitter_misc":{"Odhadovan\u00e1 doba \u010dten\u00ed":"1 minuta"},"schema":{"@context":"https:\/\/schema.org","@graph":[{"@type":"WebPage","@id":"https:\/\/richter.ceo\/coxs\/produkt\/clairin-sajous-2018\/","url":"https:\/\/richter.ceo\/coxs\/produkt\/clairin-sajous-2018\/","name":"Clairin Sajous 2018","isPartOf":{"@id":"https:\/\/richter.ceo\/coxs\/en\/#website"},"primaryImageOfPage":{"@id":"https:\/\/richter.ceo\/coxs\/produkt\/clairin-sajous-2018\/#primaryimage"},"image":{"@id":"https:\/\/richter.ceo\/coxs\/produkt\/clairin-sajous-2018\/#primaryimage"},"thumbnailUrl":"https:\/\/richter.ceo\/coxs\/wp-content\/uploads\/sites\/4\/2025\/05\/3280_clairin_sajous_2018.jpg","datePublished":"2025-05-14T13:18:21+00:00","description":"Clairin Sajous dostal sv\u00e9 jm\u00e9no po majiteli zna\u010dky Michaeli Sajousovi, kter\u00fd spravuje malou pal\u00edrnu Chelo s\u00eddl\u00edc\u00ed 4 hodiny severn\u011b od hlavn\u00edho m\u011bsta","breadcrumb":{"@id":"https:\/\/richter.ceo\/coxs\/produkt\/clairin-sajous-2018\/#breadcrumb"},"inLanguage":"cs","potentialAction":[{"@type":"ReadAction","target":["https:\/\/richter.ceo\/coxs\/produkt\/clairin-sajous-2018\/"]}]},{"@type":"ImageObject","inLanguage":"cs","@id":"https:\/\/richter.ceo\/coxs\/produkt\/clairin-sajous-2018\/#primaryimage","url":"https:\/\/richter.ceo\/coxs\/wp-content\/uploads\/sites\/4\/2025\/05\/3280_clairin_sajous_2018.jpg","contentUrl":"https:\/\/richter.ceo\/coxs\/wp-content\/uploads\/sites\/4\/2025\/05\/3280_clairin_sajous_2018.jpg","width":600,"height":711,"caption":"COXS CLUB"},{"@type":"BreadcrumbList","@id":"https:\/\/richter.ceo\/coxs\/produkt\/clairin-sajous-2018\/#breadcrumb","itemListElement":[{"@type":"ListItem","position":1,"name":"Dom\u016f","item":"https:\/\/richter.ceo\/coxs\/"},{"@type":"ListItem","position":2,"name":"N\u00c1POJE","item":"https:\/\/richter.ceo\/coxs\/en\/napoje\/"},{"@type":"ListItem","position":3,"name":"Clairin Sajous 2018"}]},{"@type":"WebSite","@id":"https:\/\/richter.ceo\/coxs\/en\/#website","url":"https:\/\/richter.ceo\/coxs\/en\/","name":"COXS CLUB","description":"Beton a Rum","publisher":{"@id":"https:\/\/richter.ceo\/coxs\/en\/#organization"},"potentialAction":[{"@type":"SearchAction","target":{"@type":"EntryPoint","urlTemplate":"https:\/\/richter.ceo\/coxs\/en\/?s={search_term_string}"},"query-input":{"@type":"PropertyValueSpecification","valueRequired":true,"valueName":"search_term_string"}}],"inLanguage":"cs"},{"@type":"Organization","@id":"https:\/\/richter.ceo\/coxs\/en\/#organization","name":"COXS CLUB","url":"https:\/\/richter.ceo\/coxs\/en\/","logo":{"@type":"ImageObject","inLanguage":"cs","@id":"https:\/\/richter.ceo\/coxs\/en\/#\/schema\/logo\/image\/","url":"http:\/\/richter.ceo\/coxs\/wp-content\/uploads\/sites\/4\/2025\/05\/FAVICON-dark.webp","contentUrl":"http:\/\/richter.ceo\/coxs\/wp-content\/uploads\/sites\/4\/2025\/05\/FAVICON-dark.webp","width":512,"height":512,"caption":"COXS CLUB"},"image":{"@id":"https:\/\/richter.ceo\/coxs\/en\/#\/schema\/logo\/image\/"},"sameAs":["https:\/\/www.facebook.com\/profile.php?id=100088204002615","https:\/\/www.instagram.com\/coxs_coxs\/"]}]}},"_links":{"self":[{"href":"https:\/\/richter.ceo\/coxs\/wp-json\/wp\/v2\/product\/1325","targetHints":{"allow":["GET"]}}],"collection":[{"href":"https:\/\/richter.ceo\/coxs\/wp-json\/wp\/v2\/product"}],"about":[{"href":"https:\/\/richter.ceo\/coxs\/wp-json\/wp\/v2\/types\/product"}],"wp:featuredmedia":[{"embeddable":true,"href":"https:\/\/richter.ceo\/coxs\/wp-json\/wp\/v2\/media\/1223"}],"wp:attachment":[{"href":"https:\/\/richter.ceo\/coxs\/wp-json\/wp\/v2\/media?parent=1325"}],"wp:term":[{"taxonomy":"product_brand","embeddable":true,"href":"https:\/\/richter.ceo\/coxs\/wp-json\/wp\/v2\/product_brand?post=1325"},{"taxonomy":"product_cat","embeddable":true,"href":"https:\/\/richter.ceo\/coxs\/wp-json\/wp\/v2\/product_cat?post=1325"},{"taxonomy":"product_tag","embeddable":true,"href":"https:\/\/richter.ceo\/coxs\/wp-json\/wp\/v2\/product_tag?post=1325"}],"curies":[{"name":"wp","href":"https:\/\/api.w.org\/{rel}","templated":true}]}}