{"id":1337,"date":"2025-05-14T15:45:21","date_gmt":"2025-05-14T13:45:21","guid":{"rendered":"https:\/\/richter.ceo\/coxs\/?post_type=product&#038;p=1337"},"modified":"2025-05-14T15:45:21","modified_gmt":"2025-05-14T13:45:21","slug":"diplomatico-mantuano","status":"publish","type":"product","link":"https:\/\/richter.ceo\/coxs\/produkt\/diplomatico-mantuano\/","title":{"rendered":"Diplom\u00e1tico Mantuano"},"content":{"rendered":"<p>N\u00e1zev Mantuano se d\u00e1 p\u0159elo\u017eit jako \u201em\u00edstn\u00ed vzne\u0161en\u00fd mu\u017e\u201c. P\u0159esn\u011b takov\u00fd byl Don Juancho, aristokrat, kter\u00fd se odd\u00e1val sv\u00e9 v\u00e1\u0161ni pro cestov\u00e1n\u00ed a objevov\u00e1n\u00ed nov\u00fdch destil\u00e1t\u016f, p\u0159edev\u0161\u00edm pak rumu. Jeho portr\u00e9t zdob\u00ed etikety cel\u00e9 tradi\u010dn\u00ed \u0159ady rum\u016f Diplom\u00e1tico, Mantuano nevyj\u00edmaje.<\/p>\n<p>&nbsp;<\/p>\n<div class=\"elementor-column elementor-col-50 elementor-inner-column elementor-element elementor-element-df5ea97\" data-id=\"df5ea97\" data-element_type=\"column\">\n<div class=\"elementor-widget-wrap elementor-element-populated\">\n<div class=\"elementor-element elementor-element-5f45f876 elementor-widget elementor-widget-woocommerce-product-short-description\" data-id=\"5f45f876\" data-element_type=\"widget\" data-widget_type=\"woocommerce-product-short-description.default\">\n<div class=\"elementor-widget-container\">\n<div class=\"woocommerce-product-details__short-description\">\n<p>Diplom\u00e1tico Mantuano je mimo\u0159\u00e1dn\u011b vyv\u00e1\u017een\u00fd rum s komplexn\u00edm chu\u0165ov\u00fdm profilem, kter\u00fd se vyzna\u010duje t\u00f3ny su\u0161en\u00e9ho ovoce, d\u0159eva a vanilky. Jde o v\u00fdjime\u010dnou sm\u011bs lehk\u00fdch a t\u011b\u017ek\u00fdch rum\u016f a\u017e 8 let star\u00fdch, kter\u00e9 zr\u00e1ly v sudech po bourbonu a sladov\u00e9 whisky. Je ide\u00e1ln\u00ed pro pou\u017eit\u00ed v koktejlech. Zaujme ale i ty, kte\u0159\u00ed preferuj\u00ed rum \u010dist\u00fd.<\/p>\n<\/div>\n<\/div>\n<\/div>\n<\/div>\n<\/div>\n","protected":false},"excerpt":{"rendered":"<p>N\u00e1zev Mantuano se d\u00e1 p\u0159elo\u017eit jako \u201em\u00edstn\u00ed vzne\u0161en\u00fd mu\u017e\u201c. P\u0159esn\u011b takov\u00fd byl Don Juancho, aristokrat, kter\u00fd se odd\u00e1val sv\u00e9 v\u00e1\u0161ni pro cestov\u00e1n\u00ed a objevov\u00e1n\u00ed nov\u00fdch destil\u00e1t\u016f, p\u0159edev\u0161\u00edm pak rumu. Jeho portr\u00e9t zdob\u00ed etikety cel\u00e9 tradi\u010dn\u00ed \u0159ady rum\u016f Diplom\u00e1tico, Mantuano nevyj\u00edmaje. &nbsp; Diplom\u00e1tico Mantuano je mimo\u0159\u00e1dn\u011b vyv\u00e1\u017een\u00fd rum s komplexn\u00edm chu\u0165ov\u00fdm profilem, kter\u00fd se vyzna\u010duje t\u00f3ny [&hellip;]<\/p>\n","protected":false},"featured_media":1200,"template":"","meta":{"_acf_changed":false},"product_brand":[197],"product_cat":[117],"product_tag":[],"class_list":{"0":"post-1337","1":"product","2":"type-product","3":"status-publish","4":"has-post-thumbnail","6":"product_brand-diplomatico","7":"product_cat-rum","8":"pa_cena-za-004-l","9":"pa_obsah-alkoholu-21","10":"pa_zeme-venezuela","12":"first","13":"instock","14":"shipping-taxable","15":"purchasable","16":"product-type-simple"},"acf":[],"yoast_head":"<!-- This site is optimized with the Yoast SEO plugin v27.5 - https:\/\/yoast.com\/product\/yoast-seo-wordpress\/ -->\n<title>Diplom\u00e1tico Mantuano<\/title>\n<meta name=\"description\" content=\"N\u00e1zev Mantuano se d\u00e1 p\u0159elo\u017eit jako \u201em\u00edstn\u00ed vzne\u0161en\u00fd mu\u017e\u201c. P\u0159esn\u011b takov\u00fd byl Don Juancho, aristokrat, kter\u00fd se odd\u00e1val sv\u00e9 v\u00e1\u0161ni pro cestov\u00e1n\u00ed a objevov\u00e1n\u00ed\" \/>\n<meta name=\"robots\" content=\"index, follow, max-snippet:-1, max-image-preview:large, max-video-preview:-1\" \/>\n<link rel=\"canonical\" href=\"https:\/\/richter.ceo\/coxs\/product\/diplomatico-mantuano\/\" \/>\n<meta property=\"og:locale\" content=\"cs_CZ\" \/>\n<meta property=\"og:type\" content=\"article\" \/>\n<meta property=\"og:title\" content=\"Diplom\u00e1tico Mantuano\" \/>\n<meta property=\"og:description\" content=\"N\u00e1zev Mantuano se d\u00e1 p\u0159elo\u017eit jako \u201em\u00edstn\u00ed vzne\u0161en\u00fd mu\u017e\u201c. P\u0159esn\u011b takov\u00fd byl Don Juancho, aristokrat, kter\u00fd se odd\u00e1val sv\u00e9 v\u00e1\u0161ni pro cestov\u00e1n\u00ed a objevov\u00e1n\u00ed\" \/>\n<meta property=\"og:url\" content=\"https:\/\/richter.ceo\/coxs\/product\/diplomatico-mantuano\/\" \/>\n<meta property=\"og:site_name\" content=\"COXS CLUB\" \/>\n<meta property=\"article:publisher\" content=\"https:\/\/www.facebook.com\/profile.php?id=100088204002615\" \/>\n<meta property=\"og:image\" content=\"https:\/\/richter.ceo\/coxs\/wp-content\/uploads\/sites\/4\/2025\/05\/2853_diplomatico_mantuano_tuba-864x1024-1.jpg\" \/>\n\t<meta property=\"og:image:width\" content=\"864\" \/>\n\t<meta property=\"og:image:height\" content=\"1024\" \/>\n\t<meta property=\"og:image:type\" content=\"image\/jpeg\" \/>\n<meta name=\"twitter:card\" content=\"summary_large_image\" \/>\n<meta name=\"twitter:label1\" content=\"Odhadovan\u00e1 doba \u010dten\u00ed\" \/>\n\t<meta name=\"twitter:data1\" content=\"1 minuta\" \/>\n<script type=\"application\/ld+json\" class=\"yoast-schema-graph\">{\"@context\":\"https:\\\/\\\/schema.org\",\"@graph\":[{\"@type\":\"WebPage\",\"@id\":\"https:\\\/\\\/richter.ceo\\\/coxs\\\/en\\\/product\\\/diplomatico-mantuano\\\/\",\"url\":\"https:\\\/\\\/richter.ceo\\\/coxs\\\/en\\\/product\\\/diplomatico-mantuano\\\/\",\"name\":\"Diplom\u00e1tico Mantuano\",\"isPartOf\":{\"@id\":\"https:\\\/\\\/richter.ceo\\\/coxs\\\/en\\\/#website\"},\"primaryImageOfPage\":{\"@id\":\"https:\\\/\\\/richter.ceo\\\/coxs\\\/en\\\/product\\\/diplomatico-mantuano\\\/#primaryimage\"},\"image\":{\"@id\":\"https:\\\/\\\/richter.ceo\\\/coxs\\\/en\\\/product\\\/diplomatico-mantuano\\\/#primaryimage\"},\"thumbnailUrl\":\"https:\\\/\\\/richter.ceo\\\/coxs\\\/wp-content\\\/uploads\\\/sites\\\/4\\\/2025\\\/05\\\/2853_diplomatico_mantuano_tuba-864x1024-1.jpg\",\"datePublished\":\"2025-05-14T13:45:21+00:00\",\"description\":\"N\u00e1zev Mantuano se d\u00e1 p\u0159elo\u017eit jako \u201em\u00edstn\u00ed vzne\u0161en\u00fd mu\u017e\u201c. P\u0159esn\u011b takov\u00fd byl Don Juancho, aristokrat, kter\u00fd se odd\u00e1val sv\u00e9 v\u00e1\u0161ni pro cestov\u00e1n\u00ed a objevov\u00e1n\u00ed\",\"breadcrumb\":{\"@id\":\"https:\\\/\\\/richter.ceo\\\/coxs\\\/en\\\/product\\\/diplomatico-mantuano\\\/#breadcrumb\"},\"inLanguage\":\"cs\",\"potentialAction\":[{\"@type\":\"ReadAction\",\"target\":[\"https:\\\/\\\/richter.ceo\\\/coxs\\\/en\\\/product\\\/diplomatico-mantuano\\\/\"]}]},{\"@type\":\"ImageObject\",\"inLanguage\":\"cs\",\"@id\":\"https:\\\/\\\/richter.ceo\\\/coxs\\\/en\\\/product\\\/diplomatico-mantuano\\\/#primaryimage\",\"url\":\"https:\\\/\\\/richter.ceo\\\/coxs\\\/wp-content\\\/uploads\\\/sites\\\/4\\\/2025\\\/05\\\/2853_diplomatico_mantuano_tuba-864x1024-1.jpg\",\"contentUrl\":\"https:\\\/\\\/richter.ceo\\\/coxs\\\/wp-content\\\/uploads\\\/sites\\\/4\\\/2025\\\/05\\\/2853_diplomatico_mantuano_tuba-864x1024-1.jpg\",\"width\":864,\"height\":1024,\"caption\":\"COXS CLUB\"},{\"@type\":\"BreadcrumbList\",\"@id\":\"https:\\\/\\\/richter.ceo\\\/coxs\\\/en\\\/product\\\/diplomatico-mantuano\\\/#breadcrumb\",\"itemListElement\":[{\"@type\":\"ListItem\",\"position\":1,\"name\":\"Dom\u016f\",\"item\":\"https:\\\/\\\/richter.ceo\\\/coxs\\\/\"},{\"@type\":\"ListItem\",\"position\":2,\"name\":\"N\u00c1POJE\",\"item\":\"https:\\\/\\\/richter.ceo\\\/coxs\\\/en\\\/napoje\\\/\"},{\"@type\":\"ListItem\",\"position\":3,\"name\":\"Diplom\u00e1tico Mantuano\"}]},{\"@type\":\"WebSite\",\"@id\":\"https:\\\/\\\/richter.ceo\\\/coxs\\\/en\\\/#website\",\"url\":\"https:\\\/\\\/richter.ceo\\\/coxs\\\/en\\\/\",\"name\":\"COXS CLUB\",\"description\":\"Beton a Rum\",\"publisher\":{\"@id\":\"https:\\\/\\\/richter.ceo\\\/coxs\\\/en\\\/#organization\"},\"potentialAction\":[{\"@type\":\"SearchAction\",\"target\":{\"@type\":\"EntryPoint\",\"urlTemplate\":\"https:\\\/\\\/richter.ceo\\\/coxs\\\/en\\\/?s={search_term_string}\"},\"query-input\":{\"@type\":\"PropertyValueSpecification\",\"valueRequired\":true,\"valueName\":\"search_term_string\"}}],\"inLanguage\":\"cs\"},{\"@type\":\"Organization\",\"@id\":\"https:\\\/\\\/richter.ceo\\\/coxs\\\/en\\\/#organization\",\"name\":\"COXS CLUB\",\"url\":\"https:\\\/\\\/richter.ceo\\\/coxs\\\/en\\\/\",\"logo\":{\"@type\":\"ImageObject\",\"inLanguage\":\"cs\",\"@id\":\"https:\\\/\\\/richter.ceo\\\/coxs\\\/en\\\/#\\\/schema\\\/logo\\\/image\\\/\",\"url\":\"http:\\\/\\\/richter.ceo\\\/coxs\\\/wp-content\\\/uploads\\\/sites\\\/4\\\/2025\\\/05\\\/FAVICON-dark.webp\",\"contentUrl\":\"http:\\\/\\\/richter.ceo\\\/coxs\\\/wp-content\\\/uploads\\\/sites\\\/4\\\/2025\\\/05\\\/FAVICON-dark.webp\",\"width\":512,\"height\":512,\"caption\":\"COXS CLUB\"},\"image\":{\"@id\":\"https:\\\/\\\/richter.ceo\\\/coxs\\\/en\\\/#\\\/schema\\\/logo\\\/image\\\/\"},\"sameAs\":[\"https:\\\/\\\/www.facebook.com\\\/profile.php?id=100088204002615\",\"https:\\\/\\\/www.instagram.com\\\/coxs_coxs\\\/\"]}]}<\/script>\n<!-- \/ Yoast SEO plugin. -->","yoast_head_json":{"title":"Diplom\u00e1tico Mantuano","description":"N\u00e1zev Mantuano se d\u00e1 p\u0159elo\u017eit jako \u201em\u00edstn\u00ed vzne\u0161en\u00fd mu\u017e\u201c. P\u0159esn\u011b takov\u00fd byl Don Juancho, aristokrat, kter\u00fd se odd\u00e1val sv\u00e9 v\u00e1\u0161ni pro cestov\u00e1n\u00ed a objevov\u00e1n\u00ed","robots":{"index":"index","follow":"follow","max-snippet":"max-snippet:-1","max-image-preview":"max-image-preview:large","max-video-preview":"max-video-preview:-1"},"canonical":"https:\/\/richter.ceo\/coxs\/product\/diplomatico-mantuano\/","og_locale":"cs_CZ","og_type":"article","og_title":"Diplom\u00e1tico Mantuano","og_description":"N\u00e1zev Mantuano se d\u00e1 p\u0159elo\u017eit jako \u201em\u00edstn\u00ed vzne\u0161en\u00fd mu\u017e\u201c. P\u0159esn\u011b takov\u00fd byl Don Juancho, aristokrat, kter\u00fd se odd\u00e1val sv\u00e9 v\u00e1\u0161ni pro cestov\u00e1n\u00ed a objevov\u00e1n\u00ed","og_url":"https:\/\/richter.ceo\/coxs\/product\/diplomatico-mantuano\/","og_site_name":"COXS CLUB","article_publisher":"https:\/\/www.facebook.com\/profile.php?id=100088204002615","og_image":[{"width":864,"height":1024,"url":"https:\/\/richter.ceo\/coxs\/wp-content\/uploads\/sites\/4\/2025\/05\/2853_diplomatico_mantuano_tuba-864x1024-1.jpg","type":"image\/jpeg"}],"twitter_card":"summary_large_image","twitter_misc":{"Odhadovan\u00e1 doba \u010dten\u00ed":"1 minuta"},"schema":{"@context":"https:\/\/schema.org","@graph":[{"@type":"WebPage","@id":"https:\/\/richter.ceo\/coxs\/en\/product\/diplomatico-mantuano\/","url":"https:\/\/richter.ceo\/coxs\/en\/product\/diplomatico-mantuano\/","name":"Diplom\u00e1tico Mantuano","isPartOf":{"@id":"https:\/\/richter.ceo\/coxs\/en\/#website"},"primaryImageOfPage":{"@id":"https:\/\/richter.ceo\/coxs\/en\/product\/diplomatico-mantuano\/#primaryimage"},"image":{"@id":"https:\/\/richter.ceo\/coxs\/en\/product\/diplomatico-mantuano\/#primaryimage"},"thumbnailUrl":"https:\/\/richter.ceo\/coxs\/wp-content\/uploads\/sites\/4\/2025\/05\/2853_diplomatico_mantuano_tuba-864x1024-1.jpg","datePublished":"2025-05-14T13:45:21+00:00","description":"N\u00e1zev Mantuano se d\u00e1 p\u0159elo\u017eit jako \u201em\u00edstn\u00ed vzne\u0161en\u00fd mu\u017e\u201c. P\u0159esn\u011b takov\u00fd byl Don Juancho, aristokrat, kter\u00fd se odd\u00e1val sv\u00e9 v\u00e1\u0161ni pro cestov\u00e1n\u00ed a objevov\u00e1n\u00ed","breadcrumb":{"@id":"https:\/\/richter.ceo\/coxs\/en\/product\/diplomatico-mantuano\/#breadcrumb"},"inLanguage":"cs","potentialAction":[{"@type":"ReadAction","target":["https:\/\/richter.ceo\/coxs\/en\/product\/diplomatico-mantuano\/"]}]},{"@type":"ImageObject","inLanguage":"cs","@id":"https:\/\/richter.ceo\/coxs\/en\/product\/diplomatico-mantuano\/#primaryimage","url":"https:\/\/richter.ceo\/coxs\/wp-content\/uploads\/sites\/4\/2025\/05\/2853_diplomatico_mantuano_tuba-864x1024-1.jpg","contentUrl":"https:\/\/richter.ceo\/coxs\/wp-content\/uploads\/sites\/4\/2025\/05\/2853_diplomatico_mantuano_tuba-864x1024-1.jpg","width":864,"height":1024,"caption":"COXS CLUB"},{"@type":"BreadcrumbList","@id":"https:\/\/richter.ceo\/coxs\/en\/product\/diplomatico-mantuano\/#breadcrumb","itemListElement":[{"@type":"ListItem","position":1,"name":"Dom\u016f","item":"https:\/\/richter.ceo\/coxs\/"},{"@type":"ListItem","position":2,"name":"N\u00c1POJE","item":"https:\/\/richter.ceo\/coxs\/en\/napoje\/"},{"@type":"ListItem","position":3,"name":"Diplom\u00e1tico Mantuano"}]},{"@type":"WebSite","@id":"https:\/\/richter.ceo\/coxs\/en\/#website","url":"https:\/\/richter.ceo\/coxs\/en\/","name":"COXS CLUB","description":"Beton a Rum","publisher":{"@id":"https:\/\/richter.ceo\/coxs\/en\/#organization"},"potentialAction":[{"@type":"SearchAction","target":{"@type":"EntryPoint","urlTemplate":"https:\/\/richter.ceo\/coxs\/en\/?s={search_term_string}"},"query-input":{"@type":"PropertyValueSpecification","valueRequired":true,"valueName":"search_term_string"}}],"inLanguage":"cs"},{"@type":"Organization","@id":"https:\/\/richter.ceo\/coxs\/en\/#organization","name":"COXS CLUB","url":"https:\/\/richter.ceo\/coxs\/en\/","logo":{"@type":"ImageObject","inLanguage":"cs","@id":"https:\/\/richter.ceo\/coxs\/en\/#\/schema\/logo\/image\/","url":"http:\/\/richter.ceo\/coxs\/wp-content\/uploads\/sites\/4\/2025\/05\/FAVICON-dark.webp","contentUrl":"http:\/\/richter.ceo\/coxs\/wp-content\/uploads\/sites\/4\/2025\/05\/FAVICON-dark.webp","width":512,"height":512,"caption":"COXS CLUB"},"image":{"@id":"https:\/\/richter.ceo\/coxs\/en\/#\/schema\/logo\/image\/"},"sameAs":["https:\/\/www.facebook.com\/profile.php?id=100088204002615","https:\/\/www.instagram.com\/coxs_coxs\/"]}]}},"_links":{"self":[{"href":"https:\/\/richter.ceo\/coxs\/wp-json\/wp\/v2\/product\/1337","targetHints":{"allow":["GET"]}}],"collection":[{"href":"https:\/\/richter.ceo\/coxs\/wp-json\/wp\/v2\/product"}],"about":[{"href":"https:\/\/richter.ceo\/coxs\/wp-json\/wp\/v2\/types\/product"}],"wp:featuredmedia":[{"embeddable":true,"href":"https:\/\/richter.ceo\/coxs\/wp-json\/wp\/v2\/media\/1200"}],"wp:attachment":[{"href":"https:\/\/richter.ceo\/coxs\/wp-json\/wp\/v2\/media?parent=1337"}],"wp:term":[{"taxonomy":"product_brand","embeddable":true,"href":"https:\/\/richter.ceo\/coxs\/wp-json\/wp\/v2\/product_brand?post=1337"},{"taxonomy":"product_cat","embeddable":true,"href":"https:\/\/richter.ceo\/coxs\/wp-json\/wp\/v2\/product_cat?post=1337"},{"taxonomy":"product_tag","embeddable":true,"href":"https:\/\/richter.ceo\/coxs\/wp-json\/wp\/v2\/product_tag?post=1337"}],"curies":[{"name":"wp","href":"https:\/\/api.w.org\/{rel}","templated":true}]}}