{"id":1338,"date":"2025-05-14T15:46:24","date_gmt":"2025-05-14T13:46:24","guid":{"rendered":"https:\/\/richter.ceo\/coxs\/?post_type=product&#038;p=1338"},"modified":"2025-05-14T15:46:24","modified_gmt":"2025-05-14T13:46:24","slug":"diplomatico-reserva-exclusiva","status":"publish","type":"product","link":"https:\/\/richter.ceo\/coxs\/produkt\/diplomatico-reserva-exclusiva\/","title":{"rendered":"Diplom\u00e1tico Reserva Exclusiva"},"content":{"rendered":"<div class=\"elementor-column elementor-col-50 elementor-inner-column elementor-element elementor-element-df5ea97\" data-id=\"df5ea97\" data-element_type=\"column\">\n<div class=\"elementor-widget-wrap elementor-element-populated\">\n<div class=\"elementor-element elementor-element-5f45f876 elementor-widget elementor-widget-woocommerce-product-short-description\" data-id=\"5f45f876\" data-element_type=\"widget\" data-widget_type=\"woocommerce-product-short-description.default\">\n<div class=\"elementor-widget-container\">\n<div class=\"woocommerce-product-details__short-description\">\n<p>Rum celosv\u011btov\u011b oce\u0148ovan\u00fd pro svou lahodnou chu\u0165. Diplom\u00e1tico Reserva Exclusiva je nejobl\u00edben\u011bj\u0161\u00ed venezuelsk\u00fd rum, kter\u00fd je blendem rum\u016f a\u017e 12 let star\u00fdch. Na kont\u011b m\u00e1 v\u00edce ne\u017e dvacet medail\u00ed z presti\u017en\u00edch mezin\u00e1rodn\u00edch sout\u011b\u017e\u00ed a je tak jedn\u00edm z nejoce\u0148ovan\u011bj\u0161\u00edch rum\u016f. Tv\u016frce tohoto rumu, Maestro Ronero pan Tito Cordero, z\u00edskal v letech 2011 a 2013 ocen\u011bn\u00ed Golden Rum Barrel pro nejlep\u0161\u00edho master blendera. Pal\u00edrna vyr\u00e1b\u011bj\u00edc\u00ed rumy Diplom\u00e1tico z\u00edskala nav\u00edc v roce 2013 i ocen\u011bn\u00ed Golden Rum Barrel pro nejlep\u0161\u00ed destilerii. Diplom\u00e1tico Reserva Exclusiva se vyzna\u010duje jemn\u00fdm a komplexn\u00edm profilem a dlouh\u00fdm zakon\u010den\u00edm.<\/p>\n<\/div>\n<\/div>\n<\/div>\n<\/div>\n<\/div>\n","protected":false},"excerpt":{"rendered":"<p>Rum celosv\u011btov\u011b oce\u0148ovan\u00fd pro svou lahodnou chu\u0165. Diplom\u00e1tico Reserva Exclusiva je nejobl\u00edben\u011bj\u0161\u00ed venezuelsk\u00fd rum, kter\u00fd je blendem rum\u016f a\u017e 12 let star\u00fdch. Na kont\u011b m\u00e1 v\u00edce ne\u017e dvacet medail\u00ed z presti\u017en\u00edch mezin\u00e1rodn\u00edch sout\u011b\u017e\u00ed a je tak jedn\u00edm z nejoce\u0148ovan\u011bj\u0161\u00edch rum\u016f. Tv\u016frce tohoto rumu, Maestro Ronero pan Tito Cordero, z\u00edskal v letech 2011 a 2013 ocen\u011bn\u00ed [&hellip;]<\/p>\n","protected":false},"featured_media":1180,"template":"","meta":{"_acf_changed":false},"product_brand":[197],"product_cat":[117],"product_tag":[],"class_list":{"0":"post-1338","1":"product","2":"type-product","3":"status-publish","4":"has-post-thumbnail","6":"product_brand-diplomatico","7":"product_cat-rum","8":"pa_cena-za-004-l","9":"pa_obsah-alkoholu-21","10":"pa_zeme-venezuela","12":"first","13":"instock","14":"shipping-taxable","15":"purchasable","16":"product-type-simple"},"acf":[],"yoast_head":"<!-- This site is optimized with the Yoast SEO plugin v27.5 - https:\/\/yoast.com\/product\/yoast-seo-wordpress\/ -->\n<title>Diplom\u00e1tico Reserva Exclusiva<\/title>\n<meta name=\"description\" content=\"Rum celosv\u011btov\u011b oce\u0148ovan\u00fd pro svou lahodnou chu\u0165. Diplom\u00e1tico Reserva Exclusiva je nejobl\u00edben\u011bj\u0161\u00ed venezuelsk\u00fd rum, kter\u00fd je blendem rum\u016f a\u017e 12 let\" \/>\n<meta name=\"robots\" content=\"index, follow, max-snippet:-1, max-image-preview:large, max-video-preview:-1\" \/>\n<link rel=\"canonical\" href=\"https:\/\/richter.ceo\/coxs\/produkt\/diplomatico-reserva-exclusiva\/\" \/>\n<meta property=\"og:locale\" content=\"cs_CZ\" \/>\n<meta property=\"og:type\" content=\"article\" \/>\n<meta property=\"og:title\" content=\"Diplom\u00e1tico Reserva Exclusiva\" \/>\n<meta property=\"og:description\" content=\"Rum celosv\u011btov\u011b oce\u0148ovan\u00fd pro svou lahodnou chu\u0165. Diplom\u00e1tico Reserva Exclusiva je nejobl\u00edben\u011bj\u0161\u00ed venezuelsk\u00fd rum, kter\u00fd je blendem rum\u016f a\u017e 12 let\" \/>\n<meta property=\"og:url\" content=\"https:\/\/richter.ceo\/coxs\/produkt\/diplomatico-reserva-exclusiva\/\" \/>\n<meta property=\"og:site_name\" content=\"COXS CLUB\" \/>\n<meta property=\"article:publisher\" content=\"https:\/\/www.facebook.com\/profile.php?id=100088204002615\" \/>\n<meta property=\"og:image\" content=\"https:\/\/richter.ceo\/coxs\/wp-content\/uploads\/sites\/4\/2025\/05\/0903_diplomatico_reserva_ex_0_7.jpg\" \/>\n\t<meta property=\"og:image:width\" content=\"600\" \/>\n\t<meta property=\"og:image:height\" content=\"711\" \/>\n\t<meta property=\"og:image:type\" content=\"image\/jpeg\" \/>\n<meta name=\"twitter:card\" content=\"summary_large_image\" \/>\n<meta name=\"twitter:label1\" content=\"Odhadovan\u00e1 doba \u010dten\u00ed\" \/>\n\t<meta name=\"twitter:data1\" content=\"1 minuta\" \/>\n<script type=\"application\/ld+json\" class=\"yoast-schema-graph\">{\"@context\":\"https:\\\/\\\/schema.org\",\"@graph\":[{\"@type\":\"WebPage\",\"@id\":\"https:\\\/\\\/richter.ceo\\\/coxs\\\/produkt\\\/diplomatico-reserva-exclusiva\\\/\",\"url\":\"https:\\\/\\\/richter.ceo\\\/coxs\\\/produkt\\\/diplomatico-reserva-exclusiva\\\/\",\"name\":\"Diplom\u00e1tico Reserva Exclusiva\",\"isPartOf\":{\"@id\":\"https:\\\/\\\/richter.ceo\\\/coxs\\\/en\\\/#website\"},\"primaryImageOfPage\":{\"@id\":\"https:\\\/\\\/richter.ceo\\\/coxs\\\/produkt\\\/diplomatico-reserva-exclusiva\\\/#primaryimage\"},\"image\":{\"@id\":\"https:\\\/\\\/richter.ceo\\\/coxs\\\/produkt\\\/diplomatico-reserva-exclusiva\\\/#primaryimage\"},\"thumbnailUrl\":\"https:\\\/\\\/richter.ceo\\\/coxs\\\/wp-content\\\/uploads\\\/sites\\\/4\\\/2025\\\/05\\\/0903_diplomatico_reserva_ex_0_7.jpg\",\"datePublished\":\"2025-05-14T13:46:24+00:00\",\"description\":\"Rum celosv\u011btov\u011b oce\u0148ovan\u00fd pro svou lahodnou chu\u0165. Diplom\u00e1tico Reserva Exclusiva je nejobl\u00edben\u011bj\u0161\u00ed venezuelsk\u00fd rum, kter\u00fd je blendem rum\u016f a\u017e 12 let\",\"breadcrumb\":{\"@id\":\"https:\\\/\\\/richter.ceo\\\/coxs\\\/produkt\\\/diplomatico-reserva-exclusiva\\\/#breadcrumb\"},\"inLanguage\":\"cs\",\"potentialAction\":[{\"@type\":\"ReadAction\",\"target\":[\"https:\\\/\\\/richter.ceo\\\/coxs\\\/produkt\\\/diplomatico-reserva-exclusiva\\\/\"]}]},{\"@type\":\"ImageObject\",\"inLanguage\":\"cs\",\"@id\":\"https:\\\/\\\/richter.ceo\\\/coxs\\\/produkt\\\/diplomatico-reserva-exclusiva\\\/#primaryimage\",\"url\":\"https:\\\/\\\/richter.ceo\\\/coxs\\\/wp-content\\\/uploads\\\/sites\\\/4\\\/2025\\\/05\\\/0903_diplomatico_reserva_ex_0_7.jpg\",\"contentUrl\":\"https:\\\/\\\/richter.ceo\\\/coxs\\\/wp-content\\\/uploads\\\/sites\\\/4\\\/2025\\\/05\\\/0903_diplomatico_reserva_ex_0_7.jpg\",\"width\":600,\"height\":711,\"caption\":\"COXS CLUB\"},{\"@type\":\"BreadcrumbList\",\"@id\":\"https:\\\/\\\/richter.ceo\\\/coxs\\\/produkt\\\/diplomatico-reserva-exclusiva\\\/#breadcrumb\",\"itemListElement\":[{\"@type\":\"ListItem\",\"position\":1,\"name\":\"Dom\u016f\",\"item\":\"https:\\\/\\\/richter.ceo\\\/coxs\\\/\"},{\"@type\":\"ListItem\",\"position\":2,\"name\":\"N\u00c1POJE\",\"item\":\"https:\\\/\\\/richter.ceo\\\/coxs\\\/en\\\/napoje\\\/\"},{\"@type\":\"ListItem\",\"position\":3,\"name\":\"Diplom\u00e1tico Reserva Exclusiva\"}]},{\"@type\":\"WebSite\",\"@id\":\"https:\\\/\\\/richter.ceo\\\/coxs\\\/en\\\/#website\",\"url\":\"https:\\\/\\\/richter.ceo\\\/coxs\\\/en\\\/\",\"name\":\"COXS CLUB\",\"description\":\"Beton a Rum\",\"publisher\":{\"@id\":\"https:\\\/\\\/richter.ceo\\\/coxs\\\/en\\\/#organization\"},\"potentialAction\":[{\"@type\":\"SearchAction\",\"target\":{\"@type\":\"EntryPoint\",\"urlTemplate\":\"https:\\\/\\\/richter.ceo\\\/coxs\\\/en\\\/?s={search_term_string}\"},\"query-input\":{\"@type\":\"PropertyValueSpecification\",\"valueRequired\":true,\"valueName\":\"search_term_string\"}}],\"inLanguage\":\"cs\"},{\"@type\":\"Organization\",\"@id\":\"https:\\\/\\\/richter.ceo\\\/coxs\\\/en\\\/#organization\",\"name\":\"COXS CLUB\",\"url\":\"https:\\\/\\\/richter.ceo\\\/coxs\\\/en\\\/\",\"logo\":{\"@type\":\"ImageObject\",\"inLanguage\":\"cs\",\"@id\":\"https:\\\/\\\/richter.ceo\\\/coxs\\\/en\\\/#\\\/schema\\\/logo\\\/image\\\/\",\"url\":\"http:\\\/\\\/richter.ceo\\\/coxs\\\/wp-content\\\/uploads\\\/sites\\\/4\\\/2025\\\/05\\\/FAVICON-dark.webp\",\"contentUrl\":\"http:\\\/\\\/richter.ceo\\\/coxs\\\/wp-content\\\/uploads\\\/sites\\\/4\\\/2025\\\/05\\\/FAVICON-dark.webp\",\"width\":512,\"height\":512,\"caption\":\"COXS CLUB\"},\"image\":{\"@id\":\"https:\\\/\\\/richter.ceo\\\/coxs\\\/en\\\/#\\\/schema\\\/logo\\\/image\\\/\"},\"sameAs\":[\"https:\\\/\\\/www.facebook.com\\\/profile.php?id=100088204002615\",\"https:\\\/\\\/www.instagram.com\\\/coxs_coxs\\\/\"]}]}<\/script>\n<!-- \/ Yoast SEO plugin. -->","yoast_head_json":{"title":"Diplom\u00e1tico Reserva Exclusiva","description":"Rum celosv\u011btov\u011b oce\u0148ovan\u00fd pro svou lahodnou chu\u0165. Diplom\u00e1tico Reserva Exclusiva je nejobl\u00edben\u011bj\u0161\u00ed venezuelsk\u00fd rum, kter\u00fd je blendem rum\u016f a\u017e 12 let","robots":{"index":"index","follow":"follow","max-snippet":"max-snippet:-1","max-image-preview":"max-image-preview:large","max-video-preview":"max-video-preview:-1"},"canonical":"https:\/\/richter.ceo\/coxs\/produkt\/diplomatico-reserva-exclusiva\/","og_locale":"cs_CZ","og_type":"article","og_title":"Diplom\u00e1tico Reserva Exclusiva","og_description":"Rum celosv\u011btov\u011b oce\u0148ovan\u00fd pro svou lahodnou chu\u0165. Diplom\u00e1tico Reserva Exclusiva je nejobl\u00edben\u011bj\u0161\u00ed venezuelsk\u00fd rum, kter\u00fd je blendem rum\u016f a\u017e 12 let","og_url":"https:\/\/richter.ceo\/coxs\/produkt\/diplomatico-reserva-exclusiva\/","og_site_name":"COXS CLUB","article_publisher":"https:\/\/www.facebook.com\/profile.php?id=100088204002615","og_image":[{"width":600,"height":711,"url":"https:\/\/richter.ceo\/coxs\/wp-content\/uploads\/sites\/4\/2025\/05\/0903_diplomatico_reserva_ex_0_7.jpg","type":"image\/jpeg"}],"twitter_card":"summary_large_image","twitter_misc":{"Odhadovan\u00e1 doba \u010dten\u00ed":"1 minuta"},"schema":{"@context":"https:\/\/schema.org","@graph":[{"@type":"WebPage","@id":"https:\/\/richter.ceo\/coxs\/produkt\/diplomatico-reserva-exclusiva\/","url":"https:\/\/richter.ceo\/coxs\/produkt\/diplomatico-reserva-exclusiva\/","name":"Diplom\u00e1tico Reserva Exclusiva","isPartOf":{"@id":"https:\/\/richter.ceo\/coxs\/en\/#website"},"primaryImageOfPage":{"@id":"https:\/\/richter.ceo\/coxs\/produkt\/diplomatico-reserva-exclusiva\/#primaryimage"},"image":{"@id":"https:\/\/richter.ceo\/coxs\/produkt\/diplomatico-reserva-exclusiva\/#primaryimage"},"thumbnailUrl":"https:\/\/richter.ceo\/coxs\/wp-content\/uploads\/sites\/4\/2025\/05\/0903_diplomatico_reserva_ex_0_7.jpg","datePublished":"2025-05-14T13:46:24+00:00","description":"Rum celosv\u011btov\u011b oce\u0148ovan\u00fd pro svou lahodnou chu\u0165. Diplom\u00e1tico Reserva Exclusiva je nejobl\u00edben\u011bj\u0161\u00ed venezuelsk\u00fd rum, kter\u00fd je blendem rum\u016f a\u017e 12 let","breadcrumb":{"@id":"https:\/\/richter.ceo\/coxs\/produkt\/diplomatico-reserva-exclusiva\/#breadcrumb"},"inLanguage":"cs","potentialAction":[{"@type":"ReadAction","target":["https:\/\/richter.ceo\/coxs\/produkt\/diplomatico-reserva-exclusiva\/"]}]},{"@type":"ImageObject","inLanguage":"cs","@id":"https:\/\/richter.ceo\/coxs\/produkt\/diplomatico-reserva-exclusiva\/#primaryimage","url":"https:\/\/richter.ceo\/coxs\/wp-content\/uploads\/sites\/4\/2025\/05\/0903_diplomatico_reserva_ex_0_7.jpg","contentUrl":"https:\/\/richter.ceo\/coxs\/wp-content\/uploads\/sites\/4\/2025\/05\/0903_diplomatico_reserva_ex_0_7.jpg","width":600,"height":711,"caption":"COXS CLUB"},{"@type":"BreadcrumbList","@id":"https:\/\/richter.ceo\/coxs\/produkt\/diplomatico-reserva-exclusiva\/#breadcrumb","itemListElement":[{"@type":"ListItem","position":1,"name":"Dom\u016f","item":"https:\/\/richter.ceo\/coxs\/"},{"@type":"ListItem","position":2,"name":"N\u00c1POJE","item":"https:\/\/richter.ceo\/coxs\/en\/napoje\/"},{"@type":"ListItem","position":3,"name":"Diplom\u00e1tico Reserva Exclusiva"}]},{"@type":"WebSite","@id":"https:\/\/richter.ceo\/coxs\/en\/#website","url":"https:\/\/richter.ceo\/coxs\/en\/","name":"COXS CLUB","description":"Beton a Rum","publisher":{"@id":"https:\/\/richter.ceo\/coxs\/en\/#organization"},"potentialAction":[{"@type":"SearchAction","target":{"@type":"EntryPoint","urlTemplate":"https:\/\/richter.ceo\/coxs\/en\/?s={search_term_string}"},"query-input":{"@type":"PropertyValueSpecification","valueRequired":true,"valueName":"search_term_string"}}],"inLanguage":"cs"},{"@type":"Organization","@id":"https:\/\/richter.ceo\/coxs\/en\/#organization","name":"COXS CLUB","url":"https:\/\/richter.ceo\/coxs\/en\/","logo":{"@type":"ImageObject","inLanguage":"cs","@id":"https:\/\/richter.ceo\/coxs\/en\/#\/schema\/logo\/image\/","url":"http:\/\/richter.ceo\/coxs\/wp-content\/uploads\/sites\/4\/2025\/05\/FAVICON-dark.webp","contentUrl":"http:\/\/richter.ceo\/coxs\/wp-content\/uploads\/sites\/4\/2025\/05\/FAVICON-dark.webp","width":512,"height":512,"caption":"COXS CLUB"},"image":{"@id":"https:\/\/richter.ceo\/coxs\/en\/#\/schema\/logo\/image\/"},"sameAs":["https:\/\/www.facebook.com\/profile.php?id=100088204002615","https:\/\/www.instagram.com\/coxs_coxs\/"]}]}},"_links":{"self":[{"href":"https:\/\/richter.ceo\/coxs\/wp-json\/wp\/v2\/product\/1338","targetHints":{"allow":["GET"]}}],"collection":[{"href":"https:\/\/richter.ceo\/coxs\/wp-json\/wp\/v2\/product"}],"about":[{"href":"https:\/\/richter.ceo\/coxs\/wp-json\/wp\/v2\/types\/product"}],"wp:featuredmedia":[{"embeddable":true,"href":"https:\/\/richter.ceo\/coxs\/wp-json\/wp\/v2\/media\/1180"}],"wp:attachment":[{"href":"https:\/\/richter.ceo\/coxs\/wp-json\/wp\/v2\/media?parent=1338"}],"wp:term":[{"taxonomy":"product_brand","embeddable":true,"href":"https:\/\/richter.ceo\/coxs\/wp-json\/wp\/v2\/product_brand?post=1338"},{"taxonomy":"product_cat","embeddable":true,"href":"https:\/\/richter.ceo\/coxs\/wp-json\/wp\/v2\/product_cat?post=1338"},{"taxonomy":"product_tag","embeddable":true,"href":"https:\/\/richter.ceo\/coxs\/wp-json\/wp\/v2\/product_tag?post=1338"}],"curies":[{"name":"wp","href":"https:\/\/api.w.org\/{rel}","templated":true}]}}