{"id":1349,"date":"2025-05-14T16:06:31","date_gmt":"2025-05-14T14:06:31","guid":{"rendered":"https:\/\/richter.ceo\/coxs\/?post_type=product&#038;p=1349"},"modified":"2025-05-14T16:06:31","modified_gmt":"2025-05-14T14:06:31","slug":"dos-maderas-seleccion","status":"publish","type":"product","link":"https:\/\/richter.ceo\/coxs\/produkt\/dos-maderas-seleccion\/","title":{"rendered":"Dos Maderas Selecci\u00f3n"},"content":{"rendered":"<div class=\"elementor-column elementor-col-50 elementor-inner-column elementor-element elementor-element-df5ea97\" data-id=\"df5ea97\" data-element_type=\"column\">\n<div class=\"elementor-widget-wrap elementor-element-populated\">\n<div class=\"elementor-element elementor-element-5f45f876 elementor-widget elementor-widget-woocommerce-product-short-description\" data-id=\"5f45f876\" data-element_type=\"widget\" data-widget_type=\"woocommerce-product-short-description.default\">\n<div class=\"elementor-widget-container\">\n<div class=\"woocommerce-product-details__short-description\">\n<p>Dos Maderas Selecci\u00f3n vznik\u00e1 sm\u00edch\u00e1n\u00edm pr\u00e9miov\u00e9ho rumu Dos Maderas 5+5 PX s t\u011bmi nejlep\u0161\u00edmi desetilet\u00fdmi rumy z Barbadosu a Guyany. D\u00edky tomu se v\u00e1m nejprve na pat\u0159e rozvine such\u00e1 chu\u0165 10let\u00e9ho karibsk\u00e9ho rumu, kter\u00e1 pozvolna p\u0159ech\u00e1z\u00ed v jemn\u00e9 sladk\u00e9 t\u00f3ny po sherry Pedro Xim\u00e9nez. Vy\u0161\u0161\u00ed obsah alkoholu 42 % podtrhuje rumov\u00fd charakter Dos Maderas Selecci\u00f3n, kter\u00fd si i p\u0159esto v z\u00e1v\u011bru zachov\u00e1v\u00e1 plnou a kulatou chu\u0165.<\/p>\n<\/div>\n<\/div>\n<\/div>\n<\/div>\n<\/div>\n","protected":false},"excerpt":{"rendered":"<p>Dos Maderas Selecci\u00f3n vznik\u00e1 sm\u00edch\u00e1n\u00edm pr\u00e9miov\u00e9ho rumu Dos Maderas 5+5 PX s t\u011bmi nejlep\u0161\u00edmi desetilet\u00fdmi rumy z Barbadosu a Guyany. D\u00edky tomu se v\u00e1m nejprve na pat\u0159e rozvine such\u00e1 chu\u0165 10let\u00e9ho karibsk\u00e9ho rumu, kter\u00e1 pozvolna p\u0159ech\u00e1z\u00ed v jemn\u00e9 sladk\u00e9 t\u00f3ny po sherry Pedro Xim\u00e9nez. Vy\u0161\u0161\u00ed obsah alkoholu 42 % podtrhuje rumov\u00fd charakter Dos Maderas Selecci\u00f3n, [&hellip;]<\/p>\n","protected":false},"featured_media":1220,"template":"","meta":{"_acf_changed":false},"product_brand":[203],"product_cat":[117],"product_tag":[],"class_list":{"0":"post-1349","1":"product","2":"type-product","3":"status-publish","4":"has-post-thumbnail","6":"product_brand-dos-maderas","7":"product_cat-rum","8":"pa_cena-za-004-l","9":"pa_obsah-alkoholu-21","10":"pa_zeme-barbados","12":"first","13":"instock","14":"shipping-taxable","15":"purchasable","16":"product-type-simple"},"acf":[],"yoast_head":"<!-- This site is optimized with the Yoast SEO plugin v27.5 - https:\/\/yoast.com\/product\/yoast-seo-wordpress\/ -->\n<title>Dos Maderas Selecci\u00f3n<\/title>\n<meta name=\"description\" content=\"Dos Maderas Selecci\u00f3n vznik\u00e1 sm\u00edch\u00e1n\u00edm pr\u00e9miov\u00e9ho rumu Dos Maderas 5+5 PX s t\u011bmi nejlep\u0161\u00edmi desetilet\u00fdmi rumy z Barbadosu a Guyany. D\u00edky tomu se v\u00e1m\" \/>\n<meta name=\"robots\" content=\"index, follow, max-snippet:-1, max-image-preview:large, max-video-preview:-1\" \/>\n<link rel=\"canonical\" href=\"https:\/\/richter.ceo\/coxs\/produkt\/dos-maderas-seleccion\/\" \/>\n<meta property=\"og:locale\" content=\"cs_CZ\" \/>\n<meta property=\"og:type\" content=\"article\" \/>\n<meta property=\"og:title\" content=\"Dos Maderas Selecci\u00f3n\" \/>\n<meta property=\"og:description\" content=\"Dos Maderas Selecci\u00f3n vznik\u00e1 sm\u00edch\u00e1n\u00edm pr\u00e9miov\u00e9ho rumu Dos Maderas 5+5 PX s t\u011bmi nejlep\u0161\u00edmi desetilet\u00fdmi rumy z Barbadosu a Guyany. D\u00edky tomu se v\u00e1m\" \/>\n<meta property=\"og:url\" content=\"https:\/\/richter.ceo\/coxs\/produkt\/dos-maderas-seleccion\/\" \/>\n<meta property=\"og:site_name\" content=\"COXS CLUB\" \/>\n<meta property=\"article:publisher\" content=\"https:\/\/www.facebook.com\/profile.php?id=100088204002615\" \/>\n<meta property=\"og:image\" content=\"https:\/\/richter.ceo\/coxs\/wp-content\/uploads\/sites\/4\/2025\/05\/3122_dos_maderas_seleccion-864x1024-1.jpg\" \/>\n\t<meta property=\"og:image:width\" content=\"864\" \/>\n\t<meta property=\"og:image:height\" content=\"1024\" \/>\n\t<meta property=\"og:image:type\" content=\"image\/jpeg\" \/>\n<meta name=\"twitter:card\" content=\"summary_large_image\" \/>\n<script type=\"application\/ld+json\" class=\"yoast-schema-graph\">{\"@context\":\"https:\\\/\\\/schema.org\",\"@graph\":[{\"@type\":\"WebPage\",\"@id\":\"https:\\\/\\\/richter.ceo\\\/coxs\\\/produkt\\\/dos-maderas-seleccion\\\/\",\"url\":\"https:\\\/\\\/richter.ceo\\\/coxs\\\/produkt\\\/dos-maderas-seleccion\\\/\",\"name\":\"Dos Maderas Selecci\u00f3n\",\"isPartOf\":{\"@id\":\"https:\\\/\\\/richter.ceo\\\/coxs\\\/en\\\/#website\"},\"primaryImageOfPage\":{\"@id\":\"https:\\\/\\\/richter.ceo\\\/coxs\\\/produkt\\\/dos-maderas-seleccion\\\/#primaryimage\"},\"image\":{\"@id\":\"https:\\\/\\\/richter.ceo\\\/coxs\\\/produkt\\\/dos-maderas-seleccion\\\/#primaryimage\"},\"thumbnailUrl\":\"https:\\\/\\\/richter.ceo\\\/coxs\\\/wp-content\\\/uploads\\\/sites\\\/4\\\/2025\\\/05\\\/3122_dos_maderas_seleccion-864x1024-1.jpg\",\"datePublished\":\"2025-05-14T14:06:31+00:00\",\"description\":\"Dos Maderas Selecci\u00f3n vznik\u00e1 sm\u00edch\u00e1n\u00edm pr\u00e9miov\u00e9ho rumu Dos Maderas 5+5 PX s t\u011bmi nejlep\u0161\u00edmi desetilet\u00fdmi rumy z Barbadosu a Guyany. D\u00edky tomu se v\u00e1m\",\"breadcrumb\":{\"@id\":\"https:\\\/\\\/richter.ceo\\\/coxs\\\/produkt\\\/dos-maderas-seleccion\\\/#breadcrumb\"},\"inLanguage\":\"cs\",\"potentialAction\":[{\"@type\":\"ReadAction\",\"target\":[\"https:\\\/\\\/richter.ceo\\\/coxs\\\/produkt\\\/dos-maderas-seleccion\\\/\"]}]},{\"@type\":\"ImageObject\",\"inLanguage\":\"cs\",\"@id\":\"https:\\\/\\\/richter.ceo\\\/coxs\\\/produkt\\\/dos-maderas-seleccion\\\/#primaryimage\",\"url\":\"https:\\\/\\\/richter.ceo\\\/coxs\\\/wp-content\\\/uploads\\\/sites\\\/4\\\/2025\\\/05\\\/3122_dos_maderas_seleccion-864x1024-1.jpg\",\"contentUrl\":\"https:\\\/\\\/richter.ceo\\\/coxs\\\/wp-content\\\/uploads\\\/sites\\\/4\\\/2025\\\/05\\\/3122_dos_maderas_seleccion-864x1024-1.jpg\",\"width\":864,\"height\":1024,\"caption\":\"COXS CLUB\"},{\"@type\":\"BreadcrumbList\",\"@id\":\"https:\\\/\\\/richter.ceo\\\/coxs\\\/produkt\\\/dos-maderas-seleccion\\\/#breadcrumb\",\"itemListElement\":[{\"@type\":\"ListItem\",\"position\":1,\"name\":\"Dom\u016f\",\"item\":\"https:\\\/\\\/richter.ceo\\\/coxs\\\/\"},{\"@type\":\"ListItem\",\"position\":2,\"name\":\"N\u00c1POJE\",\"item\":\"https:\\\/\\\/richter.ceo\\\/coxs\\\/en\\\/napoje\\\/\"},{\"@type\":\"ListItem\",\"position\":3,\"name\":\"Dos Maderas Selecci\u00f3n\"}]},{\"@type\":\"WebSite\",\"@id\":\"https:\\\/\\\/richter.ceo\\\/coxs\\\/en\\\/#website\",\"url\":\"https:\\\/\\\/richter.ceo\\\/coxs\\\/en\\\/\",\"name\":\"COXS CLUB\",\"description\":\"Beton a Rum\",\"publisher\":{\"@id\":\"https:\\\/\\\/richter.ceo\\\/coxs\\\/en\\\/#organization\"},\"potentialAction\":[{\"@type\":\"SearchAction\",\"target\":{\"@type\":\"EntryPoint\",\"urlTemplate\":\"https:\\\/\\\/richter.ceo\\\/coxs\\\/en\\\/?s={search_term_string}\"},\"query-input\":{\"@type\":\"PropertyValueSpecification\",\"valueRequired\":true,\"valueName\":\"search_term_string\"}}],\"inLanguage\":\"cs\"},{\"@type\":\"Organization\",\"@id\":\"https:\\\/\\\/richter.ceo\\\/coxs\\\/en\\\/#organization\",\"name\":\"COXS CLUB\",\"url\":\"https:\\\/\\\/richter.ceo\\\/coxs\\\/en\\\/\",\"logo\":{\"@type\":\"ImageObject\",\"inLanguage\":\"cs\",\"@id\":\"https:\\\/\\\/richter.ceo\\\/coxs\\\/en\\\/#\\\/schema\\\/logo\\\/image\\\/\",\"url\":\"http:\\\/\\\/richter.ceo\\\/coxs\\\/wp-content\\\/uploads\\\/sites\\\/4\\\/2025\\\/05\\\/FAVICON-dark.webp\",\"contentUrl\":\"http:\\\/\\\/richter.ceo\\\/coxs\\\/wp-content\\\/uploads\\\/sites\\\/4\\\/2025\\\/05\\\/FAVICON-dark.webp\",\"width\":512,\"height\":512,\"caption\":\"COXS CLUB\"},\"image\":{\"@id\":\"https:\\\/\\\/richter.ceo\\\/coxs\\\/en\\\/#\\\/schema\\\/logo\\\/image\\\/\"},\"sameAs\":[\"https:\\\/\\\/www.facebook.com\\\/profile.php?id=100088204002615\",\"https:\\\/\\\/www.instagram.com\\\/coxs_coxs\\\/\"]}]}<\/script>\n<!-- \/ Yoast SEO plugin. -->","yoast_head_json":{"title":"Dos Maderas Selecci\u00f3n","description":"Dos Maderas Selecci\u00f3n vznik\u00e1 sm\u00edch\u00e1n\u00edm pr\u00e9miov\u00e9ho rumu Dos Maderas 5+5 PX s t\u011bmi nejlep\u0161\u00edmi desetilet\u00fdmi rumy z Barbadosu a Guyany. D\u00edky tomu se v\u00e1m","robots":{"index":"index","follow":"follow","max-snippet":"max-snippet:-1","max-image-preview":"max-image-preview:large","max-video-preview":"max-video-preview:-1"},"canonical":"https:\/\/richter.ceo\/coxs\/produkt\/dos-maderas-seleccion\/","og_locale":"cs_CZ","og_type":"article","og_title":"Dos Maderas Selecci\u00f3n","og_description":"Dos Maderas Selecci\u00f3n vznik\u00e1 sm\u00edch\u00e1n\u00edm pr\u00e9miov\u00e9ho rumu Dos Maderas 5+5 PX s t\u011bmi nejlep\u0161\u00edmi desetilet\u00fdmi rumy z Barbadosu a Guyany. D\u00edky tomu se v\u00e1m","og_url":"https:\/\/richter.ceo\/coxs\/produkt\/dos-maderas-seleccion\/","og_site_name":"COXS CLUB","article_publisher":"https:\/\/www.facebook.com\/profile.php?id=100088204002615","og_image":[{"width":864,"height":1024,"url":"https:\/\/richter.ceo\/coxs\/wp-content\/uploads\/sites\/4\/2025\/05\/3122_dos_maderas_seleccion-864x1024-1.jpg","type":"image\/jpeg"}],"twitter_card":"summary_large_image","schema":{"@context":"https:\/\/schema.org","@graph":[{"@type":"WebPage","@id":"https:\/\/richter.ceo\/coxs\/produkt\/dos-maderas-seleccion\/","url":"https:\/\/richter.ceo\/coxs\/produkt\/dos-maderas-seleccion\/","name":"Dos Maderas Selecci\u00f3n","isPartOf":{"@id":"https:\/\/richter.ceo\/coxs\/en\/#website"},"primaryImageOfPage":{"@id":"https:\/\/richter.ceo\/coxs\/produkt\/dos-maderas-seleccion\/#primaryimage"},"image":{"@id":"https:\/\/richter.ceo\/coxs\/produkt\/dos-maderas-seleccion\/#primaryimage"},"thumbnailUrl":"https:\/\/richter.ceo\/coxs\/wp-content\/uploads\/sites\/4\/2025\/05\/3122_dos_maderas_seleccion-864x1024-1.jpg","datePublished":"2025-05-14T14:06:31+00:00","description":"Dos Maderas Selecci\u00f3n vznik\u00e1 sm\u00edch\u00e1n\u00edm pr\u00e9miov\u00e9ho rumu Dos Maderas 5+5 PX s t\u011bmi nejlep\u0161\u00edmi desetilet\u00fdmi rumy z Barbadosu a Guyany. D\u00edky tomu se v\u00e1m","breadcrumb":{"@id":"https:\/\/richter.ceo\/coxs\/produkt\/dos-maderas-seleccion\/#breadcrumb"},"inLanguage":"cs","potentialAction":[{"@type":"ReadAction","target":["https:\/\/richter.ceo\/coxs\/produkt\/dos-maderas-seleccion\/"]}]},{"@type":"ImageObject","inLanguage":"cs","@id":"https:\/\/richter.ceo\/coxs\/produkt\/dos-maderas-seleccion\/#primaryimage","url":"https:\/\/richter.ceo\/coxs\/wp-content\/uploads\/sites\/4\/2025\/05\/3122_dos_maderas_seleccion-864x1024-1.jpg","contentUrl":"https:\/\/richter.ceo\/coxs\/wp-content\/uploads\/sites\/4\/2025\/05\/3122_dos_maderas_seleccion-864x1024-1.jpg","width":864,"height":1024,"caption":"COXS CLUB"},{"@type":"BreadcrumbList","@id":"https:\/\/richter.ceo\/coxs\/produkt\/dos-maderas-seleccion\/#breadcrumb","itemListElement":[{"@type":"ListItem","position":1,"name":"Dom\u016f","item":"https:\/\/richter.ceo\/coxs\/"},{"@type":"ListItem","position":2,"name":"N\u00c1POJE","item":"https:\/\/richter.ceo\/coxs\/en\/napoje\/"},{"@type":"ListItem","position":3,"name":"Dos Maderas Selecci\u00f3n"}]},{"@type":"WebSite","@id":"https:\/\/richter.ceo\/coxs\/en\/#website","url":"https:\/\/richter.ceo\/coxs\/en\/","name":"COXS CLUB","description":"Beton a Rum","publisher":{"@id":"https:\/\/richter.ceo\/coxs\/en\/#organization"},"potentialAction":[{"@type":"SearchAction","target":{"@type":"EntryPoint","urlTemplate":"https:\/\/richter.ceo\/coxs\/en\/?s={search_term_string}"},"query-input":{"@type":"PropertyValueSpecification","valueRequired":true,"valueName":"search_term_string"}}],"inLanguage":"cs"},{"@type":"Organization","@id":"https:\/\/richter.ceo\/coxs\/en\/#organization","name":"COXS CLUB","url":"https:\/\/richter.ceo\/coxs\/en\/","logo":{"@type":"ImageObject","inLanguage":"cs","@id":"https:\/\/richter.ceo\/coxs\/en\/#\/schema\/logo\/image\/","url":"http:\/\/richter.ceo\/coxs\/wp-content\/uploads\/sites\/4\/2025\/05\/FAVICON-dark.webp","contentUrl":"http:\/\/richter.ceo\/coxs\/wp-content\/uploads\/sites\/4\/2025\/05\/FAVICON-dark.webp","width":512,"height":512,"caption":"COXS CLUB"},"image":{"@id":"https:\/\/richter.ceo\/coxs\/en\/#\/schema\/logo\/image\/"},"sameAs":["https:\/\/www.facebook.com\/profile.php?id=100088204002615","https:\/\/www.instagram.com\/coxs_coxs\/"]}]}},"_links":{"self":[{"href":"https:\/\/richter.ceo\/coxs\/wp-json\/wp\/v2\/product\/1349","targetHints":{"allow":["GET"]}}],"collection":[{"href":"https:\/\/richter.ceo\/coxs\/wp-json\/wp\/v2\/product"}],"about":[{"href":"https:\/\/richter.ceo\/coxs\/wp-json\/wp\/v2\/types\/product"}],"wp:featuredmedia":[{"embeddable":true,"href":"https:\/\/richter.ceo\/coxs\/wp-json\/wp\/v2\/media\/1220"}],"wp:attachment":[{"href":"https:\/\/richter.ceo\/coxs\/wp-json\/wp\/v2\/media?parent=1349"}],"wp:term":[{"taxonomy":"product_brand","embeddable":true,"href":"https:\/\/richter.ceo\/coxs\/wp-json\/wp\/v2\/product_brand?post=1349"},{"taxonomy":"product_cat","embeddable":true,"href":"https:\/\/richter.ceo\/coxs\/wp-json\/wp\/v2\/product_cat?post=1349"},{"taxonomy":"product_tag","embeddable":true,"href":"https:\/\/richter.ceo\/coxs\/wp-json\/wp\/v2\/product_tag?post=1349"}],"curies":[{"name":"wp","href":"https:\/\/api.w.org\/{rel}","templated":true}]}}