{"id":1350,"date":"2025-05-14T16:15:44","date_gmt":"2025-05-14T14:15:44","guid":{"rendered":"https:\/\/richter.ceo\/coxs\/?post_type=product&#038;p=1350"},"modified":"2025-05-14T16:15:44","modified_gmt":"2025-05-14T14:15:44","slug":"equiano","status":"publish","type":"product","link":"https:\/\/richter.ceo\/coxs\/produkt\/equiano\/","title":{"rendered":"Equiano"},"content":{"rendered":"<p>Equiano je prvn\u00edm pr\u00e9miov\u00fdm rumem, jen\u017e vych\u00e1z\u00ed ze spolupr\u00e1ce dvou r\u016fzn\u00fdch destileri\u00ed z dvou r\u016fzn\u00fdch kontinent\u016f, a to konkr\u00e9tn\u011b pal\u00edrny Gray\u2019s z africk\u00e9ho ostrova Mauricius a Foursquare Distillery z karibsk\u00e9ho Barbadosu. Na v\u00fdvoji tohoto 100 % autentick\u00e9ho melasov\u00e9ho rumu se pod\u00edleli rumov\u00fd ambasador Ian Burrell a jeden z nejv\u011bt\u0161\u00edch rumov\u00fdch expert\u016f sou\u010dasnosti, Richard Seale.<\/p>\n<p>&nbsp;<\/p>\n<p>Inspirac\u00ed k vytvo\u0159en\u00ed rumu byl kupec a spisovatel Olaudah Equiano, kter\u00fd pat\u0159il k v\u00fdznamn\u00fdm z\u00e1stupc\u016fm abolicionistick\u00e9ho hnut\u00ed, bojuj\u00edc\u00edho za zru\u0161en\u00ed otroctv\u00ed a obchodu s otroky.<\/p>\n<p>&nbsp;<\/p>\n<p>Cesta rumu Equiano za\u010d\u00edn\u00e1 na ostrov\u011b Mauricius. Po destilaci v pal\u00edrn\u011b Gray\u2019s se d\u00e1le ukl\u00e1d\u00e1 ke zr\u00e1n\u00ed do sud\u016f po ko\u0148aku na dobu minim\u00e1ln\u011b deseti let. Jakmile rum z\u00edsk\u00e1 charakteristick\u00e9 vlastnosti z francouzsk\u00e9ho limousinsk\u00e9ho dubu, putuje do Karibiku, kde jej ve Foursquare Distillery m\u00edchaj\u00ed se sm\u011bs\u00ed rum\u016f, kter\u00e9 vznikly jednak destilac\u00ed v m\u011bd\u011bn\u00e9m pot-stillu a jednak v kolonov\u00e9m destila\u010dn\u00edm za\u0159\u00edzen\u00ed a zr\u00e1ly v sudech z americk\u00e9ho b\u00edl\u00e9ho dubu, v nich\u017e byl p\u0159edt\u00edm ulo\u017een bourbon. M\u00edch\u00e1n\u00ed prob\u00edh\u00e1 pod dohledem Richarda Sealea, pod jeho\u017e veden\u00edm byla destilerie Foursquare \u010dty\u0159ikr\u00e1t za sebou ocen\u011bna International Spirits Challenge jako Rum Producer of the Year. Do rumu Equiano se nep\u0159id\u00e1v\u00e1 \u017e\u00e1dn\u00e9 ko\u0159en\u00ed, barviva, aditiva \u010di cukr.<\/p>\n<p>&nbsp;<\/p>\n<div class=\"elementor-column elementor-col-50 elementor-inner-column elementor-element elementor-element-df5ea97\" data-id=\"df5ea97\" data-element_type=\"column\">\n<div class=\"elementor-widget-wrap elementor-element-populated\">\n<div class=\"elementor-element elementor-element-5f45f876 elementor-widget elementor-widget-woocommerce-product-short-description\" data-id=\"5f45f876\" data-element_type=\"widget\" data-widget_type=\"woocommerce-product-short-description.default\">\n<div class=\"elementor-widget-container\">\n<div class=\"woocommerce-product-details__short-description\">\n<p>Ve fin\u00e1ln\u00edm blendu se snoub\u00ed chut\u011b v\u00fdchodu i z\u00e1padu. Ve v\u016fni se vedle tropick\u00e9ho aroma projevuj\u00ed t\u00f3ny vanilky, rozinek pomeran\u010dov\u00e9 k\u016fry a karamelu. V chuti naopak dominuje nasl\u00e1dlost su\u0161en\u00e9ho ovoce s dotekem dubov\u00e9ho d\u0159eva, m\u00e1slov\u00fdch su\u0161enek a an\u00fdzu, kter\u00e1 p\u0159ech\u00e1z\u00ed v dochu\u0165 s n\u00e1dechem ho\u0159k\u00e9 pomeran\u010dov\u00e9 k\u016fry.<\/p>\n<\/div>\n<\/div>\n<\/div>\n<\/div>\n<\/div>\n","protected":false},"excerpt":{"rendered":"<p>Equiano je prvn\u00edm pr\u00e9miov\u00fdm rumem, jen\u017e vych\u00e1z\u00ed ze spolupr\u00e1ce dvou r\u016fzn\u00fdch destileri\u00ed z dvou r\u016fzn\u00fdch kontinent\u016f, a to konkr\u00e9tn\u011b pal\u00edrny Gray\u2019s z africk\u00e9ho ostrova Mauricius a Foursquare Distillery z karibsk\u00e9ho Barbadosu. Na v\u00fdvoji tohoto 100 % autentick\u00e9ho melasov\u00e9ho rumu se pod\u00edleli rumov\u00fd ambasador Ian Burrell a jeden z nejv\u011bt\u0161\u00edch rumov\u00fdch expert\u016f sou\u010dasnosti, Richard Seale. &nbsp; [&hellip;]<\/p>\n","protected":false},"featured_media":1214,"template":"","meta":{"_acf_changed":false},"product_brand":[204],"product_cat":[117],"product_tag":[],"class_list":{"0":"post-1350","1":"product","2":"type-product","3":"status-publish","4":"has-post-thumbnail","6":"product_brand-equiano","7":"product_cat-rum","8":"pa_cena-za-004-l","9":"pa_obsah-alkoholu-56","10":"pa_zeme-barbados","12":"first","13":"instock","14":"shipping-taxable","15":"purchasable","16":"product-type-simple"},"acf":[],"yoast_head":"<!-- This site is optimized with the Yoast SEO plugin v27.5 - https:\/\/yoast.com\/product\/yoast-seo-wordpress\/ -->\n<title>Equiano<\/title>\n<meta name=\"description\" content=\"Equiano je prvn\u00edm pr\u00e9miov\u00fdm rumem, jen\u017e vych\u00e1z\u00ed ze spolupr\u00e1ce dvou r\u016fzn\u00fdch destileri\u00ed z dvou r\u016fzn\u00fdch kontinent\u016f, a to konkr\u00e9tn\u011b pal\u00edrny Gray\u2019s z africk\u00e9ho\" \/>\n<meta name=\"robots\" content=\"index, follow, max-snippet:-1, max-image-preview:large, max-video-preview:-1\" \/>\n<link rel=\"canonical\" href=\"https:\/\/richter.ceo\/coxs\/product\/equiano\/\" \/>\n<meta property=\"og:locale\" content=\"cs_CZ\" \/>\n<meta property=\"og:type\" content=\"article\" \/>\n<meta property=\"og:title\" content=\"Equiano\" \/>\n<meta property=\"og:description\" content=\"Equiano je prvn\u00edm pr\u00e9miov\u00fdm rumem, jen\u017e vych\u00e1z\u00ed ze spolupr\u00e1ce dvou r\u016fzn\u00fdch destileri\u00ed z dvou r\u016fzn\u00fdch kontinent\u016f, a to konkr\u00e9tn\u011b pal\u00edrny Gray\u2019s z africk\u00e9ho\" \/>\n<meta property=\"og:url\" content=\"https:\/\/richter.ceo\/coxs\/product\/equiano\/\" \/>\n<meta property=\"og:site_name\" content=\"COXS CLUB\" \/>\n<meta property=\"article:publisher\" content=\"https:\/\/www.facebook.com\/profile.php?id=100088204002615\" \/>\n<meta property=\"og:image\" content=\"https:\/\/richter.ceo\/coxs\/wp-content\/uploads\/sites\/4\/2025\/05\/3005_equiano.jpg\" \/>\n\t<meta property=\"og:image:width\" content=\"600\" \/>\n\t<meta property=\"og:image:height\" content=\"711\" \/>\n\t<meta property=\"og:image:type\" content=\"image\/jpeg\" \/>\n<meta name=\"twitter:card\" content=\"summary_large_image\" \/>\n<meta name=\"twitter:label1\" content=\"Odhadovan\u00e1 doba \u010dten\u00ed\" \/>\n\t<meta name=\"twitter:data1\" content=\"2 minuty\" \/>\n<script type=\"application\/ld+json\" class=\"yoast-schema-graph\">{\"@context\":\"https:\\\/\\\/schema.org\",\"@graph\":[{\"@type\":\"WebPage\",\"@id\":\"https:\\\/\\\/richter.ceo\\\/coxs\\\/en\\\/product\\\/equiano\\\/\",\"url\":\"https:\\\/\\\/richter.ceo\\\/coxs\\\/en\\\/product\\\/equiano\\\/\",\"name\":\"Equiano\",\"isPartOf\":{\"@id\":\"https:\\\/\\\/richter.ceo\\\/coxs\\\/en\\\/#website\"},\"primaryImageOfPage\":{\"@id\":\"https:\\\/\\\/richter.ceo\\\/coxs\\\/en\\\/product\\\/equiano\\\/#primaryimage\"},\"image\":{\"@id\":\"https:\\\/\\\/richter.ceo\\\/coxs\\\/en\\\/product\\\/equiano\\\/#primaryimage\"},\"thumbnailUrl\":\"https:\\\/\\\/richter.ceo\\\/coxs\\\/wp-content\\\/uploads\\\/sites\\\/4\\\/2025\\\/05\\\/3005_equiano.jpg\",\"datePublished\":\"2025-05-14T14:15:44+00:00\",\"description\":\"Equiano je prvn\u00edm pr\u00e9miov\u00fdm rumem, jen\u017e vych\u00e1z\u00ed ze spolupr\u00e1ce dvou r\u016fzn\u00fdch destileri\u00ed z dvou r\u016fzn\u00fdch kontinent\u016f, a to konkr\u00e9tn\u011b pal\u00edrny Gray\u2019s z africk\u00e9ho\",\"breadcrumb\":{\"@id\":\"https:\\\/\\\/richter.ceo\\\/coxs\\\/en\\\/product\\\/equiano\\\/#breadcrumb\"},\"inLanguage\":\"cs\",\"potentialAction\":[{\"@type\":\"ReadAction\",\"target\":[\"https:\\\/\\\/richter.ceo\\\/coxs\\\/en\\\/product\\\/equiano\\\/\"]}]},{\"@type\":\"ImageObject\",\"inLanguage\":\"cs\",\"@id\":\"https:\\\/\\\/richter.ceo\\\/coxs\\\/en\\\/product\\\/equiano\\\/#primaryimage\",\"url\":\"https:\\\/\\\/richter.ceo\\\/coxs\\\/wp-content\\\/uploads\\\/sites\\\/4\\\/2025\\\/05\\\/3005_equiano.jpg\",\"contentUrl\":\"https:\\\/\\\/richter.ceo\\\/coxs\\\/wp-content\\\/uploads\\\/sites\\\/4\\\/2025\\\/05\\\/3005_equiano.jpg\",\"width\":600,\"height\":711,\"caption\":\"COXS CLUB\"},{\"@type\":\"BreadcrumbList\",\"@id\":\"https:\\\/\\\/richter.ceo\\\/coxs\\\/en\\\/product\\\/equiano\\\/#breadcrumb\",\"itemListElement\":[{\"@type\":\"ListItem\",\"position\":1,\"name\":\"Dom\u016f\",\"item\":\"https:\\\/\\\/richter.ceo\\\/coxs\\\/\"},{\"@type\":\"ListItem\",\"position\":2,\"name\":\"N\u00c1POJE\",\"item\":\"https:\\\/\\\/richter.ceo\\\/coxs\\\/en\\\/napoje\\\/\"},{\"@type\":\"ListItem\",\"position\":3,\"name\":\"Equiano\"}]},{\"@type\":\"WebSite\",\"@id\":\"https:\\\/\\\/richter.ceo\\\/coxs\\\/en\\\/#website\",\"url\":\"https:\\\/\\\/richter.ceo\\\/coxs\\\/en\\\/\",\"name\":\"COXS CLUB\",\"description\":\"Beton a Rum\",\"publisher\":{\"@id\":\"https:\\\/\\\/richter.ceo\\\/coxs\\\/en\\\/#organization\"},\"potentialAction\":[{\"@type\":\"SearchAction\",\"target\":{\"@type\":\"EntryPoint\",\"urlTemplate\":\"https:\\\/\\\/richter.ceo\\\/coxs\\\/en\\\/?s={search_term_string}\"},\"query-input\":{\"@type\":\"PropertyValueSpecification\",\"valueRequired\":true,\"valueName\":\"search_term_string\"}}],\"inLanguage\":\"cs\"},{\"@type\":\"Organization\",\"@id\":\"https:\\\/\\\/richter.ceo\\\/coxs\\\/en\\\/#organization\",\"name\":\"COXS CLUB\",\"url\":\"https:\\\/\\\/richter.ceo\\\/coxs\\\/en\\\/\",\"logo\":{\"@type\":\"ImageObject\",\"inLanguage\":\"cs\",\"@id\":\"https:\\\/\\\/richter.ceo\\\/coxs\\\/en\\\/#\\\/schema\\\/logo\\\/image\\\/\",\"url\":\"http:\\\/\\\/richter.ceo\\\/coxs\\\/wp-content\\\/uploads\\\/sites\\\/4\\\/2025\\\/05\\\/FAVICON-dark.webp\",\"contentUrl\":\"http:\\\/\\\/richter.ceo\\\/coxs\\\/wp-content\\\/uploads\\\/sites\\\/4\\\/2025\\\/05\\\/FAVICON-dark.webp\",\"width\":512,\"height\":512,\"caption\":\"COXS CLUB\"},\"image\":{\"@id\":\"https:\\\/\\\/richter.ceo\\\/coxs\\\/en\\\/#\\\/schema\\\/logo\\\/image\\\/\"},\"sameAs\":[\"https:\\\/\\\/www.facebook.com\\\/profile.php?id=100088204002615\",\"https:\\\/\\\/www.instagram.com\\\/coxs_coxs\\\/\"]}]}<\/script>\n<!-- \/ Yoast SEO plugin. -->","yoast_head_json":{"title":"Equiano","description":"Equiano je prvn\u00edm pr\u00e9miov\u00fdm rumem, jen\u017e vych\u00e1z\u00ed ze spolupr\u00e1ce dvou r\u016fzn\u00fdch destileri\u00ed z dvou r\u016fzn\u00fdch kontinent\u016f, a to konkr\u00e9tn\u011b pal\u00edrny Gray\u2019s z africk\u00e9ho","robots":{"index":"index","follow":"follow","max-snippet":"max-snippet:-1","max-image-preview":"max-image-preview:large","max-video-preview":"max-video-preview:-1"},"canonical":"https:\/\/richter.ceo\/coxs\/product\/equiano\/","og_locale":"cs_CZ","og_type":"article","og_title":"Equiano","og_description":"Equiano je prvn\u00edm pr\u00e9miov\u00fdm rumem, jen\u017e vych\u00e1z\u00ed ze spolupr\u00e1ce dvou r\u016fzn\u00fdch destileri\u00ed z dvou r\u016fzn\u00fdch kontinent\u016f, a to konkr\u00e9tn\u011b pal\u00edrny Gray\u2019s z africk\u00e9ho","og_url":"https:\/\/richter.ceo\/coxs\/product\/equiano\/","og_site_name":"COXS CLUB","article_publisher":"https:\/\/www.facebook.com\/profile.php?id=100088204002615","og_image":[{"width":600,"height":711,"url":"https:\/\/richter.ceo\/coxs\/wp-content\/uploads\/sites\/4\/2025\/05\/3005_equiano.jpg","type":"image\/jpeg"}],"twitter_card":"summary_large_image","twitter_misc":{"Odhadovan\u00e1 doba \u010dten\u00ed":"2 minuty"},"schema":{"@context":"https:\/\/schema.org","@graph":[{"@type":"WebPage","@id":"https:\/\/richter.ceo\/coxs\/en\/product\/equiano\/","url":"https:\/\/richter.ceo\/coxs\/en\/product\/equiano\/","name":"Equiano","isPartOf":{"@id":"https:\/\/richter.ceo\/coxs\/en\/#website"},"primaryImageOfPage":{"@id":"https:\/\/richter.ceo\/coxs\/en\/product\/equiano\/#primaryimage"},"image":{"@id":"https:\/\/richter.ceo\/coxs\/en\/product\/equiano\/#primaryimage"},"thumbnailUrl":"https:\/\/richter.ceo\/coxs\/wp-content\/uploads\/sites\/4\/2025\/05\/3005_equiano.jpg","datePublished":"2025-05-14T14:15:44+00:00","description":"Equiano je prvn\u00edm pr\u00e9miov\u00fdm rumem, jen\u017e vych\u00e1z\u00ed ze spolupr\u00e1ce dvou r\u016fzn\u00fdch destileri\u00ed z dvou r\u016fzn\u00fdch kontinent\u016f, a to konkr\u00e9tn\u011b pal\u00edrny Gray\u2019s z africk\u00e9ho","breadcrumb":{"@id":"https:\/\/richter.ceo\/coxs\/en\/product\/equiano\/#breadcrumb"},"inLanguage":"cs","potentialAction":[{"@type":"ReadAction","target":["https:\/\/richter.ceo\/coxs\/en\/product\/equiano\/"]}]},{"@type":"ImageObject","inLanguage":"cs","@id":"https:\/\/richter.ceo\/coxs\/en\/product\/equiano\/#primaryimage","url":"https:\/\/richter.ceo\/coxs\/wp-content\/uploads\/sites\/4\/2025\/05\/3005_equiano.jpg","contentUrl":"https:\/\/richter.ceo\/coxs\/wp-content\/uploads\/sites\/4\/2025\/05\/3005_equiano.jpg","width":600,"height":711,"caption":"COXS CLUB"},{"@type":"BreadcrumbList","@id":"https:\/\/richter.ceo\/coxs\/en\/product\/equiano\/#breadcrumb","itemListElement":[{"@type":"ListItem","position":1,"name":"Dom\u016f","item":"https:\/\/richter.ceo\/coxs\/"},{"@type":"ListItem","position":2,"name":"N\u00c1POJE","item":"https:\/\/richter.ceo\/coxs\/en\/napoje\/"},{"@type":"ListItem","position":3,"name":"Equiano"}]},{"@type":"WebSite","@id":"https:\/\/richter.ceo\/coxs\/en\/#website","url":"https:\/\/richter.ceo\/coxs\/en\/","name":"COXS CLUB","description":"Beton a Rum","publisher":{"@id":"https:\/\/richter.ceo\/coxs\/en\/#organization"},"potentialAction":[{"@type":"SearchAction","target":{"@type":"EntryPoint","urlTemplate":"https:\/\/richter.ceo\/coxs\/en\/?s={search_term_string}"},"query-input":{"@type":"PropertyValueSpecification","valueRequired":true,"valueName":"search_term_string"}}],"inLanguage":"cs"},{"@type":"Organization","@id":"https:\/\/richter.ceo\/coxs\/en\/#organization","name":"COXS CLUB","url":"https:\/\/richter.ceo\/coxs\/en\/","logo":{"@type":"ImageObject","inLanguage":"cs","@id":"https:\/\/richter.ceo\/coxs\/en\/#\/schema\/logo\/image\/","url":"http:\/\/richter.ceo\/coxs\/wp-content\/uploads\/sites\/4\/2025\/05\/FAVICON-dark.webp","contentUrl":"http:\/\/richter.ceo\/coxs\/wp-content\/uploads\/sites\/4\/2025\/05\/FAVICON-dark.webp","width":512,"height":512,"caption":"COXS CLUB"},"image":{"@id":"https:\/\/richter.ceo\/coxs\/en\/#\/schema\/logo\/image\/"},"sameAs":["https:\/\/www.facebook.com\/profile.php?id=100088204002615","https:\/\/www.instagram.com\/coxs_coxs\/"]}]}},"_links":{"self":[{"href":"https:\/\/richter.ceo\/coxs\/wp-json\/wp\/v2\/product\/1350","targetHints":{"allow":["GET"]}}],"collection":[{"href":"https:\/\/richter.ceo\/coxs\/wp-json\/wp\/v2\/product"}],"about":[{"href":"https:\/\/richter.ceo\/coxs\/wp-json\/wp\/v2\/types\/product"}],"wp:featuredmedia":[{"embeddable":true,"href":"https:\/\/richter.ceo\/coxs\/wp-json\/wp\/v2\/media\/1214"}],"wp:attachment":[{"href":"https:\/\/richter.ceo\/coxs\/wp-json\/wp\/v2\/media?parent=1350"}],"wp:term":[{"taxonomy":"product_brand","embeddable":true,"href":"https:\/\/richter.ceo\/coxs\/wp-json\/wp\/v2\/product_brand?post=1350"},{"taxonomy":"product_cat","embeddable":true,"href":"https:\/\/richter.ceo\/coxs\/wp-json\/wp\/v2\/product_cat?post=1350"},{"taxonomy":"product_tag","embeddable":true,"href":"https:\/\/richter.ceo\/coxs\/wp-json\/wp\/v2\/product_tag?post=1350"}],"curies":[{"name":"wp","href":"https:\/\/api.w.org\/{rel}","templated":true}]}}