{"id":1361,"date":"2025-05-14T16:36:57","date_gmt":"2025-05-14T14:36:57","guid":{"rendered":"https:\/\/richter.ceo\/coxs\/?post_type=product&#038;p=1361"},"modified":"2025-05-14T16:36:57","modified_gmt":"2025-05-14T14:36:57","slug":"english-harbour-10-y-o-reserve","status":"publish","type":"product","link":"https:\/\/richter.ceo\/coxs\/produkt\/english-harbour-10-y-o-reserve\/","title":{"rendered":"English Harbour 10 y.o. Reserve"},"content":{"rendered":"<p>Antigua Distillery byla na stejnojmenn\u00e9m ostrov\u011b v Karibiku zalo\u017eena ji\u017e v roce 1932. Rumy se dlouho vyr\u00e1b\u011bly na francouzsk\u00e9 destila\u010dn\u00ed kolon\u011b Savalle, kterou postupn\u011b nahradila kolona britsk\u00e9 v\u00fdroby John Dore. \u010c\u00e1sti p\u016fvodn\u00edho za\u0159\u00edzen\u00ed ale z\u016fstaly zachov\u00e1ny a sou\u010dasn\u00fd p\u0159\u00edstroj tak p\u0159edstavuje unik\u00e1tn\u00ed spojen\u00ed francouzsk\u00e9 a britsk\u00e9 destilace. Jedn\u00e1 se o jedin\u00fd p\u0159\u00edstroj sv\u00e9ho druhu a z\u00e1rove\u0148 jedin\u00e1 destila\u010dn\u00ed kolona v Karibiku vyroben\u00e1 100 % z m\u011bdi. Rum pod zna\u010dkou English Harbour byl uveden na trh v roce 1993 a odborn\u00edky je pova\u017eov\u00e1n za jeden z nejlep\u0161\u00edch rum\u016f sou\u010dasn\u00e9ho Karibiku. V roce 2006 ohodnotil \u010dasopis Forbes zna\u010dku za jednu z deseti nejzaj\u00edmav\u011bj\u0161\u00edch rum\u016f na trhu.<\/p>\n<p>&nbsp;<\/p>\n<p>English Harbour 10 Y.O. je v porovn\u00e1n\u00ed s p\u011btiletou verz\u00ed lehce t\u011b\u017e\u0161\u00ed a v\u00fdrazn\u011bj\u0161\u00ed rum, ve kter\u00e9m se ve v\u011bt\u0161\u00ed m\u00ed\u0159e projevuj\u00ed sudy po bourbonu a whisky, ve kter\u00fdch zr\u00e1l minim\u00e1ln\u011b 10 let. Pot\u011b\u0161\u00ed i p\u0159\u00edznivce whiskey.<\/p>\n<p>&nbsp;<\/p>\n<p>Aroma: zprvu jemn\u00e9, s vyv\u00e1\u017een\u00fdmi t\u00f3ny o\u017eehnut\u00e9ho d\u0159eva, citrus\u016f, su\u0161en\u00e9ho ovoce, vanilky a sp\u00e1len\u00e9ho cukru, pot\u00e9 n\u00e1znaky kokosu, sko\u0159ice a tropick\u00fdch kv\u011btin<\/p>\n<p>Chu\u0165: m\u00e1slov\u00e9 bonbony, hutn\u00e1 k\u00e1va, pe\u010den\u00e1 jablka, o\u017eehnut\u00e9 cedrov\u00e9 d\u0159evo, kter\u00e9 p\u0159etrv\u00e1v\u00e1 a\u017e do z\u00e1v\u011bru<\/p>\n<div class=\"elementor-column elementor-col-50 elementor-inner-column elementor-element elementor-element-df5ea97\" data-id=\"df5ea97\" data-element_type=\"column\">\n<div class=\"elementor-widget-wrap elementor-element-populated\">\n<div class=\"elementor-element elementor-element-5f45f876 elementor-widget elementor-widget-woocommerce-product-short-description\" data-id=\"5f45f876\" data-element_type=\"widget\" data-widget_type=\"woocommerce-product-short-description.default\">\n<div class=\"elementor-widget-container\">\n<div class=\"woocommerce-product-details__short-description\">\n<p>Zakon\u010den\u00ed: n\u00e1znak ko\u0159en\u00ed (kardamom, rozmar\u00fdn), karamel, zral\u00e9 ostru\u017einy<\/p>\n<\/div>\n<\/div>\n<\/div>\n<\/div>\n<\/div>\n","protected":false},"excerpt":{"rendered":"<p>Antigua Distillery byla na stejnojmenn\u00e9m ostrov\u011b v Karibiku zalo\u017eena ji\u017e v roce 1932. Rumy se dlouho vyr\u00e1b\u011bly na francouzsk\u00e9 destila\u010dn\u00ed kolon\u011b Savalle, kterou postupn\u011b nahradila kolona britsk\u00e9 v\u00fdroby John Dore. \u010c\u00e1sti p\u016fvodn\u00edho za\u0159\u00edzen\u00ed ale z\u016fstaly zachov\u00e1ny a sou\u010dasn\u00fd p\u0159\u00edstroj tak p\u0159edstavuje unik\u00e1tn\u00ed spojen\u00ed francouzsk\u00e9 a britsk\u00e9 destilace. Jedn\u00e1 se o jedin\u00fd p\u0159\u00edstroj sv\u00e9ho druhu a [&hellip;]<\/p>\n","protected":false},"featured_media":1265,"template":"","meta":{"_acf_changed":false},"product_brand":[212],"product_cat":[117],"product_tag":[],"class_list":{"0":"post-1361","1":"product","2":"type-product","3":"status-publish","4":"has-post-thumbnail","6":"product_brand-english-harbour","7":"product_cat-rum","8":"pa_cena-za-004-l","9":"pa_obsah-alkoholu-21","10":"pa_zeme-male-antily","12":"first","13":"instock","14":"shipping-taxable","15":"purchasable","16":"product-type-simple"},"acf":[],"yoast_head":"<!-- This site is optimized with the Yoast SEO plugin v27.5 - https:\/\/yoast.com\/product\/yoast-seo-wordpress\/ -->\n<title>English Harbour 10 y.o. Reserve<\/title>\n<meta name=\"description\" content=\"Antigua Distillery byla na stejnojmenn\u00e9m ostrov\u011b v Karibiku zalo\u017eena ji\u017e v roce 1932. Rumy se dlouho vyr\u00e1b\u011bly na francouzsk\u00e9 destila\u010dn\u00ed kolon\u011b Savalle,\" \/>\n<meta name=\"robots\" content=\"index, follow, max-snippet:-1, max-image-preview:large, max-video-preview:-1\" \/>\n<link rel=\"canonical\" href=\"https:\/\/richter.ceo\/coxs\/product\/english-harbour-10-y-o-reserve\/\" \/>\n<meta property=\"og:locale\" content=\"cs_CZ\" \/>\n<meta property=\"og:type\" content=\"article\" \/>\n<meta property=\"og:title\" content=\"English Harbour 10 y.o. Reserve\" \/>\n<meta property=\"og:description\" content=\"Antigua Distillery byla na stejnojmenn\u00e9m ostrov\u011b v Karibiku zalo\u017eena ji\u017e v roce 1932. Rumy se dlouho vyr\u00e1b\u011bly na francouzsk\u00e9 destila\u010dn\u00ed kolon\u011b Savalle,\" \/>\n<meta property=\"og:url\" content=\"https:\/\/richter.ceo\/coxs\/product\/english-harbour-10-y-o-reserve\/\" \/>\n<meta property=\"og:site_name\" content=\"COXS CLUB\" \/>\n<meta property=\"article:publisher\" content=\"https:\/\/www.facebook.com\/profile.php?id=100088204002615\" \/>\n<meta property=\"og:image\" content=\"https:\/\/richter.ceo\/coxs\/wp-content\/uploads\/sites\/4\/2025\/05\/3007_english_harbour_10_yoreseve.jpg\" \/>\n\t<meta property=\"og:image:width\" content=\"600\" \/>\n\t<meta property=\"og:image:height\" content=\"711\" \/>\n\t<meta property=\"og:image:type\" content=\"image\/jpeg\" \/>\n<meta name=\"twitter:card\" content=\"summary_large_image\" \/>\n<meta name=\"twitter:label1\" content=\"Odhadovan\u00e1 doba \u010dten\u00ed\" \/>\n\t<meta name=\"twitter:data1\" content=\"1 minuta\" \/>\n<script type=\"application\/ld+json\" class=\"yoast-schema-graph\">{\"@context\":\"https:\\\/\\\/schema.org\",\"@graph\":[{\"@type\":\"WebPage\",\"@id\":\"https:\\\/\\\/richter.ceo\\\/coxs\\\/en\\\/product\\\/english-harbour-10-y-o-reserve\\\/\",\"url\":\"https:\\\/\\\/richter.ceo\\\/coxs\\\/en\\\/product\\\/english-harbour-10-y-o-reserve\\\/\",\"name\":\"English Harbour 10 y.o. Reserve\",\"isPartOf\":{\"@id\":\"https:\\\/\\\/richter.ceo\\\/coxs\\\/en\\\/#website\"},\"primaryImageOfPage\":{\"@id\":\"https:\\\/\\\/richter.ceo\\\/coxs\\\/en\\\/product\\\/english-harbour-10-y-o-reserve\\\/#primaryimage\"},\"image\":{\"@id\":\"https:\\\/\\\/richter.ceo\\\/coxs\\\/en\\\/product\\\/english-harbour-10-y-o-reserve\\\/#primaryimage\"},\"thumbnailUrl\":\"https:\\\/\\\/richter.ceo\\\/coxs\\\/wp-content\\\/uploads\\\/sites\\\/4\\\/2025\\\/05\\\/3007_english_harbour_10_yoreseve.jpg\",\"datePublished\":\"2025-05-14T14:36:57+00:00\",\"description\":\"Antigua Distillery byla na stejnojmenn\u00e9m ostrov\u011b v Karibiku zalo\u017eena ji\u017e v roce 1932. Rumy se dlouho vyr\u00e1b\u011bly na francouzsk\u00e9 destila\u010dn\u00ed kolon\u011b Savalle,\",\"breadcrumb\":{\"@id\":\"https:\\\/\\\/richter.ceo\\\/coxs\\\/en\\\/product\\\/english-harbour-10-y-o-reserve\\\/#breadcrumb\"},\"inLanguage\":\"cs\",\"potentialAction\":[{\"@type\":\"ReadAction\",\"target\":[\"https:\\\/\\\/richter.ceo\\\/coxs\\\/en\\\/product\\\/english-harbour-10-y-o-reserve\\\/\"]}]},{\"@type\":\"ImageObject\",\"inLanguage\":\"cs\",\"@id\":\"https:\\\/\\\/richter.ceo\\\/coxs\\\/en\\\/product\\\/english-harbour-10-y-o-reserve\\\/#primaryimage\",\"url\":\"https:\\\/\\\/richter.ceo\\\/coxs\\\/wp-content\\\/uploads\\\/sites\\\/4\\\/2025\\\/05\\\/3007_english_harbour_10_yoreseve.jpg\",\"contentUrl\":\"https:\\\/\\\/richter.ceo\\\/coxs\\\/wp-content\\\/uploads\\\/sites\\\/4\\\/2025\\\/05\\\/3007_english_harbour_10_yoreseve.jpg\",\"width\":600,\"height\":711,\"caption\":\"COXS CLUB\"},{\"@type\":\"BreadcrumbList\",\"@id\":\"https:\\\/\\\/richter.ceo\\\/coxs\\\/en\\\/product\\\/english-harbour-10-y-o-reserve\\\/#breadcrumb\",\"itemListElement\":[{\"@type\":\"ListItem\",\"position\":1,\"name\":\"Dom\u016f\",\"item\":\"https:\\\/\\\/richter.ceo\\\/coxs\\\/\"},{\"@type\":\"ListItem\",\"position\":2,\"name\":\"N\u00c1POJE\",\"item\":\"https:\\\/\\\/richter.ceo\\\/coxs\\\/en\\\/napoje\\\/\"},{\"@type\":\"ListItem\",\"position\":3,\"name\":\"English Harbour 10 y.o. Reserve\"}]},{\"@type\":\"WebSite\",\"@id\":\"https:\\\/\\\/richter.ceo\\\/coxs\\\/en\\\/#website\",\"url\":\"https:\\\/\\\/richter.ceo\\\/coxs\\\/en\\\/\",\"name\":\"COXS CLUB\",\"description\":\"Beton a Rum\",\"publisher\":{\"@id\":\"https:\\\/\\\/richter.ceo\\\/coxs\\\/en\\\/#organization\"},\"potentialAction\":[{\"@type\":\"SearchAction\",\"target\":{\"@type\":\"EntryPoint\",\"urlTemplate\":\"https:\\\/\\\/richter.ceo\\\/coxs\\\/en\\\/?s={search_term_string}\"},\"query-input\":{\"@type\":\"PropertyValueSpecification\",\"valueRequired\":true,\"valueName\":\"search_term_string\"}}],\"inLanguage\":\"cs\"},{\"@type\":\"Organization\",\"@id\":\"https:\\\/\\\/richter.ceo\\\/coxs\\\/en\\\/#organization\",\"name\":\"COXS CLUB\",\"url\":\"https:\\\/\\\/richter.ceo\\\/coxs\\\/en\\\/\",\"logo\":{\"@type\":\"ImageObject\",\"inLanguage\":\"cs\",\"@id\":\"https:\\\/\\\/richter.ceo\\\/coxs\\\/en\\\/#\\\/schema\\\/logo\\\/image\\\/\",\"url\":\"http:\\\/\\\/richter.ceo\\\/coxs\\\/wp-content\\\/uploads\\\/sites\\\/4\\\/2025\\\/05\\\/FAVICON-dark.webp\",\"contentUrl\":\"http:\\\/\\\/richter.ceo\\\/coxs\\\/wp-content\\\/uploads\\\/sites\\\/4\\\/2025\\\/05\\\/FAVICON-dark.webp\",\"width\":512,\"height\":512,\"caption\":\"COXS CLUB\"},\"image\":{\"@id\":\"https:\\\/\\\/richter.ceo\\\/coxs\\\/en\\\/#\\\/schema\\\/logo\\\/image\\\/\"},\"sameAs\":[\"https:\\\/\\\/www.facebook.com\\\/profile.php?id=100088204002615\",\"https:\\\/\\\/www.instagram.com\\\/coxs_coxs\\\/\"]}]}<\/script>\n<!-- \/ Yoast SEO plugin. -->","yoast_head_json":{"title":"English Harbour 10 y.o. Reserve","description":"Antigua Distillery byla na stejnojmenn\u00e9m ostrov\u011b v Karibiku zalo\u017eena ji\u017e v roce 1932. Rumy se dlouho vyr\u00e1b\u011bly na francouzsk\u00e9 destila\u010dn\u00ed kolon\u011b Savalle,","robots":{"index":"index","follow":"follow","max-snippet":"max-snippet:-1","max-image-preview":"max-image-preview:large","max-video-preview":"max-video-preview:-1"},"canonical":"https:\/\/richter.ceo\/coxs\/product\/english-harbour-10-y-o-reserve\/","og_locale":"cs_CZ","og_type":"article","og_title":"English Harbour 10 y.o. Reserve","og_description":"Antigua Distillery byla na stejnojmenn\u00e9m ostrov\u011b v Karibiku zalo\u017eena ji\u017e v roce 1932. Rumy se dlouho vyr\u00e1b\u011bly na francouzsk\u00e9 destila\u010dn\u00ed kolon\u011b Savalle,","og_url":"https:\/\/richter.ceo\/coxs\/product\/english-harbour-10-y-o-reserve\/","og_site_name":"COXS CLUB","article_publisher":"https:\/\/www.facebook.com\/profile.php?id=100088204002615","og_image":[{"width":600,"height":711,"url":"https:\/\/richter.ceo\/coxs\/wp-content\/uploads\/sites\/4\/2025\/05\/3007_english_harbour_10_yoreseve.jpg","type":"image\/jpeg"}],"twitter_card":"summary_large_image","twitter_misc":{"Odhadovan\u00e1 doba \u010dten\u00ed":"1 minuta"},"schema":{"@context":"https:\/\/schema.org","@graph":[{"@type":"WebPage","@id":"https:\/\/richter.ceo\/coxs\/en\/product\/english-harbour-10-y-o-reserve\/","url":"https:\/\/richter.ceo\/coxs\/en\/product\/english-harbour-10-y-o-reserve\/","name":"English Harbour 10 y.o. Reserve","isPartOf":{"@id":"https:\/\/richter.ceo\/coxs\/en\/#website"},"primaryImageOfPage":{"@id":"https:\/\/richter.ceo\/coxs\/en\/product\/english-harbour-10-y-o-reserve\/#primaryimage"},"image":{"@id":"https:\/\/richter.ceo\/coxs\/en\/product\/english-harbour-10-y-o-reserve\/#primaryimage"},"thumbnailUrl":"https:\/\/richter.ceo\/coxs\/wp-content\/uploads\/sites\/4\/2025\/05\/3007_english_harbour_10_yoreseve.jpg","datePublished":"2025-05-14T14:36:57+00:00","description":"Antigua Distillery byla na stejnojmenn\u00e9m ostrov\u011b v Karibiku zalo\u017eena ji\u017e v roce 1932. Rumy se dlouho vyr\u00e1b\u011bly na francouzsk\u00e9 destila\u010dn\u00ed kolon\u011b Savalle,","breadcrumb":{"@id":"https:\/\/richter.ceo\/coxs\/en\/product\/english-harbour-10-y-o-reserve\/#breadcrumb"},"inLanguage":"cs","potentialAction":[{"@type":"ReadAction","target":["https:\/\/richter.ceo\/coxs\/en\/product\/english-harbour-10-y-o-reserve\/"]}]},{"@type":"ImageObject","inLanguage":"cs","@id":"https:\/\/richter.ceo\/coxs\/en\/product\/english-harbour-10-y-o-reserve\/#primaryimage","url":"https:\/\/richter.ceo\/coxs\/wp-content\/uploads\/sites\/4\/2025\/05\/3007_english_harbour_10_yoreseve.jpg","contentUrl":"https:\/\/richter.ceo\/coxs\/wp-content\/uploads\/sites\/4\/2025\/05\/3007_english_harbour_10_yoreseve.jpg","width":600,"height":711,"caption":"COXS CLUB"},{"@type":"BreadcrumbList","@id":"https:\/\/richter.ceo\/coxs\/en\/product\/english-harbour-10-y-o-reserve\/#breadcrumb","itemListElement":[{"@type":"ListItem","position":1,"name":"Dom\u016f","item":"https:\/\/richter.ceo\/coxs\/"},{"@type":"ListItem","position":2,"name":"N\u00c1POJE","item":"https:\/\/richter.ceo\/coxs\/en\/napoje\/"},{"@type":"ListItem","position":3,"name":"English Harbour 10 y.o. Reserve"}]},{"@type":"WebSite","@id":"https:\/\/richter.ceo\/coxs\/en\/#website","url":"https:\/\/richter.ceo\/coxs\/en\/","name":"COXS CLUB","description":"Beton a Rum","publisher":{"@id":"https:\/\/richter.ceo\/coxs\/en\/#organization"},"potentialAction":[{"@type":"SearchAction","target":{"@type":"EntryPoint","urlTemplate":"https:\/\/richter.ceo\/coxs\/en\/?s={search_term_string}"},"query-input":{"@type":"PropertyValueSpecification","valueRequired":true,"valueName":"search_term_string"}}],"inLanguage":"cs"},{"@type":"Organization","@id":"https:\/\/richter.ceo\/coxs\/en\/#organization","name":"COXS CLUB","url":"https:\/\/richter.ceo\/coxs\/en\/","logo":{"@type":"ImageObject","inLanguage":"cs","@id":"https:\/\/richter.ceo\/coxs\/en\/#\/schema\/logo\/image\/","url":"http:\/\/richter.ceo\/coxs\/wp-content\/uploads\/sites\/4\/2025\/05\/FAVICON-dark.webp","contentUrl":"http:\/\/richter.ceo\/coxs\/wp-content\/uploads\/sites\/4\/2025\/05\/FAVICON-dark.webp","width":512,"height":512,"caption":"COXS CLUB"},"image":{"@id":"https:\/\/richter.ceo\/coxs\/en\/#\/schema\/logo\/image\/"},"sameAs":["https:\/\/www.facebook.com\/profile.php?id=100088204002615","https:\/\/www.instagram.com\/coxs_coxs\/"]}]}},"_links":{"self":[{"href":"https:\/\/richter.ceo\/coxs\/wp-json\/wp\/v2\/product\/1361","targetHints":{"allow":["GET"]}}],"collection":[{"href":"https:\/\/richter.ceo\/coxs\/wp-json\/wp\/v2\/product"}],"about":[{"href":"https:\/\/richter.ceo\/coxs\/wp-json\/wp\/v2\/types\/product"}],"wp:featuredmedia":[{"embeddable":true,"href":"https:\/\/richter.ceo\/coxs\/wp-json\/wp\/v2\/media\/1265"}],"wp:attachment":[{"href":"https:\/\/richter.ceo\/coxs\/wp-json\/wp\/v2\/media?parent=1361"}],"wp:term":[{"taxonomy":"product_brand","embeddable":true,"href":"https:\/\/richter.ceo\/coxs\/wp-json\/wp\/v2\/product_brand?post=1361"},{"taxonomy":"product_cat","embeddable":true,"href":"https:\/\/richter.ceo\/coxs\/wp-json\/wp\/v2\/product_cat?post=1361"},{"taxonomy":"product_tag","embeddable":true,"href":"https:\/\/richter.ceo\/coxs\/wp-json\/wp\/v2\/product_tag?post=1361"}],"curies":[{"name":"wp","href":"https:\/\/api.w.org\/{rel}","templated":true}]}}