{"id":1363,"date":"2025-05-14T16:41:09","date_gmt":"2025-05-14T14:41:09","guid":{"rendered":"https:\/\/richter.ceo\/coxs\/?post_type=product&#038;p=1363"},"modified":"2025-05-14T16:41:09","modified_gmt":"2025-05-14T14:41:09","slug":"papiamento-aruba-reserve","status":"publish","type":"product","link":"https:\/\/richter.ceo\/coxs\/produkt\/papiamento-aruba-reserve\/","title":{"rendered":"Papiamento Aruba Reserve"},"content":{"rendered":"<p>Ostrov Aruba se nach\u00e1z\u00ed se v ji\u017en\u00edm Karibiku, asi 1600 km z\u00e1padn\u011b od hlavn\u00ed \u010d\u00e1sti Mal\u00fdch Antil a 29 km severn\u011b od pob\u0159e\u017e\u00ed Venezuely. Ostrov m\u011b\u0159\u00ed jen 32 km na v\u00fd\u0161ku a 10 km na \u0161\u00ed\u0159ku. S ostrovem Bonaire a Cura\u00e7au tvo\u0159\u00ed skupinu zvanou ABC ostrovy a s dal\u0161\u00edmi holandsk\u00fdmi ostrovy p\u0159edstavuj\u00ed tzv. holandsk\u00fd Karibik.<\/p>\n<p>&nbsp;<\/p>\n<p>Papiamento je m\u00edstn\u00ed jazyk, kter\u00fdm se mluv\u00ed na ABC ostrovech. Jde o spojen\u00ed africk\u00e9ho, \u0161pan\u011blsk\u00e9ho, portugalsk\u00e9ho, anglick\u00e9ho, holandsk\u00e9ho jazyka a \u0159e\u010di Arawak, kterou mluvili m\u00edstn\u00ed obyvatel\u00e9 p\u0159edt\u00edm, ne\u017e byla oblast kolonizov\u00e1na. Rum Papiamento Aruba Reserve je inspirovan\u00fd kulturou a p\u0159\u00edb\u011bhy tohoto mal\u00e9ho ostrova.<\/p>\n<p>&nbsp;<\/p>\n<p>Rum se vyr\u00e1b\u00ed z melasy ve v\u00e1rk\u00e1ch na dvousloupcov\u00e9 destila\u010dn\u00ed kolon\u011b, kter\u00e1 je vyroben\u00e1 \u010d\u00e1ste\u010dn\u011b z m\u011bdi. Tak jako je ka\u017ed\u00fd dobr\u00fd p\u0159\u00edb\u011bh slo\u017een z mnoha r\u016fzn\u00fdch z\u00e1\u017eitk\u016f, tento blend se skl\u00e1d\u00e1 z \u0159ady lehk\u00fdch a t\u011b\u017ek\u00fdch rum\u016f, jejich\u017e st\u00e1\u0159\u00ed se pohybuje od 3 a\u017e po 12 a 15 let. Pro zr\u00e1n\u00ed se pou\u017e\u00edvaj\u00ed sudy z nov\u00e9ho sv\u011bta, tedy sudy z americk\u00e9ho b\u00edl\u00e9ho dubu po bourbonu a Tennessee whiskey, a pro z\u00e1v\u011bre\u010dn\u00fd dotek se ukl\u00e1daj\u00ed do sud\u016f ze star\u00e9ho sv\u011bta, tedy sud\u016f z francouzsk\u00e9ho dubu po \u0161pan\u011blsk\u00e9m sherry, kter\u00e9 dod\u00e1vaj\u00ed jemnou a nasl\u00e1dlou dochu\u0165.<\/p>\n<p>&nbsp;<\/p>\n<div class=\"elementor-column elementor-col-50 elementor-inner-column elementor-element elementor-element-df5ea97\" data-id=\"df5ea97\" data-element_type=\"column\">\n<div class=\"elementor-widget-wrap elementor-element-populated\">\n<div class=\"elementor-element elementor-element-5f45f876 elementor-widget elementor-widget-woocommerce-product-short-description\" data-id=\"5f45f876\" data-element_type=\"widget\" data-widget_type=\"woocommerce-product-short-description.default\">\n<div class=\"elementor-widget-container\">\n<div class=\"woocommerce-product-details__short-description\">\n<p>Aroma je komplexn\u00ed a pln\u00e9 charakteru, s t\u00f3ny javorov\u00e9ho sirupu, pomeran\u010dov\u00e9 k\u016fry a tmav\u00e9ho cukru. Chu\u0165 je jemn\u00e1 a uvoln\u011bn\u00e1, s t\u00f3ny sladk\u00e9ho karamelu a sv\u016fdn\u00fdm, sofistikovan\u00fdm z\u00e1v\u011brem.<\/p>\n<\/div>\n<\/div>\n<\/div>\n<\/div>\n<\/div>\n","protected":false},"excerpt":{"rendered":"<p>Ostrov Aruba se nach\u00e1z\u00ed se v ji\u017en\u00edm Karibiku, asi 1600 km z\u00e1padn\u011b od hlavn\u00ed \u010d\u00e1sti Mal\u00fdch Antil a 29 km severn\u011b od pob\u0159e\u017e\u00ed Venezuely. Ostrov m\u011b\u0159\u00ed jen 32 km na v\u00fd\u0161ku a 10 km na \u0161\u00ed\u0159ku. S ostrovem Bonaire a Cura\u00e7au tvo\u0159\u00ed skupinu zvanou ABC ostrovy a s dal\u0161\u00edmi holandsk\u00fdmi ostrovy p\u0159edstavuj\u00ed tzv. holandsk\u00fd Karibik. [&hellip;]<\/p>\n","protected":false},"featured_media":1267,"template":"","meta":{"_acf_changed":false},"product_brand":[216],"product_cat":[117],"product_tag":[],"class_list":{"0":"post-1363","1":"product","2":"type-product","3":"status-publish","4":"has-post-thumbnail","6":"product_brand-papiamento","7":"product_cat-rum","8":"pa_cena-za-004-l","9":"pa_obsah-alkoholu-21","10":"pa_zeme-aruba","12":"first","13":"instock","14":"shipping-taxable","15":"purchasable","16":"product-type-simple"},"acf":[],"yoast_head":"<!-- This site is optimized with the Yoast SEO plugin v27.5 - https:\/\/yoast.com\/product\/yoast-seo-wordpress\/ -->\n<title>Papiamento Aruba Reserve<\/title>\n<meta name=\"description\" content=\"Ostrov Aruba se nach\u00e1z\u00ed se v ji\u017en\u00edm Karibiku, asi 1600 km z\u00e1padn\u011b od hlavn\u00ed \u010d\u00e1sti Mal\u00fdch Antil a 29 km severn\u011b od pob\u0159e\u017e\u00ed Venezuely. Ostrov m\u011b\u0159\u00ed jen 32 km\" \/>\n<meta name=\"robots\" content=\"index, follow, max-snippet:-1, max-image-preview:large, max-video-preview:-1\" \/>\n<link rel=\"canonical\" href=\"https:\/\/richter.ceo\/coxs\/product\/papiamento-aruba-reserve\/\" \/>\n<meta property=\"og:locale\" content=\"cs_CZ\" \/>\n<meta property=\"og:type\" content=\"article\" \/>\n<meta property=\"og:title\" content=\"Papiamento Aruba Reserve\" \/>\n<meta property=\"og:description\" content=\"Ostrov Aruba se nach\u00e1z\u00ed se v ji\u017en\u00edm Karibiku, asi 1600 km z\u00e1padn\u011b od hlavn\u00ed \u010d\u00e1sti Mal\u00fdch Antil a 29 km severn\u011b od pob\u0159e\u017e\u00ed Venezuely. Ostrov m\u011b\u0159\u00ed jen 32 km\" \/>\n<meta property=\"og:url\" content=\"https:\/\/richter.ceo\/coxs\/product\/papiamento-aruba-reserve\/\" \/>\n<meta property=\"og:site_name\" content=\"COXS CLUB\" \/>\n<meta property=\"article:publisher\" content=\"https:\/\/www.facebook.com\/profile.php?id=100088204002615\" \/>\n<meta property=\"og:image\" content=\"https:\/\/richter.ceo\/coxs\/wp-content\/uploads\/sites\/4\/2025\/05\/3032_papiamento_aruba_reserve_2-864x1024-1.jpg\" \/>\n\t<meta property=\"og:image:width\" content=\"864\" \/>\n\t<meta property=\"og:image:height\" content=\"1024\" \/>\n\t<meta property=\"og:image:type\" content=\"image\/jpeg\" \/>\n<meta name=\"twitter:card\" content=\"summary_large_image\" \/>\n<meta name=\"twitter:label1\" content=\"Odhadovan\u00e1 doba \u010dten\u00ed\" \/>\n\t<meta name=\"twitter:data1\" content=\"1 minuta\" \/>\n<script type=\"application\/ld+json\" class=\"yoast-schema-graph\">{\"@context\":\"https:\\\/\\\/schema.org\",\"@graph\":[{\"@type\":\"WebPage\",\"@id\":\"https:\\\/\\\/richter.ceo\\\/coxs\\\/en\\\/product\\\/papiamento-aruba-reserve\\\/\",\"url\":\"https:\\\/\\\/richter.ceo\\\/coxs\\\/en\\\/product\\\/papiamento-aruba-reserve\\\/\",\"name\":\"Papiamento Aruba Reserve\",\"isPartOf\":{\"@id\":\"https:\\\/\\\/richter.ceo\\\/coxs\\\/en\\\/#website\"},\"primaryImageOfPage\":{\"@id\":\"https:\\\/\\\/richter.ceo\\\/coxs\\\/en\\\/product\\\/papiamento-aruba-reserve\\\/#primaryimage\"},\"image\":{\"@id\":\"https:\\\/\\\/richter.ceo\\\/coxs\\\/en\\\/product\\\/papiamento-aruba-reserve\\\/#primaryimage\"},\"thumbnailUrl\":\"https:\\\/\\\/richter.ceo\\\/coxs\\\/wp-content\\\/uploads\\\/sites\\\/4\\\/2025\\\/05\\\/3032_papiamento_aruba_reserve_2-864x1024-1.jpg\",\"datePublished\":\"2025-05-14T14:41:09+00:00\",\"description\":\"Ostrov Aruba se nach\u00e1z\u00ed se v ji\u017en\u00edm Karibiku, asi 1600 km z\u00e1padn\u011b od hlavn\u00ed \u010d\u00e1sti Mal\u00fdch Antil a 29 km severn\u011b od pob\u0159e\u017e\u00ed Venezuely. Ostrov m\u011b\u0159\u00ed jen 32 km\",\"breadcrumb\":{\"@id\":\"https:\\\/\\\/richter.ceo\\\/coxs\\\/en\\\/product\\\/papiamento-aruba-reserve\\\/#breadcrumb\"},\"inLanguage\":\"cs\",\"potentialAction\":[{\"@type\":\"ReadAction\",\"target\":[\"https:\\\/\\\/richter.ceo\\\/coxs\\\/en\\\/product\\\/papiamento-aruba-reserve\\\/\"]}]},{\"@type\":\"ImageObject\",\"inLanguage\":\"cs\",\"@id\":\"https:\\\/\\\/richter.ceo\\\/coxs\\\/en\\\/product\\\/papiamento-aruba-reserve\\\/#primaryimage\",\"url\":\"https:\\\/\\\/richter.ceo\\\/coxs\\\/wp-content\\\/uploads\\\/sites\\\/4\\\/2025\\\/05\\\/3032_papiamento_aruba_reserve_2-864x1024-1.jpg\",\"contentUrl\":\"https:\\\/\\\/richter.ceo\\\/coxs\\\/wp-content\\\/uploads\\\/sites\\\/4\\\/2025\\\/05\\\/3032_papiamento_aruba_reserve_2-864x1024-1.jpg\",\"width\":864,\"height\":1024,\"caption\":\"COXS CLUB\"},{\"@type\":\"BreadcrumbList\",\"@id\":\"https:\\\/\\\/richter.ceo\\\/coxs\\\/en\\\/product\\\/papiamento-aruba-reserve\\\/#breadcrumb\",\"itemListElement\":[{\"@type\":\"ListItem\",\"position\":1,\"name\":\"Dom\u016f\",\"item\":\"https:\\\/\\\/richter.ceo\\\/coxs\\\/\"},{\"@type\":\"ListItem\",\"position\":2,\"name\":\"N\u00c1POJE\",\"item\":\"https:\\\/\\\/richter.ceo\\\/coxs\\\/en\\\/napoje\\\/\"},{\"@type\":\"ListItem\",\"position\":3,\"name\":\"Papiamento Aruba Reserve\"}]},{\"@type\":\"WebSite\",\"@id\":\"https:\\\/\\\/richter.ceo\\\/coxs\\\/en\\\/#website\",\"url\":\"https:\\\/\\\/richter.ceo\\\/coxs\\\/en\\\/\",\"name\":\"COXS CLUB\",\"description\":\"Beton a Rum\",\"publisher\":{\"@id\":\"https:\\\/\\\/richter.ceo\\\/coxs\\\/en\\\/#organization\"},\"potentialAction\":[{\"@type\":\"SearchAction\",\"target\":{\"@type\":\"EntryPoint\",\"urlTemplate\":\"https:\\\/\\\/richter.ceo\\\/coxs\\\/en\\\/?s={search_term_string}\"},\"query-input\":{\"@type\":\"PropertyValueSpecification\",\"valueRequired\":true,\"valueName\":\"search_term_string\"}}],\"inLanguage\":\"cs\"},{\"@type\":\"Organization\",\"@id\":\"https:\\\/\\\/richter.ceo\\\/coxs\\\/en\\\/#organization\",\"name\":\"COXS CLUB\",\"url\":\"https:\\\/\\\/richter.ceo\\\/coxs\\\/en\\\/\",\"logo\":{\"@type\":\"ImageObject\",\"inLanguage\":\"cs\",\"@id\":\"https:\\\/\\\/richter.ceo\\\/coxs\\\/en\\\/#\\\/schema\\\/logo\\\/image\\\/\",\"url\":\"http:\\\/\\\/richter.ceo\\\/coxs\\\/wp-content\\\/uploads\\\/sites\\\/4\\\/2025\\\/05\\\/FAVICON-dark.webp\",\"contentUrl\":\"http:\\\/\\\/richter.ceo\\\/coxs\\\/wp-content\\\/uploads\\\/sites\\\/4\\\/2025\\\/05\\\/FAVICON-dark.webp\",\"width\":512,\"height\":512,\"caption\":\"COXS CLUB\"},\"image\":{\"@id\":\"https:\\\/\\\/richter.ceo\\\/coxs\\\/en\\\/#\\\/schema\\\/logo\\\/image\\\/\"},\"sameAs\":[\"https:\\\/\\\/www.facebook.com\\\/profile.php?id=100088204002615\",\"https:\\\/\\\/www.instagram.com\\\/coxs_coxs\\\/\"]}]}<\/script>\n<!-- \/ Yoast SEO plugin. -->","yoast_head_json":{"title":"Papiamento Aruba Reserve","description":"Ostrov Aruba se nach\u00e1z\u00ed se v ji\u017en\u00edm Karibiku, asi 1600 km z\u00e1padn\u011b od hlavn\u00ed \u010d\u00e1sti Mal\u00fdch Antil a 29 km severn\u011b od pob\u0159e\u017e\u00ed Venezuely. Ostrov m\u011b\u0159\u00ed jen 32 km","robots":{"index":"index","follow":"follow","max-snippet":"max-snippet:-1","max-image-preview":"max-image-preview:large","max-video-preview":"max-video-preview:-1"},"canonical":"https:\/\/richter.ceo\/coxs\/product\/papiamento-aruba-reserve\/","og_locale":"cs_CZ","og_type":"article","og_title":"Papiamento Aruba Reserve","og_description":"Ostrov Aruba se nach\u00e1z\u00ed se v ji\u017en\u00edm Karibiku, asi 1600 km z\u00e1padn\u011b od hlavn\u00ed \u010d\u00e1sti Mal\u00fdch Antil a 29 km severn\u011b od pob\u0159e\u017e\u00ed Venezuely. Ostrov m\u011b\u0159\u00ed jen 32 km","og_url":"https:\/\/richter.ceo\/coxs\/product\/papiamento-aruba-reserve\/","og_site_name":"COXS CLUB","article_publisher":"https:\/\/www.facebook.com\/profile.php?id=100088204002615","og_image":[{"width":864,"height":1024,"url":"https:\/\/richter.ceo\/coxs\/wp-content\/uploads\/sites\/4\/2025\/05\/3032_papiamento_aruba_reserve_2-864x1024-1.jpg","type":"image\/jpeg"}],"twitter_card":"summary_large_image","twitter_misc":{"Odhadovan\u00e1 doba \u010dten\u00ed":"1 minuta"},"schema":{"@context":"https:\/\/schema.org","@graph":[{"@type":"WebPage","@id":"https:\/\/richter.ceo\/coxs\/en\/product\/papiamento-aruba-reserve\/","url":"https:\/\/richter.ceo\/coxs\/en\/product\/papiamento-aruba-reserve\/","name":"Papiamento Aruba Reserve","isPartOf":{"@id":"https:\/\/richter.ceo\/coxs\/en\/#website"},"primaryImageOfPage":{"@id":"https:\/\/richter.ceo\/coxs\/en\/product\/papiamento-aruba-reserve\/#primaryimage"},"image":{"@id":"https:\/\/richter.ceo\/coxs\/en\/product\/papiamento-aruba-reserve\/#primaryimage"},"thumbnailUrl":"https:\/\/richter.ceo\/coxs\/wp-content\/uploads\/sites\/4\/2025\/05\/3032_papiamento_aruba_reserve_2-864x1024-1.jpg","datePublished":"2025-05-14T14:41:09+00:00","description":"Ostrov Aruba se nach\u00e1z\u00ed se v ji\u017en\u00edm Karibiku, asi 1600 km z\u00e1padn\u011b od hlavn\u00ed \u010d\u00e1sti Mal\u00fdch Antil a 29 km severn\u011b od pob\u0159e\u017e\u00ed Venezuely. Ostrov m\u011b\u0159\u00ed jen 32 km","breadcrumb":{"@id":"https:\/\/richter.ceo\/coxs\/en\/product\/papiamento-aruba-reserve\/#breadcrumb"},"inLanguage":"cs","potentialAction":[{"@type":"ReadAction","target":["https:\/\/richter.ceo\/coxs\/en\/product\/papiamento-aruba-reserve\/"]}]},{"@type":"ImageObject","inLanguage":"cs","@id":"https:\/\/richter.ceo\/coxs\/en\/product\/papiamento-aruba-reserve\/#primaryimage","url":"https:\/\/richter.ceo\/coxs\/wp-content\/uploads\/sites\/4\/2025\/05\/3032_papiamento_aruba_reserve_2-864x1024-1.jpg","contentUrl":"https:\/\/richter.ceo\/coxs\/wp-content\/uploads\/sites\/4\/2025\/05\/3032_papiamento_aruba_reserve_2-864x1024-1.jpg","width":864,"height":1024,"caption":"COXS CLUB"},{"@type":"BreadcrumbList","@id":"https:\/\/richter.ceo\/coxs\/en\/product\/papiamento-aruba-reserve\/#breadcrumb","itemListElement":[{"@type":"ListItem","position":1,"name":"Dom\u016f","item":"https:\/\/richter.ceo\/coxs\/"},{"@type":"ListItem","position":2,"name":"N\u00c1POJE","item":"https:\/\/richter.ceo\/coxs\/en\/napoje\/"},{"@type":"ListItem","position":3,"name":"Papiamento Aruba Reserve"}]},{"@type":"WebSite","@id":"https:\/\/richter.ceo\/coxs\/en\/#website","url":"https:\/\/richter.ceo\/coxs\/en\/","name":"COXS CLUB","description":"Beton a Rum","publisher":{"@id":"https:\/\/richter.ceo\/coxs\/en\/#organization"},"potentialAction":[{"@type":"SearchAction","target":{"@type":"EntryPoint","urlTemplate":"https:\/\/richter.ceo\/coxs\/en\/?s={search_term_string}"},"query-input":{"@type":"PropertyValueSpecification","valueRequired":true,"valueName":"search_term_string"}}],"inLanguage":"cs"},{"@type":"Organization","@id":"https:\/\/richter.ceo\/coxs\/en\/#organization","name":"COXS CLUB","url":"https:\/\/richter.ceo\/coxs\/en\/","logo":{"@type":"ImageObject","inLanguage":"cs","@id":"https:\/\/richter.ceo\/coxs\/en\/#\/schema\/logo\/image\/","url":"http:\/\/richter.ceo\/coxs\/wp-content\/uploads\/sites\/4\/2025\/05\/FAVICON-dark.webp","contentUrl":"http:\/\/richter.ceo\/coxs\/wp-content\/uploads\/sites\/4\/2025\/05\/FAVICON-dark.webp","width":512,"height":512,"caption":"COXS CLUB"},"image":{"@id":"https:\/\/richter.ceo\/coxs\/en\/#\/schema\/logo\/image\/"},"sameAs":["https:\/\/www.facebook.com\/profile.php?id=100088204002615","https:\/\/www.instagram.com\/coxs_coxs\/"]}]}},"_links":{"self":[{"href":"https:\/\/richter.ceo\/coxs\/wp-json\/wp\/v2\/product\/1363","targetHints":{"allow":["GET"]}}],"collection":[{"href":"https:\/\/richter.ceo\/coxs\/wp-json\/wp\/v2\/product"}],"about":[{"href":"https:\/\/richter.ceo\/coxs\/wp-json\/wp\/v2\/types\/product"}],"wp:featuredmedia":[{"embeddable":true,"href":"https:\/\/richter.ceo\/coxs\/wp-json\/wp\/v2\/media\/1267"}],"wp:attachment":[{"href":"https:\/\/richter.ceo\/coxs\/wp-json\/wp\/v2\/media?parent=1363"}],"wp:term":[{"taxonomy":"product_brand","embeddable":true,"href":"https:\/\/richter.ceo\/coxs\/wp-json\/wp\/v2\/product_brand?post=1363"},{"taxonomy":"product_cat","embeddable":true,"href":"https:\/\/richter.ceo\/coxs\/wp-json\/wp\/v2\/product_cat?post=1363"},{"taxonomy":"product_tag","embeddable":true,"href":"https:\/\/richter.ceo\/coxs\/wp-json\/wp\/v2\/product_tag?post=1363"}],"curies":[{"name":"wp","href":"https:\/\/api.w.org\/{rel}","templated":true}]}}