{"id":1364,"date":"2025-05-14T16:43:20","date_gmt":"2025-05-14T14:43:20","guid":{"rendered":"https:\/\/richter.ceo\/coxs\/?post_type=product&#038;p=1364"},"modified":"2025-05-14T16:43:20","modified_gmt":"2025-05-14T14:43:20","slug":"ron-del-barrilito","status":"publish","type":"product","link":"https:\/\/richter.ceo\/coxs\/produkt\/ron-del-barrilito\/","title":{"rendered":"Ron Del Barrilito"},"content":{"rendered":"<div class=\"elementor-column elementor-col-50 elementor-inner-column elementor-element elementor-element-df5ea97\" data-id=\"df5ea97\" data-element_type=\"column\">\n<div class=\"elementor-widget-wrap elementor-element-populated\">\n<div class=\"elementor-element elementor-element-5f45f876 elementor-widget elementor-widget-woocommerce-product-short-description\" data-id=\"5f45f876\" data-element_type=\"widget\" data-widget_type=\"woocommerce-product-short-description.default\">\n<div class=\"elementor-widget-container\">\n<div class=\"woocommerce-product-details__short-description\">\n<p>Ron del Barrilito je vyr\u00e1b\u011bn na ostrov\u011b Portoriko v srdci Karibiku. Tajn\u00fd recept vymyslel Pedro F. Fernand\u00e9z ji\u017e v roce 1871 a stejnou cestou vyr\u00e1b\u00ed jeho rodina rum dodnes. Pro zr\u00e1n\u00ed se pou\u017e\u00edvaj\u00ed velmi star\u00e9 sudy po sherry. Tento rum st\u00e1rne metodou pomal\u00e9ho neru\u0161en\u00e9ho zr\u00e1n\u00ed, kde je \u010d\u00e1st ulo\u017een\u00e9ho rumu ztracena vypa\u0159ov\u00e1n\u00edm. V p\u0159\u00edpad\u011b rumu Barillito se ji\u017e rum do sud\u016f b\u011bhem zr\u00e1n\u00ed nedopl\u0148uje. Odpa\u0159en\u00e9 mno\u017estv\u00ed rumu, tedy and\u011blsk\u00fd pod\u00edl, m\u016f\u017ee dos\u00e1hnout a\u017e 40 %, jin\u00fdmi slovy skoro polovina destilovan\u00e9ho rumu je ztracena. Rum, kter\u00fd z\u016fst\u00e1v\u00e1 uchov\u00e1n v soudku, je zde naz\u00fdv\u00e1n And\u011blsk\u00fd poklad s v\u00fdjime\u010dnou, ojedin\u011blou charakteristickou chut\u00ed a je vyr\u00e1b\u011bn v limitovan\u00fdch edic\u00edch. Ron del Barrilito Superior Especial je blendem 6\u201310let\u00fdch rum\u016f, sta\u0159en\u00fdch metodou neru\u0161en\u00e9ho zr\u00e1n\u00ed.<\/p>\n<\/div>\n<\/div>\n<\/div>\n<\/div>\n<\/div>\n","protected":false},"excerpt":{"rendered":"<p>Ron del Barrilito je vyr\u00e1b\u011bn na ostrov\u011b Portoriko v srdci Karibiku. Tajn\u00fd recept vymyslel Pedro F. Fernand\u00e9z ji\u017e v roce 1871 a stejnou cestou vyr\u00e1b\u00ed jeho rodina rum dodnes. Pro zr\u00e1n\u00ed se pou\u017e\u00edvaj\u00ed velmi star\u00e9 sudy po sherry. Tento rum st\u00e1rne metodou pomal\u00e9ho neru\u0161en\u00e9ho zr\u00e1n\u00ed, kde je \u010d\u00e1st ulo\u017een\u00e9ho rumu ztracena vypa\u0159ov\u00e1n\u00edm. V p\u0159\u00edpad\u011b rumu [&hellip;]<\/p>\n","protected":false},"featured_media":1234,"template":"","meta":{"_acf_changed":false},"product_brand":[219],"product_cat":[117],"product_tag":[],"class_list":{"0":"post-1364","1":"product","2":"type-product","3":"status-publish","4":"has-post-thumbnail","6":"product_brand-ron-del-barrilito","7":"product_cat-rum","8":"pa_cena-za-004-l","9":"pa_obsah-alkoholu-56","10":"pa_zeme-portoriko","12":"first","13":"instock","14":"shipping-taxable","15":"purchasable","16":"product-type-simple"},"acf":[],"yoast_head":"<!-- This site is optimized with the Yoast SEO plugin v27.5 - https:\/\/yoast.com\/product\/yoast-seo-wordpress\/ -->\n<title>Ron Del Barrilito<\/title>\n<meta name=\"description\" content=\"Ron del Barrilito je vyr\u00e1b\u011bn na ostrov\u011b Portoriko v srdci Karibiku. Tajn\u00fd recept vymyslel Pedro F. Fernand\u00e9z ji\u017e v roce 1871 a stejnou cestou vyr\u00e1b\u00ed jeho\" \/>\n<meta name=\"robots\" content=\"index, follow, max-snippet:-1, max-image-preview:large, max-video-preview:-1\" \/>\n<link rel=\"canonical\" href=\"https:\/\/richter.ceo\/coxs\/produkt\/ron-del-barrilito\/\" \/>\n<meta property=\"og:locale\" content=\"cs_CZ\" \/>\n<meta property=\"og:type\" content=\"article\" \/>\n<meta property=\"og:title\" content=\"Ron Del Barrilito\" \/>\n<meta property=\"og:description\" content=\"Ron del Barrilito je vyr\u00e1b\u011bn na ostrov\u011b Portoriko v srdci Karibiku. Tajn\u00fd recept vymyslel Pedro F. Fernand\u00e9z ji\u017e v roce 1871 a stejnou cestou vyr\u00e1b\u00ed jeho\" \/>\n<meta property=\"og:url\" content=\"https:\/\/richter.ceo\/coxs\/produkt\/ron-del-barrilito\/\" \/>\n<meta property=\"og:site_name\" content=\"COXS CLUB\" \/>\n<meta property=\"article:publisher\" content=\"https:\/\/www.facebook.com\/profile.php?id=100088204002615\" \/>\n<meta property=\"og:image\" content=\"https:\/\/richter.ceo\/coxs\/wp-content\/uploads\/sites\/4\/2025\/05\/0684_barrilito_rum.jpg\" \/>\n\t<meta property=\"og:image:width\" content=\"600\" \/>\n\t<meta property=\"og:image:height\" content=\"711\" \/>\n\t<meta property=\"og:image:type\" content=\"image\/jpeg\" \/>\n<meta name=\"twitter:card\" content=\"summary_large_image\" \/>\n<meta name=\"twitter:label1\" content=\"Odhadovan\u00e1 doba \u010dten\u00ed\" \/>\n\t<meta name=\"twitter:data1\" content=\"1 minuta\" \/>\n<script type=\"application\/ld+json\" class=\"yoast-schema-graph\">{\"@context\":\"https:\\\/\\\/schema.org\",\"@graph\":[{\"@type\":\"WebPage\",\"@id\":\"https:\\\/\\\/richter.ceo\\\/coxs\\\/produkt\\\/ron-del-barrilito\\\/\",\"url\":\"https:\\\/\\\/richter.ceo\\\/coxs\\\/produkt\\\/ron-del-barrilito\\\/\",\"name\":\"Ron Del Barrilito\",\"isPartOf\":{\"@id\":\"https:\\\/\\\/richter.ceo\\\/coxs\\\/en\\\/#website\"},\"primaryImageOfPage\":{\"@id\":\"https:\\\/\\\/richter.ceo\\\/coxs\\\/produkt\\\/ron-del-barrilito\\\/#primaryimage\"},\"image\":{\"@id\":\"https:\\\/\\\/richter.ceo\\\/coxs\\\/produkt\\\/ron-del-barrilito\\\/#primaryimage\"},\"thumbnailUrl\":\"https:\\\/\\\/richter.ceo\\\/coxs\\\/wp-content\\\/uploads\\\/sites\\\/4\\\/2025\\\/05\\\/0684_barrilito_rum.jpg\",\"datePublished\":\"2025-05-14T14:43:20+00:00\",\"description\":\"Ron del Barrilito je vyr\u00e1b\u011bn na ostrov\u011b Portoriko v srdci Karibiku. Tajn\u00fd recept vymyslel Pedro F. Fernand\u00e9z ji\u017e v roce 1871 a stejnou cestou vyr\u00e1b\u00ed jeho\",\"breadcrumb\":{\"@id\":\"https:\\\/\\\/richter.ceo\\\/coxs\\\/produkt\\\/ron-del-barrilito\\\/#breadcrumb\"},\"inLanguage\":\"cs\",\"potentialAction\":[{\"@type\":\"ReadAction\",\"target\":[\"https:\\\/\\\/richter.ceo\\\/coxs\\\/produkt\\\/ron-del-barrilito\\\/\"]}]},{\"@type\":\"ImageObject\",\"inLanguage\":\"cs\",\"@id\":\"https:\\\/\\\/richter.ceo\\\/coxs\\\/produkt\\\/ron-del-barrilito\\\/#primaryimage\",\"url\":\"https:\\\/\\\/richter.ceo\\\/coxs\\\/wp-content\\\/uploads\\\/sites\\\/4\\\/2025\\\/05\\\/0684_barrilito_rum.jpg\",\"contentUrl\":\"https:\\\/\\\/richter.ceo\\\/coxs\\\/wp-content\\\/uploads\\\/sites\\\/4\\\/2025\\\/05\\\/0684_barrilito_rum.jpg\",\"width\":600,\"height\":711,\"caption\":\"COXS CLUB\"},{\"@type\":\"BreadcrumbList\",\"@id\":\"https:\\\/\\\/richter.ceo\\\/coxs\\\/produkt\\\/ron-del-barrilito\\\/#breadcrumb\",\"itemListElement\":[{\"@type\":\"ListItem\",\"position\":1,\"name\":\"Dom\u016f\",\"item\":\"https:\\\/\\\/richter.ceo\\\/coxs\\\/\"},{\"@type\":\"ListItem\",\"position\":2,\"name\":\"N\u00c1POJE\",\"item\":\"https:\\\/\\\/richter.ceo\\\/coxs\\\/en\\\/napoje\\\/\"},{\"@type\":\"ListItem\",\"position\":3,\"name\":\"Ron Del Barrilito\"}]},{\"@type\":\"WebSite\",\"@id\":\"https:\\\/\\\/richter.ceo\\\/coxs\\\/en\\\/#website\",\"url\":\"https:\\\/\\\/richter.ceo\\\/coxs\\\/en\\\/\",\"name\":\"COXS CLUB\",\"description\":\"Beton a Rum\",\"publisher\":{\"@id\":\"https:\\\/\\\/richter.ceo\\\/coxs\\\/en\\\/#organization\"},\"potentialAction\":[{\"@type\":\"SearchAction\",\"target\":{\"@type\":\"EntryPoint\",\"urlTemplate\":\"https:\\\/\\\/richter.ceo\\\/coxs\\\/en\\\/?s={search_term_string}\"},\"query-input\":{\"@type\":\"PropertyValueSpecification\",\"valueRequired\":true,\"valueName\":\"search_term_string\"}}],\"inLanguage\":\"cs\"},{\"@type\":\"Organization\",\"@id\":\"https:\\\/\\\/richter.ceo\\\/coxs\\\/en\\\/#organization\",\"name\":\"COXS CLUB\",\"url\":\"https:\\\/\\\/richter.ceo\\\/coxs\\\/en\\\/\",\"logo\":{\"@type\":\"ImageObject\",\"inLanguage\":\"cs\",\"@id\":\"https:\\\/\\\/richter.ceo\\\/coxs\\\/en\\\/#\\\/schema\\\/logo\\\/image\\\/\",\"url\":\"http:\\\/\\\/richter.ceo\\\/coxs\\\/wp-content\\\/uploads\\\/sites\\\/4\\\/2025\\\/05\\\/FAVICON-dark.webp\",\"contentUrl\":\"http:\\\/\\\/richter.ceo\\\/coxs\\\/wp-content\\\/uploads\\\/sites\\\/4\\\/2025\\\/05\\\/FAVICON-dark.webp\",\"width\":512,\"height\":512,\"caption\":\"COXS CLUB\"},\"image\":{\"@id\":\"https:\\\/\\\/richter.ceo\\\/coxs\\\/en\\\/#\\\/schema\\\/logo\\\/image\\\/\"},\"sameAs\":[\"https:\\\/\\\/www.facebook.com\\\/profile.php?id=100088204002615\",\"https:\\\/\\\/www.instagram.com\\\/coxs_coxs\\\/\"]}]}<\/script>\n<!-- \/ Yoast SEO plugin. -->","yoast_head_json":{"title":"Ron Del Barrilito","description":"Ron del Barrilito je vyr\u00e1b\u011bn na ostrov\u011b Portoriko v srdci Karibiku. Tajn\u00fd recept vymyslel Pedro F. Fernand\u00e9z ji\u017e v roce 1871 a stejnou cestou vyr\u00e1b\u00ed jeho","robots":{"index":"index","follow":"follow","max-snippet":"max-snippet:-1","max-image-preview":"max-image-preview:large","max-video-preview":"max-video-preview:-1"},"canonical":"https:\/\/richter.ceo\/coxs\/produkt\/ron-del-barrilito\/","og_locale":"cs_CZ","og_type":"article","og_title":"Ron Del Barrilito","og_description":"Ron del Barrilito je vyr\u00e1b\u011bn na ostrov\u011b Portoriko v srdci Karibiku. Tajn\u00fd recept vymyslel Pedro F. Fernand\u00e9z ji\u017e v roce 1871 a stejnou cestou vyr\u00e1b\u00ed jeho","og_url":"https:\/\/richter.ceo\/coxs\/produkt\/ron-del-barrilito\/","og_site_name":"COXS CLUB","article_publisher":"https:\/\/www.facebook.com\/profile.php?id=100088204002615","og_image":[{"width":600,"height":711,"url":"https:\/\/richter.ceo\/coxs\/wp-content\/uploads\/sites\/4\/2025\/05\/0684_barrilito_rum.jpg","type":"image\/jpeg"}],"twitter_card":"summary_large_image","twitter_misc":{"Odhadovan\u00e1 doba \u010dten\u00ed":"1 minuta"},"schema":{"@context":"https:\/\/schema.org","@graph":[{"@type":"WebPage","@id":"https:\/\/richter.ceo\/coxs\/produkt\/ron-del-barrilito\/","url":"https:\/\/richter.ceo\/coxs\/produkt\/ron-del-barrilito\/","name":"Ron Del Barrilito","isPartOf":{"@id":"https:\/\/richter.ceo\/coxs\/en\/#website"},"primaryImageOfPage":{"@id":"https:\/\/richter.ceo\/coxs\/produkt\/ron-del-barrilito\/#primaryimage"},"image":{"@id":"https:\/\/richter.ceo\/coxs\/produkt\/ron-del-barrilito\/#primaryimage"},"thumbnailUrl":"https:\/\/richter.ceo\/coxs\/wp-content\/uploads\/sites\/4\/2025\/05\/0684_barrilito_rum.jpg","datePublished":"2025-05-14T14:43:20+00:00","description":"Ron del Barrilito je vyr\u00e1b\u011bn na ostrov\u011b Portoriko v srdci Karibiku. Tajn\u00fd recept vymyslel Pedro F. Fernand\u00e9z ji\u017e v roce 1871 a stejnou cestou vyr\u00e1b\u00ed jeho","breadcrumb":{"@id":"https:\/\/richter.ceo\/coxs\/produkt\/ron-del-barrilito\/#breadcrumb"},"inLanguage":"cs","potentialAction":[{"@type":"ReadAction","target":["https:\/\/richter.ceo\/coxs\/produkt\/ron-del-barrilito\/"]}]},{"@type":"ImageObject","inLanguage":"cs","@id":"https:\/\/richter.ceo\/coxs\/produkt\/ron-del-barrilito\/#primaryimage","url":"https:\/\/richter.ceo\/coxs\/wp-content\/uploads\/sites\/4\/2025\/05\/0684_barrilito_rum.jpg","contentUrl":"https:\/\/richter.ceo\/coxs\/wp-content\/uploads\/sites\/4\/2025\/05\/0684_barrilito_rum.jpg","width":600,"height":711,"caption":"COXS CLUB"},{"@type":"BreadcrumbList","@id":"https:\/\/richter.ceo\/coxs\/produkt\/ron-del-barrilito\/#breadcrumb","itemListElement":[{"@type":"ListItem","position":1,"name":"Dom\u016f","item":"https:\/\/richter.ceo\/coxs\/"},{"@type":"ListItem","position":2,"name":"N\u00c1POJE","item":"https:\/\/richter.ceo\/coxs\/en\/napoje\/"},{"@type":"ListItem","position":3,"name":"Ron Del Barrilito"}]},{"@type":"WebSite","@id":"https:\/\/richter.ceo\/coxs\/en\/#website","url":"https:\/\/richter.ceo\/coxs\/en\/","name":"COXS CLUB","description":"Beton a Rum","publisher":{"@id":"https:\/\/richter.ceo\/coxs\/en\/#organization"},"potentialAction":[{"@type":"SearchAction","target":{"@type":"EntryPoint","urlTemplate":"https:\/\/richter.ceo\/coxs\/en\/?s={search_term_string}"},"query-input":{"@type":"PropertyValueSpecification","valueRequired":true,"valueName":"search_term_string"}}],"inLanguage":"cs"},{"@type":"Organization","@id":"https:\/\/richter.ceo\/coxs\/en\/#organization","name":"COXS CLUB","url":"https:\/\/richter.ceo\/coxs\/en\/","logo":{"@type":"ImageObject","inLanguage":"cs","@id":"https:\/\/richter.ceo\/coxs\/en\/#\/schema\/logo\/image\/","url":"http:\/\/richter.ceo\/coxs\/wp-content\/uploads\/sites\/4\/2025\/05\/FAVICON-dark.webp","contentUrl":"http:\/\/richter.ceo\/coxs\/wp-content\/uploads\/sites\/4\/2025\/05\/FAVICON-dark.webp","width":512,"height":512,"caption":"COXS CLUB"},"image":{"@id":"https:\/\/richter.ceo\/coxs\/en\/#\/schema\/logo\/image\/"},"sameAs":["https:\/\/www.facebook.com\/profile.php?id=100088204002615","https:\/\/www.instagram.com\/coxs_coxs\/"]}]}},"_links":{"self":[{"href":"https:\/\/richter.ceo\/coxs\/wp-json\/wp\/v2\/product\/1364","targetHints":{"allow":["GET"]}}],"collection":[{"href":"https:\/\/richter.ceo\/coxs\/wp-json\/wp\/v2\/product"}],"about":[{"href":"https:\/\/richter.ceo\/coxs\/wp-json\/wp\/v2\/types\/product"}],"wp:featuredmedia":[{"embeddable":true,"href":"https:\/\/richter.ceo\/coxs\/wp-json\/wp\/v2\/media\/1234"}],"wp:attachment":[{"href":"https:\/\/richter.ceo\/coxs\/wp-json\/wp\/v2\/media?parent=1364"}],"wp:term":[{"taxonomy":"product_brand","embeddable":true,"href":"https:\/\/richter.ceo\/coxs\/wp-json\/wp\/v2\/product_brand?post=1364"},{"taxonomy":"product_cat","embeddable":true,"href":"https:\/\/richter.ceo\/coxs\/wp-json\/wp\/v2\/product_cat?post=1364"},{"taxonomy":"product_tag","embeddable":true,"href":"https:\/\/richter.ceo\/coxs\/wp-json\/wp\/v2\/product_tag?post=1364"}],"curies":[{"name":"wp","href":"https:\/\/api.w.org\/{rel}","templated":true}]}}