{"id":1365,"date":"2025-05-14T16:46:08","date_gmt":"2025-05-14T14:46:08","guid":{"rendered":"https:\/\/richter.ceo\/coxs\/?post_type=product&#038;p=1365"},"modified":"2025-05-14T16:46:08","modified_gmt":"2025-05-14T14:46:08","slug":"domaine-de-severin-x-o","status":"publish","type":"product","link":"https:\/\/richter.ceo\/coxs\/produkt\/domaine-de-severin-x-o\/","title":{"rendered":"Domaine de S\u00e9verin X.O."},"content":{"rendered":"<p>Pozemky zn\u00e1m\u00e9 na Guadeloupe jako Domaine de S\u00e9verin byly zalo\u017eeny mu\u017eem stejn\u00e9ho jm\u00e9na ji\u017e na za\u010d\u00e1tku 19. stolet\u00ed. V roce 1928 je koupil Henri Marsolle, kter\u00fd na m\u00edstn\u00ed \u0159ece postavil vodn\u00ed elektr\u00e1rnu se slavn\u00fdm 8metrov\u00fdm ml\u00fdnsk\u00fdm kolem, kter\u00e1 poskytovala energii pro drcen\u00ed cukrov\u00e9 t\u0159tiny a z\u00edsk\u00e1v\u00e1n\u00ed jej\u00ed \u010dist\u00e9 \u0161\u0165\u00e1vy. V roce 1952 p\u0159evzali veden\u00ed po otci jeho synov\u00e9. Po tragick\u00e9 nehod\u011b, p\u0159i kter\u00e9 zahynul jeden z nich, Edouard, se v roce 1966 rozhodl Joseph Marsolle destilerii zmodernizovat a nainstaloval kreolskou destila\u010dn\u00ed kolonu s 19 deskami. V roce 2014 spojila rodina sv\u00e9 podnik\u00e1n\u00ed s jinou slavnou m\u00edstn\u00ed rodinou, je\u017e na ostrov\u011b vlastn\u00ed tis\u00edc hektar\u016f pol\u00ed s cukrovou t\u0159tinou. V sou\u010dasn\u00e9 dob\u011b se 95 % vyroben\u00e9ho rumu prod\u00e1 na Guadeloupu jako b\u00edl\u00fd agricole rum, pouze p\u00e1r set sud\u016f se nech\u00e1v\u00e1 d\u00e1le zr\u00e1t.<\/p>\n<p>&nbsp;<\/p>\n<p>Rumy v Domaine de S\u00e9verin jsou vyr\u00e1b\u011bny ze t\u0159tinov\u00e9 \u0161\u0165\u00e1vy, tzv. agricole rumy.<\/p>\n<p>&nbsp;<\/p>\n<div class=\"elementor-column elementor-col-50 elementor-inner-column elementor-element elementor-element-df5ea97\" data-id=\"df5ea97\" data-element_type=\"column\">\n<div class=\"elementor-widget-wrap elementor-element-populated\">\n<div class=\"elementor-element elementor-element-5f45f876 elementor-widget elementor-widget-woocommerce-product-short-description\" data-id=\"5f45f876\" data-element_type=\"widget\" data-widget_type=\"woocommerce-product-short-description.default\">\n<div class=\"elementor-widget-container\">\n<div class=\"woocommerce-product-details__short-description\">\n<p>Aroma\/Chu\u0165: Vanilka, ban\u00e1n, sko\u0159ice, stopy hn\u011bd\u00e9ho cukru, v zakon\u010den\u00ed je such\u00fd, ho\u0159k\u00fd, h\u0159ejiv\u00fd s t\u00f3ny ko\u0159en\u00ed<\/p>\n<\/div>\n<\/div>\n<\/div>\n<\/div>\n<\/div>\n","protected":false},"excerpt":{"rendered":"<p>Pozemky zn\u00e1m\u00e9 na Guadeloupe jako Domaine de S\u00e9verin byly zalo\u017eeny mu\u017eem stejn\u00e9ho jm\u00e9na ji\u017e na za\u010d\u00e1tku 19. stolet\u00ed. V roce 1928 je koupil Henri Marsolle, kter\u00fd na m\u00edstn\u00ed \u0159ece postavil vodn\u00ed elektr\u00e1rnu se slavn\u00fdm 8metrov\u00fdm ml\u00fdnsk\u00fdm kolem, kter\u00e1 poskytovala energii pro drcen\u00ed cukrov\u00e9 t\u0159tiny a z\u00edsk\u00e1v\u00e1n\u00ed jej\u00ed \u010dist\u00e9 \u0161\u0165\u00e1vy. V roce 1952 p\u0159evzali veden\u00ed po [&hellip;]<\/p>\n","protected":false},"featured_media":1289,"template":"","meta":{"_acf_changed":false},"product_brand":[221],"product_cat":[117],"product_tag":[],"class_list":{"0":"post-1365","1":"product","2":"type-product","3":"status-publish","4":"has-post-thumbnail","6":"product_brand-distillerie-severin","7":"product_cat-rum","8":"pa_cena-za-004-l","9":"pa_obsah-alkoholu-34","10":"pa_zeme-guadeloupe","12":"first","13":"instock","14":"shipping-taxable","15":"purchasable","16":"product-type-simple"},"acf":[],"yoast_head":"<!-- This site is optimized with the Yoast SEO plugin v27.5 - https:\/\/yoast.com\/product\/yoast-seo-wordpress\/ -->\n<title>Domaine de S\u00e9verin X.O.<\/title>\n<meta name=\"description\" content=\"Pozemky zn\u00e1m\u00e9 na Guadeloupe jako Domaine de S\u00e9verin byly zalo\u017eeny mu\u017eem stejn\u00e9ho jm\u00e9na ji\u017e na za\u010d\u00e1tku 19. stolet\u00ed. V roce 1928 je koupil Henri Marsolle,\" \/>\n<meta name=\"robots\" content=\"index, follow, max-snippet:-1, max-image-preview:large, max-video-preview:-1\" \/>\n<link rel=\"canonical\" href=\"https:\/\/richter.ceo\/coxs\/product\/domaine-de-severin-x-o\/\" \/>\n<meta property=\"og:locale\" content=\"cs_CZ\" \/>\n<meta property=\"og:type\" content=\"article\" \/>\n<meta property=\"og:title\" content=\"Domaine de S\u00e9verin X.O.\" \/>\n<meta property=\"og:description\" content=\"Pozemky zn\u00e1m\u00e9 na Guadeloupe jako Domaine de S\u00e9verin byly zalo\u017eeny mu\u017eem stejn\u00e9ho jm\u00e9na ji\u017e na za\u010d\u00e1tku 19. stolet\u00ed. V roce 1928 je koupil Henri Marsolle,\" \/>\n<meta property=\"og:url\" content=\"https:\/\/richter.ceo\/coxs\/product\/domaine-de-severin-x-o\/\" \/>\n<meta property=\"og:site_name\" content=\"COXS CLUB\" \/>\n<meta property=\"article:publisher\" content=\"https:\/\/www.facebook.com\/profile.php?id=100088204002615\" \/>\n<meta property=\"og:image\" content=\"https:\/\/richter.ceo\/coxs\/wp-content\/uploads\/sites\/4\/2025\/05\/severin-xo-864x1024-1.jpg\" \/>\n\t<meta property=\"og:image:width\" content=\"864\" \/>\n\t<meta property=\"og:image:height\" content=\"1024\" \/>\n\t<meta property=\"og:image:type\" content=\"image\/jpeg\" \/>\n<meta name=\"twitter:card\" content=\"summary_large_image\" \/>\n<meta name=\"twitter:label1\" content=\"Odhadovan\u00e1 doba \u010dten\u00ed\" \/>\n\t<meta name=\"twitter:data1\" content=\"1 minuta\" \/>\n<script type=\"application\/ld+json\" class=\"yoast-schema-graph\">{\"@context\":\"https:\\\/\\\/schema.org\",\"@graph\":[{\"@type\":\"WebPage\",\"@id\":\"https:\\\/\\\/richter.ceo\\\/coxs\\\/en\\\/product\\\/domaine-de-severin-x-o\\\/\",\"url\":\"https:\\\/\\\/richter.ceo\\\/coxs\\\/en\\\/product\\\/domaine-de-severin-x-o\\\/\",\"name\":\"Domaine de S\u00e9verin X.O.\",\"isPartOf\":{\"@id\":\"https:\\\/\\\/richter.ceo\\\/coxs\\\/en\\\/#website\"},\"primaryImageOfPage\":{\"@id\":\"https:\\\/\\\/richter.ceo\\\/coxs\\\/en\\\/product\\\/domaine-de-severin-x-o\\\/#primaryimage\"},\"image\":{\"@id\":\"https:\\\/\\\/richter.ceo\\\/coxs\\\/en\\\/product\\\/domaine-de-severin-x-o\\\/#primaryimage\"},\"thumbnailUrl\":\"https:\\\/\\\/richter.ceo\\\/coxs\\\/wp-content\\\/uploads\\\/sites\\\/4\\\/2025\\\/05\\\/severin-xo-864x1024-1.jpg\",\"datePublished\":\"2025-05-14T14:46:08+00:00\",\"description\":\"Pozemky zn\u00e1m\u00e9 na Guadeloupe jako Domaine de S\u00e9verin byly zalo\u017eeny mu\u017eem stejn\u00e9ho jm\u00e9na ji\u017e na za\u010d\u00e1tku 19. stolet\u00ed. V roce 1928 je koupil Henri Marsolle,\",\"breadcrumb\":{\"@id\":\"https:\\\/\\\/richter.ceo\\\/coxs\\\/en\\\/product\\\/domaine-de-severin-x-o\\\/#breadcrumb\"},\"inLanguage\":\"cs\",\"potentialAction\":[{\"@type\":\"ReadAction\",\"target\":[\"https:\\\/\\\/richter.ceo\\\/coxs\\\/en\\\/product\\\/domaine-de-severin-x-o\\\/\"]}]},{\"@type\":\"ImageObject\",\"inLanguage\":\"cs\",\"@id\":\"https:\\\/\\\/richter.ceo\\\/coxs\\\/en\\\/product\\\/domaine-de-severin-x-o\\\/#primaryimage\",\"url\":\"https:\\\/\\\/richter.ceo\\\/coxs\\\/wp-content\\\/uploads\\\/sites\\\/4\\\/2025\\\/05\\\/severin-xo-864x1024-1.jpg\",\"contentUrl\":\"https:\\\/\\\/richter.ceo\\\/coxs\\\/wp-content\\\/uploads\\\/sites\\\/4\\\/2025\\\/05\\\/severin-xo-864x1024-1.jpg\",\"width\":864,\"height\":1024,\"caption\":\"COXS CLUB\"},{\"@type\":\"BreadcrumbList\",\"@id\":\"https:\\\/\\\/richter.ceo\\\/coxs\\\/en\\\/product\\\/domaine-de-severin-x-o\\\/#breadcrumb\",\"itemListElement\":[{\"@type\":\"ListItem\",\"position\":1,\"name\":\"Dom\u016f\",\"item\":\"https:\\\/\\\/richter.ceo\\\/coxs\\\/\"},{\"@type\":\"ListItem\",\"position\":2,\"name\":\"N\u00c1POJE\",\"item\":\"https:\\\/\\\/richter.ceo\\\/coxs\\\/en\\\/napoje\\\/\"},{\"@type\":\"ListItem\",\"position\":3,\"name\":\"Domaine de S\u00e9verin X.O.\"}]},{\"@type\":\"WebSite\",\"@id\":\"https:\\\/\\\/richter.ceo\\\/coxs\\\/en\\\/#website\",\"url\":\"https:\\\/\\\/richter.ceo\\\/coxs\\\/en\\\/\",\"name\":\"COXS CLUB\",\"description\":\"Beton a Rum\",\"publisher\":{\"@id\":\"https:\\\/\\\/richter.ceo\\\/coxs\\\/en\\\/#organization\"},\"potentialAction\":[{\"@type\":\"SearchAction\",\"target\":{\"@type\":\"EntryPoint\",\"urlTemplate\":\"https:\\\/\\\/richter.ceo\\\/coxs\\\/en\\\/?s={search_term_string}\"},\"query-input\":{\"@type\":\"PropertyValueSpecification\",\"valueRequired\":true,\"valueName\":\"search_term_string\"}}],\"inLanguage\":\"cs\"},{\"@type\":\"Organization\",\"@id\":\"https:\\\/\\\/richter.ceo\\\/coxs\\\/en\\\/#organization\",\"name\":\"COXS CLUB\",\"url\":\"https:\\\/\\\/richter.ceo\\\/coxs\\\/en\\\/\",\"logo\":{\"@type\":\"ImageObject\",\"inLanguage\":\"cs\",\"@id\":\"https:\\\/\\\/richter.ceo\\\/coxs\\\/en\\\/#\\\/schema\\\/logo\\\/image\\\/\",\"url\":\"http:\\\/\\\/richter.ceo\\\/coxs\\\/wp-content\\\/uploads\\\/sites\\\/4\\\/2025\\\/05\\\/FAVICON-dark.webp\",\"contentUrl\":\"http:\\\/\\\/richter.ceo\\\/coxs\\\/wp-content\\\/uploads\\\/sites\\\/4\\\/2025\\\/05\\\/FAVICON-dark.webp\",\"width\":512,\"height\":512,\"caption\":\"COXS CLUB\"},\"image\":{\"@id\":\"https:\\\/\\\/richter.ceo\\\/coxs\\\/en\\\/#\\\/schema\\\/logo\\\/image\\\/\"},\"sameAs\":[\"https:\\\/\\\/www.facebook.com\\\/profile.php?id=100088204002615\",\"https:\\\/\\\/www.instagram.com\\\/coxs_coxs\\\/\"]}]}<\/script>\n<!-- \/ Yoast SEO plugin. -->","yoast_head_json":{"title":"Domaine de S\u00e9verin X.O.","description":"Pozemky zn\u00e1m\u00e9 na Guadeloupe jako Domaine de S\u00e9verin byly zalo\u017eeny mu\u017eem stejn\u00e9ho jm\u00e9na ji\u017e na za\u010d\u00e1tku 19. stolet\u00ed. V roce 1928 je koupil Henri Marsolle,","robots":{"index":"index","follow":"follow","max-snippet":"max-snippet:-1","max-image-preview":"max-image-preview:large","max-video-preview":"max-video-preview:-1"},"canonical":"https:\/\/richter.ceo\/coxs\/product\/domaine-de-severin-x-o\/","og_locale":"cs_CZ","og_type":"article","og_title":"Domaine de S\u00e9verin X.O.","og_description":"Pozemky zn\u00e1m\u00e9 na Guadeloupe jako Domaine de S\u00e9verin byly zalo\u017eeny mu\u017eem stejn\u00e9ho jm\u00e9na ji\u017e na za\u010d\u00e1tku 19. stolet\u00ed. V roce 1928 je koupil Henri Marsolle,","og_url":"https:\/\/richter.ceo\/coxs\/product\/domaine-de-severin-x-o\/","og_site_name":"COXS CLUB","article_publisher":"https:\/\/www.facebook.com\/profile.php?id=100088204002615","og_image":[{"width":864,"height":1024,"url":"https:\/\/richter.ceo\/coxs\/wp-content\/uploads\/sites\/4\/2025\/05\/severin-xo-864x1024-1.jpg","type":"image\/jpeg"}],"twitter_card":"summary_large_image","twitter_misc":{"Odhadovan\u00e1 doba \u010dten\u00ed":"1 minuta"},"schema":{"@context":"https:\/\/schema.org","@graph":[{"@type":"WebPage","@id":"https:\/\/richter.ceo\/coxs\/en\/product\/domaine-de-severin-x-o\/","url":"https:\/\/richter.ceo\/coxs\/en\/product\/domaine-de-severin-x-o\/","name":"Domaine de S\u00e9verin X.O.","isPartOf":{"@id":"https:\/\/richter.ceo\/coxs\/en\/#website"},"primaryImageOfPage":{"@id":"https:\/\/richter.ceo\/coxs\/en\/product\/domaine-de-severin-x-o\/#primaryimage"},"image":{"@id":"https:\/\/richter.ceo\/coxs\/en\/product\/domaine-de-severin-x-o\/#primaryimage"},"thumbnailUrl":"https:\/\/richter.ceo\/coxs\/wp-content\/uploads\/sites\/4\/2025\/05\/severin-xo-864x1024-1.jpg","datePublished":"2025-05-14T14:46:08+00:00","description":"Pozemky zn\u00e1m\u00e9 na Guadeloupe jako Domaine de S\u00e9verin byly zalo\u017eeny mu\u017eem stejn\u00e9ho jm\u00e9na ji\u017e na za\u010d\u00e1tku 19. stolet\u00ed. V roce 1928 je koupil Henri Marsolle,","breadcrumb":{"@id":"https:\/\/richter.ceo\/coxs\/en\/product\/domaine-de-severin-x-o\/#breadcrumb"},"inLanguage":"cs","potentialAction":[{"@type":"ReadAction","target":["https:\/\/richter.ceo\/coxs\/en\/product\/domaine-de-severin-x-o\/"]}]},{"@type":"ImageObject","inLanguage":"cs","@id":"https:\/\/richter.ceo\/coxs\/en\/product\/domaine-de-severin-x-o\/#primaryimage","url":"https:\/\/richter.ceo\/coxs\/wp-content\/uploads\/sites\/4\/2025\/05\/severin-xo-864x1024-1.jpg","contentUrl":"https:\/\/richter.ceo\/coxs\/wp-content\/uploads\/sites\/4\/2025\/05\/severin-xo-864x1024-1.jpg","width":864,"height":1024,"caption":"COXS CLUB"},{"@type":"BreadcrumbList","@id":"https:\/\/richter.ceo\/coxs\/en\/product\/domaine-de-severin-x-o\/#breadcrumb","itemListElement":[{"@type":"ListItem","position":1,"name":"Dom\u016f","item":"https:\/\/richter.ceo\/coxs\/"},{"@type":"ListItem","position":2,"name":"N\u00c1POJE","item":"https:\/\/richter.ceo\/coxs\/en\/napoje\/"},{"@type":"ListItem","position":3,"name":"Domaine de S\u00e9verin X.O."}]},{"@type":"WebSite","@id":"https:\/\/richter.ceo\/coxs\/en\/#website","url":"https:\/\/richter.ceo\/coxs\/en\/","name":"COXS CLUB","description":"Beton a Rum","publisher":{"@id":"https:\/\/richter.ceo\/coxs\/en\/#organization"},"potentialAction":[{"@type":"SearchAction","target":{"@type":"EntryPoint","urlTemplate":"https:\/\/richter.ceo\/coxs\/en\/?s={search_term_string}"},"query-input":{"@type":"PropertyValueSpecification","valueRequired":true,"valueName":"search_term_string"}}],"inLanguage":"cs"},{"@type":"Organization","@id":"https:\/\/richter.ceo\/coxs\/en\/#organization","name":"COXS CLUB","url":"https:\/\/richter.ceo\/coxs\/en\/","logo":{"@type":"ImageObject","inLanguage":"cs","@id":"https:\/\/richter.ceo\/coxs\/en\/#\/schema\/logo\/image\/","url":"http:\/\/richter.ceo\/coxs\/wp-content\/uploads\/sites\/4\/2025\/05\/FAVICON-dark.webp","contentUrl":"http:\/\/richter.ceo\/coxs\/wp-content\/uploads\/sites\/4\/2025\/05\/FAVICON-dark.webp","width":512,"height":512,"caption":"COXS CLUB"},"image":{"@id":"https:\/\/richter.ceo\/coxs\/en\/#\/schema\/logo\/image\/"},"sameAs":["https:\/\/www.facebook.com\/profile.php?id=100088204002615","https:\/\/www.instagram.com\/coxs_coxs\/"]}]}},"_links":{"self":[{"href":"https:\/\/richter.ceo\/coxs\/wp-json\/wp\/v2\/product\/1365","targetHints":{"allow":["GET"]}}],"collection":[{"href":"https:\/\/richter.ceo\/coxs\/wp-json\/wp\/v2\/product"}],"about":[{"href":"https:\/\/richter.ceo\/coxs\/wp-json\/wp\/v2\/types\/product"}],"wp:featuredmedia":[{"embeddable":true,"href":"https:\/\/richter.ceo\/coxs\/wp-json\/wp\/v2\/media\/1289"}],"wp:attachment":[{"href":"https:\/\/richter.ceo\/coxs\/wp-json\/wp\/v2\/media?parent=1365"}],"wp:term":[{"taxonomy":"product_brand","embeddable":true,"href":"https:\/\/richter.ceo\/coxs\/wp-json\/wp\/v2\/product_brand?post=1365"},{"taxonomy":"product_cat","embeddable":true,"href":"https:\/\/richter.ceo\/coxs\/wp-json\/wp\/v2\/product_cat?post=1365"},{"taxonomy":"product_tag","embeddable":true,"href":"https:\/\/richter.ceo\/coxs\/wp-json\/wp\/v2\/product_tag?post=1365"}],"curies":[{"name":"wp","href":"https:\/\/api.w.org\/{rel}","templated":true}]}}