{"id":1368,"date":"2025-05-14T16:54:49","date_gmt":"2025-05-14T14:54:49","guid":{"rendered":"https:\/\/richter.ceo\/coxs\/?post_type=product&#038;p=1368"},"modified":"2025-05-14T16:54:50","modified_gmt":"2025-05-14T14:54:50","slug":"six-saints-pedro-ximenez-finish","status":"publish","type":"product","link":"https:\/\/richter.ceo\/coxs\/produkt\/six-saints-pedro-ximenez-finish\/","title":{"rendered":"Six Saints Pedro Xim\u00e9nez Finish"},"content":{"rendered":"<div class=\"elementor-column elementor-col-50 elementor-inner-column elementor-element elementor-element-df5ea97\" data-id=\"df5ea97\" data-element_type=\"column\">\n<div class=\"elementor-widget-wrap elementor-element-populated\">\n<div class=\"elementor-element elementor-element-5f45f876 elementor-widget elementor-widget-woocommerce-product-short-description\" data-id=\"5f45f876\" data-element_type=\"widget\" data-widget_type=\"woocommerce-product-short-description.default\">\n<div class=\"elementor-widget-container\">\n<div class=\"woocommerce-product-details__short-description\">\n<p>Limitovan\u00e1 edice rumu Six Saints, kter\u00e1 byla na konec zr\u00e1n\u00ed ulo\u017eena na p\u0159ibli\u017en\u011b \u0161est m\u011bs\u00edc\u016f do sudu, kter\u00fd p\u0159edt\u00edm obsahoval sherry Pedro Xim\u00e9nez. Ten rumu dodal nasl\u00e1dl\u00e9 t\u00f3ny grilovan\u00e9ho ananasu, vyp\u00e1len\u00e9ho d\u0159eva a vanilkov\u00e9 zmrzliny, kter\u00e9 doplnily t\u00f3ny tropick\u00e9ho ovoce, kter\u00e9 jsou pro rum Six Saints typick\u00e9.<\/p>\n<\/div>\n<\/div>\n<\/div>\n<\/div>\n<\/div>\n<div class=\"elementor-column elementor-col-50 elementor-inner-column elementor-element elementor-element-e91a9b4\" data-id=\"e91a9b4\" data-element_type=\"column\">\n<div class=\"elementor-widget-wrap elementor-element-populated\">\n<div class=\"elementor-element elementor-element-19195286 elementor-widget elementor-widget-heading\" data-id=\"19195286\" data-element_type=\"widget\" data-widget_type=\"heading.default\">\n<div class=\"elementor-widget-container\"><\/div>\n<\/div>\n<\/div>\n<\/div>\n","protected":false},"excerpt":{"rendered":"<p>Limitovan\u00e1 edice rumu Six Saints, kter\u00e1 byla na konec zr\u00e1n\u00ed ulo\u017eena na p\u0159ibli\u017en\u011b \u0161est m\u011bs\u00edc\u016f do sudu, kter\u00fd p\u0159edt\u00edm obsahoval sherry Pedro Xim\u00e9nez. Ten rumu dodal nasl\u00e1dl\u00e9 t\u00f3ny grilovan\u00e9ho ananasu, vyp\u00e1len\u00e9ho d\u0159eva a vanilkov\u00e9 zmrzliny, kter\u00e9 doplnily t\u00f3ny tropick\u00e9ho ovoce, kter\u00e9 jsou pro rum Six Saints typick\u00e9.<\/p>\n","protected":false},"featured_media":1246,"template":"","meta":{"_acf_changed":false},"product_brand":[224],"product_cat":[117],"product_tag":[],"class_list":{"0":"post-1368","1":"product","2":"type-product","3":"status-publish","4":"has-post-thumbnail","6":"product_brand-six-saints","7":"product_cat-rum","8":"pa_cena-za-004-l","9":"pa_obsah-alkoholu-222","10":"pa_zeme-grenada","12":"first","13":"instock","14":"shipping-taxable","15":"purchasable","16":"product-type-simple"},"acf":[],"yoast_head":"<!-- This site is optimized with the Yoast SEO plugin v27.5 - https:\/\/yoast.com\/product\/yoast-seo-wordpress\/ -->\n<title>Six Saints Pedro Xim\u00e9nez Finish<\/title>\n<meta name=\"description\" content=\"Limitovan\u00e1 edice rumu Six Saints, kter\u00e1 byla na konec zr\u00e1n\u00ed ulo\u017eena na p\u0159ibli\u017en\u011b \u0161est m\u011bs\u00edc\u016f do sudu, kter\u00fd p\u0159edt\u00edm obsahoval sherry Pedro Xim\u00e9nez. Ten\" \/>\n<meta name=\"robots\" content=\"index, follow, max-snippet:-1, max-image-preview:large, max-video-preview:-1\" \/>\n<link rel=\"canonical\" href=\"https:\/\/richter.ceo\/coxs\/produkt\/six-saints-pedro-ximenez-finish\/\" \/>\n<meta property=\"og:locale\" content=\"cs_CZ\" \/>\n<meta property=\"og:type\" content=\"article\" \/>\n<meta property=\"og:title\" content=\"Six Saints Pedro Xim\u00e9nez Finish\" \/>\n<meta property=\"og:description\" content=\"Limitovan\u00e1 edice rumu Six Saints, kter\u00e1 byla na konec zr\u00e1n\u00ed ulo\u017eena na p\u0159ibli\u017en\u011b \u0161est m\u011bs\u00edc\u016f do sudu, kter\u00fd p\u0159edt\u00edm obsahoval sherry Pedro Xim\u00e9nez. Ten\" \/>\n<meta property=\"og:url\" content=\"https:\/\/richter.ceo\/coxs\/produkt\/six-saints-pedro-ximenez-finish\/\" \/>\n<meta property=\"og:site_name\" content=\"COXS CLUB\" \/>\n<meta property=\"article:publisher\" content=\"https:\/\/www.facebook.com\/profile.php?id=100088204002615\" \/>\n<meta property=\"article:modified_time\" content=\"2025-05-14T14:54:50+00:00\" \/>\n<meta property=\"og:image\" content=\"https:\/\/richter.ceo\/coxs\/wp-content\/uploads\/sites\/4\/2025\/05\/2027_six_saints_pedro_ximenez_finish.jpg\" \/>\n\t<meta property=\"og:image:width\" content=\"600\" \/>\n\t<meta property=\"og:image:height\" content=\"711\" \/>\n\t<meta property=\"og:image:type\" content=\"image\/jpeg\" \/>\n<meta name=\"twitter:card\" content=\"summary_large_image\" \/>\n<script type=\"application\/ld+json\" class=\"yoast-schema-graph\">{\"@context\":\"https:\\\/\\\/schema.org\",\"@graph\":[{\"@type\":\"WebPage\",\"@id\":\"https:\\\/\\\/richter.ceo\\\/coxs\\\/produkt\\\/six-saints-pedro-ximenez-finish\\\/\",\"url\":\"https:\\\/\\\/richter.ceo\\\/coxs\\\/produkt\\\/six-saints-pedro-ximenez-finish\\\/\",\"name\":\"Six Saints Pedro Xim\u00e9nez Finish\",\"isPartOf\":{\"@id\":\"https:\\\/\\\/richter.ceo\\\/coxs\\\/en\\\/#website\"},\"primaryImageOfPage\":{\"@id\":\"https:\\\/\\\/richter.ceo\\\/coxs\\\/produkt\\\/six-saints-pedro-ximenez-finish\\\/#primaryimage\"},\"image\":{\"@id\":\"https:\\\/\\\/richter.ceo\\\/coxs\\\/produkt\\\/six-saints-pedro-ximenez-finish\\\/#primaryimage\"},\"thumbnailUrl\":\"https:\\\/\\\/richter.ceo\\\/coxs\\\/wp-content\\\/uploads\\\/sites\\\/4\\\/2025\\\/05\\\/2027_six_saints_pedro_ximenez_finish.jpg\",\"datePublished\":\"2025-05-14T14:54:49+00:00\",\"dateModified\":\"2025-05-14T14:54:50+00:00\",\"description\":\"Limitovan\u00e1 edice rumu Six Saints, kter\u00e1 byla na konec zr\u00e1n\u00ed ulo\u017eena na p\u0159ibli\u017en\u011b \u0161est m\u011bs\u00edc\u016f do sudu, kter\u00fd p\u0159edt\u00edm obsahoval sherry Pedro Xim\u00e9nez. Ten\",\"breadcrumb\":{\"@id\":\"https:\\\/\\\/richter.ceo\\\/coxs\\\/produkt\\\/six-saints-pedro-ximenez-finish\\\/#breadcrumb\"},\"inLanguage\":\"cs\",\"potentialAction\":[{\"@type\":\"ReadAction\",\"target\":[\"https:\\\/\\\/richter.ceo\\\/coxs\\\/produkt\\\/six-saints-pedro-ximenez-finish\\\/\"]}]},{\"@type\":\"ImageObject\",\"inLanguage\":\"cs\",\"@id\":\"https:\\\/\\\/richter.ceo\\\/coxs\\\/produkt\\\/six-saints-pedro-ximenez-finish\\\/#primaryimage\",\"url\":\"https:\\\/\\\/richter.ceo\\\/coxs\\\/wp-content\\\/uploads\\\/sites\\\/4\\\/2025\\\/05\\\/2027_six_saints_pedro_ximenez_finish.jpg\",\"contentUrl\":\"https:\\\/\\\/richter.ceo\\\/coxs\\\/wp-content\\\/uploads\\\/sites\\\/4\\\/2025\\\/05\\\/2027_six_saints_pedro_ximenez_finish.jpg\",\"width\":600,\"height\":711,\"caption\":\"COXS CLUB\"},{\"@type\":\"BreadcrumbList\",\"@id\":\"https:\\\/\\\/richter.ceo\\\/coxs\\\/produkt\\\/six-saints-pedro-ximenez-finish\\\/#breadcrumb\",\"itemListElement\":[{\"@type\":\"ListItem\",\"position\":1,\"name\":\"Dom\u016f\",\"item\":\"https:\\\/\\\/richter.ceo\\\/coxs\\\/\"},{\"@type\":\"ListItem\",\"position\":2,\"name\":\"N\u00c1POJE\",\"item\":\"https:\\\/\\\/richter.ceo\\\/coxs\\\/en\\\/napoje\\\/\"},{\"@type\":\"ListItem\",\"position\":3,\"name\":\"Six Saints Pedro Xim\u00e9nez Finish\"}]},{\"@type\":\"WebSite\",\"@id\":\"https:\\\/\\\/richter.ceo\\\/coxs\\\/en\\\/#website\",\"url\":\"https:\\\/\\\/richter.ceo\\\/coxs\\\/en\\\/\",\"name\":\"COXS CLUB\",\"description\":\"Beton a Rum\",\"publisher\":{\"@id\":\"https:\\\/\\\/richter.ceo\\\/coxs\\\/en\\\/#organization\"},\"potentialAction\":[{\"@type\":\"SearchAction\",\"target\":{\"@type\":\"EntryPoint\",\"urlTemplate\":\"https:\\\/\\\/richter.ceo\\\/coxs\\\/en\\\/?s={search_term_string}\"},\"query-input\":{\"@type\":\"PropertyValueSpecification\",\"valueRequired\":true,\"valueName\":\"search_term_string\"}}],\"inLanguage\":\"cs\"},{\"@type\":\"Organization\",\"@id\":\"https:\\\/\\\/richter.ceo\\\/coxs\\\/en\\\/#organization\",\"name\":\"COXS CLUB\",\"url\":\"https:\\\/\\\/richter.ceo\\\/coxs\\\/en\\\/\",\"logo\":{\"@type\":\"ImageObject\",\"inLanguage\":\"cs\",\"@id\":\"https:\\\/\\\/richter.ceo\\\/coxs\\\/en\\\/#\\\/schema\\\/logo\\\/image\\\/\",\"url\":\"http:\\\/\\\/richter.ceo\\\/coxs\\\/wp-content\\\/uploads\\\/sites\\\/4\\\/2025\\\/05\\\/FAVICON-dark.webp\",\"contentUrl\":\"http:\\\/\\\/richter.ceo\\\/coxs\\\/wp-content\\\/uploads\\\/sites\\\/4\\\/2025\\\/05\\\/FAVICON-dark.webp\",\"width\":512,\"height\":512,\"caption\":\"COXS CLUB\"},\"image\":{\"@id\":\"https:\\\/\\\/richter.ceo\\\/coxs\\\/en\\\/#\\\/schema\\\/logo\\\/image\\\/\"},\"sameAs\":[\"https:\\\/\\\/www.facebook.com\\\/profile.php?id=100088204002615\",\"https:\\\/\\\/www.instagram.com\\\/coxs_coxs\\\/\"]}]}<\/script>\n<!-- \/ Yoast SEO plugin. -->","yoast_head_json":{"title":"Six Saints Pedro Xim\u00e9nez Finish","description":"Limitovan\u00e1 edice rumu Six Saints, kter\u00e1 byla na konec zr\u00e1n\u00ed ulo\u017eena na p\u0159ibli\u017en\u011b \u0161est m\u011bs\u00edc\u016f do sudu, kter\u00fd p\u0159edt\u00edm obsahoval sherry Pedro Xim\u00e9nez. Ten","robots":{"index":"index","follow":"follow","max-snippet":"max-snippet:-1","max-image-preview":"max-image-preview:large","max-video-preview":"max-video-preview:-1"},"canonical":"https:\/\/richter.ceo\/coxs\/produkt\/six-saints-pedro-ximenez-finish\/","og_locale":"cs_CZ","og_type":"article","og_title":"Six Saints Pedro Xim\u00e9nez Finish","og_description":"Limitovan\u00e1 edice rumu Six Saints, kter\u00e1 byla na konec zr\u00e1n\u00ed ulo\u017eena na p\u0159ibli\u017en\u011b \u0161est m\u011bs\u00edc\u016f do sudu, kter\u00fd p\u0159edt\u00edm obsahoval sherry Pedro Xim\u00e9nez. Ten","og_url":"https:\/\/richter.ceo\/coxs\/produkt\/six-saints-pedro-ximenez-finish\/","og_site_name":"COXS CLUB","article_publisher":"https:\/\/www.facebook.com\/profile.php?id=100088204002615","article_modified_time":"2025-05-14T14:54:50+00:00","og_image":[{"width":600,"height":711,"url":"https:\/\/richter.ceo\/coxs\/wp-content\/uploads\/sites\/4\/2025\/05\/2027_six_saints_pedro_ximenez_finish.jpg","type":"image\/jpeg"}],"twitter_card":"summary_large_image","schema":{"@context":"https:\/\/schema.org","@graph":[{"@type":"WebPage","@id":"https:\/\/richter.ceo\/coxs\/produkt\/six-saints-pedro-ximenez-finish\/","url":"https:\/\/richter.ceo\/coxs\/produkt\/six-saints-pedro-ximenez-finish\/","name":"Six Saints Pedro Xim\u00e9nez Finish","isPartOf":{"@id":"https:\/\/richter.ceo\/coxs\/en\/#website"},"primaryImageOfPage":{"@id":"https:\/\/richter.ceo\/coxs\/produkt\/six-saints-pedro-ximenez-finish\/#primaryimage"},"image":{"@id":"https:\/\/richter.ceo\/coxs\/produkt\/six-saints-pedro-ximenez-finish\/#primaryimage"},"thumbnailUrl":"https:\/\/richter.ceo\/coxs\/wp-content\/uploads\/sites\/4\/2025\/05\/2027_six_saints_pedro_ximenez_finish.jpg","datePublished":"2025-05-14T14:54:49+00:00","dateModified":"2025-05-14T14:54:50+00:00","description":"Limitovan\u00e1 edice rumu Six Saints, kter\u00e1 byla na konec zr\u00e1n\u00ed ulo\u017eena na p\u0159ibli\u017en\u011b \u0161est m\u011bs\u00edc\u016f do sudu, kter\u00fd p\u0159edt\u00edm obsahoval sherry Pedro Xim\u00e9nez. Ten","breadcrumb":{"@id":"https:\/\/richter.ceo\/coxs\/produkt\/six-saints-pedro-ximenez-finish\/#breadcrumb"},"inLanguage":"cs","potentialAction":[{"@type":"ReadAction","target":["https:\/\/richter.ceo\/coxs\/produkt\/six-saints-pedro-ximenez-finish\/"]}]},{"@type":"ImageObject","inLanguage":"cs","@id":"https:\/\/richter.ceo\/coxs\/produkt\/six-saints-pedro-ximenez-finish\/#primaryimage","url":"https:\/\/richter.ceo\/coxs\/wp-content\/uploads\/sites\/4\/2025\/05\/2027_six_saints_pedro_ximenez_finish.jpg","contentUrl":"https:\/\/richter.ceo\/coxs\/wp-content\/uploads\/sites\/4\/2025\/05\/2027_six_saints_pedro_ximenez_finish.jpg","width":600,"height":711,"caption":"COXS CLUB"},{"@type":"BreadcrumbList","@id":"https:\/\/richter.ceo\/coxs\/produkt\/six-saints-pedro-ximenez-finish\/#breadcrumb","itemListElement":[{"@type":"ListItem","position":1,"name":"Dom\u016f","item":"https:\/\/richter.ceo\/coxs\/"},{"@type":"ListItem","position":2,"name":"N\u00c1POJE","item":"https:\/\/richter.ceo\/coxs\/en\/napoje\/"},{"@type":"ListItem","position":3,"name":"Six Saints Pedro Xim\u00e9nez Finish"}]},{"@type":"WebSite","@id":"https:\/\/richter.ceo\/coxs\/en\/#website","url":"https:\/\/richter.ceo\/coxs\/en\/","name":"COXS CLUB","description":"Beton a Rum","publisher":{"@id":"https:\/\/richter.ceo\/coxs\/en\/#organization"},"potentialAction":[{"@type":"SearchAction","target":{"@type":"EntryPoint","urlTemplate":"https:\/\/richter.ceo\/coxs\/en\/?s={search_term_string}"},"query-input":{"@type":"PropertyValueSpecification","valueRequired":true,"valueName":"search_term_string"}}],"inLanguage":"cs"},{"@type":"Organization","@id":"https:\/\/richter.ceo\/coxs\/en\/#organization","name":"COXS CLUB","url":"https:\/\/richter.ceo\/coxs\/en\/","logo":{"@type":"ImageObject","inLanguage":"cs","@id":"https:\/\/richter.ceo\/coxs\/en\/#\/schema\/logo\/image\/","url":"http:\/\/richter.ceo\/coxs\/wp-content\/uploads\/sites\/4\/2025\/05\/FAVICON-dark.webp","contentUrl":"http:\/\/richter.ceo\/coxs\/wp-content\/uploads\/sites\/4\/2025\/05\/FAVICON-dark.webp","width":512,"height":512,"caption":"COXS CLUB"},"image":{"@id":"https:\/\/richter.ceo\/coxs\/en\/#\/schema\/logo\/image\/"},"sameAs":["https:\/\/www.facebook.com\/profile.php?id=100088204002615","https:\/\/www.instagram.com\/coxs_coxs\/"]}]}},"_links":{"self":[{"href":"https:\/\/richter.ceo\/coxs\/wp-json\/wp\/v2\/product\/1368","targetHints":{"allow":["GET"]}}],"collection":[{"href":"https:\/\/richter.ceo\/coxs\/wp-json\/wp\/v2\/product"}],"about":[{"href":"https:\/\/richter.ceo\/coxs\/wp-json\/wp\/v2\/types\/product"}],"wp:featuredmedia":[{"embeddable":true,"href":"https:\/\/richter.ceo\/coxs\/wp-json\/wp\/v2\/media\/1246"}],"wp:attachment":[{"href":"https:\/\/richter.ceo\/coxs\/wp-json\/wp\/v2\/media?parent=1368"}],"wp:term":[{"taxonomy":"product_brand","embeddable":true,"href":"https:\/\/richter.ceo\/coxs\/wp-json\/wp\/v2\/product_brand?post=1368"},{"taxonomy":"product_cat","embeddable":true,"href":"https:\/\/richter.ceo\/coxs\/wp-json\/wp\/v2\/product_cat?post=1368"},{"taxonomy":"product_tag","embeddable":true,"href":"https:\/\/richter.ceo\/coxs\/wp-json\/wp\/v2\/product_tag?post=1368"}],"curies":[{"name":"wp","href":"https:\/\/api.w.org\/{rel}","templated":true}]}}