{"id":1372,"date":"2025-05-14T17:03:04","date_gmt":"2025-05-14T15:03:04","guid":{"rendered":"https:\/\/richter.ceo\/coxs\/?post_type=product&#038;p=1372"},"modified":"2025-05-14T17:03:04","modified_gmt":"2025-05-14T15:03:04","slug":"trois-rivieres-cuvee-ambre","status":"publish","type":"product","link":"https:\/\/richter.ceo\/coxs\/produkt\/trois-rivieres-cuvee-ambre\/","title":{"rendered":"Trois Rivi\u00e8res Cuv\u00e9e Ambr\u00e9"},"content":{"rendered":"<p>Elegantn\u00ed a velice chutn\u00fd zlat\u00fd rum agricole z Martiniku. Jedn\u00e1 se o chutn\u00fd a velice \u201epiteln\u00fd\u201c alkohol vyp\u00e1len z \u010derstv\u00e9 t\u0159tinov\u00e9 \u0161\u0165\u00e1vy. V\u00fdborn\u00fd pom\u011br ceny a kvality, co\u017e ocen\u00edte zejm\u00e9na p\u0159i p\u0159\u00edprav\u011b m\u00edchan\u00fdch n\u00e1poj\u016f.<\/p>\n<p>&nbsp;<\/p>\n<p>V\u016fn\u011b: ovocn\u00e1 a lehce ko\u0159en\u011bn\u00e1, s t\u00f3ny po su\u0161en\u00e9m ovoc\u00ed, ban\u00e1nov\u00e9m sirupu, demerara cukr, pudingov\u00fd kr\u00e9m s rumem a rozinky. Lehk\u00fd fotek tmav\u00e9 \u010dokol\u00e1dy<\/p>\n<p>Chu\u0165: harmonick\u00e1 jakoby p\u0159\u00edjemn\u011b tepl\u00e1, s t\u00f3ny b\u00edl\u00e9ho a jamajsk\u00e9ho pep\u0159e a p\u0159ehr\u0161le karamelov\u00e9 sladkosti. A snad i tro\u0161i\u010dku s v\u016fn\u00ed po \u010derstv\u00e9 tr\u00e1v\u011b<\/p>\n<div class=\"elementor-column elementor-col-50 elementor-inner-column elementor-element elementor-element-df5ea97\" data-id=\"df5ea97\" data-element_type=\"column\">\n<div class=\"elementor-widget-wrap elementor-element-populated\">\n<div class=\"elementor-element elementor-element-5f45f876 elementor-widget elementor-widget-woocommerce-product-short-description\" data-id=\"5f45f876\" data-element_type=\"widget\" data-widget_type=\"woocommerce-product-short-description.default\">\n<div class=\"elementor-widget-container\">\n<div class=\"woocommerce-product-details__short-description\">\n<p>Z\u00e1v\u011br: pom\u011brn\u011b dlouh\u00fd, postupn\u011b p\u0159ech\u00e1zej\u00edc\u00ed do zlat\u00e9ho sirupu, \u010derstv\u011b \u0159ezan\u00e9 tr\u00e1vy a tmav\u00e9 \u010dokol\u00e1dy<\/p>\n<\/div>\n<\/div>\n<\/div>\n<\/div>\n<\/div>\n","protected":false},"excerpt":{"rendered":"<p>Elegantn\u00ed a velice chutn\u00fd zlat\u00fd rum agricole z Martiniku. Jedn\u00e1 se o chutn\u00fd a velice \u201epiteln\u00fd\u201c alkohol vyp\u00e1len z \u010derstv\u00e9 t\u0159tinov\u00e9 \u0161\u0165\u00e1vy. V\u00fdborn\u00fd pom\u011br ceny a kvality, co\u017e ocen\u00edte zejm\u00e9na p\u0159i p\u0159\u00edprav\u011b m\u00edchan\u00fdch n\u00e1poj\u016f. &nbsp; V\u016fn\u011b: ovocn\u00e1 a lehce ko\u0159en\u011bn\u00e1, s t\u00f3ny po su\u0161en\u00e9m ovoc\u00ed, ban\u00e1nov\u00e9m sirupu, demerara cukr, pudingov\u00fd kr\u00e9m s rumem a rozinky. [&hellip;]<\/p>\n","protected":false},"featured_media":1291,"template":"","meta":{"_acf_changed":false},"product_brand":[228],"product_cat":[117],"product_tag":[],"class_list":{"0":"post-1372","1":"product","2":"type-product","3":"status-publish","4":"has-post-thumbnail","6":"product_brand-trois-rivieres","7":"product_cat-rum","8":"pa_cena-za-004-l","9":"pa_obsah-alkoholu-21","10":"pa_zeme-martinik","12":"first","13":"instock","14":"shipping-taxable","15":"purchasable","16":"product-type-simple"},"acf":[],"yoast_head":"<!-- This site is optimized with the Yoast SEO plugin v27.5 - https:\/\/yoast.com\/product\/yoast-seo-wordpress\/ -->\n<title>Trois Rivi\u00e8res Cuv\u00e9e Ambr\u00e9<\/title>\n<meta name=\"description\" content=\"Elegantn\u00ed a velice chutn\u00fd zlat\u00fd rum agricole z Martiniku. Jedn\u00e1 se o chutn\u00fd a velice \u201epiteln\u00fd\u201c alkohol vyp\u00e1len z \u010derstv\u00e9 t\u0159tinov\u00e9 \u0161\u0165\u00e1vy. V\u00fdborn\u00fd pom\u011br\" \/>\n<meta name=\"robots\" content=\"index, follow, max-snippet:-1, max-image-preview:large, max-video-preview:-1\" \/>\n<link rel=\"canonical\" href=\"https:\/\/richter.ceo\/coxs\/produkt\/trois-rivieres-cuvee-ambre\/\" \/>\n<meta property=\"og:locale\" content=\"cs_CZ\" \/>\n<meta property=\"og:type\" content=\"article\" \/>\n<meta property=\"og:title\" content=\"Trois Rivi\u00e8res Cuv\u00e9e Ambr\u00e9\" \/>\n<meta property=\"og:description\" content=\"Elegantn\u00ed a velice chutn\u00fd zlat\u00fd rum agricole z Martiniku. Jedn\u00e1 se o chutn\u00fd a velice \u201epiteln\u00fd\u201c alkohol vyp\u00e1len z \u010derstv\u00e9 t\u0159tinov\u00e9 \u0161\u0165\u00e1vy. V\u00fdborn\u00fd pom\u011br\" \/>\n<meta property=\"og:url\" content=\"https:\/\/richter.ceo\/coxs\/produkt\/trois-rivieres-cuvee-ambre\/\" \/>\n<meta property=\"og:site_name\" content=\"COXS CLUB\" \/>\n<meta property=\"article:publisher\" content=\"https:\/\/www.facebook.com\/profile.php?id=100088204002615\" \/>\n<meta property=\"og:image\" content=\"https:\/\/richter.ceo\/coxs\/wp-content\/uploads\/sites\/4\/2025\/05\/trois-ambre-864x1024-1.jpg\" \/>\n\t<meta property=\"og:image:width\" content=\"864\" \/>\n\t<meta property=\"og:image:height\" content=\"1024\" \/>\n\t<meta property=\"og:image:type\" content=\"image\/jpeg\" \/>\n<meta name=\"twitter:card\" content=\"summary_large_image\" \/>\n<meta name=\"twitter:label1\" content=\"Odhadovan\u00e1 doba \u010dten\u00ed\" \/>\n\t<meta name=\"twitter:data1\" content=\"1 minuta\" \/>\n<script type=\"application\/ld+json\" class=\"yoast-schema-graph\">{\"@context\":\"https:\\\/\\\/schema.org\",\"@graph\":[{\"@type\":\"WebPage\",\"@id\":\"https:\\\/\\\/richter.ceo\\\/coxs\\\/produkt\\\/trois-rivieres-cuvee-ambre\\\/\",\"url\":\"https:\\\/\\\/richter.ceo\\\/coxs\\\/produkt\\\/trois-rivieres-cuvee-ambre\\\/\",\"name\":\"Trois Rivi\u00e8res Cuv\u00e9e Ambr\u00e9\",\"isPartOf\":{\"@id\":\"https:\\\/\\\/richter.ceo\\\/coxs\\\/en\\\/#website\"},\"primaryImageOfPage\":{\"@id\":\"https:\\\/\\\/richter.ceo\\\/coxs\\\/produkt\\\/trois-rivieres-cuvee-ambre\\\/#primaryimage\"},\"image\":{\"@id\":\"https:\\\/\\\/richter.ceo\\\/coxs\\\/produkt\\\/trois-rivieres-cuvee-ambre\\\/#primaryimage\"},\"thumbnailUrl\":\"https:\\\/\\\/richter.ceo\\\/coxs\\\/wp-content\\\/uploads\\\/sites\\\/4\\\/2025\\\/05\\\/trois-ambre-864x1024-1.jpg\",\"datePublished\":\"2025-05-14T15:03:04+00:00\",\"description\":\"Elegantn\u00ed a velice chutn\u00fd zlat\u00fd rum agricole z Martiniku. Jedn\u00e1 se o chutn\u00fd a velice \u201epiteln\u00fd\u201c alkohol vyp\u00e1len z \u010derstv\u00e9 t\u0159tinov\u00e9 \u0161\u0165\u00e1vy. V\u00fdborn\u00fd pom\u011br\",\"breadcrumb\":{\"@id\":\"https:\\\/\\\/richter.ceo\\\/coxs\\\/produkt\\\/trois-rivieres-cuvee-ambre\\\/#breadcrumb\"},\"inLanguage\":\"cs\",\"potentialAction\":[{\"@type\":\"ReadAction\",\"target\":[\"https:\\\/\\\/richter.ceo\\\/coxs\\\/produkt\\\/trois-rivieres-cuvee-ambre\\\/\"]}]},{\"@type\":\"ImageObject\",\"inLanguage\":\"cs\",\"@id\":\"https:\\\/\\\/richter.ceo\\\/coxs\\\/produkt\\\/trois-rivieres-cuvee-ambre\\\/#primaryimage\",\"url\":\"https:\\\/\\\/richter.ceo\\\/coxs\\\/wp-content\\\/uploads\\\/sites\\\/4\\\/2025\\\/05\\\/trois-ambre-864x1024-1.jpg\",\"contentUrl\":\"https:\\\/\\\/richter.ceo\\\/coxs\\\/wp-content\\\/uploads\\\/sites\\\/4\\\/2025\\\/05\\\/trois-ambre-864x1024-1.jpg\",\"width\":864,\"height\":1024,\"caption\":\"COXS CLUB\"},{\"@type\":\"BreadcrumbList\",\"@id\":\"https:\\\/\\\/richter.ceo\\\/coxs\\\/produkt\\\/trois-rivieres-cuvee-ambre\\\/#breadcrumb\",\"itemListElement\":[{\"@type\":\"ListItem\",\"position\":1,\"name\":\"Dom\u016f\",\"item\":\"https:\\\/\\\/richter.ceo\\\/coxs\\\/\"},{\"@type\":\"ListItem\",\"position\":2,\"name\":\"N\u00c1POJE\",\"item\":\"https:\\\/\\\/richter.ceo\\\/coxs\\\/en\\\/napoje\\\/\"},{\"@type\":\"ListItem\",\"position\":3,\"name\":\"Trois Rivi\u00e8res Cuv\u00e9e Ambr\u00e9\"}]},{\"@type\":\"WebSite\",\"@id\":\"https:\\\/\\\/richter.ceo\\\/coxs\\\/en\\\/#website\",\"url\":\"https:\\\/\\\/richter.ceo\\\/coxs\\\/en\\\/\",\"name\":\"COXS CLUB\",\"description\":\"Beton a Rum\",\"publisher\":{\"@id\":\"https:\\\/\\\/richter.ceo\\\/coxs\\\/en\\\/#organization\"},\"potentialAction\":[{\"@type\":\"SearchAction\",\"target\":{\"@type\":\"EntryPoint\",\"urlTemplate\":\"https:\\\/\\\/richter.ceo\\\/coxs\\\/en\\\/?s={search_term_string}\"},\"query-input\":{\"@type\":\"PropertyValueSpecification\",\"valueRequired\":true,\"valueName\":\"search_term_string\"}}],\"inLanguage\":\"cs\"},{\"@type\":\"Organization\",\"@id\":\"https:\\\/\\\/richter.ceo\\\/coxs\\\/en\\\/#organization\",\"name\":\"COXS CLUB\",\"url\":\"https:\\\/\\\/richter.ceo\\\/coxs\\\/en\\\/\",\"logo\":{\"@type\":\"ImageObject\",\"inLanguage\":\"cs\",\"@id\":\"https:\\\/\\\/richter.ceo\\\/coxs\\\/en\\\/#\\\/schema\\\/logo\\\/image\\\/\",\"url\":\"http:\\\/\\\/richter.ceo\\\/coxs\\\/wp-content\\\/uploads\\\/sites\\\/4\\\/2025\\\/05\\\/FAVICON-dark.webp\",\"contentUrl\":\"http:\\\/\\\/richter.ceo\\\/coxs\\\/wp-content\\\/uploads\\\/sites\\\/4\\\/2025\\\/05\\\/FAVICON-dark.webp\",\"width\":512,\"height\":512,\"caption\":\"COXS CLUB\"},\"image\":{\"@id\":\"https:\\\/\\\/richter.ceo\\\/coxs\\\/en\\\/#\\\/schema\\\/logo\\\/image\\\/\"},\"sameAs\":[\"https:\\\/\\\/www.facebook.com\\\/profile.php?id=100088204002615\",\"https:\\\/\\\/www.instagram.com\\\/coxs_coxs\\\/\"]}]}<\/script>\n<!-- \/ Yoast SEO plugin. -->","yoast_head_json":{"title":"Trois Rivi\u00e8res Cuv\u00e9e Ambr\u00e9","description":"Elegantn\u00ed a velice chutn\u00fd zlat\u00fd rum agricole z Martiniku. Jedn\u00e1 se o chutn\u00fd a velice \u201epiteln\u00fd\u201c alkohol vyp\u00e1len z \u010derstv\u00e9 t\u0159tinov\u00e9 \u0161\u0165\u00e1vy. V\u00fdborn\u00fd pom\u011br","robots":{"index":"index","follow":"follow","max-snippet":"max-snippet:-1","max-image-preview":"max-image-preview:large","max-video-preview":"max-video-preview:-1"},"canonical":"https:\/\/richter.ceo\/coxs\/produkt\/trois-rivieres-cuvee-ambre\/","og_locale":"cs_CZ","og_type":"article","og_title":"Trois Rivi\u00e8res Cuv\u00e9e Ambr\u00e9","og_description":"Elegantn\u00ed a velice chutn\u00fd zlat\u00fd rum agricole z Martiniku. Jedn\u00e1 se o chutn\u00fd a velice \u201epiteln\u00fd\u201c alkohol vyp\u00e1len z \u010derstv\u00e9 t\u0159tinov\u00e9 \u0161\u0165\u00e1vy. V\u00fdborn\u00fd pom\u011br","og_url":"https:\/\/richter.ceo\/coxs\/produkt\/trois-rivieres-cuvee-ambre\/","og_site_name":"COXS CLUB","article_publisher":"https:\/\/www.facebook.com\/profile.php?id=100088204002615","og_image":[{"width":864,"height":1024,"url":"https:\/\/richter.ceo\/coxs\/wp-content\/uploads\/sites\/4\/2025\/05\/trois-ambre-864x1024-1.jpg","type":"image\/jpeg"}],"twitter_card":"summary_large_image","twitter_misc":{"Odhadovan\u00e1 doba \u010dten\u00ed":"1 minuta"},"schema":{"@context":"https:\/\/schema.org","@graph":[{"@type":"WebPage","@id":"https:\/\/richter.ceo\/coxs\/produkt\/trois-rivieres-cuvee-ambre\/","url":"https:\/\/richter.ceo\/coxs\/produkt\/trois-rivieres-cuvee-ambre\/","name":"Trois Rivi\u00e8res Cuv\u00e9e Ambr\u00e9","isPartOf":{"@id":"https:\/\/richter.ceo\/coxs\/en\/#website"},"primaryImageOfPage":{"@id":"https:\/\/richter.ceo\/coxs\/produkt\/trois-rivieres-cuvee-ambre\/#primaryimage"},"image":{"@id":"https:\/\/richter.ceo\/coxs\/produkt\/trois-rivieres-cuvee-ambre\/#primaryimage"},"thumbnailUrl":"https:\/\/richter.ceo\/coxs\/wp-content\/uploads\/sites\/4\/2025\/05\/trois-ambre-864x1024-1.jpg","datePublished":"2025-05-14T15:03:04+00:00","description":"Elegantn\u00ed a velice chutn\u00fd zlat\u00fd rum agricole z Martiniku. Jedn\u00e1 se o chutn\u00fd a velice \u201epiteln\u00fd\u201c alkohol vyp\u00e1len z \u010derstv\u00e9 t\u0159tinov\u00e9 \u0161\u0165\u00e1vy. V\u00fdborn\u00fd pom\u011br","breadcrumb":{"@id":"https:\/\/richter.ceo\/coxs\/produkt\/trois-rivieres-cuvee-ambre\/#breadcrumb"},"inLanguage":"cs","potentialAction":[{"@type":"ReadAction","target":["https:\/\/richter.ceo\/coxs\/produkt\/trois-rivieres-cuvee-ambre\/"]}]},{"@type":"ImageObject","inLanguage":"cs","@id":"https:\/\/richter.ceo\/coxs\/produkt\/trois-rivieres-cuvee-ambre\/#primaryimage","url":"https:\/\/richter.ceo\/coxs\/wp-content\/uploads\/sites\/4\/2025\/05\/trois-ambre-864x1024-1.jpg","contentUrl":"https:\/\/richter.ceo\/coxs\/wp-content\/uploads\/sites\/4\/2025\/05\/trois-ambre-864x1024-1.jpg","width":864,"height":1024,"caption":"COXS CLUB"},{"@type":"BreadcrumbList","@id":"https:\/\/richter.ceo\/coxs\/produkt\/trois-rivieres-cuvee-ambre\/#breadcrumb","itemListElement":[{"@type":"ListItem","position":1,"name":"Dom\u016f","item":"https:\/\/richter.ceo\/coxs\/"},{"@type":"ListItem","position":2,"name":"N\u00c1POJE","item":"https:\/\/richter.ceo\/coxs\/en\/napoje\/"},{"@type":"ListItem","position":3,"name":"Trois Rivi\u00e8res Cuv\u00e9e Ambr\u00e9"}]},{"@type":"WebSite","@id":"https:\/\/richter.ceo\/coxs\/en\/#website","url":"https:\/\/richter.ceo\/coxs\/en\/","name":"COXS CLUB","description":"Beton a Rum","publisher":{"@id":"https:\/\/richter.ceo\/coxs\/en\/#organization"},"potentialAction":[{"@type":"SearchAction","target":{"@type":"EntryPoint","urlTemplate":"https:\/\/richter.ceo\/coxs\/en\/?s={search_term_string}"},"query-input":{"@type":"PropertyValueSpecification","valueRequired":true,"valueName":"search_term_string"}}],"inLanguage":"cs"},{"@type":"Organization","@id":"https:\/\/richter.ceo\/coxs\/en\/#organization","name":"COXS CLUB","url":"https:\/\/richter.ceo\/coxs\/en\/","logo":{"@type":"ImageObject","inLanguage":"cs","@id":"https:\/\/richter.ceo\/coxs\/en\/#\/schema\/logo\/image\/","url":"http:\/\/richter.ceo\/coxs\/wp-content\/uploads\/sites\/4\/2025\/05\/FAVICON-dark.webp","contentUrl":"http:\/\/richter.ceo\/coxs\/wp-content\/uploads\/sites\/4\/2025\/05\/FAVICON-dark.webp","width":512,"height":512,"caption":"COXS CLUB"},"image":{"@id":"https:\/\/richter.ceo\/coxs\/en\/#\/schema\/logo\/image\/"},"sameAs":["https:\/\/www.facebook.com\/profile.php?id=100088204002615","https:\/\/www.instagram.com\/coxs_coxs\/"]}]}},"_links":{"self":[{"href":"https:\/\/richter.ceo\/coxs\/wp-json\/wp\/v2\/product\/1372","targetHints":{"allow":["GET"]}}],"collection":[{"href":"https:\/\/richter.ceo\/coxs\/wp-json\/wp\/v2\/product"}],"about":[{"href":"https:\/\/richter.ceo\/coxs\/wp-json\/wp\/v2\/types\/product"}],"wp:featuredmedia":[{"embeddable":true,"href":"https:\/\/richter.ceo\/coxs\/wp-json\/wp\/v2\/media\/1291"}],"wp:attachment":[{"href":"https:\/\/richter.ceo\/coxs\/wp-json\/wp\/v2\/media?parent=1372"}],"wp:term":[{"taxonomy":"product_brand","embeddable":true,"href":"https:\/\/richter.ceo\/coxs\/wp-json\/wp\/v2\/product_brand?post=1372"},{"taxonomy":"product_cat","embeddable":true,"href":"https:\/\/richter.ceo\/coxs\/wp-json\/wp\/v2\/product_cat?post=1372"},{"taxonomy":"product_tag","embeddable":true,"href":"https:\/\/richter.ceo\/coxs\/wp-json\/wp\/v2\/product_tag?post=1372"}],"curies":[{"name":"wp","href":"https:\/\/api.w.org\/{rel}","templated":true}]}}