{"id":1382,"date":"2025-05-14T17:57:59","date_gmt":"2025-05-14T15:57:59","guid":{"rendered":"https:\/\/richter.ceo\/coxs\/?post_type=product&#038;p=1382"},"modified":"2025-05-14T17:57:59","modified_gmt":"2025-05-14T15:57:59","slug":"mhoba-frankys-pineapple","status":"publish","type":"product","link":"https:\/\/richter.ceo\/coxs\/produkt\/mhoba-frankys-pineapple\/","title":{"rendered":"Mhoba Franky&#8217;s Pineapple"},"content":{"rendered":"<p>Jihoafrick\u00e1 zna\u010dka Mhoba Rum se d\u00edky poctiv\u00e9mu procesu v\u00fdroby m\u016f\u017ee py\u0161nit ozna\u010den\u00edm Pure Single Rum. K v\u00fdrob\u011b rumu pou\u017e\u00edv\u00e1 m\u00edstn\u00ed jihoafrickou cukrovou t\u0159tinu Nkomazi, kter\u00e1 je p\u011bstov\u00e1na na vlastn\u00edch plant\u00e1\u017e\u00edch Mhoba Sugar Estate na okraji m\u011bste\u010dka Malelane. K v\u00fdrob\u011b rumu se pou\u017e\u00edv\u00e1 \u010dist\u00e1 \u0161\u0165\u00e1va z cukrov\u00e9 t\u0159tiny a jej\u00ed zpracov\u00e1n\u00ed prob\u00edh\u00e1 od za\u010d\u00e1tku a\u017e do konce zcela ru\u010dn\u011b, v\u00fdjimkou nen\u00ed ani ru\u010dn\u011b ovl\u00e1dan\u00fd lis. To umo\u017e\u0148uje denn\u011b vyrobit maxim\u00e1ln\u011b \u010dty\u0159i tis\u00edce litr\u016f \u0161\u0165\u00e1vy. Ta je n\u00e1sledn\u011b p\u0159em\u00edst\u011bna do fermenta\u010dn\u00ed n\u00e1dr\u017ee, kde za pou\u017eit\u00ed m\u00edstn\u00edch kvasinek fermentuje pod otev\u0159en\u00fdm nebem a\u017e 3 t\u00fddny. Ka\u017ed\u00fd rum je vyroben 100 % kotl\u00edkovou destilac\u00ed v mal\u00fdch v\u00e1rk\u00e1ch. Rumy Mhoba neobsahuj\u00ed \u017e\u00e1dn\u00e1 p\u0159idan\u00e1 aditiva, barviva \u010di dochucovadla a ru\u010dn\u011b se pln\u00ed do lahv\u00ed s etiketami, kter\u00e9 navrhl s\u00e1m zakladatel zna\u010dky. Rum se zde vyr\u00e1b\u00ed s mimo\u0159\u00e1dnou poctivost\u00ed a l\u00e1skou a na v\u00fdsledek jsou jeho tv\u016frci pr\u00e1vem hrd\u00ed.<\/p>\n<p>&nbsp;<\/p>\n<div class=\"elementor-column elementor-col-50 elementor-inner-column elementor-element elementor-element-df5ea97\" data-id=\"df5ea97\" data-element_type=\"column\">\n<div class=\"elementor-widget-wrap elementor-element-populated\">\n<div class=\"elementor-element elementor-element-5f45f876 elementor-widget elementor-widget-woocommerce-product-short-description\" data-id=\"5f45f876\" data-element_type=\"widget\" data-widget_type=\"woocommerce-product-short-description.default\">\n<div class=\"elementor-widget-container\">\n<div class=\"woocommerce-product-details__short-description\">\n<p>Mhoba Franky\u00b4s Pineapple je blendem rumu Glass Cask, zraj\u00edc\u00edho ve sklen\u011bn\u00fdch demi\u017eonech, a b\u00edl\u00e9ho Pot Stilled rumu zna\u010dky Mhoba. Do ka\u017ed\u00e9ho rumu se p\u0159ed sm\u00edch\u00e1n\u00edm p\u0159id\u00e1v\u00e1 grilovan\u00fd \u010derstv\u00fd ananas odr\u016fdy Natal Queen a nech\u00e1 se macerovat po dobu 6 m\u011bs\u00edc\u016f. A\u010dkoli si rum st\u00e1le dr\u017e\u00ed such\u00fd profil pln\u00fd d\u0159eva, kou\u0159e a cukrov\u00e9 t\u0159tiny, tato macerace p\u0159in\u00e1\u0161\u00ed lehkou ananasovou sladkost.<\/p>\n<\/div>\n<\/div>\n<\/div>\n<\/div>\n<\/div>\n","protected":false},"excerpt":{"rendered":"<p>Jihoafrick\u00e1 zna\u010dka Mhoba Rum se d\u00edky poctiv\u00e9mu procesu v\u00fdroby m\u016f\u017ee py\u0161nit ozna\u010den\u00edm Pure Single Rum. K v\u00fdrob\u011b rumu pou\u017e\u00edv\u00e1 m\u00edstn\u00ed jihoafrickou cukrovou t\u0159tinu Nkomazi, kter\u00e1 je p\u011bstov\u00e1na na vlastn\u00edch plant\u00e1\u017e\u00edch Mhoba Sugar Estate na okraji m\u011bste\u010dka Malelane. K v\u00fdrob\u011b rumu se pou\u017e\u00edv\u00e1 \u010dist\u00e1 \u0161\u0165\u00e1va z cukrov\u00e9 t\u0159tiny a jej\u00ed zpracov\u00e1n\u00ed prob\u00edh\u00e1 od za\u010d\u00e1tku a\u017e do [&hellip;]<\/p>\n","protected":false},"featured_media":1273,"template":"","meta":{"_acf_changed":false},"product_brand":[231],"product_cat":[117],"product_tag":[],"class_list":{"0":"post-1382","1":"product","2":"type-product","3":"status-publish","4":"has-post-thumbnail","6":"product_brand-mhoba","7":"product_cat-rum","8":"pa_cena-za-004-l","9":"pa_obsah-alkoholu-56","10":"pa_zeme-jihoafricka-republika","12":"first","13":"instock","14":"shipping-taxable","15":"purchasable","16":"product-type-simple"},"acf":[],"yoast_head":"<!-- This site is optimized with the Yoast SEO plugin v27.5 - https:\/\/yoast.com\/product\/yoast-seo-wordpress\/ -->\n<title>Mhoba Franky&#039;s Pineapple<\/title>\n<meta name=\"description\" content=\"Jihoafrick\u00e1 zna\u010dka Mhoba Rum se d\u00edky poctiv\u00e9mu procesu v\u00fdroby m\u016f\u017ee py\u0161nit ozna\u010den\u00edm Pure Single Rum. K v\u00fdrob\u011b rumu pou\u017e\u00edv\u00e1 m\u00edstn\u00ed jihoafrickou cukrovou\" \/>\n<meta name=\"robots\" content=\"index, follow, max-snippet:-1, max-image-preview:large, max-video-preview:-1\" \/>\n<link rel=\"canonical\" href=\"https:\/\/richter.ceo\/coxs\/product\/mhoba-frankys-pineapple\/\" \/>\n<meta property=\"og:locale\" content=\"cs_CZ\" \/>\n<meta property=\"og:type\" content=\"article\" \/>\n<meta property=\"og:title\" content=\"Mhoba Franky&#039;s Pineapple\" \/>\n<meta property=\"og:description\" content=\"Jihoafrick\u00e1 zna\u010dka Mhoba Rum se d\u00edky poctiv\u00e9mu procesu v\u00fdroby m\u016f\u017ee py\u0161nit ozna\u010den\u00edm Pure Single Rum. K v\u00fdrob\u011b rumu pou\u017e\u00edv\u00e1 m\u00edstn\u00ed jihoafrickou cukrovou\" \/>\n<meta property=\"og:url\" content=\"https:\/\/richter.ceo\/coxs\/product\/mhoba-frankys-pineapple\/\" \/>\n<meta property=\"og:site_name\" content=\"COXS CLUB\" \/>\n<meta property=\"article:publisher\" content=\"https:\/\/www.facebook.com\/profile.php?id=100088204002615\" \/>\n<meta property=\"og:image\" content=\"https:\/\/richter.ceo\/coxs\/wp-content\/uploads\/sites\/4\/2025\/05\/3242_mhoba_frankys_pineapple.jpg\" \/>\n\t<meta property=\"og:image:width\" content=\"600\" \/>\n\t<meta property=\"og:image:height\" content=\"711\" \/>\n\t<meta property=\"og:image:type\" content=\"image\/jpeg\" \/>\n<meta name=\"twitter:card\" content=\"summary_large_image\" \/>\n<meta name=\"twitter:label1\" content=\"Odhadovan\u00e1 doba \u010dten\u00ed\" \/>\n\t<meta name=\"twitter:data1\" content=\"1 minuta\" \/>\n<script type=\"application\/ld+json\" class=\"yoast-schema-graph\">{\"@context\":\"https:\\\/\\\/schema.org\",\"@graph\":[{\"@type\":\"WebPage\",\"@id\":\"https:\\\/\\\/richter.ceo\\\/coxs\\\/en\\\/product\\\/mhoba-frankys-pineapple\\\/\",\"url\":\"https:\\\/\\\/richter.ceo\\\/coxs\\\/en\\\/product\\\/mhoba-frankys-pineapple\\\/\",\"name\":\"Mhoba Franky's Pineapple\",\"isPartOf\":{\"@id\":\"https:\\\/\\\/richter.ceo\\\/coxs\\\/en\\\/#website\"},\"primaryImageOfPage\":{\"@id\":\"https:\\\/\\\/richter.ceo\\\/coxs\\\/en\\\/product\\\/mhoba-frankys-pineapple\\\/#primaryimage\"},\"image\":{\"@id\":\"https:\\\/\\\/richter.ceo\\\/coxs\\\/en\\\/product\\\/mhoba-frankys-pineapple\\\/#primaryimage\"},\"thumbnailUrl\":\"https:\\\/\\\/richter.ceo\\\/coxs\\\/wp-content\\\/uploads\\\/sites\\\/4\\\/2025\\\/05\\\/3242_mhoba_frankys_pineapple.jpg\",\"datePublished\":\"2025-05-14T15:57:59+00:00\",\"description\":\"Jihoafrick\u00e1 zna\u010dka Mhoba Rum se d\u00edky poctiv\u00e9mu procesu v\u00fdroby m\u016f\u017ee py\u0161nit ozna\u010den\u00edm Pure Single Rum. K v\u00fdrob\u011b rumu pou\u017e\u00edv\u00e1 m\u00edstn\u00ed jihoafrickou cukrovou\",\"breadcrumb\":{\"@id\":\"https:\\\/\\\/richter.ceo\\\/coxs\\\/en\\\/product\\\/mhoba-frankys-pineapple\\\/#breadcrumb\"},\"inLanguage\":\"cs\",\"potentialAction\":[{\"@type\":\"ReadAction\",\"target\":[\"https:\\\/\\\/richter.ceo\\\/coxs\\\/en\\\/product\\\/mhoba-frankys-pineapple\\\/\"]}]},{\"@type\":\"ImageObject\",\"inLanguage\":\"cs\",\"@id\":\"https:\\\/\\\/richter.ceo\\\/coxs\\\/en\\\/product\\\/mhoba-frankys-pineapple\\\/#primaryimage\",\"url\":\"https:\\\/\\\/richter.ceo\\\/coxs\\\/wp-content\\\/uploads\\\/sites\\\/4\\\/2025\\\/05\\\/3242_mhoba_frankys_pineapple.jpg\",\"contentUrl\":\"https:\\\/\\\/richter.ceo\\\/coxs\\\/wp-content\\\/uploads\\\/sites\\\/4\\\/2025\\\/05\\\/3242_mhoba_frankys_pineapple.jpg\",\"width\":600,\"height\":711,\"caption\":\"COXS CLUB\"},{\"@type\":\"BreadcrumbList\",\"@id\":\"https:\\\/\\\/richter.ceo\\\/coxs\\\/en\\\/product\\\/mhoba-frankys-pineapple\\\/#breadcrumb\",\"itemListElement\":[{\"@type\":\"ListItem\",\"position\":1,\"name\":\"Dom\u016f\",\"item\":\"https:\\\/\\\/richter.ceo\\\/coxs\\\/\"},{\"@type\":\"ListItem\",\"position\":2,\"name\":\"N\u00c1POJE\",\"item\":\"https:\\\/\\\/richter.ceo\\\/coxs\\\/en\\\/napoje\\\/\"},{\"@type\":\"ListItem\",\"position\":3,\"name\":\"Mhoba Franky&#8217;s Pineapple\"}]},{\"@type\":\"WebSite\",\"@id\":\"https:\\\/\\\/richter.ceo\\\/coxs\\\/en\\\/#website\",\"url\":\"https:\\\/\\\/richter.ceo\\\/coxs\\\/en\\\/\",\"name\":\"COXS CLUB\",\"description\":\"Beton a Rum\",\"publisher\":{\"@id\":\"https:\\\/\\\/richter.ceo\\\/coxs\\\/en\\\/#organization\"},\"potentialAction\":[{\"@type\":\"SearchAction\",\"target\":{\"@type\":\"EntryPoint\",\"urlTemplate\":\"https:\\\/\\\/richter.ceo\\\/coxs\\\/en\\\/?s={search_term_string}\"},\"query-input\":{\"@type\":\"PropertyValueSpecification\",\"valueRequired\":true,\"valueName\":\"search_term_string\"}}],\"inLanguage\":\"cs\"},{\"@type\":\"Organization\",\"@id\":\"https:\\\/\\\/richter.ceo\\\/coxs\\\/en\\\/#organization\",\"name\":\"COXS CLUB\",\"url\":\"https:\\\/\\\/richter.ceo\\\/coxs\\\/en\\\/\",\"logo\":{\"@type\":\"ImageObject\",\"inLanguage\":\"cs\",\"@id\":\"https:\\\/\\\/richter.ceo\\\/coxs\\\/en\\\/#\\\/schema\\\/logo\\\/image\\\/\",\"url\":\"http:\\\/\\\/richter.ceo\\\/coxs\\\/wp-content\\\/uploads\\\/sites\\\/4\\\/2025\\\/05\\\/FAVICON-dark.webp\",\"contentUrl\":\"http:\\\/\\\/richter.ceo\\\/coxs\\\/wp-content\\\/uploads\\\/sites\\\/4\\\/2025\\\/05\\\/FAVICON-dark.webp\",\"width\":512,\"height\":512,\"caption\":\"COXS CLUB\"},\"image\":{\"@id\":\"https:\\\/\\\/richter.ceo\\\/coxs\\\/en\\\/#\\\/schema\\\/logo\\\/image\\\/\"},\"sameAs\":[\"https:\\\/\\\/www.facebook.com\\\/profile.php?id=100088204002615\",\"https:\\\/\\\/www.instagram.com\\\/coxs_coxs\\\/\"]}]}<\/script>\n<!-- \/ Yoast SEO plugin. -->","yoast_head_json":{"title":"Mhoba Franky's Pineapple","description":"Jihoafrick\u00e1 zna\u010dka Mhoba Rum se d\u00edky poctiv\u00e9mu procesu v\u00fdroby m\u016f\u017ee py\u0161nit ozna\u010den\u00edm Pure Single Rum. K v\u00fdrob\u011b rumu pou\u017e\u00edv\u00e1 m\u00edstn\u00ed jihoafrickou cukrovou","robots":{"index":"index","follow":"follow","max-snippet":"max-snippet:-1","max-image-preview":"max-image-preview:large","max-video-preview":"max-video-preview:-1"},"canonical":"https:\/\/richter.ceo\/coxs\/product\/mhoba-frankys-pineapple\/","og_locale":"cs_CZ","og_type":"article","og_title":"Mhoba Franky's Pineapple","og_description":"Jihoafrick\u00e1 zna\u010dka Mhoba Rum se d\u00edky poctiv\u00e9mu procesu v\u00fdroby m\u016f\u017ee py\u0161nit ozna\u010den\u00edm Pure Single Rum. K v\u00fdrob\u011b rumu pou\u017e\u00edv\u00e1 m\u00edstn\u00ed jihoafrickou cukrovou","og_url":"https:\/\/richter.ceo\/coxs\/product\/mhoba-frankys-pineapple\/","og_site_name":"COXS CLUB","article_publisher":"https:\/\/www.facebook.com\/profile.php?id=100088204002615","og_image":[{"width":600,"height":711,"url":"https:\/\/richter.ceo\/coxs\/wp-content\/uploads\/sites\/4\/2025\/05\/3242_mhoba_frankys_pineapple.jpg","type":"image\/jpeg"}],"twitter_card":"summary_large_image","twitter_misc":{"Odhadovan\u00e1 doba \u010dten\u00ed":"1 minuta"},"schema":{"@context":"https:\/\/schema.org","@graph":[{"@type":"WebPage","@id":"https:\/\/richter.ceo\/coxs\/en\/product\/mhoba-frankys-pineapple\/","url":"https:\/\/richter.ceo\/coxs\/en\/product\/mhoba-frankys-pineapple\/","name":"Mhoba Franky's Pineapple","isPartOf":{"@id":"https:\/\/richter.ceo\/coxs\/en\/#website"},"primaryImageOfPage":{"@id":"https:\/\/richter.ceo\/coxs\/en\/product\/mhoba-frankys-pineapple\/#primaryimage"},"image":{"@id":"https:\/\/richter.ceo\/coxs\/en\/product\/mhoba-frankys-pineapple\/#primaryimage"},"thumbnailUrl":"https:\/\/richter.ceo\/coxs\/wp-content\/uploads\/sites\/4\/2025\/05\/3242_mhoba_frankys_pineapple.jpg","datePublished":"2025-05-14T15:57:59+00:00","description":"Jihoafrick\u00e1 zna\u010dka Mhoba Rum se d\u00edky poctiv\u00e9mu procesu v\u00fdroby m\u016f\u017ee py\u0161nit ozna\u010den\u00edm Pure Single Rum. K v\u00fdrob\u011b rumu pou\u017e\u00edv\u00e1 m\u00edstn\u00ed jihoafrickou cukrovou","breadcrumb":{"@id":"https:\/\/richter.ceo\/coxs\/en\/product\/mhoba-frankys-pineapple\/#breadcrumb"},"inLanguage":"cs","potentialAction":[{"@type":"ReadAction","target":["https:\/\/richter.ceo\/coxs\/en\/product\/mhoba-frankys-pineapple\/"]}]},{"@type":"ImageObject","inLanguage":"cs","@id":"https:\/\/richter.ceo\/coxs\/en\/product\/mhoba-frankys-pineapple\/#primaryimage","url":"https:\/\/richter.ceo\/coxs\/wp-content\/uploads\/sites\/4\/2025\/05\/3242_mhoba_frankys_pineapple.jpg","contentUrl":"https:\/\/richter.ceo\/coxs\/wp-content\/uploads\/sites\/4\/2025\/05\/3242_mhoba_frankys_pineapple.jpg","width":600,"height":711,"caption":"COXS CLUB"},{"@type":"BreadcrumbList","@id":"https:\/\/richter.ceo\/coxs\/en\/product\/mhoba-frankys-pineapple\/#breadcrumb","itemListElement":[{"@type":"ListItem","position":1,"name":"Dom\u016f","item":"https:\/\/richter.ceo\/coxs\/"},{"@type":"ListItem","position":2,"name":"N\u00c1POJE","item":"https:\/\/richter.ceo\/coxs\/en\/napoje\/"},{"@type":"ListItem","position":3,"name":"Mhoba Franky&#8217;s Pineapple"}]},{"@type":"WebSite","@id":"https:\/\/richter.ceo\/coxs\/en\/#website","url":"https:\/\/richter.ceo\/coxs\/en\/","name":"COXS CLUB","description":"Beton a Rum","publisher":{"@id":"https:\/\/richter.ceo\/coxs\/en\/#organization"},"potentialAction":[{"@type":"SearchAction","target":{"@type":"EntryPoint","urlTemplate":"https:\/\/richter.ceo\/coxs\/en\/?s={search_term_string}"},"query-input":{"@type":"PropertyValueSpecification","valueRequired":true,"valueName":"search_term_string"}}],"inLanguage":"cs"},{"@type":"Organization","@id":"https:\/\/richter.ceo\/coxs\/en\/#organization","name":"COXS CLUB","url":"https:\/\/richter.ceo\/coxs\/en\/","logo":{"@type":"ImageObject","inLanguage":"cs","@id":"https:\/\/richter.ceo\/coxs\/en\/#\/schema\/logo\/image\/","url":"http:\/\/richter.ceo\/coxs\/wp-content\/uploads\/sites\/4\/2025\/05\/FAVICON-dark.webp","contentUrl":"http:\/\/richter.ceo\/coxs\/wp-content\/uploads\/sites\/4\/2025\/05\/FAVICON-dark.webp","width":512,"height":512,"caption":"COXS CLUB"},"image":{"@id":"https:\/\/richter.ceo\/coxs\/en\/#\/schema\/logo\/image\/"},"sameAs":["https:\/\/www.facebook.com\/profile.php?id=100088204002615","https:\/\/www.instagram.com\/coxs_coxs\/"]}]}},"_links":{"self":[{"href":"https:\/\/richter.ceo\/coxs\/wp-json\/wp\/v2\/product\/1382","targetHints":{"allow":["GET"]}}],"collection":[{"href":"https:\/\/richter.ceo\/coxs\/wp-json\/wp\/v2\/product"}],"about":[{"href":"https:\/\/richter.ceo\/coxs\/wp-json\/wp\/v2\/types\/product"}],"wp:featuredmedia":[{"embeddable":true,"href":"https:\/\/richter.ceo\/coxs\/wp-json\/wp\/v2\/media\/1273"}],"wp:attachment":[{"href":"https:\/\/richter.ceo\/coxs\/wp-json\/wp\/v2\/media?parent=1382"}],"wp:term":[{"taxonomy":"product_brand","embeddable":true,"href":"https:\/\/richter.ceo\/coxs\/wp-json\/wp\/v2\/product_brand?post=1382"},{"taxonomy":"product_cat","embeddable":true,"href":"https:\/\/richter.ceo\/coxs\/wp-json\/wp\/v2\/product_cat?post=1382"},{"taxonomy":"product_tag","embeddable":true,"href":"https:\/\/richter.ceo\/coxs\/wp-json\/wp\/v2\/product_tag?post=1382"}],"curies":[{"name":"wp","href":"https:\/\/api.w.org\/{rel}","templated":true}]}}