{"id":1387,"date":"2025-05-14T18:10:45","date_gmt":"2025-05-14T16:10:45","guid":{"rendered":"https:\/\/richter.ceo\/coxs\/?post_type=product&#038;p=1387"},"modified":"2025-05-14T18:10:45","modified_gmt":"2025-05-14T16:10:45","slug":"rum-nation-meticho-citrus","status":"publish","type":"product","link":"https:\/\/richter.ceo\/coxs\/produkt\/rum-nation-meticho-citrus\/","title":{"rendered":"Rum Nation Meticho citrus"},"content":{"rendered":"<p>Hlavn\u00ed slo\u017eky delik\u00e1tn\u00edho h\u0159ejiv\u00e9ho lik\u00e9ru Meticho tvo\u0159\u00ed sametov\u00fd st\u0159edoamerick\u00fd rum a infuze z k\u016fry italsk\u00fdch pomeran\u010d\u016f. Dle speci\u00e1ln\u00edho receptu se p\u0159id\u00e1vaj\u00ed i r\u016fzn\u00e9 pom\u011bry dal\u0161\u00edch citrusov\u00fdch plod\u016f (\u010derven\u00fd pomeran\u010d, citron, mandarinka), \u0161petka prav\u00e9 vanilky a p\u00e1r kapek speci\u00e1ln\u00edho aroma.<\/p>\n<p>&nbsp;<\/p>\n<div class=\"elementor-column elementor-col-50 elementor-inner-column elementor-element elementor-element-df5ea97\" data-id=\"df5ea97\" data-element_type=\"column\">\n<div class=\"elementor-widget-wrap elementor-element-populated\">\n<div class=\"elementor-element elementor-element-5f45f876 elementor-widget elementor-widget-woocommerce-product-short-description\" data-id=\"5f45f876\" data-element_type=\"widget\" data-widget_type=\"woocommerce-product-short-description.default\">\n<div class=\"elementor-widget-container\">\n<div class=\"woocommerce-product-details__short-description\">\n<p>V\u00fdsledkem je lehk\u00fd, sladk\u00fd, medov\u00fd, aromatick\u00fd lik\u00e9r, kter\u00fd se vyzna\u010duje jemnou ovocnou chut\u00ed.<\/p>\n<\/div>\n<\/div>\n<\/div>\n<\/div>\n<\/div>\n","protected":false},"excerpt":{"rendered":"<p>Hlavn\u00ed slo\u017eky delik\u00e1tn\u00edho h\u0159ejiv\u00e9ho lik\u00e9ru Meticho tvo\u0159\u00ed sametov\u00fd st\u0159edoamerick\u00fd rum a infuze z k\u016fry italsk\u00fdch pomeran\u010d\u016f. Dle speci\u00e1ln\u00edho receptu se p\u0159id\u00e1vaj\u00ed i r\u016fzn\u00e9 pom\u011bry dal\u0161\u00edch citrusov\u00fdch plod\u016f (\u010derven\u00fd pomeran\u010d, citron, mandarinka), \u0161petka prav\u00e9 vanilky a p\u00e1r kapek speci\u00e1ln\u00edho aroma. &nbsp; V\u00fdsledkem je lehk\u00fd, sladk\u00fd, medov\u00fd, aromatick\u00fd lik\u00e9r, kter\u00fd se vyzna\u010duje jemnou ovocnou chut\u00ed.<\/p>\n","protected":false},"featured_media":1276,"template":"","meta":{"_acf_changed":false},"product_brand":[236],"product_cat":[117],"product_tag":[],"class_list":{"0":"post-1387","1":"product","2":"type-product","3":"status-publish","4":"has-post-thumbnail","6":"product_brand-rum-nation","7":"product_cat-rum","8":"pa_cena-za-004-l","9":"pa_obsah-alkoholu-21","10":"pa_zeme-honduras","12":"first","13":"instock","14":"shipping-taxable","15":"purchasable","16":"product-type-simple"},"acf":[],"yoast_head":"<!-- This site is optimized with the Yoast SEO plugin v27.5 - https:\/\/yoast.com\/product\/yoast-seo-wordpress\/ -->\n<title>Rum Nation Meticho citrus<\/title>\n<meta name=\"description\" content=\"Hlavn\u00ed slo\u017eky delik\u00e1tn\u00edho h\u0159ejiv\u00e9ho lik\u00e9ru Meticho tvo\u0159\u00ed sametov\u00fd st\u0159edoamerick\u00fd rum a infuze z k\u016fry italsk\u00fdch pomeran\u010d\u016f. Dle speci\u00e1ln\u00edho receptu se\" \/>\n<meta name=\"robots\" content=\"index, follow, max-snippet:-1, max-image-preview:large, max-video-preview:-1\" \/>\n<link rel=\"canonical\" href=\"https:\/\/richter.ceo\/coxs\/product\/rum-nation-meticho-citrus\/\" \/>\n<meta property=\"og:locale\" content=\"cs_CZ\" \/>\n<meta property=\"og:type\" content=\"article\" \/>\n<meta property=\"og:title\" content=\"Rum Nation Meticho citrus\" \/>\n<meta property=\"og:description\" content=\"Hlavn\u00ed slo\u017eky delik\u00e1tn\u00edho h\u0159ejiv\u00e9ho lik\u00e9ru Meticho tvo\u0159\u00ed sametov\u00fd st\u0159edoamerick\u00fd rum a infuze z k\u016fry italsk\u00fdch pomeran\u010d\u016f. Dle speci\u00e1ln\u00edho receptu se\" \/>\n<meta property=\"og:url\" content=\"https:\/\/richter.ceo\/coxs\/product\/rum-nation-meticho-citrus\/\" \/>\n<meta property=\"og:site_name\" content=\"COXS CLUB\" \/>\n<meta property=\"article:publisher\" content=\"https:\/\/www.facebook.com\/profile.php?id=100088204002615\" \/>\n<meta property=\"og:image\" content=\"https:\/\/richter.ceo\/coxs\/wp-content\/uploads\/sites\/4\/2025\/05\/3248_meticho_rum_citrus-1.jpg\" \/>\n\t<meta property=\"og:image:width\" content=\"600\" \/>\n\t<meta property=\"og:image:height\" content=\"711\" \/>\n\t<meta property=\"og:image:type\" content=\"image\/jpeg\" \/>\n<meta name=\"twitter:card\" content=\"summary_large_image\" \/>\n<script type=\"application\/ld+json\" class=\"yoast-schema-graph\">{\"@context\":\"https:\\\/\\\/schema.org\",\"@graph\":[{\"@type\":\"WebPage\",\"@id\":\"https:\\\/\\\/richter.ceo\\\/coxs\\\/en\\\/product\\\/rum-nation-meticho-citrus\\\/\",\"url\":\"https:\\\/\\\/richter.ceo\\\/coxs\\\/en\\\/product\\\/rum-nation-meticho-citrus\\\/\",\"name\":\"Rum Nation Meticho citrus\",\"isPartOf\":{\"@id\":\"https:\\\/\\\/richter.ceo\\\/coxs\\\/en\\\/#website\"},\"primaryImageOfPage\":{\"@id\":\"https:\\\/\\\/richter.ceo\\\/coxs\\\/en\\\/product\\\/rum-nation-meticho-citrus\\\/#primaryimage\"},\"image\":{\"@id\":\"https:\\\/\\\/richter.ceo\\\/coxs\\\/en\\\/product\\\/rum-nation-meticho-citrus\\\/#primaryimage\"},\"thumbnailUrl\":\"https:\\\/\\\/richter.ceo\\\/coxs\\\/wp-content\\\/uploads\\\/sites\\\/4\\\/2025\\\/05\\\/3248_meticho_rum_citrus-1.jpg\",\"datePublished\":\"2025-05-14T16:10:45+00:00\",\"description\":\"Hlavn\u00ed slo\u017eky delik\u00e1tn\u00edho h\u0159ejiv\u00e9ho lik\u00e9ru Meticho tvo\u0159\u00ed sametov\u00fd st\u0159edoamerick\u00fd rum a infuze z k\u016fry italsk\u00fdch pomeran\u010d\u016f. Dle speci\u00e1ln\u00edho receptu se\",\"breadcrumb\":{\"@id\":\"https:\\\/\\\/richter.ceo\\\/coxs\\\/en\\\/product\\\/rum-nation-meticho-citrus\\\/#breadcrumb\"},\"inLanguage\":\"cs\",\"potentialAction\":[{\"@type\":\"ReadAction\",\"target\":[\"https:\\\/\\\/richter.ceo\\\/coxs\\\/en\\\/product\\\/rum-nation-meticho-citrus\\\/\"]}]},{\"@type\":\"ImageObject\",\"inLanguage\":\"cs\",\"@id\":\"https:\\\/\\\/richter.ceo\\\/coxs\\\/en\\\/product\\\/rum-nation-meticho-citrus\\\/#primaryimage\",\"url\":\"https:\\\/\\\/richter.ceo\\\/coxs\\\/wp-content\\\/uploads\\\/sites\\\/4\\\/2025\\\/05\\\/3248_meticho_rum_citrus-1.jpg\",\"contentUrl\":\"https:\\\/\\\/richter.ceo\\\/coxs\\\/wp-content\\\/uploads\\\/sites\\\/4\\\/2025\\\/05\\\/3248_meticho_rum_citrus-1.jpg\",\"width\":600,\"height\":711,\"caption\":\"COXS CLUB\"},{\"@type\":\"BreadcrumbList\",\"@id\":\"https:\\\/\\\/richter.ceo\\\/coxs\\\/en\\\/product\\\/rum-nation-meticho-citrus\\\/#breadcrumb\",\"itemListElement\":[{\"@type\":\"ListItem\",\"position\":1,\"name\":\"Dom\u016f\",\"item\":\"https:\\\/\\\/richter.ceo\\\/coxs\\\/\"},{\"@type\":\"ListItem\",\"position\":2,\"name\":\"N\u00c1POJE\",\"item\":\"https:\\\/\\\/richter.ceo\\\/coxs\\\/en\\\/napoje\\\/\"},{\"@type\":\"ListItem\",\"position\":3,\"name\":\"Rum Nation Meticho citrus\"}]},{\"@type\":\"WebSite\",\"@id\":\"https:\\\/\\\/richter.ceo\\\/coxs\\\/en\\\/#website\",\"url\":\"https:\\\/\\\/richter.ceo\\\/coxs\\\/en\\\/\",\"name\":\"COXS CLUB\",\"description\":\"Beton a Rum\",\"publisher\":{\"@id\":\"https:\\\/\\\/richter.ceo\\\/coxs\\\/en\\\/#organization\"},\"potentialAction\":[{\"@type\":\"SearchAction\",\"target\":{\"@type\":\"EntryPoint\",\"urlTemplate\":\"https:\\\/\\\/richter.ceo\\\/coxs\\\/en\\\/?s={search_term_string}\"},\"query-input\":{\"@type\":\"PropertyValueSpecification\",\"valueRequired\":true,\"valueName\":\"search_term_string\"}}],\"inLanguage\":\"cs\"},{\"@type\":\"Organization\",\"@id\":\"https:\\\/\\\/richter.ceo\\\/coxs\\\/en\\\/#organization\",\"name\":\"COXS CLUB\",\"url\":\"https:\\\/\\\/richter.ceo\\\/coxs\\\/en\\\/\",\"logo\":{\"@type\":\"ImageObject\",\"inLanguage\":\"cs\",\"@id\":\"https:\\\/\\\/richter.ceo\\\/coxs\\\/en\\\/#\\\/schema\\\/logo\\\/image\\\/\",\"url\":\"http:\\\/\\\/richter.ceo\\\/coxs\\\/wp-content\\\/uploads\\\/sites\\\/4\\\/2025\\\/05\\\/FAVICON-dark.webp\",\"contentUrl\":\"http:\\\/\\\/richter.ceo\\\/coxs\\\/wp-content\\\/uploads\\\/sites\\\/4\\\/2025\\\/05\\\/FAVICON-dark.webp\",\"width\":512,\"height\":512,\"caption\":\"COXS CLUB\"},\"image\":{\"@id\":\"https:\\\/\\\/richter.ceo\\\/coxs\\\/en\\\/#\\\/schema\\\/logo\\\/image\\\/\"},\"sameAs\":[\"https:\\\/\\\/www.facebook.com\\\/profile.php?id=100088204002615\",\"https:\\\/\\\/www.instagram.com\\\/coxs_coxs\\\/\"]}]}<\/script>\n<!-- \/ Yoast SEO plugin. -->","yoast_head_json":{"title":"Rum Nation Meticho citrus","description":"Hlavn\u00ed slo\u017eky delik\u00e1tn\u00edho h\u0159ejiv\u00e9ho lik\u00e9ru Meticho tvo\u0159\u00ed sametov\u00fd st\u0159edoamerick\u00fd rum a infuze z k\u016fry italsk\u00fdch pomeran\u010d\u016f. Dle speci\u00e1ln\u00edho receptu se","robots":{"index":"index","follow":"follow","max-snippet":"max-snippet:-1","max-image-preview":"max-image-preview:large","max-video-preview":"max-video-preview:-1"},"canonical":"https:\/\/richter.ceo\/coxs\/product\/rum-nation-meticho-citrus\/","og_locale":"cs_CZ","og_type":"article","og_title":"Rum Nation Meticho citrus","og_description":"Hlavn\u00ed slo\u017eky delik\u00e1tn\u00edho h\u0159ejiv\u00e9ho lik\u00e9ru Meticho tvo\u0159\u00ed sametov\u00fd st\u0159edoamerick\u00fd rum a infuze z k\u016fry italsk\u00fdch pomeran\u010d\u016f. Dle speci\u00e1ln\u00edho receptu se","og_url":"https:\/\/richter.ceo\/coxs\/product\/rum-nation-meticho-citrus\/","og_site_name":"COXS CLUB","article_publisher":"https:\/\/www.facebook.com\/profile.php?id=100088204002615","og_image":[{"width":600,"height":711,"url":"https:\/\/richter.ceo\/coxs\/wp-content\/uploads\/sites\/4\/2025\/05\/3248_meticho_rum_citrus-1.jpg","type":"image\/jpeg"}],"twitter_card":"summary_large_image","schema":{"@context":"https:\/\/schema.org","@graph":[{"@type":"WebPage","@id":"https:\/\/richter.ceo\/coxs\/en\/product\/rum-nation-meticho-citrus\/","url":"https:\/\/richter.ceo\/coxs\/en\/product\/rum-nation-meticho-citrus\/","name":"Rum Nation Meticho citrus","isPartOf":{"@id":"https:\/\/richter.ceo\/coxs\/en\/#website"},"primaryImageOfPage":{"@id":"https:\/\/richter.ceo\/coxs\/en\/product\/rum-nation-meticho-citrus\/#primaryimage"},"image":{"@id":"https:\/\/richter.ceo\/coxs\/en\/product\/rum-nation-meticho-citrus\/#primaryimage"},"thumbnailUrl":"https:\/\/richter.ceo\/coxs\/wp-content\/uploads\/sites\/4\/2025\/05\/3248_meticho_rum_citrus-1.jpg","datePublished":"2025-05-14T16:10:45+00:00","description":"Hlavn\u00ed slo\u017eky delik\u00e1tn\u00edho h\u0159ejiv\u00e9ho lik\u00e9ru Meticho tvo\u0159\u00ed sametov\u00fd st\u0159edoamerick\u00fd rum a infuze z k\u016fry italsk\u00fdch pomeran\u010d\u016f. Dle speci\u00e1ln\u00edho receptu se","breadcrumb":{"@id":"https:\/\/richter.ceo\/coxs\/en\/product\/rum-nation-meticho-citrus\/#breadcrumb"},"inLanguage":"cs","potentialAction":[{"@type":"ReadAction","target":["https:\/\/richter.ceo\/coxs\/en\/product\/rum-nation-meticho-citrus\/"]}]},{"@type":"ImageObject","inLanguage":"cs","@id":"https:\/\/richter.ceo\/coxs\/en\/product\/rum-nation-meticho-citrus\/#primaryimage","url":"https:\/\/richter.ceo\/coxs\/wp-content\/uploads\/sites\/4\/2025\/05\/3248_meticho_rum_citrus-1.jpg","contentUrl":"https:\/\/richter.ceo\/coxs\/wp-content\/uploads\/sites\/4\/2025\/05\/3248_meticho_rum_citrus-1.jpg","width":600,"height":711,"caption":"COXS CLUB"},{"@type":"BreadcrumbList","@id":"https:\/\/richter.ceo\/coxs\/en\/product\/rum-nation-meticho-citrus\/#breadcrumb","itemListElement":[{"@type":"ListItem","position":1,"name":"Dom\u016f","item":"https:\/\/richter.ceo\/coxs\/"},{"@type":"ListItem","position":2,"name":"N\u00c1POJE","item":"https:\/\/richter.ceo\/coxs\/en\/napoje\/"},{"@type":"ListItem","position":3,"name":"Rum Nation Meticho citrus"}]},{"@type":"WebSite","@id":"https:\/\/richter.ceo\/coxs\/en\/#website","url":"https:\/\/richter.ceo\/coxs\/en\/","name":"COXS CLUB","description":"Beton a Rum","publisher":{"@id":"https:\/\/richter.ceo\/coxs\/en\/#organization"},"potentialAction":[{"@type":"SearchAction","target":{"@type":"EntryPoint","urlTemplate":"https:\/\/richter.ceo\/coxs\/en\/?s={search_term_string}"},"query-input":{"@type":"PropertyValueSpecification","valueRequired":true,"valueName":"search_term_string"}}],"inLanguage":"cs"},{"@type":"Organization","@id":"https:\/\/richter.ceo\/coxs\/en\/#organization","name":"COXS CLUB","url":"https:\/\/richter.ceo\/coxs\/en\/","logo":{"@type":"ImageObject","inLanguage":"cs","@id":"https:\/\/richter.ceo\/coxs\/en\/#\/schema\/logo\/image\/","url":"http:\/\/richter.ceo\/coxs\/wp-content\/uploads\/sites\/4\/2025\/05\/FAVICON-dark.webp","contentUrl":"http:\/\/richter.ceo\/coxs\/wp-content\/uploads\/sites\/4\/2025\/05\/FAVICON-dark.webp","width":512,"height":512,"caption":"COXS CLUB"},"image":{"@id":"https:\/\/richter.ceo\/coxs\/en\/#\/schema\/logo\/image\/"},"sameAs":["https:\/\/www.facebook.com\/profile.php?id=100088204002615","https:\/\/www.instagram.com\/coxs_coxs\/"]}]}},"_links":{"self":[{"href":"https:\/\/richter.ceo\/coxs\/wp-json\/wp\/v2\/product\/1387","targetHints":{"allow":["GET"]}}],"collection":[{"href":"https:\/\/richter.ceo\/coxs\/wp-json\/wp\/v2\/product"}],"about":[{"href":"https:\/\/richter.ceo\/coxs\/wp-json\/wp\/v2\/types\/product"}],"wp:featuredmedia":[{"embeddable":true,"href":"https:\/\/richter.ceo\/coxs\/wp-json\/wp\/v2\/media\/1276"}],"wp:attachment":[{"href":"https:\/\/richter.ceo\/coxs\/wp-json\/wp\/v2\/media?parent=1387"}],"wp:term":[{"taxonomy":"product_brand","embeddable":true,"href":"https:\/\/richter.ceo\/coxs\/wp-json\/wp\/v2\/product_brand?post=1387"},{"taxonomy":"product_cat","embeddable":true,"href":"https:\/\/richter.ceo\/coxs\/wp-json\/wp\/v2\/product_cat?post=1387"},{"taxonomy":"product_tag","embeddable":true,"href":"https:\/\/richter.ceo\/coxs\/wp-json\/wp\/v2\/product_tag?post=1387"}],"curies":[{"name":"wp","href":"https:\/\/api.w.org\/{rel}","templated":true}]}}