{"id":1388,"date":"2025-05-14T18:12:57","date_gmt":"2025-05-14T16:12:57","guid":{"rendered":"https:\/\/richter.ceo\/coxs\/?post_type=product&#038;p=1388"},"modified":"2025-05-14T18:12:57","modified_gmt":"2025-05-14T16:12:57","slug":"rum-nation-guadeloupe-blanc","status":"publish","type":"product","link":"https:\/\/richter.ceo\/coxs\/produkt\/rum-nation-guadeloupe-blanc\/","title":{"rendered":"Rum Nation Guadeloupe Blanc"},"content":{"rendered":"<p>Rum Nation vyb\u00edr\u00e1 ty nejlep\u0161\u00ed m\u00edstn\u00ed rumy, kter\u00e9 nejl\u00e9pe vystihuj\u00ed charakter rum\u016f z dan\u00fdch oblast\u00ed. ty nejlep\u0161\u00ed m\u00edstn\u00ed rumy, kter\u00e9 nejl\u00e9pe vystihuj\u00ed charakter rum\u016f z dan\u00fdch oblast\u00ed. Jde o mlad\u00e9 i star\u0161\u00ed rumy, kter\u00e9 v\u011bt\u0161inou n\u00e1sledn\u011b proch\u00e1z\u00ed dvoj\u00edm zr\u00e1n\u00edm. Prvn\u00ed zr\u00e1n\u00ed prob\u00edh\u00e1 v tropick\u00fdch klimatech, odkud rumy poch\u00e1z\u00ed, a jde o intenzivn\u00ed proces. N\u00e1sledn\u011b se rum p\u0159ev\u00e1z\u00ed do Evropy, kde prob\u00edh\u00e1 druh\u00e9 zr\u00e1n\u00ed. Tady lze pomoc\u00ed velikosti sud\u016f, do kter\u00fdch se rum ukl\u00e1d\u00e1, kontrolovat, zda m\u00e1 rum p\u0159eb\u00edrat dal\u0161\u00ed vlastnosti ze sudu nebo zda m\u00e1 jen odpo\u010d\u00edvat, aby se jeho chu\u0165 ust\u00e1lila.<\/p>\n<p>&nbsp;<\/p>\n<div class=\"elementor-column elementor-col-50 elementor-inner-column elementor-element elementor-element-df5ea97\" data-id=\"df5ea97\" data-element_type=\"column\">\n<div class=\"elementor-widget-wrap elementor-element-populated\">\n<div class=\"elementor-element elementor-element-5f45f876 elementor-widget elementor-widget-woocommerce-product-short-description\" data-id=\"5f45f876\" data-element_type=\"widget\" data-widget_type=\"woocommerce-product-short-description.default\">\n<div class=\"elementor-widget-container\">\n<div class=\"woocommerce-product-details__short-description\">\n<p>Intenzivn\u011b rostlinn\u00fd charakter cukrov\u00e9 t\u0159tiny, typick\u00fd pro \u201eagricoly\u201c neboli zem\u011bd\u011blsk\u00e9 rumy, d\u011bl\u00e1 z tohoto rumu ze stolet\u00e9 destilerie na ostrov\u011b Guadeloupe sv\u011b\u017e\u00ed, aromatickou volbou pro m\u00edch\u00e1n\u00ed. D\u00edky sladkokysel\u00e9mu aromatu m\u00e1ty a solen\u00fdch zelen\u00fdch oliv a sv\u00e9 v\u00fdrazn\u00e9, av\u0161ak ne p\u0159\u00edli\u0161 syt\u00e9 chuti v zemit\u00e9m stylu destilerie, se perfektn\u011b hod\u00ed do mnoh\u00fdch tradi\u010dn\u00edch koktejl\u016f s osobit\u00fdm n\u00e1dechem. Stejn\u011b dokonal\u00fd je ale rovn\u011b\u017e pod\u00e1van\u00fd s drcen\u00fdm ledem, jako\u017eto prost\u00e9 letn\u00ed osv\u011b\u017een\u00ed.<\/p>\n<\/div>\n<\/div>\n<\/div>\n<\/div>\n<\/div>\n","protected":false},"excerpt":{"rendered":"<p>Rum Nation vyb\u00edr\u00e1 ty nejlep\u0161\u00ed m\u00edstn\u00ed rumy, kter\u00e9 nejl\u00e9pe vystihuj\u00ed charakter rum\u016f z dan\u00fdch oblast\u00ed. ty nejlep\u0161\u00ed m\u00edstn\u00ed rumy, kter\u00e9 nejl\u00e9pe vystihuj\u00ed charakter rum\u016f z dan\u00fdch oblast\u00ed. Jde o mlad\u00e9 i star\u0161\u00ed rumy, kter\u00e9 v\u011bt\u0161inou n\u00e1sledn\u011b proch\u00e1z\u00ed dvoj\u00edm zr\u00e1n\u00edm. Prvn\u00ed zr\u00e1n\u00ed prob\u00edh\u00e1 v tropick\u00fdch klimatech, odkud rumy poch\u00e1z\u00ed, a jde o intenzivn\u00ed proces. N\u00e1sledn\u011b se [&hellip;]<\/p>\n","protected":false},"featured_media":1245,"template":"","meta":{"_acf_changed":false},"product_brand":[236],"product_cat":[117],"product_tag":[],"class_list":{"0":"post-1388","1":"product","2":"type-product","3":"status-publish","4":"has-post-thumbnail","6":"product_brand-rum-nation","7":"product_cat-rum","8":"pa_cena-za-004-l","9":"pa_obsah-alkoholu-158","10":"pa_zeme-guadeloupe","12":"first","13":"instock","14":"shipping-taxable","15":"purchasable","16":"product-type-simple"},"acf":[],"yoast_head":"<!-- This site is optimized with the Yoast SEO plugin v27.5 - https:\/\/yoast.com\/product\/yoast-seo-wordpress\/ -->\n<title>Rum Nation Guadeloupe Blanc<\/title>\n<meta name=\"description\" content=\"Rum Nation vyb\u00edr\u00e1 ty nejlep\u0161\u00ed m\u00edstn\u00ed rumy, kter\u00e9 nejl\u00e9pe vystihuj\u00ed charakter rum\u016f z dan\u00fdch oblast\u00ed. ty nejlep\u0161\u00ed m\u00edstn\u00ed rumy, kter\u00e9 nejl\u00e9pe vystihuj\u00ed\" \/>\n<meta name=\"robots\" content=\"index, follow, max-snippet:-1, max-image-preview:large, max-video-preview:-1\" \/>\n<link rel=\"canonical\" href=\"https:\/\/richter.ceo\/coxs\/produkt\/rum-nation-guadeloupe-blanc\/\" \/>\n<meta property=\"og:locale\" content=\"cs_CZ\" \/>\n<meta property=\"og:type\" content=\"article\" \/>\n<meta property=\"og:title\" content=\"Rum Nation Guadeloupe Blanc\" \/>\n<meta property=\"og:description\" content=\"Rum Nation vyb\u00edr\u00e1 ty nejlep\u0161\u00ed m\u00edstn\u00ed rumy, kter\u00e9 nejl\u00e9pe vystihuj\u00ed charakter rum\u016f z dan\u00fdch oblast\u00ed. ty nejlep\u0161\u00ed m\u00edstn\u00ed rumy, kter\u00e9 nejl\u00e9pe vystihuj\u00ed\" \/>\n<meta property=\"og:url\" content=\"https:\/\/richter.ceo\/coxs\/produkt\/rum-nation-guadeloupe-blanc\/\" \/>\n<meta property=\"og:site_name\" content=\"COXS CLUB\" \/>\n<meta property=\"article:publisher\" content=\"https:\/\/www.facebook.com\/profile.php?id=100088204002615\" \/>\n<meta property=\"og:image\" content=\"https:\/\/richter.ceo\/coxs\/wp-content\/uploads\/sites\/4\/2025\/05\/1981_rum_nation_guadeloupe_blanc__2015.jpg\" \/>\n\t<meta property=\"og:image:width\" content=\"600\" \/>\n\t<meta property=\"og:image:height\" content=\"711\" \/>\n\t<meta property=\"og:image:type\" content=\"image\/jpeg\" \/>\n<meta name=\"twitter:card\" content=\"summary_large_image\" \/>\n<meta name=\"twitter:label1\" content=\"Odhadovan\u00e1 doba \u010dten\u00ed\" \/>\n\t<meta name=\"twitter:data1\" content=\"1 minuta\" \/>\n<script type=\"application\/ld+json\" class=\"yoast-schema-graph\">{\"@context\":\"https:\\\/\\\/schema.org\",\"@graph\":[{\"@type\":\"WebPage\",\"@id\":\"https:\\\/\\\/richter.ceo\\\/coxs\\\/produkt\\\/rum-nation-guadeloupe-blanc\\\/\",\"url\":\"https:\\\/\\\/richter.ceo\\\/coxs\\\/produkt\\\/rum-nation-guadeloupe-blanc\\\/\",\"name\":\"Rum Nation Guadeloupe Blanc\",\"isPartOf\":{\"@id\":\"https:\\\/\\\/richter.ceo\\\/coxs\\\/en\\\/#website\"},\"primaryImageOfPage\":{\"@id\":\"https:\\\/\\\/richter.ceo\\\/coxs\\\/produkt\\\/rum-nation-guadeloupe-blanc\\\/#primaryimage\"},\"image\":{\"@id\":\"https:\\\/\\\/richter.ceo\\\/coxs\\\/produkt\\\/rum-nation-guadeloupe-blanc\\\/#primaryimage\"},\"thumbnailUrl\":\"https:\\\/\\\/richter.ceo\\\/coxs\\\/wp-content\\\/uploads\\\/sites\\\/4\\\/2025\\\/05\\\/1981_rum_nation_guadeloupe_blanc__2015.jpg\",\"datePublished\":\"2025-05-14T16:12:57+00:00\",\"description\":\"Rum Nation vyb\u00edr\u00e1 ty nejlep\u0161\u00ed m\u00edstn\u00ed rumy, kter\u00e9 nejl\u00e9pe vystihuj\u00ed charakter rum\u016f z dan\u00fdch oblast\u00ed. ty nejlep\u0161\u00ed m\u00edstn\u00ed rumy, kter\u00e9 nejl\u00e9pe vystihuj\u00ed\",\"breadcrumb\":{\"@id\":\"https:\\\/\\\/richter.ceo\\\/coxs\\\/produkt\\\/rum-nation-guadeloupe-blanc\\\/#breadcrumb\"},\"inLanguage\":\"cs\",\"potentialAction\":[{\"@type\":\"ReadAction\",\"target\":[\"https:\\\/\\\/richter.ceo\\\/coxs\\\/produkt\\\/rum-nation-guadeloupe-blanc\\\/\"]}]},{\"@type\":\"ImageObject\",\"inLanguage\":\"cs\",\"@id\":\"https:\\\/\\\/richter.ceo\\\/coxs\\\/produkt\\\/rum-nation-guadeloupe-blanc\\\/#primaryimage\",\"url\":\"https:\\\/\\\/richter.ceo\\\/coxs\\\/wp-content\\\/uploads\\\/sites\\\/4\\\/2025\\\/05\\\/1981_rum_nation_guadeloupe_blanc__2015.jpg\",\"contentUrl\":\"https:\\\/\\\/richter.ceo\\\/coxs\\\/wp-content\\\/uploads\\\/sites\\\/4\\\/2025\\\/05\\\/1981_rum_nation_guadeloupe_blanc__2015.jpg\",\"width\":600,\"height\":711,\"caption\":\"COXS CLUB\"},{\"@type\":\"BreadcrumbList\",\"@id\":\"https:\\\/\\\/richter.ceo\\\/coxs\\\/produkt\\\/rum-nation-guadeloupe-blanc\\\/#breadcrumb\",\"itemListElement\":[{\"@type\":\"ListItem\",\"position\":1,\"name\":\"Dom\u016f\",\"item\":\"https:\\\/\\\/richter.ceo\\\/coxs\\\/\"},{\"@type\":\"ListItem\",\"position\":2,\"name\":\"N\u00c1POJE\",\"item\":\"https:\\\/\\\/richter.ceo\\\/coxs\\\/en\\\/napoje\\\/\"},{\"@type\":\"ListItem\",\"position\":3,\"name\":\"Rum Nation Guadeloupe Blanc\"}]},{\"@type\":\"WebSite\",\"@id\":\"https:\\\/\\\/richter.ceo\\\/coxs\\\/en\\\/#website\",\"url\":\"https:\\\/\\\/richter.ceo\\\/coxs\\\/en\\\/\",\"name\":\"COXS CLUB\",\"description\":\"Beton a Rum\",\"publisher\":{\"@id\":\"https:\\\/\\\/richter.ceo\\\/coxs\\\/en\\\/#organization\"},\"potentialAction\":[{\"@type\":\"SearchAction\",\"target\":{\"@type\":\"EntryPoint\",\"urlTemplate\":\"https:\\\/\\\/richter.ceo\\\/coxs\\\/en\\\/?s={search_term_string}\"},\"query-input\":{\"@type\":\"PropertyValueSpecification\",\"valueRequired\":true,\"valueName\":\"search_term_string\"}}],\"inLanguage\":\"cs\"},{\"@type\":\"Organization\",\"@id\":\"https:\\\/\\\/richter.ceo\\\/coxs\\\/en\\\/#organization\",\"name\":\"COXS CLUB\",\"url\":\"https:\\\/\\\/richter.ceo\\\/coxs\\\/en\\\/\",\"logo\":{\"@type\":\"ImageObject\",\"inLanguage\":\"cs\",\"@id\":\"https:\\\/\\\/richter.ceo\\\/coxs\\\/en\\\/#\\\/schema\\\/logo\\\/image\\\/\",\"url\":\"http:\\\/\\\/richter.ceo\\\/coxs\\\/wp-content\\\/uploads\\\/sites\\\/4\\\/2025\\\/05\\\/FAVICON-dark.webp\",\"contentUrl\":\"http:\\\/\\\/richter.ceo\\\/coxs\\\/wp-content\\\/uploads\\\/sites\\\/4\\\/2025\\\/05\\\/FAVICON-dark.webp\",\"width\":512,\"height\":512,\"caption\":\"COXS CLUB\"},\"image\":{\"@id\":\"https:\\\/\\\/richter.ceo\\\/coxs\\\/en\\\/#\\\/schema\\\/logo\\\/image\\\/\"},\"sameAs\":[\"https:\\\/\\\/www.facebook.com\\\/profile.php?id=100088204002615\",\"https:\\\/\\\/www.instagram.com\\\/coxs_coxs\\\/\"]}]}<\/script>\n<!-- \/ Yoast SEO plugin. -->","yoast_head_json":{"title":"Rum Nation Guadeloupe Blanc","description":"Rum Nation vyb\u00edr\u00e1 ty nejlep\u0161\u00ed m\u00edstn\u00ed rumy, kter\u00e9 nejl\u00e9pe vystihuj\u00ed charakter rum\u016f z dan\u00fdch oblast\u00ed. ty nejlep\u0161\u00ed m\u00edstn\u00ed rumy, kter\u00e9 nejl\u00e9pe vystihuj\u00ed","robots":{"index":"index","follow":"follow","max-snippet":"max-snippet:-1","max-image-preview":"max-image-preview:large","max-video-preview":"max-video-preview:-1"},"canonical":"https:\/\/richter.ceo\/coxs\/produkt\/rum-nation-guadeloupe-blanc\/","og_locale":"cs_CZ","og_type":"article","og_title":"Rum Nation Guadeloupe Blanc","og_description":"Rum Nation vyb\u00edr\u00e1 ty nejlep\u0161\u00ed m\u00edstn\u00ed rumy, kter\u00e9 nejl\u00e9pe vystihuj\u00ed charakter rum\u016f z dan\u00fdch oblast\u00ed. ty nejlep\u0161\u00ed m\u00edstn\u00ed rumy, kter\u00e9 nejl\u00e9pe vystihuj\u00ed","og_url":"https:\/\/richter.ceo\/coxs\/produkt\/rum-nation-guadeloupe-blanc\/","og_site_name":"COXS CLUB","article_publisher":"https:\/\/www.facebook.com\/profile.php?id=100088204002615","og_image":[{"width":600,"height":711,"url":"https:\/\/richter.ceo\/coxs\/wp-content\/uploads\/sites\/4\/2025\/05\/1981_rum_nation_guadeloupe_blanc__2015.jpg","type":"image\/jpeg"}],"twitter_card":"summary_large_image","twitter_misc":{"Odhadovan\u00e1 doba \u010dten\u00ed":"1 minuta"},"schema":{"@context":"https:\/\/schema.org","@graph":[{"@type":"WebPage","@id":"https:\/\/richter.ceo\/coxs\/produkt\/rum-nation-guadeloupe-blanc\/","url":"https:\/\/richter.ceo\/coxs\/produkt\/rum-nation-guadeloupe-blanc\/","name":"Rum Nation Guadeloupe Blanc","isPartOf":{"@id":"https:\/\/richter.ceo\/coxs\/en\/#website"},"primaryImageOfPage":{"@id":"https:\/\/richter.ceo\/coxs\/produkt\/rum-nation-guadeloupe-blanc\/#primaryimage"},"image":{"@id":"https:\/\/richter.ceo\/coxs\/produkt\/rum-nation-guadeloupe-blanc\/#primaryimage"},"thumbnailUrl":"https:\/\/richter.ceo\/coxs\/wp-content\/uploads\/sites\/4\/2025\/05\/1981_rum_nation_guadeloupe_blanc__2015.jpg","datePublished":"2025-05-14T16:12:57+00:00","description":"Rum Nation vyb\u00edr\u00e1 ty nejlep\u0161\u00ed m\u00edstn\u00ed rumy, kter\u00e9 nejl\u00e9pe vystihuj\u00ed charakter rum\u016f z dan\u00fdch oblast\u00ed. ty nejlep\u0161\u00ed m\u00edstn\u00ed rumy, kter\u00e9 nejl\u00e9pe vystihuj\u00ed","breadcrumb":{"@id":"https:\/\/richter.ceo\/coxs\/produkt\/rum-nation-guadeloupe-blanc\/#breadcrumb"},"inLanguage":"cs","potentialAction":[{"@type":"ReadAction","target":["https:\/\/richter.ceo\/coxs\/produkt\/rum-nation-guadeloupe-blanc\/"]}]},{"@type":"ImageObject","inLanguage":"cs","@id":"https:\/\/richter.ceo\/coxs\/produkt\/rum-nation-guadeloupe-blanc\/#primaryimage","url":"https:\/\/richter.ceo\/coxs\/wp-content\/uploads\/sites\/4\/2025\/05\/1981_rum_nation_guadeloupe_blanc__2015.jpg","contentUrl":"https:\/\/richter.ceo\/coxs\/wp-content\/uploads\/sites\/4\/2025\/05\/1981_rum_nation_guadeloupe_blanc__2015.jpg","width":600,"height":711,"caption":"COXS CLUB"},{"@type":"BreadcrumbList","@id":"https:\/\/richter.ceo\/coxs\/produkt\/rum-nation-guadeloupe-blanc\/#breadcrumb","itemListElement":[{"@type":"ListItem","position":1,"name":"Dom\u016f","item":"https:\/\/richter.ceo\/coxs\/"},{"@type":"ListItem","position":2,"name":"N\u00c1POJE","item":"https:\/\/richter.ceo\/coxs\/en\/napoje\/"},{"@type":"ListItem","position":3,"name":"Rum Nation Guadeloupe Blanc"}]},{"@type":"WebSite","@id":"https:\/\/richter.ceo\/coxs\/en\/#website","url":"https:\/\/richter.ceo\/coxs\/en\/","name":"COXS CLUB","description":"Beton a Rum","publisher":{"@id":"https:\/\/richter.ceo\/coxs\/en\/#organization"},"potentialAction":[{"@type":"SearchAction","target":{"@type":"EntryPoint","urlTemplate":"https:\/\/richter.ceo\/coxs\/en\/?s={search_term_string}"},"query-input":{"@type":"PropertyValueSpecification","valueRequired":true,"valueName":"search_term_string"}}],"inLanguage":"cs"},{"@type":"Organization","@id":"https:\/\/richter.ceo\/coxs\/en\/#organization","name":"COXS CLUB","url":"https:\/\/richter.ceo\/coxs\/en\/","logo":{"@type":"ImageObject","inLanguage":"cs","@id":"https:\/\/richter.ceo\/coxs\/en\/#\/schema\/logo\/image\/","url":"http:\/\/richter.ceo\/coxs\/wp-content\/uploads\/sites\/4\/2025\/05\/FAVICON-dark.webp","contentUrl":"http:\/\/richter.ceo\/coxs\/wp-content\/uploads\/sites\/4\/2025\/05\/FAVICON-dark.webp","width":512,"height":512,"caption":"COXS CLUB"},"image":{"@id":"https:\/\/richter.ceo\/coxs\/en\/#\/schema\/logo\/image\/"},"sameAs":["https:\/\/www.facebook.com\/profile.php?id=100088204002615","https:\/\/www.instagram.com\/coxs_coxs\/"]}]}},"_links":{"self":[{"href":"https:\/\/richter.ceo\/coxs\/wp-json\/wp\/v2\/product\/1388","targetHints":{"allow":["GET"]}}],"collection":[{"href":"https:\/\/richter.ceo\/coxs\/wp-json\/wp\/v2\/product"}],"about":[{"href":"https:\/\/richter.ceo\/coxs\/wp-json\/wp\/v2\/types\/product"}],"wp:featuredmedia":[{"embeddable":true,"href":"https:\/\/richter.ceo\/coxs\/wp-json\/wp\/v2\/media\/1245"}],"wp:attachment":[{"href":"https:\/\/richter.ceo\/coxs\/wp-json\/wp\/v2\/media?parent=1388"}],"wp:term":[{"taxonomy":"product_brand","embeddable":true,"href":"https:\/\/richter.ceo\/coxs\/wp-json\/wp\/v2\/product_brand?post=1388"},{"taxonomy":"product_cat","embeddable":true,"href":"https:\/\/richter.ceo\/coxs\/wp-json\/wp\/v2\/product_cat?post=1388"},{"taxonomy":"product_tag","embeddable":true,"href":"https:\/\/richter.ceo\/coxs\/wp-json\/wp\/v2\/product_tag?post=1388"}],"curies":[{"name":"wp","href":"https:\/\/api.w.org\/{rel}","templated":true}]}}