{"id":1401,"date":"2025-05-14T18:48:37","date_gmt":"2025-05-14T16:48:37","guid":{"rendered":"https:\/\/richter.ceo\/coxs\/?post_type=product&#038;p=1401"},"modified":"2025-05-14T18:48:37","modified_gmt":"2025-05-14T16:48:37","slug":"rum-nation-diamond-whisky-finish-2005-2020","status":"publish","type":"product","link":"https:\/\/richter.ceo\/coxs\/produkt\/rum-nation-diamond-whisky-finish-2005-2020\/","title":{"rendered":"Rum Nation Diamond Whisky Finish 2005-2020"},"content":{"rendered":"<p>Rum Nation vyb\u00edr\u00e1 ty nejlep\u0161\u00ed m\u00edstn\u00ed rumy, kter\u00e9 nejl\u00e9pe vystihuj\u00ed charakter rum\u016f z dan\u00fdch oblast\u00ed. Jde o mlad\u00e9 i star\u0161\u00ed rumy, kter\u00e9 v\u011bt\u0161inou n\u00e1sledn\u011b proch\u00e1z\u00ed dvoj\u00edm zr\u00e1n\u00edm. Prvn\u00ed zr\u00e1n\u00ed prob\u00edh\u00e1 v tropick\u00fdch klimatech, odkud rumy poch\u00e1z\u00ed, a jde o intenzivn\u00ed proces. N\u00e1sledn\u011b se rum p\u0159ev\u00e1\u017e\u00ed do Evropy, kde prob\u00edh\u00e1 druh\u00e9 zr\u00e1n\u00ed. Tady lze pomoc\u00ed velikosti sud\u016f, do kter\u00fdch se rum ukl\u00e1d\u00e1, kontrolovat, zda m\u00e1 rum p\u0159eb\u00edrat dal\u0161\u00ed vlastnosti ze sudu nebo zda m\u00e1 jen odpo\u010d\u00edvat, aby se jeho chu\u0165 ust\u00e1lila.<\/p>\n<p>&nbsp;<\/p>\n<div class=\"elementor-column elementor-col-50 elementor-inner-column elementor-element elementor-element-df5ea97\" data-id=\"df5ea97\" data-element_type=\"column\">\n<div class=\"elementor-widget-wrap elementor-element-populated\">\n<div class=\"elementor-element elementor-element-5f45f876 elementor-widget elementor-widget-woocommerce-product-short-description\" data-id=\"5f45f876\" data-element_type=\"widget\" data-widget_type=\"woocommerce-product-short-description.default\">\n<div class=\"elementor-widget-container\">\n<div class=\"woocommerce-product-details__short-description\">\n<p>Nation Diamond je velmi vzru\u0161uj\u00edc\u00ed rum s pln\u00fdm t\u011blem a p\u0159ita\u017eliv\u011b tmavou barvou. Okouzl\u00ed V\u00e1s v\u016fn\u011b d\u0159eva s n\u00e1dechem kou\u0159e, kakaa a citrusov\u00fdch t\u00f3n\u016f. Na pat\u0159e lze o\u010dek\u00e1vat m\u00edrnou sladkost v kombinaci se su\u0161en\u00fdm ovocem a k\u00e1vou. Dlouhotrvaj\u00edc\u00ed a komplexn\u00ed z\u00e1v\u011br.<\/p>\n<\/div>\n<\/div>\n<\/div>\n<\/div>\n<\/div>\n","protected":false},"excerpt":{"rendered":"<p>Rum Nation vyb\u00edr\u00e1 ty nejlep\u0161\u00ed m\u00edstn\u00ed rumy, kter\u00e9 nejl\u00e9pe vystihuj\u00ed charakter rum\u016f z dan\u00fdch oblast\u00ed. Jde o mlad\u00e9 i star\u0161\u00ed rumy, kter\u00e9 v\u011bt\u0161inou n\u00e1sledn\u011b proch\u00e1z\u00ed dvoj\u00edm zr\u00e1n\u00edm. Prvn\u00ed zr\u00e1n\u00ed prob\u00edh\u00e1 v tropick\u00fdch klimatech, odkud rumy poch\u00e1z\u00ed, a jde o intenzivn\u00ed proces. N\u00e1sledn\u011b se rum p\u0159ev\u00e1\u017e\u00ed do Evropy, kde prob\u00edh\u00e1 druh\u00e9 zr\u00e1n\u00ed. Tady lze pomoc\u00ed velikosti [&hellip;]<\/p>\n","protected":false},"featured_media":1269,"template":"","meta":{"_acf_changed":false},"product_brand":[236],"product_cat":[117],"product_tag":[],"class_list":{"0":"post-1401","1":"product","2":"type-product","3":"status-publish","4":"has-post-thumbnail","6":"product_brand-rum-nation","7":"product_cat-rum","8":"pa_cena-za-004-l","9":"pa_obsah-alkoholu-59-2","10":"pa_zeme-britska-guyana","12":"first","13":"instock","14":"shipping-taxable","15":"purchasable","16":"product-type-simple"},"acf":[],"yoast_head":"<!-- This site is optimized with the Yoast SEO plugin v27.5 - https:\/\/yoast.com\/product\/yoast-seo-wordpress\/ -->\n<title>Rum Nation Diamond Whisky Finish 2005-2020<\/title>\n<meta name=\"description\" content=\"Rum Nation vyb\u00edr\u00e1 ty nejlep\u0161\u00ed m\u00edstn\u00ed rumy, kter\u00e9 nejl\u00e9pe vystihuj\u00ed charakter rum\u016f z dan\u00fdch oblast\u00ed. Jde o mlad\u00e9 i star\u0161\u00ed rumy, kter\u00e9 v\u011bt\u0161inou n\u00e1sledn\u011b\" \/>\n<meta name=\"robots\" content=\"index, follow, max-snippet:-1, max-image-preview:large, max-video-preview:-1\" \/>\n<link rel=\"canonical\" href=\"https:\/\/richter.ceo\/coxs\/produkt\/rum-nation-diamond-whisky-finish-2005-2020\/\" \/>\n<meta property=\"og:locale\" content=\"cs_CZ\" \/>\n<meta property=\"og:type\" content=\"article\" \/>\n<meta property=\"og:title\" content=\"Rum Nation Diamond Whisky Finish 2005-2020\" \/>\n<meta property=\"og:description\" content=\"Rum Nation vyb\u00edr\u00e1 ty nejlep\u0161\u00ed m\u00edstn\u00ed rumy, kter\u00e9 nejl\u00e9pe vystihuj\u00ed charakter rum\u016f z dan\u00fdch oblast\u00ed. Jde o mlad\u00e9 i star\u0161\u00ed rumy, kter\u00e9 v\u011bt\u0161inou n\u00e1sledn\u011b\" \/>\n<meta property=\"og:url\" content=\"https:\/\/richter.ceo\/coxs\/produkt\/rum-nation-diamond-whisky-finish-2005-2020\/\" \/>\n<meta property=\"og:site_name\" content=\"COXS CLUB\" \/>\n<meta property=\"article:publisher\" content=\"https:\/\/www.facebook.com\/profile.php?id=100088204002615\" \/>\n<meta property=\"og:image\" content=\"https:\/\/richter.ceo\/coxs\/wp-content\/uploads\/sites\/4\/2025\/05\/3055_rum_nation_diamond_whisky_finish.jpg\" \/>\n\t<meta property=\"og:image:width\" content=\"600\" \/>\n\t<meta property=\"og:image:height\" content=\"711\" \/>\n\t<meta property=\"og:image:type\" content=\"image\/jpeg\" \/>\n<meta name=\"twitter:card\" content=\"summary_large_image\" \/>\n<meta name=\"twitter:label1\" content=\"Odhadovan\u00e1 doba \u010dten\u00ed\" \/>\n\t<meta name=\"twitter:data1\" content=\"1 minuta\" \/>\n<script type=\"application\/ld+json\" class=\"yoast-schema-graph\">{\"@context\":\"https:\\\/\\\/schema.org\",\"@graph\":[{\"@type\":\"WebPage\",\"@id\":\"https:\\\/\\\/richter.ceo\\\/coxs\\\/produkt\\\/rum-nation-diamond-whisky-finish-2005-2020\\\/\",\"url\":\"https:\\\/\\\/richter.ceo\\\/coxs\\\/produkt\\\/rum-nation-diamond-whisky-finish-2005-2020\\\/\",\"name\":\"Rum Nation Diamond Whisky Finish 2005-2020\",\"isPartOf\":{\"@id\":\"https:\\\/\\\/richter.ceo\\\/coxs\\\/en\\\/#website\"},\"primaryImageOfPage\":{\"@id\":\"https:\\\/\\\/richter.ceo\\\/coxs\\\/produkt\\\/rum-nation-diamond-whisky-finish-2005-2020\\\/#primaryimage\"},\"image\":{\"@id\":\"https:\\\/\\\/richter.ceo\\\/coxs\\\/produkt\\\/rum-nation-diamond-whisky-finish-2005-2020\\\/#primaryimage\"},\"thumbnailUrl\":\"https:\\\/\\\/richter.ceo\\\/coxs\\\/wp-content\\\/uploads\\\/sites\\\/4\\\/2025\\\/05\\\/3055_rum_nation_diamond_whisky_finish.jpg\",\"datePublished\":\"2025-05-14T16:48:37+00:00\",\"description\":\"Rum Nation vyb\u00edr\u00e1 ty nejlep\u0161\u00ed m\u00edstn\u00ed rumy, kter\u00e9 nejl\u00e9pe vystihuj\u00ed charakter rum\u016f z dan\u00fdch oblast\u00ed. Jde o mlad\u00e9 i star\u0161\u00ed rumy, kter\u00e9 v\u011bt\u0161inou n\u00e1sledn\u011b\",\"breadcrumb\":{\"@id\":\"https:\\\/\\\/richter.ceo\\\/coxs\\\/produkt\\\/rum-nation-diamond-whisky-finish-2005-2020\\\/#breadcrumb\"},\"inLanguage\":\"cs\",\"potentialAction\":[{\"@type\":\"ReadAction\",\"target\":[\"https:\\\/\\\/richter.ceo\\\/coxs\\\/produkt\\\/rum-nation-diamond-whisky-finish-2005-2020\\\/\"]}]},{\"@type\":\"ImageObject\",\"inLanguage\":\"cs\",\"@id\":\"https:\\\/\\\/richter.ceo\\\/coxs\\\/produkt\\\/rum-nation-diamond-whisky-finish-2005-2020\\\/#primaryimage\",\"url\":\"https:\\\/\\\/richter.ceo\\\/coxs\\\/wp-content\\\/uploads\\\/sites\\\/4\\\/2025\\\/05\\\/3055_rum_nation_diamond_whisky_finish.jpg\",\"contentUrl\":\"https:\\\/\\\/richter.ceo\\\/coxs\\\/wp-content\\\/uploads\\\/sites\\\/4\\\/2025\\\/05\\\/3055_rum_nation_diamond_whisky_finish.jpg\",\"width\":600,\"height\":711,\"caption\":\"COXS CLUB\"},{\"@type\":\"BreadcrumbList\",\"@id\":\"https:\\\/\\\/richter.ceo\\\/coxs\\\/produkt\\\/rum-nation-diamond-whisky-finish-2005-2020\\\/#breadcrumb\",\"itemListElement\":[{\"@type\":\"ListItem\",\"position\":1,\"name\":\"Dom\u016f\",\"item\":\"https:\\\/\\\/richter.ceo\\\/coxs\\\/\"},{\"@type\":\"ListItem\",\"position\":2,\"name\":\"N\u00c1POJE\",\"item\":\"https:\\\/\\\/richter.ceo\\\/coxs\\\/en\\\/napoje\\\/\"},{\"@type\":\"ListItem\",\"position\":3,\"name\":\"Rum Nation Diamond Whisky Finish 2005-2020\"}]},{\"@type\":\"WebSite\",\"@id\":\"https:\\\/\\\/richter.ceo\\\/coxs\\\/en\\\/#website\",\"url\":\"https:\\\/\\\/richter.ceo\\\/coxs\\\/en\\\/\",\"name\":\"COXS CLUB\",\"description\":\"Beton a Rum\",\"publisher\":{\"@id\":\"https:\\\/\\\/richter.ceo\\\/coxs\\\/en\\\/#organization\"},\"potentialAction\":[{\"@type\":\"SearchAction\",\"target\":{\"@type\":\"EntryPoint\",\"urlTemplate\":\"https:\\\/\\\/richter.ceo\\\/coxs\\\/en\\\/?s={search_term_string}\"},\"query-input\":{\"@type\":\"PropertyValueSpecification\",\"valueRequired\":true,\"valueName\":\"search_term_string\"}}],\"inLanguage\":\"cs\"},{\"@type\":\"Organization\",\"@id\":\"https:\\\/\\\/richter.ceo\\\/coxs\\\/en\\\/#organization\",\"name\":\"COXS CLUB\",\"url\":\"https:\\\/\\\/richter.ceo\\\/coxs\\\/en\\\/\",\"logo\":{\"@type\":\"ImageObject\",\"inLanguage\":\"cs\",\"@id\":\"https:\\\/\\\/richter.ceo\\\/coxs\\\/en\\\/#\\\/schema\\\/logo\\\/image\\\/\",\"url\":\"http:\\\/\\\/richter.ceo\\\/coxs\\\/wp-content\\\/uploads\\\/sites\\\/4\\\/2025\\\/05\\\/FAVICON-dark.webp\",\"contentUrl\":\"http:\\\/\\\/richter.ceo\\\/coxs\\\/wp-content\\\/uploads\\\/sites\\\/4\\\/2025\\\/05\\\/FAVICON-dark.webp\",\"width\":512,\"height\":512,\"caption\":\"COXS CLUB\"},\"image\":{\"@id\":\"https:\\\/\\\/richter.ceo\\\/coxs\\\/en\\\/#\\\/schema\\\/logo\\\/image\\\/\"},\"sameAs\":[\"https:\\\/\\\/www.facebook.com\\\/profile.php?id=100088204002615\",\"https:\\\/\\\/www.instagram.com\\\/coxs_coxs\\\/\"]}]}<\/script>\n<!-- \/ Yoast SEO plugin. -->","yoast_head_json":{"title":"Rum Nation Diamond Whisky Finish 2005-2020","description":"Rum Nation vyb\u00edr\u00e1 ty nejlep\u0161\u00ed m\u00edstn\u00ed rumy, kter\u00e9 nejl\u00e9pe vystihuj\u00ed charakter rum\u016f z dan\u00fdch oblast\u00ed. Jde o mlad\u00e9 i star\u0161\u00ed rumy, kter\u00e9 v\u011bt\u0161inou n\u00e1sledn\u011b","robots":{"index":"index","follow":"follow","max-snippet":"max-snippet:-1","max-image-preview":"max-image-preview:large","max-video-preview":"max-video-preview:-1"},"canonical":"https:\/\/richter.ceo\/coxs\/produkt\/rum-nation-diamond-whisky-finish-2005-2020\/","og_locale":"cs_CZ","og_type":"article","og_title":"Rum Nation Diamond Whisky Finish 2005-2020","og_description":"Rum Nation vyb\u00edr\u00e1 ty nejlep\u0161\u00ed m\u00edstn\u00ed rumy, kter\u00e9 nejl\u00e9pe vystihuj\u00ed charakter rum\u016f z dan\u00fdch oblast\u00ed. Jde o mlad\u00e9 i star\u0161\u00ed rumy, kter\u00e9 v\u011bt\u0161inou n\u00e1sledn\u011b","og_url":"https:\/\/richter.ceo\/coxs\/produkt\/rum-nation-diamond-whisky-finish-2005-2020\/","og_site_name":"COXS CLUB","article_publisher":"https:\/\/www.facebook.com\/profile.php?id=100088204002615","og_image":[{"width":600,"height":711,"url":"https:\/\/richter.ceo\/coxs\/wp-content\/uploads\/sites\/4\/2025\/05\/3055_rum_nation_diamond_whisky_finish.jpg","type":"image\/jpeg"}],"twitter_card":"summary_large_image","twitter_misc":{"Odhadovan\u00e1 doba \u010dten\u00ed":"1 minuta"},"schema":{"@context":"https:\/\/schema.org","@graph":[{"@type":"WebPage","@id":"https:\/\/richter.ceo\/coxs\/produkt\/rum-nation-diamond-whisky-finish-2005-2020\/","url":"https:\/\/richter.ceo\/coxs\/produkt\/rum-nation-diamond-whisky-finish-2005-2020\/","name":"Rum Nation Diamond Whisky Finish 2005-2020","isPartOf":{"@id":"https:\/\/richter.ceo\/coxs\/en\/#website"},"primaryImageOfPage":{"@id":"https:\/\/richter.ceo\/coxs\/produkt\/rum-nation-diamond-whisky-finish-2005-2020\/#primaryimage"},"image":{"@id":"https:\/\/richter.ceo\/coxs\/produkt\/rum-nation-diamond-whisky-finish-2005-2020\/#primaryimage"},"thumbnailUrl":"https:\/\/richter.ceo\/coxs\/wp-content\/uploads\/sites\/4\/2025\/05\/3055_rum_nation_diamond_whisky_finish.jpg","datePublished":"2025-05-14T16:48:37+00:00","description":"Rum Nation vyb\u00edr\u00e1 ty nejlep\u0161\u00ed m\u00edstn\u00ed rumy, kter\u00e9 nejl\u00e9pe vystihuj\u00ed charakter rum\u016f z dan\u00fdch oblast\u00ed. Jde o mlad\u00e9 i star\u0161\u00ed rumy, kter\u00e9 v\u011bt\u0161inou n\u00e1sledn\u011b","breadcrumb":{"@id":"https:\/\/richter.ceo\/coxs\/produkt\/rum-nation-diamond-whisky-finish-2005-2020\/#breadcrumb"},"inLanguage":"cs","potentialAction":[{"@type":"ReadAction","target":["https:\/\/richter.ceo\/coxs\/produkt\/rum-nation-diamond-whisky-finish-2005-2020\/"]}]},{"@type":"ImageObject","inLanguage":"cs","@id":"https:\/\/richter.ceo\/coxs\/produkt\/rum-nation-diamond-whisky-finish-2005-2020\/#primaryimage","url":"https:\/\/richter.ceo\/coxs\/wp-content\/uploads\/sites\/4\/2025\/05\/3055_rum_nation_diamond_whisky_finish.jpg","contentUrl":"https:\/\/richter.ceo\/coxs\/wp-content\/uploads\/sites\/4\/2025\/05\/3055_rum_nation_diamond_whisky_finish.jpg","width":600,"height":711,"caption":"COXS CLUB"},{"@type":"BreadcrumbList","@id":"https:\/\/richter.ceo\/coxs\/produkt\/rum-nation-diamond-whisky-finish-2005-2020\/#breadcrumb","itemListElement":[{"@type":"ListItem","position":1,"name":"Dom\u016f","item":"https:\/\/richter.ceo\/coxs\/"},{"@type":"ListItem","position":2,"name":"N\u00c1POJE","item":"https:\/\/richter.ceo\/coxs\/en\/napoje\/"},{"@type":"ListItem","position":3,"name":"Rum Nation Diamond Whisky Finish 2005-2020"}]},{"@type":"WebSite","@id":"https:\/\/richter.ceo\/coxs\/en\/#website","url":"https:\/\/richter.ceo\/coxs\/en\/","name":"COXS CLUB","description":"Beton a Rum","publisher":{"@id":"https:\/\/richter.ceo\/coxs\/en\/#organization"},"potentialAction":[{"@type":"SearchAction","target":{"@type":"EntryPoint","urlTemplate":"https:\/\/richter.ceo\/coxs\/en\/?s={search_term_string}"},"query-input":{"@type":"PropertyValueSpecification","valueRequired":true,"valueName":"search_term_string"}}],"inLanguage":"cs"},{"@type":"Organization","@id":"https:\/\/richter.ceo\/coxs\/en\/#organization","name":"COXS CLUB","url":"https:\/\/richter.ceo\/coxs\/en\/","logo":{"@type":"ImageObject","inLanguage":"cs","@id":"https:\/\/richter.ceo\/coxs\/en\/#\/schema\/logo\/image\/","url":"http:\/\/richter.ceo\/coxs\/wp-content\/uploads\/sites\/4\/2025\/05\/FAVICON-dark.webp","contentUrl":"http:\/\/richter.ceo\/coxs\/wp-content\/uploads\/sites\/4\/2025\/05\/FAVICON-dark.webp","width":512,"height":512,"caption":"COXS CLUB"},"image":{"@id":"https:\/\/richter.ceo\/coxs\/en\/#\/schema\/logo\/image\/"},"sameAs":["https:\/\/www.facebook.com\/profile.php?id=100088204002615","https:\/\/www.instagram.com\/coxs_coxs\/"]}]}},"_links":{"self":[{"href":"https:\/\/richter.ceo\/coxs\/wp-json\/wp\/v2\/product\/1401","targetHints":{"allow":["GET"]}}],"collection":[{"href":"https:\/\/richter.ceo\/coxs\/wp-json\/wp\/v2\/product"}],"about":[{"href":"https:\/\/richter.ceo\/coxs\/wp-json\/wp\/v2\/types\/product"}],"wp:featuredmedia":[{"embeddable":true,"href":"https:\/\/richter.ceo\/coxs\/wp-json\/wp\/v2\/media\/1269"}],"wp:attachment":[{"href":"https:\/\/richter.ceo\/coxs\/wp-json\/wp\/v2\/media?parent=1401"}],"wp:term":[{"taxonomy":"product_brand","embeddable":true,"href":"https:\/\/richter.ceo\/coxs\/wp-json\/wp\/v2\/product_brand?post=1401"},{"taxonomy":"product_cat","embeddable":true,"href":"https:\/\/richter.ceo\/coxs\/wp-json\/wp\/v2\/product_cat?post=1401"},{"taxonomy":"product_tag","embeddable":true,"href":"https:\/\/richter.ceo\/coxs\/wp-json\/wp\/v2\/product_tag?post=1401"}],"curies":[{"name":"wp","href":"https:\/\/api.w.org\/{rel}","templated":true}]}}