{"id":432,"date":"2025-05-10T19:04:55","date_gmt":"2025-05-10T17:04:55","guid":{"rendered":"https:\/\/richter.ceo\/coxsclub\/?post_type=product&#038;p=432"},"modified":"2025-05-11T03:34:01","modified_gmt":"2025-05-11T01:34:01","slug":"zelyonaya-marka-tradicionnaya","status":"publish","type":"product","link":"https:\/\/richter.ceo\/coxs\/produkt\/zelyonaya-marka-tradicionnaya\/","title":{"rendered":"Zelyonaya Marka Tradicionnaya"},"content":{"rendered":"<div class=\"elementor-column elementor-col-50 elementor-inner-column elementor-element elementor-element-df5ea97\" data-id=\"df5ea97\" data-element_type=\"column\">\n<div class=\"elementor-widget-wrap elementor-element-populated\">\n<div class=\"elementor-element elementor-element-5f45f876 elementor-widget elementor-widget-woocommerce-product-short-description\" data-id=\"5f45f876\" data-element_type=\"widget\" data-widget_type=\"woocommerce-product-short-description.default\">\n<div class=\"elementor-widget-container\">\n<div class=\"woocommerce-product-details__short-description\">\n<p>Ve 20. stolet\u00ed rusk\u00e1 vl\u00e1da zavedla p\u0159\u00edsn\u00e9 regula\u010dn\u00ed a kontroln\u00ed re\u017eimy t\u00fdkaj\u00edc\u00ed se garance kvality v\u00fdroby vodky. Jen ty v\u00fdrobky, kter\u00e9 dodr\u017eely v\u0161echny p\u0159\u00edsn\u00e9 z\u00e1sady a p\u0159edpisy, dostaly st\u00e1tn\u00ed souhlas od dozor\u010d\u00ed agentury \u2013 k\u00fd\u017eenou pe\u010de\u0165 excelence nazvanou \u201eZelyonaya Marka\u201c (Green Mark). V nov\u00e9 \u00e9\u0159e modern\u00edho Ruska se v lidech probudil sentiment k tradic\u00edm. To vedlo ke vzniku zna\u010dky vodky Zelyonaya Marka, kter\u00e1 se stala symbolem kvalitn\u00ed, ale stale cenov\u011b dostupn\u00e9 a t\u00edm velmi roz\u0161\u00ed\u0159en\u00e9 rusk\u00e9 vodky. Zelyonaya Marka je vyr\u00e1b\u011bna podle tradi\u010dn\u00edho rusk\u00e9ho receptu ze 100% p\u0161enice a art\u00e9sk\u00e9 vody.<\/p>\n<\/div>\n<\/div>\n<\/div>\n<\/div>\n<\/div>\n","protected":false},"excerpt":{"rendered":"<p>Ve 20. stolet\u00ed rusk\u00e1 vl\u00e1da zavedla p\u0159\u00edsn\u00e9 regula\u010dn\u00ed a kontroln\u00ed re\u017eimy t\u00fdkaj\u00edc\u00ed se garance kvality v\u00fdroby vodky. Jen ty v\u00fdrobky, kter\u00e9 dodr\u017eely v\u0161echny p\u0159\u00edsn\u00e9 z\u00e1sady a p\u0159edpisy, dostaly st\u00e1tn\u00ed souhlas od dozor\u010d\u00ed agentury \u2013 k\u00fd\u017eenou pe\u010de\u0165 excelence nazvanou \u201eZelyonaya Marka\u201c (Green Mark). V nov\u00e9 \u00e9\u0159e modern\u00edho Ruska se v lidech probudil sentiment k tradic\u00edm. To [&hellip;]<\/p>\n","protected":false},"featured_media":433,"template":"","meta":{"_acf_changed":false},"product_brand":[28],"product_cat":[18],"product_tag":[],"class_list":{"0":"post-432","1":"product","2":"type-product","3":"status-publish","4":"has-post-thumbnail","6":"product_brand-zelyonaya-marka","7":"product_cat-vodka","8":"pa_cena-za-004-l","9":"pa_obsah-alkoholu-21","10":"pa_zeme-rusko","12":"first","13":"instock","14":"shipping-taxable","15":"purchasable","16":"product-type-simple"},"acf":[],"yoast_head":"<!-- This site is optimized with the Yoast SEO plugin v27.5 - https:\/\/yoast.com\/product\/yoast-seo-wordpress\/ -->\n<title>Zelyonaya Marka Tradicionnaya<\/title>\n<meta name=\"description\" content=\"Ve 20. stolet\u00ed rusk\u00e1 vl\u00e1da zavedla p\u0159\u00edsn\u00e9 regula\u010dn\u00ed a kontroln\u00ed re\u017eimy t\u00fdkaj\u00edc\u00ed se garance kvality v\u00fdroby vodky. Jen ty v\u00fdrobky, kter\u00e9 dodr\u017eely v\u0161echny\" \/>\n<meta name=\"robots\" content=\"index, follow, max-snippet:-1, max-image-preview:large, max-video-preview:-1\" \/>\n<link rel=\"canonical\" href=\"https:\/\/richter.ceo\/coxs\/produkt\/zelyonaya-marka-tradicionnaya\/\" \/>\n<meta property=\"og:locale\" content=\"cs_CZ\" \/>\n<meta property=\"og:type\" content=\"article\" \/>\n<meta property=\"og:title\" content=\"Zelyonaya Marka Tradicionnaya\" \/>\n<meta property=\"og:description\" content=\"Ve 20. stolet\u00ed rusk\u00e1 vl\u00e1da zavedla p\u0159\u00edsn\u00e9 regula\u010dn\u00ed a kontroln\u00ed re\u017eimy t\u00fdkaj\u00edc\u00ed se garance kvality v\u00fdroby vodky. Jen ty v\u00fdrobky, kter\u00e9 dodr\u017eely v\u0161echny\" \/>\n<meta property=\"og:url\" content=\"https:\/\/richter.ceo\/coxs\/produkt\/zelyonaya-marka-tradicionnaya\/\" \/>\n<meta property=\"og:site_name\" content=\"COXS CLUB\" \/>\n<meta property=\"article:publisher\" content=\"https:\/\/www.facebook.com\/profile.php?id=100088204002615\" \/>\n<meta property=\"article:modified_time\" content=\"2025-05-11T01:34:01+00:00\" \/>\n<meta property=\"og:image\" content=\"https:\/\/richter.ceo\/coxs\/wp-content\/uploads\/sites\/4\/2025\/05\/1724_zelyonaya_marka_tradicionaya-864x1024-1.jpg\" \/>\n\t<meta property=\"og:image:width\" content=\"864\" \/>\n\t<meta property=\"og:image:height\" content=\"1024\" \/>\n\t<meta property=\"og:image:type\" content=\"image\/jpeg\" \/>\n<meta name=\"twitter:card\" content=\"summary_large_image\" \/>\n<meta name=\"twitter:label1\" content=\"Odhadovan\u00e1 doba \u010dten\u00ed\" \/>\n\t<meta name=\"twitter:data1\" content=\"1 minuta\" \/>\n<script type=\"application\/ld+json\" class=\"yoast-schema-graph\">{\"@context\":\"https:\\\/\\\/schema.org\",\"@graph\":[{\"@type\":\"WebPage\",\"@id\":\"https:\\\/\\\/richter.ceo\\\/coxs\\\/produkt\\\/zelyonaya-marka-tradicionnaya\\\/\",\"url\":\"https:\\\/\\\/richter.ceo\\\/coxs\\\/produkt\\\/zelyonaya-marka-tradicionnaya\\\/\",\"name\":\"Zelyonaya Marka Tradicionnaya\",\"isPartOf\":{\"@id\":\"https:\\\/\\\/richter.ceo\\\/coxs\\\/en\\\/#website\"},\"primaryImageOfPage\":{\"@id\":\"https:\\\/\\\/richter.ceo\\\/coxs\\\/produkt\\\/zelyonaya-marka-tradicionnaya\\\/#primaryimage\"},\"image\":{\"@id\":\"https:\\\/\\\/richter.ceo\\\/coxs\\\/produkt\\\/zelyonaya-marka-tradicionnaya\\\/#primaryimage\"},\"thumbnailUrl\":\"https:\\\/\\\/richter.ceo\\\/coxs\\\/wp-content\\\/uploads\\\/sites\\\/4\\\/2025\\\/05\\\/1724_zelyonaya_marka_tradicionaya-864x1024-1.jpg\",\"datePublished\":\"2025-05-10T17:04:55+00:00\",\"dateModified\":\"2025-05-11T01:34:01+00:00\",\"description\":\"Ve 20. stolet\u00ed rusk\u00e1 vl\u00e1da zavedla p\u0159\u00edsn\u00e9 regula\u010dn\u00ed a kontroln\u00ed re\u017eimy t\u00fdkaj\u00edc\u00ed se garance kvality v\u00fdroby vodky. Jen ty v\u00fdrobky, kter\u00e9 dodr\u017eely v\u0161echny\",\"breadcrumb\":{\"@id\":\"https:\\\/\\\/richter.ceo\\\/coxs\\\/produkt\\\/zelyonaya-marka-tradicionnaya\\\/#breadcrumb\"},\"inLanguage\":\"cs\",\"potentialAction\":[{\"@type\":\"ReadAction\",\"target\":[\"https:\\\/\\\/richter.ceo\\\/coxs\\\/produkt\\\/zelyonaya-marka-tradicionnaya\\\/\"]}]},{\"@type\":\"ImageObject\",\"inLanguage\":\"cs\",\"@id\":\"https:\\\/\\\/richter.ceo\\\/coxs\\\/produkt\\\/zelyonaya-marka-tradicionnaya\\\/#primaryimage\",\"url\":\"https:\\\/\\\/richter.ceo\\\/coxs\\\/wp-content\\\/uploads\\\/sites\\\/4\\\/2025\\\/05\\\/1724_zelyonaya_marka_tradicionaya-864x1024-1.jpg\",\"contentUrl\":\"https:\\\/\\\/richter.ceo\\\/coxs\\\/wp-content\\\/uploads\\\/sites\\\/4\\\/2025\\\/05\\\/1724_zelyonaya_marka_tradicionaya-864x1024-1.jpg\",\"width\":864,\"height\":1024,\"caption\":\"COXS CLUB\"},{\"@type\":\"BreadcrumbList\",\"@id\":\"https:\\\/\\\/richter.ceo\\\/coxs\\\/produkt\\\/zelyonaya-marka-tradicionnaya\\\/#breadcrumb\",\"itemListElement\":[{\"@type\":\"ListItem\",\"position\":1,\"name\":\"Dom\u016f\",\"item\":\"https:\\\/\\\/richter.ceo\\\/coxs\\\/\"},{\"@type\":\"ListItem\",\"position\":2,\"name\":\"N\u00c1POJE\",\"item\":\"https:\\\/\\\/richter.ceo\\\/coxs\\\/en\\\/napoje\\\/\"},{\"@type\":\"ListItem\",\"position\":3,\"name\":\"Zelyonaya Marka Tradicionnaya\"}]},{\"@type\":\"WebSite\",\"@id\":\"https:\\\/\\\/richter.ceo\\\/coxs\\\/en\\\/#website\",\"url\":\"https:\\\/\\\/richter.ceo\\\/coxs\\\/en\\\/\",\"name\":\"COXS CLUB\",\"description\":\"Beton a Rum\",\"publisher\":{\"@id\":\"https:\\\/\\\/richter.ceo\\\/coxs\\\/en\\\/#organization\"},\"potentialAction\":[{\"@type\":\"SearchAction\",\"target\":{\"@type\":\"EntryPoint\",\"urlTemplate\":\"https:\\\/\\\/richter.ceo\\\/coxs\\\/en\\\/?s={search_term_string}\"},\"query-input\":{\"@type\":\"PropertyValueSpecification\",\"valueRequired\":true,\"valueName\":\"search_term_string\"}}],\"inLanguage\":\"cs\"},{\"@type\":\"Organization\",\"@id\":\"https:\\\/\\\/richter.ceo\\\/coxs\\\/en\\\/#organization\",\"name\":\"COXS CLUB\",\"url\":\"https:\\\/\\\/richter.ceo\\\/coxs\\\/en\\\/\",\"logo\":{\"@type\":\"ImageObject\",\"inLanguage\":\"cs\",\"@id\":\"https:\\\/\\\/richter.ceo\\\/coxs\\\/en\\\/#\\\/schema\\\/logo\\\/image\\\/\",\"url\":\"http:\\\/\\\/richter.ceo\\\/coxs\\\/wp-content\\\/uploads\\\/sites\\\/4\\\/2025\\\/05\\\/FAVICON-dark.webp\",\"contentUrl\":\"http:\\\/\\\/richter.ceo\\\/coxs\\\/wp-content\\\/uploads\\\/sites\\\/4\\\/2025\\\/05\\\/FAVICON-dark.webp\",\"width\":512,\"height\":512,\"caption\":\"COXS CLUB\"},\"image\":{\"@id\":\"https:\\\/\\\/richter.ceo\\\/coxs\\\/en\\\/#\\\/schema\\\/logo\\\/image\\\/\"},\"sameAs\":[\"https:\\\/\\\/www.facebook.com\\\/profile.php?id=100088204002615\",\"https:\\\/\\\/www.instagram.com\\\/coxs_coxs\\\/\"]}]}<\/script>\n<!-- \/ Yoast SEO plugin. -->","yoast_head_json":{"title":"Zelyonaya Marka Tradicionnaya","description":"Ve 20. stolet\u00ed rusk\u00e1 vl\u00e1da zavedla p\u0159\u00edsn\u00e9 regula\u010dn\u00ed a kontroln\u00ed re\u017eimy t\u00fdkaj\u00edc\u00ed se garance kvality v\u00fdroby vodky. Jen ty v\u00fdrobky, kter\u00e9 dodr\u017eely v\u0161echny","robots":{"index":"index","follow":"follow","max-snippet":"max-snippet:-1","max-image-preview":"max-image-preview:large","max-video-preview":"max-video-preview:-1"},"canonical":"https:\/\/richter.ceo\/coxs\/produkt\/zelyonaya-marka-tradicionnaya\/","og_locale":"cs_CZ","og_type":"article","og_title":"Zelyonaya Marka Tradicionnaya","og_description":"Ve 20. stolet\u00ed rusk\u00e1 vl\u00e1da zavedla p\u0159\u00edsn\u00e9 regula\u010dn\u00ed a kontroln\u00ed re\u017eimy t\u00fdkaj\u00edc\u00ed se garance kvality v\u00fdroby vodky. Jen ty v\u00fdrobky, kter\u00e9 dodr\u017eely v\u0161echny","og_url":"https:\/\/richter.ceo\/coxs\/produkt\/zelyonaya-marka-tradicionnaya\/","og_site_name":"COXS CLUB","article_publisher":"https:\/\/www.facebook.com\/profile.php?id=100088204002615","article_modified_time":"2025-05-11T01:34:01+00:00","og_image":[{"width":864,"height":1024,"url":"https:\/\/richter.ceo\/coxs\/wp-content\/uploads\/sites\/4\/2025\/05\/1724_zelyonaya_marka_tradicionaya-864x1024-1.jpg","type":"image\/jpeg"}],"twitter_card":"summary_large_image","twitter_misc":{"Odhadovan\u00e1 doba \u010dten\u00ed":"1 minuta"},"schema":{"@context":"https:\/\/schema.org","@graph":[{"@type":"WebPage","@id":"https:\/\/richter.ceo\/coxs\/produkt\/zelyonaya-marka-tradicionnaya\/","url":"https:\/\/richter.ceo\/coxs\/produkt\/zelyonaya-marka-tradicionnaya\/","name":"Zelyonaya Marka Tradicionnaya","isPartOf":{"@id":"https:\/\/richter.ceo\/coxs\/en\/#website"},"primaryImageOfPage":{"@id":"https:\/\/richter.ceo\/coxs\/produkt\/zelyonaya-marka-tradicionnaya\/#primaryimage"},"image":{"@id":"https:\/\/richter.ceo\/coxs\/produkt\/zelyonaya-marka-tradicionnaya\/#primaryimage"},"thumbnailUrl":"https:\/\/richter.ceo\/coxs\/wp-content\/uploads\/sites\/4\/2025\/05\/1724_zelyonaya_marka_tradicionaya-864x1024-1.jpg","datePublished":"2025-05-10T17:04:55+00:00","dateModified":"2025-05-11T01:34:01+00:00","description":"Ve 20. stolet\u00ed rusk\u00e1 vl\u00e1da zavedla p\u0159\u00edsn\u00e9 regula\u010dn\u00ed a kontroln\u00ed re\u017eimy t\u00fdkaj\u00edc\u00ed se garance kvality v\u00fdroby vodky. Jen ty v\u00fdrobky, kter\u00e9 dodr\u017eely v\u0161echny","breadcrumb":{"@id":"https:\/\/richter.ceo\/coxs\/produkt\/zelyonaya-marka-tradicionnaya\/#breadcrumb"},"inLanguage":"cs","potentialAction":[{"@type":"ReadAction","target":["https:\/\/richter.ceo\/coxs\/produkt\/zelyonaya-marka-tradicionnaya\/"]}]},{"@type":"ImageObject","inLanguage":"cs","@id":"https:\/\/richter.ceo\/coxs\/produkt\/zelyonaya-marka-tradicionnaya\/#primaryimage","url":"https:\/\/richter.ceo\/coxs\/wp-content\/uploads\/sites\/4\/2025\/05\/1724_zelyonaya_marka_tradicionaya-864x1024-1.jpg","contentUrl":"https:\/\/richter.ceo\/coxs\/wp-content\/uploads\/sites\/4\/2025\/05\/1724_zelyonaya_marka_tradicionaya-864x1024-1.jpg","width":864,"height":1024,"caption":"COXS CLUB"},{"@type":"BreadcrumbList","@id":"https:\/\/richter.ceo\/coxs\/produkt\/zelyonaya-marka-tradicionnaya\/#breadcrumb","itemListElement":[{"@type":"ListItem","position":1,"name":"Dom\u016f","item":"https:\/\/richter.ceo\/coxs\/"},{"@type":"ListItem","position":2,"name":"N\u00c1POJE","item":"https:\/\/richter.ceo\/coxs\/en\/napoje\/"},{"@type":"ListItem","position":3,"name":"Zelyonaya Marka Tradicionnaya"}]},{"@type":"WebSite","@id":"https:\/\/richter.ceo\/coxs\/en\/#website","url":"https:\/\/richter.ceo\/coxs\/en\/","name":"COXS CLUB","description":"Beton a Rum","publisher":{"@id":"https:\/\/richter.ceo\/coxs\/en\/#organization"},"potentialAction":[{"@type":"SearchAction","target":{"@type":"EntryPoint","urlTemplate":"https:\/\/richter.ceo\/coxs\/en\/?s={search_term_string}"},"query-input":{"@type":"PropertyValueSpecification","valueRequired":true,"valueName":"search_term_string"}}],"inLanguage":"cs"},{"@type":"Organization","@id":"https:\/\/richter.ceo\/coxs\/en\/#organization","name":"COXS CLUB","url":"https:\/\/richter.ceo\/coxs\/en\/","logo":{"@type":"ImageObject","inLanguage":"cs","@id":"https:\/\/richter.ceo\/coxs\/en\/#\/schema\/logo\/image\/","url":"http:\/\/richter.ceo\/coxs\/wp-content\/uploads\/sites\/4\/2025\/05\/FAVICON-dark.webp","contentUrl":"http:\/\/richter.ceo\/coxs\/wp-content\/uploads\/sites\/4\/2025\/05\/FAVICON-dark.webp","width":512,"height":512,"caption":"COXS CLUB"},"image":{"@id":"https:\/\/richter.ceo\/coxs\/en\/#\/schema\/logo\/image\/"},"sameAs":["https:\/\/www.facebook.com\/profile.php?id=100088204002615","https:\/\/www.instagram.com\/coxs_coxs\/"]}]}},"_links":{"self":[{"href":"https:\/\/richter.ceo\/coxs\/wp-json\/wp\/v2\/product\/432","targetHints":{"allow":["GET"]}}],"collection":[{"href":"https:\/\/richter.ceo\/coxs\/wp-json\/wp\/v2\/product"}],"about":[{"href":"https:\/\/richter.ceo\/coxs\/wp-json\/wp\/v2\/types\/product"}],"wp:featuredmedia":[{"embeddable":true,"href":"https:\/\/richter.ceo\/coxs\/wp-json\/wp\/v2\/media\/433"}],"wp:attachment":[{"href":"https:\/\/richter.ceo\/coxs\/wp-json\/wp\/v2\/media?parent=432"}],"wp:term":[{"taxonomy":"product_brand","embeddable":true,"href":"https:\/\/richter.ceo\/coxs\/wp-json\/wp\/v2\/product_brand?post=432"},{"taxonomy":"product_cat","embeddable":true,"href":"https:\/\/richter.ceo\/coxs\/wp-json\/wp\/v2\/product_cat?post=432"},{"taxonomy":"product_tag","embeddable":true,"href":"https:\/\/richter.ceo\/coxs\/wp-json\/wp\/v2\/product_tag?post=432"}],"curies":[{"name":"wp","href":"https:\/\/api.w.org\/{rel}","templated":true}]}}