{"id":490,"date":"2025-05-11T00:08:30","date_gmt":"2025-05-10T22:08:30","guid":{"rendered":"https:\/\/richter.ceo\/coxsclub\/?post_type=product&#038;p=490"},"modified":"2025-05-11T03:33:37","modified_gmt":"2025-05-11T01:33:37","slug":"beluga-noble-celebration","status":"publish","type":"product","link":"https:\/\/richter.ceo\/coxs\/produkt\/beluga-noble-celebration\/","title":{"rendered":"Beluga Noble Celebration"},"content":{"rendered":"<div class=\"elementor-column elementor-col-50 elementor-inner-column elementor-element elementor-element-df5ea97\" data-id=\"df5ea97\" data-element_type=\"column\">\n<div class=\"elementor-widget-wrap elementor-element-populated\">\n<div class=\"elementor-element elementor-element-5f45f876 elementor-widget elementor-widget-woocommerce-product-short-description\" data-id=\"5f45f876\" data-element_type=\"widget\" data-widget_type=\"woocommerce-product-short-description.default\">\n<div class=\"elementor-widget-container\">\n<div class=\"woocommerce-product-details__short-description\">\n<p>Tato limitovan\u00e1 edice ultrapr\u00e9miov\u00e9 vodky Beluga je inspirovan\u00e1 v\u00fdjime\u010dn\u011b dlouhou histori\u00ed destilerie ve m\u011bst\u011b Mariinsk, je\u017e v roce 2015 oslavila v\u00fdro\u010d\u00ed 115 let od zalo\u017een\u00ed. Mariinsk, le\u017e\u00edc\u00ed v Kemerovsk\u00e9 oblasti asi 4000 km v\u00fdchodn\u011b od Moskvy pobl\u00ed\u017e \u0159eky Kija a Transsibi\u0159sk\u00e9 magistr\u00e1ly, je legend\u00e1rn\u00ed destileri\u00ed, kter\u00e1 byla v srdci Sibi\u0159e zalo\u017eena ji\u017e v roce 1900. Edice Beluga Celebration byla vyrobena na jej\u00ed po\u010dest. Sladov\u00fd destil\u00e1t t\u00e9 nejvy\u0161\u0161\u00ed mo\u017en\u00e9 kvality, pr\u016fzra\u010dn\u00e1 art\u00e9sk\u00e1 voda a pe\u010dliv\u00e1 pr\u00e1ce skute\u010dn\u00fdch mistr\u016f se spojuj\u00ed v limitovan\u00e9 edici, na n\u00ed\u017e je pomoc\u00ed procesu vakuov\u00e9ho pokoven\u00ed nanesena dvojit\u00e1 vrstva platiny a pot\u00e9 zlat\u00fd lak. Na konci komplexn\u00edho procesu se s\u00edtotiskem nan\u00e1\u0161\u00ed fin\u00e1ln\u00ed detaily. Tento exkluzivn\u00ed produkt p\u0159edstavuje sofistikovan\u00e9 spojen\u00ed modern\u00edch technologi\u00ed a ru\u010dn\u00ed pr\u00e1ce, je\u017e je pro vodku Beluga typick\u00e9.<\/p>\n<\/div>\n<\/div>\n<\/div>\n<\/div>\n<\/div>\n","protected":false},"excerpt":{"rendered":"<p>Tato limitovan\u00e1 edice ultrapr\u00e9miov\u00e9 vodky Beluga je inspirovan\u00e1 v\u00fdjime\u010dn\u011b dlouhou histori\u00ed destilerie ve m\u011bst\u011b Mariinsk, je\u017e v roce 2015 oslavila v\u00fdro\u010d\u00ed 115 let od zalo\u017een\u00ed. Mariinsk, le\u017e\u00edc\u00ed v Kemerovsk\u00e9 oblasti asi 4000 km v\u00fdchodn\u011b od Moskvy pobl\u00ed\u017e \u0159eky Kija a Transsibi\u0159sk\u00e9 magistr\u00e1ly, je legend\u00e1rn\u00ed destileri\u00ed, kter\u00e1 byla v srdci Sibi\u0159e zalo\u017eena ji\u017e v roce 1900. [&hellip;]<\/p>\n","protected":false},"featured_media":492,"template":"","meta":{"_acf_changed":false},"product_brand":[27],"product_cat":[18],"product_tag":[],"class_list":{"0":"post-490","1":"product","2":"type-product","3":"status-publish","4":"has-post-thumbnail","6":"product_brand-beluga","7":"product_cat-vodka","8":"pa_cena-za-004-l","9":"pa_obsah-alkoholu-21","10":"pa_zeme-rusko","12":"first","13":"instock","14":"shipping-taxable","15":"purchasable","16":"product-type-simple"},"acf":[],"yoast_head":"<!-- This site is optimized with the Yoast SEO plugin v27.5 - https:\/\/yoast.com\/product\/yoast-seo-wordpress\/ -->\n<title>Beluga Noble Celebration<\/title>\n<meta name=\"description\" content=\"Tato limitovan\u00e1 edice ultrapr\u00e9miov\u00e9 vodky Beluga je inspirovan\u00e1 v\u00fdjime\u010dn\u011b dlouhou histori\u00ed destilerie ve m\u011bst\u011b Mariinsk, je\u017e v roce 2015 oslavila v\u00fdro\u010d\u00ed\" \/>\n<meta name=\"robots\" content=\"index, follow, max-snippet:-1, max-image-preview:large, max-video-preview:-1\" \/>\n<link rel=\"canonical\" href=\"https:\/\/richter.ceo\/coxs\/produkt\/beluga-noble-celebration\/\" \/>\n<meta property=\"og:locale\" content=\"cs_CZ\" \/>\n<meta property=\"og:type\" content=\"article\" \/>\n<meta property=\"og:title\" content=\"Beluga Noble Celebration\" \/>\n<meta property=\"og:description\" content=\"Tato limitovan\u00e1 edice ultrapr\u00e9miov\u00e9 vodky Beluga je inspirovan\u00e1 v\u00fdjime\u010dn\u011b dlouhou histori\u00ed destilerie ve m\u011bst\u011b Mariinsk, je\u017e v roce 2015 oslavila v\u00fdro\u010d\u00ed\" \/>\n<meta property=\"og:url\" content=\"https:\/\/richter.ceo\/coxs\/produkt\/beluga-noble-celebration\/\" \/>\n<meta property=\"og:site_name\" content=\"COXS CLUB\" \/>\n<meta property=\"article:publisher\" content=\"https:\/\/www.facebook.com\/profile.php?id=100088204002615\" \/>\n<meta property=\"article:modified_time\" content=\"2025-05-11T01:33:37+00:00\" \/>\n<meta property=\"og:image\" content=\"https:\/\/richter.ceo\/coxs\/wp-content\/uploads\/sites\/4\/2025\/05\/3315_beluga_celebration_1_5l.jpg\" \/>\n\t<meta property=\"og:image:width\" content=\"600\" \/>\n\t<meta property=\"og:image:height\" content=\"711\" \/>\n\t<meta property=\"og:image:type\" content=\"image\/jpeg\" \/>\n<meta name=\"twitter:card\" content=\"summary_large_image\" \/>\n<meta name=\"twitter:label1\" content=\"Odhadovan\u00e1 doba \u010dten\u00ed\" \/>\n\t<meta name=\"twitter:data1\" content=\"1 minuta\" \/>\n<script type=\"application\/ld+json\" class=\"yoast-schema-graph\">{\"@context\":\"https:\\\/\\\/schema.org\",\"@graph\":[{\"@type\":\"WebPage\",\"@id\":\"https:\\\/\\\/richter.ceo\\\/coxs\\\/produkt\\\/beluga-noble-celebration\\\/\",\"url\":\"https:\\\/\\\/richter.ceo\\\/coxs\\\/produkt\\\/beluga-noble-celebration\\\/\",\"name\":\"Beluga Noble Celebration\",\"isPartOf\":{\"@id\":\"https:\\\/\\\/richter.ceo\\\/coxs\\\/en\\\/#website\"},\"primaryImageOfPage\":{\"@id\":\"https:\\\/\\\/richter.ceo\\\/coxs\\\/produkt\\\/beluga-noble-celebration\\\/#primaryimage\"},\"image\":{\"@id\":\"https:\\\/\\\/richter.ceo\\\/coxs\\\/produkt\\\/beluga-noble-celebration\\\/#primaryimage\"},\"thumbnailUrl\":\"https:\\\/\\\/richter.ceo\\\/coxs\\\/wp-content\\\/uploads\\\/sites\\\/4\\\/2025\\\/05\\\/3315_beluga_celebration_1_5l.jpg\",\"datePublished\":\"2025-05-10T22:08:30+00:00\",\"dateModified\":\"2025-05-11T01:33:37+00:00\",\"description\":\"Tato limitovan\u00e1 edice ultrapr\u00e9miov\u00e9 vodky Beluga je inspirovan\u00e1 v\u00fdjime\u010dn\u011b dlouhou histori\u00ed destilerie ve m\u011bst\u011b Mariinsk, je\u017e v roce 2015 oslavila v\u00fdro\u010d\u00ed\",\"breadcrumb\":{\"@id\":\"https:\\\/\\\/richter.ceo\\\/coxs\\\/produkt\\\/beluga-noble-celebration\\\/#breadcrumb\"},\"inLanguage\":\"cs\",\"potentialAction\":[{\"@type\":\"ReadAction\",\"target\":[\"https:\\\/\\\/richter.ceo\\\/coxs\\\/produkt\\\/beluga-noble-celebration\\\/\"]}]},{\"@type\":\"ImageObject\",\"inLanguage\":\"cs\",\"@id\":\"https:\\\/\\\/richter.ceo\\\/coxs\\\/produkt\\\/beluga-noble-celebration\\\/#primaryimage\",\"url\":\"https:\\\/\\\/richter.ceo\\\/coxs\\\/wp-content\\\/uploads\\\/sites\\\/4\\\/2025\\\/05\\\/3315_beluga_celebration_1_5l.jpg\",\"contentUrl\":\"https:\\\/\\\/richter.ceo\\\/coxs\\\/wp-content\\\/uploads\\\/sites\\\/4\\\/2025\\\/05\\\/3315_beluga_celebration_1_5l.jpg\",\"width\":600,\"height\":711,\"caption\":\"COXS CLUB\"},{\"@type\":\"BreadcrumbList\",\"@id\":\"https:\\\/\\\/richter.ceo\\\/coxs\\\/produkt\\\/beluga-noble-celebration\\\/#breadcrumb\",\"itemListElement\":[{\"@type\":\"ListItem\",\"position\":1,\"name\":\"Dom\u016f\",\"item\":\"https:\\\/\\\/richter.ceo\\\/coxs\\\/\"},{\"@type\":\"ListItem\",\"position\":2,\"name\":\"N\u00c1POJE\",\"item\":\"https:\\\/\\\/richter.ceo\\\/coxs\\\/en\\\/napoje\\\/\"},{\"@type\":\"ListItem\",\"position\":3,\"name\":\"Beluga Noble Celebration\"}]},{\"@type\":\"WebSite\",\"@id\":\"https:\\\/\\\/richter.ceo\\\/coxs\\\/en\\\/#website\",\"url\":\"https:\\\/\\\/richter.ceo\\\/coxs\\\/en\\\/\",\"name\":\"COXS CLUB\",\"description\":\"Beton a Rum\",\"publisher\":{\"@id\":\"https:\\\/\\\/richter.ceo\\\/coxs\\\/en\\\/#organization\"},\"potentialAction\":[{\"@type\":\"SearchAction\",\"target\":{\"@type\":\"EntryPoint\",\"urlTemplate\":\"https:\\\/\\\/richter.ceo\\\/coxs\\\/en\\\/?s={search_term_string}\"},\"query-input\":{\"@type\":\"PropertyValueSpecification\",\"valueRequired\":true,\"valueName\":\"search_term_string\"}}],\"inLanguage\":\"cs\"},{\"@type\":\"Organization\",\"@id\":\"https:\\\/\\\/richter.ceo\\\/coxs\\\/en\\\/#organization\",\"name\":\"COXS CLUB\",\"url\":\"https:\\\/\\\/richter.ceo\\\/coxs\\\/en\\\/\",\"logo\":{\"@type\":\"ImageObject\",\"inLanguage\":\"cs\",\"@id\":\"https:\\\/\\\/richter.ceo\\\/coxs\\\/en\\\/#\\\/schema\\\/logo\\\/image\\\/\",\"url\":\"http:\\\/\\\/richter.ceo\\\/coxs\\\/wp-content\\\/uploads\\\/sites\\\/4\\\/2025\\\/05\\\/FAVICON-dark.webp\",\"contentUrl\":\"http:\\\/\\\/richter.ceo\\\/coxs\\\/wp-content\\\/uploads\\\/sites\\\/4\\\/2025\\\/05\\\/FAVICON-dark.webp\",\"width\":512,\"height\":512,\"caption\":\"COXS CLUB\"},\"image\":{\"@id\":\"https:\\\/\\\/richter.ceo\\\/coxs\\\/en\\\/#\\\/schema\\\/logo\\\/image\\\/\"},\"sameAs\":[\"https:\\\/\\\/www.facebook.com\\\/profile.php?id=100088204002615\",\"https:\\\/\\\/www.instagram.com\\\/coxs_coxs\\\/\"]}]}<\/script>\n<!-- \/ Yoast SEO plugin. -->","yoast_head_json":{"title":"Beluga Noble Celebration","description":"Tato limitovan\u00e1 edice ultrapr\u00e9miov\u00e9 vodky Beluga je inspirovan\u00e1 v\u00fdjime\u010dn\u011b dlouhou histori\u00ed destilerie ve m\u011bst\u011b Mariinsk, je\u017e v roce 2015 oslavila v\u00fdro\u010d\u00ed","robots":{"index":"index","follow":"follow","max-snippet":"max-snippet:-1","max-image-preview":"max-image-preview:large","max-video-preview":"max-video-preview:-1"},"canonical":"https:\/\/richter.ceo\/coxs\/produkt\/beluga-noble-celebration\/","og_locale":"cs_CZ","og_type":"article","og_title":"Beluga Noble Celebration","og_description":"Tato limitovan\u00e1 edice ultrapr\u00e9miov\u00e9 vodky Beluga je inspirovan\u00e1 v\u00fdjime\u010dn\u011b dlouhou histori\u00ed destilerie ve m\u011bst\u011b Mariinsk, je\u017e v roce 2015 oslavila v\u00fdro\u010d\u00ed","og_url":"https:\/\/richter.ceo\/coxs\/produkt\/beluga-noble-celebration\/","og_site_name":"COXS CLUB","article_publisher":"https:\/\/www.facebook.com\/profile.php?id=100088204002615","article_modified_time":"2025-05-11T01:33:37+00:00","og_image":[{"width":600,"height":711,"url":"https:\/\/richter.ceo\/coxs\/wp-content\/uploads\/sites\/4\/2025\/05\/3315_beluga_celebration_1_5l.jpg","type":"image\/jpeg"}],"twitter_card":"summary_large_image","twitter_misc":{"Odhadovan\u00e1 doba \u010dten\u00ed":"1 minuta"},"schema":{"@context":"https:\/\/schema.org","@graph":[{"@type":"WebPage","@id":"https:\/\/richter.ceo\/coxs\/produkt\/beluga-noble-celebration\/","url":"https:\/\/richter.ceo\/coxs\/produkt\/beluga-noble-celebration\/","name":"Beluga Noble Celebration","isPartOf":{"@id":"https:\/\/richter.ceo\/coxs\/en\/#website"},"primaryImageOfPage":{"@id":"https:\/\/richter.ceo\/coxs\/produkt\/beluga-noble-celebration\/#primaryimage"},"image":{"@id":"https:\/\/richter.ceo\/coxs\/produkt\/beluga-noble-celebration\/#primaryimage"},"thumbnailUrl":"https:\/\/richter.ceo\/coxs\/wp-content\/uploads\/sites\/4\/2025\/05\/3315_beluga_celebration_1_5l.jpg","datePublished":"2025-05-10T22:08:30+00:00","dateModified":"2025-05-11T01:33:37+00:00","description":"Tato limitovan\u00e1 edice ultrapr\u00e9miov\u00e9 vodky Beluga je inspirovan\u00e1 v\u00fdjime\u010dn\u011b dlouhou histori\u00ed destilerie ve m\u011bst\u011b Mariinsk, je\u017e v roce 2015 oslavila v\u00fdro\u010d\u00ed","breadcrumb":{"@id":"https:\/\/richter.ceo\/coxs\/produkt\/beluga-noble-celebration\/#breadcrumb"},"inLanguage":"cs","potentialAction":[{"@type":"ReadAction","target":["https:\/\/richter.ceo\/coxs\/produkt\/beluga-noble-celebration\/"]}]},{"@type":"ImageObject","inLanguage":"cs","@id":"https:\/\/richter.ceo\/coxs\/produkt\/beluga-noble-celebration\/#primaryimage","url":"https:\/\/richter.ceo\/coxs\/wp-content\/uploads\/sites\/4\/2025\/05\/3315_beluga_celebration_1_5l.jpg","contentUrl":"https:\/\/richter.ceo\/coxs\/wp-content\/uploads\/sites\/4\/2025\/05\/3315_beluga_celebration_1_5l.jpg","width":600,"height":711,"caption":"COXS CLUB"},{"@type":"BreadcrumbList","@id":"https:\/\/richter.ceo\/coxs\/produkt\/beluga-noble-celebration\/#breadcrumb","itemListElement":[{"@type":"ListItem","position":1,"name":"Dom\u016f","item":"https:\/\/richter.ceo\/coxs\/"},{"@type":"ListItem","position":2,"name":"N\u00c1POJE","item":"https:\/\/richter.ceo\/coxs\/en\/napoje\/"},{"@type":"ListItem","position":3,"name":"Beluga Noble Celebration"}]},{"@type":"WebSite","@id":"https:\/\/richter.ceo\/coxs\/en\/#website","url":"https:\/\/richter.ceo\/coxs\/en\/","name":"COXS CLUB","description":"Beton a Rum","publisher":{"@id":"https:\/\/richter.ceo\/coxs\/en\/#organization"},"potentialAction":[{"@type":"SearchAction","target":{"@type":"EntryPoint","urlTemplate":"https:\/\/richter.ceo\/coxs\/en\/?s={search_term_string}"},"query-input":{"@type":"PropertyValueSpecification","valueRequired":true,"valueName":"search_term_string"}}],"inLanguage":"cs"},{"@type":"Organization","@id":"https:\/\/richter.ceo\/coxs\/en\/#organization","name":"COXS CLUB","url":"https:\/\/richter.ceo\/coxs\/en\/","logo":{"@type":"ImageObject","inLanguage":"cs","@id":"https:\/\/richter.ceo\/coxs\/en\/#\/schema\/logo\/image\/","url":"http:\/\/richter.ceo\/coxs\/wp-content\/uploads\/sites\/4\/2025\/05\/FAVICON-dark.webp","contentUrl":"http:\/\/richter.ceo\/coxs\/wp-content\/uploads\/sites\/4\/2025\/05\/FAVICON-dark.webp","width":512,"height":512,"caption":"COXS CLUB"},"image":{"@id":"https:\/\/richter.ceo\/coxs\/en\/#\/schema\/logo\/image\/"},"sameAs":["https:\/\/www.facebook.com\/profile.php?id=100088204002615","https:\/\/www.instagram.com\/coxs_coxs\/"]}]}},"_links":{"self":[{"href":"https:\/\/richter.ceo\/coxs\/wp-json\/wp\/v2\/product\/490","targetHints":{"allow":["GET"]}}],"collection":[{"href":"https:\/\/richter.ceo\/coxs\/wp-json\/wp\/v2\/product"}],"about":[{"href":"https:\/\/richter.ceo\/coxs\/wp-json\/wp\/v2\/types\/product"}],"wp:featuredmedia":[{"embeddable":true,"href":"https:\/\/richter.ceo\/coxs\/wp-json\/wp\/v2\/media\/492"}],"wp:attachment":[{"href":"https:\/\/richter.ceo\/coxs\/wp-json\/wp\/v2\/media?parent=490"}],"wp:term":[{"taxonomy":"product_brand","embeddable":true,"href":"https:\/\/richter.ceo\/coxs\/wp-json\/wp\/v2\/product_brand?post=490"},{"taxonomy":"product_cat","embeddable":true,"href":"https:\/\/richter.ceo\/coxs\/wp-json\/wp\/v2\/product_cat?post=490"},{"taxonomy":"product_tag","embeddable":true,"href":"https:\/\/richter.ceo\/coxs\/wp-json\/wp\/v2\/product_tag?post=490"}],"curies":[{"name":"wp","href":"https:\/\/api.w.org\/{rel}","templated":true}]}}