{"id":683,"date":"2025-05-11T04:54:12","date_gmt":"2025-05-11T02:54:12","guid":{"rendered":"https:\/\/richter.ceo\/coxsclub\/?post_type=product&#038;p=683"},"modified":"2025-05-11T04:54:12","modified_gmt":"2025-05-11T02:54:12","slug":"brokers","status":"publish","type":"product","link":"https:\/\/richter.ceo\/coxs\/produkt\/brokers\/","title":{"rendered":"Broker\u00b4s"},"content":{"rendered":"<div class=\"elementor-column elementor-col-50 elementor-inner-column elementor-element elementor-element-df5ea97\" data-id=\"df5ea97\" data-element_type=\"column\">\n<div class=\"elementor-widget-wrap elementor-element-populated\">\n<div class=\"elementor-element elementor-element-5f45f876 elementor-widget elementor-widget-woocommerce-product-short-description\" data-id=\"5f45f876\" data-element_type=\"widget\" data-widget_type=\"woocommerce-product-short-description.default\">\n<div class=\"elementor-widget-container\">\n<div class=\"woocommerce-product-details__short-description\">\n<p>Broker\u2019s Gin uvedli na trh brat\u0159i Martin a Andy Dawsonovi na konci 90. let. Broker\u2019s Gin je vyr\u00e1b\u011bn na m\u011bd\u011bn\u00e9m kotl\u00edkov\u00e9m destila\u010dn\u00edm za\u0159\u00edzen\u00ed ve 200 let star\u00e9 destilerii v srdci Anglie. \u010cist\u00fd obiln\u00fd destil\u00e1t z anglick\u00e9 p\u0161enice je v\u00fdsledkem trojit\u00e9 destilace. P\u0159\u00edrodn\u00ed ingredience, tedy bylinky, ko\u0159en\u00ed a k\u016fry citrus\u016f jsou zdrojov\u00e1ny po cel\u00e9m sv\u011bt\u011b. Pou\u017e\u00edv\u00e1 se jich celkem deset: jalovec, sem\u00ednka koriandru, sko\u0159ice prav\u00e1, k\u016fra sko\u0159ice \u201ccassia\u201c, fialkov\u00fd ko\u0159en, ko\u0159en and\u011bliky l\u00e9ka\u0159sk\u00e9, mu\u0161k\u00e1tov\u00fd o\u0159\u00ed\u0161ek, l\u00e9ko\u0159ice, citr\u00f3nov\u00e1 k\u016fra a pomeran\u010dov\u00e1 k\u016fra. Jsou na 24 hodin ulo\u017eeny do obiln\u00e9ho destil\u00e1tu a n\u00e1sledn\u011b po\u010dtvrt\u00e9 destilov\u00e1ny.<\/p>\n<\/div>\n<\/div>\n<\/div>\n<\/div>\n<\/div>\n","protected":false},"excerpt":{"rendered":"<p>Broker\u2019s Gin uvedli na trh brat\u0159i Martin a Andy Dawsonovi na konci 90. let. Broker\u2019s Gin je vyr\u00e1b\u011bn na m\u011bd\u011bn\u00e9m kotl\u00edkov\u00e9m destila\u010dn\u00edm za\u0159\u00edzen\u00ed ve 200 let star\u00e9 destilerii v srdci Anglie. \u010cist\u00fd obiln\u00fd destil\u00e1t z anglick\u00e9 p\u0161enice je v\u00fdsledkem trojit\u00e9 destilace. P\u0159\u00edrodn\u00ed ingredience, tedy bylinky, ko\u0159en\u00ed a k\u016fry citrus\u016f jsou zdrojov\u00e1ny po cel\u00e9m sv\u011bt\u011b. Pou\u017e\u00edv\u00e1 [&hellip;]<\/p>\n","protected":false},"featured_media":684,"template":"","meta":{"_acf_changed":false},"product_brand":[31],"product_cat":[32],"product_tag":[],"class_list":{"0":"post-683","1":"product","2":"type-product","3":"status-publish","4":"has-post-thumbnail","6":"product_brand-brokers","7":"product_cat-gin","8":"pa_cena-za-004-l","9":"pa_obsah-alkoholu-21","10":"pa_zeme-anglie","12":"first","13":"instock","14":"shipping-taxable","15":"purchasable","16":"product-type-simple"},"acf":[],"yoast_head":"<!-- This site is optimized with the Yoast SEO plugin v27.5 - https:\/\/yoast.com\/product\/yoast-seo-wordpress\/ -->\n<title>Broker\u00b4s<\/title>\n<meta name=\"description\" content=\"Broker\u2019s Gin uvedli na trh brat\u0159i Martin a Andy Dawsonovi na konci 90. let. Broker\u2019s Gin je vyr\u00e1b\u011bn na m\u011bd\u011bn\u00e9m kotl\u00edkov\u00e9m destila\u010dn\u00edm za\u0159\u00edzen\u00ed ve 200 let\" \/>\n<meta name=\"robots\" content=\"index, follow, max-snippet:-1, max-image-preview:large, max-video-preview:-1\" \/>\n<link rel=\"canonical\" href=\"https:\/\/richter.ceo\/coxs\/product\/brokers\/\" \/>\n<meta property=\"og:locale\" content=\"cs_CZ\" \/>\n<meta property=\"og:type\" content=\"article\" \/>\n<meta property=\"og:title\" content=\"Broker\u00b4s\" \/>\n<meta property=\"og:description\" content=\"Broker\u2019s Gin uvedli na trh brat\u0159i Martin a Andy Dawsonovi na konci 90. let. Broker\u2019s Gin je vyr\u00e1b\u011bn na m\u011bd\u011bn\u00e9m kotl\u00edkov\u00e9m destila\u010dn\u00edm za\u0159\u00edzen\u00ed ve 200 let\" \/>\n<meta property=\"og:url\" content=\"https:\/\/richter.ceo\/coxs\/product\/brokers\/\" \/>\n<meta property=\"og:site_name\" content=\"COXS CLUB\" \/>\n<meta property=\"article:publisher\" content=\"https:\/\/www.facebook.com\/profile.php?id=100088204002615\" \/>\n<meta property=\"og:image\" content=\"https:\/\/richter.ceo\/coxs\/wp-content\/uploads\/sites\/4\/2025\/05\/0724_broker_s_gin-1.jpg\" \/>\n\t<meta property=\"og:image:width\" content=\"600\" \/>\n\t<meta property=\"og:image:height\" content=\"711\" \/>\n\t<meta property=\"og:image:type\" content=\"image\/jpeg\" \/>\n<meta name=\"twitter:card\" content=\"summary_large_image\" \/>\n<meta name=\"twitter:label1\" content=\"Odhadovan\u00e1 doba \u010dten\u00ed\" \/>\n\t<meta name=\"twitter:data1\" content=\"1 minuta\" \/>\n<script type=\"application\/ld+json\" class=\"yoast-schema-graph\">{\"@context\":\"https:\\\/\\\/schema.org\",\"@graph\":[{\"@type\":\"WebPage\",\"@id\":\"https:\\\/\\\/richter.ceo\\\/coxs\\\/en\\\/product\\\/brokers\\\/\",\"url\":\"https:\\\/\\\/richter.ceo\\\/coxs\\\/en\\\/product\\\/brokers\\\/\",\"name\":\"Broker\u00b4s\",\"isPartOf\":{\"@id\":\"https:\\\/\\\/richter.ceo\\\/coxs\\\/en\\\/#website\"},\"primaryImageOfPage\":{\"@id\":\"https:\\\/\\\/richter.ceo\\\/coxs\\\/en\\\/product\\\/brokers\\\/#primaryimage\"},\"image\":{\"@id\":\"https:\\\/\\\/richter.ceo\\\/coxs\\\/en\\\/product\\\/brokers\\\/#primaryimage\"},\"thumbnailUrl\":\"https:\\\/\\\/richter.ceo\\\/coxs\\\/wp-content\\\/uploads\\\/sites\\\/4\\\/2025\\\/05\\\/0724_broker_s_gin-1.jpg\",\"datePublished\":\"2025-05-11T02:54:12+00:00\",\"description\":\"Broker\u2019s Gin uvedli na trh brat\u0159i Martin a Andy Dawsonovi na konci 90. let. Broker\u2019s Gin je vyr\u00e1b\u011bn na m\u011bd\u011bn\u00e9m kotl\u00edkov\u00e9m destila\u010dn\u00edm za\u0159\u00edzen\u00ed ve 200 let\",\"breadcrumb\":{\"@id\":\"https:\\\/\\\/richter.ceo\\\/coxs\\\/en\\\/product\\\/brokers\\\/#breadcrumb\"},\"inLanguage\":\"cs\",\"potentialAction\":[{\"@type\":\"ReadAction\",\"target\":[\"https:\\\/\\\/richter.ceo\\\/coxs\\\/en\\\/product\\\/brokers\\\/\"]}]},{\"@type\":\"ImageObject\",\"inLanguage\":\"cs\",\"@id\":\"https:\\\/\\\/richter.ceo\\\/coxs\\\/en\\\/product\\\/brokers\\\/#primaryimage\",\"url\":\"https:\\\/\\\/richter.ceo\\\/coxs\\\/wp-content\\\/uploads\\\/sites\\\/4\\\/2025\\\/05\\\/0724_broker_s_gin-1.jpg\",\"contentUrl\":\"https:\\\/\\\/richter.ceo\\\/coxs\\\/wp-content\\\/uploads\\\/sites\\\/4\\\/2025\\\/05\\\/0724_broker_s_gin-1.jpg\",\"width\":600,\"height\":711,\"caption\":\"COXS CLUB\"},{\"@type\":\"BreadcrumbList\",\"@id\":\"https:\\\/\\\/richter.ceo\\\/coxs\\\/en\\\/product\\\/brokers\\\/#breadcrumb\",\"itemListElement\":[{\"@type\":\"ListItem\",\"position\":1,\"name\":\"Dom\u016f\",\"item\":\"https:\\\/\\\/richter.ceo\\\/coxs\\\/\"},{\"@type\":\"ListItem\",\"position\":2,\"name\":\"N\u00c1POJE\",\"item\":\"https:\\\/\\\/richter.ceo\\\/coxs\\\/en\\\/napoje\\\/\"},{\"@type\":\"ListItem\",\"position\":3,\"name\":\"Broker\u00b4s\"}]},{\"@type\":\"WebSite\",\"@id\":\"https:\\\/\\\/richter.ceo\\\/coxs\\\/en\\\/#website\",\"url\":\"https:\\\/\\\/richter.ceo\\\/coxs\\\/en\\\/\",\"name\":\"COXS CLUB\",\"description\":\"Beton a Rum\",\"publisher\":{\"@id\":\"https:\\\/\\\/richter.ceo\\\/coxs\\\/en\\\/#organization\"},\"potentialAction\":[{\"@type\":\"SearchAction\",\"target\":{\"@type\":\"EntryPoint\",\"urlTemplate\":\"https:\\\/\\\/richter.ceo\\\/coxs\\\/en\\\/?s={search_term_string}\"},\"query-input\":{\"@type\":\"PropertyValueSpecification\",\"valueRequired\":true,\"valueName\":\"search_term_string\"}}],\"inLanguage\":\"cs\"},{\"@type\":\"Organization\",\"@id\":\"https:\\\/\\\/richter.ceo\\\/coxs\\\/en\\\/#organization\",\"name\":\"COXS CLUB\",\"url\":\"https:\\\/\\\/richter.ceo\\\/coxs\\\/en\\\/\",\"logo\":{\"@type\":\"ImageObject\",\"inLanguage\":\"cs\",\"@id\":\"https:\\\/\\\/richter.ceo\\\/coxs\\\/en\\\/#\\\/schema\\\/logo\\\/image\\\/\",\"url\":\"http:\\\/\\\/richter.ceo\\\/coxs\\\/wp-content\\\/uploads\\\/sites\\\/4\\\/2025\\\/05\\\/FAVICON-dark.webp\",\"contentUrl\":\"http:\\\/\\\/richter.ceo\\\/coxs\\\/wp-content\\\/uploads\\\/sites\\\/4\\\/2025\\\/05\\\/FAVICON-dark.webp\",\"width\":512,\"height\":512,\"caption\":\"COXS CLUB\"},\"image\":{\"@id\":\"https:\\\/\\\/richter.ceo\\\/coxs\\\/en\\\/#\\\/schema\\\/logo\\\/image\\\/\"},\"sameAs\":[\"https:\\\/\\\/www.facebook.com\\\/profile.php?id=100088204002615\",\"https:\\\/\\\/www.instagram.com\\\/coxs_coxs\\\/\"]}]}<\/script>\n<!-- \/ Yoast SEO plugin. -->","yoast_head_json":{"title":"Broker\u00b4s","description":"Broker\u2019s Gin uvedli na trh brat\u0159i Martin a Andy Dawsonovi na konci 90. let. Broker\u2019s Gin je vyr\u00e1b\u011bn na m\u011bd\u011bn\u00e9m kotl\u00edkov\u00e9m destila\u010dn\u00edm za\u0159\u00edzen\u00ed ve 200 let","robots":{"index":"index","follow":"follow","max-snippet":"max-snippet:-1","max-image-preview":"max-image-preview:large","max-video-preview":"max-video-preview:-1"},"canonical":"https:\/\/richter.ceo\/coxs\/product\/brokers\/","og_locale":"cs_CZ","og_type":"article","og_title":"Broker\u00b4s","og_description":"Broker\u2019s Gin uvedli na trh brat\u0159i Martin a Andy Dawsonovi na konci 90. let. Broker\u2019s Gin je vyr\u00e1b\u011bn na m\u011bd\u011bn\u00e9m kotl\u00edkov\u00e9m destila\u010dn\u00edm za\u0159\u00edzen\u00ed ve 200 let","og_url":"https:\/\/richter.ceo\/coxs\/product\/brokers\/","og_site_name":"COXS CLUB","article_publisher":"https:\/\/www.facebook.com\/profile.php?id=100088204002615","og_image":[{"width":600,"height":711,"url":"https:\/\/richter.ceo\/coxs\/wp-content\/uploads\/sites\/4\/2025\/05\/0724_broker_s_gin-1.jpg","type":"image\/jpeg"}],"twitter_card":"summary_large_image","twitter_misc":{"Odhadovan\u00e1 doba \u010dten\u00ed":"1 minuta"},"schema":{"@context":"https:\/\/schema.org","@graph":[{"@type":"WebPage","@id":"https:\/\/richter.ceo\/coxs\/en\/product\/brokers\/","url":"https:\/\/richter.ceo\/coxs\/en\/product\/brokers\/","name":"Broker\u00b4s","isPartOf":{"@id":"https:\/\/richter.ceo\/coxs\/en\/#website"},"primaryImageOfPage":{"@id":"https:\/\/richter.ceo\/coxs\/en\/product\/brokers\/#primaryimage"},"image":{"@id":"https:\/\/richter.ceo\/coxs\/en\/product\/brokers\/#primaryimage"},"thumbnailUrl":"https:\/\/richter.ceo\/coxs\/wp-content\/uploads\/sites\/4\/2025\/05\/0724_broker_s_gin-1.jpg","datePublished":"2025-05-11T02:54:12+00:00","description":"Broker\u2019s Gin uvedli na trh brat\u0159i Martin a Andy Dawsonovi na konci 90. let. Broker\u2019s Gin je vyr\u00e1b\u011bn na m\u011bd\u011bn\u00e9m kotl\u00edkov\u00e9m destila\u010dn\u00edm za\u0159\u00edzen\u00ed ve 200 let","breadcrumb":{"@id":"https:\/\/richter.ceo\/coxs\/en\/product\/brokers\/#breadcrumb"},"inLanguage":"cs","potentialAction":[{"@type":"ReadAction","target":["https:\/\/richter.ceo\/coxs\/en\/product\/brokers\/"]}]},{"@type":"ImageObject","inLanguage":"cs","@id":"https:\/\/richter.ceo\/coxs\/en\/product\/brokers\/#primaryimage","url":"https:\/\/richter.ceo\/coxs\/wp-content\/uploads\/sites\/4\/2025\/05\/0724_broker_s_gin-1.jpg","contentUrl":"https:\/\/richter.ceo\/coxs\/wp-content\/uploads\/sites\/4\/2025\/05\/0724_broker_s_gin-1.jpg","width":600,"height":711,"caption":"COXS CLUB"},{"@type":"BreadcrumbList","@id":"https:\/\/richter.ceo\/coxs\/en\/product\/brokers\/#breadcrumb","itemListElement":[{"@type":"ListItem","position":1,"name":"Dom\u016f","item":"https:\/\/richter.ceo\/coxs\/"},{"@type":"ListItem","position":2,"name":"N\u00c1POJE","item":"https:\/\/richter.ceo\/coxs\/en\/napoje\/"},{"@type":"ListItem","position":3,"name":"Broker\u00b4s"}]},{"@type":"WebSite","@id":"https:\/\/richter.ceo\/coxs\/en\/#website","url":"https:\/\/richter.ceo\/coxs\/en\/","name":"COXS CLUB","description":"Beton a Rum","publisher":{"@id":"https:\/\/richter.ceo\/coxs\/en\/#organization"},"potentialAction":[{"@type":"SearchAction","target":{"@type":"EntryPoint","urlTemplate":"https:\/\/richter.ceo\/coxs\/en\/?s={search_term_string}"},"query-input":{"@type":"PropertyValueSpecification","valueRequired":true,"valueName":"search_term_string"}}],"inLanguage":"cs"},{"@type":"Organization","@id":"https:\/\/richter.ceo\/coxs\/en\/#organization","name":"COXS CLUB","url":"https:\/\/richter.ceo\/coxs\/en\/","logo":{"@type":"ImageObject","inLanguage":"cs","@id":"https:\/\/richter.ceo\/coxs\/en\/#\/schema\/logo\/image\/","url":"http:\/\/richter.ceo\/coxs\/wp-content\/uploads\/sites\/4\/2025\/05\/FAVICON-dark.webp","contentUrl":"http:\/\/richter.ceo\/coxs\/wp-content\/uploads\/sites\/4\/2025\/05\/FAVICON-dark.webp","width":512,"height":512,"caption":"COXS CLUB"},"image":{"@id":"https:\/\/richter.ceo\/coxs\/en\/#\/schema\/logo\/image\/"},"sameAs":["https:\/\/www.facebook.com\/profile.php?id=100088204002615","https:\/\/www.instagram.com\/coxs_coxs\/"]}]}},"_links":{"self":[{"href":"https:\/\/richter.ceo\/coxs\/wp-json\/wp\/v2\/product\/683","targetHints":{"allow":["GET"]}}],"collection":[{"href":"https:\/\/richter.ceo\/coxs\/wp-json\/wp\/v2\/product"}],"about":[{"href":"https:\/\/richter.ceo\/coxs\/wp-json\/wp\/v2\/types\/product"}],"wp:featuredmedia":[{"embeddable":true,"href":"https:\/\/richter.ceo\/coxs\/wp-json\/wp\/v2\/media\/684"}],"wp:attachment":[{"href":"https:\/\/richter.ceo\/coxs\/wp-json\/wp\/v2\/media?parent=683"}],"wp:term":[{"taxonomy":"product_brand","embeddable":true,"href":"https:\/\/richter.ceo\/coxs\/wp-json\/wp\/v2\/product_brand?post=683"},{"taxonomy":"product_cat","embeddable":true,"href":"https:\/\/richter.ceo\/coxs\/wp-json\/wp\/v2\/product_cat?post=683"},{"taxonomy":"product_tag","embeddable":true,"href":"https:\/\/richter.ceo\/coxs\/wp-json\/wp\/v2\/product_tag?post=683"}],"curies":[{"name":"wp","href":"https:\/\/api.w.org\/{rel}","templated":true}]}}