{"id":685,"date":"2025-05-11T21:25:04","date_gmt":"2025-05-11T19:25:04","guid":{"rendered":"https:\/\/richter.ceo\/coxsclub\/?post_type=product&#038;p=685"},"modified":"2025-05-12T00:41:44","modified_gmt":"2025-05-11T22:41:44","slug":"brokers-pink","status":"publish","type":"product","link":"https:\/\/richter.ceo\/coxs\/produkt\/brokers-pink\/","title":{"rendered":"Broker\u00b4s Pink"},"content":{"rendered":"<p>Broker\u2019s Pink Gin je obohacen o\u00a0delik\u00e1tn\u011b \u010derstv\u00e9 t\u00f3ny jahod, ale z\u00e1rove\u0148 si zachov\u00e1v\u00e1 typickou chu\u0165, pro kterou je zna\u010dka Broker\u2019s zn\u00e1m\u00e1. P\u0159i v\u00fdvoji t\u00e9to edice bylo c\u00edlem majitel\u016f ct\u00edt pov\u011bst sv\u00e9 zna\u010dky jako v\u00fdrobce pr\u00e9miov\u00e9ho ginu, kter\u00fd pro svou chu\u0165 posb\u00edral \u0159adu ocen\u011bn\u00ed z\u00a0presti\u017en\u00edch sout\u011b\u017e\u00ed. Necht\u011bli vytvo\u0159it ochucen\u00fd destil\u00e1t, ale gin v\u011brn\u00fd chu\u0165ov\u00e9mu profilu Broker\u2019s, kter\u00fd by se vyzna\u010doval \u010derstv\u00fdmi ovocn\u00fdmi t\u00f3ny, a\u00a0jeho\u017e chu\u0165 by odr\u00e1\u017eela i\u00a0klasick\u00e9 byliny, kter\u00e9 se p\u0159i jeho v\u00fdrob\u011b pou\u017e\u00edvaj\u00ed.<\/p>\n<p>&nbsp;<\/p>\n<p>Je to pr\u00e1v\u011b \u201eginov\u00fd\u201c chu\u0165ov\u00fd profil a\u00a0nesn\u00ed\u017een\u00fd obsah alkoholu 40\u00a0%, kter\u00fd Broker\u2019s Pink odli\u0161uj\u00ed od ostatn\u00edch gin\u016f podobn\u00e9ho typu. Broker\u2019s Pink Gin je jemn\u00fd, komplexn\u00ed, osv\u011b\u017euj\u00edc\u00ed gin s\u00a0patrn\u00fdmi t\u00f3ny tradi\u010dn\u00edch bylin, kter\u00e9 se snoub\u00ed s\u00a0kr\u00e1sn\u011b letn\u00edmi ovocn\u00fdmi t\u00f3ny jahod.<\/p>\n<p>&nbsp;<\/p>\n<div class=\"elementor-column elementor-col-50 elementor-inner-column elementor-element elementor-element-df5ea97\" data-id=\"df5ea97\" data-element_type=\"column\">\n<div class=\"elementor-widget-wrap elementor-element-populated\">\n<div class=\"elementor-element elementor-element-5f45f876 elementor-widget elementor-widget-woocommerce-product-short-description\" data-id=\"5f45f876\" data-element_type=\"widget\" data-widget_type=\"woocommerce-product-short-description.default\">\n<div class=\"elementor-widget-container\">\n<div class=\"woocommerce-product-details__short-description\">\n<div id=\"secondaryColumn\" class=\"page-column page-secondary-column\">\n<div id=\"description\" class=\"long-description wysiwyg-content\">\n<p>Broker\u2019s Gin se vyr\u00e1b\u00ed z anglick\u00e9 p\u0161enice na m\u011bd\u011bn\u00e9m kotl\u00edkov\u00e9m destila\u010dn\u00edm za\u0159\u00edzen\u00ed ve 200 let star\u00e9 destilerii v srdci Anglie. Po trojit\u00e9 destilaci je do destil\u00e1tu na 24 hodin ulo\u017eeno 10 p\u0159\u00edrodn\u00edch ingredienc\u00ed a n\u00e1sledn\u011b je gin po\u010dtvrt\u00e9 destilov\u00e1n. Recept je stejn\u011b star\u00fd jako destilerie sama: pou\u017e\u00edv\u00e1 se jalovec, and\u011blika, koriandr, mu\u0161k\u00e1tov\u00fd o\u0159\u00ed\u0161ek, sko\u0159ice prav\u00e1, l\u00e9ko\u0159ice, k\u016fra sko\u0159ice cassia, citronov\u00e1 k\u016fra, ko\u0159en kosatce a pomeran\u010dov\u00e1 k\u016fra. Broker\u2019s Pink Gin proch\u00e1z\u00ed stejn\u00fdm v\u00fdrobn\u00edm procesem, ale na z\u00e1v\u011br je je\u0161t\u011b m\u00edch\u00e1n s p\u0159\u00edrodn\u00ed esenc\u00ed jahod.<\/p>\n<\/div>\n<\/div>\n<\/div>\n<\/div>\n<\/div>\n<\/div>\n<\/div>\n","protected":false},"excerpt":{"rendered":"<p>Broker\u2019s Pink Gin je obohacen o\u00a0delik\u00e1tn\u011b \u010derstv\u00e9 t\u00f3ny jahod, ale z\u00e1rove\u0148 si zachov\u00e1v\u00e1 typickou chu\u0165, pro kterou je zna\u010dka Broker\u2019s zn\u00e1m\u00e1. P\u0159i v\u00fdvoji t\u00e9to edice bylo c\u00edlem majitel\u016f ct\u00edt pov\u011bst sv\u00e9 zna\u010dky jako v\u00fdrobce pr\u00e9miov\u00e9ho ginu, kter\u00fd pro svou chu\u0165 posb\u00edral \u0159adu ocen\u011bn\u00ed z\u00a0presti\u017en\u00edch sout\u011b\u017e\u00ed. Necht\u011bli vytvo\u0159it ochucen\u00fd destil\u00e1t, ale gin v\u011brn\u00fd chu\u0165ov\u00e9mu profilu Broker\u2019s, [&hellip;]<\/p>\n","protected":false},"featured_media":687,"template":"","meta":{"_acf_changed":false},"product_brand":[31],"product_cat":[32],"product_tag":[],"class_list":{"0":"post-685","1":"product","2":"type-product","3":"status-publish","4":"has-post-thumbnail","6":"product_brand-brokers","7":"product_cat-gin","8":"pa_cena-za-004-l","9":"pa_obsah-alkoholu-21","10":"pa_zeme-anglie","12":"first","13":"instock","14":"shipping-taxable","15":"purchasable","16":"product-type-simple"},"acf":[],"yoast_head":"<!-- This site is optimized with the Yoast SEO plugin v27.5 - https:\/\/yoast.com\/product\/yoast-seo-wordpress\/ -->\n<title>Broker\u00b4s Pink<\/title>\n<meta name=\"description\" content=\"Broker\u2019s Pink Gin je obohacen o\u00a0delik\u00e1tn\u011b \u010derstv\u00e9 t\u00f3ny jahod, ale z\u00e1rove\u0148 si zachov\u00e1v\u00e1 typickou chu\u0165, pro kterou je zna\u010dka Broker\u2019s zn\u00e1m\u00e1. P\u0159i v\u00fdvoji t\u00e9to\" \/>\n<meta name=\"robots\" content=\"index, follow, max-snippet:-1, max-image-preview:large, max-video-preview:-1\" \/>\n<link rel=\"canonical\" href=\"https:\/\/richter.ceo\/coxs\/product\/brokers-pink\/\" \/>\n<meta property=\"og:locale\" content=\"cs_CZ\" \/>\n<meta property=\"og:type\" content=\"article\" \/>\n<meta property=\"og:title\" content=\"Broker\u00b4s Pink\" \/>\n<meta property=\"og:description\" content=\"Broker\u2019s Pink Gin je obohacen o\u00a0delik\u00e1tn\u011b \u010derstv\u00e9 t\u00f3ny jahod, ale z\u00e1rove\u0148 si zachov\u00e1v\u00e1 typickou chu\u0165, pro kterou je zna\u010dka Broker\u2019s zn\u00e1m\u00e1. P\u0159i v\u00fdvoji t\u00e9to\" \/>\n<meta property=\"og:url\" content=\"https:\/\/richter.ceo\/coxs\/product\/brokers-pink\/\" \/>\n<meta property=\"og:site_name\" content=\"COXS CLUB\" \/>\n<meta property=\"article:publisher\" content=\"https:\/\/www.facebook.com\/profile.php?id=100088204002615\" \/>\n<meta property=\"article:modified_time\" content=\"2025-05-11T22:41:44+00:00\" \/>\n<meta property=\"og:image\" content=\"https:\/\/richter.ceo\/coxs\/wp-content\/uploads\/sites\/4\/2025\/05\/2560_brokers-_pink_gin.jpg\" \/>\n\t<meta property=\"og:image:width\" content=\"600\" \/>\n\t<meta property=\"og:image:height\" content=\"711\" \/>\n\t<meta property=\"og:image:type\" content=\"image\/jpeg\" \/>\n<meta name=\"twitter:card\" content=\"summary_large_image\" \/>\n<meta name=\"twitter:label1\" content=\"Odhadovan\u00e1 doba \u010dten\u00ed\" \/>\n\t<meta name=\"twitter:data1\" content=\"1 minuta\" \/>\n<script type=\"application\/ld+json\" class=\"yoast-schema-graph\">{\"@context\":\"https:\\\/\\\/schema.org\",\"@graph\":[{\"@type\":\"WebPage\",\"@id\":\"https:\\\/\\\/richter.ceo\\\/coxs\\\/en\\\/product\\\/brokers-pink\\\/\",\"url\":\"https:\\\/\\\/richter.ceo\\\/coxs\\\/en\\\/product\\\/brokers-pink\\\/\",\"name\":\"Broker\u00b4s Pink\",\"isPartOf\":{\"@id\":\"https:\\\/\\\/richter.ceo\\\/coxs\\\/en\\\/#website\"},\"primaryImageOfPage\":{\"@id\":\"https:\\\/\\\/richter.ceo\\\/coxs\\\/en\\\/product\\\/brokers-pink\\\/#primaryimage\"},\"image\":{\"@id\":\"https:\\\/\\\/richter.ceo\\\/coxs\\\/en\\\/product\\\/brokers-pink\\\/#primaryimage\"},\"thumbnailUrl\":\"https:\\\/\\\/richter.ceo\\\/coxs\\\/wp-content\\\/uploads\\\/sites\\\/4\\\/2025\\\/05\\\/2560_brokers-_pink_gin.jpg\",\"datePublished\":\"2025-05-11T19:25:04+00:00\",\"dateModified\":\"2025-05-11T22:41:44+00:00\",\"description\":\"Broker\u2019s Pink Gin je obohacen o\u00a0delik\u00e1tn\u011b \u010derstv\u00e9 t\u00f3ny jahod, ale z\u00e1rove\u0148 si zachov\u00e1v\u00e1 typickou chu\u0165, pro kterou je zna\u010dka Broker\u2019s zn\u00e1m\u00e1. P\u0159i v\u00fdvoji t\u00e9to\",\"breadcrumb\":{\"@id\":\"https:\\\/\\\/richter.ceo\\\/coxs\\\/en\\\/product\\\/brokers-pink\\\/#breadcrumb\"},\"inLanguage\":\"cs\",\"potentialAction\":[{\"@type\":\"ReadAction\",\"target\":[\"https:\\\/\\\/richter.ceo\\\/coxs\\\/en\\\/product\\\/brokers-pink\\\/\"]}]},{\"@type\":\"ImageObject\",\"inLanguage\":\"cs\",\"@id\":\"https:\\\/\\\/richter.ceo\\\/coxs\\\/en\\\/product\\\/brokers-pink\\\/#primaryimage\",\"url\":\"https:\\\/\\\/richter.ceo\\\/coxs\\\/wp-content\\\/uploads\\\/sites\\\/4\\\/2025\\\/05\\\/2560_brokers-_pink_gin.jpg\",\"contentUrl\":\"https:\\\/\\\/richter.ceo\\\/coxs\\\/wp-content\\\/uploads\\\/sites\\\/4\\\/2025\\\/05\\\/2560_brokers-_pink_gin.jpg\",\"width\":600,\"height\":711,\"caption\":\"COXS CLUB\"},{\"@type\":\"BreadcrumbList\",\"@id\":\"https:\\\/\\\/richter.ceo\\\/coxs\\\/en\\\/product\\\/brokers-pink\\\/#breadcrumb\",\"itemListElement\":[{\"@type\":\"ListItem\",\"position\":1,\"name\":\"Dom\u016f\",\"item\":\"https:\\\/\\\/richter.ceo\\\/coxs\\\/\"},{\"@type\":\"ListItem\",\"position\":2,\"name\":\"N\u00c1POJE\",\"item\":\"https:\\\/\\\/richter.ceo\\\/coxs\\\/en\\\/napoje\\\/\"},{\"@type\":\"ListItem\",\"position\":3,\"name\":\"Broker\u00b4s Pink\"}]},{\"@type\":\"WebSite\",\"@id\":\"https:\\\/\\\/richter.ceo\\\/coxs\\\/en\\\/#website\",\"url\":\"https:\\\/\\\/richter.ceo\\\/coxs\\\/en\\\/\",\"name\":\"COXS CLUB\",\"description\":\"Beton a Rum\",\"publisher\":{\"@id\":\"https:\\\/\\\/richter.ceo\\\/coxs\\\/en\\\/#organization\"},\"potentialAction\":[{\"@type\":\"SearchAction\",\"target\":{\"@type\":\"EntryPoint\",\"urlTemplate\":\"https:\\\/\\\/richter.ceo\\\/coxs\\\/en\\\/?s={search_term_string}\"},\"query-input\":{\"@type\":\"PropertyValueSpecification\",\"valueRequired\":true,\"valueName\":\"search_term_string\"}}],\"inLanguage\":\"cs\"},{\"@type\":\"Organization\",\"@id\":\"https:\\\/\\\/richter.ceo\\\/coxs\\\/en\\\/#organization\",\"name\":\"COXS CLUB\",\"url\":\"https:\\\/\\\/richter.ceo\\\/coxs\\\/en\\\/\",\"logo\":{\"@type\":\"ImageObject\",\"inLanguage\":\"cs\",\"@id\":\"https:\\\/\\\/richter.ceo\\\/coxs\\\/en\\\/#\\\/schema\\\/logo\\\/image\\\/\",\"url\":\"http:\\\/\\\/richter.ceo\\\/coxs\\\/wp-content\\\/uploads\\\/sites\\\/4\\\/2025\\\/05\\\/FAVICON-dark.webp\",\"contentUrl\":\"http:\\\/\\\/richter.ceo\\\/coxs\\\/wp-content\\\/uploads\\\/sites\\\/4\\\/2025\\\/05\\\/FAVICON-dark.webp\",\"width\":512,\"height\":512,\"caption\":\"COXS CLUB\"},\"image\":{\"@id\":\"https:\\\/\\\/richter.ceo\\\/coxs\\\/en\\\/#\\\/schema\\\/logo\\\/image\\\/\"},\"sameAs\":[\"https:\\\/\\\/www.facebook.com\\\/profile.php?id=100088204002615\",\"https:\\\/\\\/www.instagram.com\\\/coxs_coxs\\\/\"]}]}<\/script>\n<!-- \/ Yoast SEO plugin. -->","yoast_head_json":{"title":"Broker\u00b4s Pink","description":"Broker\u2019s Pink Gin je obohacen o\u00a0delik\u00e1tn\u011b \u010derstv\u00e9 t\u00f3ny jahod, ale z\u00e1rove\u0148 si zachov\u00e1v\u00e1 typickou chu\u0165, pro kterou je zna\u010dka Broker\u2019s zn\u00e1m\u00e1. P\u0159i v\u00fdvoji t\u00e9to","robots":{"index":"index","follow":"follow","max-snippet":"max-snippet:-1","max-image-preview":"max-image-preview:large","max-video-preview":"max-video-preview:-1"},"canonical":"https:\/\/richter.ceo\/coxs\/product\/brokers-pink\/","og_locale":"cs_CZ","og_type":"article","og_title":"Broker\u00b4s Pink","og_description":"Broker\u2019s Pink Gin je obohacen o\u00a0delik\u00e1tn\u011b \u010derstv\u00e9 t\u00f3ny jahod, ale z\u00e1rove\u0148 si zachov\u00e1v\u00e1 typickou chu\u0165, pro kterou je zna\u010dka Broker\u2019s zn\u00e1m\u00e1. P\u0159i v\u00fdvoji t\u00e9to","og_url":"https:\/\/richter.ceo\/coxs\/product\/brokers-pink\/","og_site_name":"COXS CLUB","article_publisher":"https:\/\/www.facebook.com\/profile.php?id=100088204002615","article_modified_time":"2025-05-11T22:41:44+00:00","og_image":[{"width":600,"height":711,"url":"https:\/\/richter.ceo\/coxs\/wp-content\/uploads\/sites\/4\/2025\/05\/2560_brokers-_pink_gin.jpg","type":"image\/jpeg"}],"twitter_card":"summary_large_image","twitter_misc":{"Odhadovan\u00e1 doba \u010dten\u00ed":"1 minuta"},"schema":{"@context":"https:\/\/schema.org","@graph":[{"@type":"WebPage","@id":"https:\/\/richter.ceo\/coxs\/en\/product\/brokers-pink\/","url":"https:\/\/richter.ceo\/coxs\/en\/product\/brokers-pink\/","name":"Broker\u00b4s Pink","isPartOf":{"@id":"https:\/\/richter.ceo\/coxs\/en\/#website"},"primaryImageOfPage":{"@id":"https:\/\/richter.ceo\/coxs\/en\/product\/brokers-pink\/#primaryimage"},"image":{"@id":"https:\/\/richter.ceo\/coxs\/en\/product\/brokers-pink\/#primaryimage"},"thumbnailUrl":"https:\/\/richter.ceo\/coxs\/wp-content\/uploads\/sites\/4\/2025\/05\/2560_brokers-_pink_gin.jpg","datePublished":"2025-05-11T19:25:04+00:00","dateModified":"2025-05-11T22:41:44+00:00","description":"Broker\u2019s Pink Gin je obohacen o\u00a0delik\u00e1tn\u011b \u010derstv\u00e9 t\u00f3ny jahod, ale z\u00e1rove\u0148 si zachov\u00e1v\u00e1 typickou chu\u0165, pro kterou je zna\u010dka Broker\u2019s zn\u00e1m\u00e1. P\u0159i v\u00fdvoji t\u00e9to","breadcrumb":{"@id":"https:\/\/richter.ceo\/coxs\/en\/product\/brokers-pink\/#breadcrumb"},"inLanguage":"cs","potentialAction":[{"@type":"ReadAction","target":["https:\/\/richter.ceo\/coxs\/en\/product\/brokers-pink\/"]}]},{"@type":"ImageObject","inLanguage":"cs","@id":"https:\/\/richter.ceo\/coxs\/en\/product\/brokers-pink\/#primaryimage","url":"https:\/\/richter.ceo\/coxs\/wp-content\/uploads\/sites\/4\/2025\/05\/2560_brokers-_pink_gin.jpg","contentUrl":"https:\/\/richter.ceo\/coxs\/wp-content\/uploads\/sites\/4\/2025\/05\/2560_brokers-_pink_gin.jpg","width":600,"height":711,"caption":"COXS CLUB"},{"@type":"BreadcrumbList","@id":"https:\/\/richter.ceo\/coxs\/en\/product\/brokers-pink\/#breadcrumb","itemListElement":[{"@type":"ListItem","position":1,"name":"Dom\u016f","item":"https:\/\/richter.ceo\/coxs\/"},{"@type":"ListItem","position":2,"name":"N\u00c1POJE","item":"https:\/\/richter.ceo\/coxs\/en\/napoje\/"},{"@type":"ListItem","position":3,"name":"Broker\u00b4s Pink"}]},{"@type":"WebSite","@id":"https:\/\/richter.ceo\/coxs\/en\/#website","url":"https:\/\/richter.ceo\/coxs\/en\/","name":"COXS CLUB","description":"Beton a Rum","publisher":{"@id":"https:\/\/richter.ceo\/coxs\/en\/#organization"},"potentialAction":[{"@type":"SearchAction","target":{"@type":"EntryPoint","urlTemplate":"https:\/\/richter.ceo\/coxs\/en\/?s={search_term_string}"},"query-input":{"@type":"PropertyValueSpecification","valueRequired":true,"valueName":"search_term_string"}}],"inLanguage":"cs"},{"@type":"Organization","@id":"https:\/\/richter.ceo\/coxs\/en\/#organization","name":"COXS CLUB","url":"https:\/\/richter.ceo\/coxs\/en\/","logo":{"@type":"ImageObject","inLanguage":"cs","@id":"https:\/\/richter.ceo\/coxs\/en\/#\/schema\/logo\/image\/","url":"http:\/\/richter.ceo\/coxs\/wp-content\/uploads\/sites\/4\/2025\/05\/FAVICON-dark.webp","contentUrl":"http:\/\/richter.ceo\/coxs\/wp-content\/uploads\/sites\/4\/2025\/05\/FAVICON-dark.webp","width":512,"height":512,"caption":"COXS CLUB"},"image":{"@id":"https:\/\/richter.ceo\/coxs\/en\/#\/schema\/logo\/image\/"},"sameAs":["https:\/\/www.facebook.com\/profile.php?id=100088204002615","https:\/\/www.instagram.com\/coxs_coxs\/"]}]}},"_links":{"self":[{"href":"https:\/\/richter.ceo\/coxs\/wp-json\/wp\/v2\/product\/685","targetHints":{"allow":["GET"]}}],"collection":[{"href":"https:\/\/richter.ceo\/coxs\/wp-json\/wp\/v2\/product"}],"about":[{"href":"https:\/\/richter.ceo\/coxs\/wp-json\/wp\/v2\/types\/product"}],"wp:featuredmedia":[{"embeddable":true,"href":"https:\/\/richter.ceo\/coxs\/wp-json\/wp\/v2\/media\/687"}],"wp:attachment":[{"href":"https:\/\/richter.ceo\/coxs\/wp-json\/wp\/v2\/media?parent=685"}],"wp:term":[{"taxonomy":"product_brand","embeddable":true,"href":"https:\/\/richter.ceo\/coxs\/wp-json\/wp\/v2\/product_brand?post=685"},{"taxonomy":"product_cat","embeddable":true,"href":"https:\/\/richter.ceo\/coxs\/wp-json\/wp\/v2\/product_cat?post=685"},{"taxonomy":"product_tag","embeddable":true,"href":"https:\/\/richter.ceo\/coxs\/wp-json\/wp\/v2\/product_tag?post=685"}],"curies":[{"name":"wp","href":"https:\/\/api.w.org\/{rel}","templated":true}]}}