{"id":800,"date":"2025-05-12T00:43:54","date_gmt":"2025-05-11T22:43:54","guid":{"rendered":"https:\/\/richter.ceo\/coxsclub\/?post_type=product&#038;p=800"},"modified":"2025-05-12T00:43:54","modified_gmt":"2025-05-11T22:43:54","slug":"generous-purple","status":"publish","type":"product","link":"https:\/\/richter.ceo\/coxs\/produkt\/generous-purple\/","title":{"rendered":"Generous Purple"},"content":{"rendered":"<p>Generous Gin Purple se neodli\u0161uje jen temn\u011b rub\u00ednovou barvou. Jako prvn\u00ed ve sv\u011bt\u011b ginu obsahuje polyfenoly a\u00a0antokyany, kter\u00e9 jsou extrahov\u00e1ny ze slupek hroznov\u00e9ho v\u00edna. Polyfenoly jsou molekuly, ze kter\u00fdch jsou slo\u017eeny taniny ve v\u00edn\u011b, antokyany zase tvo\u0159\u00ed texturu a\u00a0barvu \u010derven\u00e9ho v\u00edna. Zn\u00e1m\u00e9 jsou i\u00a0jako antioxidanty a\u00a0ginu dod\u00e1vaj\u00ed zaj\u00edmavou texturu, chu\u0165 a\u00a0barvu.<\/p>\n<p>&nbsp;<\/p>\n<p>Tento delik\u00e1tn\u00ed gin vynik\u00e1 jemn\u00fdm, such\u00fdm charakterem, jen\u017e se snoub\u00ed s\u00a0\u010derstvost\u00ed a\u00a0\u0161\u0165avnatost\u00ed r\u016f\u017eov\u00e9ho grepu.<\/p>\n<p>&nbsp;<\/p>\n<div class=\"elementor-column elementor-col-50 elementor-inner-column elementor-element elementor-element-df5ea97\" data-id=\"df5ea97\" data-element_type=\"column\">\n<div class=\"elementor-widget-wrap elementor-element-populated\">\n<div class=\"elementor-element elementor-element-5f45f876 elementor-widget elementor-widget-woocommerce-product-short-description\" data-id=\"5f45f876\" data-element_type=\"widget\" data-widget_type=\"woocommerce-product-short-description.default\">\n<div class=\"elementor-widget-container\">\n<div class=\"woocommerce-product-details__short-description\">\n<div id=\"secondaryColumn\" class=\"page-column page-secondary-column\">\n<div id=\"description\" class=\"long-description wysiwyg-content\">\n<div id=\"secondaryColumn\" class=\"page-column page-secondary-column\">\n<div id=\"description\" class=\"long-description wysiwyg-content\">\n<div id=\"secondaryColumn\" class=\"page-column page-secondary-column\">\n<div id=\"description\" class=\"long-description wysiwyg-content\">\n<p>Aroma se vyzna\u010duje t\u00f3ny r\u016f\u017eov\u00e9ho grepu a limety, spolu s jalovcem a \u010derstv\u011b mlet\u00fdm pep\u0159em. V chuti se projevuj\u00ed zejm\u00e9na t\u00f3ny r\u016f\u017eov\u00e9ho grepu a nep\u00e1lsk\u00e9ho pep\u0159e Timut, kter\u00e9 jsou vyv\u00e1\u017eeny typick\u00fdmi t\u00f3ny jalovce a jedine\u010dnou strukturou, kterou dod\u00e1vaj\u00ed antokyany.<\/p>\n<\/div>\n<\/div>\n<\/div>\n<\/div>\n<\/div>\n<\/div>\n<\/div>\n<\/div>\n<\/div>\n<\/div>\n<\/div>\n","protected":false},"excerpt":{"rendered":"<p>Generous Gin Purple se neodli\u0161uje jen temn\u011b rub\u00ednovou barvou. Jako prvn\u00ed ve sv\u011bt\u011b ginu obsahuje polyfenoly a\u00a0antokyany, kter\u00e9 jsou extrahov\u00e1ny ze slupek hroznov\u00e9ho v\u00edna. Polyfenoly jsou molekuly, ze kter\u00fdch jsou slo\u017eeny taniny ve v\u00edn\u011b, antokyany zase tvo\u0159\u00ed texturu a\u00a0barvu \u010derven\u00e9ho v\u00edna. Zn\u00e1m\u00e9 jsou i\u00a0jako antioxidanty a\u00a0ginu dod\u00e1vaj\u00ed zaj\u00edmavou texturu, chu\u0165 a\u00a0barvu. &nbsp; Tento delik\u00e1tn\u00ed gin [&hellip;]<\/p>\n","protected":false},"featured_media":690,"template":"","meta":{"_acf_changed":false},"product_brand":[39],"product_cat":[32],"product_tag":[],"class_list":{"0":"post-800","1":"product","2":"type-product","3":"status-publish","4":"has-post-thumbnail","6":"product_brand-generous","7":"product_cat-gin","8":"pa_cena-za-004-l","9":"pa_obsah-alkoholu-37","10":"pa_zeme-francie","12":"first","13":"instock","14":"shipping-taxable","15":"purchasable","16":"product-type-simple"},"acf":[],"yoast_head":"<!-- This site is optimized with the Yoast SEO plugin v27.5 - https:\/\/yoast.com\/product\/yoast-seo-wordpress\/ -->\n<title>Generous Purple<\/title>\n<meta name=\"description\" content=\"Generous Gin Purple se neodli\u0161uje jen temn\u011b rub\u00ednovou barvou. Jako prvn\u00ed ve sv\u011bt\u011b ginu obsahuje polyfenoly a\u00a0antokyany, kter\u00e9 jsou extrahov\u00e1ny ze slupek\" \/>\n<meta name=\"robots\" content=\"index, follow, max-snippet:-1, max-image-preview:large, max-video-preview:-1\" \/>\n<link rel=\"canonical\" href=\"https:\/\/richter.ceo\/coxs\/produkt\/generous-purple\/\" \/>\n<meta property=\"og:locale\" content=\"cs_CZ\" \/>\n<meta property=\"og:type\" content=\"article\" \/>\n<meta property=\"og:title\" content=\"Generous Purple\" \/>\n<meta property=\"og:description\" content=\"Generous Gin Purple se neodli\u0161uje jen temn\u011b rub\u00ednovou barvou. Jako prvn\u00ed ve sv\u011bt\u011b ginu obsahuje polyfenoly a\u00a0antokyany, kter\u00e9 jsou extrahov\u00e1ny ze slupek\" \/>\n<meta property=\"og:url\" content=\"https:\/\/richter.ceo\/coxs\/produkt\/generous-purple\/\" \/>\n<meta property=\"og:site_name\" content=\"COXS CLUB\" \/>\n<meta property=\"article:publisher\" content=\"https:\/\/www.facebook.com\/profile.php?id=100088204002615\" \/>\n<meta property=\"og:image\" content=\"https:\/\/richter.ceo\/coxs\/wp-content\/uploads\/sites\/4\/2025\/05\/3034_generous_gin_purple.jpg\" \/>\n\t<meta property=\"og:image:width\" content=\"600\" \/>\n\t<meta property=\"og:image:height\" content=\"711\" \/>\n\t<meta property=\"og:image:type\" content=\"image\/jpeg\" \/>\n<meta name=\"twitter:card\" content=\"summary_large_image\" \/>\n<meta name=\"twitter:label1\" content=\"Odhadovan\u00e1 doba \u010dten\u00ed\" \/>\n\t<meta name=\"twitter:data1\" content=\"1 minuta\" \/>\n<script type=\"application\/ld+json\" class=\"yoast-schema-graph\">{\"@context\":\"https:\\\/\\\/schema.org\",\"@graph\":[{\"@type\":\"WebPage\",\"@id\":\"https:\\\/\\\/richter.ceo\\\/coxs\\\/produkt\\\/generous-purple\\\/\",\"url\":\"https:\\\/\\\/richter.ceo\\\/coxs\\\/produkt\\\/generous-purple\\\/\",\"name\":\"Generous Purple\",\"isPartOf\":{\"@id\":\"https:\\\/\\\/richter.ceo\\\/coxs\\\/en\\\/#website\"},\"primaryImageOfPage\":{\"@id\":\"https:\\\/\\\/richter.ceo\\\/coxs\\\/produkt\\\/generous-purple\\\/#primaryimage\"},\"image\":{\"@id\":\"https:\\\/\\\/richter.ceo\\\/coxs\\\/produkt\\\/generous-purple\\\/#primaryimage\"},\"thumbnailUrl\":\"https:\\\/\\\/richter.ceo\\\/coxs\\\/wp-content\\\/uploads\\\/sites\\\/4\\\/2025\\\/05\\\/3034_generous_gin_purple.jpg\",\"datePublished\":\"2025-05-11T22:43:54+00:00\",\"description\":\"Generous Gin Purple se neodli\u0161uje jen temn\u011b rub\u00ednovou barvou. Jako prvn\u00ed ve sv\u011bt\u011b ginu obsahuje polyfenoly a\u00a0antokyany, kter\u00e9 jsou extrahov\u00e1ny ze slupek\",\"breadcrumb\":{\"@id\":\"https:\\\/\\\/richter.ceo\\\/coxs\\\/produkt\\\/generous-purple\\\/#breadcrumb\"},\"inLanguage\":\"cs\",\"potentialAction\":[{\"@type\":\"ReadAction\",\"target\":[\"https:\\\/\\\/richter.ceo\\\/coxs\\\/produkt\\\/generous-purple\\\/\"]}]},{\"@type\":\"ImageObject\",\"inLanguage\":\"cs\",\"@id\":\"https:\\\/\\\/richter.ceo\\\/coxs\\\/produkt\\\/generous-purple\\\/#primaryimage\",\"url\":\"https:\\\/\\\/richter.ceo\\\/coxs\\\/wp-content\\\/uploads\\\/sites\\\/4\\\/2025\\\/05\\\/3034_generous_gin_purple.jpg\",\"contentUrl\":\"https:\\\/\\\/richter.ceo\\\/coxs\\\/wp-content\\\/uploads\\\/sites\\\/4\\\/2025\\\/05\\\/3034_generous_gin_purple.jpg\",\"width\":600,\"height\":711,\"caption\":\"COXS CLUB\"},{\"@type\":\"BreadcrumbList\",\"@id\":\"https:\\\/\\\/richter.ceo\\\/coxs\\\/produkt\\\/generous-purple\\\/#breadcrumb\",\"itemListElement\":[{\"@type\":\"ListItem\",\"position\":1,\"name\":\"Dom\u016f\",\"item\":\"https:\\\/\\\/richter.ceo\\\/coxs\\\/\"},{\"@type\":\"ListItem\",\"position\":2,\"name\":\"N\u00c1POJE\",\"item\":\"https:\\\/\\\/richter.ceo\\\/coxs\\\/en\\\/napoje\\\/\"},{\"@type\":\"ListItem\",\"position\":3,\"name\":\"Generous Purple\"}]},{\"@type\":\"WebSite\",\"@id\":\"https:\\\/\\\/richter.ceo\\\/coxs\\\/en\\\/#website\",\"url\":\"https:\\\/\\\/richter.ceo\\\/coxs\\\/en\\\/\",\"name\":\"COXS CLUB\",\"description\":\"Beton a Rum\",\"publisher\":{\"@id\":\"https:\\\/\\\/richter.ceo\\\/coxs\\\/en\\\/#organization\"},\"potentialAction\":[{\"@type\":\"SearchAction\",\"target\":{\"@type\":\"EntryPoint\",\"urlTemplate\":\"https:\\\/\\\/richter.ceo\\\/coxs\\\/en\\\/?s={search_term_string}\"},\"query-input\":{\"@type\":\"PropertyValueSpecification\",\"valueRequired\":true,\"valueName\":\"search_term_string\"}}],\"inLanguage\":\"cs\"},{\"@type\":\"Organization\",\"@id\":\"https:\\\/\\\/richter.ceo\\\/coxs\\\/en\\\/#organization\",\"name\":\"COXS CLUB\",\"url\":\"https:\\\/\\\/richter.ceo\\\/coxs\\\/en\\\/\",\"logo\":{\"@type\":\"ImageObject\",\"inLanguage\":\"cs\",\"@id\":\"https:\\\/\\\/richter.ceo\\\/coxs\\\/en\\\/#\\\/schema\\\/logo\\\/image\\\/\",\"url\":\"http:\\\/\\\/richter.ceo\\\/coxs\\\/wp-content\\\/uploads\\\/sites\\\/4\\\/2025\\\/05\\\/FAVICON-dark.webp\",\"contentUrl\":\"http:\\\/\\\/richter.ceo\\\/coxs\\\/wp-content\\\/uploads\\\/sites\\\/4\\\/2025\\\/05\\\/FAVICON-dark.webp\",\"width\":512,\"height\":512,\"caption\":\"COXS CLUB\"},\"image\":{\"@id\":\"https:\\\/\\\/richter.ceo\\\/coxs\\\/en\\\/#\\\/schema\\\/logo\\\/image\\\/\"},\"sameAs\":[\"https:\\\/\\\/www.facebook.com\\\/profile.php?id=100088204002615\",\"https:\\\/\\\/www.instagram.com\\\/coxs_coxs\\\/\"]}]}<\/script>\n<!-- \/ Yoast SEO plugin. -->","yoast_head_json":{"title":"Generous Purple","description":"Generous Gin Purple se neodli\u0161uje jen temn\u011b rub\u00ednovou barvou. Jako prvn\u00ed ve sv\u011bt\u011b ginu obsahuje polyfenoly a\u00a0antokyany, kter\u00e9 jsou extrahov\u00e1ny ze slupek","robots":{"index":"index","follow":"follow","max-snippet":"max-snippet:-1","max-image-preview":"max-image-preview:large","max-video-preview":"max-video-preview:-1"},"canonical":"https:\/\/richter.ceo\/coxs\/produkt\/generous-purple\/","og_locale":"cs_CZ","og_type":"article","og_title":"Generous Purple","og_description":"Generous Gin Purple se neodli\u0161uje jen temn\u011b rub\u00ednovou barvou. Jako prvn\u00ed ve sv\u011bt\u011b ginu obsahuje polyfenoly a\u00a0antokyany, kter\u00e9 jsou extrahov\u00e1ny ze slupek","og_url":"https:\/\/richter.ceo\/coxs\/produkt\/generous-purple\/","og_site_name":"COXS CLUB","article_publisher":"https:\/\/www.facebook.com\/profile.php?id=100088204002615","og_image":[{"width":600,"height":711,"url":"https:\/\/richter.ceo\/coxs\/wp-content\/uploads\/sites\/4\/2025\/05\/3034_generous_gin_purple.jpg","type":"image\/jpeg"}],"twitter_card":"summary_large_image","twitter_misc":{"Odhadovan\u00e1 doba \u010dten\u00ed":"1 minuta"},"schema":{"@context":"https:\/\/schema.org","@graph":[{"@type":"WebPage","@id":"https:\/\/richter.ceo\/coxs\/produkt\/generous-purple\/","url":"https:\/\/richter.ceo\/coxs\/produkt\/generous-purple\/","name":"Generous Purple","isPartOf":{"@id":"https:\/\/richter.ceo\/coxs\/en\/#website"},"primaryImageOfPage":{"@id":"https:\/\/richter.ceo\/coxs\/produkt\/generous-purple\/#primaryimage"},"image":{"@id":"https:\/\/richter.ceo\/coxs\/produkt\/generous-purple\/#primaryimage"},"thumbnailUrl":"https:\/\/richter.ceo\/coxs\/wp-content\/uploads\/sites\/4\/2025\/05\/3034_generous_gin_purple.jpg","datePublished":"2025-05-11T22:43:54+00:00","description":"Generous Gin Purple se neodli\u0161uje jen temn\u011b rub\u00ednovou barvou. Jako prvn\u00ed ve sv\u011bt\u011b ginu obsahuje polyfenoly a\u00a0antokyany, kter\u00e9 jsou extrahov\u00e1ny ze slupek","breadcrumb":{"@id":"https:\/\/richter.ceo\/coxs\/produkt\/generous-purple\/#breadcrumb"},"inLanguage":"cs","potentialAction":[{"@type":"ReadAction","target":["https:\/\/richter.ceo\/coxs\/produkt\/generous-purple\/"]}]},{"@type":"ImageObject","inLanguage":"cs","@id":"https:\/\/richter.ceo\/coxs\/produkt\/generous-purple\/#primaryimage","url":"https:\/\/richter.ceo\/coxs\/wp-content\/uploads\/sites\/4\/2025\/05\/3034_generous_gin_purple.jpg","contentUrl":"https:\/\/richter.ceo\/coxs\/wp-content\/uploads\/sites\/4\/2025\/05\/3034_generous_gin_purple.jpg","width":600,"height":711,"caption":"COXS CLUB"},{"@type":"BreadcrumbList","@id":"https:\/\/richter.ceo\/coxs\/produkt\/generous-purple\/#breadcrumb","itemListElement":[{"@type":"ListItem","position":1,"name":"Dom\u016f","item":"https:\/\/richter.ceo\/coxs\/"},{"@type":"ListItem","position":2,"name":"N\u00c1POJE","item":"https:\/\/richter.ceo\/coxs\/en\/napoje\/"},{"@type":"ListItem","position":3,"name":"Generous Purple"}]},{"@type":"WebSite","@id":"https:\/\/richter.ceo\/coxs\/en\/#website","url":"https:\/\/richter.ceo\/coxs\/en\/","name":"COXS CLUB","description":"Beton a Rum","publisher":{"@id":"https:\/\/richter.ceo\/coxs\/en\/#organization"},"potentialAction":[{"@type":"SearchAction","target":{"@type":"EntryPoint","urlTemplate":"https:\/\/richter.ceo\/coxs\/en\/?s={search_term_string}"},"query-input":{"@type":"PropertyValueSpecification","valueRequired":true,"valueName":"search_term_string"}}],"inLanguage":"cs"},{"@type":"Organization","@id":"https:\/\/richter.ceo\/coxs\/en\/#organization","name":"COXS CLUB","url":"https:\/\/richter.ceo\/coxs\/en\/","logo":{"@type":"ImageObject","inLanguage":"cs","@id":"https:\/\/richter.ceo\/coxs\/en\/#\/schema\/logo\/image\/","url":"http:\/\/richter.ceo\/coxs\/wp-content\/uploads\/sites\/4\/2025\/05\/FAVICON-dark.webp","contentUrl":"http:\/\/richter.ceo\/coxs\/wp-content\/uploads\/sites\/4\/2025\/05\/FAVICON-dark.webp","width":512,"height":512,"caption":"COXS CLUB"},"image":{"@id":"https:\/\/richter.ceo\/coxs\/en\/#\/schema\/logo\/image\/"},"sameAs":["https:\/\/www.facebook.com\/profile.php?id=100088204002615","https:\/\/www.instagram.com\/coxs_coxs\/"]}]}},"_links":{"self":[{"href":"https:\/\/richter.ceo\/coxs\/wp-json\/wp\/v2\/product\/800","targetHints":{"allow":["GET"]}}],"collection":[{"href":"https:\/\/richter.ceo\/coxs\/wp-json\/wp\/v2\/product"}],"about":[{"href":"https:\/\/richter.ceo\/coxs\/wp-json\/wp\/v2\/types\/product"}],"wp:featuredmedia":[{"embeddable":true,"href":"https:\/\/richter.ceo\/coxs\/wp-json\/wp\/v2\/media\/690"}],"wp:attachment":[{"href":"https:\/\/richter.ceo\/coxs\/wp-json\/wp\/v2\/media?parent=800"}],"wp:term":[{"taxonomy":"product_brand","embeddable":true,"href":"https:\/\/richter.ceo\/coxs\/wp-json\/wp\/v2\/product_brand?post=800"},{"taxonomy":"product_cat","embeddable":true,"href":"https:\/\/richter.ceo\/coxs\/wp-json\/wp\/v2\/product_cat?post=800"},{"taxonomy":"product_tag","embeddable":true,"href":"https:\/\/richter.ceo\/coxs\/wp-json\/wp\/v2\/product_tag?post=800"}],"curies":[{"name":"wp","href":"https:\/\/api.w.org\/{rel}","templated":true}]}}