{"id":801,"date":"2025-05-12T00:47:05","date_gmt":"2025-05-11T22:47:05","guid":{"rendered":"https:\/\/richter.ceo\/coxsclub\/?post_type=product&#038;p=801"},"modified":"2025-05-12T00:50:44","modified_gmt":"2025-05-11T22:50:44","slug":"canaima","status":"publish","type":"product","link":"https:\/\/richter.ceo\/coxs\/produkt\/canaima\/","title":{"rendered":"Cana\u00efma"},"content":{"rendered":"<p>Cana\u00efma Gin je vyr\u00e1b\u011bn venezuelskou spole\u010dnost\u00ed Destiler\u00edas Unidas S.A., kter\u00e1 stoj\u00ed za produkc\u00ed oce\u0148ovan\u00fdch rum\u016f Diplom\u00e1tico. Mezi dlouhodob\u00e9 c\u00edle spole\u010dnosti pat\u0159\u00ed podpora m\u00edstn\u00ed komunity a\u00a0ochrana \u017eivotn\u00edho prost\u0159ed\u00ed s\u00a0d\u016frazem na udr\u017eiteln\u00fd rozvoj.<\/p>\n<p>&nbsp;<\/p>\n<p>Inspirac\u00ed pro vznik ginu byla panensk\u00e1 p\u0159\u00edroda v\u00a0amazonsk\u00fdch de\u0161tn\u00fdch pralesech, kter\u00e1 opl\u00fdv\u00e1 rozmanitou \u0161k\u00e1lou jedine\u010dn\u00fdch rostlin a\u00a0je dodnes ob\u00fdv\u00e1na etnikem zn\u00e1m\u00fdm jako P\u00e9mon. Tito domorodci zde \u017eij\u00ed v\u00a0souladu s\u00a0p\u0159\u00edrodou a\u00a0sv\u00e9 cenn\u00e9 poznatky si p\u0159ed\u00e1vaj\u00ed z\u00a0generace na generaci. Zat\u00edmco sv\u011bt um\u00ed pojmenovat jen 200 z\u00a03 000 druh\u016f ovoce nach\u00e1zej\u00edc\u00edho se v\u00a0Amazonii, oni je znaj\u00ed v\u0161echny. I\u00a0proto poch\u00e1z\u00ed 10 z\u00a019 ru\u010dn\u011b sb\u00edran\u00fdch botanicals pr\u00e1v\u011b z\u00a0Amazonie. Cana\u00efma vznik\u00e1 ve spolupr\u00e1ci s\u00a0t\u011bmito domorod\u00fdmi obyvateli, p\u0159i\u010dem\u017e 10\u00a0% z\u00a0prodeje p\u0159isp\u00edv\u00e1 k\u00a0revitalizaci p\u0159\u00edrodn\u00edch zdroj\u016f a\u00a0propagaci v\u00fdznamu domorod\u00fdch kmen\u016f.<\/p>\n<p>&nbsp;<\/p>\n<p>Z\u00e1kladem ginu Cana\u00efma je 19 botanicals, p\u0159i\u010dem\u017e jeho exotick\u00fd charakter je tvo\u0159en deseti obt\u00ed\u017en\u011b dosa\u017eiteln\u00fdmi botanicals, kter\u00e9 jsou ru\u010dn\u011b sb\u00edr\u00e1ny v\u00a0amazonsk\u00e9m pralese.\u00a0Tyto botanicals jsou macerov\u00e1ny i\u00a0destilov\u00e1ny separ\u00e1tn\u011b. Nejprve jsou ponech\u00e1ny v\u00a0neutr\u00e1ln\u00edm obiln\u00e9m lihu po dobu 2 a\u017e 7 dn\u016f, aby byly n\u00e1sledn\u011b destilov\u00e1ny v\u00a0tradi\u010dn\u00edm m\u011bd\u011bn\u00e9m kotl\u00edkov\u00e9m za\u0159\u00edzen\u00ed o\u00a0objemu 500 litr\u016f, kde cel\u00fd proces pe\u010dliv\u011b sleduje master distiller. Ten pak pro dosa\u017een\u00ed unik\u00e1tn\u00edho chu\u0165ov\u00e9ho profilu m\u00edch\u00e1 jednotliv\u00e9 destil\u00e1ty v\u00a0r\u016fzn\u00e9m pom\u011bru. V\u00fdsledkem je tak blend odkazuj\u00edc\u00ed ze 65\u00a0% na sv\u00e9 amazonsk\u00e9 ko\u0159eny.<\/p>\n<p>&nbsp;<\/p>\n<p><strong>Aroma:<\/strong>\u00a0po\u010d\u00e1te\u010dn\u00ed rovnov\u00e1hu mezi citrusovou a\u00a0zemitou v\u016fn\u00ed po chv\u00edli dopl\u0148uje jalovec, kter\u00fd p\u0159in\u00e1\u0161\u00ed spole\u010dn\u011b s\u00a0dal\u0161\u00edmi botanicals lehce ko\u0159enit\u00fd z\u00e1v\u011br.<\/p>\n<p><strong>Chu\u0165:<\/strong>\u00a0prvn\u00ed nastupuje lehk\u00e1 sladkost pomeran\u010dov\u00fdch k\u016fr a\u00a0tropick\u00e9ho ovoce, kterou vz\u00e1p\u011bt\u00ed vyst\u0159\u00eddaj\u00ed bylinn\u00e9 t\u00f3ny, p\u0159ech\u00e1zej\u00edc\u00ed v\u00a0plnou chu\u0165, kde se na pozad\u00ed klasick\u00e9ho ginu rozv\u00edj\u00ed exotick\u00e9 botanicals, jak\u00fdm je nap\u0159\u00edklad palmov\u00e9 seje p\u0159ipom\u00ednaj\u00edc\u00ed \u010dokol\u00e1du.<\/p>\n<div class=\"elementor-column elementor-col-50 elementor-inner-column elementor-element elementor-element-df5ea97\" data-id=\"df5ea97\" data-element_type=\"column\">\n<div class=\"elementor-widget-wrap elementor-element-populated\">\n<div class=\"elementor-element elementor-element-5f45f876 elementor-widget elementor-widget-woocommerce-product-short-description\" data-id=\"5f45f876\" data-element_type=\"widget\" data-widget_type=\"woocommerce-product-short-description.default\">\n<div class=\"elementor-widget-container\">\n<div class=\"woocommerce-product-details__short-description\">\n<div id=\"secondaryColumn\" class=\"page-column page-secondary-column\">\n<div id=\"description\" class=\"long-description wysiwyg-content\">\n<div id=\"secondaryColumn\" class=\"page-column page-secondary-column\">\n<div id=\"description\" class=\"long-description wysiwyg-content\">\n<div id=\"secondaryColumn\" class=\"page-column page-secondary-column\">\n<div id=\"description\" class=\"long-description wysiwyg-content\">\n<div id=\"secondaryColumn\" class=\"page-column page-secondary-column\">\n<div id=\"description\" class=\"long-description wysiwyg-content\">\n<p><strong>Zakon\u010den\u00ed:<\/strong> nasl\u00e1dl\u00e9 a\u00a0ko\u0159enit\u00e9 s\u00a0projevy pep\u0159e a\u00a0h\u0159ejiv\u00fdm dotekem sko\u0159ice, p\u0159esto z\u016fst\u00e1v\u00e1 gin jemn\u00fd.<\/p>\n<\/div>\n<\/div>\n<\/div>\n<\/div>\n<\/div>\n<\/div>\n<\/div>\n<\/div>\n<\/div>\n<\/div>\n<\/div>\n<\/div>\n<\/div>\n","protected":false},"excerpt":{"rendered":"<p>Cana\u00efma Gin je vyr\u00e1b\u011bn venezuelskou spole\u010dnost\u00ed Destiler\u00edas Unidas S.A., kter\u00e1 stoj\u00ed za produkc\u00ed oce\u0148ovan\u00fdch rum\u016f Diplom\u00e1tico. Mezi dlouhodob\u00e9 c\u00edle spole\u010dnosti pat\u0159\u00ed podpora m\u00edstn\u00ed komunity a\u00a0ochrana \u017eivotn\u00edho prost\u0159ed\u00ed s\u00a0d\u016frazem na udr\u017eiteln\u00fd rozvoj. &nbsp; Inspirac\u00ed pro vznik ginu byla panensk\u00e1 p\u0159\u00edroda v\u00a0amazonsk\u00fdch de\u0161tn\u00fdch pralesech, kter\u00e1 opl\u00fdv\u00e1 rozmanitou \u0161k\u00e1lou jedine\u010dn\u00fdch rostlin a\u00a0je dodnes ob\u00fdv\u00e1na etnikem zn\u00e1m\u00fdm jako P\u00e9mon. [&hellip;]<\/p>\n","protected":false},"featured_media":688,"template":"","meta":{"_acf_changed":false},"product_brand":[42],"product_cat":[32],"product_tag":[],"class_list":{"0":"post-801","1":"product","2":"type-product","3":"status-publish","4":"has-post-thumbnail","6":"product_brand-canaima","7":"product_cat-gin","8":"pa_cena-za-004-l","9":"pa_obsah-alkoholu-40","10":"pa_zeme-venezuela","12":"first","13":"instock","14":"shipping-taxable","15":"purchasable","16":"product-type-simple"},"acf":[],"yoast_head":"<!-- This site is optimized with the Yoast SEO plugin v27.5 - https:\/\/yoast.com\/product\/yoast-seo-wordpress\/ -->\n<title>Cana\u00efma<\/title>\n<meta name=\"description\" content=\"Cana\u00efma Gin je vyr\u00e1b\u011bn venezuelskou spole\u010dnost\u00ed Destiler\u00edas Unidas S.A., kter\u00e1 stoj\u00ed za produkc\u00ed oce\u0148ovan\u00fdch rum\u016f Diplom\u00e1tico. Mezi dlouhodob\u00e9 c\u00edle\" \/>\n<meta name=\"robots\" content=\"index, follow, max-snippet:-1, max-image-preview:large, max-video-preview:-1\" \/>\n<link rel=\"canonical\" href=\"https:\/\/richter.ceo\/coxs\/product\/canaima\/\" \/>\n<meta property=\"og:locale\" content=\"cs_CZ\" \/>\n<meta property=\"og:type\" content=\"article\" \/>\n<meta property=\"og:title\" content=\"Cana\u00efma\" \/>\n<meta property=\"og:description\" content=\"Cana\u00efma Gin je vyr\u00e1b\u011bn venezuelskou spole\u010dnost\u00ed Destiler\u00edas Unidas S.A., kter\u00e1 stoj\u00ed za produkc\u00ed oce\u0148ovan\u00fdch rum\u016f Diplom\u00e1tico. Mezi dlouhodob\u00e9 c\u00edle\" \/>\n<meta property=\"og:url\" content=\"https:\/\/richter.ceo\/coxs\/product\/canaima\/\" \/>\n<meta property=\"og:site_name\" content=\"COXS CLUB\" \/>\n<meta property=\"article:publisher\" content=\"https:\/\/www.facebook.com\/profile.php?id=100088204002615\" \/>\n<meta property=\"article:modified_time\" content=\"2025-05-11T22:50:44+00:00\" \/>\n<meta property=\"og:image\" content=\"https:\/\/richter.ceo\/coxs\/wp-content\/uploads\/sites\/4\/2025\/05\/2877_canaima.jpg\" \/>\n\t<meta property=\"og:image:width\" content=\"600\" \/>\n\t<meta property=\"og:image:height\" content=\"711\" \/>\n\t<meta property=\"og:image:type\" content=\"image\/jpeg\" \/>\n<meta name=\"twitter:card\" content=\"summary_large_image\" \/>\n<meta name=\"twitter:label1\" content=\"Odhadovan\u00e1 doba \u010dten\u00ed\" \/>\n\t<meta name=\"twitter:data1\" content=\"2 minuty\" \/>\n<script type=\"application\/ld+json\" class=\"yoast-schema-graph\">{\"@context\":\"https:\\\/\\\/schema.org\",\"@graph\":[{\"@type\":\"WebPage\",\"@id\":\"https:\\\/\\\/richter.ceo\\\/coxs\\\/en\\\/product\\\/canaima\\\/\",\"url\":\"https:\\\/\\\/richter.ceo\\\/coxs\\\/en\\\/product\\\/canaima\\\/\",\"name\":\"Cana\u00efma\",\"isPartOf\":{\"@id\":\"https:\\\/\\\/richter.ceo\\\/coxs\\\/en\\\/#website\"},\"primaryImageOfPage\":{\"@id\":\"https:\\\/\\\/richter.ceo\\\/coxs\\\/en\\\/product\\\/canaima\\\/#primaryimage\"},\"image\":{\"@id\":\"https:\\\/\\\/richter.ceo\\\/coxs\\\/en\\\/product\\\/canaima\\\/#primaryimage\"},\"thumbnailUrl\":\"https:\\\/\\\/richter.ceo\\\/coxs\\\/wp-content\\\/uploads\\\/sites\\\/4\\\/2025\\\/05\\\/2877_canaima.jpg\",\"datePublished\":\"2025-05-11T22:47:05+00:00\",\"dateModified\":\"2025-05-11T22:50:44+00:00\",\"description\":\"Cana\u00efma Gin je vyr\u00e1b\u011bn venezuelskou spole\u010dnost\u00ed Destiler\u00edas Unidas S.A., kter\u00e1 stoj\u00ed za produkc\u00ed oce\u0148ovan\u00fdch rum\u016f Diplom\u00e1tico. Mezi dlouhodob\u00e9 c\u00edle\",\"breadcrumb\":{\"@id\":\"https:\\\/\\\/richter.ceo\\\/coxs\\\/en\\\/product\\\/canaima\\\/#breadcrumb\"},\"inLanguage\":\"cs\",\"potentialAction\":[{\"@type\":\"ReadAction\",\"target\":[\"https:\\\/\\\/richter.ceo\\\/coxs\\\/en\\\/product\\\/canaima\\\/\"]}]},{\"@type\":\"ImageObject\",\"inLanguage\":\"cs\",\"@id\":\"https:\\\/\\\/richter.ceo\\\/coxs\\\/en\\\/product\\\/canaima\\\/#primaryimage\",\"url\":\"https:\\\/\\\/richter.ceo\\\/coxs\\\/wp-content\\\/uploads\\\/sites\\\/4\\\/2025\\\/05\\\/2877_canaima.jpg\",\"contentUrl\":\"https:\\\/\\\/richter.ceo\\\/coxs\\\/wp-content\\\/uploads\\\/sites\\\/4\\\/2025\\\/05\\\/2877_canaima.jpg\",\"width\":600,\"height\":711,\"caption\":\"COXS CLUB\"},{\"@type\":\"BreadcrumbList\",\"@id\":\"https:\\\/\\\/richter.ceo\\\/coxs\\\/en\\\/product\\\/canaima\\\/#breadcrumb\",\"itemListElement\":[{\"@type\":\"ListItem\",\"position\":1,\"name\":\"Dom\u016f\",\"item\":\"https:\\\/\\\/richter.ceo\\\/coxs\\\/\"},{\"@type\":\"ListItem\",\"position\":2,\"name\":\"N\u00c1POJE\",\"item\":\"https:\\\/\\\/richter.ceo\\\/coxs\\\/en\\\/napoje\\\/\"},{\"@type\":\"ListItem\",\"position\":3,\"name\":\"Cana\u00efma\"}]},{\"@type\":\"WebSite\",\"@id\":\"https:\\\/\\\/richter.ceo\\\/coxs\\\/en\\\/#website\",\"url\":\"https:\\\/\\\/richter.ceo\\\/coxs\\\/en\\\/\",\"name\":\"COXS CLUB\",\"description\":\"Beton a Rum\",\"publisher\":{\"@id\":\"https:\\\/\\\/richter.ceo\\\/coxs\\\/en\\\/#organization\"},\"potentialAction\":[{\"@type\":\"SearchAction\",\"target\":{\"@type\":\"EntryPoint\",\"urlTemplate\":\"https:\\\/\\\/richter.ceo\\\/coxs\\\/en\\\/?s={search_term_string}\"},\"query-input\":{\"@type\":\"PropertyValueSpecification\",\"valueRequired\":true,\"valueName\":\"search_term_string\"}}],\"inLanguage\":\"cs\"},{\"@type\":\"Organization\",\"@id\":\"https:\\\/\\\/richter.ceo\\\/coxs\\\/en\\\/#organization\",\"name\":\"COXS CLUB\",\"url\":\"https:\\\/\\\/richter.ceo\\\/coxs\\\/en\\\/\",\"logo\":{\"@type\":\"ImageObject\",\"inLanguage\":\"cs\",\"@id\":\"https:\\\/\\\/richter.ceo\\\/coxs\\\/en\\\/#\\\/schema\\\/logo\\\/image\\\/\",\"url\":\"http:\\\/\\\/richter.ceo\\\/coxs\\\/wp-content\\\/uploads\\\/sites\\\/4\\\/2025\\\/05\\\/FAVICON-dark.webp\",\"contentUrl\":\"http:\\\/\\\/richter.ceo\\\/coxs\\\/wp-content\\\/uploads\\\/sites\\\/4\\\/2025\\\/05\\\/FAVICON-dark.webp\",\"width\":512,\"height\":512,\"caption\":\"COXS CLUB\"},\"image\":{\"@id\":\"https:\\\/\\\/richter.ceo\\\/coxs\\\/en\\\/#\\\/schema\\\/logo\\\/image\\\/\"},\"sameAs\":[\"https:\\\/\\\/www.facebook.com\\\/profile.php?id=100088204002615\",\"https:\\\/\\\/www.instagram.com\\\/coxs_coxs\\\/\"]}]}<\/script>\n<!-- \/ Yoast SEO plugin. -->","yoast_head_json":{"title":"Cana\u00efma","description":"Cana\u00efma Gin je vyr\u00e1b\u011bn venezuelskou spole\u010dnost\u00ed Destiler\u00edas Unidas S.A., kter\u00e1 stoj\u00ed za produkc\u00ed oce\u0148ovan\u00fdch rum\u016f Diplom\u00e1tico. Mezi dlouhodob\u00e9 c\u00edle","robots":{"index":"index","follow":"follow","max-snippet":"max-snippet:-1","max-image-preview":"max-image-preview:large","max-video-preview":"max-video-preview:-1"},"canonical":"https:\/\/richter.ceo\/coxs\/product\/canaima\/","og_locale":"cs_CZ","og_type":"article","og_title":"Cana\u00efma","og_description":"Cana\u00efma Gin je vyr\u00e1b\u011bn venezuelskou spole\u010dnost\u00ed Destiler\u00edas Unidas S.A., kter\u00e1 stoj\u00ed za produkc\u00ed oce\u0148ovan\u00fdch rum\u016f Diplom\u00e1tico. Mezi dlouhodob\u00e9 c\u00edle","og_url":"https:\/\/richter.ceo\/coxs\/product\/canaima\/","og_site_name":"COXS CLUB","article_publisher":"https:\/\/www.facebook.com\/profile.php?id=100088204002615","article_modified_time":"2025-05-11T22:50:44+00:00","og_image":[{"width":600,"height":711,"url":"https:\/\/richter.ceo\/coxs\/wp-content\/uploads\/sites\/4\/2025\/05\/2877_canaima.jpg","type":"image\/jpeg"}],"twitter_card":"summary_large_image","twitter_misc":{"Odhadovan\u00e1 doba \u010dten\u00ed":"2 minuty"},"schema":{"@context":"https:\/\/schema.org","@graph":[{"@type":"WebPage","@id":"https:\/\/richter.ceo\/coxs\/en\/product\/canaima\/","url":"https:\/\/richter.ceo\/coxs\/en\/product\/canaima\/","name":"Cana\u00efma","isPartOf":{"@id":"https:\/\/richter.ceo\/coxs\/en\/#website"},"primaryImageOfPage":{"@id":"https:\/\/richter.ceo\/coxs\/en\/product\/canaima\/#primaryimage"},"image":{"@id":"https:\/\/richter.ceo\/coxs\/en\/product\/canaima\/#primaryimage"},"thumbnailUrl":"https:\/\/richter.ceo\/coxs\/wp-content\/uploads\/sites\/4\/2025\/05\/2877_canaima.jpg","datePublished":"2025-05-11T22:47:05+00:00","dateModified":"2025-05-11T22:50:44+00:00","description":"Cana\u00efma Gin je vyr\u00e1b\u011bn venezuelskou spole\u010dnost\u00ed Destiler\u00edas Unidas S.A., kter\u00e1 stoj\u00ed za produkc\u00ed oce\u0148ovan\u00fdch rum\u016f Diplom\u00e1tico. Mezi dlouhodob\u00e9 c\u00edle","breadcrumb":{"@id":"https:\/\/richter.ceo\/coxs\/en\/product\/canaima\/#breadcrumb"},"inLanguage":"cs","potentialAction":[{"@type":"ReadAction","target":["https:\/\/richter.ceo\/coxs\/en\/product\/canaima\/"]}]},{"@type":"ImageObject","inLanguage":"cs","@id":"https:\/\/richter.ceo\/coxs\/en\/product\/canaima\/#primaryimage","url":"https:\/\/richter.ceo\/coxs\/wp-content\/uploads\/sites\/4\/2025\/05\/2877_canaima.jpg","contentUrl":"https:\/\/richter.ceo\/coxs\/wp-content\/uploads\/sites\/4\/2025\/05\/2877_canaima.jpg","width":600,"height":711,"caption":"COXS CLUB"},{"@type":"BreadcrumbList","@id":"https:\/\/richter.ceo\/coxs\/en\/product\/canaima\/#breadcrumb","itemListElement":[{"@type":"ListItem","position":1,"name":"Dom\u016f","item":"https:\/\/richter.ceo\/coxs\/"},{"@type":"ListItem","position":2,"name":"N\u00c1POJE","item":"https:\/\/richter.ceo\/coxs\/en\/napoje\/"},{"@type":"ListItem","position":3,"name":"Cana\u00efma"}]},{"@type":"WebSite","@id":"https:\/\/richter.ceo\/coxs\/en\/#website","url":"https:\/\/richter.ceo\/coxs\/en\/","name":"COXS CLUB","description":"Beton a Rum","publisher":{"@id":"https:\/\/richter.ceo\/coxs\/en\/#organization"},"potentialAction":[{"@type":"SearchAction","target":{"@type":"EntryPoint","urlTemplate":"https:\/\/richter.ceo\/coxs\/en\/?s={search_term_string}"},"query-input":{"@type":"PropertyValueSpecification","valueRequired":true,"valueName":"search_term_string"}}],"inLanguage":"cs"},{"@type":"Organization","@id":"https:\/\/richter.ceo\/coxs\/en\/#organization","name":"COXS CLUB","url":"https:\/\/richter.ceo\/coxs\/en\/","logo":{"@type":"ImageObject","inLanguage":"cs","@id":"https:\/\/richter.ceo\/coxs\/en\/#\/schema\/logo\/image\/","url":"http:\/\/richter.ceo\/coxs\/wp-content\/uploads\/sites\/4\/2025\/05\/FAVICON-dark.webp","contentUrl":"http:\/\/richter.ceo\/coxs\/wp-content\/uploads\/sites\/4\/2025\/05\/FAVICON-dark.webp","width":512,"height":512,"caption":"COXS CLUB"},"image":{"@id":"https:\/\/richter.ceo\/coxs\/en\/#\/schema\/logo\/image\/"},"sameAs":["https:\/\/www.facebook.com\/profile.php?id=100088204002615","https:\/\/www.instagram.com\/coxs_coxs\/"]}]}},"_links":{"self":[{"href":"https:\/\/richter.ceo\/coxs\/wp-json\/wp\/v2\/product\/801","targetHints":{"allow":["GET"]}}],"collection":[{"href":"https:\/\/richter.ceo\/coxs\/wp-json\/wp\/v2\/product"}],"about":[{"href":"https:\/\/richter.ceo\/coxs\/wp-json\/wp\/v2\/types\/product"}],"wp:featuredmedia":[{"embeddable":true,"href":"https:\/\/richter.ceo\/coxs\/wp-json\/wp\/v2\/media\/688"}],"wp:attachment":[{"href":"https:\/\/richter.ceo\/coxs\/wp-json\/wp\/v2\/media?parent=801"}],"wp:term":[{"taxonomy":"product_brand","embeddable":true,"href":"https:\/\/richter.ceo\/coxs\/wp-json\/wp\/v2\/product_brand?post=801"},{"taxonomy":"product_cat","embeddable":true,"href":"https:\/\/richter.ceo\/coxs\/wp-json\/wp\/v2\/product_cat?post=801"},{"taxonomy":"product_tag","embeddable":true,"href":"https:\/\/richter.ceo\/coxs\/wp-json\/wp\/v2\/product_tag?post=801"}],"curies":[{"name":"wp","href":"https:\/\/api.w.org\/{rel}","templated":true}]}}