{"id":802,"date":"2025-05-12T00:49:44","date_gmt":"2025-05-11T22:49:44","guid":{"rendered":"https:\/\/richter.ceo\/coxsclub\/?post_type=product&#038;p=802"},"modified":"2025-05-12T00:49:44","modified_gmt":"2025-05-11T22:49:44","slug":"jose-cuervo-especial-silver","status":"publish","type":"product","link":"https:\/\/richter.ceo\/coxs\/produkt\/jose-cuervo-especial-silver\/","title":{"rendered":"Jose Cuervo Especial Silver"},"content":{"rendered":"<div class=\"elementor-column elementor-col-50 elementor-inner-column elementor-element elementor-element-df5ea97\" data-id=\"df5ea97\" data-element_type=\"column\">\n<div class=\"elementor-widget-wrap elementor-element-populated\">\n<div class=\"elementor-element elementor-element-5f45f876 elementor-widget elementor-widget-woocommerce-product-short-description\" data-id=\"5f45f876\" data-element_type=\"widget\" data-widget_type=\"woocommerce-product-short-description.default\">\n<div class=\"elementor-widget-container\">\n<div class=\"woocommerce-product-details__short-description\">\n<div id=\"secondaryColumn\" class=\"page-column page-secondary-column\">\n<div id=\"description\" class=\"long-description wysiwyg-content\">\n<div id=\"secondaryColumn\" class=\"page-column page-secondary-column\">\n<div id=\"description\" class=\"long-description wysiwyg-content\">\n<div id=\"secondaryColumn\" class=\"page-column page-secondary-column\">\n<div id=\"description\" class=\"long-description wysiwyg-content\">\n<div id=\"secondaryColumn\" class=\"page-column page-secondary-column\">\n<div id=\"description\" class=\"long-description wysiwyg-content\">Psal se rok 1795, kdy\u017e \u0161pan\u011blsk\u00fd kr\u00e1l ud\u011blil prvn\u00ed koncesi pro komer\u010dn\u00ed v\u00fdrobu tequily, a bylo to pr\u00e1v\u011b Jos\u00e9mu Antoniu de Cuervovi. Dnes je Jose Cuervo nejprod\u00e1van\u011bj\u0161\u00ed tequilou na sv\u011bt\u011b. Tradi\u010dn\u00ed receptura a v\u00fdrobn\u00ed procesy byly p\u0159ed\u00e1v\u00e1ny v t\u00e9to rodin\u011b po generace a zna\u010dka m\u00e1 tak za sebou t\u00e9m\u011b\u0159 250 let zku\u0161enost\u00ed. Nen\u00ed divu, \u017ee je Jose Cuervo tou nejoce\u0148ovan\u011bj\u0161\u00ed rodinou tequil na sv\u011bt\u011b. Jos\u00e9 Cuervo Especial Silver je mixto tequila s mimo\u0159\u00e1dn\u011b jemnou chut\u00ed, ve kter\u00e9 se projevuj\u00ed t\u00f3ny ag\u00e1ve, lehk\u00e1 zemitost a slanost.<\/div>\n<\/div>\n<\/div>\n<\/div>\n<\/div>\n<\/div>\n<\/div>\n<\/div>\n<\/div>\n<\/div>\n<\/div>\n<\/div>\n<\/div>\n","protected":false},"excerpt":{"rendered":"<p>Psal se rok 1795, kdy\u017e \u0161pan\u011blsk\u00fd kr\u00e1l ud\u011blil prvn\u00ed koncesi pro komer\u010dn\u00ed v\u00fdrobu tequily, a bylo to pr\u00e1v\u011b Jos\u00e9mu Antoniu de Cuervovi. Dnes je Jose Cuervo nejprod\u00e1van\u011bj\u0161\u00ed tequilou na sv\u011bt\u011b. Tradi\u010dn\u00ed receptura a v\u00fdrobn\u00ed procesy byly p\u0159ed\u00e1v\u00e1ny v t\u00e9to rodin\u011b po generace a zna\u010dka m\u00e1 tak za sebou t\u00e9m\u011b\u0159 250 let zku\u0161enost\u00ed. Nen\u00ed divu, \u017ee [&hellip;]<\/p>\n","protected":false},"featured_media":689,"template":"","meta":{"_acf_changed":false},"product_brand":[45],"product_cat":[46],"product_tag":[],"class_list":{"0":"post-802","1":"product","2":"type-product","3":"status-publish","4":"has-post-thumbnail","6":"product_brand-jose-cuervo","7":"product_cat-tequila","8":"pa_cena-za-004-l","9":"pa_obsah-alkoholu-43","10":"pa_zeme-mexiko","12":"first","13":"instock","14":"shipping-taxable","15":"purchasable","16":"product-type-simple"},"acf":[],"yoast_head":"<!-- This site is optimized with the Yoast SEO plugin v27.5 - https:\/\/yoast.com\/product\/yoast-seo-wordpress\/ -->\n<title>Jose Cuervo Especial Silver<\/title>\n<meta name=\"description\" content=\"Psal se rok 1795, kdy\u017e \u0161pan\u011blsk\u00fd kr\u00e1l ud\u011blil prvn\u00ed koncesi pro komer\u010dn\u00ed v\u00fdrobu tequily, a bylo to pr\u00e1v\u011b Jos\u00e9mu Antoniu de Cuervovi. Dnes je Jose Cuervo\" \/>\n<meta name=\"robots\" content=\"index, follow, max-snippet:-1, max-image-preview:large, max-video-preview:-1\" \/>\n<link rel=\"canonical\" href=\"https:\/\/richter.ceo\/coxs\/product\/jose-cuervo-especial-silver\/\" \/>\n<meta property=\"og:locale\" content=\"cs_CZ\" \/>\n<meta property=\"og:type\" content=\"article\" \/>\n<meta property=\"og:title\" content=\"Jose Cuervo Especial Silver\" \/>\n<meta property=\"og:description\" content=\"Psal se rok 1795, kdy\u017e \u0161pan\u011blsk\u00fd kr\u00e1l ud\u011blil prvn\u00ed koncesi pro komer\u010dn\u00ed v\u00fdrobu tequily, a bylo to pr\u00e1v\u011b Jos\u00e9mu Antoniu de Cuervovi. Dnes je Jose Cuervo\" \/>\n<meta property=\"og:url\" content=\"https:\/\/richter.ceo\/coxs\/product\/jose-cuervo-especial-silver\/\" \/>\n<meta property=\"og:site_name\" content=\"COXS CLUB\" \/>\n<meta property=\"article:publisher\" content=\"https:\/\/www.facebook.com\/profile.php?id=100088204002615\" \/>\n<meta property=\"og:image\" content=\"https:\/\/richter.ceo\/coxs\/wp-content\/uploads\/sites\/4\/2025\/05\/2971_jose-cuervo-especial-silver-1l.jpg\" \/>\n\t<meta property=\"og:image:width\" content=\"600\" \/>\n\t<meta property=\"og:image:height\" content=\"711\" \/>\n\t<meta property=\"og:image:type\" content=\"image\/jpeg\" \/>\n<meta name=\"twitter:card\" content=\"summary_large_image\" \/>\n<meta name=\"twitter:label1\" content=\"Odhadovan\u00e1 doba \u010dten\u00ed\" \/>\n\t<meta name=\"twitter:data1\" content=\"1 minuta\" \/>\n<script type=\"application\/ld+json\" class=\"yoast-schema-graph\">{\"@context\":\"https:\\\/\\\/schema.org\",\"@graph\":[{\"@type\":\"WebPage\",\"@id\":\"https:\\\/\\\/richter.ceo\\\/coxs\\\/en\\\/product\\\/jose-cuervo-especial-silver\\\/\",\"url\":\"https:\\\/\\\/richter.ceo\\\/coxs\\\/en\\\/product\\\/jose-cuervo-especial-silver\\\/\",\"name\":\"Jose Cuervo Especial Silver\",\"isPartOf\":{\"@id\":\"https:\\\/\\\/richter.ceo\\\/coxs\\\/en\\\/#website\"},\"primaryImageOfPage\":{\"@id\":\"https:\\\/\\\/richter.ceo\\\/coxs\\\/en\\\/product\\\/jose-cuervo-especial-silver\\\/#primaryimage\"},\"image\":{\"@id\":\"https:\\\/\\\/richter.ceo\\\/coxs\\\/en\\\/product\\\/jose-cuervo-especial-silver\\\/#primaryimage\"},\"thumbnailUrl\":\"https:\\\/\\\/richter.ceo\\\/coxs\\\/wp-content\\\/uploads\\\/sites\\\/4\\\/2025\\\/05\\\/2971_jose-cuervo-especial-silver-1l.jpg\",\"datePublished\":\"2025-05-11T22:49:44+00:00\",\"description\":\"Psal se rok 1795, kdy\u017e \u0161pan\u011blsk\u00fd kr\u00e1l ud\u011blil prvn\u00ed koncesi pro komer\u010dn\u00ed v\u00fdrobu tequily, a bylo to pr\u00e1v\u011b Jos\u00e9mu Antoniu de Cuervovi. Dnes je Jose Cuervo\",\"breadcrumb\":{\"@id\":\"https:\\\/\\\/richter.ceo\\\/coxs\\\/en\\\/product\\\/jose-cuervo-especial-silver\\\/#breadcrumb\"},\"inLanguage\":\"cs\",\"potentialAction\":[{\"@type\":\"ReadAction\",\"target\":[\"https:\\\/\\\/richter.ceo\\\/coxs\\\/en\\\/product\\\/jose-cuervo-especial-silver\\\/\"]}]},{\"@type\":\"ImageObject\",\"inLanguage\":\"cs\",\"@id\":\"https:\\\/\\\/richter.ceo\\\/coxs\\\/en\\\/product\\\/jose-cuervo-especial-silver\\\/#primaryimage\",\"url\":\"https:\\\/\\\/richter.ceo\\\/coxs\\\/wp-content\\\/uploads\\\/sites\\\/4\\\/2025\\\/05\\\/2971_jose-cuervo-especial-silver-1l.jpg\",\"contentUrl\":\"https:\\\/\\\/richter.ceo\\\/coxs\\\/wp-content\\\/uploads\\\/sites\\\/4\\\/2025\\\/05\\\/2971_jose-cuervo-especial-silver-1l.jpg\",\"width\":600,\"height\":711,\"caption\":\"COXS CLUB\"},{\"@type\":\"BreadcrumbList\",\"@id\":\"https:\\\/\\\/richter.ceo\\\/coxs\\\/en\\\/product\\\/jose-cuervo-especial-silver\\\/#breadcrumb\",\"itemListElement\":[{\"@type\":\"ListItem\",\"position\":1,\"name\":\"Dom\u016f\",\"item\":\"https:\\\/\\\/richter.ceo\\\/coxs\\\/\"},{\"@type\":\"ListItem\",\"position\":2,\"name\":\"N\u00c1POJE\",\"item\":\"https:\\\/\\\/richter.ceo\\\/coxs\\\/en\\\/napoje\\\/\"},{\"@type\":\"ListItem\",\"position\":3,\"name\":\"Jose Cuervo Especial Silver\"}]},{\"@type\":\"WebSite\",\"@id\":\"https:\\\/\\\/richter.ceo\\\/coxs\\\/en\\\/#website\",\"url\":\"https:\\\/\\\/richter.ceo\\\/coxs\\\/en\\\/\",\"name\":\"COXS CLUB\",\"description\":\"Beton a Rum\",\"publisher\":{\"@id\":\"https:\\\/\\\/richter.ceo\\\/coxs\\\/en\\\/#organization\"},\"potentialAction\":[{\"@type\":\"SearchAction\",\"target\":{\"@type\":\"EntryPoint\",\"urlTemplate\":\"https:\\\/\\\/richter.ceo\\\/coxs\\\/en\\\/?s={search_term_string}\"},\"query-input\":{\"@type\":\"PropertyValueSpecification\",\"valueRequired\":true,\"valueName\":\"search_term_string\"}}],\"inLanguage\":\"cs\"},{\"@type\":\"Organization\",\"@id\":\"https:\\\/\\\/richter.ceo\\\/coxs\\\/en\\\/#organization\",\"name\":\"COXS CLUB\",\"url\":\"https:\\\/\\\/richter.ceo\\\/coxs\\\/en\\\/\",\"logo\":{\"@type\":\"ImageObject\",\"inLanguage\":\"cs\",\"@id\":\"https:\\\/\\\/richter.ceo\\\/coxs\\\/en\\\/#\\\/schema\\\/logo\\\/image\\\/\",\"url\":\"http:\\\/\\\/richter.ceo\\\/coxs\\\/wp-content\\\/uploads\\\/sites\\\/4\\\/2025\\\/05\\\/FAVICON-dark.webp\",\"contentUrl\":\"http:\\\/\\\/richter.ceo\\\/coxs\\\/wp-content\\\/uploads\\\/sites\\\/4\\\/2025\\\/05\\\/FAVICON-dark.webp\",\"width\":512,\"height\":512,\"caption\":\"COXS CLUB\"},\"image\":{\"@id\":\"https:\\\/\\\/richter.ceo\\\/coxs\\\/en\\\/#\\\/schema\\\/logo\\\/image\\\/\"},\"sameAs\":[\"https:\\\/\\\/www.facebook.com\\\/profile.php?id=100088204002615\",\"https:\\\/\\\/www.instagram.com\\\/coxs_coxs\\\/\"]}]}<\/script>\n<!-- \/ Yoast SEO plugin. -->","yoast_head_json":{"title":"Jose Cuervo Especial Silver","description":"Psal se rok 1795, kdy\u017e \u0161pan\u011blsk\u00fd kr\u00e1l ud\u011blil prvn\u00ed koncesi pro komer\u010dn\u00ed v\u00fdrobu tequily, a bylo to pr\u00e1v\u011b Jos\u00e9mu Antoniu de Cuervovi. Dnes je Jose Cuervo","robots":{"index":"index","follow":"follow","max-snippet":"max-snippet:-1","max-image-preview":"max-image-preview:large","max-video-preview":"max-video-preview:-1"},"canonical":"https:\/\/richter.ceo\/coxs\/product\/jose-cuervo-especial-silver\/","og_locale":"cs_CZ","og_type":"article","og_title":"Jose Cuervo Especial Silver","og_description":"Psal se rok 1795, kdy\u017e \u0161pan\u011blsk\u00fd kr\u00e1l ud\u011blil prvn\u00ed koncesi pro komer\u010dn\u00ed v\u00fdrobu tequily, a bylo to pr\u00e1v\u011b Jos\u00e9mu Antoniu de Cuervovi. Dnes je Jose Cuervo","og_url":"https:\/\/richter.ceo\/coxs\/product\/jose-cuervo-especial-silver\/","og_site_name":"COXS CLUB","article_publisher":"https:\/\/www.facebook.com\/profile.php?id=100088204002615","og_image":[{"width":600,"height":711,"url":"https:\/\/richter.ceo\/coxs\/wp-content\/uploads\/sites\/4\/2025\/05\/2971_jose-cuervo-especial-silver-1l.jpg","type":"image\/jpeg"}],"twitter_card":"summary_large_image","twitter_misc":{"Odhadovan\u00e1 doba \u010dten\u00ed":"1 minuta"},"schema":{"@context":"https:\/\/schema.org","@graph":[{"@type":"WebPage","@id":"https:\/\/richter.ceo\/coxs\/en\/product\/jose-cuervo-especial-silver\/","url":"https:\/\/richter.ceo\/coxs\/en\/product\/jose-cuervo-especial-silver\/","name":"Jose Cuervo Especial Silver","isPartOf":{"@id":"https:\/\/richter.ceo\/coxs\/en\/#website"},"primaryImageOfPage":{"@id":"https:\/\/richter.ceo\/coxs\/en\/product\/jose-cuervo-especial-silver\/#primaryimage"},"image":{"@id":"https:\/\/richter.ceo\/coxs\/en\/product\/jose-cuervo-especial-silver\/#primaryimage"},"thumbnailUrl":"https:\/\/richter.ceo\/coxs\/wp-content\/uploads\/sites\/4\/2025\/05\/2971_jose-cuervo-especial-silver-1l.jpg","datePublished":"2025-05-11T22:49:44+00:00","description":"Psal se rok 1795, kdy\u017e \u0161pan\u011blsk\u00fd kr\u00e1l ud\u011blil prvn\u00ed koncesi pro komer\u010dn\u00ed v\u00fdrobu tequily, a bylo to pr\u00e1v\u011b Jos\u00e9mu Antoniu de Cuervovi. Dnes je Jose Cuervo","breadcrumb":{"@id":"https:\/\/richter.ceo\/coxs\/en\/product\/jose-cuervo-especial-silver\/#breadcrumb"},"inLanguage":"cs","potentialAction":[{"@type":"ReadAction","target":["https:\/\/richter.ceo\/coxs\/en\/product\/jose-cuervo-especial-silver\/"]}]},{"@type":"ImageObject","inLanguage":"cs","@id":"https:\/\/richter.ceo\/coxs\/en\/product\/jose-cuervo-especial-silver\/#primaryimage","url":"https:\/\/richter.ceo\/coxs\/wp-content\/uploads\/sites\/4\/2025\/05\/2971_jose-cuervo-especial-silver-1l.jpg","contentUrl":"https:\/\/richter.ceo\/coxs\/wp-content\/uploads\/sites\/4\/2025\/05\/2971_jose-cuervo-especial-silver-1l.jpg","width":600,"height":711,"caption":"COXS CLUB"},{"@type":"BreadcrumbList","@id":"https:\/\/richter.ceo\/coxs\/en\/product\/jose-cuervo-especial-silver\/#breadcrumb","itemListElement":[{"@type":"ListItem","position":1,"name":"Dom\u016f","item":"https:\/\/richter.ceo\/coxs\/"},{"@type":"ListItem","position":2,"name":"N\u00c1POJE","item":"https:\/\/richter.ceo\/coxs\/en\/napoje\/"},{"@type":"ListItem","position":3,"name":"Jose Cuervo Especial Silver"}]},{"@type":"WebSite","@id":"https:\/\/richter.ceo\/coxs\/en\/#website","url":"https:\/\/richter.ceo\/coxs\/en\/","name":"COXS CLUB","description":"Beton a Rum","publisher":{"@id":"https:\/\/richter.ceo\/coxs\/en\/#organization"},"potentialAction":[{"@type":"SearchAction","target":{"@type":"EntryPoint","urlTemplate":"https:\/\/richter.ceo\/coxs\/en\/?s={search_term_string}"},"query-input":{"@type":"PropertyValueSpecification","valueRequired":true,"valueName":"search_term_string"}}],"inLanguage":"cs"},{"@type":"Organization","@id":"https:\/\/richter.ceo\/coxs\/en\/#organization","name":"COXS CLUB","url":"https:\/\/richter.ceo\/coxs\/en\/","logo":{"@type":"ImageObject","inLanguage":"cs","@id":"https:\/\/richter.ceo\/coxs\/en\/#\/schema\/logo\/image\/","url":"http:\/\/richter.ceo\/coxs\/wp-content\/uploads\/sites\/4\/2025\/05\/FAVICON-dark.webp","contentUrl":"http:\/\/richter.ceo\/coxs\/wp-content\/uploads\/sites\/4\/2025\/05\/FAVICON-dark.webp","width":512,"height":512,"caption":"COXS CLUB"},"image":{"@id":"https:\/\/richter.ceo\/coxs\/en\/#\/schema\/logo\/image\/"},"sameAs":["https:\/\/www.facebook.com\/profile.php?id=100088204002615","https:\/\/www.instagram.com\/coxs_coxs\/"]}]}},"_links":{"self":[{"href":"https:\/\/richter.ceo\/coxs\/wp-json\/wp\/v2\/product\/802","targetHints":{"allow":["GET"]}}],"collection":[{"href":"https:\/\/richter.ceo\/coxs\/wp-json\/wp\/v2\/product"}],"about":[{"href":"https:\/\/richter.ceo\/coxs\/wp-json\/wp\/v2\/types\/product"}],"wp:featuredmedia":[{"embeddable":true,"href":"https:\/\/richter.ceo\/coxs\/wp-json\/wp\/v2\/media\/689"}],"wp:attachment":[{"href":"https:\/\/richter.ceo\/coxs\/wp-json\/wp\/v2\/media?parent=802"}],"wp:term":[{"taxonomy":"product_brand","embeddable":true,"href":"https:\/\/richter.ceo\/coxs\/wp-json\/wp\/v2\/product_brand?post=802"},{"taxonomy":"product_cat","embeddable":true,"href":"https:\/\/richter.ceo\/coxs\/wp-json\/wp\/v2\/product_cat?post=802"},{"taxonomy":"product_tag","embeddable":true,"href":"https:\/\/richter.ceo\/coxs\/wp-json\/wp\/v2\/product_tag?post=802"}],"curies":[{"name":"wp","href":"https:\/\/api.w.org\/{rel}","templated":true}]}}