{"id":825,"date":"2025-05-12T01:23:05","date_gmt":"2025-05-11T23:23:05","guid":{"rendered":"https:\/\/richter.ceo\/coxsclub\/?post_type=product&#038;p=825"},"modified":"2025-05-12T01:23:05","modified_gmt":"2025-05-11T23:23:05","slug":"1800-anejo","status":"publish","type":"product","link":"https:\/\/richter.ceo\/coxs\/produkt\/1800-anejo\/","title":{"rendered":"1800 A\u00f1ejo"},"content":{"rendered":"<p>Tequila 1800 byla pojmenov\u00e1na po roce, kdy byla poprv\u00e9 uvedena na trh. Sklen\u011bn\u00e1 l\u00e1hev je lichob\u011b\u017en\u00e1 a\u00a0p\u0159ipom\u00edn\u00e1 prastar\u00e9 maysk\u00e9 pyramidy, je\u017e se nach\u00e1z\u00ed na \u00fazem\u00ed Mexika. Vyrobena je ze 100\u00a0% z\u00a0modr\u00e9 ag\u00e1ve, kter\u00e1 se ru\u010dn\u011b sb\u00edr\u00e1 na rodinn\u00fdch ran\u010d\u00edch v\u00a0Jaliscu. Rostliny ag\u00e1ve rostou vysoko nad mo\u0159em, na vyso\u010din\u011b s\u00a0vulkanickou p\u016fdou bohatou na miner\u00e1ly. Trv\u00e1 8 let, ne\u017e dozraj\u00ed a\u00a0mohou b\u00fdt sklizeny.<\/p>\n<div class=\"elementor-column elementor-col-50 elementor-inner-column elementor-element elementor-element-df5ea97\" data-id=\"df5ea97\" data-element_type=\"column\">\n<div class=\"elementor-widget-wrap elementor-element-populated\">\n<div class=\"elementor-element elementor-element-5f45f876 elementor-widget elementor-widget-woocommerce-product-short-description\" data-id=\"5f45f876\" data-element_type=\"widget\" data-widget_type=\"woocommerce-product-short-description.default\">\n<div class=\"elementor-widget-container\">\n<div class=\"woocommerce-product-details__short-description\">\n<div id=\"secondaryColumn\" class=\"page-column page-secondary-column\">\n<div id=\"description\" class=\"long-description wysiwyg-content\">\n<div id=\"secondaryColumn\" class=\"page-column page-secondary-column\">\n<div id=\"description\" class=\"long-description wysiwyg-content\">\n<div id=\"secondaryColumn\" class=\"page-column page-secondary-column\">\n<div id=\"description\" class=\"long-description wysiwyg-content\">\n<div id=\"secondaryColumn\" class=\"page-column page-secondary-column\">\n<div id=\"description\" class=\"long-description wysiwyg-content\">\n<div id=\"secondaryColumn\" class=\"page-column page-secondary-column\">\n<div id=\"description\" class=\"long-description wysiwyg-content\">\n<p>1800 Reposado byla prvn\u00ed superpr\u00e9miovou tequilou vyrobenou ze 100\u00a0% z\u00a0Weberovy modr\u00e9 ag\u00e1ve, kter\u00e1 byla vyv\u00e1\u017eena do USA. Minim\u00e1ln\u011b \u0161est m\u011bs\u00edc\u016f zraje v\u00a0sudech z\u00a0americk\u00e9ho a\u00a0francouzsk\u00e9ho dubu. Je to pln\u00e1 jemn\u00e1 tequila s\u00a0t\u00f3ny m\u00e1slov\u00e9ho karamelu a\u00a0jemn\u00e9ho ko\u0159en\u00ed, dotekem kou\u0159e a\u00a0sametov\u00fdm z\u00e1v\u011brem.<\/p>\n<\/div>\n<\/div>\n<\/div>\n<\/div>\n<\/div>\n<\/div>\n<\/div>\n<\/div>\n<\/div>\n<\/div>\n<\/div>\n<\/div>\n<\/div>\n<\/div>\n<\/div>\n<div class=\"elementor-column elementor-col-50 elementor-inner-column elementor-element elementor-element-e91a9b4\" data-id=\"e91a9b4\" data-element_type=\"column\">\n<div class=\"elementor-widget-wrap elementor-element-populated\">\n<div class=\"elementor-element elementor-element-19195286 elementor-widget elementor-widget-heading\" data-id=\"19195286\" data-element_type=\"widget\" data-widget_type=\"heading.default\">\n<div class=\"elementor-widget-container\"><\/div>\n<\/div>\n<\/div>\n<\/div>\n<p>&nbsp;<\/p>\n","protected":false},"excerpt":{"rendered":"<p>Tequila 1800 byla pojmenov\u00e1na po roce, kdy byla poprv\u00e9 uvedena na trh. Sklen\u011bn\u00e1 l\u00e1hev je lichob\u011b\u017en\u00e1 a\u00a0p\u0159ipom\u00edn\u00e1 prastar\u00e9 maysk\u00e9 pyramidy, je\u017e se nach\u00e1z\u00ed na \u00fazem\u00ed Mexika. Vyrobena je ze 100\u00a0% z\u00a0modr\u00e9 ag\u00e1ve, kter\u00e1 se ru\u010dn\u011b sb\u00edr\u00e1 na rodinn\u00fdch ran\u010d\u00edch v\u00a0Jaliscu. Rostliny ag\u00e1ve rostou vysoko nad mo\u0159em, na vyso\u010din\u011b s\u00a0vulkanickou p\u016fdou bohatou na miner\u00e1ly. Trv\u00e1 8 [&hellip;]<\/p>\n","protected":false},"featured_media":815,"template":"","meta":{"_acf_changed":false},"product_brand":[47],"product_cat":[46],"product_tag":[],"class_list":{"0":"post-825","1":"product","2":"type-product","3":"status-publish","4":"has-post-thumbnail","6":"product_brand-47","7":"product_cat-tequila","8":"pa_cena-za-004-l","9":"pa_obsah-alkoholu-43","10":"pa_zeme-mexiko","12":"first","13":"instock","14":"shipping-taxable","15":"purchasable","16":"product-type-simple"},"acf":[],"yoast_head":"<!-- This site is optimized with the Yoast SEO plugin v27.5 - https:\/\/yoast.com\/product\/yoast-seo-wordpress\/ -->\n<title>1800 A\u00f1ejo<\/title>\n<meta name=\"description\" content=\"Tequila 1800 byla pojmenov\u00e1na po roce, kdy byla poprv\u00e9 uvedena na trh. Sklen\u011bn\u00e1 l\u00e1hev je lichob\u011b\u017en\u00e1 a\u00a0p\u0159ipom\u00edn\u00e1 prastar\u00e9 maysk\u00e9 pyramidy, je\u017e se nach\u00e1z\u00ed\" \/>\n<meta name=\"robots\" content=\"index, follow, max-snippet:-1, max-image-preview:large, max-video-preview:-1\" \/>\n<link rel=\"canonical\" href=\"https:\/\/richter.ceo\/coxs\/product\/1800-anejo\/\" \/>\n<meta property=\"og:locale\" content=\"cs_CZ\" \/>\n<meta property=\"og:type\" content=\"article\" \/>\n<meta property=\"og:title\" content=\"1800 A\u00f1ejo\" \/>\n<meta property=\"og:description\" content=\"Tequila 1800 byla pojmenov\u00e1na po roce, kdy byla poprv\u00e9 uvedena na trh. Sklen\u011bn\u00e1 l\u00e1hev je lichob\u011b\u017en\u00e1 a\u00a0p\u0159ipom\u00edn\u00e1 prastar\u00e9 maysk\u00e9 pyramidy, je\u017e se nach\u00e1z\u00ed\" \/>\n<meta property=\"og:url\" content=\"https:\/\/richter.ceo\/coxs\/product\/1800-anejo\/\" \/>\n<meta property=\"og:site_name\" content=\"COXS CLUB\" \/>\n<meta property=\"article:publisher\" content=\"https:\/\/www.facebook.com\/profile.php?id=100088204002615\" \/>\n<meta property=\"og:image\" content=\"https:\/\/richter.ceo\/coxs\/wp-content\/uploads\/sites\/4\/2025\/05\/2699_1800_tequila_anejo.jpg\" \/>\n\t<meta property=\"og:image:width\" content=\"600\" \/>\n\t<meta property=\"og:image:height\" content=\"711\" \/>\n\t<meta property=\"og:image:type\" content=\"image\/jpeg\" \/>\n<meta name=\"twitter:card\" content=\"summary_large_image\" \/>\n<meta name=\"twitter:label1\" content=\"Odhadovan\u00e1 doba \u010dten\u00ed\" \/>\n\t<meta name=\"twitter:data1\" content=\"1 minuta\" \/>\n<script type=\"application\/ld+json\" class=\"yoast-schema-graph\">{\"@context\":\"https:\\\/\\\/schema.org\",\"@graph\":[{\"@type\":\"WebPage\",\"@id\":\"https:\\\/\\\/richter.ceo\\\/coxs\\\/en\\\/product\\\/1800-anejo\\\/\",\"url\":\"https:\\\/\\\/richter.ceo\\\/coxs\\\/en\\\/product\\\/1800-anejo\\\/\",\"name\":\"1800 A\u00f1ejo\",\"isPartOf\":{\"@id\":\"https:\\\/\\\/richter.ceo\\\/coxs\\\/en\\\/#website\"},\"primaryImageOfPage\":{\"@id\":\"https:\\\/\\\/richter.ceo\\\/coxs\\\/en\\\/product\\\/1800-anejo\\\/#primaryimage\"},\"image\":{\"@id\":\"https:\\\/\\\/richter.ceo\\\/coxs\\\/en\\\/product\\\/1800-anejo\\\/#primaryimage\"},\"thumbnailUrl\":\"https:\\\/\\\/richter.ceo\\\/coxs\\\/wp-content\\\/uploads\\\/sites\\\/4\\\/2025\\\/05\\\/2699_1800_tequila_anejo.jpg\",\"datePublished\":\"2025-05-11T23:23:05+00:00\",\"description\":\"Tequila 1800 byla pojmenov\u00e1na po roce, kdy byla poprv\u00e9 uvedena na trh. Sklen\u011bn\u00e1 l\u00e1hev je lichob\u011b\u017en\u00e1 a\u00a0p\u0159ipom\u00edn\u00e1 prastar\u00e9 maysk\u00e9 pyramidy, je\u017e se nach\u00e1z\u00ed\",\"breadcrumb\":{\"@id\":\"https:\\\/\\\/richter.ceo\\\/coxs\\\/en\\\/product\\\/1800-anejo\\\/#breadcrumb\"},\"inLanguage\":\"cs\",\"potentialAction\":[{\"@type\":\"ReadAction\",\"target\":[\"https:\\\/\\\/richter.ceo\\\/coxs\\\/en\\\/product\\\/1800-anejo\\\/\"]}]},{\"@type\":\"ImageObject\",\"inLanguage\":\"cs\",\"@id\":\"https:\\\/\\\/richter.ceo\\\/coxs\\\/en\\\/product\\\/1800-anejo\\\/#primaryimage\",\"url\":\"https:\\\/\\\/richter.ceo\\\/coxs\\\/wp-content\\\/uploads\\\/sites\\\/4\\\/2025\\\/05\\\/2699_1800_tequila_anejo.jpg\",\"contentUrl\":\"https:\\\/\\\/richter.ceo\\\/coxs\\\/wp-content\\\/uploads\\\/sites\\\/4\\\/2025\\\/05\\\/2699_1800_tequila_anejo.jpg\",\"width\":600,\"height\":711,\"caption\":\"COXS CLUB\"},{\"@type\":\"BreadcrumbList\",\"@id\":\"https:\\\/\\\/richter.ceo\\\/coxs\\\/en\\\/product\\\/1800-anejo\\\/#breadcrumb\",\"itemListElement\":[{\"@type\":\"ListItem\",\"position\":1,\"name\":\"Dom\u016f\",\"item\":\"https:\\\/\\\/richter.ceo\\\/coxs\\\/\"},{\"@type\":\"ListItem\",\"position\":2,\"name\":\"N\u00c1POJE\",\"item\":\"https:\\\/\\\/richter.ceo\\\/coxs\\\/en\\\/napoje\\\/\"},{\"@type\":\"ListItem\",\"position\":3,\"name\":\"1800 A\u00f1ejo\"}]},{\"@type\":\"WebSite\",\"@id\":\"https:\\\/\\\/richter.ceo\\\/coxs\\\/en\\\/#website\",\"url\":\"https:\\\/\\\/richter.ceo\\\/coxs\\\/en\\\/\",\"name\":\"COXS CLUB\",\"description\":\"Beton a Rum\",\"publisher\":{\"@id\":\"https:\\\/\\\/richter.ceo\\\/coxs\\\/en\\\/#organization\"},\"potentialAction\":[{\"@type\":\"SearchAction\",\"target\":{\"@type\":\"EntryPoint\",\"urlTemplate\":\"https:\\\/\\\/richter.ceo\\\/coxs\\\/en\\\/?s={search_term_string}\"},\"query-input\":{\"@type\":\"PropertyValueSpecification\",\"valueRequired\":true,\"valueName\":\"search_term_string\"}}],\"inLanguage\":\"cs\"},{\"@type\":\"Organization\",\"@id\":\"https:\\\/\\\/richter.ceo\\\/coxs\\\/en\\\/#organization\",\"name\":\"COXS CLUB\",\"url\":\"https:\\\/\\\/richter.ceo\\\/coxs\\\/en\\\/\",\"logo\":{\"@type\":\"ImageObject\",\"inLanguage\":\"cs\",\"@id\":\"https:\\\/\\\/richter.ceo\\\/coxs\\\/en\\\/#\\\/schema\\\/logo\\\/image\\\/\",\"url\":\"http:\\\/\\\/richter.ceo\\\/coxs\\\/wp-content\\\/uploads\\\/sites\\\/4\\\/2025\\\/05\\\/FAVICON-dark.webp\",\"contentUrl\":\"http:\\\/\\\/richter.ceo\\\/coxs\\\/wp-content\\\/uploads\\\/sites\\\/4\\\/2025\\\/05\\\/FAVICON-dark.webp\",\"width\":512,\"height\":512,\"caption\":\"COXS CLUB\"},\"image\":{\"@id\":\"https:\\\/\\\/richter.ceo\\\/coxs\\\/en\\\/#\\\/schema\\\/logo\\\/image\\\/\"},\"sameAs\":[\"https:\\\/\\\/www.facebook.com\\\/profile.php?id=100088204002615\",\"https:\\\/\\\/www.instagram.com\\\/coxs_coxs\\\/\"]}]}<\/script>\n<!-- \/ Yoast SEO plugin. -->","yoast_head_json":{"title":"1800 A\u00f1ejo","description":"Tequila 1800 byla pojmenov\u00e1na po roce, kdy byla poprv\u00e9 uvedena na trh. Sklen\u011bn\u00e1 l\u00e1hev je lichob\u011b\u017en\u00e1 a\u00a0p\u0159ipom\u00edn\u00e1 prastar\u00e9 maysk\u00e9 pyramidy, je\u017e se nach\u00e1z\u00ed","robots":{"index":"index","follow":"follow","max-snippet":"max-snippet:-1","max-image-preview":"max-image-preview:large","max-video-preview":"max-video-preview:-1"},"canonical":"https:\/\/richter.ceo\/coxs\/product\/1800-anejo\/","og_locale":"cs_CZ","og_type":"article","og_title":"1800 A\u00f1ejo","og_description":"Tequila 1800 byla pojmenov\u00e1na po roce, kdy byla poprv\u00e9 uvedena na trh. Sklen\u011bn\u00e1 l\u00e1hev je lichob\u011b\u017en\u00e1 a\u00a0p\u0159ipom\u00edn\u00e1 prastar\u00e9 maysk\u00e9 pyramidy, je\u017e se nach\u00e1z\u00ed","og_url":"https:\/\/richter.ceo\/coxs\/product\/1800-anejo\/","og_site_name":"COXS CLUB","article_publisher":"https:\/\/www.facebook.com\/profile.php?id=100088204002615","og_image":[{"width":600,"height":711,"url":"https:\/\/richter.ceo\/coxs\/wp-content\/uploads\/sites\/4\/2025\/05\/2699_1800_tequila_anejo.jpg","type":"image\/jpeg"}],"twitter_card":"summary_large_image","twitter_misc":{"Odhadovan\u00e1 doba \u010dten\u00ed":"1 minuta"},"schema":{"@context":"https:\/\/schema.org","@graph":[{"@type":"WebPage","@id":"https:\/\/richter.ceo\/coxs\/en\/product\/1800-anejo\/","url":"https:\/\/richter.ceo\/coxs\/en\/product\/1800-anejo\/","name":"1800 A\u00f1ejo","isPartOf":{"@id":"https:\/\/richter.ceo\/coxs\/en\/#website"},"primaryImageOfPage":{"@id":"https:\/\/richter.ceo\/coxs\/en\/product\/1800-anejo\/#primaryimage"},"image":{"@id":"https:\/\/richter.ceo\/coxs\/en\/product\/1800-anejo\/#primaryimage"},"thumbnailUrl":"https:\/\/richter.ceo\/coxs\/wp-content\/uploads\/sites\/4\/2025\/05\/2699_1800_tequila_anejo.jpg","datePublished":"2025-05-11T23:23:05+00:00","description":"Tequila 1800 byla pojmenov\u00e1na po roce, kdy byla poprv\u00e9 uvedena na trh. Sklen\u011bn\u00e1 l\u00e1hev je lichob\u011b\u017en\u00e1 a\u00a0p\u0159ipom\u00edn\u00e1 prastar\u00e9 maysk\u00e9 pyramidy, je\u017e se nach\u00e1z\u00ed","breadcrumb":{"@id":"https:\/\/richter.ceo\/coxs\/en\/product\/1800-anejo\/#breadcrumb"},"inLanguage":"cs","potentialAction":[{"@type":"ReadAction","target":["https:\/\/richter.ceo\/coxs\/en\/product\/1800-anejo\/"]}]},{"@type":"ImageObject","inLanguage":"cs","@id":"https:\/\/richter.ceo\/coxs\/en\/product\/1800-anejo\/#primaryimage","url":"https:\/\/richter.ceo\/coxs\/wp-content\/uploads\/sites\/4\/2025\/05\/2699_1800_tequila_anejo.jpg","contentUrl":"https:\/\/richter.ceo\/coxs\/wp-content\/uploads\/sites\/4\/2025\/05\/2699_1800_tequila_anejo.jpg","width":600,"height":711,"caption":"COXS CLUB"},{"@type":"BreadcrumbList","@id":"https:\/\/richter.ceo\/coxs\/en\/product\/1800-anejo\/#breadcrumb","itemListElement":[{"@type":"ListItem","position":1,"name":"Dom\u016f","item":"https:\/\/richter.ceo\/coxs\/"},{"@type":"ListItem","position":2,"name":"N\u00c1POJE","item":"https:\/\/richter.ceo\/coxs\/en\/napoje\/"},{"@type":"ListItem","position":3,"name":"1800 A\u00f1ejo"}]},{"@type":"WebSite","@id":"https:\/\/richter.ceo\/coxs\/en\/#website","url":"https:\/\/richter.ceo\/coxs\/en\/","name":"COXS CLUB","description":"Beton a Rum","publisher":{"@id":"https:\/\/richter.ceo\/coxs\/en\/#organization"},"potentialAction":[{"@type":"SearchAction","target":{"@type":"EntryPoint","urlTemplate":"https:\/\/richter.ceo\/coxs\/en\/?s={search_term_string}"},"query-input":{"@type":"PropertyValueSpecification","valueRequired":true,"valueName":"search_term_string"}}],"inLanguage":"cs"},{"@type":"Organization","@id":"https:\/\/richter.ceo\/coxs\/en\/#organization","name":"COXS CLUB","url":"https:\/\/richter.ceo\/coxs\/en\/","logo":{"@type":"ImageObject","inLanguage":"cs","@id":"https:\/\/richter.ceo\/coxs\/en\/#\/schema\/logo\/image\/","url":"http:\/\/richter.ceo\/coxs\/wp-content\/uploads\/sites\/4\/2025\/05\/FAVICON-dark.webp","contentUrl":"http:\/\/richter.ceo\/coxs\/wp-content\/uploads\/sites\/4\/2025\/05\/FAVICON-dark.webp","width":512,"height":512,"caption":"COXS CLUB"},"image":{"@id":"https:\/\/richter.ceo\/coxs\/en\/#\/schema\/logo\/image\/"},"sameAs":["https:\/\/www.facebook.com\/profile.php?id=100088204002615","https:\/\/www.instagram.com\/coxs_coxs\/"]}]}},"_links":{"self":[{"href":"https:\/\/richter.ceo\/coxs\/wp-json\/wp\/v2\/product\/825","targetHints":{"allow":["GET"]}}],"collection":[{"href":"https:\/\/richter.ceo\/coxs\/wp-json\/wp\/v2\/product"}],"about":[{"href":"https:\/\/richter.ceo\/coxs\/wp-json\/wp\/v2\/types\/product"}],"wp:featuredmedia":[{"embeddable":true,"href":"https:\/\/richter.ceo\/coxs\/wp-json\/wp\/v2\/media\/815"}],"wp:attachment":[{"href":"https:\/\/richter.ceo\/coxs\/wp-json\/wp\/v2\/media?parent=825"}],"wp:term":[{"taxonomy":"product_brand","embeddable":true,"href":"https:\/\/richter.ceo\/coxs\/wp-json\/wp\/v2\/product_brand?post=825"},{"taxonomy":"product_cat","embeddable":true,"href":"https:\/\/richter.ceo\/coxs\/wp-json\/wp\/v2\/product_cat?post=825"},{"taxonomy":"product_tag","embeddable":true,"href":"https:\/\/richter.ceo\/coxs\/wp-json\/wp\/v2\/product_tag?post=825"}],"curies":[{"name":"wp","href":"https:\/\/api.w.org\/{rel}","templated":true}]}}