{"id":854,"date":"2025-05-12T10:28:37","date_gmt":"2025-05-12T08:28:37","guid":{"rendered":"https:\/\/richter.ceo\/coxsclub\/?post_type=product&#038;p=854"},"modified":"2025-05-12T10:46:22","modified_gmt":"2025-05-12T08:46:22","slug":"inchmurrin-madeira","status":"publish","type":"product","link":"https:\/\/richter.ceo\/coxs\/produkt\/inchmurrin-madeira\/","title":{"rendered":"Loch Lomond Inchmurrin Madeira"},"content":{"rendered":"<div class=\"elementor-column elementor-col-50 elementor-inner-column elementor-element elementor-element-df5ea97\" data-id=\"df5ea97\" data-element_type=\"column\">\n<div class=\"elementor-widget-wrap elementor-element-populated\">\n<div class=\"elementor-element elementor-element-5f45f876 elementor-widget elementor-widget-woocommerce-product-short-description\" data-id=\"5f45f876\" data-element_type=\"widget\" data-widget_type=\"woocommerce-product-short-description.default\">\n<div class=\"elementor-widget-container\">\n<div class=\"woocommerce-product-details__short-description\">\n<div id=\"secondaryColumn\" class=\"page-column page-secondary-column\">\n<div id=\"description\" class=\"long-description wysiwyg-content\">\n<div id=\"secondaryColumn\" class=\"page-column page-secondary-column\">\n<div id=\"description\" class=\"long-description wysiwyg-content\">\n<div id=\"secondaryColumn\" class=\"page-column page-secondary-column\">\n<div id=\"description\" class=\"long-description wysiwyg-content\">\n<div id=\"secondaryColumn\" class=\"page-column page-secondary-column\">\n<div id=\"description\" class=\"long-description wysiwyg-content\">\n<div id=\"secondaryColumn\" class=\"page-column page-secondary-column\">\n<div id=\"description\" class=\"long-description wysiwyg-content\">Master distiller Bill White vyb\u00edr\u00e1 jednotliv\u00e9 whisky sta\u0159en\u00e9 v\u00fdhradn\u011b v tradi\u010dn\u00edch sudech z americk\u00e9ho dubu, kter\u00e9 pot\u00e9 spojuje a nech\u00e1v\u00e1 d\u00e1le zr\u00e1t v sudech, ve kter\u00fdch byla d\u0159\u00edve ulo\u017eena Madeira. Whisky d\u00edky tomu z\u00edsk\u00e1v\u00e1 siln\u011bj\u0161\u00ed ovocn\u00fd charakter broskv\u00ed a hru\u0161ek, n\u00e1sledn\u011b se do pop\u0159ed\u00ed dost\u00e1v\u00e1 marcip\u00e1n a mu\u0161k\u00e1tov\u00fd o\u0159\u00ed\u0161ek, kter\u00e9 dod\u00e1vaj\u00ed dlouh\u00e9mu, dubov\u00e9mu zakon\u010den\u00ed such\u00e9 o\u0159echov\u00e9 aroma. Aby bylo v\u0161e zachov\u00e1no pokud mo\u017eno tak, jak zam\u00fd\u0161lela p\u0159\u00edroda, nen\u00ed Inchmurrin Madeira Wood Finish filtrovan\u00e1 za studena.<\/div>\n<\/div>\n<\/div>\n<\/div>\n<\/div>\n<\/div>\n<\/div>\n<\/div>\n<\/div>\n<\/div>\n<\/div>\n<\/div>\n<\/div>\n<\/div>\n<\/div>\n","protected":false},"excerpt":{"rendered":"<p>Master distiller Bill White vyb\u00edr\u00e1 jednotliv\u00e9 whisky sta\u0159en\u00e9 v\u00fdhradn\u011b v tradi\u010dn\u00edch sudech z americk\u00e9ho dubu, kter\u00e9 pot\u00e9 spojuje a nech\u00e1v\u00e1 d\u00e1le zr\u00e1t v sudech, ve kter\u00fdch byla d\u0159\u00edve ulo\u017eena Madeira. Whisky d\u00edky tomu z\u00edsk\u00e1v\u00e1 siln\u011bj\u0161\u00ed ovocn\u00fd charakter broskv\u00ed a hru\u0161ek, n\u00e1sledn\u011b se do pop\u0159ed\u00ed dost\u00e1v\u00e1 marcip\u00e1n a mu\u0161k\u00e1tov\u00fd o\u0159\u00ed\u0161ek, kter\u00e9 dod\u00e1vaj\u00ed dlouh\u00e9mu, dubov\u00e9mu zakon\u010den\u00ed such\u00e9 [&hellip;]<\/p>\n","protected":false},"featured_media":850,"template":"","meta":{"_acf_changed":false},"product_brand":[59],"product_cat":[50],"product_tag":[],"class_list":{"0":"post-854","1":"product","2":"type-product","3":"status-publish","4":"has-post-thumbnail","6":"product_brand-loch-lomond","7":"product_cat-whisky","8":"pa_cena-za-004-l","9":"pa_obsah-alkoholu-51","10":"pa_zeme-skotsko","12":"first","13":"instock","14":"shipping-taxable","15":"purchasable","16":"product-type-simple"},"acf":[],"yoast_head":"<!-- This site is optimized with the Yoast SEO plugin v27.5 - https:\/\/yoast.com\/product\/yoast-seo-wordpress\/ -->\n<title>Loch Lomond Inchmurrin Madeira<\/title>\n<meta name=\"description\" content=\"Master distiller Bill White vyb\u00edr\u00e1 jednotliv\u00e9 whisky sta\u0159en\u00e9 v\u00fdhradn\u011b v tradi\u010dn\u00edch sudech z americk\u00e9ho dubu, kter\u00e9 pot\u00e9 spojuje a nech\u00e1v\u00e1 d\u00e1le zr\u00e1t v\" \/>\n<meta name=\"robots\" content=\"index, follow, max-snippet:-1, max-image-preview:large, max-video-preview:-1\" \/>\n<link rel=\"canonical\" href=\"https:\/\/richter.ceo\/coxs\/produkt\/inchmurrin-madeira\/\" \/>\n<meta property=\"og:locale\" content=\"cs_CZ\" \/>\n<meta property=\"og:type\" content=\"article\" \/>\n<meta property=\"og:title\" content=\"Loch Lomond Inchmurrin Madeira\" \/>\n<meta property=\"og:description\" content=\"Master distiller Bill White vyb\u00edr\u00e1 jednotliv\u00e9 whisky sta\u0159en\u00e9 v\u00fdhradn\u011b v tradi\u010dn\u00edch sudech z americk\u00e9ho dubu, kter\u00e9 pot\u00e9 spojuje a nech\u00e1v\u00e1 d\u00e1le zr\u00e1t v\" \/>\n<meta property=\"og:url\" content=\"https:\/\/richter.ceo\/coxs\/produkt\/inchmurrin-madeira\/\" \/>\n<meta property=\"og:site_name\" content=\"COXS CLUB\" \/>\n<meta property=\"article:publisher\" content=\"https:\/\/www.facebook.com\/profile.php?id=100088204002615\" \/>\n<meta property=\"article:modified_time\" content=\"2025-05-12T08:46:22+00:00\" \/>\n<meta property=\"og:image\" content=\"https:\/\/richter.ceo\/coxs\/wp-content\/uploads\/sites\/4\/2025\/05\/1970_inchmurrin_madeira-864x1024-1.jpg\" \/>\n\t<meta property=\"og:image:width\" content=\"864\" \/>\n\t<meta property=\"og:image:height\" content=\"1024\" \/>\n\t<meta property=\"og:image:type\" content=\"image\/jpeg\" \/>\n<meta name=\"twitter:card\" content=\"summary_large_image\" \/>\n<meta name=\"twitter:label1\" content=\"Odhadovan\u00e1 doba \u010dten\u00ed\" \/>\n\t<meta name=\"twitter:data1\" content=\"1 minuta\" \/>\n<script type=\"application\/ld+json\" class=\"yoast-schema-graph\">{\"@context\":\"https:\\\/\\\/schema.org\",\"@graph\":[{\"@type\":\"WebPage\",\"@id\":\"https:\\\/\\\/richter.ceo\\\/coxs\\\/produkt\\\/inchmurrin-madeira\\\/\",\"url\":\"https:\\\/\\\/richter.ceo\\\/coxs\\\/produkt\\\/inchmurrin-madeira\\\/\",\"name\":\"Loch Lomond Inchmurrin Madeira\",\"isPartOf\":{\"@id\":\"https:\\\/\\\/richter.ceo\\\/coxs\\\/en\\\/#website\"},\"primaryImageOfPage\":{\"@id\":\"https:\\\/\\\/richter.ceo\\\/coxs\\\/produkt\\\/inchmurrin-madeira\\\/#primaryimage\"},\"image\":{\"@id\":\"https:\\\/\\\/richter.ceo\\\/coxs\\\/produkt\\\/inchmurrin-madeira\\\/#primaryimage\"},\"thumbnailUrl\":\"https:\\\/\\\/richter.ceo\\\/coxs\\\/wp-content\\\/uploads\\\/sites\\\/4\\\/2025\\\/05\\\/1970_inchmurrin_madeira-864x1024-1.jpg\",\"datePublished\":\"2025-05-12T08:28:37+00:00\",\"dateModified\":\"2025-05-12T08:46:22+00:00\",\"description\":\"Master distiller Bill White vyb\u00edr\u00e1 jednotliv\u00e9 whisky sta\u0159en\u00e9 v\u00fdhradn\u011b v tradi\u010dn\u00edch sudech z americk\u00e9ho dubu, kter\u00e9 pot\u00e9 spojuje a nech\u00e1v\u00e1 d\u00e1le zr\u00e1t v\",\"breadcrumb\":{\"@id\":\"https:\\\/\\\/richter.ceo\\\/coxs\\\/produkt\\\/inchmurrin-madeira\\\/#breadcrumb\"},\"inLanguage\":\"cs\",\"potentialAction\":[{\"@type\":\"ReadAction\",\"target\":[\"https:\\\/\\\/richter.ceo\\\/coxs\\\/produkt\\\/inchmurrin-madeira\\\/\"]}]},{\"@type\":\"ImageObject\",\"inLanguage\":\"cs\",\"@id\":\"https:\\\/\\\/richter.ceo\\\/coxs\\\/produkt\\\/inchmurrin-madeira\\\/#primaryimage\",\"url\":\"https:\\\/\\\/richter.ceo\\\/coxs\\\/wp-content\\\/uploads\\\/sites\\\/4\\\/2025\\\/05\\\/1970_inchmurrin_madeira-864x1024-1.jpg\",\"contentUrl\":\"https:\\\/\\\/richter.ceo\\\/coxs\\\/wp-content\\\/uploads\\\/sites\\\/4\\\/2025\\\/05\\\/1970_inchmurrin_madeira-864x1024-1.jpg\",\"width\":864,\"height\":1024,\"caption\":\"COXS CLUB\"},{\"@type\":\"BreadcrumbList\",\"@id\":\"https:\\\/\\\/richter.ceo\\\/coxs\\\/produkt\\\/inchmurrin-madeira\\\/#breadcrumb\",\"itemListElement\":[{\"@type\":\"ListItem\",\"position\":1,\"name\":\"Dom\u016f\",\"item\":\"https:\\\/\\\/richter.ceo\\\/coxs\\\/\"},{\"@type\":\"ListItem\",\"position\":2,\"name\":\"N\u00c1POJE\",\"item\":\"https:\\\/\\\/richter.ceo\\\/coxs\\\/en\\\/napoje\\\/\"},{\"@type\":\"ListItem\",\"position\":3,\"name\":\"Loch Lomond Inchmurrin Madeira\"}]},{\"@type\":\"WebSite\",\"@id\":\"https:\\\/\\\/richter.ceo\\\/coxs\\\/en\\\/#website\",\"url\":\"https:\\\/\\\/richter.ceo\\\/coxs\\\/en\\\/\",\"name\":\"COXS CLUB\",\"description\":\"Beton a Rum\",\"publisher\":{\"@id\":\"https:\\\/\\\/richter.ceo\\\/coxs\\\/en\\\/#organization\"},\"potentialAction\":[{\"@type\":\"SearchAction\",\"target\":{\"@type\":\"EntryPoint\",\"urlTemplate\":\"https:\\\/\\\/richter.ceo\\\/coxs\\\/en\\\/?s={search_term_string}\"},\"query-input\":{\"@type\":\"PropertyValueSpecification\",\"valueRequired\":true,\"valueName\":\"search_term_string\"}}],\"inLanguage\":\"cs\"},{\"@type\":\"Organization\",\"@id\":\"https:\\\/\\\/richter.ceo\\\/coxs\\\/en\\\/#organization\",\"name\":\"COXS CLUB\",\"url\":\"https:\\\/\\\/richter.ceo\\\/coxs\\\/en\\\/\",\"logo\":{\"@type\":\"ImageObject\",\"inLanguage\":\"cs\",\"@id\":\"https:\\\/\\\/richter.ceo\\\/coxs\\\/en\\\/#\\\/schema\\\/logo\\\/image\\\/\",\"url\":\"http:\\\/\\\/richter.ceo\\\/coxs\\\/wp-content\\\/uploads\\\/sites\\\/4\\\/2025\\\/05\\\/FAVICON-dark.webp\",\"contentUrl\":\"http:\\\/\\\/richter.ceo\\\/coxs\\\/wp-content\\\/uploads\\\/sites\\\/4\\\/2025\\\/05\\\/FAVICON-dark.webp\",\"width\":512,\"height\":512,\"caption\":\"COXS CLUB\"},\"image\":{\"@id\":\"https:\\\/\\\/richter.ceo\\\/coxs\\\/en\\\/#\\\/schema\\\/logo\\\/image\\\/\"},\"sameAs\":[\"https:\\\/\\\/www.facebook.com\\\/profile.php?id=100088204002615\",\"https:\\\/\\\/www.instagram.com\\\/coxs_coxs\\\/\"]}]}<\/script>\n<!-- \/ Yoast SEO plugin. -->","yoast_head_json":{"title":"Loch Lomond Inchmurrin Madeira","description":"Master distiller Bill White vyb\u00edr\u00e1 jednotliv\u00e9 whisky sta\u0159en\u00e9 v\u00fdhradn\u011b v tradi\u010dn\u00edch sudech z americk\u00e9ho dubu, kter\u00e9 pot\u00e9 spojuje a nech\u00e1v\u00e1 d\u00e1le zr\u00e1t v","robots":{"index":"index","follow":"follow","max-snippet":"max-snippet:-1","max-image-preview":"max-image-preview:large","max-video-preview":"max-video-preview:-1"},"canonical":"https:\/\/richter.ceo\/coxs\/produkt\/inchmurrin-madeira\/","og_locale":"cs_CZ","og_type":"article","og_title":"Loch Lomond Inchmurrin Madeira","og_description":"Master distiller Bill White vyb\u00edr\u00e1 jednotliv\u00e9 whisky sta\u0159en\u00e9 v\u00fdhradn\u011b v tradi\u010dn\u00edch sudech z americk\u00e9ho dubu, kter\u00e9 pot\u00e9 spojuje a nech\u00e1v\u00e1 d\u00e1le zr\u00e1t v","og_url":"https:\/\/richter.ceo\/coxs\/produkt\/inchmurrin-madeira\/","og_site_name":"COXS CLUB","article_publisher":"https:\/\/www.facebook.com\/profile.php?id=100088204002615","article_modified_time":"2025-05-12T08:46:22+00:00","og_image":[{"width":864,"height":1024,"url":"https:\/\/richter.ceo\/coxs\/wp-content\/uploads\/sites\/4\/2025\/05\/1970_inchmurrin_madeira-864x1024-1.jpg","type":"image\/jpeg"}],"twitter_card":"summary_large_image","twitter_misc":{"Odhadovan\u00e1 doba \u010dten\u00ed":"1 minuta"},"schema":{"@context":"https:\/\/schema.org","@graph":[{"@type":"WebPage","@id":"https:\/\/richter.ceo\/coxs\/produkt\/inchmurrin-madeira\/","url":"https:\/\/richter.ceo\/coxs\/produkt\/inchmurrin-madeira\/","name":"Loch Lomond Inchmurrin Madeira","isPartOf":{"@id":"https:\/\/richter.ceo\/coxs\/en\/#website"},"primaryImageOfPage":{"@id":"https:\/\/richter.ceo\/coxs\/produkt\/inchmurrin-madeira\/#primaryimage"},"image":{"@id":"https:\/\/richter.ceo\/coxs\/produkt\/inchmurrin-madeira\/#primaryimage"},"thumbnailUrl":"https:\/\/richter.ceo\/coxs\/wp-content\/uploads\/sites\/4\/2025\/05\/1970_inchmurrin_madeira-864x1024-1.jpg","datePublished":"2025-05-12T08:28:37+00:00","dateModified":"2025-05-12T08:46:22+00:00","description":"Master distiller Bill White vyb\u00edr\u00e1 jednotliv\u00e9 whisky sta\u0159en\u00e9 v\u00fdhradn\u011b v tradi\u010dn\u00edch sudech z americk\u00e9ho dubu, kter\u00e9 pot\u00e9 spojuje a nech\u00e1v\u00e1 d\u00e1le zr\u00e1t v","breadcrumb":{"@id":"https:\/\/richter.ceo\/coxs\/produkt\/inchmurrin-madeira\/#breadcrumb"},"inLanguage":"cs","potentialAction":[{"@type":"ReadAction","target":["https:\/\/richter.ceo\/coxs\/produkt\/inchmurrin-madeira\/"]}]},{"@type":"ImageObject","inLanguage":"cs","@id":"https:\/\/richter.ceo\/coxs\/produkt\/inchmurrin-madeira\/#primaryimage","url":"https:\/\/richter.ceo\/coxs\/wp-content\/uploads\/sites\/4\/2025\/05\/1970_inchmurrin_madeira-864x1024-1.jpg","contentUrl":"https:\/\/richter.ceo\/coxs\/wp-content\/uploads\/sites\/4\/2025\/05\/1970_inchmurrin_madeira-864x1024-1.jpg","width":864,"height":1024,"caption":"COXS CLUB"},{"@type":"BreadcrumbList","@id":"https:\/\/richter.ceo\/coxs\/produkt\/inchmurrin-madeira\/#breadcrumb","itemListElement":[{"@type":"ListItem","position":1,"name":"Dom\u016f","item":"https:\/\/richter.ceo\/coxs\/"},{"@type":"ListItem","position":2,"name":"N\u00c1POJE","item":"https:\/\/richter.ceo\/coxs\/en\/napoje\/"},{"@type":"ListItem","position":3,"name":"Loch Lomond Inchmurrin Madeira"}]},{"@type":"WebSite","@id":"https:\/\/richter.ceo\/coxs\/en\/#website","url":"https:\/\/richter.ceo\/coxs\/en\/","name":"COXS CLUB","description":"Beton a Rum","publisher":{"@id":"https:\/\/richter.ceo\/coxs\/en\/#organization"},"potentialAction":[{"@type":"SearchAction","target":{"@type":"EntryPoint","urlTemplate":"https:\/\/richter.ceo\/coxs\/en\/?s={search_term_string}"},"query-input":{"@type":"PropertyValueSpecification","valueRequired":true,"valueName":"search_term_string"}}],"inLanguage":"cs"},{"@type":"Organization","@id":"https:\/\/richter.ceo\/coxs\/en\/#organization","name":"COXS CLUB","url":"https:\/\/richter.ceo\/coxs\/en\/","logo":{"@type":"ImageObject","inLanguage":"cs","@id":"https:\/\/richter.ceo\/coxs\/en\/#\/schema\/logo\/image\/","url":"http:\/\/richter.ceo\/coxs\/wp-content\/uploads\/sites\/4\/2025\/05\/FAVICON-dark.webp","contentUrl":"http:\/\/richter.ceo\/coxs\/wp-content\/uploads\/sites\/4\/2025\/05\/FAVICON-dark.webp","width":512,"height":512,"caption":"COXS CLUB"},"image":{"@id":"https:\/\/richter.ceo\/coxs\/en\/#\/schema\/logo\/image\/"},"sameAs":["https:\/\/www.facebook.com\/profile.php?id=100088204002615","https:\/\/www.instagram.com\/coxs_coxs\/"]}]}},"_links":{"self":[{"href":"https:\/\/richter.ceo\/coxs\/wp-json\/wp\/v2\/product\/854","targetHints":{"allow":["GET"]}}],"collection":[{"href":"https:\/\/richter.ceo\/coxs\/wp-json\/wp\/v2\/product"}],"about":[{"href":"https:\/\/richter.ceo\/coxs\/wp-json\/wp\/v2\/types\/product"}],"wp:featuredmedia":[{"embeddable":true,"href":"https:\/\/richter.ceo\/coxs\/wp-json\/wp\/v2\/media\/850"}],"wp:attachment":[{"href":"https:\/\/richter.ceo\/coxs\/wp-json\/wp\/v2\/media?parent=854"}],"wp:term":[{"taxonomy":"product_brand","embeddable":true,"href":"https:\/\/richter.ceo\/coxs\/wp-json\/wp\/v2\/product_brand?post=854"},{"taxonomy":"product_cat","embeddable":true,"href":"https:\/\/richter.ceo\/coxs\/wp-json\/wp\/v2\/product_cat?post=854"},{"taxonomy":"product_tag","embeddable":true,"href":"https:\/\/richter.ceo\/coxs\/wp-json\/wp\/v2\/product_tag?post=854"}],"curies":[{"name":"wp","href":"https:\/\/api.w.org\/{rel}","templated":true}]}}