{"id":856,"date":"2025-05-12T10:37:37","date_gmt":"2025-05-12T08:37:37","guid":{"rendered":"https:\/\/richter.ceo\/coxsclub\/?post_type=product&#038;p=856"},"modified":"2025-05-12T10:37:37","modified_gmt":"2025-05-12T08:37:37","slug":"glen-grant-12-y-o","status":"publish","type":"product","link":"https:\/\/richter.ceo\/coxs\/produkt\/glen-grant-12-y-o\/","title":{"rendered":"Glen Grant 12 y.o."},"content":{"rendered":"<p>Pal\u00edrnu Glen Grant v\u00a0roce 1840 zalo\u017eili brat\u0159i John a\u00a0James Grantovi. O\u00a032 let pozd\u011bji se do \u010dela spole\u010dnosti postavil James The Major Grant, kter\u00fd zavedl mnoh\u00e1 vylep\u0161en\u00ed, je\u017e se v\u00a0pal\u00edrn\u011b pou\u017e\u00edvaj\u00ed dodnes. Pat\u0159\u00ed k\u00a0nim velmi vysok\u00e9 destila\u010dn\u00ed kotle a\u00a0revolu\u010dn\u00ed deflegm\u00e1tor, d\u00edky n\u011bmu\u017e se z\u00a0kotl\u016f dostanou jen ty nejjemn\u011bj\u0161\u00ed p\u00e1ry. V\u00fdsledkem je lehk\u00fd a\u00a0z\u00e1rove\u0148 komplexn\u00ed destil\u00e1t s\u00a0jemn\u011bj\u0161\u00edm aroma.<\/p>\n<p>&nbsp;<\/p>\n<div class=\"elementor-column elementor-col-50 elementor-inner-column elementor-element elementor-element-df5ea97\" data-id=\"df5ea97\" data-element_type=\"column\">\n<div class=\"elementor-widget-wrap elementor-element-populated\">\n<div class=\"elementor-element elementor-element-5f45f876 elementor-widget elementor-widget-woocommerce-product-short-description\" data-id=\"5f45f876\" data-element_type=\"widget\" data-widget_type=\"woocommerce-product-short-description.default\">\n<div class=\"elementor-widget-container\">\n<div class=\"woocommerce-product-details__short-description\">\n<div id=\"secondaryColumn\" class=\"page-column page-secondary-column\">\n<div id=\"description\" class=\"long-description wysiwyg-content\">\n<div id=\"secondaryColumn\" class=\"page-column page-secondary-column\">\n<div id=\"description\" class=\"long-description wysiwyg-content\">\n<div id=\"secondaryColumn\" class=\"page-column page-secondary-column\">\n<div id=\"description\" class=\"long-description wysiwyg-content\">\n<div id=\"secondaryColumn\" class=\"page-column page-secondary-column\">\n<div id=\"description\" class=\"long-description wysiwyg-content\">\n<div id=\"secondaryColumn\" class=\"page-column page-secondary-column\">\n<div id=\"description\" class=\"long-description wysiwyg-content\">\n<div id=\"secondaryColumn\" class=\"page-column page-secondary-column\">\n<div id=\"description\" class=\"long-description wysiwyg-content\">\n<p>V roce 2016, kdy byla uveden na trh, byla 12 Y.O. single malt ocen\u011bn zlatou medail\u00ed pro Nejlep\u0161\u00ed single malt ze Speyside (12-13 let) na vysoce respektovan\u00e9 sout\u011b\u017ei International Wine &amp; Spirits Competition. V aroma se projevuj\u00ed t\u00f3ny medu, hru\u0161ek a jablek se stopami mandl\u00ed a citrus\u016f. Chu\u0165 se vyzna\u010duje t\u00f3ny jable\u010dn\u00e9ho kol\u00e1\u010de, karamelu a vanilky, v zakon\u010den\u00ed s p\u0159etrv\u00e1vaj\u00edc\u00edmi t\u00f3ny ovoce s jemn\u00fdmi n\u00e1znaky ko\u0159en\u00ed.<\/p>\n<\/div>\n<\/div>\n<\/div>\n<\/div>\n<\/div>\n<\/div>\n<\/div>\n<\/div>\n<\/div>\n<\/div>\n<\/div>\n<\/div>\n<\/div>\n<\/div>\n<\/div>\n<\/div>\n<\/div>\n","protected":false},"excerpt":{"rendered":"<p>Pal\u00edrnu Glen Grant v\u00a0roce 1840 zalo\u017eili brat\u0159i John a\u00a0James Grantovi. O\u00a032 let pozd\u011bji se do \u010dela spole\u010dnosti postavil James The Major Grant, kter\u00fd zavedl mnoh\u00e1 vylep\u0161en\u00ed, je\u017e se v\u00a0pal\u00edrn\u011b pou\u017e\u00edvaj\u00ed dodnes. Pat\u0159\u00ed k\u00a0nim velmi vysok\u00e9 destila\u010dn\u00ed kotle a\u00a0revolu\u010dn\u00ed deflegm\u00e1tor, d\u00edky n\u011bmu\u017e se z\u00a0kotl\u016f dostanou jen ty nejjemn\u011bj\u0161\u00ed p\u00e1ry. V\u00fdsledkem je lehk\u00fd a\u00a0z\u00e1rove\u0148 komplexn\u00ed destil\u00e1t s\u00a0jemn\u011bj\u0161\u00edm [&hellip;]<\/p>\n","protected":false},"featured_media":852,"template":"","meta":{"_acf_changed":false},"product_brand":[57],"product_cat":[50],"product_tag":[],"class_list":{"0":"post-856","1":"product","2":"type-product","3":"status-publish","4":"has-post-thumbnail","6":"product_brand-glen-grant","7":"product_cat-whisky","8":"pa_cena-za-004-l","9":"pa_obsah-alkoholu-56","10":"pa_zeme-skotsko","12":"first","13":"instock","14":"shipping-taxable","15":"purchasable","16":"product-type-simple"},"acf":[],"yoast_head":"<!-- This site is optimized with the Yoast SEO plugin v27.5 - https:\/\/yoast.com\/product\/yoast-seo-wordpress\/ -->\n<title>Glen Grant 12 y.o.<\/title>\n<meta name=\"description\" content=\"Pal\u00edrnu Glen Grant v\u00a0roce 1840 zalo\u017eili brat\u0159i John a\u00a0James Grantovi. O\u00a032 let pozd\u011bji se do \u010dela spole\u010dnosti postavil James The Major Grant, kter\u00fd zavedl\" \/>\n<meta name=\"robots\" content=\"index, follow, max-snippet:-1, max-image-preview:large, max-video-preview:-1\" \/>\n<link rel=\"canonical\" href=\"https:\/\/richter.ceo\/coxs\/produkt\/glen-grant-12-y-o\/\" \/>\n<meta property=\"og:locale\" content=\"cs_CZ\" \/>\n<meta property=\"og:type\" content=\"article\" \/>\n<meta property=\"og:title\" content=\"Glen Grant 12 y.o.\" \/>\n<meta property=\"og:description\" content=\"Pal\u00edrnu Glen Grant v\u00a0roce 1840 zalo\u017eili brat\u0159i John a\u00a0James Grantovi. O\u00a032 let pozd\u011bji se do \u010dela spole\u010dnosti postavil James The Major Grant, kter\u00fd zavedl\" \/>\n<meta property=\"og:url\" content=\"https:\/\/richter.ceo\/coxs\/produkt\/glen-grant-12-y-o\/\" \/>\n<meta property=\"og:site_name\" content=\"COXS CLUB\" \/>\n<meta property=\"article:publisher\" content=\"https:\/\/www.facebook.com\/profile.php?id=100088204002615\" \/>\n<meta property=\"og:image\" content=\"https:\/\/richter.ceo\/coxs\/wp-content\/uploads\/sites\/4\/2025\/05\/2226_glen_grant_12yo-864x1024-1.jpg\" \/>\n\t<meta property=\"og:image:width\" content=\"864\" \/>\n\t<meta property=\"og:image:height\" content=\"1024\" \/>\n\t<meta property=\"og:image:type\" content=\"image\/jpeg\" \/>\n<meta name=\"twitter:card\" content=\"summary_large_image\" \/>\n<meta name=\"twitter:label1\" content=\"Odhadovan\u00e1 doba \u010dten\u00ed\" \/>\n\t<meta name=\"twitter:data1\" content=\"1 minuta\" \/>\n<script type=\"application\/ld+json\" class=\"yoast-schema-graph\">{\"@context\":\"https:\\\/\\\/schema.org\",\"@graph\":[{\"@type\":\"WebPage\",\"@id\":\"https:\\\/\\\/richter.ceo\\\/coxs\\\/produkt\\\/glen-grant-12-y-o\\\/\",\"url\":\"https:\\\/\\\/richter.ceo\\\/coxs\\\/produkt\\\/glen-grant-12-y-o\\\/\",\"name\":\"Glen Grant 12 y.o.\",\"isPartOf\":{\"@id\":\"https:\\\/\\\/richter.ceo\\\/coxs\\\/en\\\/#website\"},\"primaryImageOfPage\":{\"@id\":\"https:\\\/\\\/richter.ceo\\\/coxs\\\/produkt\\\/glen-grant-12-y-o\\\/#primaryimage\"},\"image\":{\"@id\":\"https:\\\/\\\/richter.ceo\\\/coxs\\\/produkt\\\/glen-grant-12-y-o\\\/#primaryimage\"},\"thumbnailUrl\":\"https:\\\/\\\/richter.ceo\\\/coxs\\\/wp-content\\\/uploads\\\/sites\\\/4\\\/2025\\\/05\\\/2226_glen_grant_12yo-864x1024-1.jpg\",\"datePublished\":\"2025-05-12T08:37:37+00:00\",\"description\":\"Pal\u00edrnu Glen Grant v\u00a0roce 1840 zalo\u017eili brat\u0159i John a\u00a0James Grantovi. O\u00a032 let pozd\u011bji se do \u010dela spole\u010dnosti postavil James The Major Grant, kter\u00fd zavedl\",\"breadcrumb\":{\"@id\":\"https:\\\/\\\/richter.ceo\\\/coxs\\\/produkt\\\/glen-grant-12-y-o\\\/#breadcrumb\"},\"inLanguage\":\"cs\",\"potentialAction\":[{\"@type\":\"ReadAction\",\"target\":[\"https:\\\/\\\/richter.ceo\\\/coxs\\\/produkt\\\/glen-grant-12-y-o\\\/\"]}]},{\"@type\":\"ImageObject\",\"inLanguage\":\"cs\",\"@id\":\"https:\\\/\\\/richter.ceo\\\/coxs\\\/produkt\\\/glen-grant-12-y-o\\\/#primaryimage\",\"url\":\"https:\\\/\\\/richter.ceo\\\/coxs\\\/wp-content\\\/uploads\\\/sites\\\/4\\\/2025\\\/05\\\/2226_glen_grant_12yo-864x1024-1.jpg\",\"contentUrl\":\"https:\\\/\\\/richter.ceo\\\/coxs\\\/wp-content\\\/uploads\\\/sites\\\/4\\\/2025\\\/05\\\/2226_glen_grant_12yo-864x1024-1.jpg\",\"width\":864,\"height\":1024,\"caption\":\"COXS CLUB\"},{\"@type\":\"BreadcrumbList\",\"@id\":\"https:\\\/\\\/richter.ceo\\\/coxs\\\/produkt\\\/glen-grant-12-y-o\\\/#breadcrumb\",\"itemListElement\":[{\"@type\":\"ListItem\",\"position\":1,\"name\":\"Dom\u016f\",\"item\":\"https:\\\/\\\/richter.ceo\\\/coxs\\\/\"},{\"@type\":\"ListItem\",\"position\":2,\"name\":\"N\u00c1POJE\",\"item\":\"https:\\\/\\\/richter.ceo\\\/coxs\\\/en\\\/napoje\\\/\"},{\"@type\":\"ListItem\",\"position\":3,\"name\":\"Glen Grant 12 y.o.\"}]},{\"@type\":\"WebSite\",\"@id\":\"https:\\\/\\\/richter.ceo\\\/coxs\\\/en\\\/#website\",\"url\":\"https:\\\/\\\/richter.ceo\\\/coxs\\\/en\\\/\",\"name\":\"COXS CLUB\",\"description\":\"Beton a Rum\",\"publisher\":{\"@id\":\"https:\\\/\\\/richter.ceo\\\/coxs\\\/en\\\/#organization\"},\"potentialAction\":[{\"@type\":\"SearchAction\",\"target\":{\"@type\":\"EntryPoint\",\"urlTemplate\":\"https:\\\/\\\/richter.ceo\\\/coxs\\\/en\\\/?s={search_term_string}\"},\"query-input\":{\"@type\":\"PropertyValueSpecification\",\"valueRequired\":true,\"valueName\":\"search_term_string\"}}],\"inLanguage\":\"cs\"},{\"@type\":\"Organization\",\"@id\":\"https:\\\/\\\/richter.ceo\\\/coxs\\\/en\\\/#organization\",\"name\":\"COXS CLUB\",\"url\":\"https:\\\/\\\/richter.ceo\\\/coxs\\\/en\\\/\",\"logo\":{\"@type\":\"ImageObject\",\"inLanguage\":\"cs\",\"@id\":\"https:\\\/\\\/richter.ceo\\\/coxs\\\/en\\\/#\\\/schema\\\/logo\\\/image\\\/\",\"url\":\"http:\\\/\\\/richter.ceo\\\/coxs\\\/wp-content\\\/uploads\\\/sites\\\/4\\\/2025\\\/05\\\/FAVICON-dark.webp\",\"contentUrl\":\"http:\\\/\\\/richter.ceo\\\/coxs\\\/wp-content\\\/uploads\\\/sites\\\/4\\\/2025\\\/05\\\/FAVICON-dark.webp\",\"width\":512,\"height\":512,\"caption\":\"COXS CLUB\"},\"image\":{\"@id\":\"https:\\\/\\\/richter.ceo\\\/coxs\\\/en\\\/#\\\/schema\\\/logo\\\/image\\\/\"},\"sameAs\":[\"https:\\\/\\\/www.facebook.com\\\/profile.php?id=100088204002615\",\"https:\\\/\\\/www.instagram.com\\\/coxs_coxs\\\/\"]}]}<\/script>\n<!-- \/ Yoast SEO plugin. -->","yoast_head_json":{"title":"Glen Grant 12 y.o.","description":"Pal\u00edrnu Glen Grant v\u00a0roce 1840 zalo\u017eili brat\u0159i John a\u00a0James Grantovi. O\u00a032 let pozd\u011bji se do \u010dela spole\u010dnosti postavil James The Major Grant, kter\u00fd zavedl","robots":{"index":"index","follow":"follow","max-snippet":"max-snippet:-1","max-image-preview":"max-image-preview:large","max-video-preview":"max-video-preview:-1"},"canonical":"https:\/\/richter.ceo\/coxs\/produkt\/glen-grant-12-y-o\/","og_locale":"cs_CZ","og_type":"article","og_title":"Glen Grant 12 y.o.","og_description":"Pal\u00edrnu Glen Grant v\u00a0roce 1840 zalo\u017eili brat\u0159i John a\u00a0James Grantovi. O\u00a032 let pozd\u011bji se do \u010dela spole\u010dnosti postavil James The Major Grant, kter\u00fd zavedl","og_url":"https:\/\/richter.ceo\/coxs\/produkt\/glen-grant-12-y-o\/","og_site_name":"COXS CLUB","article_publisher":"https:\/\/www.facebook.com\/profile.php?id=100088204002615","og_image":[{"width":864,"height":1024,"url":"https:\/\/richter.ceo\/coxs\/wp-content\/uploads\/sites\/4\/2025\/05\/2226_glen_grant_12yo-864x1024-1.jpg","type":"image\/jpeg"}],"twitter_card":"summary_large_image","twitter_misc":{"Odhadovan\u00e1 doba \u010dten\u00ed":"1 minuta"},"schema":{"@context":"https:\/\/schema.org","@graph":[{"@type":"WebPage","@id":"https:\/\/richter.ceo\/coxs\/produkt\/glen-grant-12-y-o\/","url":"https:\/\/richter.ceo\/coxs\/produkt\/glen-grant-12-y-o\/","name":"Glen Grant 12 y.o.","isPartOf":{"@id":"https:\/\/richter.ceo\/coxs\/en\/#website"},"primaryImageOfPage":{"@id":"https:\/\/richter.ceo\/coxs\/produkt\/glen-grant-12-y-o\/#primaryimage"},"image":{"@id":"https:\/\/richter.ceo\/coxs\/produkt\/glen-grant-12-y-o\/#primaryimage"},"thumbnailUrl":"https:\/\/richter.ceo\/coxs\/wp-content\/uploads\/sites\/4\/2025\/05\/2226_glen_grant_12yo-864x1024-1.jpg","datePublished":"2025-05-12T08:37:37+00:00","description":"Pal\u00edrnu Glen Grant v\u00a0roce 1840 zalo\u017eili brat\u0159i John a\u00a0James Grantovi. O\u00a032 let pozd\u011bji se do \u010dela spole\u010dnosti postavil James The Major Grant, kter\u00fd zavedl","breadcrumb":{"@id":"https:\/\/richter.ceo\/coxs\/produkt\/glen-grant-12-y-o\/#breadcrumb"},"inLanguage":"cs","potentialAction":[{"@type":"ReadAction","target":["https:\/\/richter.ceo\/coxs\/produkt\/glen-grant-12-y-o\/"]}]},{"@type":"ImageObject","inLanguage":"cs","@id":"https:\/\/richter.ceo\/coxs\/produkt\/glen-grant-12-y-o\/#primaryimage","url":"https:\/\/richter.ceo\/coxs\/wp-content\/uploads\/sites\/4\/2025\/05\/2226_glen_grant_12yo-864x1024-1.jpg","contentUrl":"https:\/\/richter.ceo\/coxs\/wp-content\/uploads\/sites\/4\/2025\/05\/2226_glen_grant_12yo-864x1024-1.jpg","width":864,"height":1024,"caption":"COXS CLUB"},{"@type":"BreadcrumbList","@id":"https:\/\/richter.ceo\/coxs\/produkt\/glen-grant-12-y-o\/#breadcrumb","itemListElement":[{"@type":"ListItem","position":1,"name":"Dom\u016f","item":"https:\/\/richter.ceo\/coxs\/"},{"@type":"ListItem","position":2,"name":"N\u00c1POJE","item":"https:\/\/richter.ceo\/coxs\/en\/napoje\/"},{"@type":"ListItem","position":3,"name":"Glen Grant 12 y.o."}]},{"@type":"WebSite","@id":"https:\/\/richter.ceo\/coxs\/en\/#website","url":"https:\/\/richter.ceo\/coxs\/en\/","name":"COXS CLUB","description":"Beton a Rum","publisher":{"@id":"https:\/\/richter.ceo\/coxs\/en\/#organization"},"potentialAction":[{"@type":"SearchAction","target":{"@type":"EntryPoint","urlTemplate":"https:\/\/richter.ceo\/coxs\/en\/?s={search_term_string}"},"query-input":{"@type":"PropertyValueSpecification","valueRequired":true,"valueName":"search_term_string"}}],"inLanguage":"cs"},{"@type":"Organization","@id":"https:\/\/richter.ceo\/coxs\/en\/#organization","name":"COXS CLUB","url":"https:\/\/richter.ceo\/coxs\/en\/","logo":{"@type":"ImageObject","inLanguage":"cs","@id":"https:\/\/richter.ceo\/coxs\/en\/#\/schema\/logo\/image\/","url":"http:\/\/richter.ceo\/coxs\/wp-content\/uploads\/sites\/4\/2025\/05\/FAVICON-dark.webp","contentUrl":"http:\/\/richter.ceo\/coxs\/wp-content\/uploads\/sites\/4\/2025\/05\/FAVICON-dark.webp","width":512,"height":512,"caption":"COXS CLUB"},"image":{"@id":"https:\/\/richter.ceo\/coxs\/en\/#\/schema\/logo\/image\/"},"sameAs":["https:\/\/www.facebook.com\/profile.php?id=100088204002615","https:\/\/www.instagram.com\/coxs_coxs\/"]}]}},"_links":{"self":[{"href":"https:\/\/richter.ceo\/coxs\/wp-json\/wp\/v2\/product\/856","targetHints":{"allow":["GET"]}}],"collection":[{"href":"https:\/\/richter.ceo\/coxs\/wp-json\/wp\/v2\/product"}],"about":[{"href":"https:\/\/richter.ceo\/coxs\/wp-json\/wp\/v2\/types\/product"}],"wp:featuredmedia":[{"embeddable":true,"href":"https:\/\/richter.ceo\/coxs\/wp-json\/wp\/v2\/media\/852"}],"wp:attachment":[{"href":"https:\/\/richter.ceo\/coxs\/wp-json\/wp\/v2\/media?parent=856"}],"wp:term":[{"taxonomy":"product_brand","embeddable":true,"href":"https:\/\/richter.ceo\/coxs\/wp-json\/wp\/v2\/product_brand?post=856"},{"taxonomy":"product_cat","embeddable":true,"href":"https:\/\/richter.ceo\/coxs\/wp-json\/wp\/v2\/product_cat?post=856"},{"taxonomy":"product_tag","embeddable":true,"href":"https:\/\/richter.ceo\/coxs\/wp-json\/wp\/v2\/product_tag?post=856"}],"curies":[{"name":"wp","href":"https:\/\/api.w.org\/{rel}","templated":true}]}}