{"id":857,"date":"2025-05-12T10:39:23","date_gmt":"2025-05-12T08:39:23","guid":{"rendered":"https:\/\/richter.ceo\/coxsclub\/?post_type=product&#038;p=857"},"modified":"2025-05-12T10:39:23","modified_gmt":"2025-05-12T08:39:23","slug":"cardhu-15-y-o","status":"publish","type":"product","link":"https:\/\/richter.ceo\/coxs\/produkt\/cardhu-15-y-o\/","title":{"rendered":"Cardhu 15 y.o."},"content":{"rendered":"<p>Cardhu poch\u00e1z\u00ed z\u00a0jedn\u00e9 z\u00a0nejstar\u0161\u00edch destileri\u00ed ve Speyside, kter\u00e1 stoj\u00ed pobl\u00ed\u017e \u0159eky Spey ji\u017e 200 let. Jej\u00ed n\u00e1zev poch\u00e1z\u00ed z\u00a0gael\u0161iny a\u00a0odkazuje na m\u00edsto nach\u00e1zej\u00edc\u00ed se na \u0159ece Spey, v\u00a0p\u0159ekladu \u201e\u010dern\u00e1 sk\u00e1la\u201c. V\u00a0Cardhu se vyr\u00e1b\u00ed \u017eiv\u00e9 a\u00a0zaj\u00edmav\u00e9 whisky. Historie Cardhu a\u00a0jej\u00edho proslaven\u00ed je z\u00a0velk\u00e9 \u010d\u00e1sti p\u0159\u00edb\u011bhem dvou odhodlan\u00fdch \u017een: Helen Cummingov\u00e9, prvn\u00ed \u201e\u017eeny whisky\u201c, kter\u00e1 se sv\u00fdm man\u017eelem roku 1811 pal\u00edrnu zalo\u017eila, a\u00a0jej\u00ed snachy Elizabeth, kter\u00e1 se n\u00e1sledn\u011b proslavila jako \u201e\u017eena obchodu s\u00a0whisky\u201c.<\/p>\n<p>&nbsp;<\/p>\n<div class=\"elementor-column elementor-col-50 elementor-inner-column elementor-element elementor-element-df5ea97\" data-id=\"df5ea97\" data-element_type=\"column\">\n<div class=\"elementor-widget-wrap elementor-element-populated\">\n<div class=\"elementor-element elementor-element-5f45f876 elementor-widget elementor-widget-woocommerce-product-short-description\" data-id=\"5f45f876\" data-element_type=\"widget\" data-widget_type=\"woocommerce-product-short-description.default\">\n<div class=\"elementor-widget-container\">\n<div class=\"woocommerce-product-details__short-description\">\n<div id=\"secondaryColumn\" class=\"page-column page-secondary-column\">\n<div id=\"description\" class=\"long-description wysiwyg-content\">\n<div id=\"secondaryColumn\" class=\"page-column page-secondary-column\">\n<div id=\"description\" class=\"long-description wysiwyg-content\">\n<div id=\"secondaryColumn\" class=\"page-column page-secondary-column\">\n<div id=\"description\" class=\"long-description wysiwyg-content\">\n<div id=\"secondaryColumn\" class=\"page-column page-secondary-column\">\n<div id=\"description\" class=\"long-description wysiwyg-content\">\n<div id=\"secondaryColumn\" class=\"page-column page-secondary-column\">\n<div id=\"description\" class=\"long-description wysiwyg-content\">\n<div id=\"secondaryColumn\" class=\"page-column page-secondary-column\">\n<div id=\"description\" class=\"long-description wysiwyg-content\">\n<div id=\"secondaryColumn\" class=\"page-column page-secondary-column\">\n<div id=\"description\" class=\"long-description wysiwyg-content\">\n<p>Whisky Cardhu jsou \u017eiv\u00e9, medov\u011b nasl\u00e1dl\u00e9 a vyzna\u010duj\u00ed se t\u00f3ny zelen\u00fdch jablek a hru\u0161ek. Po 15 letech zr\u00e1n\u00ed z\u00edskala tato edice vrstvy ovocn\u00fdch a medov\u00fdch chut\u00ed, v typicky \u010dist\u00e9m hedv\u00e1bn\u00e9m pojet\u00ed.<\/p>\n<\/div>\n<\/div>\n<\/div>\n<\/div>\n<\/div>\n<\/div>\n<\/div>\n<\/div>\n<\/div>\n<\/div>\n<\/div>\n<\/div>\n<\/div>\n<\/div>\n<\/div>\n<\/div>\n<\/div>\n<\/div>\n<\/div>\n","protected":false},"excerpt":{"rendered":"<p>Cardhu poch\u00e1z\u00ed z\u00a0jedn\u00e9 z\u00a0nejstar\u0161\u00edch destileri\u00ed ve Speyside, kter\u00e1 stoj\u00ed pobl\u00ed\u017e \u0159eky Spey ji\u017e 200 let. Jej\u00ed n\u00e1zev poch\u00e1z\u00ed z\u00a0gael\u0161iny a\u00a0odkazuje na m\u00edsto nach\u00e1zej\u00edc\u00ed se na \u0159ece Spey, v\u00a0p\u0159ekladu \u201e\u010dern\u00e1 sk\u00e1la\u201c. V\u00a0Cardhu se vyr\u00e1b\u00ed \u017eiv\u00e9 a\u00a0zaj\u00edmav\u00e9 whisky. Historie Cardhu a\u00a0jej\u00edho proslaven\u00ed je z\u00a0velk\u00e9 \u010d\u00e1sti p\u0159\u00edb\u011bhem dvou odhodlan\u00fdch \u017een: Helen Cummingov\u00e9, prvn\u00ed \u201e\u017eeny whisky\u201c, kter\u00e1 se sv\u00fdm [&hellip;]<\/p>\n","protected":false},"featured_media":853,"template":"","meta":{"_acf_changed":false},"product_brand":[58],"product_cat":[50],"product_tag":[],"class_list":{"0":"post-857","1":"product","2":"type-product","3":"status-publish","4":"has-post-thumbnail","6":"product_brand-cardhu","7":"product_cat-whisky","8":"pa_cena-za-004-l","9":"pa_obsah-alkoholu-21","10":"pa_zeme-skotsko","12":"first","13":"instock","14":"shipping-taxable","15":"purchasable","16":"product-type-simple"},"acf":[],"yoast_head":"<!-- This site is optimized with the Yoast SEO plugin v27.5 - https:\/\/yoast.com\/product\/yoast-seo-wordpress\/ -->\n<title>Cardhu 15 y.o.<\/title>\n<meta name=\"description\" content=\"Cardhu poch\u00e1z\u00ed z\u00a0jedn\u00e9 z\u00a0nejstar\u0161\u00edch destileri\u00ed ve Speyside, kter\u00e1 stoj\u00ed pobl\u00ed\u017e \u0159eky Spey ji\u017e 200 let. Jej\u00ed n\u00e1zev poch\u00e1z\u00ed z\u00a0gael\u0161iny a\u00a0odkazuje na m\u00edsto\" \/>\n<meta name=\"robots\" content=\"index, follow, max-snippet:-1, max-image-preview:large, max-video-preview:-1\" \/>\n<link rel=\"canonical\" href=\"https:\/\/richter.ceo\/coxs\/product\/cardhu-15-y-o\/\" \/>\n<meta property=\"og:locale\" content=\"cs_CZ\" \/>\n<meta property=\"og:type\" content=\"article\" \/>\n<meta property=\"og:title\" content=\"Cardhu 15 y.o.\" \/>\n<meta property=\"og:description\" content=\"Cardhu poch\u00e1z\u00ed z\u00a0jedn\u00e9 z\u00a0nejstar\u0161\u00edch destileri\u00ed ve Speyside, kter\u00e1 stoj\u00ed pobl\u00ed\u017e \u0159eky Spey ji\u017e 200 let. Jej\u00ed n\u00e1zev poch\u00e1z\u00ed z\u00a0gael\u0161iny a\u00a0odkazuje na m\u00edsto\" \/>\n<meta property=\"og:url\" content=\"https:\/\/richter.ceo\/coxs\/product\/cardhu-15-y-o\/\" \/>\n<meta property=\"og:site_name\" content=\"COXS CLUB\" \/>\n<meta property=\"article:publisher\" content=\"https:\/\/www.facebook.com\/profile.php?id=100088204002615\" \/>\n<meta property=\"og:image\" content=\"https:\/\/richter.ceo\/coxs\/wp-content\/uploads\/sites\/4\/2025\/05\/2449_cardhu_15_yo_1.jpg\" \/>\n\t<meta property=\"og:image:width\" content=\"600\" \/>\n\t<meta property=\"og:image:height\" content=\"711\" \/>\n\t<meta property=\"og:image:type\" content=\"image\/jpeg\" \/>\n<meta name=\"twitter:card\" content=\"summary_large_image\" \/>\n<meta name=\"twitter:label1\" content=\"Odhadovan\u00e1 doba \u010dten\u00ed\" \/>\n\t<meta name=\"twitter:data1\" content=\"1 minuta\" \/>\n<script type=\"application\/ld+json\" class=\"yoast-schema-graph\">{\"@context\":\"https:\\\/\\\/schema.org\",\"@graph\":[{\"@type\":\"WebPage\",\"@id\":\"https:\\\/\\\/richter.ceo\\\/coxs\\\/en\\\/product\\\/cardhu-15-y-o\\\/\",\"url\":\"https:\\\/\\\/richter.ceo\\\/coxs\\\/en\\\/product\\\/cardhu-15-y-o\\\/\",\"name\":\"Cardhu 15 y.o.\",\"isPartOf\":{\"@id\":\"https:\\\/\\\/richter.ceo\\\/coxs\\\/en\\\/#website\"},\"primaryImageOfPage\":{\"@id\":\"https:\\\/\\\/richter.ceo\\\/coxs\\\/en\\\/product\\\/cardhu-15-y-o\\\/#primaryimage\"},\"image\":{\"@id\":\"https:\\\/\\\/richter.ceo\\\/coxs\\\/en\\\/product\\\/cardhu-15-y-o\\\/#primaryimage\"},\"thumbnailUrl\":\"https:\\\/\\\/richter.ceo\\\/coxs\\\/wp-content\\\/uploads\\\/sites\\\/4\\\/2025\\\/05\\\/2449_cardhu_15_yo_1.jpg\",\"datePublished\":\"2025-05-12T08:39:23+00:00\",\"description\":\"Cardhu poch\u00e1z\u00ed z\u00a0jedn\u00e9 z\u00a0nejstar\u0161\u00edch destileri\u00ed ve Speyside, kter\u00e1 stoj\u00ed pobl\u00ed\u017e \u0159eky Spey ji\u017e 200 let. Jej\u00ed n\u00e1zev poch\u00e1z\u00ed z\u00a0gael\u0161iny a\u00a0odkazuje na m\u00edsto\",\"breadcrumb\":{\"@id\":\"https:\\\/\\\/richter.ceo\\\/coxs\\\/en\\\/product\\\/cardhu-15-y-o\\\/#breadcrumb\"},\"inLanguage\":\"cs\",\"potentialAction\":[{\"@type\":\"ReadAction\",\"target\":[\"https:\\\/\\\/richter.ceo\\\/coxs\\\/en\\\/product\\\/cardhu-15-y-o\\\/\"]}]},{\"@type\":\"ImageObject\",\"inLanguage\":\"cs\",\"@id\":\"https:\\\/\\\/richter.ceo\\\/coxs\\\/en\\\/product\\\/cardhu-15-y-o\\\/#primaryimage\",\"url\":\"https:\\\/\\\/richter.ceo\\\/coxs\\\/wp-content\\\/uploads\\\/sites\\\/4\\\/2025\\\/05\\\/2449_cardhu_15_yo_1.jpg\",\"contentUrl\":\"https:\\\/\\\/richter.ceo\\\/coxs\\\/wp-content\\\/uploads\\\/sites\\\/4\\\/2025\\\/05\\\/2449_cardhu_15_yo_1.jpg\",\"width\":600,\"height\":711,\"caption\":\"COXS CLUB\"},{\"@type\":\"BreadcrumbList\",\"@id\":\"https:\\\/\\\/richter.ceo\\\/coxs\\\/en\\\/product\\\/cardhu-15-y-o\\\/#breadcrumb\",\"itemListElement\":[{\"@type\":\"ListItem\",\"position\":1,\"name\":\"Dom\u016f\",\"item\":\"https:\\\/\\\/richter.ceo\\\/coxs\\\/\"},{\"@type\":\"ListItem\",\"position\":2,\"name\":\"N\u00c1POJE\",\"item\":\"https:\\\/\\\/richter.ceo\\\/coxs\\\/en\\\/napoje\\\/\"},{\"@type\":\"ListItem\",\"position\":3,\"name\":\"Cardhu 15 y.o.\"}]},{\"@type\":\"WebSite\",\"@id\":\"https:\\\/\\\/richter.ceo\\\/coxs\\\/en\\\/#website\",\"url\":\"https:\\\/\\\/richter.ceo\\\/coxs\\\/en\\\/\",\"name\":\"COXS CLUB\",\"description\":\"Beton a Rum\",\"publisher\":{\"@id\":\"https:\\\/\\\/richter.ceo\\\/coxs\\\/en\\\/#organization\"},\"potentialAction\":[{\"@type\":\"SearchAction\",\"target\":{\"@type\":\"EntryPoint\",\"urlTemplate\":\"https:\\\/\\\/richter.ceo\\\/coxs\\\/en\\\/?s={search_term_string}\"},\"query-input\":{\"@type\":\"PropertyValueSpecification\",\"valueRequired\":true,\"valueName\":\"search_term_string\"}}],\"inLanguage\":\"cs\"},{\"@type\":\"Organization\",\"@id\":\"https:\\\/\\\/richter.ceo\\\/coxs\\\/en\\\/#organization\",\"name\":\"COXS CLUB\",\"url\":\"https:\\\/\\\/richter.ceo\\\/coxs\\\/en\\\/\",\"logo\":{\"@type\":\"ImageObject\",\"inLanguage\":\"cs\",\"@id\":\"https:\\\/\\\/richter.ceo\\\/coxs\\\/en\\\/#\\\/schema\\\/logo\\\/image\\\/\",\"url\":\"http:\\\/\\\/richter.ceo\\\/coxs\\\/wp-content\\\/uploads\\\/sites\\\/4\\\/2025\\\/05\\\/FAVICON-dark.webp\",\"contentUrl\":\"http:\\\/\\\/richter.ceo\\\/coxs\\\/wp-content\\\/uploads\\\/sites\\\/4\\\/2025\\\/05\\\/FAVICON-dark.webp\",\"width\":512,\"height\":512,\"caption\":\"COXS CLUB\"},\"image\":{\"@id\":\"https:\\\/\\\/richter.ceo\\\/coxs\\\/en\\\/#\\\/schema\\\/logo\\\/image\\\/\"},\"sameAs\":[\"https:\\\/\\\/www.facebook.com\\\/profile.php?id=100088204002615\",\"https:\\\/\\\/www.instagram.com\\\/coxs_coxs\\\/\"]}]}<\/script>\n<!-- \/ Yoast SEO plugin. -->","yoast_head_json":{"title":"Cardhu 15 y.o.","description":"Cardhu poch\u00e1z\u00ed z\u00a0jedn\u00e9 z\u00a0nejstar\u0161\u00edch destileri\u00ed ve Speyside, kter\u00e1 stoj\u00ed pobl\u00ed\u017e \u0159eky Spey ji\u017e 200 let. Jej\u00ed n\u00e1zev poch\u00e1z\u00ed z\u00a0gael\u0161iny a\u00a0odkazuje na m\u00edsto","robots":{"index":"index","follow":"follow","max-snippet":"max-snippet:-1","max-image-preview":"max-image-preview:large","max-video-preview":"max-video-preview:-1"},"canonical":"https:\/\/richter.ceo\/coxs\/product\/cardhu-15-y-o\/","og_locale":"cs_CZ","og_type":"article","og_title":"Cardhu 15 y.o.","og_description":"Cardhu poch\u00e1z\u00ed z\u00a0jedn\u00e9 z\u00a0nejstar\u0161\u00edch destileri\u00ed ve Speyside, kter\u00e1 stoj\u00ed pobl\u00ed\u017e \u0159eky Spey ji\u017e 200 let. Jej\u00ed n\u00e1zev poch\u00e1z\u00ed z\u00a0gael\u0161iny a\u00a0odkazuje na m\u00edsto","og_url":"https:\/\/richter.ceo\/coxs\/product\/cardhu-15-y-o\/","og_site_name":"COXS CLUB","article_publisher":"https:\/\/www.facebook.com\/profile.php?id=100088204002615","og_image":[{"width":600,"height":711,"url":"https:\/\/richter.ceo\/coxs\/wp-content\/uploads\/sites\/4\/2025\/05\/2449_cardhu_15_yo_1.jpg","type":"image\/jpeg"}],"twitter_card":"summary_large_image","twitter_misc":{"Odhadovan\u00e1 doba \u010dten\u00ed":"1 minuta"},"schema":{"@context":"https:\/\/schema.org","@graph":[{"@type":"WebPage","@id":"https:\/\/richter.ceo\/coxs\/en\/product\/cardhu-15-y-o\/","url":"https:\/\/richter.ceo\/coxs\/en\/product\/cardhu-15-y-o\/","name":"Cardhu 15 y.o.","isPartOf":{"@id":"https:\/\/richter.ceo\/coxs\/en\/#website"},"primaryImageOfPage":{"@id":"https:\/\/richter.ceo\/coxs\/en\/product\/cardhu-15-y-o\/#primaryimage"},"image":{"@id":"https:\/\/richter.ceo\/coxs\/en\/product\/cardhu-15-y-o\/#primaryimage"},"thumbnailUrl":"https:\/\/richter.ceo\/coxs\/wp-content\/uploads\/sites\/4\/2025\/05\/2449_cardhu_15_yo_1.jpg","datePublished":"2025-05-12T08:39:23+00:00","description":"Cardhu poch\u00e1z\u00ed z\u00a0jedn\u00e9 z\u00a0nejstar\u0161\u00edch destileri\u00ed ve Speyside, kter\u00e1 stoj\u00ed pobl\u00ed\u017e \u0159eky Spey ji\u017e 200 let. Jej\u00ed n\u00e1zev poch\u00e1z\u00ed z\u00a0gael\u0161iny a\u00a0odkazuje na m\u00edsto","breadcrumb":{"@id":"https:\/\/richter.ceo\/coxs\/en\/product\/cardhu-15-y-o\/#breadcrumb"},"inLanguage":"cs","potentialAction":[{"@type":"ReadAction","target":["https:\/\/richter.ceo\/coxs\/en\/product\/cardhu-15-y-o\/"]}]},{"@type":"ImageObject","inLanguage":"cs","@id":"https:\/\/richter.ceo\/coxs\/en\/product\/cardhu-15-y-o\/#primaryimage","url":"https:\/\/richter.ceo\/coxs\/wp-content\/uploads\/sites\/4\/2025\/05\/2449_cardhu_15_yo_1.jpg","contentUrl":"https:\/\/richter.ceo\/coxs\/wp-content\/uploads\/sites\/4\/2025\/05\/2449_cardhu_15_yo_1.jpg","width":600,"height":711,"caption":"COXS CLUB"},{"@type":"BreadcrumbList","@id":"https:\/\/richter.ceo\/coxs\/en\/product\/cardhu-15-y-o\/#breadcrumb","itemListElement":[{"@type":"ListItem","position":1,"name":"Dom\u016f","item":"https:\/\/richter.ceo\/coxs\/"},{"@type":"ListItem","position":2,"name":"N\u00c1POJE","item":"https:\/\/richter.ceo\/coxs\/en\/napoje\/"},{"@type":"ListItem","position":3,"name":"Cardhu 15 y.o."}]},{"@type":"WebSite","@id":"https:\/\/richter.ceo\/coxs\/en\/#website","url":"https:\/\/richter.ceo\/coxs\/en\/","name":"COXS CLUB","description":"Beton a Rum","publisher":{"@id":"https:\/\/richter.ceo\/coxs\/en\/#organization"},"potentialAction":[{"@type":"SearchAction","target":{"@type":"EntryPoint","urlTemplate":"https:\/\/richter.ceo\/coxs\/en\/?s={search_term_string}"},"query-input":{"@type":"PropertyValueSpecification","valueRequired":true,"valueName":"search_term_string"}}],"inLanguage":"cs"},{"@type":"Organization","@id":"https:\/\/richter.ceo\/coxs\/en\/#organization","name":"COXS CLUB","url":"https:\/\/richter.ceo\/coxs\/en\/","logo":{"@type":"ImageObject","inLanguage":"cs","@id":"https:\/\/richter.ceo\/coxs\/en\/#\/schema\/logo\/image\/","url":"http:\/\/richter.ceo\/coxs\/wp-content\/uploads\/sites\/4\/2025\/05\/FAVICON-dark.webp","contentUrl":"http:\/\/richter.ceo\/coxs\/wp-content\/uploads\/sites\/4\/2025\/05\/FAVICON-dark.webp","width":512,"height":512,"caption":"COXS CLUB"},"image":{"@id":"https:\/\/richter.ceo\/coxs\/en\/#\/schema\/logo\/image\/"},"sameAs":["https:\/\/www.facebook.com\/profile.php?id=100088204002615","https:\/\/www.instagram.com\/coxs_coxs\/"]}]}},"_links":{"self":[{"href":"https:\/\/richter.ceo\/coxs\/wp-json\/wp\/v2\/product\/857","targetHints":{"allow":["GET"]}}],"collection":[{"href":"https:\/\/richter.ceo\/coxs\/wp-json\/wp\/v2\/product"}],"about":[{"href":"https:\/\/richter.ceo\/coxs\/wp-json\/wp\/v2\/types\/product"}],"wp:featuredmedia":[{"embeddable":true,"href":"https:\/\/richter.ceo\/coxs\/wp-json\/wp\/v2\/media\/853"}],"wp:attachment":[{"href":"https:\/\/richter.ceo\/coxs\/wp-json\/wp\/v2\/media?parent=857"}],"wp:term":[{"taxonomy":"product_brand","embeddable":true,"href":"https:\/\/richter.ceo\/coxs\/wp-json\/wp\/v2\/product_brand?post=857"},{"taxonomy":"product_cat","embeddable":true,"href":"https:\/\/richter.ceo\/coxs\/wp-json\/wp\/v2\/product_cat?post=857"},{"taxonomy":"product_tag","embeddable":true,"href":"https:\/\/richter.ceo\/coxs\/wp-json\/wp\/v2\/product_tag?post=857"}],"curies":[{"name":"wp","href":"https:\/\/api.w.org\/{rel}","templated":true}]}}