{"id":868,"date":"2025-05-12T11:37:38","date_gmt":"2025-05-12T09:37:38","guid":{"rendered":"https:\/\/richter.ceo\/coxsclub\/?post_type=product&#038;p=868"},"modified":"2025-05-12T11:37:38","modified_gmt":"2025-05-12T09:37:38","slug":"bushmills-original","status":"publish","type":"product","link":"https:\/\/richter.ceo\/coxs\/produkt\/bushmills-original\/","title":{"rendered":"Bushmills Original"},"content":{"rendered":"<div class=\"elementor-column elementor-col-50 elementor-inner-column elementor-element elementor-element-df5ea97\" data-id=\"df5ea97\" data-element_type=\"column\">\n<div class=\"elementor-widget-wrap elementor-element-populated\">\n<div class=\"elementor-element elementor-element-5f45f876 elementor-widget elementor-widget-woocommerce-product-short-description\" data-id=\"5f45f876\" data-element_type=\"widget\" data-widget_type=\"woocommerce-product-short-description.default\">\n<div class=\"elementor-widget-container\">\n<div class=\"woocommerce-product-details__short-description\">\n<div id=\"secondaryColumn\" class=\"page-column page-secondary-column\">\n<div id=\"description\" class=\"long-description wysiwyg-content\">\n<div id=\"secondaryColumn\" class=\"page-column page-secondary-column\">\n<div id=\"description\" class=\"long-description wysiwyg-content\">\n<div id=\"secondaryColumn\" class=\"page-column page-secondary-column\">\n<div id=\"description\" class=\"long-description wysiwyg-content\">\n<div id=\"secondaryColumn\" class=\"page-column page-secondary-column\">\n<div id=\"description\" class=\"long-description wysiwyg-content\">\n<div id=\"secondaryColumn\" class=\"page-column page-secondary-column\">\n<div id=\"description\" class=\"long-description wysiwyg-content\">\n<div id=\"secondaryColumn\" class=\"page-column page-secondary-column\">\n<div id=\"description\" class=\"long-description wysiwyg-content\">\n<div id=\"secondaryColumn\" class=\"page-column page-secondary-column\">\n<div id=\"description\" class=\"long-description wysiwyg-content\">Bushmills je nejstar\u0161\u00ed licencovanou irskou pal\u00edrnou. Koncesi pro v\u00fdrobu komer\u010dn\u00ed whiskey j\u00ed ud\u011blil anglick\u00fd kr\u00e1l Jakub I. v roce 1608. Whiskey se zde vyr\u00e1b\u00ed s vysok\u00fdm pod\u00edlem sladov\u00e9ho je\u010dmene, trojitou destilac\u00ed v m\u011bd\u011bn\u00fdch kotl\u00edkov\u00fdch destila\u010dn\u00edch za\u0159\u00edzen\u00edch. N\u00e1sledn\u011b zraje v sudech po bourbonu a po sherry, co\u017e ji prop\u016fj\u010duje n\u00e1dech \u010derstv\u00e9ho ovoce a vanilky a p\u0159\u00edjemn\u011b h\u0159ejivou chu\u0165 s dotekem medu a ko\u0159en\u00ed.<\/div>\n<\/div>\n<\/div>\n<\/div>\n<\/div>\n<\/div>\n<\/div>\n<\/div>\n<\/div>\n<\/div>\n<\/div>\n<\/div>\n<\/div>\n<\/div>\n<\/div>\n<\/div>\n<\/div>\n<\/div>\n<\/div>\n","protected":false},"excerpt":{"rendered":"<p>Bushmills je nejstar\u0161\u00ed licencovanou irskou pal\u00edrnou. Koncesi pro v\u00fdrobu komer\u010dn\u00ed whiskey j\u00ed ud\u011blil anglick\u00fd kr\u00e1l Jakub I. v roce 1608. Whiskey se zde vyr\u00e1b\u00ed s vysok\u00fdm pod\u00edlem sladov\u00e9ho je\u010dmene, trojitou destilac\u00ed v m\u011bd\u011bn\u00fdch kotl\u00edkov\u00fdch destila\u010dn\u00edch za\u0159\u00edzen\u00edch. N\u00e1sledn\u011b zraje v sudech po bourbonu a po sherry, co\u017e ji prop\u016fj\u010duje n\u00e1dech \u010derstv\u00e9ho ovoce a vanilky a p\u0159\u00edjemn\u011b [&hellip;]<\/p>\n","protected":false},"featured_media":864,"template":"","meta":{"_acf_changed":false},"product_brand":[62],"product_cat":[50],"product_tag":[],"class_list":{"0":"post-868","1":"product","2":"type-product","3":"status-publish","4":"has-post-thumbnail","6":"product_brand-bushmills","7":"product_cat-whisky","8":"pa_cena-za-004-l","9":"pa_obsah-alkoholu-21","10":"pa_zeme-irsko","12":"first","13":"instock","14":"shipping-taxable","15":"purchasable","16":"product-type-simple"},"acf":[],"yoast_head":"<!-- This site is optimized with the Yoast SEO plugin v27.5 - https:\/\/yoast.com\/product\/yoast-seo-wordpress\/ -->\n<title>Bushmills Original<\/title>\n<meta name=\"description\" content=\"Bushmills je nejstar\u0161\u00ed licencovanou irskou pal\u00edrnou. Koncesi pro v\u00fdrobu komer\u010dn\u00ed whiskey j\u00ed ud\u011blil anglick\u00fd kr\u00e1l Jakub I. v roce 1608. Whiskey se zde\" \/>\n<meta name=\"robots\" content=\"index, follow, max-snippet:-1, max-image-preview:large, max-video-preview:-1\" \/>\n<link rel=\"canonical\" href=\"https:\/\/richter.ceo\/coxs\/product\/bushmills-original\/\" \/>\n<meta property=\"og:locale\" content=\"cs_CZ\" \/>\n<meta property=\"og:type\" content=\"article\" \/>\n<meta property=\"og:title\" content=\"Bushmills Original\" \/>\n<meta property=\"og:description\" content=\"Bushmills je nejstar\u0161\u00ed licencovanou irskou pal\u00edrnou. Koncesi pro v\u00fdrobu komer\u010dn\u00ed whiskey j\u00ed ud\u011blil anglick\u00fd kr\u00e1l Jakub I. v roce 1608. Whiskey se zde\" \/>\n<meta property=\"og:url\" content=\"https:\/\/richter.ceo\/coxs\/product\/bushmills-original\/\" \/>\n<meta property=\"og:site_name\" content=\"COXS CLUB\" \/>\n<meta property=\"article:publisher\" content=\"https:\/\/www.facebook.com\/profile.php?id=100088204002615\" \/>\n<meta property=\"og:image\" content=\"https:\/\/richter.ceo\/coxs\/wp-content\/uploads\/sites\/4\/2025\/05\/2702_bushmills_original_700ml.jpg\" \/>\n\t<meta property=\"og:image:width\" content=\"600\" \/>\n\t<meta property=\"og:image:height\" content=\"711\" \/>\n\t<meta property=\"og:image:type\" content=\"image\/jpeg\" \/>\n<meta name=\"twitter:card\" content=\"summary_large_image\" \/>\n<script type=\"application\/ld+json\" class=\"yoast-schema-graph\">{\"@context\":\"https:\\\/\\\/schema.org\",\"@graph\":[{\"@type\":\"WebPage\",\"@id\":\"https:\\\/\\\/richter.ceo\\\/coxs\\\/en\\\/product\\\/bushmills-original\\\/\",\"url\":\"https:\\\/\\\/richter.ceo\\\/coxs\\\/en\\\/product\\\/bushmills-original\\\/\",\"name\":\"Bushmills Original\",\"isPartOf\":{\"@id\":\"https:\\\/\\\/richter.ceo\\\/coxs\\\/en\\\/#website\"},\"primaryImageOfPage\":{\"@id\":\"https:\\\/\\\/richter.ceo\\\/coxs\\\/en\\\/product\\\/bushmills-original\\\/#primaryimage\"},\"image\":{\"@id\":\"https:\\\/\\\/richter.ceo\\\/coxs\\\/en\\\/product\\\/bushmills-original\\\/#primaryimage\"},\"thumbnailUrl\":\"https:\\\/\\\/richter.ceo\\\/coxs\\\/wp-content\\\/uploads\\\/sites\\\/4\\\/2025\\\/05\\\/2702_bushmills_original_700ml.jpg\",\"datePublished\":\"2025-05-12T09:37:38+00:00\",\"description\":\"Bushmills je nejstar\u0161\u00ed licencovanou irskou pal\u00edrnou. Koncesi pro v\u00fdrobu komer\u010dn\u00ed whiskey j\u00ed ud\u011blil anglick\u00fd kr\u00e1l Jakub I. v roce 1608. Whiskey se zde\",\"breadcrumb\":{\"@id\":\"https:\\\/\\\/richter.ceo\\\/coxs\\\/en\\\/product\\\/bushmills-original\\\/#breadcrumb\"},\"inLanguage\":\"cs\",\"potentialAction\":[{\"@type\":\"ReadAction\",\"target\":[\"https:\\\/\\\/richter.ceo\\\/coxs\\\/en\\\/product\\\/bushmills-original\\\/\"]}]},{\"@type\":\"ImageObject\",\"inLanguage\":\"cs\",\"@id\":\"https:\\\/\\\/richter.ceo\\\/coxs\\\/en\\\/product\\\/bushmills-original\\\/#primaryimage\",\"url\":\"https:\\\/\\\/richter.ceo\\\/coxs\\\/wp-content\\\/uploads\\\/sites\\\/4\\\/2025\\\/05\\\/2702_bushmills_original_700ml.jpg\",\"contentUrl\":\"https:\\\/\\\/richter.ceo\\\/coxs\\\/wp-content\\\/uploads\\\/sites\\\/4\\\/2025\\\/05\\\/2702_bushmills_original_700ml.jpg\",\"width\":600,\"height\":711,\"caption\":\"COXS CLUB\"},{\"@type\":\"BreadcrumbList\",\"@id\":\"https:\\\/\\\/richter.ceo\\\/coxs\\\/en\\\/product\\\/bushmills-original\\\/#breadcrumb\",\"itemListElement\":[{\"@type\":\"ListItem\",\"position\":1,\"name\":\"Dom\u016f\",\"item\":\"https:\\\/\\\/richter.ceo\\\/coxs\\\/\"},{\"@type\":\"ListItem\",\"position\":2,\"name\":\"N\u00c1POJE\",\"item\":\"https:\\\/\\\/richter.ceo\\\/coxs\\\/en\\\/napoje\\\/\"},{\"@type\":\"ListItem\",\"position\":3,\"name\":\"Bushmills Original\"}]},{\"@type\":\"WebSite\",\"@id\":\"https:\\\/\\\/richter.ceo\\\/coxs\\\/en\\\/#website\",\"url\":\"https:\\\/\\\/richter.ceo\\\/coxs\\\/en\\\/\",\"name\":\"COXS CLUB\",\"description\":\"Beton a Rum\",\"publisher\":{\"@id\":\"https:\\\/\\\/richter.ceo\\\/coxs\\\/en\\\/#organization\"},\"potentialAction\":[{\"@type\":\"SearchAction\",\"target\":{\"@type\":\"EntryPoint\",\"urlTemplate\":\"https:\\\/\\\/richter.ceo\\\/coxs\\\/en\\\/?s={search_term_string}\"},\"query-input\":{\"@type\":\"PropertyValueSpecification\",\"valueRequired\":true,\"valueName\":\"search_term_string\"}}],\"inLanguage\":\"cs\"},{\"@type\":\"Organization\",\"@id\":\"https:\\\/\\\/richter.ceo\\\/coxs\\\/en\\\/#organization\",\"name\":\"COXS CLUB\",\"url\":\"https:\\\/\\\/richter.ceo\\\/coxs\\\/en\\\/\",\"logo\":{\"@type\":\"ImageObject\",\"inLanguage\":\"cs\",\"@id\":\"https:\\\/\\\/richter.ceo\\\/coxs\\\/en\\\/#\\\/schema\\\/logo\\\/image\\\/\",\"url\":\"http:\\\/\\\/richter.ceo\\\/coxs\\\/wp-content\\\/uploads\\\/sites\\\/4\\\/2025\\\/05\\\/FAVICON-dark.webp\",\"contentUrl\":\"http:\\\/\\\/richter.ceo\\\/coxs\\\/wp-content\\\/uploads\\\/sites\\\/4\\\/2025\\\/05\\\/FAVICON-dark.webp\",\"width\":512,\"height\":512,\"caption\":\"COXS CLUB\"},\"image\":{\"@id\":\"https:\\\/\\\/richter.ceo\\\/coxs\\\/en\\\/#\\\/schema\\\/logo\\\/image\\\/\"},\"sameAs\":[\"https:\\\/\\\/www.facebook.com\\\/profile.php?id=100088204002615\",\"https:\\\/\\\/www.instagram.com\\\/coxs_coxs\\\/\"]}]}<\/script>\n<!-- \/ Yoast SEO plugin. -->","yoast_head_json":{"title":"Bushmills Original","description":"Bushmills je nejstar\u0161\u00ed licencovanou irskou pal\u00edrnou. Koncesi pro v\u00fdrobu komer\u010dn\u00ed whiskey j\u00ed ud\u011blil anglick\u00fd kr\u00e1l Jakub I. v roce 1608. Whiskey se zde","robots":{"index":"index","follow":"follow","max-snippet":"max-snippet:-1","max-image-preview":"max-image-preview:large","max-video-preview":"max-video-preview:-1"},"canonical":"https:\/\/richter.ceo\/coxs\/product\/bushmills-original\/","og_locale":"cs_CZ","og_type":"article","og_title":"Bushmills Original","og_description":"Bushmills je nejstar\u0161\u00ed licencovanou irskou pal\u00edrnou. Koncesi pro v\u00fdrobu komer\u010dn\u00ed whiskey j\u00ed ud\u011blil anglick\u00fd kr\u00e1l Jakub I. v roce 1608. Whiskey se zde","og_url":"https:\/\/richter.ceo\/coxs\/product\/bushmills-original\/","og_site_name":"COXS CLUB","article_publisher":"https:\/\/www.facebook.com\/profile.php?id=100088204002615","og_image":[{"width":600,"height":711,"url":"https:\/\/richter.ceo\/coxs\/wp-content\/uploads\/sites\/4\/2025\/05\/2702_bushmills_original_700ml.jpg","type":"image\/jpeg"}],"twitter_card":"summary_large_image","schema":{"@context":"https:\/\/schema.org","@graph":[{"@type":"WebPage","@id":"https:\/\/richter.ceo\/coxs\/en\/product\/bushmills-original\/","url":"https:\/\/richter.ceo\/coxs\/en\/product\/bushmills-original\/","name":"Bushmills Original","isPartOf":{"@id":"https:\/\/richter.ceo\/coxs\/en\/#website"},"primaryImageOfPage":{"@id":"https:\/\/richter.ceo\/coxs\/en\/product\/bushmills-original\/#primaryimage"},"image":{"@id":"https:\/\/richter.ceo\/coxs\/en\/product\/bushmills-original\/#primaryimage"},"thumbnailUrl":"https:\/\/richter.ceo\/coxs\/wp-content\/uploads\/sites\/4\/2025\/05\/2702_bushmills_original_700ml.jpg","datePublished":"2025-05-12T09:37:38+00:00","description":"Bushmills je nejstar\u0161\u00ed licencovanou irskou pal\u00edrnou. Koncesi pro v\u00fdrobu komer\u010dn\u00ed whiskey j\u00ed ud\u011blil anglick\u00fd kr\u00e1l Jakub I. v roce 1608. Whiskey se zde","breadcrumb":{"@id":"https:\/\/richter.ceo\/coxs\/en\/product\/bushmills-original\/#breadcrumb"},"inLanguage":"cs","potentialAction":[{"@type":"ReadAction","target":["https:\/\/richter.ceo\/coxs\/en\/product\/bushmills-original\/"]}]},{"@type":"ImageObject","inLanguage":"cs","@id":"https:\/\/richter.ceo\/coxs\/en\/product\/bushmills-original\/#primaryimage","url":"https:\/\/richter.ceo\/coxs\/wp-content\/uploads\/sites\/4\/2025\/05\/2702_bushmills_original_700ml.jpg","contentUrl":"https:\/\/richter.ceo\/coxs\/wp-content\/uploads\/sites\/4\/2025\/05\/2702_bushmills_original_700ml.jpg","width":600,"height":711,"caption":"COXS CLUB"},{"@type":"BreadcrumbList","@id":"https:\/\/richter.ceo\/coxs\/en\/product\/bushmills-original\/#breadcrumb","itemListElement":[{"@type":"ListItem","position":1,"name":"Dom\u016f","item":"https:\/\/richter.ceo\/coxs\/"},{"@type":"ListItem","position":2,"name":"N\u00c1POJE","item":"https:\/\/richter.ceo\/coxs\/en\/napoje\/"},{"@type":"ListItem","position":3,"name":"Bushmills Original"}]},{"@type":"WebSite","@id":"https:\/\/richter.ceo\/coxs\/en\/#website","url":"https:\/\/richter.ceo\/coxs\/en\/","name":"COXS CLUB","description":"Beton a Rum","publisher":{"@id":"https:\/\/richter.ceo\/coxs\/en\/#organization"},"potentialAction":[{"@type":"SearchAction","target":{"@type":"EntryPoint","urlTemplate":"https:\/\/richter.ceo\/coxs\/en\/?s={search_term_string}"},"query-input":{"@type":"PropertyValueSpecification","valueRequired":true,"valueName":"search_term_string"}}],"inLanguage":"cs"},{"@type":"Organization","@id":"https:\/\/richter.ceo\/coxs\/en\/#organization","name":"COXS CLUB","url":"https:\/\/richter.ceo\/coxs\/en\/","logo":{"@type":"ImageObject","inLanguage":"cs","@id":"https:\/\/richter.ceo\/coxs\/en\/#\/schema\/logo\/image\/","url":"http:\/\/richter.ceo\/coxs\/wp-content\/uploads\/sites\/4\/2025\/05\/FAVICON-dark.webp","contentUrl":"http:\/\/richter.ceo\/coxs\/wp-content\/uploads\/sites\/4\/2025\/05\/FAVICON-dark.webp","width":512,"height":512,"caption":"COXS CLUB"},"image":{"@id":"https:\/\/richter.ceo\/coxs\/en\/#\/schema\/logo\/image\/"},"sameAs":["https:\/\/www.facebook.com\/profile.php?id=100088204002615","https:\/\/www.instagram.com\/coxs_coxs\/"]}]}},"_links":{"self":[{"href":"https:\/\/richter.ceo\/coxs\/wp-json\/wp\/v2\/product\/868","targetHints":{"allow":["GET"]}}],"collection":[{"href":"https:\/\/richter.ceo\/coxs\/wp-json\/wp\/v2\/product"}],"about":[{"href":"https:\/\/richter.ceo\/coxs\/wp-json\/wp\/v2\/types\/product"}],"wp:featuredmedia":[{"embeddable":true,"href":"https:\/\/richter.ceo\/coxs\/wp-json\/wp\/v2\/media\/864"}],"wp:attachment":[{"href":"https:\/\/richter.ceo\/coxs\/wp-json\/wp\/v2\/media?parent=868"}],"wp:term":[{"taxonomy":"product_brand","embeddable":true,"href":"https:\/\/richter.ceo\/coxs\/wp-json\/wp\/v2\/product_brand?post=868"},{"taxonomy":"product_cat","embeddable":true,"href":"https:\/\/richter.ceo\/coxs\/wp-json\/wp\/v2\/product_cat?post=868"},{"taxonomy":"product_tag","embeddable":true,"href":"https:\/\/richter.ceo\/coxs\/wp-json\/wp\/v2\/product_tag?post=868"}],"curies":[{"name":"wp","href":"https:\/\/api.w.org\/{rel}","templated":true}]}}