{"id":871,"date":"2025-05-12T11:43:30","date_gmt":"2025-05-12T09:43:30","guid":{"rendered":"https:\/\/richter.ceo\/coxsclub\/?post_type=product&#038;p=871"},"modified":"2025-05-12T11:43:30","modified_gmt":"2025-05-12T09:43:30","slug":"teeling-brabazon-no-2","status":"publish","type":"product","link":"https:\/\/richter.ceo\/coxs\/produkt\/teeling-brabazon-no-2\/","title":{"rendered":"Teeling Brabazon No. 2"},"content":{"rendered":"<p>Brabazon Bottling Series nese jm\u00e9no Williama Brabazona, t\u0159et\u00edho hrab\u011bte z\u00a0Meath, kter\u00fd dohl\u00ed\u017eel na dublinskou oblast Liberties v\u00a0dob\u011b jej\u00edho pr\u016fmyslov\u00e9ho rozvoje a\u00a0prvn\u00ed zlat\u00e9 \u00e9ry dublinsk\u00e9 whiskey. Pal\u00edrna Teeling dnes s\u00eddl\u00ed pr\u00e1v\u011b na tomto m\u00edst\u011b.<\/p>\n<p>&nbsp;<\/p>\n<div class=\"elementor-column elementor-col-50 elementor-inner-column elementor-element elementor-element-df5ea97\" data-id=\"df5ea97\" data-element_type=\"column\">\n<div class=\"elementor-widget-wrap elementor-element-populated\">\n<div class=\"elementor-element elementor-element-5f45f876 elementor-widget elementor-widget-woocommerce-product-short-description\" data-id=\"5f45f876\" data-element_type=\"widget\" data-widget_type=\"woocommerce-product-short-description.default\">\n<div class=\"elementor-widget-container\">\n<div class=\"woocommerce-product-details__short-description\">\n<div id=\"secondaryColumn\" class=\"page-column page-secondary-column\">\n<div id=\"description\" class=\"long-description wysiwyg-content\">\n<div id=\"secondaryColumn\" class=\"page-column page-secondary-column\">\n<div id=\"description\" class=\"long-description wysiwyg-content\">\n<div id=\"secondaryColumn\" class=\"page-column page-secondary-column\">\n<div id=\"description\" class=\"long-description wysiwyg-content\">\n<div id=\"secondaryColumn\" class=\"page-column page-secondary-column\">\n<div id=\"description\" class=\"long-description wysiwyg-content\">\n<div id=\"secondaryColumn\" class=\"page-column page-secondary-column\">\n<div id=\"description\" class=\"long-description wysiwyg-content\">\n<div id=\"secondaryColumn\" class=\"page-column page-secondary-column\">\n<div id=\"description\" class=\"long-description wysiwyg-content\">\n<div id=\"secondaryColumn\" class=\"page-column page-secondary-column\">\n<div id=\"description\" class=\"long-description wysiwyg-content\">\n<div id=\"secondaryColumn\" class=\"page-column page-secondary-column\">\n<div id=\"description\" class=\"long-description wysiwyg-content\">\n<p>Druh\u00e1 edice je slo\u017eena ze \u0161esti single malt\u016f r\u016fzn\u00e9ho st\u00e1\u0159\u00ed (2001 a\u017e 2009), kter\u00e9 zr\u00e1ly v sudech po t\u0159ech r\u016fzn\u00fdch portsk\u00fdch v\u00ednech (b\u00edl\u00e9m, ruby a tawny). V aroma se projevuj\u00ed bohat\u00e9 t\u00f3ny sko\u0159ice, ho\u0159k\u00e9 \u010dokol\u00e1dy, du\u0161en\u00fdch ko\u0159en\u011bn\u00fdch jablek a karamelizovan\u00e9ho pomeran\u010de. M\u00e1 sametov\u011b plnou chu\u0165 s t\u00f3ny karamelizovan\u00e9ho ananasu, ko\u0159en\u011bn\u00fdch karamelizovan\u00fdch jablek a nasl\u00e1dl\u00e9ho mu\u0161k\u00e1tov\u00e9ho o\u0159\u00ed\u0161ku. V such\u00e9m zakon\u010den\u00ed p\u0159etrv\u00e1vaj\u00ed t\u00f3ny kandovan\u00e9ho ovoce a h\u0159eb\u00ed\u010dku s dotekem mo\u0159sk\u00e9 soli. Lahvov\u00e1na byla p\u0159i 49,5 % bez pou\u017eit\u00ed filtrace zastudena.<\/p>\n<\/div>\n<\/div>\n<\/div>\n<\/div>\n<\/div>\n<\/div>\n<\/div>\n<\/div>\n<\/div>\n<\/div>\n<\/div>\n<\/div>\n<\/div>\n<\/div>\n<\/div>\n<\/div>\n<\/div>\n<\/div>\n<\/div>\n<\/div>\n<\/div>\n","protected":false},"excerpt":{"rendered":"<p>Brabazon Bottling Series nese jm\u00e9no Williama Brabazona, t\u0159et\u00edho hrab\u011bte z\u00a0Meath, kter\u00fd dohl\u00ed\u017eel na dublinskou oblast Liberties v\u00a0dob\u011b jej\u00edho pr\u016fmyslov\u00e9ho rozvoje a\u00a0prvn\u00ed zlat\u00e9 \u00e9ry dublinsk\u00e9 whiskey. Pal\u00edrna Teeling dnes s\u00eddl\u00ed pr\u00e1v\u011b na tomto m\u00edst\u011b. &nbsp; Druh\u00e1 edice je slo\u017eena ze \u0161esti single malt\u016f r\u016fzn\u00e9ho st\u00e1\u0159\u00ed (2001 a\u017e 2009), kter\u00e9 zr\u00e1ly v sudech po t\u0159ech r\u016fzn\u00fdch portsk\u00fdch [&hellip;]<\/p>\n","protected":false},"featured_media":863,"template":"","meta":{"_acf_changed":false},"product_brand":[64],"product_cat":[50],"product_tag":[],"class_list":{"0":"post-871","1":"product","2":"type-product","3":"status-publish","4":"has-post-thumbnail","6":"product_brand-teeling","7":"product_cat-whisky","8":"pa_cena-za-004-l","9":"pa_obsah-alkoholu-63","10":"pa_zeme-irsko","12":"first","13":"instock","14":"shipping-taxable","15":"purchasable","16":"product-type-simple"},"acf":[],"yoast_head":"<!-- This site is optimized with the Yoast SEO plugin v27.5 - https:\/\/yoast.com\/product\/yoast-seo-wordpress\/ -->\n<title>Teeling Brabazon No. 2<\/title>\n<meta name=\"description\" content=\"Brabazon Bottling Series nese jm\u00e9no Williama Brabazona, t\u0159et\u00edho hrab\u011bte z\u00a0Meath, kter\u00fd dohl\u00ed\u017eel na dublinskou oblast Liberties v\u00a0dob\u011b jej\u00edho pr\u016fmyslov\u00e9ho\" \/>\n<meta name=\"robots\" content=\"index, follow, max-snippet:-1, max-image-preview:large, max-video-preview:-1\" \/>\n<link rel=\"canonical\" href=\"https:\/\/richter.ceo\/coxs\/product\/teeling-brabazon-no-2\/\" \/>\n<meta property=\"og:locale\" content=\"cs_CZ\" \/>\n<meta property=\"og:type\" content=\"article\" \/>\n<meta property=\"og:title\" content=\"Teeling Brabazon No. 2\" \/>\n<meta property=\"og:description\" content=\"Brabazon Bottling Series nese jm\u00e9no Williama Brabazona, t\u0159et\u00edho hrab\u011bte z\u00a0Meath, kter\u00fd dohl\u00ed\u017eel na dublinskou oblast Liberties v\u00a0dob\u011b jej\u00edho pr\u016fmyslov\u00e9ho\" \/>\n<meta property=\"og:url\" content=\"https:\/\/richter.ceo\/coxs\/product\/teeling-brabazon-no-2\/\" \/>\n<meta property=\"og:site_name\" content=\"COXS CLUB\" \/>\n<meta property=\"article:publisher\" content=\"https:\/\/www.facebook.com\/profile.php?id=100088204002615\" \/>\n<meta property=\"og:image\" content=\"https:\/\/richter.ceo\/coxs\/wp-content\/uploads\/sites\/4\/2025\/05\/2423_teeling_brabazon_no2_2-864x1024-1.jpg\" \/>\n\t<meta property=\"og:image:width\" content=\"864\" \/>\n\t<meta property=\"og:image:height\" content=\"1024\" \/>\n\t<meta property=\"og:image:type\" content=\"image\/jpeg\" \/>\n<meta name=\"twitter:card\" content=\"summary_large_image\" \/>\n<meta name=\"twitter:label1\" content=\"Odhadovan\u00e1 doba \u010dten\u00ed\" \/>\n\t<meta name=\"twitter:data1\" content=\"1 minuta\" \/>\n<script type=\"application\/ld+json\" class=\"yoast-schema-graph\">{\"@context\":\"https:\\\/\\\/schema.org\",\"@graph\":[{\"@type\":\"WebPage\",\"@id\":\"https:\\\/\\\/richter.ceo\\\/coxs\\\/en\\\/product\\\/teeling-brabazon-no-2\\\/\",\"url\":\"https:\\\/\\\/richter.ceo\\\/coxs\\\/en\\\/product\\\/teeling-brabazon-no-2\\\/\",\"name\":\"Teeling Brabazon No. 2\",\"isPartOf\":{\"@id\":\"https:\\\/\\\/richter.ceo\\\/coxs\\\/en\\\/#website\"},\"primaryImageOfPage\":{\"@id\":\"https:\\\/\\\/richter.ceo\\\/coxs\\\/en\\\/product\\\/teeling-brabazon-no-2\\\/#primaryimage\"},\"image\":{\"@id\":\"https:\\\/\\\/richter.ceo\\\/coxs\\\/en\\\/product\\\/teeling-brabazon-no-2\\\/#primaryimage\"},\"thumbnailUrl\":\"https:\\\/\\\/richter.ceo\\\/coxs\\\/wp-content\\\/uploads\\\/sites\\\/4\\\/2025\\\/05\\\/2423_teeling_brabazon_no2_2-864x1024-1.jpg\",\"datePublished\":\"2025-05-12T09:43:30+00:00\",\"description\":\"Brabazon Bottling Series nese jm\u00e9no Williama Brabazona, t\u0159et\u00edho hrab\u011bte z\u00a0Meath, kter\u00fd dohl\u00ed\u017eel na dublinskou oblast Liberties v\u00a0dob\u011b jej\u00edho pr\u016fmyslov\u00e9ho\",\"breadcrumb\":{\"@id\":\"https:\\\/\\\/richter.ceo\\\/coxs\\\/en\\\/product\\\/teeling-brabazon-no-2\\\/#breadcrumb\"},\"inLanguage\":\"cs\",\"potentialAction\":[{\"@type\":\"ReadAction\",\"target\":[\"https:\\\/\\\/richter.ceo\\\/coxs\\\/en\\\/product\\\/teeling-brabazon-no-2\\\/\"]}]},{\"@type\":\"ImageObject\",\"inLanguage\":\"cs\",\"@id\":\"https:\\\/\\\/richter.ceo\\\/coxs\\\/en\\\/product\\\/teeling-brabazon-no-2\\\/#primaryimage\",\"url\":\"https:\\\/\\\/richter.ceo\\\/coxs\\\/wp-content\\\/uploads\\\/sites\\\/4\\\/2025\\\/05\\\/2423_teeling_brabazon_no2_2-864x1024-1.jpg\",\"contentUrl\":\"https:\\\/\\\/richter.ceo\\\/coxs\\\/wp-content\\\/uploads\\\/sites\\\/4\\\/2025\\\/05\\\/2423_teeling_brabazon_no2_2-864x1024-1.jpg\",\"width\":864,\"height\":1024,\"caption\":\"COXS CLUB\"},{\"@type\":\"BreadcrumbList\",\"@id\":\"https:\\\/\\\/richter.ceo\\\/coxs\\\/en\\\/product\\\/teeling-brabazon-no-2\\\/#breadcrumb\",\"itemListElement\":[{\"@type\":\"ListItem\",\"position\":1,\"name\":\"Dom\u016f\",\"item\":\"https:\\\/\\\/richter.ceo\\\/coxs\\\/\"},{\"@type\":\"ListItem\",\"position\":2,\"name\":\"N\u00c1POJE\",\"item\":\"https:\\\/\\\/richter.ceo\\\/coxs\\\/en\\\/napoje\\\/\"},{\"@type\":\"ListItem\",\"position\":3,\"name\":\"Teeling Brabazon No. 2\"}]},{\"@type\":\"WebSite\",\"@id\":\"https:\\\/\\\/richter.ceo\\\/coxs\\\/en\\\/#website\",\"url\":\"https:\\\/\\\/richter.ceo\\\/coxs\\\/en\\\/\",\"name\":\"COXS CLUB\",\"description\":\"Beton a Rum\",\"publisher\":{\"@id\":\"https:\\\/\\\/richter.ceo\\\/coxs\\\/en\\\/#organization\"},\"potentialAction\":[{\"@type\":\"SearchAction\",\"target\":{\"@type\":\"EntryPoint\",\"urlTemplate\":\"https:\\\/\\\/richter.ceo\\\/coxs\\\/en\\\/?s={search_term_string}\"},\"query-input\":{\"@type\":\"PropertyValueSpecification\",\"valueRequired\":true,\"valueName\":\"search_term_string\"}}],\"inLanguage\":\"cs\"},{\"@type\":\"Organization\",\"@id\":\"https:\\\/\\\/richter.ceo\\\/coxs\\\/en\\\/#organization\",\"name\":\"COXS CLUB\",\"url\":\"https:\\\/\\\/richter.ceo\\\/coxs\\\/en\\\/\",\"logo\":{\"@type\":\"ImageObject\",\"inLanguage\":\"cs\",\"@id\":\"https:\\\/\\\/richter.ceo\\\/coxs\\\/en\\\/#\\\/schema\\\/logo\\\/image\\\/\",\"url\":\"http:\\\/\\\/richter.ceo\\\/coxs\\\/wp-content\\\/uploads\\\/sites\\\/4\\\/2025\\\/05\\\/FAVICON-dark.webp\",\"contentUrl\":\"http:\\\/\\\/richter.ceo\\\/coxs\\\/wp-content\\\/uploads\\\/sites\\\/4\\\/2025\\\/05\\\/FAVICON-dark.webp\",\"width\":512,\"height\":512,\"caption\":\"COXS CLUB\"},\"image\":{\"@id\":\"https:\\\/\\\/richter.ceo\\\/coxs\\\/en\\\/#\\\/schema\\\/logo\\\/image\\\/\"},\"sameAs\":[\"https:\\\/\\\/www.facebook.com\\\/profile.php?id=100088204002615\",\"https:\\\/\\\/www.instagram.com\\\/coxs_coxs\\\/\"]}]}<\/script>\n<!-- \/ Yoast SEO plugin. -->","yoast_head_json":{"title":"Teeling Brabazon No. 2","description":"Brabazon Bottling Series nese jm\u00e9no Williama Brabazona, t\u0159et\u00edho hrab\u011bte z\u00a0Meath, kter\u00fd dohl\u00ed\u017eel na dublinskou oblast Liberties v\u00a0dob\u011b jej\u00edho pr\u016fmyslov\u00e9ho","robots":{"index":"index","follow":"follow","max-snippet":"max-snippet:-1","max-image-preview":"max-image-preview:large","max-video-preview":"max-video-preview:-1"},"canonical":"https:\/\/richter.ceo\/coxs\/product\/teeling-brabazon-no-2\/","og_locale":"cs_CZ","og_type":"article","og_title":"Teeling Brabazon No. 2","og_description":"Brabazon Bottling Series nese jm\u00e9no Williama Brabazona, t\u0159et\u00edho hrab\u011bte z\u00a0Meath, kter\u00fd dohl\u00ed\u017eel na dublinskou oblast Liberties v\u00a0dob\u011b jej\u00edho pr\u016fmyslov\u00e9ho","og_url":"https:\/\/richter.ceo\/coxs\/product\/teeling-brabazon-no-2\/","og_site_name":"COXS CLUB","article_publisher":"https:\/\/www.facebook.com\/profile.php?id=100088204002615","og_image":[{"width":864,"height":1024,"url":"https:\/\/richter.ceo\/coxs\/wp-content\/uploads\/sites\/4\/2025\/05\/2423_teeling_brabazon_no2_2-864x1024-1.jpg","type":"image\/jpeg"}],"twitter_card":"summary_large_image","twitter_misc":{"Odhadovan\u00e1 doba \u010dten\u00ed":"1 minuta"},"schema":{"@context":"https:\/\/schema.org","@graph":[{"@type":"WebPage","@id":"https:\/\/richter.ceo\/coxs\/en\/product\/teeling-brabazon-no-2\/","url":"https:\/\/richter.ceo\/coxs\/en\/product\/teeling-brabazon-no-2\/","name":"Teeling Brabazon No. 2","isPartOf":{"@id":"https:\/\/richter.ceo\/coxs\/en\/#website"},"primaryImageOfPage":{"@id":"https:\/\/richter.ceo\/coxs\/en\/product\/teeling-brabazon-no-2\/#primaryimage"},"image":{"@id":"https:\/\/richter.ceo\/coxs\/en\/product\/teeling-brabazon-no-2\/#primaryimage"},"thumbnailUrl":"https:\/\/richter.ceo\/coxs\/wp-content\/uploads\/sites\/4\/2025\/05\/2423_teeling_brabazon_no2_2-864x1024-1.jpg","datePublished":"2025-05-12T09:43:30+00:00","description":"Brabazon Bottling Series nese jm\u00e9no Williama Brabazona, t\u0159et\u00edho hrab\u011bte z\u00a0Meath, kter\u00fd dohl\u00ed\u017eel na dublinskou oblast Liberties v\u00a0dob\u011b jej\u00edho pr\u016fmyslov\u00e9ho","breadcrumb":{"@id":"https:\/\/richter.ceo\/coxs\/en\/product\/teeling-brabazon-no-2\/#breadcrumb"},"inLanguage":"cs","potentialAction":[{"@type":"ReadAction","target":["https:\/\/richter.ceo\/coxs\/en\/product\/teeling-brabazon-no-2\/"]}]},{"@type":"ImageObject","inLanguage":"cs","@id":"https:\/\/richter.ceo\/coxs\/en\/product\/teeling-brabazon-no-2\/#primaryimage","url":"https:\/\/richter.ceo\/coxs\/wp-content\/uploads\/sites\/4\/2025\/05\/2423_teeling_brabazon_no2_2-864x1024-1.jpg","contentUrl":"https:\/\/richter.ceo\/coxs\/wp-content\/uploads\/sites\/4\/2025\/05\/2423_teeling_brabazon_no2_2-864x1024-1.jpg","width":864,"height":1024,"caption":"COXS CLUB"},{"@type":"BreadcrumbList","@id":"https:\/\/richter.ceo\/coxs\/en\/product\/teeling-brabazon-no-2\/#breadcrumb","itemListElement":[{"@type":"ListItem","position":1,"name":"Dom\u016f","item":"https:\/\/richter.ceo\/coxs\/"},{"@type":"ListItem","position":2,"name":"N\u00c1POJE","item":"https:\/\/richter.ceo\/coxs\/en\/napoje\/"},{"@type":"ListItem","position":3,"name":"Teeling Brabazon No. 2"}]},{"@type":"WebSite","@id":"https:\/\/richter.ceo\/coxs\/en\/#website","url":"https:\/\/richter.ceo\/coxs\/en\/","name":"COXS CLUB","description":"Beton a Rum","publisher":{"@id":"https:\/\/richter.ceo\/coxs\/en\/#organization"},"potentialAction":[{"@type":"SearchAction","target":{"@type":"EntryPoint","urlTemplate":"https:\/\/richter.ceo\/coxs\/en\/?s={search_term_string}"},"query-input":{"@type":"PropertyValueSpecification","valueRequired":true,"valueName":"search_term_string"}}],"inLanguage":"cs"},{"@type":"Organization","@id":"https:\/\/richter.ceo\/coxs\/en\/#organization","name":"COXS CLUB","url":"https:\/\/richter.ceo\/coxs\/en\/","logo":{"@type":"ImageObject","inLanguage":"cs","@id":"https:\/\/richter.ceo\/coxs\/en\/#\/schema\/logo\/image\/","url":"http:\/\/richter.ceo\/coxs\/wp-content\/uploads\/sites\/4\/2025\/05\/FAVICON-dark.webp","contentUrl":"http:\/\/richter.ceo\/coxs\/wp-content\/uploads\/sites\/4\/2025\/05\/FAVICON-dark.webp","width":512,"height":512,"caption":"COXS CLUB"},"image":{"@id":"https:\/\/richter.ceo\/coxs\/en\/#\/schema\/logo\/image\/"},"sameAs":["https:\/\/www.facebook.com\/profile.php?id=100088204002615","https:\/\/www.instagram.com\/coxs_coxs\/"]}]}},"_links":{"self":[{"href":"https:\/\/richter.ceo\/coxs\/wp-json\/wp\/v2\/product\/871","targetHints":{"allow":["GET"]}}],"collection":[{"href":"https:\/\/richter.ceo\/coxs\/wp-json\/wp\/v2\/product"}],"about":[{"href":"https:\/\/richter.ceo\/coxs\/wp-json\/wp\/v2\/types\/product"}],"wp:featuredmedia":[{"embeddable":true,"href":"https:\/\/richter.ceo\/coxs\/wp-json\/wp\/v2\/media\/863"}],"wp:attachment":[{"href":"https:\/\/richter.ceo\/coxs\/wp-json\/wp\/v2\/media?parent=871"}],"wp:term":[{"taxonomy":"product_brand","embeddable":true,"href":"https:\/\/richter.ceo\/coxs\/wp-json\/wp\/v2\/product_brand?post=871"},{"taxonomy":"product_cat","embeddable":true,"href":"https:\/\/richter.ceo\/coxs\/wp-json\/wp\/v2\/product_cat?post=871"},{"taxonomy":"product_tag","embeddable":true,"href":"https:\/\/richter.ceo\/coxs\/wp-json\/wp\/v2\/product_tag?post=871"}],"curies":[{"name":"wp","href":"https:\/\/api.w.org\/{rel}","templated":true}]}}