{"id":950,"date":"2025-05-12T15:42:55","date_gmt":"2025-05-12T13:42:55","guid":{"rendered":"https:\/\/richter.ceo\/coxsclub\/?post_type=product&#038;p=950"},"modified":"2025-05-12T15:43:34","modified_gmt":"2025-05-12T13:43:34","slug":"nikka-from-the-barrel","status":"publish","type":"product","link":"https:\/\/richter.ceo\/coxs\/produkt\/nikka-from-the-barrel\/","title":{"rendered":"Nikka From the Barrel"},"content":{"rendered":"<p>Nikka From the Barrel je siln\u00fd blend sladov\u00fdch a\u00a0obiln\u00fdch whisky ze dvou pal\u00edren japonsk\u00e9 spole\u010dnosti Nikka, p\u0159i jejich\u017e sta\u0159en\u00ed se pou\u017e\u00edv\u00e1 cel\u00e1 \u0161k\u00e1la r\u016fzn\u00fdch sud\u016f (v n\u011bkter\u00fdch byl d\u0159\u00edve ulo\u017een bourbon, v\u00a0jin\u00fdch sherry, n\u011bkter\u00e9 jsou vyp\u00e1len\u00e9, jin\u00e9 nikoli atd.). Po sm\u00edch\u00e1n\u00ed je whisky ulo\u017eena na n\u011bkolik m\u011bs\u00edc\u016f znovu do sudu, \u010d\u00edm\u017e se li\u0161\u00ed od jin\u00fdch blended whisky, kter\u00e9 se b\u011b\u017en\u011b nech\u00e1vaj\u00ed odpo\u010d\u00edvat v\u00a0nerezov\u00fdch tanc\u00edch (odtud jm\u00e9no \u201eFrom the Barrel\u201c neboli \u201eze sudu\u201c). V\u00fdsledkem je naprosto jedine\u010dn\u00e1, chu\u0165ov\u011b bohat\u00e1 whisky, kter\u00e1 si pr\u00e1vem z\u00edskala renom\u00e9 po cel\u00e9m sv\u011bt\u011b. Vydejte se po stop\u00e1ch Masataky Takecurua, zakladatele zna\u010dky Nikka, otce japonsk\u00e9 whisky.<\/p>\n<p>&nbsp;<\/p>\n<p><strong>V\u016fn\u011b:<\/strong>\u00a0Rafinovan\u00e1 a\u00a0komplexn\u00ed. T\u00f3ny kv\u011btin (\u0161e\u0159\u00edk), ovoce (meru\u0148ky), ko\u0159en\u00ed (h\u0159eb\u00ed\u010dek) a\u00a0usn\u011b.<\/p>\n<div class=\"elementor-column elementor-col-50 elementor-inner-column elementor-element elementor-element-df5ea97\" data-id=\"df5ea97\" data-element_type=\"column\">\n<div class=\"elementor-widget-wrap elementor-element-populated\">\n<div class=\"elementor-element elementor-element-5f45f876 elementor-widget elementor-widget-woocommerce-product-short-description\" data-id=\"5f45f876\" data-element_type=\"widget\" data-widget_type=\"woocommerce-product-short-description.default\">\n<div class=\"elementor-widget-container\">\n<div class=\"woocommerce-product-details__short-description\">\n<div id=\"secondaryColumn\" class=\"page-column page-secondary-column\">\n<div id=\"description\" class=\"long-description wysiwyg-content\">\n<div id=\"secondaryColumn\" class=\"page-column page-secondary-column\">\n<div id=\"description\" class=\"long-description wysiwyg-content\">\n<div id=\"secondaryColumn\" class=\"page-column page-secondary-column\">\n<div id=\"description\" class=\"long-description wysiwyg-content\">\n<div id=\"secondaryColumn\" class=\"page-column page-secondary-column\">\n<div id=\"description\" class=\"long-description wysiwyg-content\">\n<div id=\"secondaryColumn\" class=\"page-column page-secondary-column\">\n<div id=\"description\" class=\"long-description wysiwyg-content\">\n<div id=\"secondaryColumn\" class=\"page-column page-secondary-column\">\n<div id=\"description\" class=\"long-description wysiwyg-content\">\n<div id=\"secondaryColumn\" class=\"page-column page-secondary-column\">\n<div id=\"description\" class=\"long-description wysiwyg-content\">\n<div id=\"secondaryColumn\" class=\"page-column page-secondary-column\">\n<div id=\"description\" class=\"long-description wysiwyg-content\">\n<p><strong>Chu\u0165:<\/strong> Intenzivn\u00ed, peprn\u00e1. T\u00f3ny dubov\u00e9ho d\u0159eva a\u00a0zral\u00e9ho ovoce (broskve), karamelizovan\u00fdch jablek a\u00a0kv\u011bt\u016f (zimolez). Dlouhotrvaj\u00edc\u00ed a\u00a0komplexn\u00ed z\u00e1v\u011br s\u00a0pokra\u010duj\u00edc\u00ed chut\u00ed ovoce (su\u0161en\u00e9 \u0161vestky, broskve), na pozad\u00ed t\u00f3ny vanilky s\u00a0n\u00e1znakem dubov\u00e9ho d\u0159eva.<\/p>\n<\/div>\n<\/div>\n<\/div>\n<\/div>\n<\/div>\n<\/div>\n<\/div>\n<\/div>\n<\/div>\n<\/div>\n<\/div>\n<\/div>\n<\/div>\n<\/div>\n<\/div>\n<\/div>\n<\/div>\n<\/div>\n<\/div>\n<\/div>\n<\/div>\n<p>&nbsp;<\/p>\n","protected":false},"excerpt":{"rendered":"<p>Nikka From the Barrel je siln\u00fd blend sladov\u00fdch a\u00a0obiln\u00fdch whisky ze dvou pal\u00edren japonsk\u00e9 spole\u010dnosti Nikka, p\u0159i jejich\u017e sta\u0159en\u00ed se pou\u017e\u00edv\u00e1 cel\u00e1 \u0161k\u00e1la r\u016fzn\u00fdch sud\u016f (v n\u011bkter\u00fdch byl d\u0159\u00edve ulo\u017een bourbon, v\u00a0jin\u00fdch sherry, n\u011bkter\u00e9 jsou vyp\u00e1len\u00e9, jin\u00e9 nikoli atd.). Po sm\u00edch\u00e1n\u00ed je whisky ulo\u017eena na n\u011bkolik m\u011bs\u00edc\u016f znovu do sudu, \u010d\u00edm\u017e se li\u0161\u00ed od jin\u00fdch [&hellip;]<\/p>\n","protected":false},"featured_media":921,"template":"","meta":{"_acf_changed":false},"product_brand":[71],"product_cat":[50],"product_tag":[],"class_list":{"0":"post-950","1":"product","2":"type-product","3":"status-publish","4":"has-post-thumbnail","6":"product_brand-nikka","7":"product_cat-whisky","8":"pa_cena-za-004-l","9":"pa_obsah-alkoholu-69","10":"pa_zeme-japonsko","12":"first","13":"instock","14":"shipping-taxable","15":"purchasable","16":"product-type-simple"},"acf":[],"yoast_head":"<!-- This site is optimized with the Yoast SEO plugin v27.5 - https:\/\/yoast.com\/product\/yoast-seo-wordpress\/ -->\n<title>Nikka From the Barrel<\/title>\n<meta name=\"description\" content=\"Nikka From the Barrel je siln\u00fd blend sladov\u00fdch a\u00a0obiln\u00fdch whisky ze dvou pal\u00edren japonsk\u00e9 spole\u010dnosti Nikka, p\u0159i jejich\u017e sta\u0159en\u00ed se pou\u017e\u00edv\u00e1 cel\u00e1 \u0161k\u00e1la\" \/>\n<meta name=\"robots\" content=\"index, follow, max-snippet:-1, max-image-preview:large, max-video-preview:-1\" \/>\n<link rel=\"canonical\" href=\"https:\/\/richter.ceo\/coxs\/produkt\/nikka-from-the-barrel\/\" \/>\n<meta property=\"og:locale\" content=\"cs_CZ\" \/>\n<meta property=\"og:type\" content=\"article\" \/>\n<meta property=\"og:title\" content=\"Nikka From the Barrel\" \/>\n<meta property=\"og:description\" content=\"Nikka From the Barrel je siln\u00fd blend sladov\u00fdch a\u00a0obiln\u00fdch whisky ze dvou pal\u00edren japonsk\u00e9 spole\u010dnosti Nikka, p\u0159i jejich\u017e sta\u0159en\u00ed se pou\u017e\u00edv\u00e1 cel\u00e1 \u0161k\u00e1la\" \/>\n<meta property=\"og:url\" content=\"https:\/\/richter.ceo\/coxs\/produkt\/nikka-from-the-barrel\/\" \/>\n<meta property=\"og:site_name\" content=\"COXS CLUB\" \/>\n<meta property=\"article:publisher\" content=\"https:\/\/www.facebook.com\/profile.php?id=100088204002615\" \/>\n<meta property=\"article:modified_time\" content=\"2025-05-12T13:43:34+00:00\" \/>\n<meta property=\"og:image\" content=\"https:\/\/richter.ceo\/coxs\/wp-content\/uploads\/sites\/4\/2025\/05\/0585_nikka_from_the_barrel_pack-864x1024-1.jpg\" \/>\n\t<meta property=\"og:image:width\" content=\"864\" \/>\n\t<meta property=\"og:image:height\" content=\"1024\" \/>\n\t<meta property=\"og:image:type\" content=\"image\/jpeg\" \/>\n<meta name=\"twitter:card\" content=\"summary_large_image\" \/>\n<meta name=\"twitter:label1\" content=\"Odhadovan\u00e1 doba \u010dten\u00ed\" \/>\n\t<meta name=\"twitter:data1\" content=\"1 minuta\" \/>\n<script type=\"application\/ld+json\" class=\"yoast-schema-graph\">{\"@context\":\"https:\\\/\\\/schema.org\",\"@graph\":[{\"@type\":\"WebPage\",\"@id\":\"https:\\\/\\\/richter.ceo\\\/coxs\\\/produkt\\\/nikka-from-the-barrel\\\/\",\"url\":\"https:\\\/\\\/richter.ceo\\\/coxs\\\/produkt\\\/nikka-from-the-barrel\\\/\",\"name\":\"Nikka From the Barrel\",\"isPartOf\":{\"@id\":\"https:\\\/\\\/richter.ceo\\\/coxs\\\/en\\\/#website\"},\"primaryImageOfPage\":{\"@id\":\"https:\\\/\\\/richter.ceo\\\/coxs\\\/produkt\\\/nikka-from-the-barrel\\\/#primaryimage\"},\"image\":{\"@id\":\"https:\\\/\\\/richter.ceo\\\/coxs\\\/produkt\\\/nikka-from-the-barrel\\\/#primaryimage\"},\"thumbnailUrl\":\"https:\\\/\\\/richter.ceo\\\/coxs\\\/wp-content\\\/uploads\\\/sites\\\/4\\\/2025\\\/05\\\/0585_nikka_from_the_barrel_pack-864x1024-1.jpg\",\"datePublished\":\"2025-05-12T13:42:55+00:00\",\"dateModified\":\"2025-05-12T13:43:34+00:00\",\"description\":\"Nikka From the Barrel je siln\u00fd blend sladov\u00fdch a\u00a0obiln\u00fdch whisky ze dvou pal\u00edren japonsk\u00e9 spole\u010dnosti Nikka, p\u0159i jejich\u017e sta\u0159en\u00ed se pou\u017e\u00edv\u00e1 cel\u00e1 \u0161k\u00e1la\",\"breadcrumb\":{\"@id\":\"https:\\\/\\\/richter.ceo\\\/coxs\\\/produkt\\\/nikka-from-the-barrel\\\/#breadcrumb\"},\"inLanguage\":\"cs\",\"potentialAction\":[{\"@type\":\"ReadAction\",\"target\":[\"https:\\\/\\\/richter.ceo\\\/coxs\\\/produkt\\\/nikka-from-the-barrel\\\/\"]}]},{\"@type\":\"ImageObject\",\"inLanguage\":\"cs\",\"@id\":\"https:\\\/\\\/richter.ceo\\\/coxs\\\/produkt\\\/nikka-from-the-barrel\\\/#primaryimage\",\"url\":\"https:\\\/\\\/richter.ceo\\\/coxs\\\/wp-content\\\/uploads\\\/sites\\\/4\\\/2025\\\/05\\\/0585_nikka_from_the_barrel_pack-864x1024-1.jpg\",\"contentUrl\":\"https:\\\/\\\/richter.ceo\\\/coxs\\\/wp-content\\\/uploads\\\/sites\\\/4\\\/2025\\\/05\\\/0585_nikka_from_the_barrel_pack-864x1024-1.jpg\",\"width\":864,\"height\":1024,\"caption\":\"COXS CLUB\"},{\"@type\":\"BreadcrumbList\",\"@id\":\"https:\\\/\\\/richter.ceo\\\/coxs\\\/produkt\\\/nikka-from-the-barrel\\\/#breadcrumb\",\"itemListElement\":[{\"@type\":\"ListItem\",\"position\":1,\"name\":\"Dom\u016f\",\"item\":\"https:\\\/\\\/richter.ceo\\\/coxs\\\/\"},{\"@type\":\"ListItem\",\"position\":2,\"name\":\"N\u00c1POJE\",\"item\":\"https:\\\/\\\/richter.ceo\\\/coxs\\\/en\\\/napoje\\\/\"},{\"@type\":\"ListItem\",\"position\":3,\"name\":\"Nikka From the Barrel\"}]},{\"@type\":\"WebSite\",\"@id\":\"https:\\\/\\\/richter.ceo\\\/coxs\\\/en\\\/#website\",\"url\":\"https:\\\/\\\/richter.ceo\\\/coxs\\\/en\\\/\",\"name\":\"COXS CLUB\",\"description\":\"Beton a Rum\",\"publisher\":{\"@id\":\"https:\\\/\\\/richter.ceo\\\/coxs\\\/en\\\/#organization\"},\"potentialAction\":[{\"@type\":\"SearchAction\",\"target\":{\"@type\":\"EntryPoint\",\"urlTemplate\":\"https:\\\/\\\/richter.ceo\\\/coxs\\\/en\\\/?s={search_term_string}\"},\"query-input\":{\"@type\":\"PropertyValueSpecification\",\"valueRequired\":true,\"valueName\":\"search_term_string\"}}],\"inLanguage\":\"cs\"},{\"@type\":\"Organization\",\"@id\":\"https:\\\/\\\/richter.ceo\\\/coxs\\\/en\\\/#organization\",\"name\":\"COXS CLUB\",\"url\":\"https:\\\/\\\/richter.ceo\\\/coxs\\\/en\\\/\",\"logo\":{\"@type\":\"ImageObject\",\"inLanguage\":\"cs\",\"@id\":\"https:\\\/\\\/richter.ceo\\\/coxs\\\/en\\\/#\\\/schema\\\/logo\\\/image\\\/\",\"url\":\"http:\\\/\\\/richter.ceo\\\/coxs\\\/wp-content\\\/uploads\\\/sites\\\/4\\\/2025\\\/05\\\/FAVICON-dark.webp\",\"contentUrl\":\"http:\\\/\\\/richter.ceo\\\/coxs\\\/wp-content\\\/uploads\\\/sites\\\/4\\\/2025\\\/05\\\/FAVICON-dark.webp\",\"width\":512,\"height\":512,\"caption\":\"COXS CLUB\"},\"image\":{\"@id\":\"https:\\\/\\\/richter.ceo\\\/coxs\\\/en\\\/#\\\/schema\\\/logo\\\/image\\\/\"},\"sameAs\":[\"https:\\\/\\\/www.facebook.com\\\/profile.php?id=100088204002615\",\"https:\\\/\\\/www.instagram.com\\\/coxs_coxs\\\/\"]}]}<\/script>\n<!-- \/ Yoast SEO plugin. -->","yoast_head_json":{"title":"Nikka From the Barrel","description":"Nikka From the Barrel je siln\u00fd blend sladov\u00fdch a\u00a0obiln\u00fdch whisky ze dvou pal\u00edren japonsk\u00e9 spole\u010dnosti Nikka, p\u0159i jejich\u017e sta\u0159en\u00ed se pou\u017e\u00edv\u00e1 cel\u00e1 \u0161k\u00e1la","robots":{"index":"index","follow":"follow","max-snippet":"max-snippet:-1","max-image-preview":"max-image-preview:large","max-video-preview":"max-video-preview:-1"},"canonical":"https:\/\/richter.ceo\/coxs\/produkt\/nikka-from-the-barrel\/","og_locale":"cs_CZ","og_type":"article","og_title":"Nikka From the Barrel","og_description":"Nikka From the Barrel je siln\u00fd blend sladov\u00fdch a\u00a0obiln\u00fdch whisky ze dvou pal\u00edren japonsk\u00e9 spole\u010dnosti Nikka, p\u0159i jejich\u017e sta\u0159en\u00ed se pou\u017e\u00edv\u00e1 cel\u00e1 \u0161k\u00e1la","og_url":"https:\/\/richter.ceo\/coxs\/produkt\/nikka-from-the-barrel\/","og_site_name":"COXS CLUB","article_publisher":"https:\/\/www.facebook.com\/profile.php?id=100088204002615","article_modified_time":"2025-05-12T13:43:34+00:00","og_image":[{"width":864,"height":1024,"url":"https:\/\/richter.ceo\/coxs\/wp-content\/uploads\/sites\/4\/2025\/05\/0585_nikka_from_the_barrel_pack-864x1024-1.jpg","type":"image\/jpeg"}],"twitter_card":"summary_large_image","twitter_misc":{"Odhadovan\u00e1 doba \u010dten\u00ed":"1 minuta"},"schema":{"@context":"https:\/\/schema.org","@graph":[{"@type":"WebPage","@id":"https:\/\/richter.ceo\/coxs\/produkt\/nikka-from-the-barrel\/","url":"https:\/\/richter.ceo\/coxs\/produkt\/nikka-from-the-barrel\/","name":"Nikka From the Barrel","isPartOf":{"@id":"https:\/\/richter.ceo\/coxs\/en\/#website"},"primaryImageOfPage":{"@id":"https:\/\/richter.ceo\/coxs\/produkt\/nikka-from-the-barrel\/#primaryimage"},"image":{"@id":"https:\/\/richter.ceo\/coxs\/produkt\/nikka-from-the-barrel\/#primaryimage"},"thumbnailUrl":"https:\/\/richter.ceo\/coxs\/wp-content\/uploads\/sites\/4\/2025\/05\/0585_nikka_from_the_barrel_pack-864x1024-1.jpg","datePublished":"2025-05-12T13:42:55+00:00","dateModified":"2025-05-12T13:43:34+00:00","description":"Nikka From the Barrel je siln\u00fd blend sladov\u00fdch a\u00a0obiln\u00fdch whisky ze dvou pal\u00edren japonsk\u00e9 spole\u010dnosti Nikka, p\u0159i jejich\u017e sta\u0159en\u00ed se pou\u017e\u00edv\u00e1 cel\u00e1 \u0161k\u00e1la","breadcrumb":{"@id":"https:\/\/richter.ceo\/coxs\/produkt\/nikka-from-the-barrel\/#breadcrumb"},"inLanguage":"cs","potentialAction":[{"@type":"ReadAction","target":["https:\/\/richter.ceo\/coxs\/produkt\/nikka-from-the-barrel\/"]}]},{"@type":"ImageObject","inLanguage":"cs","@id":"https:\/\/richter.ceo\/coxs\/produkt\/nikka-from-the-barrel\/#primaryimage","url":"https:\/\/richter.ceo\/coxs\/wp-content\/uploads\/sites\/4\/2025\/05\/0585_nikka_from_the_barrel_pack-864x1024-1.jpg","contentUrl":"https:\/\/richter.ceo\/coxs\/wp-content\/uploads\/sites\/4\/2025\/05\/0585_nikka_from_the_barrel_pack-864x1024-1.jpg","width":864,"height":1024,"caption":"COXS CLUB"},{"@type":"BreadcrumbList","@id":"https:\/\/richter.ceo\/coxs\/produkt\/nikka-from-the-barrel\/#breadcrumb","itemListElement":[{"@type":"ListItem","position":1,"name":"Dom\u016f","item":"https:\/\/richter.ceo\/coxs\/"},{"@type":"ListItem","position":2,"name":"N\u00c1POJE","item":"https:\/\/richter.ceo\/coxs\/en\/napoje\/"},{"@type":"ListItem","position":3,"name":"Nikka From the Barrel"}]},{"@type":"WebSite","@id":"https:\/\/richter.ceo\/coxs\/en\/#website","url":"https:\/\/richter.ceo\/coxs\/en\/","name":"COXS CLUB","description":"Beton a Rum","publisher":{"@id":"https:\/\/richter.ceo\/coxs\/en\/#organization"},"potentialAction":[{"@type":"SearchAction","target":{"@type":"EntryPoint","urlTemplate":"https:\/\/richter.ceo\/coxs\/en\/?s={search_term_string}"},"query-input":{"@type":"PropertyValueSpecification","valueRequired":true,"valueName":"search_term_string"}}],"inLanguage":"cs"},{"@type":"Organization","@id":"https:\/\/richter.ceo\/coxs\/en\/#organization","name":"COXS CLUB","url":"https:\/\/richter.ceo\/coxs\/en\/","logo":{"@type":"ImageObject","inLanguage":"cs","@id":"https:\/\/richter.ceo\/coxs\/en\/#\/schema\/logo\/image\/","url":"http:\/\/richter.ceo\/coxs\/wp-content\/uploads\/sites\/4\/2025\/05\/FAVICON-dark.webp","contentUrl":"http:\/\/richter.ceo\/coxs\/wp-content\/uploads\/sites\/4\/2025\/05\/FAVICON-dark.webp","width":512,"height":512,"caption":"COXS CLUB"},"image":{"@id":"https:\/\/richter.ceo\/coxs\/en\/#\/schema\/logo\/image\/"},"sameAs":["https:\/\/www.facebook.com\/profile.php?id=100088204002615","https:\/\/www.instagram.com\/coxs_coxs\/"]}]}},"_links":{"self":[{"href":"https:\/\/richter.ceo\/coxs\/wp-json\/wp\/v2\/product\/950","targetHints":{"allow":["GET"]}}],"collection":[{"href":"https:\/\/richter.ceo\/coxs\/wp-json\/wp\/v2\/product"}],"about":[{"href":"https:\/\/richter.ceo\/coxs\/wp-json\/wp\/v2\/types\/product"}],"wp:featuredmedia":[{"embeddable":true,"href":"https:\/\/richter.ceo\/coxs\/wp-json\/wp\/v2\/media\/921"}],"wp:attachment":[{"href":"https:\/\/richter.ceo\/coxs\/wp-json\/wp\/v2\/media?parent=950"}],"wp:term":[{"taxonomy":"product_brand","embeddable":true,"href":"https:\/\/richter.ceo\/coxs\/wp-json\/wp\/v2\/product_brand?post=950"},{"taxonomy":"product_cat","embeddable":true,"href":"https:\/\/richter.ceo\/coxs\/wp-json\/wp\/v2\/product_cat?post=950"},{"taxonomy":"product_tag","embeddable":true,"href":"https:\/\/richter.ceo\/coxs\/wp-json\/wp\/v2\/product_tag?post=950"}],"curies":[{"name":"wp","href":"https:\/\/api.w.org\/{rel}","templated":true}]}}