{"id":955,"date":"2025-05-12T16:03:14","date_gmt":"2025-05-12T14:03:14","guid":{"rendered":"https:\/\/richter.ceo\/coxsclub\/?post_type=product&#038;p=955"},"modified":"2025-05-12T16:03:14","modified_gmt":"2025-05-12T14:03:14","slug":"amrut-indian-single-malt","status":"publish","type":"product","link":"https:\/\/richter.ceo\/coxs\/produkt\/amrut-indian-single-malt\/","title":{"rendered":"Amrut Indian Single Malt"},"content":{"rendered":"<p>Destilerie Amrut se nach\u00e1z\u00ed v indick\u00e9m Bangaloru a v provozu je ji\u017e od roku 1948. Proslavila se p\u0159edev\u0161\u00edm v\u00fdrobou mimo\u0159\u00e1dn\u011b kvalitn\u00ed whisky a inovativn\u00edho p\u0159\u00edstupu k vyu\u017e\u00edv\u00e1n\u00ed zr\u00e1n\u00ed v r\u016fzn\u00fdch sudech.<\/p>\n<p>&nbsp;<\/p>\n<div class=\"elementor-column elementor-col-50 elementor-inner-column elementor-element elementor-element-df5ea97\" data-id=\"df5ea97\" data-element_type=\"column\">\n<div class=\"elementor-widget-wrap elementor-element-populated\">\n<div class=\"elementor-element elementor-element-5f45f876 elementor-widget elementor-widget-woocommerce-product-short-description\" data-id=\"5f45f876\" data-element_type=\"widget\" data-widget_type=\"woocommerce-product-short-description.default\">\n<div class=\"elementor-widget-container\">\n<div class=\"woocommerce-product-details__short-description\">\n<p>Indian Single Malt je mlad\u00fd destil\u00e1t, kter\u00fd ov\u0161em v nemilosrdn\u00e9m klimatu indick\u00e9ho Bangaloru velmi rychle zraje, a to v nov\u00fdch sudech z americk\u00e9ho dubu a sudech po bourbonu. Tak vznik\u00e1 chu\u0165ov\u00fd profil, kter\u00fd se stal p\u0159\u00edzna\u010dn\u00fdm pro v\u0161echny whisky Amrut a kter\u00fd je odli\u0161uje od jin\u00fdch whisky. Indian Single Malt je skv\u011blou vstupn\u00ed br\u00e1nou do sv\u011bta Amrut. Ve v\u016fni t\u00e9m\u011b\u0159 perfektn\u00ed ho\u0159kosladk\u00e1 vyv\u00e1\u017eenost s t\u00f3ny l\u00e9ko\u0159ice a bourbonu. V chuti v\u00fdjime\u010dn\u011b pln\u00e1 s nasl\u00e1dlost\u00ed je\u010dmene a dubu, t\u00f3ny bourbonu s l\u00e9ko\u0159ic\u00ed a melasou, ale tak\u00e9 je\u010dmene, kter\u00fd chuti poskytuje novou dimenzi.<\/p>\n<\/div>\n<\/div>\n<\/div>\n<\/div>\n<\/div>\n","protected":false},"excerpt":{"rendered":"<p>Destilerie Amrut se nach\u00e1z\u00ed v indick\u00e9m Bangaloru a v provozu je ji\u017e od roku 1948. Proslavila se p\u0159edev\u0161\u00edm v\u00fdrobou mimo\u0159\u00e1dn\u011b kvalitn\u00ed whisky a inovativn\u00edho p\u0159\u00edstupu k vyu\u017e\u00edv\u00e1n\u00ed zr\u00e1n\u00ed v r\u016fzn\u00fdch sudech. &nbsp; Indian Single Malt je mlad\u00fd destil\u00e1t, kter\u00fd ov\u0161em v nemilosrdn\u00e9m klimatu indick\u00e9ho Bangaloru velmi rychle zraje, a to v nov\u00fdch sudech z americk\u00e9ho [&hellip;]<\/p>\n","protected":false},"featured_media":924,"template":"","meta":{"_acf_changed":false},"product_brand":[74],"product_cat":[50],"product_tag":[],"class_list":{"0":"post-955","1":"product","2":"type-product","3":"status-publish","4":"has-post-thumbnail","6":"product_brand-amrut","7":"product_cat-whisky","8":"pa_cena-za-004-l","9":"pa_obsah-alkoholu-51","10":"pa_zeme-indie","12":"first","13":"instock","14":"shipping-taxable","15":"purchasable","16":"product-type-simple"},"acf":[],"yoast_head":"<!-- This site is optimized with the Yoast SEO plugin v27.5 - https:\/\/yoast.com\/product\/yoast-seo-wordpress\/ -->\n<title>Amrut Indian Single Malt<\/title>\n<meta name=\"description\" content=\"Destilerie Amrut se nach\u00e1z\u00ed v indick\u00e9m Bangaloru a v provozu je ji\u017e od roku 1948. Proslavila se p\u0159edev\u0161\u00edm v\u00fdrobou mimo\u0159\u00e1dn\u011b kvalitn\u00ed whisky a inovativn\u00edho\" \/>\n<meta name=\"robots\" content=\"index, follow, max-snippet:-1, max-image-preview:large, max-video-preview:-1\" \/>\n<link rel=\"canonical\" href=\"https:\/\/richter.ceo\/coxs\/produkt\/amrut-indian-single-malt\/\" \/>\n<meta property=\"og:locale\" content=\"cs_CZ\" \/>\n<meta property=\"og:type\" content=\"article\" \/>\n<meta property=\"og:title\" content=\"Amrut Indian Single Malt\" \/>\n<meta property=\"og:description\" content=\"Destilerie Amrut se nach\u00e1z\u00ed v indick\u00e9m Bangaloru a v provozu je ji\u017e od roku 1948. Proslavila se p\u0159edev\u0161\u00edm v\u00fdrobou mimo\u0159\u00e1dn\u011b kvalitn\u00ed whisky a inovativn\u00edho\" \/>\n<meta property=\"og:url\" content=\"https:\/\/richter.ceo\/coxs\/produkt\/amrut-indian-single-malt\/\" \/>\n<meta property=\"og:site_name\" content=\"COXS CLUB\" \/>\n<meta property=\"article:publisher\" content=\"https:\/\/www.facebook.com\/profile.php?id=100088204002615\" \/>\n<meta property=\"og:image\" content=\"https:\/\/richter.ceo\/coxs\/wp-content\/uploads\/sites\/4\/2025\/05\/1537_amrut_indian_single_malt_whisky-864x1024-1.jpg\" \/>\n\t<meta property=\"og:image:width\" content=\"864\" \/>\n\t<meta property=\"og:image:height\" content=\"1024\" \/>\n\t<meta property=\"og:image:type\" content=\"image\/jpeg\" \/>\n<meta name=\"twitter:card\" content=\"summary_large_image\" \/>\n<meta name=\"twitter:label1\" content=\"Odhadovan\u00e1 doba \u010dten\u00ed\" \/>\n\t<meta name=\"twitter:data1\" content=\"1 minuta\" \/>\n<script type=\"application\/ld+json\" class=\"yoast-schema-graph\">{\"@context\":\"https:\\\/\\\/schema.org\",\"@graph\":[{\"@type\":\"WebPage\",\"@id\":\"https:\\\/\\\/richter.ceo\\\/coxs\\\/produkt\\\/amrut-indian-single-malt\\\/\",\"url\":\"https:\\\/\\\/richter.ceo\\\/coxs\\\/produkt\\\/amrut-indian-single-malt\\\/\",\"name\":\"Amrut Indian Single Malt\",\"isPartOf\":{\"@id\":\"https:\\\/\\\/richter.ceo\\\/coxs\\\/en\\\/#website\"},\"primaryImageOfPage\":{\"@id\":\"https:\\\/\\\/richter.ceo\\\/coxs\\\/produkt\\\/amrut-indian-single-malt\\\/#primaryimage\"},\"image\":{\"@id\":\"https:\\\/\\\/richter.ceo\\\/coxs\\\/produkt\\\/amrut-indian-single-malt\\\/#primaryimage\"},\"thumbnailUrl\":\"https:\\\/\\\/richter.ceo\\\/coxs\\\/wp-content\\\/uploads\\\/sites\\\/4\\\/2025\\\/05\\\/1537_amrut_indian_single_malt_whisky-864x1024-1.jpg\",\"datePublished\":\"2025-05-12T14:03:14+00:00\",\"description\":\"Destilerie Amrut se nach\u00e1z\u00ed v indick\u00e9m Bangaloru a v provozu je ji\u017e od roku 1948. Proslavila se p\u0159edev\u0161\u00edm v\u00fdrobou mimo\u0159\u00e1dn\u011b kvalitn\u00ed whisky a inovativn\u00edho\",\"breadcrumb\":{\"@id\":\"https:\\\/\\\/richter.ceo\\\/coxs\\\/produkt\\\/amrut-indian-single-malt\\\/#breadcrumb\"},\"inLanguage\":\"cs\",\"potentialAction\":[{\"@type\":\"ReadAction\",\"target\":[\"https:\\\/\\\/richter.ceo\\\/coxs\\\/produkt\\\/amrut-indian-single-malt\\\/\"]}]},{\"@type\":\"ImageObject\",\"inLanguage\":\"cs\",\"@id\":\"https:\\\/\\\/richter.ceo\\\/coxs\\\/produkt\\\/amrut-indian-single-malt\\\/#primaryimage\",\"url\":\"https:\\\/\\\/richter.ceo\\\/coxs\\\/wp-content\\\/uploads\\\/sites\\\/4\\\/2025\\\/05\\\/1537_amrut_indian_single_malt_whisky-864x1024-1.jpg\",\"contentUrl\":\"https:\\\/\\\/richter.ceo\\\/coxs\\\/wp-content\\\/uploads\\\/sites\\\/4\\\/2025\\\/05\\\/1537_amrut_indian_single_malt_whisky-864x1024-1.jpg\",\"width\":864,\"height\":1024,\"caption\":\"COXS CLUB\"},{\"@type\":\"BreadcrumbList\",\"@id\":\"https:\\\/\\\/richter.ceo\\\/coxs\\\/produkt\\\/amrut-indian-single-malt\\\/#breadcrumb\",\"itemListElement\":[{\"@type\":\"ListItem\",\"position\":1,\"name\":\"Dom\u016f\",\"item\":\"https:\\\/\\\/richter.ceo\\\/coxs\\\/\"},{\"@type\":\"ListItem\",\"position\":2,\"name\":\"N\u00c1POJE\",\"item\":\"https:\\\/\\\/richter.ceo\\\/coxs\\\/en\\\/napoje\\\/\"},{\"@type\":\"ListItem\",\"position\":3,\"name\":\"Amrut Indian Single Malt\"}]},{\"@type\":\"WebSite\",\"@id\":\"https:\\\/\\\/richter.ceo\\\/coxs\\\/en\\\/#website\",\"url\":\"https:\\\/\\\/richter.ceo\\\/coxs\\\/en\\\/\",\"name\":\"COXS CLUB\",\"description\":\"Beton a Rum\",\"publisher\":{\"@id\":\"https:\\\/\\\/richter.ceo\\\/coxs\\\/en\\\/#organization\"},\"potentialAction\":[{\"@type\":\"SearchAction\",\"target\":{\"@type\":\"EntryPoint\",\"urlTemplate\":\"https:\\\/\\\/richter.ceo\\\/coxs\\\/en\\\/?s={search_term_string}\"},\"query-input\":{\"@type\":\"PropertyValueSpecification\",\"valueRequired\":true,\"valueName\":\"search_term_string\"}}],\"inLanguage\":\"cs\"},{\"@type\":\"Organization\",\"@id\":\"https:\\\/\\\/richter.ceo\\\/coxs\\\/en\\\/#organization\",\"name\":\"COXS CLUB\",\"url\":\"https:\\\/\\\/richter.ceo\\\/coxs\\\/en\\\/\",\"logo\":{\"@type\":\"ImageObject\",\"inLanguage\":\"cs\",\"@id\":\"https:\\\/\\\/richter.ceo\\\/coxs\\\/en\\\/#\\\/schema\\\/logo\\\/image\\\/\",\"url\":\"http:\\\/\\\/richter.ceo\\\/coxs\\\/wp-content\\\/uploads\\\/sites\\\/4\\\/2025\\\/05\\\/FAVICON-dark.webp\",\"contentUrl\":\"http:\\\/\\\/richter.ceo\\\/coxs\\\/wp-content\\\/uploads\\\/sites\\\/4\\\/2025\\\/05\\\/FAVICON-dark.webp\",\"width\":512,\"height\":512,\"caption\":\"COXS CLUB\"},\"image\":{\"@id\":\"https:\\\/\\\/richter.ceo\\\/coxs\\\/en\\\/#\\\/schema\\\/logo\\\/image\\\/\"},\"sameAs\":[\"https:\\\/\\\/www.facebook.com\\\/profile.php?id=100088204002615\",\"https:\\\/\\\/www.instagram.com\\\/coxs_coxs\\\/\"]}]}<\/script>\n<!-- \/ Yoast SEO plugin. -->","yoast_head_json":{"title":"Amrut Indian Single Malt","description":"Destilerie Amrut se nach\u00e1z\u00ed v indick\u00e9m Bangaloru a v provozu je ji\u017e od roku 1948. Proslavila se p\u0159edev\u0161\u00edm v\u00fdrobou mimo\u0159\u00e1dn\u011b kvalitn\u00ed whisky a inovativn\u00edho","robots":{"index":"index","follow":"follow","max-snippet":"max-snippet:-1","max-image-preview":"max-image-preview:large","max-video-preview":"max-video-preview:-1"},"canonical":"https:\/\/richter.ceo\/coxs\/produkt\/amrut-indian-single-malt\/","og_locale":"cs_CZ","og_type":"article","og_title":"Amrut Indian Single Malt","og_description":"Destilerie Amrut se nach\u00e1z\u00ed v indick\u00e9m Bangaloru a v provozu je ji\u017e od roku 1948. Proslavila se p\u0159edev\u0161\u00edm v\u00fdrobou mimo\u0159\u00e1dn\u011b kvalitn\u00ed whisky a inovativn\u00edho","og_url":"https:\/\/richter.ceo\/coxs\/produkt\/amrut-indian-single-malt\/","og_site_name":"COXS CLUB","article_publisher":"https:\/\/www.facebook.com\/profile.php?id=100088204002615","og_image":[{"width":864,"height":1024,"url":"https:\/\/richter.ceo\/coxs\/wp-content\/uploads\/sites\/4\/2025\/05\/1537_amrut_indian_single_malt_whisky-864x1024-1.jpg","type":"image\/jpeg"}],"twitter_card":"summary_large_image","twitter_misc":{"Odhadovan\u00e1 doba \u010dten\u00ed":"1 minuta"},"schema":{"@context":"https:\/\/schema.org","@graph":[{"@type":"WebPage","@id":"https:\/\/richter.ceo\/coxs\/produkt\/amrut-indian-single-malt\/","url":"https:\/\/richter.ceo\/coxs\/produkt\/amrut-indian-single-malt\/","name":"Amrut Indian Single Malt","isPartOf":{"@id":"https:\/\/richter.ceo\/coxs\/en\/#website"},"primaryImageOfPage":{"@id":"https:\/\/richter.ceo\/coxs\/produkt\/amrut-indian-single-malt\/#primaryimage"},"image":{"@id":"https:\/\/richter.ceo\/coxs\/produkt\/amrut-indian-single-malt\/#primaryimage"},"thumbnailUrl":"https:\/\/richter.ceo\/coxs\/wp-content\/uploads\/sites\/4\/2025\/05\/1537_amrut_indian_single_malt_whisky-864x1024-1.jpg","datePublished":"2025-05-12T14:03:14+00:00","description":"Destilerie Amrut se nach\u00e1z\u00ed v indick\u00e9m Bangaloru a v provozu je ji\u017e od roku 1948. Proslavila se p\u0159edev\u0161\u00edm v\u00fdrobou mimo\u0159\u00e1dn\u011b kvalitn\u00ed whisky a inovativn\u00edho","breadcrumb":{"@id":"https:\/\/richter.ceo\/coxs\/produkt\/amrut-indian-single-malt\/#breadcrumb"},"inLanguage":"cs","potentialAction":[{"@type":"ReadAction","target":["https:\/\/richter.ceo\/coxs\/produkt\/amrut-indian-single-malt\/"]}]},{"@type":"ImageObject","inLanguage":"cs","@id":"https:\/\/richter.ceo\/coxs\/produkt\/amrut-indian-single-malt\/#primaryimage","url":"https:\/\/richter.ceo\/coxs\/wp-content\/uploads\/sites\/4\/2025\/05\/1537_amrut_indian_single_malt_whisky-864x1024-1.jpg","contentUrl":"https:\/\/richter.ceo\/coxs\/wp-content\/uploads\/sites\/4\/2025\/05\/1537_amrut_indian_single_malt_whisky-864x1024-1.jpg","width":864,"height":1024,"caption":"COXS CLUB"},{"@type":"BreadcrumbList","@id":"https:\/\/richter.ceo\/coxs\/produkt\/amrut-indian-single-malt\/#breadcrumb","itemListElement":[{"@type":"ListItem","position":1,"name":"Dom\u016f","item":"https:\/\/richter.ceo\/coxs\/"},{"@type":"ListItem","position":2,"name":"N\u00c1POJE","item":"https:\/\/richter.ceo\/coxs\/en\/napoje\/"},{"@type":"ListItem","position":3,"name":"Amrut Indian Single Malt"}]},{"@type":"WebSite","@id":"https:\/\/richter.ceo\/coxs\/en\/#website","url":"https:\/\/richter.ceo\/coxs\/en\/","name":"COXS CLUB","description":"Beton a Rum","publisher":{"@id":"https:\/\/richter.ceo\/coxs\/en\/#organization"},"potentialAction":[{"@type":"SearchAction","target":{"@type":"EntryPoint","urlTemplate":"https:\/\/richter.ceo\/coxs\/en\/?s={search_term_string}"},"query-input":{"@type":"PropertyValueSpecification","valueRequired":true,"valueName":"search_term_string"}}],"inLanguage":"cs"},{"@type":"Organization","@id":"https:\/\/richter.ceo\/coxs\/en\/#organization","name":"COXS CLUB","url":"https:\/\/richter.ceo\/coxs\/en\/","logo":{"@type":"ImageObject","inLanguage":"cs","@id":"https:\/\/richter.ceo\/coxs\/en\/#\/schema\/logo\/image\/","url":"http:\/\/richter.ceo\/coxs\/wp-content\/uploads\/sites\/4\/2025\/05\/FAVICON-dark.webp","contentUrl":"http:\/\/richter.ceo\/coxs\/wp-content\/uploads\/sites\/4\/2025\/05\/FAVICON-dark.webp","width":512,"height":512,"caption":"COXS CLUB"},"image":{"@id":"https:\/\/richter.ceo\/coxs\/en\/#\/schema\/logo\/image\/"},"sameAs":["https:\/\/www.facebook.com\/profile.php?id=100088204002615","https:\/\/www.instagram.com\/coxs_coxs\/"]}]}},"_links":{"self":[{"href":"https:\/\/richter.ceo\/coxs\/wp-json\/wp\/v2\/product\/955","targetHints":{"allow":["GET"]}}],"collection":[{"href":"https:\/\/richter.ceo\/coxs\/wp-json\/wp\/v2\/product"}],"about":[{"href":"https:\/\/richter.ceo\/coxs\/wp-json\/wp\/v2\/types\/product"}],"wp:featuredmedia":[{"embeddable":true,"href":"https:\/\/richter.ceo\/coxs\/wp-json\/wp\/v2\/media\/924"}],"wp:attachment":[{"href":"https:\/\/richter.ceo\/coxs\/wp-json\/wp\/v2\/media?parent=955"}],"wp:term":[{"taxonomy":"product_brand","embeddable":true,"href":"https:\/\/richter.ceo\/coxs\/wp-json\/wp\/v2\/product_brand?post=955"},{"taxonomy":"product_cat","embeddable":true,"href":"https:\/\/richter.ceo\/coxs\/wp-json\/wp\/v2\/product_cat?post=955"},{"taxonomy":"product_tag","embeddable":true,"href":"https:\/\/richter.ceo\/coxs\/wp-json\/wp\/v2\/product_tag?post=955"}],"curies":[{"name":"wp","href":"https:\/\/api.w.org\/{rel}","templated":true}]}}