{"id":957,"date":"2025-05-12T16:18:05","date_gmt":"2025-05-12T14:18:05","guid":{"rendered":"https:\/\/richter.ceo\/coxsclub\/?post_type=product&#038;p=957"},"modified":"2025-05-12T16:18:05","modified_gmt":"2025-05-12T14:18:05","slug":"godet-v-s-o-p","status":"publish","type":"product","link":"https:\/\/richter.ceo\/coxs\/produkt\/godet-v-s-o-p\/","title":{"rendered":"Godet V.S.O.P."},"content":{"rendered":"<div class=\"elementor-column elementor-col-50 elementor-inner-column elementor-element elementor-element-df5ea97\" data-id=\"df5ea97\" data-element_type=\"column\">\n<div class=\"elementor-widget-wrap elementor-element-populated\">\n<div class=\"elementor-element elementor-element-5f45f876 elementor-widget elementor-widget-woocommerce-product-short-description\" data-id=\"5f45f876\" data-element_type=\"widget\" data-widget_type=\"woocommerce-product-short-description.default\">\n<div class=\"elementor-widget-container\">\n<div class=\"woocommerce-product-details__short-description\">\n<p>Godet V.S.O.P. Original je zral\u00fd desetilet\u00fd ko\u0148ak, vyroben\u00fd ze sm\u011bsi hrozn\u016f z oblast\u00ed Grande Champagne, Petite Champagne a Fins Bois. Tento ko\u0148ak je ovlivn\u011bn d\u0159evem sud\u016f a dlouhou dobou, kterou v nich str\u00e1vil. Vyzna\u010duje se jemnou d\u0159evitost\u00ed a kv\u011btinov\u00fdm n\u00e1dechem. V chuti se nav\u00edc projevuj\u00ed l\u00edskov\u00e9 o\u0159\u00ed\u0161ky a broskvov\u00fd d\u017eem. Jde o lahodn\u00fd ko\u0148ak, kter\u00fd je na pat\u0159e p\u0159\u00edjemn\u011b sametov\u00fd.<\/p>\n<\/div>\n<\/div>\n<\/div>\n<\/div>\n<\/div>\n","protected":false},"excerpt":{"rendered":"<p>Godet V.S.O.P. Original je zral\u00fd desetilet\u00fd ko\u0148ak, vyroben\u00fd ze sm\u011bsi hrozn\u016f z oblast\u00ed Grande Champagne, Petite Champagne a Fins Bois. Tento ko\u0148ak je ovlivn\u011bn d\u0159evem sud\u016f a dlouhou dobou, kterou v nich str\u00e1vil. Vyzna\u010duje se jemnou d\u0159evitost\u00ed a kv\u011btinov\u00fdm n\u00e1dechem. V chuti se nav\u00edc projevuj\u00ed l\u00edskov\u00e9 o\u0159\u00ed\u0161ky a broskvov\u00fd d\u017eem. Jde o lahodn\u00fd ko\u0148ak, kter\u00fd [&hellip;]<\/p>\n","protected":false},"featured_media":931,"template":"","meta":{"_acf_changed":false},"product_brand":[75],"product_cat":[77],"product_tag":[],"class_list":{"0":"post-957","1":"product","2":"type-product","3":"status-publish","4":"has-post-thumbnail","6":"product_brand-godet","7":"product_cat-konak","8":"pa_cena-za-004-l","9":"pa_obsah-alkoholu-21","10":"pa_zeme-francie","12":"first","13":"instock","14":"shipping-taxable","15":"purchasable","16":"product-type-simple"},"acf":[],"yoast_head":"<!-- This site is optimized with the Yoast SEO plugin v27.5 - https:\/\/yoast.com\/product\/yoast-seo-wordpress\/ -->\n<title>Godet V.S.O.P.<\/title>\n<meta name=\"description\" content=\"Godet V.S.O.P. Original je zral\u00fd desetilet\u00fd ko\u0148ak, vyroben\u00fd ze sm\u011bsi hrozn\u016f z oblast\u00ed Grande Champagne, Petite Champagne a Fins Bois. Tento ko\u0148ak je\" \/>\n<meta name=\"robots\" content=\"index, follow, max-snippet:-1, max-image-preview:large, max-video-preview:-1\" \/>\n<link rel=\"canonical\" href=\"https:\/\/richter.ceo\/coxs\/product\/godet-v-s-o-p\/\" \/>\n<meta property=\"og:locale\" content=\"cs_CZ\" \/>\n<meta property=\"og:type\" content=\"article\" \/>\n<meta property=\"og:title\" content=\"Godet V.S.O.P.\" \/>\n<meta property=\"og:description\" content=\"Godet V.S.O.P. Original je zral\u00fd desetilet\u00fd ko\u0148ak, vyroben\u00fd ze sm\u011bsi hrozn\u016f z oblast\u00ed Grande Champagne, Petite Champagne a Fins Bois. Tento ko\u0148ak je\" \/>\n<meta property=\"og:url\" content=\"https:\/\/richter.ceo\/coxs\/product\/godet-v-s-o-p\/\" \/>\n<meta property=\"og:site_name\" content=\"COXS CLUB\" \/>\n<meta property=\"article:publisher\" content=\"https:\/\/www.facebook.com\/profile.php?id=100088204002615\" \/>\n<meta property=\"og:image\" content=\"https:\/\/richter.ceo\/coxs\/wp-content\/uploads\/sites\/4\/2025\/05\/2426_godet_cognac_vsop_bt_etui-1.jpg\" \/>\n\t<meta property=\"og:image:width\" content=\"600\" \/>\n\t<meta property=\"og:image:height\" content=\"711\" \/>\n\t<meta property=\"og:image:type\" content=\"image\/jpeg\" \/>\n<meta name=\"twitter:card\" content=\"summary_large_image\" \/>\n<script type=\"application\/ld+json\" class=\"yoast-schema-graph\">{\"@context\":\"https:\\\/\\\/schema.org\",\"@graph\":[{\"@type\":\"WebPage\",\"@id\":\"https:\\\/\\\/richter.ceo\\\/coxs\\\/en\\\/product\\\/godet-v-s-o-p\\\/\",\"url\":\"https:\\\/\\\/richter.ceo\\\/coxs\\\/en\\\/product\\\/godet-v-s-o-p\\\/\",\"name\":\"Godet V.S.O.P.\",\"isPartOf\":{\"@id\":\"https:\\\/\\\/richter.ceo\\\/coxs\\\/en\\\/#website\"},\"primaryImageOfPage\":{\"@id\":\"https:\\\/\\\/richter.ceo\\\/coxs\\\/en\\\/product\\\/godet-v-s-o-p\\\/#primaryimage\"},\"image\":{\"@id\":\"https:\\\/\\\/richter.ceo\\\/coxs\\\/en\\\/product\\\/godet-v-s-o-p\\\/#primaryimage\"},\"thumbnailUrl\":\"https:\\\/\\\/richter.ceo\\\/coxs\\\/wp-content\\\/uploads\\\/sites\\\/4\\\/2025\\\/05\\\/2426_godet_cognac_vsop_bt_etui-1.jpg\",\"datePublished\":\"2025-05-12T14:18:05+00:00\",\"description\":\"Godet V.S.O.P. Original je zral\u00fd desetilet\u00fd ko\u0148ak, vyroben\u00fd ze sm\u011bsi hrozn\u016f z oblast\u00ed Grande Champagne, Petite Champagne a Fins Bois. Tento ko\u0148ak je\",\"breadcrumb\":{\"@id\":\"https:\\\/\\\/richter.ceo\\\/coxs\\\/en\\\/product\\\/godet-v-s-o-p\\\/#breadcrumb\"},\"inLanguage\":\"cs\",\"potentialAction\":[{\"@type\":\"ReadAction\",\"target\":[\"https:\\\/\\\/richter.ceo\\\/coxs\\\/en\\\/product\\\/godet-v-s-o-p\\\/\"]}]},{\"@type\":\"ImageObject\",\"inLanguage\":\"cs\",\"@id\":\"https:\\\/\\\/richter.ceo\\\/coxs\\\/en\\\/product\\\/godet-v-s-o-p\\\/#primaryimage\",\"url\":\"https:\\\/\\\/richter.ceo\\\/coxs\\\/wp-content\\\/uploads\\\/sites\\\/4\\\/2025\\\/05\\\/2426_godet_cognac_vsop_bt_etui-1.jpg\",\"contentUrl\":\"https:\\\/\\\/richter.ceo\\\/coxs\\\/wp-content\\\/uploads\\\/sites\\\/4\\\/2025\\\/05\\\/2426_godet_cognac_vsop_bt_etui-1.jpg\",\"width\":600,\"height\":711,\"caption\":\"COXS CLUB\"},{\"@type\":\"BreadcrumbList\",\"@id\":\"https:\\\/\\\/richter.ceo\\\/coxs\\\/en\\\/product\\\/godet-v-s-o-p\\\/#breadcrumb\",\"itemListElement\":[{\"@type\":\"ListItem\",\"position\":1,\"name\":\"Dom\u016f\",\"item\":\"https:\\\/\\\/richter.ceo\\\/coxs\\\/\"},{\"@type\":\"ListItem\",\"position\":2,\"name\":\"N\u00c1POJE\",\"item\":\"https:\\\/\\\/richter.ceo\\\/coxs\\\/en\\\/napoje\\\/\"},{\"@type\":\"ListItem\",\"position\":3,\"name\":\"Godet V.S.O.P.\"}]},{\"@type\":\"WebSite\",\"@id\":\"https:\\\/\\\/richter.ceo\\\/coxs\\\/en\\\/#website\",\"url\":\"https:\\\/\\\/richter.ceo\\\/coxs\\\/en\\\/\",\"name\":\"COXS CLUB\",\"description\":\"Beton a Rum\",\"publisher\":{\"@id\":\"https:\\\/\\\/richter.ceo\\\/coxs\\\/en\\\/#organization\"},\"potentialAction\":[{\"@type\":\"SearchAction\",\"target\":{\"@type\":\"EntryPoint\",\"urlTemplate\":\"https:\\\/\\\/richter.ceo\\\/coxs\\\/en\\\/?s={search_term_string}\"},\"query-input\":{\"@type\":\"PropertyValueSpecification\",\"valueRequired\":true,\"valueName\":\"search_term_string\"}}],\"inLanguage\":\"cs\"},{\"@type\":\"Organization\",\"@id\":\"https:\\\/\\\/richter.ceo\\\/coxs\\\/en\\\/#organization\",\"name\":\"COXS CLUB\",\"url\":\"https:\\\/\\\/richter.ceo\\\/coxs\\\/en\\\/\",\"logo\":{\"@type\":\"ImageObject\",\"inLanguage\":\"cs\",\"@id\":\"https:\\\/\\\/richter.ceo\\\/coxs\\\/en\\\/#\\\/schema\\\/logo\\\/image\\\/\",\"url\":\"http:\\\/\\\/richter.ceo\\\/coxs\\\/wp-content\\\/uploads\\\/sites\\\/4\\\/2025\\\/05\\\/FAVICON-dark.webp\",\"contentUrl\":\"http:\\\/\\\/richter.ceo\\\/coxs\\\/wp-content\\\/uploads\\\/sites\\\/4\\\/2025\\\/05\\\/FAVICON-dark.webp\",\"width\":512,\"height\":512,\"caption\":\"COXS CLUB\"},\"image\":{\"@id\":\"https:\\\/\\\/richter.ceo\\\/coxs\\\/en\\\/#\\\/schema\\\/logo\\\/image\\\/\"},\"sameAs\":[\"https:\\\/\\\/www.facebook.com\\\/profile.php?id=100088204002615\",\"https:\\\/\\\/www.instagram.com\\\/coxs_coxs\\\/\"]}]}<\/script>\n<!-- \/ Yoast SEO plugin. -->","yoast_head_json":{"title":"Godet V.S.O.P.","description":"Godet V.S.O.P. Original je zral\u00fd desetilet\u00fd ko\u0148ak, vyroben\u00fd ze sm\u011bsi hrozn\u016f z oblast\u00ed Grande Champagne, Petite Champagne a Fins Bois. Tento ko\u0148ak je","robots":{"index":"index","follow":"follow","max-snippet":"max-snippet:-1","max-image-preview":"max-image-preview:large","max-video-preview":"max-video-preview:-1"},"canonical":"https:\/\/richter.ceo\/coxs\/product\/godet-v-s-o-p\/","og_locale":"cs_CZ","og_type":"article","og_title":"Godet V.S.O.P.","og_description":"Godet V.S.O.P. Original je zral\u00fd desetilet\u00fd ko\u0148ak, vyroben\u00fd ze sm\u011bsi hrozn\u016f z oblast\u00ed Grande Champagne, Petite Champagne a Fins Bois. Tento ko\u0148ak je","og_url":"https:\/\/richter.ceo\/coxs\/product\/godet-v-s-o-p\/","og_site_name":"COXS CLUB","article_publisher":"https:\/\/www.facebook.com\/profile.php?id=100088204002615","og_image":[{"width":600,"height":711,"url":"https:\/\/richter.ceo\/coxs\/wp-content\/uploads\/sites\/4\/2025\/05\/2426_godet_cognac_vsop_bt_etui-1.jpg","type":"image\/jpeg"}],"twitter_card":"summary_large_image","schema":{"@context":"https:\/\/schema.org","@graph":[{"@type":"WebPage","@id":"https:\/\/richter.ceo\/coxs\/en\/product\/godet-v-s-o-p\/","url":"https:\/\/richter.ceo\/coxs\/en\/product\/godet-v-s-o-p\/","name":"Godet V.S.O.P.","isPartOf":{"@id":"https:\/\/richter.ceo\/coxs\/en\/#website"},"primaryImageOfPage":{"@id":"https:\/\/richter.ceo\/coxs\/en\/product\/godet-v-s-o-p\/#primaryimage"},"image":{"@id":"https:\/\/richter.ceo\/coxs\/en\/product\/godet-v-s-o-p\/#primaryimage"},"thumbnailUrl":"https:\/\/richter.ceo\/coxs\/wp-content\/uploads\/sites\/4\/2025\/05\/2426_godet_cognac_vsop_bt_etui-1.jpg","datePublished":"2025-05-12T14:18:05+00:00","description":"Godet V.S.O.P. Original je zral\u00fd desetilet\u00fd ko\u0148ak, vyroben\u00fd ze sm\u011bsi hrozn\u016f z oblast\u00ed Grande Champagne, Petite Champagne a Fins Bois. Tento ko\u0148ak je","breadcrumb":{"@id":"https:\/\/richter.ceo\/coxs\/en\/product\/godet-v-s-o-p\/#breadcrumb"},"inLanguage":"cs","potentialAction":[{"@type":"ReadAction","target":["https:\/\/richter.ceo\/coxs\/en\/product\/godet-v-s-o-p\/"]}]},{"@type":"ImageObject","inLanguage":"cs","@id":"https:\/\/richter.ceo\/coxs\/en\/product\/godet-v-s-o-p\/#primaryimage","url":"https:\/\/richter.ceo\/coxs\/wp-content\/uploads\/sites\/4\/2025\/05\/2426_godet_cognac_vsop_bt_etui-1.jpg","contentUrl":"https:\/\/richter.ceo\/coxs\/wp-content\/uploads\/sites\/4\/2025\/05\/2426_godet_cognac_vsop_bt_etui-1.jpg","width":600,"height":711,"caption":"COXS CLUB"},{"@type":"BreadcrumbList","@id":"https:\/\/richter.ceo\/coxs\/en\/product\/godet-v-s-o-p\/#breadcrumb","itemListElement":[{"@type":"ListItem","position":1,"name":"Dom\u016f","item":"https:\/\/richter.ceo\/coxs\/"},{"@type":"ListItem","position":2,"name":"N\u00c1POJE","item":"https:\/\/richter.ceo\/coxs\/en\/napoje\/"},{"@type":"ListItem","position":3,"name":"Godet V.S.O.P."}]},{"@type":"WebSite","@id":"https:\/\/richter.ceo\/coxs\/en\/#website","url":"https:\/\/richter.ceo\/coxs\/en\/","name":"COXS CLUB","description":"Beton a Rum","publisher":{"@id":"https:\/\/richter.ceo\/coxs\/en\/#organization"},"potentialAction":[{"@type":"SearchAction","target":{"@type":"EntryPoint","urlTemplate":"https:\/\/richter.ceo\/coxs\/en\/?s={search_term_string}"},"query-input":{"@type":"PropertyValueSpecification","valueRequired":true,"valueName":"search_term_string"}}],"inLanguage":"cs"},{"@type":"Organization","@id":"https:\/\/richter.ceo\/coxs\/en\/#organization","name":"COXS CLUB","url":"https:\/\/richter.ceo\/coxs\/en\/","logo":{"@type":"ImageObject","inLanguage":"cs","@id":"https:\/\/richter.ceo\/coxs\/en\/#\/schema\/logo\/image\/","url":"http:\/\/richter.ceo\/coxs\/wp-content\/uploads\/sites\/4\/2025\/05\/FAVICON-dark.webp","contentUrl":"http:\/\/richter.ceo\/coxs\/wp-content\/uploads\/sites\/4\/2025\/05\/FAVICON-dark.webp","width":512,"height":512,"caption":"COXS CLUB"},"image":{"@id":"https:\/\/richter.ceo\/coxs\/en\/#\/schema\/logo\/image\/"},"sameAs":["https:\/\/www.facebook.com\/profile.php?id=100088204002615","https:\/\/www.instagram.com\/coxs_coxs\/"]}]}},"_links":{"self":[{"href":"https:\/\/richter.ceo\/coxs\/wp-json\/wp\/v2\/product\/957","targetHints":{"allow":["GET"]}}],"collection":[{"href":"https:\/\/richter.ceo\/coxs\/wp-json\/wp\/v2\/product"}],"about":[{"href":"https:\/\/richter.ceo\/coxs\/wp-json\/wp\/v2\/types\/product"}],"wp:featuredmedia":[{"embeddable":true,"href":"https:\/\/richter.ceo\/coxs\/wp-json\/wp\/v2\/media\/931"}],"wp:attachment":[{"href":"https:\/\/richter.ceo\/coxs\/wp-json\/wp\/v2\/media?parent=957"}],"wp:term":[{"taxonomy":"product_brand","embeddable":true,"href":"https:\/\/richter.ceo\/coxs\/wp-json\/wp\/v2\/product_brand?post=957"},{"taxonomy":"product_cat","embeddable":true,"href":"https:\/\/richter.ceo\/coxs\/wp-json\/wp\/v2\/product_cat?post=957"},{"taxonomy":"product_tag","embeddable":true,"href":"https:\/\/richter.ceo\/coxs\/wp-json\/wp\/v2\/product_tag?post=957"}],"curies":[{"name":"wp","href":"https:\/\/api.w.org\/{rel}","templated":true}]}}