{"id":959,"date":"2025-05-12T16:28:20","date_gmt":"2025-05-12T14:28:20","guid":{"rendered":"https:\/\/richter.ceo\/coxsclub\/?post_type=product&#038;p=959"},"modified":"2025-05-12T16:28:20","modified_gmt":"2025-05-12T14:28:20","slug":"mr-black-cold-brew-coffee","status":"publish","type":"product","link":"https:\/\/richter.ceo\/coxs\/produkt\/mr-black-cold-brew-coffee\/","title":{"rendered":"Mr. Black Cold Brew Coffee"},"content":{"rendered":"<p>K\u00e1vov\u00e1 kultura se m\u011bn\u00ed, ale k\u00e1vov\u00e9 lik\u00e9ry nikoli. Proto v roce 2013 uvedli Tom Baker a Philip Moore prvn\u00ed \u0159emesln\u011b vyr\u00e1b\u011bn\u00fd pr\u00e9miov\u00fd k\u00e1vov\u00fd lik\u00e9r, jeho\u017e prim\u00e1rn\u00edm c\u00edlem je vn\u00e9st chu\u0165 v\u00fdb\u011brov\u00e9 k\u00e1vy do barov\u00e9ho sv\u011bta.<\/p>\n<p>&nbsp;<\/p>\n<p>Mr. Black Cold Brew Coffee Liqueur je ho\u0159kosladk\u00e1 sm\u011bs v\u00fdb\u011brov\u00e9 k\u00e1vy Arabica a australsk\u00e9 p\u0161eni\u010dn\u00e9 vodky. Z\u00e1kladem tohoto lik\u00e9ru je pomalu macerovan\u00e1 v\u00fdb\u011brov\u00e1 k\u00e1va p\u0159ipravovan\u00e1 metodou cold brew.<\/p>\n<p>&nbsp;<\/p>\n<p>P\u0159i v\u00fdrob\u011b je pou\u017eit blend 100% v\u00fdb\u011brov\u00e9 k\u00e1vy Arabica:<\/p>\n<p>42 % Ke\u0148a (Kenya Microlot Kia ora Aa)<\/p>\n<p>54 % Kolumbie (Colombia Popayan Reserve)<\/p>\n<p>3,5 % Papua Nov\u00e1 Guinea (Papua New Guinea Baroida Estate)<\/p>\n<p>&nbsp;<\/p>\n<div class=\"elementor-column elementor-col-50 elementor-inner-column elementor-element elementor-element-df5ea97\" data-id=\"df5ea97\" data-element_type=\"column\">\n<div class=\"elementor-widget-wrap elementor-element-populated\">\n<div class=\"elementor-element elementor-element-5f45f876 elementor-widget elementor-widget-woocommerce-product-short-description\" data-id=\"5f45f876\" data-element_type=\"widget\" data-widget_type=\"woocommerce-product-short-description.default\">\n<div class=\"elementor-widget-container\">\n<div class=\"woocommerce-product-details__short-description\">\n<p>Ve srovn\u00e1n\u00ed s b\u011b\u017en\u011b dostupn\u00fdmi k\u00e1vov\u00fdmi lik\u00e9ry m\u00e1 desetkr\u00e1t intenzivn\u011bj\u0161\u00ed k\u00e1vovou chu\u0165 a minim\u00e1ln\u011b o polovinu m\u00e9n\u011b cukru. Aroma se vyzna\u010duje t\u00f3ny \u010derstv\u011b upra\u017een\u00e9 k\u00e1vy s t\u00f3ny ho\u0159k\u00e9 \u010dokol\u00e1dy, kter\u00e9 v z\u00e1v\u011bru dopl\u0148uje lehk\u00e1 acidita evokuj\u00edc\u00ed pr\u00e1v\u011b p\u0159ipraven\u00e9 espresso. Chu\u0165 je zpo\u010d\u00e1tku such\u00e1 a v\u00fdrazn\u00e1 ho\u0159kost k\u00e1vy, kterou po chv\u00edli zjemn\u00ed vystupuj\u00edc\u00ed vanilka a ho\u0159k\u00e1 \u010dokol\u00e1da. V zakon\u010den\u00ed se projevuje typick\u00e1 k\u00e1vov\u00e1 ho\u0159kost s dotekem citrus\u016f.<\/p>\n<\/div>\n<\/div>\n<\/div>\n<\/div>\n<\/div>\n<p>&nbsp;<\/p>\n","protected":false},"excerpt":{"rendered":"<p>K\u00e1vov\u00e1 kultura se m\u011bn\u00ed, ale k\u00e1vov\u00e9 lik\u00e9ry nikoli. Proto v roce 2013 uvedli Tom Baker a Philip Moore prvn\u00ed \u0159emesln\u011b vyr\u00e1b\u011bn\u00fd pr\u00e9miov\u00fd k\u00e1vov\u00fd lik\u00e9r, jeho\u017e prim\u00e1rn\u00edm c\u00edlem je vn\u00e9st chu\u0165 v\u00fdb\u011brov\u00e9 k\u00e1vy do barov\u00e9ho sv\u011bta. &nbsp; Mr. Black Cold Brew Coffee Liqueur je ho\u0159kosladk\u00e1 sm\u011bs v\u00fdb\u011brov\u00e9 k\u00e1vy Arabica a australsk\u00e9 p\u0161eni\u010dn\u00e9 vodky. Z\u00e1kladem tohoto lik\u00e9ru [&hellip;]<\/p>\n","protected":false},"featured_media":933,"template":"","meta":{"_acf_changed":false},"product_brand":[81],"product_cat":[76],"product_tag":[],"class_list":{"0":"post-959","1":"product","2":"type-product","3":"status-publish","4":"has-post-thumbnail","6":"product_brand-mr-black","7":"product_cat-liker","9":"first","10":"instock","11":"shipping-taxable","12":"purchasable","13":"product-type-simple"},"acf":[],"yoast_head":"<!-- This site is optimized with the Yoast SEO plugin v27.4 - https:\/\/yoast.com\/product\/yoast-seo-wordpress\/ -->\n<title>Mr. Black Cold Brew Coffee<\/title>\n<meta name=\"description\" content=\"K\u00e1vov\u00e1 kultura se m\u011bn\u00ed, ale k\u00e1vov\u00e9 lik\u00e9ry nikoli. Proto v roce 2013 uvedli Tom Baker a Philip Moore prvn\u00ed \u0159emesln\u011b vyr\u00e1b\u011bn\u00fd pr\u00e9miov\u00fd k\u00e1vov\u00fd lik\u00e9r, jeho\u017e\" \/>\n<meta name=\"robots\" content=\"index, follow, max-snippet:-1, max-image-preview:large, max-video-preview:-1\" \/>\n<link rel=\"canonical\" href=\"https:\/\/richter.ceo\/coxs\/produkt\/mr-black-cold-brew-coffee\/\" \/>\n<meta property=\"og:locale\" content=\"cs_CZ\" \/>\n<meta property=\"og:type\" content=\"article\" \/>\n<meta property=\"og:title\" content=\"Mr. Black Cold Brew Coffee\" \/>\n<meta property=\"og:description\" content=\"K\u00e1vov\u00e1 kultura se m\u011bn\u00ed, ale k\u00e1vov\u00e9 lik\u00e9ry nikoli. Proto v roce 2013 uvedli Tom Baker a Philip Moore prvn\u00ed \u0159emesln\u011b vyr\u00e1b\u011bn\u00fd pr\u00e9miov\u00fd k\u00e1vov\u00fd lik\u00e9r, jeho\u017e\" \/>\n<meta property=\"og:url\" content=\"https:\/\/richter.ceo\/coxs\/produkt\/mr-black-cold-brew-coffee\/\" \/>\n<meta property=\"og:site_name\" content=\"COXS CLUB\" \/>\n<meta property=\"article:publisher\" content=\"https:\/\/www.facebook.com\/profile.php?id=100088204002615\" \/>\n<meta property=\"og:image\" content=\"https:\/\/richter.ceo\/coxs\/wp-content\/uploads\/sites\/4\/2025\/05\/2931_mr_black-1.jpg\" \/>\n\t<meta property=\"og:image:width\" content=\"600\" \/>\n\t<meta property=\"og:image:height\" content=\"711\" \/>\n\t<meta property=\"og:image:type\" content=\"image\/jpeg\" \/>\n<meta name=\"twitter:card\" content=\"summary_large_image\" \/>\n<meta name=\"twitter:label1\" content=\"Odhadovan\u00e1 doba \u010dten\u00ed\" \/>\n\t<meta name=\"twitter:data1\" content=\"1 minuta\" \/>\n<script type=\"application\/ld+json\" class=\"yoast-schema-graph\">{\"@context\":\"https:\\\/\\\/schema.org\",\"@graph\":[{\"@type\":\"WebPage\",\"@id\":\"https:\\\/\\\/richter.ceo\\\/coxs\\\/produkt\\\/mr-black-cold-brew-coffee\\\/\",\"url\":\"https:\\\/\\\/richter.ceo\\\/coxs\\\/produkt\\\/mr-black-cold-brew-coffee\\\/\",\"name\":\"Mr. Black Cold Brew Coffee\",\"isPartOf\":{\"@id\":\"https:\\\/\\\/richter.ceo\\\/coxs\\\/en\\\/#website\"},\"primaryImageOfPage\":{\"@id\":\"https:\\\/\\\/richter.ceo\\\/coxs\\\/produkt\\\/mr-black-cold-brew-coffee\\\/#primaryimage\"},\"image\":{\"@id\":\"https:\\\/\\\/richter.ceo\\\/coxs\\\/produkt\\\/mr-black-cold-brew-coffee\\\/#primaryimage\"},\"thumbnailUrl\":\"https:\\\/\\\/richter.ceo\\\/coxs\\\/wp-content\\\/uploads\\\/sites\\\/4\\\/2025\\\/05\\\/2931_mr_black-1.jpg\",\"datePublished\":\"2025-05-12T14:28:20+00:00\",\"description\":\"K\u00e1vov\u00e1 kultura se m\u011bn\u00ed, ale k\u00e1vov\u00e9 lik\u00e9ry nikoli. Proto v roce 2013 uvedli Tom Baker a Philip Moore prvn\u00ed \u0159emesln\u011b vyr\u00e1b\u011bn\u00fd pr\u00e9miov\u00fd k\u00e1vov\u00fd lik\u00e9r, jeho\u017e\",\"breadcrumb\":{\"@id\":\"https:\\\/\\\/richter.ceo\\\/coxs\\\/produkt\\\/mr-black-cold-brew-coffee\\\/#breadcrumb\"},\"inLanguage\":\"cs\",\"potentialAction\":[{\"@type\":\"ReadAction\",\"target\":[\"https:\\\/\\\/richter.ceo\\\/coxs\\\/produkt\\\/mr-black-cold-brew-coffee\\\/\"]}]},{\"@type\":\"ImageObject\",\"inLanguage\":\"cs\",\"@id\":\"https:\\\/\\\/richter.ceo\\\/coxs\\\/produkt\\\/mr-black-cold-brew-coffee\\\/#primaryimage\",\"url\":\"https:\\\/\\\/richter.ceo\\\/coxs\\\/wp-content\\\/uploads\\\/sites\\\/4\\\/2025\\\/05\\\/2931_mr_black-1.jpg\",\"contentUrl\":\"https:\\\/\\\/richter.ceo\\\/coxs\\\/wp-content\\\/uploads\\\/sites\\\/4\\\/2025\\\/05\\\/2931_mr_black-1.jpg\",\"width\":600,\"height\":711,\"caption\":\"COXS CLUB\"},{\"@type\":\"BreadcrumbList\",\"@id\":\"https:\\\/\\\/richter.ceo\\\/coxs\\\/produkt\\\/mr-black-cold-brew-coffee\\\/#breadcrumb\",\"itemListElement\":[{\"@type\":\"ListItem\",\"position\":1,\"name\":\"Dom\u016f\",\"item\":\"https:\\\/\\\/richter.ceo\\\/coxs\\\/\"},{\"@type\":\"ListItem\",\"position\":2,\"name\":\"N\u00c1POJE\",\"item\":\"https:\\\/\\\/richter.ceo\\\/coxs\\\/en\\\/napoje\\\/\"},{\"@type\":\"ListItem\",\"position\":3,\"name\":\"Mr. Black Cold Brew Coffee\"}]},{\"@type\":\"WebSite\",\"@id\":\"https:\\\/\\\/richter.ceo\\\/coxs\\\/en\\\/#website\",\"url\":\"https:\\\/\\\/richter.ceo\\\/coxs\\\/en\\\/\",\"name\":\"COXS CLUB\",\"description\":\"Beton a Rum\",\"publisher\":{\"@id\":\"https:\\\/\\\/richter.ceo\\\/coxs\\\/en\\\/#organization\"},\"potentialAction\":[{\"@type\":\"SearchAction\",\"target\":{\"@type\":\"EntryPoint\",\"urlTemplate\":\"https:\\\/\\\/richter.ceo\\\/coxs\\\/en\\\/?s={search_term_string}\"},\"query-input\":{\"@type\":\"PropertyValueSpecification\",\"valueRequired\":true,\"valueName\":\"search_term_string\"}}],\"inLanguage\":\"cs\"},{\"@type\":\"Organization\",\"@id\":\"https:\\\/\\\/richter.ceo\\\/coxs\\\/en\\\/#organization\",\"name\":\"COXS CLUB\",\"url\":\"https:\\\/\\\/richter.ceo\\\/coxs\\\/en\\\/\",\"logo\":{\"@type\":\"ImageObject\",\"inLanguage\":\"cs\",\"@id\":\"https:\\\/\\\/richter.ceo\\\/coxs\\\/en\\\/#\\\/schema\\\/logo\\\/image\\\/\",\"url\":\"http:\\\/\\\/richter.ceo\\\/coxs\\\/wp-content\\\/uploads\\\/sites\\\/4\\\/2025\\\/05\\\/FAVICON-dark.webp\",\"contentUrl\":\"http:\\\/\\\/richter.ceo\\\/coxs\\\/wp-content\\\/uploads\\\/sites\\\/4\\\/2025\\\/05\\\/FAVICON-dark.webp\",\"width\":512,\"height\":512,\"caption\":\"COXS CLUB\"},\"image\":{\"@id\":\"https:\\\/\\\/richter.ceo\\\/coxs\\\/en\\\/#\\\/schema\\\/logo\\\/image\\\/\"},\"sameAs\":[\"https:\\\/\\\/www.facebook.com\\\/profile.php?id=100088204002615\",\"https:\\\/\\\/www.instagram.com\\\/coxs_coxs\\\/\"]}]}<\/script>\n<!-- \/ Yoast SEO plugin. -->","yoast_head_json":{"title":"Mr. Black Cold Brew Coffee","description":"K\u00e1vov\u00e1 kultura se m\u011bn\u00ed, ale k\u00e1vov\u00e9 lik\u00e9ry nikoli. Proto v roce 2013 uvedli Tom Baker a Philip Moore prvn\u00ed \u0159emesln\u011b vyr\u00e1b\u011bn\u00fd pr\u00e9miov\u00fd k\u00e1vov\u00fd lik\u00e9r, jeho\u017e","robots":{"index":"index","follow":"follow","max-snippet":"max-snippet:-1","max-image-preview":"max-image-preview:large","max-video-preview":"max-video-preview:-1"},"canonical":"https:\/\/richter.ceo\/coxs\/produkt\/mr-black-cold-brew-coffee\/","og_locale":"cs_CZ","og_type":"article","og_title":"Mr. Black Cold Brew Coffee","og_description":"K\u00e1vov\u00e1 kultura se m\u011bn\u00ed, ale k\u00e1vov\u00e9 lik\u00e9ry nikoli. Proto v roce 2013 uvedli Tom Baker a Philip Moore prvn\u00ed \u0159emesln\u011b vyr\u00e1b\u011bn\u00fd pr\u00e9miov\u00fd k\u00e1vov\u00fd lik\u00e9r, jeho\u017e","og_url":"https:\/\/richter.ceo\/coxs\/produkt\/mr-black-cold-brew-coffee\/","og_site_name":"COXS CLUB","article_publisher":"https:\/\/www.facebook.com\/profile.php?id=100088204002615","og_image":[{"width":600,"height":711,"url":"https:\/\/richter.ceo\/coxs\/wp-content\/uploads\/sites\/4\/2025\/05\/2931_mr_black-1.jpg","type":"image\/jpeg"}],"twitter_card":"summary_large_image","twitter_misc":{"Odhadovan\u00e1 doba \u010dten\u00ed":"1 minuta"},"schema":{"@context":"https:\/\/schema.org","@graph":[{"@type":"WebPage","@id":"https:\/\/richter.ceo\/coxs\/produkt\/mr-black-cold-brew-coffee\/","url":"https:\/\/richter.ceo\/coxs\/produkt\/mr-black-cold-brew-coffee\/","name":"Mr. Black Cold Brew Coffee","isPartOf":{"@id":"https:\/\/richter.ceo\/coxs\/en\/#website"},"primaryImageOfPage":{"@id":"https:\/\/richter.ceo\/coxs\/produkt\/mr-black-cold-brew-coffee\/#primaryimage"},"image":{"@id":"https:\/\/richter.ceo\/coxs\/produkt\/mr-black-cold-brew-coffee\/#primaryimage"},"thumbnailUrl":"https:\/\/richter.ceo\/coxs\/wp-content\/uploads\/sites\/4\/2025\/05\/2931_mr_black-1.jpg","datePublished":"2025-05-12T14:28:20+00:00","description":"K\u00e1vov\u00e1 kultura se m\u011bn\u00ed, ale k\u00e1vov\u00e9 lik\u00e9ry nikoli. Proto v roce 2013 uvedli Tom Baker a Philip Moore prvn\u00ed \u0159emesln\u011b vyr\u00e1b\u011bn\u00fd pr\u00e9miov\u00fd k\u00e1vov\u00fd lik\u00e9r, jeho\u017e","breadcrumb":{"@id":"https:\/\/richter.ceo\/coxs\/produkt\/mr-black-cold-brew-coffee\/#breadcrumb"},"inLanguage":"cs","potentialAction":[{"@type":"ReadAction","target":["https:\/\/richter.ceo\/coxs\/produkt\/mr-black-cold-brew-coffee\/"]}]},{"@type":"ImageObject","inLanguage":"cs","@id":"https:\/\/richter.ceo\/coxs\/produkt\/mr-black-cold-brew-coffee\/#primaryimage","url":"https:\/\/richter.ceo\/coxs\/wp-content\/uploads\/sites\/4\/2025\/05\/2931_mr_black-1.jpg","contentUrl":"https:\/\/richter.ceo\/coxs\/wp-content\/uploads\/sites\/4\/2025\/05\/2931_mr_black-1.jpg","width":600,"height":711,"caption":"COXS CLUB"},{"@type":"BreadcrumbList","@id":"https:\/\/richter.ceo\/coxs\/produkt\/mr-black-cold-brew-coffee\/#breadcrumb","itemListElement":[{"@type":"ListItem","position":1,"name":"Dom\u016f","item":"https:\/\/richter.ceo\/coxs\/"},{"@type":"ListItem","position":2,"name":"N\u00c1POJE","item":"https:\/\/richter.ceo\/coxs\/en\/napoje\/"},{"@type":"ListItem","position":3,"name":"Mr. Black Cold Brew Coffee"}]},{"@type":"WebSite","@id":"https:\/\/richter.ceo\/coxs\/en\/#website","url":"https:\/\/richter.ceo\/coxs\/en\/","name":"COXS CLUB","description":"Beton a Rum","publisher":{"@id":"https:\/\/richter.ceo\/coxs\/en\/#organization"},"potentialAction":[{"@type":"SearchAction","target":{"@type":"EntryPoint","urlTemplate":"https:\/\/richter.ceo\/coxs\/en\/?s={search_term_string}"},"query-input":{"@type":"PropertyValueSpecification","valueRequired":true,"valueName":"search_term_string"}}],"inLanguage":"cs"},{"@type":"Organization","@id":"https:\/\/richter.ceo\/coxs\/en\/#organization","name":"COXS CLUB","url":"https:\/\/richter.ceo\/coxs\/en\/","logo":{"@type":"ImageObject","inLanguage":"cs","@id":"https:\/\/richter.ceo\/coxs\/en\/#\/schema\/logo\/image\/","url":"http:\/\/richter.ceo\/coxs\/wp-content\/uploads\/sites\/4\/2025\/05\/FAVICON-dark.webp","contentUrl":"http:\/\/richter.ceo\/coxs\/wp-content\/uploads\/sites\/4\/2025\/05\/FAVICON-dark.webp","width":512,"height":512,"caption":"COXS CLUB"},"image":{"@id":"https:\/\/richter.ceo\/coxs\/en\/#\/schema\/logo\/image\/"},"sameAs":["https:\/\/www.facebook.com\/profile.php?id=100088204002615","https:\/\/www.instagram.com\/coxs_coxs\/"]}]}},"_links":{"self":[{"href":"https:\/\/richter.ceo\/coxs\/wp-json\/wp\/v2\/product\/959","targetHints":{"allow":["GET"]}}],"collection":[{"href":"https:\/\/richter.ceo\/coxs\/wp-json\/wp\/v2\/product"}],"about":[{"href":"https:\/\/richter.ceo\/coxs\/wp-json\/wp\/v2\/types\/product"}],"wp:featuredmedia":[{"embeddable":true,"href":"https:\/\/richter.ceo\/coxs\/wp-json\/wp\/v2\/media\/933"}],"wp:attachment":[{"href":"https:\/\/richter.ceo\/coxs\/wp-json\/wp\/v2\/media?parent=959"}],"wp:term":[{"taxonomy":"product_brand","embeddable":true,"href":"https:\/\/richter.ceo\/coxs\/wp-json\/wp\/v2\/product_brand?post=959"},{"taxonomy":"product_cat","embeddable":true,"href":"https:\/\/richter.ceo\/coxs\/wp-json\/wp\/v2\/product_cat?post=959"},{"taxonomy":"product_tag","embeddable":true,"href":"https:\/\/richter.ceo\/coxs\/wp-json\/wp\/v2\/product_tag?post=959"}],"curies":[{"name":"wp","href":"https:\/\/api.w.org\/{rel}","templated":true}]}}