{"id":962,"date":"2025-05-12T16:36:34","date_gmt":"2025-05-12T14:36:34","guid":{"rendered":"https:\/\/richter.ceo\/coxsclub\/?post_type=product&#038;p=962"},"modified":"2025-05-12T16:36:34","modified_gmt":"2025-05-12T14:36:34","slug":"averna-amaro-siciliano","status":"publish","type":"product","link":"https:\/\/richter.ceo\/coxs\/produkt\/averna-amaro-siciliano\/","title":{"rendered":"Averna Amaro Siciliano"},"content":{"rendered":"<p>Averna, autentick\u00fd italsk\u00fd bylinn\u00fd lik\u00e9r typu amaro (ho\u0159k\u00fd lik\u00e9r) pro podporu tr\u00e1ven\u00ed, byl vytvo\u0159en v\u00a0roce 1868 podle pe\u010dliv\u011b st\u0159e\u017een\u00e9ho tajn\u00e9ho receptury, kter\u00e1 m\u00e1 p\u016fvod v\u00a0benedikt\u00fdnsk\u00e9m opatstv\u00ed v\u00a0Caltanissett\u011b na Sic\u00edlii. Tajnou recepturu vytvo\u0159ili mni\u0161i z\u00a0opatstv\u00ed Abbazia Di Santo Spirito a\u00a0p\u00e1ter Girolamo ji daroval v\u00a0roce 1868 obchodn\u00edkovi s\u00a0textilem Salvatore Avernovi, jako ocen\u011bn\u00ed za podporu obce. Salvatore Averna za\u010dal od toho okam\u017eiku lik\u00e9r Averna ofici\u00e1ln\u011b vyr\u00e1b\u011bt pro hosty sv\u00e9ho domu. Prvn\u00ed v\u00fdrobna byla postavena v\u00a0rodinn\u00e9m venkovsk\u00e9m s\u00eddle v\u00a0Xiboli (Calanissetta), kde rodina tr\u00e1vila hork\u00e1 sicilsk\u00e1 l\u00e9ta. Dnes je tento d\u016fm pln\u011b funk\u010dn\u00ed tov\u00e1rnou a\u00a0skladuj\u00ed se v\u00a0n\u011bm byliny pou\u017e\u00edvan\u00e9 p\u0159i v\u00fdrob\u011b lik\u00e9ru.<\/p>\n","protected":false},"excerpt":{"rendered":"<p>Averna, autentick\u00fd italsk\u00fd bylinn\u00fd lik\u00e9r typu amaro (ho\u0159k\u00fd lik\u00e9r) pro podporu tr\u00e1ven\u00ed, byl vytvo\u0159en v\u00a0roce 1868 podle pe\u010dliv\u011b st\u0159e\u017een\u00e9ho tajn\u00e9ho receptury, kter\u00e1 m\u00e1 p\u016fvod v\u00a0benedikt\u00fdnsk\u00e9m opatstv\u00ed v\u00a0Caltanissett\u011b na Sic\u00edlii. Tajnou recepturu vytvo\u0159ili mni\u0161i z\u00a0opatstv\u00ed Abbazia Di Santo Spirito a\u00a0p\u00e1ter Girolamo ji daroval v\u00a0roce 1868 obchodn\u00edkovi s\u00a0textilem Salvatore Avernovi, jako ocen\u011bn\u00ed za podporu obce. Salvatore Averna [&hellip;]<\/p>\n","protected":false},"featured_media":928,"template":"","meta":{"_acf_changed":false},"product_brand":[86],"product_cat":[76],"product_tag":[],"class_list":{"0":"post-962","1":"product","2":"type-product","3":"status-publish","4":"has-post-thumbnail","6":"product_brand-averna","7":"product_cat-liker","8":"pa_cena-za-004-l","9":"pa_obsah-alkoholu-85","10":"pa_zeme-italie","12":"first","13":"instock","14":"shipping-taxable","15":"purchasable","16":"product-type-simple"},"acf":[],"yoast_head":"<!-- This site is optimized with the Yoast SEO plugin v27.5 - https:\/\/yoast.com\/product\/yoast-seo-wordpress\/ -->\n<title>Averna Amaro Siciliano<\/title>\n<meta name=\"description\" content=\"Averna, autentick\u00fd italsk\u00fd bylinn\u00fd lik\u00e9r typu amaro (ho\u0159k\u00fd lik\u00e9r) pro podporu tr\u00e1ven\u00ed, byl vytvo\u0159en v\u00a0roce 1868 podle pe\u010dliv\u011b st\u0159e\u017een\u00e9ho tajn\u00e9ho\" \/>\n<meta name=\"robots\" content=\"index, follow, max-snippet:-1, max-image-preview:large, max-video-preview:-1\" \/>\n<link rel=\"canonical\" href=\"https:\/\/richter.ceo\/coxs\/produkt\/averna-amaro-siciliano\/\" \/>\n<meta property=\"og:locale\" content=\"cs_CZ\" \/>\n<meta property=\"og:type\" content=\"article\" \/>\n<meta property=\"og:title\" content=\"Averna Amaro Siciliano\" \/>\n<meta property=\"og:description\" content=\"Averna, autentick\u00fd italsk\u00fd bylinn\u00fd lik\u00e9r typu amaro (ho\u0159k\u00fd lik\u00e9r) pro podporu tr\u00e1ven\u00ed, byl vytvo\u0159en v\u00a0roce 1868 podle pe\u010dliv\u011b st\u0159e\u017een\u00e9ho tajn\u00e9ho\" \/>\n<meta property=\"og:url\" content=\"https:\/\/richter.ceo\/coxs\/produkt\/averna-amaro-siciliano\/\" \/>\n<meta property=\"og:site_name\" content=\"COXS CLUB\" \/>\n<meta property=\"article:publisher\" content=\"https:\/\/www.facebook.com\/profile.php?id=100088204002615\" \/>\n<meta property=\"og:image\" content=\"https:\/\/richter.ceo\/coxs\/wp-content\/uploads\/sites\/4\/2025\/05\/2220_averna_0_7l.jpg\" \/>\n\t<meta property=\"og:image:width\" content=\"600\" \/>\n\t<meta property=\"og:image:height\" content=\"711\" \/>\n\t<meta property=\"og:image:type\" content=\"image\/jpeg\" \/>\n<meta name=\"twitter:card\" content=\"summary_large_image\" \/>\n<meta name=\"twitter:label1\" content=\"Odhadovan\u00e1 doba \u010dten\u00ed\" \/>\n\t<meta name=\"twitter:data1\" content=\"1 minuta\" \/>\n<script type=\"application\/ld+json\" class=\"yoast-schema-graph\">{\"@context\":\"https:\\\/\\\/schema.org\",\"@graph\":[{\"@type\":\"WebPage\",\"@id\":\"https:\\\/\\\/richter.ceo\\\/coxs\\\/produkt\\\/averna-amaro-siciliano\\\/\",\"url\":\"https:\\\/\\\/richter.ceo\\\/coxs\\\/produkt\\\/averna-amaro-siciliano\\\/\",\"name\":\"Averna Amaro Siciliano\",\"isPartOf\":{\"@id\":\"https:\\\/\\\/richter.ceo\\\/coxs\\\/en\\\/#website\"},\"primaryImageOfPage\":{\"@id\":\"https:\\\/\\\/richter.ceo\\\/coxs\\\/produkt\\\/averna-amaro-siciliano\\\/#primaryimage\"},\"image\":{\"@id\":\"https:\\\/\\\/richter.ceo\\\/coxs\\\/produkt\\\/averna-amaro-siciliano\\\/#primaryimage\"},\"thumbnailUrl\":\"https:\\\/\\\/richter.ceo\\\/coxs\\\/wp-content\\\/uploads\\\/sites\\\/4\\\/2025\\\/05\\\/2220_averna_0_7l.jpg\",\"datePublished\":\"2025-05-12T14:36:34+00:00\",\"description\":\"Averna, autentick\u00fd italsk\u00fd bylinn\u00fd lik\u00e9r typu amaro (ho\u0159k\u00fd lik\u00e9r) pro podporu tr\u00e1ven\u00ed, byl vytvo\u0159en v\u00a0roce 1868 podle pe\u010dliv\u011b st\u0159e\u017een\u00e9ho tajn\u00e9ho\",\"breadcrumb\":{\"@id\":\"https:\\\/\\\/richter.ceo\\\/coxs\\\/produkt\\\/averna-amaro-siciliano\\\/#breadcrumb\"},\"inLanguage\":\"cs\",\"potentialAction\":[{\"@type\":\"ReadAction\",\"target\":[\"https:\\\/\\\/richter.ceo\\\/coxs\\\/produkt\\\/averna-amaro-siciliano\\\/\"]}]},{\"@type\":\"ImageObject\",\"inLanguage\":\"cs\",\"@id\":\"https:\\\/\\\/richter.ceo\\\/coxs\\\/produkt\\\/averna-amaro-siciliano\\\/#primaryimage\",\"url\":\"https:\\\/\\\/richter.ceo\\\/coxs\\\/wp-content\\\/uploads\\\/sites\\\/4\\\/2025\\\/05\\\/2220_averna_0_7l.jpg\",\"contentUrl\":\"https:\\\/\\\/richter.ceo\\\/coxs\\\/wp-content\\\/uploads\\\/sites\\\/4\\\/2025\\\/05\\\/2220_averna_0_7l.jpg\",\"width\":600,\"height\":711,\"caption\":\"COXS CLUB\"},{\"@type\":\"BreadcrumbList\",\"@id\":\"https:\\\/\\\/richter.ceo\\\/coxs\\\/produkt\\\/averna-amaro-siciliano\\\/#breadcrumb\",\"itemListElement\":[{\"@type\":\"ListItem\",\"position\":1,\"name\":\"Dom\u016f\",\"item\":\"https:\\\/\\\/richter.ceo\\\/coxs\\\/\"},{\"@type\":\"ListItem\",\"position\":2,\"name\":\"N\u00c1POJE\",\"item\":\"https:\\\/\\\/richter.ceo\\\/coxs\\\/en\\\/napoje\\\/\"},{\"@type\":\"ListItem\",\"position\":3,\"name\":\"Averna Amaro Siciliano\"}]},{\"@type\":\"WebSite\",\"@id\":\"https:\\\/\\\/richter.ceo\\\/coxs\\\/en\\\/#website\",\"url\":\"https:\\\/\\\/richter.ceo\\\/coxs\\\/en\\\/\",\"name\":\"COXS CLUB\",\"description\":\"Beton a Rum\",\"publisher\":{\"@id\":\"https:\\\/\\\/richter.ceo\\\/coxs\\\/en\\\/#organization\"},\"potentialAction\":[{\"@type\":\"SearchAction\",\"target\":{\"@type\":\"EntryPoint\",\"urlTemplate\":\"https:\\\/\\\/richter.ceo\\\/coxs\\\/en\\\/?s={search_term_string}\"},\"query-input\":{\"@type\":\"PropertyValueSpecification\",\"valueRequired\":true,\"valueName\":\"search_term_string\"}}],\"inLanguage\":\"cs\"},{\"@type\":\"Organization\",\"@id\":\"https:\\\/\\\/richter.ceo\\\/coxs\\\/en\\\/#organization\",\"name\":\"COXS CLUB\",\"url\":\"https:\\\/\\\/richter.ceo\\\/coxs\\\/en\\\/\",\"logo\":{\"@type\":\"ImageObject\",\"inLanguage\":\"cs\",\"@id\":\"https:\\\/\\\/richter.ceo\\\/coxs\\\/en\\\/#\\\/schema\\\/logo\\\/image\\\/\",\"url\":\"http:\\\/\\\/richter.ceo\\\/coxs\\\/wp-content\\\/uploads\\\/sites\\\/4\\\/2025\\\/05\\\/FAVICON-dark.webp\",\"contentUrl\":\"http:\\\/\\\/richter.ceo\\\/coxs\\\/wp-content\\\/uploads\\\/sites\\\/4\\\/2025\\\/05\\\/FAVICON-dark.webp\",\"width\":512,\"height\":512,\"caption\":\"COXS CLUB\"},\"image\":{\"@id\":\"https:\\\/\\\/richter.ceo\\\/coxs\\\/en\\\/#\\\/schema\\\/logo\\\/image\\\/\"},\"sameAs\":[\"https:\\\/\\\/www.facebook.com\\\/profile.php?id=100088204002615\",\"https:\\\/\\\/www.instagram.com\\\/coxs_coxs\\\/\"]}]}<\/script>\n<!-- \/ Yoast SEO plugin. -->","yoast_head_json":{"title":"Averna Amaro Siciliano","description":"Averna, autentick\u00fd italsk\u00fd bylinn\u00fd lik\u00e9r typu amaro (ho\u0159k\u00fd lik\u00e9r) pro podporu tr\u00e1ven\u00ed, byl vytvo\u0159en v\u00a0roce 1868 podle pe\u010dliv\u011b st\u0159e\u017een\u00e9ho tajn\u00e9ho","robots":{"index":"index","follow":"follow","max-snippet":"max-snippet:-1","max-image-preview":"max-image-preview:large","max-video-preview":"max-video-preview:-1"},"canonical":"https:\/\/richter.ceo\/coxs\/produkt\/averna-amaro-siciliano\/","og_locale":"cs_CZ","og_type":"article","og_title":"Averna Amaro Siciliano","og_description":"Averna, autentick\u00fd italsk\u00fd bylinn\u00fd lik\u00e9r typu amaro (ho\u0159k\u00fd lik\u00e9r) pro podporu tr\u00e1ven\u00ed, byl vytvo\u0159en v\u00a0roce 1868 podle pe\u010dliv\u011b st\u0159e\u017een\u00e9ho tajn\u00e9ho","og_url":"https:\/\/richter.ceo\/coxs\/produkt\/averna-amaro-siciliano\/","og_site_name":"COXS CLUB","article_publisher":"https:\/\/www.facebook.com\/profile.php?id=100088204002615","og_image":[{"width":600,"height":711,"url":"https:\/\/richter.ceo\/coxs\/wp-content\/uploads\/sites\/4\/2025\/05\/2220_averna_0_7l.jpg","type":"image\/jpeg"}],"twitter_card":"summary_large_image","twitter_misc":{"Odhadovan\u00e1 doba \u010dten\u00ed":"1 minuta"},"schema":{"@context":"https:\/\/schema.org","@graph":[{"@type":"WebPage","@id":"https:\/\/richter.ceo\/coxs\/produkt\/averna-amaro-siciliano\/","url":"https:\/\/richter.ceo\/coxs\/produkt\/averna-amaro-siciliano\/","name":"Averna Amaro Siciliano","isPartOf":{"@id":"https:\/\/richter.ceo\/coxs\/en\/#website"},"primaryImageOfPage":{"@id":"https:\/\/richter.ceo\/coxs\/produkt\/averna-amaro-siciliano\/#primaryimage"},"image":{"@id":"https:\/\/richter.ceo\/coxs\/produkt\/averna-amaro-siciliano\/#primaryimage"},"thumbnailUrl":"https:\/\/richter.ceo\/coxs\/wp-content\/uploads\/sites\/4\/2025\/05\/2220_averna_0_7l.jpg","datePublished":"2025-05-12T14:36:34+00:00","description":"Averna, autentick\u00fd italsk\u00fd bylinn\u00fd lik\u00e9r typu amaro (ho\u0159k\u00fd lik\u00e9r) pro podporu tr\u00e1ven\u00ed, byl vytvo\u0159en v\u00a0roce 1868 podle pe\u010dliv\u011b st\u0159e\u017een\u00e9ho tajn\u00e9ho","breadcrumb":{"@id":"https:\/\/richter.ceo\/coxs\/produkt\/averna-amaro-siciliano\/#breadcrumb"},"inLanguage":"cs","potentialAction":[{"@type":"ReadAction","target":["https:\/\/richter.ceo\/coxs\/produkt\/averna-amaro-siciliano\/"]}]},{"@type":"ImageObject","inLanguage":"cs","@id":"https:\/\/richter.ceo\/coxs\/produkt\/averna-amaro-siciliano\/#primaryimage","url":"https:\/\/richter.ceo\/coxs\/wp-content\/uploads\/sites\/4\/2025\/05\/2220_averna_0_7l.jpg","contentUrl":"https:\/\/richter.ceo\/coxs\/wp-content\/uploads\/sites\/4\/2025\/05\/2220_averna_0_7l.jpg","width":600,"height":711,"caption":"COXS CLUB"},{"@type":"BreadcrumbList","@id":"https:\/\/richter.ceo\/coxs\/produkt\/averna-amaro-siciliano\/#breadcrumb","itemListElement":[{"@type":"ListItem","position":1,"name":"Dom\u016f","item":"https:\/\/richter.ceo\/coxs\/"},{"@type":"ListItem","position":2,"name":"N\u00c1POJE","item":"https:\/\/richter.ceo\/coxs\/en\/napoje\/"},{"@type":"ListItem","position":3,"name":"Averna Amaro Siciliano"}]},{"@type":"WebSite","@id":"https:\/\/richter.ceo\/coxs\/en\/#website","url":"https:\/\/richter.ceo\/coxs\/en\/","name":"COXS CLUB","description":"Beton a Rum","publisher":{"@id":"https:\/\/richter.ceo\/coxs\/en\/#organization"},"potentialAction":[{"@type":"SearchAction","target":{"@type":"EntryPoint","urlTemplate":"https:\/\/richter.ceo\/coxs\/en\/?s={search_term_string}"},"query-input":{"@type":"PropertyValueSpecification","valueRequired":true,"valueName":"search_term_string"}}],"inLanguage":"cs"},{"@type":"Organization","@id":"https:\/\/richter.ceo\/coxs\/en\/#organization","name":"COXS CLUB","url":"https:\/\/richter.ceo\/coxs\/en\/","logo":{"@type":"ImageObject","inLanguage":"cs","@id":"https:\/\/richter.ceo\/coxs\/en\/#\/schema\/logo\/image\/","url":"http:\/\/richter.ceo\/coxs\/wp-content\/uploads\/sites\/4\/2025\/05\/FAVICON-dark.webp","contentUrl":"http:\/\/richter.ceo\/coxs\/wp-content\/uploads\/sites\/4\/2025\/05\/FAVICON-dark.webp","width":512,"height":512,"caption":"COXS CLUB"},"image":{"@id":"https:\/\/richter.ceo\/coxs\/en\/#\/schema\/logo\/image\/"},"sameAs":["https:\/\/www.facebook.com\/profile.php?id=100088204002615","https:\/\/www.instagram.com\/coxs_coxs\/"]}]}},"_links":{"self":[{"href":"https:\/\/richter.ceo\/coxs\/wp-json\/wp\/v2\/product\/962","targetHints":{"allow":["GET"]}}],"collection":[{"href":"https:\/\/richter.ceo\/coxs\/wp-json\/wp\/v2\/product"}],"about":[{"href":"https:\/\/richter.ceo\/coxs\/wp-json\/wp\/v2\/types\/product"}],"wp:featuredmedia":[{"embeddable":true,"href":"https:\/\/richter.ceo\/coxs\/wp-json\/wp\/v2\/media\/928"}],"wp:attachment":[{"href":"https:\/\/richter.ceo\/coxs\/wp-json\/wp\/v2\/media?parent=962"}],"wp:term":[{"taxonomy":"product_brand","embeddable":true,"href":"https:\/\/richter.ceo\/coxs\/wp-json\/wp\/v2\/product_brand?post=962"},{"taxonomy":"product_cat","embeddable":true,"href":"https:\/\/richter.ceo\/coxs\/wp-json\/wp\/v2\/product_cat?post=962"},{"taxonomy":"product_tag","embeddable":true,"href":"https:\/\/richter.ceo\/coxs\/wp-json\/wp\/v2\/product_tag?post=962"}],"curies":[{"name":"wp","href":"https:\/\/api.w.org\/{rel}","templated":true}]}}