{"id":964,"date":"2025-05-12T16:40:55","date_gmt":"2025-05-12T14:40:55","guid":{"rendered":"https:\/\/richter.ceo\/coxsclub\/?post_type=product&#038;p=964"},"modified":"2025-05-12T16:40:55","modified_gmt":"2025-05-12T14:40:55","slug":"jagermeister","status":"publish","type":"product","link":"https:\/\/richter.ceo\/coxs\/produkt\/jagermeister\/","title":{"rendered":"J\u00e4germeister"},"content":{"rendered":"<p>J\u00e4germeister je bylinn\u00fd lik\u00e9r se silnou a v\u00fdraznou v\u016fn\u00ed, vyv\u00e1\u017eenou ho\u0159kosladkou chut\u00ed a p\u0159\u00edzniv\u00fdmi \u00fa\u010dinky na tr\u00e1vic\u00ed soustavu. Dnes je to ji\u017e legend\u00e1rn\u00ed n\u00e1poj, kter\u00fd se pije nej\u010dast\u011bji ledov\u011b vychlazen\u00fd.<\/p>\n<p>&nbsp;<\/p>\n<p>Barvu m\u00e1 tmav\u011b a\u017e narudle hn\u011bdou vlivem ko\u0159\u00ednk\u016f a bylin, kter\u00e9 jsou v n\u00e1poji pou\u017eity. V\u016fn\u011b je siln\u00e1 a charakteristick\u00e1; byliny a zemina; medicin\u00e1ln\u00ed. Chu\u0165 m\u00e1 plnou s v\u00fdraznou bylinkovou p\u0159\u00edchut\u00ed. Sm\u011bs des\u00edtek bylin je macerov\u00e1na v alkoholu, pot\u00e9 je filtrov\u00e1na a ulo\u017eena ke zr\u00e1n\u00ed v dubov\u00fdch sudech. Tak dojde k postupn\u00e9mu uvoln\u011bn\u00ed v\u0161ech d\u016fle\u017eit\u00fdch l\u00e1tek z bylin a pozd\u011bji se u\u017e sm\u011bs ochutn\u00e1 a nakonec sm\u00edch\u00e1 s vodou a alkoholem.<\/p>\n","protected":false},"excerpt":{"rendered":"<p>J\u00e4germeister je bylinn\u00fd lik\u00e9r se silnou a v\u00fdraznou v\u016fn\u00ed, vyv\u00e1\u017eenou ho\u0159kosladkou chut\u00ed a p\u0159\u00edzniv\u00fdmi \u00fa\u010dinky na tr\u00e1vic\u00ed soustavu. Dnes je to ji\u017e legend\u00e1rn\u00ed n\u00e1poj, kter\u00fd se pije nej\u010dast\u011bji ledov\u011b vychlazen\u00fd. &nbsp; Barvu m\u00e1 tmav\u011b a\u017e narudle hn\u011bdou vlivem ko\u0159\u00ednk\u016f a bylin, kter\u00e9 jsou v n\u00e1poji pou\u017eity. V\u016fn\u011b je siln\u00e1 a charakteristick\u00e1; byliny a zemina; medicin\u00e1ln\u00ed. [&hellip;]<\/p>\n","protected":false},"featured_media":942,"template":"","meta":{"_acf_changed":false},"product_brand":[91],"product_cat":[76],"product_tag":[],"class_list":{"0":"post-964","1":"product","2":"type-product","3":"status-publish","4":"has-post-thumbnail","6":"product_brand-jagermeister","7":"product_cat-liker","8":"pa_cena-za-004-l","9":"pa_obsah-alkoholu-89","10":"pa_zeme-nemecko","12":"first","13":"instock","14":"shipping-taxable","15":"purchasable","16":"product-type-simple"},"acf":[],"yoast_head":"<!-- This site is optimized with the Yoast SEO plugin v27.5 - https:\/\/yoast.com\/product\/yoast-seo-wordpress\/ -->\n<title>J\u00e4germeister<\/title>\n<meta name=\"description\" content=\"J\u00e4germeister je bylinn\u00fd lik\u00e9r se silnou a v\u00fdraznou v\u016fn\u00ed, vyv\u00e1\u017eenou ho\u0159kosladkou chut\u00ed a p\u0159\u00edzniv\u00fdmi \u00fa\u010dinky na tr\u00e1vic\u00ed soustavu. Dnes je to ji\u017e legend\u00e1rn\u00ed\" \/>\n<meta name=\"robots\" content=\"index, follow, max-snippet:-1, max-image-preview:large, max-video-preview:-1\" \/>\n<link rel=\"canonical\" href=\"https:\/\/richter.ceo\/coxs\/produkt\/jagermeister\/\" \/>\n<meta property=\"og:locale\" content=\"cs_CZ\" \/>\n<meta property=\"og:type\" content=\"article\" \/>\n<meta property=\"og:title\" content=\"J\u00e4germeister\" \/>\n<meta property=\"og:description\" content=\"J\u00e4germeister je bylinn\u00fd lik\u00e9r se silnou a v\u00fdraznou v\u016fn\u00ed, vyv\u00e1\u017eenou ho\u0159kosladkou chut\u00ed a p\u0159\u00edzniv\u00fdmi \u00fa\u010dinky na tr\u00e1vic\u00ed soustavu. Dnes je to ji\u017e legend\u00e1rn\u00ed\" \/>\n<meta property=\"og:url\" content=\"https:\/\/richter.ceo\/coxs\/produkt\/jagermeister\/\" \/>\n<meta property=\"og:site_name\" content=\"COXS CLUB\" \/>\n<meta property=\"article:publisher\" content=\"https:\/\/www.facebook.com\/profile.php?id=100088204002615\" \/>\n<meta property=\"og:image\" content=\"https:\/\/richter.ceo\/coxs\/wp-content\/uploads\/sites\/4\/2025\/05\/jagermeister-864x1024-1.jpg\" \/>\n\t<meta property=\"og:image:width\" content=\"864\" \/>\n\t<meta property=\"og:image:height\" content=\"1024\" \/>\n\t<meta property=\"og:image:type\" content=\"image\/jpeg\" \/>\n<meta name=\"twitter:card\" content=\"summary_large_image\" \/>\n<meta name=\"twitter:label1\" content=\"Odhadovan\u00e1 doba \u010dten\u00ed\" \/>\n\t<meta name=\"twitter:data1\" content=\"1 minuta\" \/>\n<script type=\"application\/ld+json\" class=\"yoast-schema-graph\">{\"@context\":\"https:\\\/\\\/schema.org\",\"@graph\":[{\"@type\":\"WebPage\",\"@id\":\"https:\\\/\\\/richter.ceo\\\/coxs\\\/produkt\\\/jagermeister\\\/\",\"url\":\"https:\\\/\\\/richter.ceo\\\/coxs\\\/produkt\\\/jagermeister\\\/\",\"name\":\"J\u00e4germeister\",\"isPartOf\":{\"@id\":\"https:\\\/\\\/richter.ceo\\\/coxs\\\/en\\\/#website\"},\"primaryImageOfPage\":{\"@id\":\"https:\\\/\\\/richter.ceo\\\/coxs\\\/produkt\\\/jagermeister\\\/#primaryimage\"},\"image\":{\"@id\":\"https:\\\/\\\/richter.ceo\\\/coxs\\\/produkt\\\/jagermeister\\\/#primaryimage\"},\"thumbnailUrl\":\"https:\\\/\\\/richter.ceo\\\/coxs\\\/wp-content\\\/uploads\\\/sites\\\/4\\\/2025\\\/05\\\/jagermeister-864x1024-1.jpg\",\"datePublished\":\"2025-05-12T14:40:55+00:00\",\"description\":\"J\u00e4germeister je bylinn\u00fd lik\u00e9r se silnou a v\u00fdraznou v\u016fn\u00ed, vyv\u00e1\u017eenou ho\u0159kosladkou chut\u00ed a p\u0159\u00edzniv\u00fdmi \u00fa\u010dinky na tr\u00e1vic\u00ed soustavu. Dnes je to ji\u017e legend\u00e1rn\u00ed\",\"breadcrumb\":{\"@id\":\"https:\\\/\\\/richter.ceo\\\/coxs\\\/produkt\\\/jagermeister\\\/#breadcrumb\"},\"inLanguage\":\"cs\",\"potentialAction\":[{\"@type\":\"ReadAction\",\"target\":[\"https:\\\/\\\/richter.ceo\\\/coxs\\\/produkt\\\/jagermeister\\\/\"]}]},{\"@type\":\"ImageObject\",\"inLanguage\":\"cs\",\"@id\":\"https:\\\/\\\/richter.ceo\\\/coxs\\\/produkt\\\/jagermeister\\\/#primaryimage\",\"url\":\"https:\\\/\\\/richter.ceo\\\/coxs\\\/wp-content\\\/uploads\\\/sites\\\/4\\\/2025\\\/05\\\/jagermeister-864x1024-1.jpg\",\"contentUrl\":\"https:\\\/\\\/richter.ceo\\\/coxs\\\/wp-content\\\/uploads\\\/sites\\\/4\\\/2025\\\/05\\\/jagermeister-864x1024-1.jpg\",\"width\":864,\"height\":1024,\"caption\":\"COXS CLUB\"},{\"@type\":\"BreadcrumbList\",\"@id\":\"https:\\\/\\\/richter.ceo\\\/coxs\\\/produkt\\\/jagermeister\\\/#breadcrumb\",\"itemListElement\":[{\"@type\":\"ListItem\",\"position\":1,\"name\":\"Dom\u016f\",\"item\":\"https:\\\/\\\/richter.ceo\\\/coxs\\\/\"},{\"@type\":\"ListItem\",\"position\":2,\"name\":\"N\u00c1POJE\",\"item\":\"https:\\\/\\\/richter.ceo\\\/coxs\\\/en\\\/napoje\\\/\"},{\"@type\":\"ListItem\",\"position\":3,\"name\":\"J\u00e4germeister\"}]},{\"@type\":\"WebSite\",\"@id\":\"https:\\\/\\\/richter.ceo\\\/coxs\\\/en\\\/#website\",\"url\":\"https:\\\/\\\/richter.ceo\\\/coxs\\\/en\\\/\",\"name\":\"COXS CLUB\",\"description\":\"Beton a Rum\",\"publisher\":{\"@id\":\"https:\\\/\\\/richter.ceo\\\/coxs\\\/en\\\/#organization\"},\"potentialAction\":[{\"@type\":\"SearchAction\",\"target\":{\"@type\":\"EntryPoint\",\"urlTemplate\":\"https:\\\/\\\/richter.ceo\\\/coxs\\\/en\\\/?s={search_term_string}\"},\"query-input\":{\"@type\":\"PropertyValueSpecification\",\"valueRequired\":true,\"valueName\":\"search_term_string\"}}],\"inLanguage\":\"cs\"},{\"@type\":\"Organization\",\"@id\":\"https:\\\/\\\/richter.ceo\\\/coxs\\\/en\\\/#organization\",\"name\":\"COXS CLUB\",\"url\":\"https:\\\/\\\/richter.ceo\\\/coxs\\\/en\\\/\",\"logo\":{\"@type\":\"ImageObject\",\"inLanguage\":\"cs\",\"@id\":\"https:\\\/\\\/richter.ceo\\\/coxs\\\/en\\\/#\\\/schema\\\/logo\\\/image\\\/\",\"url\":\"http:\\\/\\\/richter.ceo\\\/coxs\\\/wp-content\\\/uploads\\\/sites\\\/4\\\/2025\\\/05\\\/FAVICON-dark.webp\",\"contentUrl\":\"http:\\\/\\\/richter.ceo\\\/coxs\\\/wp-content\\\/uploads\\\/sites\\\/4\\\/2025\\\/05\\\/FAVICON-dark.webp\",\"width\":512,\"height\":512,\"caption\":\"COXS CLUB\"},\"image\":{\"@id\":\"https:\\\/\\\/richter.ceo\\\/coxs\\\/en\\\/#\\\/schema\\\/logo\\\/image\\\/\"},\"sameAs\":[\"https:\\\/\\\/www.facebook.com\\\/profile.php?id=100088204002615\",\"https:\\\/\\\/www.instagram.com\\\/coxs_coxs\\\/\"]}]}<\/script>\n<!-- \/ Yoast SEO plugin. -->","yoast_head_json":{"title":"J\u00e4germeister","description":"J\u00e4germeister je bylinn\u00fd lik\u00e9r se silnou a v\u00fdraznou v\u016fn\u00ed, vyv\u00e1\u017eenou ho\u0159kosladkou chut\u00ed a p\u0159\u00edzniv\u00fdmi \u00fa\u010dinky na tr\u00e1vic\u00ed soustavu. Dnes je to ji\u017e legend\u00e1rn\u00ed","robots":{"index":"index","follow":"follow","max-snippet":"max-snippet:-1","max-image-preview":"max-image-preview:large","max-video-preview":"max-video-preview:-1"},"canonical":"https:\/\/richter.ceo\/coxs\/produkt\/jagermeister\/","og_locale":"cs_CZ","og_type":"article","og_title":"J\u00e4germeister","og_description":"J\u00e4germeister je bylinn\u00fd lik\u00e9r se silnou a v\u00fdraznou v\u016fn\u00ed, vyv\u00e1\u017eenou ho\u0159kosladkou chut\u00ed a p\u0159\u00edzniv\u00fdmi \u00fa\u010dinky na tr\u00e1vic\u00ed soustavu. Dnes je to ji\u017e legend\u00e1rn\u00ed","og_url":"https:\/\/richter.ceo\/coxs\/produkt\/jagermeister\/","og_site_name":"COXS CLUB","article_publisher":"https:\/\/www.facebook.com\/profile.php?id=100088204002615","og_image":[{"width":864,"height":1024,"url":"https:\/\/richter.ceo\/coxs\/wp-content\/uploads\/sites\/4\/2025\/05\/jagermeister-864x1024-1.jpg","type":"image\/jpeg"}],"twitter_card":"summary_large_image","twitter_misc":{"Odhadovan\u00e1 doba \u010dten\u00ed":"1 minuta"},"schema":{"@context":"https:\/\/schema.org","@graph":[{"@type":"WebPage","@id":"https:\/\/richter.ceo\/coxs\/produkt\/jagermeister\/","url":"https:\/\/richter.ceo\/coxs\/produkt\/jagermeister\/","name":"J\u00e4germeister","isPartOf":{"@id":"https:\/\/richter.ceo\/coxs\/en\/#website"},"primaryImageOfPage":{"@id":"https:\/\/richter.ceo\/coxs\/produkt\/jagermeister\/#primaryimage"},"image":{"@id":"https:\/\/richter.ceo\/coxs\/produkt\/jagermeister\/#primaryimage"},"thumbnailUrl":"https:\/\/richter.ceo\/coxs\/wp-content\/uploads\/sites\/4\/2025\/05\/jagermeister-864x1024-1.jpg","datePublished":"2025-05-12T14:40:55+00:00","description":"J\u00e4germeister je bylinn\u00fd lik\u00e9r se silnou a v\u00fdraznou v\u016fn\u00ed, vyv\u00e1\u017eenou ho\u0159kosladkou chut\u00ed a p\u0159\u00edzniv\u00fdmi \u00fa\u010dinky na tr\u00e1vic\u00ed soustavu. Dnes je to ji\u017e legend\u00e1rn\u00ed","breadcrumb":{"@id":"https:\/\/richter.ceo\/coxs\/produkt\/jagermeister\/#breadcrumb"},"inLanguage":"cs","potentialAction":[{"@type":"ReadAction","target":["https:\/\/richter.ceo\/coxs\/produkt\/jagermeister\/"]}]},{"@type":"ImageObject","inLanguage":"cs","@id":"https:\/\/richter.ceo\/coxs\/produkt\/jagermeister\/#primaryimage","url":"https:\/\/richter.ceo\/coxs\/wp-content\/uploads\/sites\/4\/2025\/05\/jagermeister-864x1024-1.jpg","contentUrl":"https:\/\/richter.ceo\/coxs\/wp-content\/uploads\/sites\/4\/2025\/05\/jagermeister-864x1024-1.jpg","width":864,"height":1024,"caption":"COXS CLUB"},{"@type":"BreadcrumbList","@id":"https:\/\/richter.ceo\/coxs\/produkt\/jagermeister\/#breadcrumb","itemListElement":[{"@type":"ListItem","position":1,"name":"Dom\u016f","item":"https:\/\/richter.ceo\/coxs\/"},{"@type":"ListItem","position":2,"name":"N\u00c1POJE","item":"https:\/\/richter.ceo\/coxs\/en\/napoje\/"},{"@type":"ListItem","position":3,"name":"J\u00e4germeister"}]},{"@type":"WebSite","@id":"https:\/\/richter.ceo\/coxs\/en\/#website","url":"https:\/\/richter.ceo\/coxs\/en\/","name":"COXS CLUB","description":"Beton a Rum","publisher":{"@id":"https:\/\/richter.ceo\/coxs\/en\/#organization"},"potentialAction":[{"@type":"SearchAction","target":{"@type":"EntryPoint","urlTemplate":"https:\/\/richter.ceo\/coxs\/en\/?s={search_term_string}"},"query-input":{"@type":"PropertyValueSpecification","valueRequired":true,"valueName":"search_term_string"}}],"inLanguage":"cs"},{"@type":"Organization","@id":"https:\/\/richter.ceo\/coxs\/en\/#organization","name":"COXS CLUB","url":"https:\/\/richter.ceo\/coxs\/en\/","logo":{"@type":"ImageObject","inLanguage":"cs","@id":"https:\/\/richter.ceo\/coxs\/en\/#\/schema\/logo\/image\/","url":"http:\/\/richter.ceo\/coxs\/wp-content\/uploads\/sites\/4\/2025\/05\/FAVICON-dark.webp","contentUrl":"http:\/\/richter.ceo\/coxs\/wp-content\/uploads\/sites\/4\/2025\/05\/FAVICON-dark.webp","width":512,"height":512,"caption":"COXS CLUB"},"image":{"@id":"https:\/\/richter.ceo\/coxs\/en\/#\/schema\/logo\/image\/"},"sameAs":["https:\/\/www.facebook.com\/profile.php?id=100088204002615","https:\/\/www.instagram.com\/coxs_coxs\/"]}]}},"_links":{"self":[{"href":"https:\/\/richter.ceo\/coxs\/wp-json\/wp\/v2\/product\/964","targetHints":{"allow":["GET"]}}],"collection":[{"href":"https:\/\/richter.ceo\/coxs\/wp-json\/wp\/v2\/product"}],"about":[{"href":"https:\/\/richter.ceo\/coxs\/wp-json\/wp\/v2\/types\/product"}],"wp:featuredmedia":[{"embeddable":true,"href":"https:\/\/richter.ceo\/coxs\/wp-json\/wp\/v2\/media\/942"}],"wp:attachment":[{"href":"https:\/\/richter.ceo\/coxs\/wp-json\/wp\/v2\/media?parent=964"}],"wp:term":[{"taxonomy":"product_brand","embeddable":true,"href":"https:\/\/richter.ceo\/coxs\/wp-json\/wp\/v2\/product_brand?post=964"},{"taxonomy":"product_cat","embeddable":true,"href":"https:\/\/richter.ceo\/coxs\/wp-json\/wp\/v2\/product_cat?post=964"},{"taxonomy":"product_tag","embeddable":true,"href":"https:\/\/richter.ceo\/coxs\/wp-json\/wp\/v2\/product_tag?post=964"}],"curies":[{"name":"wp","href":"https:\/\/api.w.org\/{rel}","templated":true}]}}