{"id":975,"date":"2025-05-12T17:11:58","date_gmt":"2025-05-12T15:11:58","guid":{"rendered":"https:\/\/richter.ceo\/coxsclub\/?post_type=product&#038;p=975"},"modified":"2025-05-12T17:11:58","modified_gmt":"2025-05-12T15:11:58","slug":"fassbind-vieille-poire-starena-hruska","status":"publish","type":"product","link":"https:\/\/richter.ceo\/coxs\/produkt\/fassbind-vieille-poire-starena-hruska\/","title":{"rendered":"Fassbind Vieille Poire &#8211; Sta\u0159en\u00e1 Hru\u0161ka"},"content":{"rendered":"<div class=\"elementor-column elementor-col-50 elementor-inner-column elementor-element elementor-element-df5ea97\" data-id=\"df5ea97\" data-element_type=\"column\">\n<div class=\"elementor-widget-wrap elementor-element-populated\">\n<div class=\"elementor-element elementor-element-5f45f876 elementor-widget elementor-widget-woocommerce-product-short-description\" data-id=\"5f45f876\" data-element_type=\"widget\" data-widget_type=\"woocommerce-product-short-description.default\">\n<div class=\"elementor-widget-container\">\n<div class=\"woocommerce-product-details__short-description\">\n<p>U\u0161lechtil\u00e9 \u0161v\u00fdcarsk\u00e9 destil\u00e1ty Fassbind jsou po desetilet\u00ed pov\u011bstn\u00e9 svou vysokou kvalitou. Vyzna\u010duj\u00ed se \u010distotou a plnou chut\u00ed. Tato p\u00e1lenka ze zral\u00fdch hru\u0161ek odr\u016fdy Williams je po destilaci ulo\u017eena do dubov\u00fdch sud\u016f, kde zraje po dobu 12 a\u017e 18 m\u011bs\u00edc\u016f. V\u00fdsledn\u00fd destil\u00e1t je pot\u00e9 je\u0161t\u011b zjemn\u011bn p\u0159id\u00e1n\u00edm p\u0159\u00edrodn\u00edho v\u00fdta\u017eku ze su\u0161en\u00fdch hru\u0161ek Williams. Tento extrakt poskytuje cenami ov\u011bn\u010den\u00e9 p\u00e1lence delik\u00e1tn\u011b elegantn\u00ed nasl\u00e1dlou chu\u0165 s intenzivn\u00edmi t\u00f3ny hru\u0161ek Williams.<\/p>\n<\/div>\n<\/div>\n<\/div>\n<\/div>\n<\/div>\n","protected":false},"excerpt":{"rendered":"<p>U\u0161lechtil\u00e9 \u0161v\u00fdcarsk\u00e9 destil\u00e1ty Fassbind jsou po desetilet\u00ed pov\u011bstn\u00e9 svou vysokou kvalitou. Vyzna\u010duj\u00ed se \u010distotou a plnou chut\u00ed. Tato p\u00e1lenka ze zral\u00fdch hru\u0161ek odr\u016fdy Williams je po destilaci ulo\u017eena do dubov\u00fdch sud\u016f, kde zraje po dobu 12 a\u017e 18 m\u011bs\u00edc\u016f. V\u00fdsledn\u00fd destil\u00e1t je pot\u00e9 je\u0161t\u011b zjemn\u011bn p\u0159id\u00e1n\u00edm p\u0159\u00edrodn\u00edho v\u00fdta\u017eku ze su\u0161en\u00fdch hru\u0161ek Williams. Tento extrakt poskytuje [&hellip;]<\/p>\n","protected":false},"featured_media":934,"template":"","meta":{"_acf_changed":false},"product_brand":[92],"product_cat":[95],"product_tag":[],"class_list":{"0":"post-975","1":"product","2":"type-product","3":"status-publish","4":"has-post-thumbnail","6":"product_brand-fassbind","7":"product_cat-ovocny-destilat","8":"pa_cena-za-004-l","9":"pa_obsah-alkoholu-21","10":"pa_zeme-svycarsko","12":"first","13":"instock","14":"shipping-taxable","15":"purchasable","16":"product-type-simple"},"acf":[],"yoast_head":"<!-- This site is optimized with the Yoast SEO plugin v27.4 - https:\/\/yoast.com\/product\/yoast-seo-wordpress\/ -->\n<title>Fassbind Vieille Poire - Sta\u0159en\u00e1 Hru\u0161ka<\/title>\n<meta name=\"description\" content=\"U\u0161lechtil\u00e9 \u0161v\u00fdcarsk\u00e9 destil\u00e1ty Fassbind jsou po desetilet\u00ed pov\u011bstn\u00e9 svou vysokou kvalitou. Vyzna\u010duj\u00ed se \u010distotou a plnou chut\u00ed. Tato p\u00e1lenka ze zral\u00fdch\" \/>\n<meta name=\"robots\" content=\"index, follow, max-snippet:-1, max-image-preview:large, max-video-preview:-1\" \/>\n<link rel=\"canonical\" href=\"https:\/\/richter.ceo\/coxs\/product\/fassbind-vieille-poire-starena-hruska\/\" \/>\n<meta property=\"og:locale\" content=\"cs_CZ\" \/>\n<meta property=\"og:type\" content=\"article\" \/>\n<meta property=\"og:title\" content=\"Fassbind Vieille Poire - Sta\u0159en\u00e1 Hru\u0161ka\" \/>\n<meta property=\"og:description\" content=\"U\u0161lechtil\u00e9 \u0161v\u00fdcarsk\u00e9 destil\u00e1ty Fassbind jsou po desetilet\u00ed pov\u011bstn\u00e9 svou vysokou kvalitou. Vyzna\u010duj\u00ed se \u010distotou a plnou chut\u00ed. Tato p\u00e1lenka ze zral\u00fdch\" \/>\n<meta property=\"og:url\" content=\"https:\/\/richter.ceo\/coxs\/product\/fassbind-vieille-poire-starena-hruska\/\" \/>\n<meta property=\"og:site_name\" content=\"COXS CLUB\" \/>\n<meta property=\"article:publisher\" content=\"https:\/\/www.facebook.com\/profile.php?id=100088204002615\" \/>\n<meta property=\"og:image\" content=\"https:\/\/richter.ceo\/coxs\/wp-content\/uploads\/sites\/4\/2025\/05\/2966_fassbind_vieille_poire.jpg\" \/>\n\t<meta property=\"og:image:width\" content=\"600\" \/>\n\t<meta property=\"og:image:height\" content=\"711\" \/>\n\t<meta property=\"og:image:type\" content=\"image\/jpeg\" \/>\n<meta name=\"twitter:card\" content=\"summary_large_image\" \/>\n<meta name=\"twitter:label1\" content=\"Odhadovan\u00e1 doba \u010dten\u00ed\" \/>\n\t<meta name=\"twitter:data1\" content=\"1 minuta\" \/>\n<script type=\"application\/ld+json\" class=\"yoast-schema-graph\">{\"@context\":\"https:\\\/\\\/schema.org\",\"@graph\":[{\"@type\":\"WebPage\",\"@id\":\"https:\\\/\\\/richter.ceo\\\/coxs\\\/en\\\/product\\\/fassbind-vieille-poire-starena-hruska\\\/\",\"url\":\"https:\\\/\\\/richter.ceo\\\/coxs\\\/en\\\/product\\\/fassbind-vieille-poire-starena-hruska\\\/\",\"name\":\"Fassbind Vieille Poire - Sta\u0159en\u00e1 Hru\u0161ka\",\"isPartOf\":{\"@id\":\"https:\\\/\\\/richter.ceo\\\/coxs\\\/en\\\/#website\"},\"primaryImageOfPage\":{\"@id\":\"https:\\\/\\\/richter.ceo\\\/coxs\\\/en\\\/product\\\/fassbind-vieille-poire-starena-hruska\\\/#primaryimage\"},\"image\":{\"@id\":\"https:\\\/\\\/richter.ceo\\\/coxs\\\/en\\\/product\\\/fassbind-vieille-poire-starena-hruska\\\/#primaryimage\"},\"thumbnailUrl\":\"https:\\\/\\\/richter.ceo\\\/coxs\\\/wp-content\\\/uploads\\\/sites\\\/4\\\/2025\\\/05\\\/2966_fassbind_vieille_poire.jpg\",\"datePublished\":\"2025-05-12T15:11:58+00:00\",\"description\":\"U\u0161lechtil\u00e9 \u0161v\u00fdcarsk\u00e9 destil\u00e1ty Fassbind jsou po desetilet\u00ed pov\u011bstn\u00e9 svou vysokou kvalitou. Vyzna\u010duj\u00ed se \u010distotou a plnou chut\u00ed. Tato p\u00e1lenka ze zral\u00fdch\",\"breadcrumb\":{\"@id\":\"https:\\\/\\\/richter.ceo\\\/coxs\\\/en\\\/product\\\/fassbind-vieille-poire-starena-hruska\\\/#breadcrumb\"},\"inLanguage\":\"cs\",\"potentialAction\":[{\"@type\":\"ReadAction\",\"target\":[\"https:\\\/\\\/richter.ceo\\\/coxs\\\/en\\\/product\\\/fassbind-vieille-poire-starena-hruska\\\/\"]}]},{\"@type\":\"ImageObject\",\"inLanguage\":\"cs\",\"@id\":\"https:\\\/\\\/richter.ceo\\\/coxs\\\/en\\\/product\\\/fassbind-vieille-poire-starena-hruska\\\/#primaryimage\",\"url\":\"https:\\\/\\\/richter.ceo\\\/coxs\\\/wp-content\\\/uploads\\\/sites\\\/4\\\/2025\\\/05\\\/2966_fassbind_vieille_poire.jpg\",\"contentUrl\":\"https:\\\/\\\/richter.ceo\\\/coxs\\\/wp-content\\\/uploads\\\/sites\\\/4\\\/2025\\\/05\\\/2966_fassbind_vieille_poire.jpg\",\"width\":600,\"height\":711,\"caption\":\"COXS CLUB\"},{\"@type\":\"BreadcrumbList\",\"@id\":\"https:\\\/\\\/richter.ceo\\\/coxs\\\/en\\\/product\\\/fassbind-vieille-poire-starena-hruska\\\/#breadcrumb\",\"itemListElement\":[{\"@type\":\"ListItem\",\"position\":1,\"name\":\"Dom\u016f\",\"item\":\"https:\\\/\\\/richter.ceo\\\/coxs\\\/\"},{\"@type\":\"ListItem\",\"position\":2,\"name\":\"N\u00c1POJE\",\"item\":\"https:\\\/\\\/richter.ceo\\\/coxs\\\/en\\\/napoje\\\/\"},{\"@type\":\"ListItem\",\"position\":3,\"name\":\"Fassbind Vieille Poire &#8211; Sta\u0159en\u00e1 Hru\u0161ka\"}]},{\"@type\":\"WebSite\",\"@id\":\"https:\\\/\\\/richter.ceo\\\/coxs\\\/en\\\/#website\",\"url\":\"https:\\\/\\\/richter.ceo\\\/coxs\\\/en\\\/\",\"name\":\"COXS CLUB\",\"description\":\"Beton a Rum\",\"publisher\":{\"@id\":\"https:\\\/\\\/richter.ceo\\\/coxs\\\/en\\\/#organization\"},\"potentialAction\":[{\"@type\":\"SearchAction\",\"target\":{\"@type\":\"EntryPoint\",\"urlTemplate\":\"https:\\\/\\\/richter.ceo\\\/coxs\\\/en\\\/?s={search_term_string}\"},\"query-input\":{\"@type\":\"PropertyValueSpecification\",\"valueRequired\":true,\"valueName\":\"search_term_string\"}}],\"inLanguage\":\"cs\"},{\"@type\":\"Organization\",\"@id\":\"https:\\\/\\\/richter.ceo\\\/coxs\\\/en\\\/#organization\",\"name\":\"COXS CLUB\",\"url\":\"https:\\\/\\\/richter.ceo\\\/coxs\\\/en\\\/\",\"logo\":{\"@type\":\"ImageObject\",\"inLanguage\":\"cs\",\"@id\":\"https:\\\/\\\/richter.ceo\\\/coxs\\\/en\\\/#\\\/schema\\\/logo\\\/image\\\/\",\"url\":\"http:\\\/\\\/richter.ceo\\\/coxs\\\/wp-content\\\/uploads\\\/sites\\\/4\\\/2025\\\/05\\\/FAVICON-dark.webp\",\"contentUrl\":\"http:\\\/\\\/richter.ceo\\\/coxs\\\/wp-content\\\/uploads\\\/sites\\\/4\\\/2025\\\/05\\\/FAVICON-dark.webp\",\"width\":512,\"height\":512,\"caption\":\"COXS CLUB\"},\"image\":{\"@id\":\"https:\\\/\\\/richter.ceo\\\/coxs\\\/en\\\/#\\\/schema\\\/logo\\\/image\\\/\"},\"sameAs\":[\"https:\\\/\\\/www.facebook.com\\\/profile.php?id=100088204002615\",\"https:\\\/\\\/www.instagram.com\\\/coxs_coxs\\\/\"]}]}<\/script>\n<!-- \/ Yoast SEO plugin. -->","yoast_head_json":{"title":"Fassbind Vieille Poire - Sta\u0159en\u00e1 Hru\u0161ka","description":"U\u0161lechtil\u00e9 \u0161v\u00fdcarsk\u00e9 destil\u00e1ty Fassbind jsou po desetilet\u00ed pov\u011bstn\u00e9 svou vysokou kvalitou. Vyzna\u010duj\u00ed se \u010distotou a plnou chut\u00ed. Tato p\u00e1lenka ze zral\u00fdch","robots":{"index":"index","follow":"follow","max-snippet":"max-snippet:-1","max-image-preview":"max-image-preview:large","max-video-preview":"max-video-preview:-1"},"canonical":"https:\/\/richter.ceo\/coxs\/product\/fassbind-vieille-poire-starena-hruska\/","og_locale":"cs_CZ","og_type":"article","og_title":"Fassbind Vieille Poire - Sta\u0159en\u00e1 Hru\u0161ka","og_description":"U\u0161lechtil\u00e9 \u0161v\u00fdcarsk\u00e9 destil\u00e1ty Fassbind jsou po desetilet\u00ed pov\u011bstn\u00e9 svou vysokou kvalitou. Vyzna\u010duj\u00ed se \u010distotou a plnou chut\u00ed. Tato p\u00e1lenka ze zral\u00fdch","og_url":"https:\/\/richter.ceo\/coxs\/product\/fassbind-vieille-poire-starena-hruska\/","og_site_name":"COXS CLUB","article_publisher":"https:\/\/www.facebook.com\/profile.php?id=100088204002615","og_image":[{"width":600,"height":711,"url":"https:\/\/richter.ceo\/coxs\/wp-content\/uploads\/sites\/4\/2025\/05\/2966_fassbind_vieille_poire.jpg","type":"image\/jpeg"}],"twitter_card":"summary_large_image","twitter_misc":{"Odhadovan\u00e1 doba \u010dten\u00ed":"1 minuta"},"schema":{"@context":"https:\/\/schema.org","@graph":[{"@type":"WebPage","@id":"https:\/\/richter.ceo\/coxs\/en\/product\/fassbind-vieille-poire-starena-hruska\/","url":"https:\/\/richter.ceo\/coxs\/en\/product\/fassbind-vieille-poire-starena-hruska\/","name":"Fassbind Vieille Poire - Sta\u0159en\u00e1 Hru\u0161ka","isPartOf":{"@id":"https:\/\/richter.ceo\/coxs\/en\/#website"},"primaryImageOfPage":{"@id":"https:\/\/richter.ceo\/coxs\/en\/product\/fassbind-vieille-poire-starena-hruska\/#primaryimage"},"image":{"@id":"https:\/\/richter.ceo\/coxs\/en\/product\/fassbind-vieille-poire-starena-hruska\/#primaryimage"},"thumbnailUrl":"https:\/\/richter.ceo\/coxs\/wp-content\/uploads\/sites\/4\/2025\/05\/2966_fassbind_vieille_poire.jpg","datePublished":"2025-05-12T15:11:58+00:00","description":"U\u0161lechtil\u00e9 \u0161v\u00fdcarsk\u00e9 destil\u00e1ty Fassbind jsou po desetilet\u00ed pov\u011bstn\u00e9 svou vysokou kvalitou. Vyzna\u010duj\u00ed se \u010distotou a plnou chut\u00ed. Tato p\u00e1lenka ze zral\u00fdch","breadcrumb":{"@id":"https:\/\/richter.ceo\/coxs\/en\/product\/fassbind-vieille-poire-starena-hruska\/#breadcrumb"},"inLanguage":"cs","potentialAction":[{"@type":"ReadAction","target":["https:\/\/richter.ceo\/coxs\/en\/product\/fassbind-vieille-poire-starena-hruska\/"]}]},{"@type":"ImageObject","inLanguage":"cs","@id":"https:\/\/richter.ceo\/coxs\/en\/product\/fassbind-vieille-poire-starena-hruska\/#primaryimage","url":"https:\/\/richter.ceo\/coxs\/wp-content\/uploads\/sites\/4\/2025\/05\/2966_fassbind_vieille_poire.jpg","contentUrl":"https:\/\/richter.ceo\/coxs\/wp-content\/uploads\/sites\/4\/2025\/05\/2966_fassbind_vieille_poire.jpg","width":600,"height":711,"caption":"COXS CLUB"},{"@type":"BreadcrumbList","@id":"https:\/\/richter.ceo\/coxs\/en\/product\/fassbind-vieille-poire-starena-hruska\/#breadcrumb","itemListElement":[{"@type":"ListItem","position":1,"name":"Dom\u016f","item":"https:\/\/richter.ceo\/coxs\/"},{"@type":"ListItem","position":2,"name":"N\u00c1POJE","item":"https:\/\/richter.ceo\/coxs\/en\/napoje\/"},{"@type":"ListItem","position":3,"name":"Fassbind Vieille Poire &#8211; Sta\u0159en\u00e1 Hru\u0161ka"}]},{"@type":"WebSite","@id":"https:\/\/richter.ceo\/coxs\/en\/#website","url":"https:\/\/richter.ceo\/coxs\/en\/","name":"COXS CLUB","description":"Beton a Rum","publisher":{"@id":"https:\/\/richter.ceo\/coxs\/en\/#organization"},"potentialAction":[{"@type":"SearchAction","target":{"@type":"EntryPoint","urlTemplate":"https:\/\/richter.ceo\/coxs\/en\/?s={search_term_string}"},"query-input":{"@type":"PropertyValueSpecification","valueRequired":true,"valueName":"search_term_string"}}],"inLanguage":"cs"},{"@type":"Organization","@id":"https:\/\/richter.ceo\/coxs\/en\/#organization","name":"COXS CLUB","url":"https:\/\/richter.ceo\/coxs\/en\/","logo":{"@type":"ImageObject","inLanguage":"cs","@id":"https:\/\/richter.ceo\/coxs\/en\/#\/schema\/logo\/image\/","url":"http:\/\/richter.ceo\/coxs\/wp-content\/uploads\/sites\/4\/2025\/05\/FAVICON-dark.webp","contentUrl":"http:\/\/richter.ceo\/coxs\/wp-content\/uploads\/sites\/4\/2025\/05\/FAVICON-dark.webp","width":512,"height":512,"caption":"COXS CLUB"},"image":{"@id":"https:\/\/richter.ceo\/coxs\/en\/#\/schema\/logo\/image\/"},"sameAs":["https:\/\/www.facebook.com\/profile.php?id=100088204002615","https:\/\/www.instagram.com\/coxs_coxs\/"]}]}},"_links":{"self":[{"href":"https:\/\/richter.ceo\/coxs\/wp-json\/wp\/v2\/product\/975","targetHints":{"allow":["GET"]}}],"collection":[{"href":"https:\/\/richter.ceo\/coxs\/wp-json\/wp\/v2\/product"}],"about":[{"href":"https:\/\/richter.ceo\/coxs\/wp-json\/wp\/v2\/types\/product"}],"wp:featuredmedia":[{"embeddable":true,"href":"https:\/\/richter.ceo\/coxs\/wp-json\/wp\/v2\/media\/934"}],"wp:attachment":[{"href":"https:\/\/richter.ceo\/coxs\/wp-json\/wp\/v2\/media?parent=975"}],"wp:term":[{"taxonomy":"product_brand","embeddable":true,"href":"https:\/\/richter.ceo\/coxs\/wp-json\/wp\/v2\/product_brand?post=975"},{"taxonomy":"product_cat","embeddable":true,"href":"https:\/\/richter.ceo\/coxs\/wp-json\/wp\/v2\/product_cat?post=975"},{"taxonomy":"product_tag","embeddable":true,"href":"https:\/\/richter.ceo\/coxs\/wp-json\/wp\/v2\/product_tag?post=975"}],"curies":[{"name":"wp","href":"https:\/\/api.w.org\/{rel}","templated":true}]}}