{"id":976,"date":"2025-05-12T17:15:31","date_gmt":"2025-05-12T15:15:31","guid":{"rendered":"https:\/\/richter.ceo\/coxsclub\/?post_type=product&#038;p=976"},"modified":"2025-05-12T17:15:32","modified_gmt":"2025-05-12T15:15:32","slug":"fassbind-vieil-abricot-starena-merunka","status":"publish","type":"product","link":"https:\/\/richter.ceo\/coxs\/produkt\/fassbind-vieil-abricot-starena-merunka\/","title":{"rendered":"Fassbind Vieil Abricot &#8211; Sta\u0159en\u00e1 Meru\u0148ka"},"content":{"rendered":"<div class=\"elementor-column elementor-col-50 elementor-inner-column elementor-element elementor-element-df5ea97\" data-id=\"df5ea97\" data-element_type=\"column\">\n<div class=\"elementor-widget-wrap elementor-element-populated\">\n<div class=\"elementor-element elementor-element-5f45f876 elementor-widget elementor-widget-woocommerce-product-short-description\" data-id=\"5f45f876\" data-element_type=\"widget\" data-widget_type=\"woocommerce-product-short-description.default\">\n<div class=\"elementor-widget-container\">\n<div class=\"woocommerce-product-details__short-description\">\n<p>U\u0161lechtil\u00e9 \u0161v\u00fdcarsk\u00e9 destil\u00e1ty Fassbind jsou po desetilet\u00ed pov\u011bstn\u00e9 svou vysokou kvalitou. Vyzna\u010duj\u00ed se \u010distotou a plnou chut\u00ed. Tato p\u00e1lenka se vyr\u00e1b\u00ed ze zral\u00fdch merun\u011bk star\u00e9 kr\u00e1lovsk\u00e9 odr\u016fdy Luizet. Vysoce kvalitn\u00ed meru\u0148ky s intenzivn\u00ed v\u016fn\u00ed jsou odborn\u011b destilov\u00e1ny a v\u00fdsledn\u00e1 \u201eeau-de-vie\u201c je na jeden rok ulo\u017eena do dubov\u00fdch sud\u016f ke zr\u00e1n\u00ed. Destil\u00e1t je n\u00e1sledn\u011b je\u0161t\u011b zjemn\u011bn p\u0159id\u00e1n\u00edm p\u0159\u00edrodn\u00edho v\u00fdta\u017eku ze su\u0161en\u00fdch merun\u011bk. Vieil Abricot je mimo\u0159\u00e1dn\u011b cen\u011bna pro svou chu\u0165, ve kter\u00e9 se snoub\u00ed zral\u00e9 meru\u0148ky s jemn\u00fdm n\u00e1dechem mandl\u00ed.<\/p>\n<\/div>\n<\/div>\n<\/div>\n<\/div>\n<\/div>\n","protected":false},"excerpt":{"rendered":"<p>U\u0161lechtil\u00e9 \u0161v\u00fdcarsk\u00e9 destil\u00e1ty Fassbind jsou po desetilet\u00ed pov\u011bstn\u00e9 svou vysokou kvalitou. Vyzna\u010duj\u00ed se \u010distotou a plnou chut\u00ed. Tato p\u00e1lenka se vyr\u00e1b\u00ed ze zral\u00fdch merun\u011bk star\u00e9 kr\u00e1lovsk\u00e9 odr\u016fdy Luizet. Vysoce kvalitn\u00ed meru\u0148ky s intenzivn\u00ed v\u016fn\u00ed jsou odborn\u011b destilov\u00e1ny a v\u00fdsledn\u00e1 \u201eeau-de-vie\u201c je na jeden rok ulo\u017eena do dubov\u00fdch sud\u016f ke zr\u00e1n\u00ed. Destil\u00e1t je n\u00e1sledn\u011b je\u0161t\u011b zjemn\u011bn [&hellip;]<\/p>\n","protected":false},"featured_media":935,"template":"","meta":{"_acf_changed":false},"product_brand":[92],"product_cat":[95],"product_tag":[],"class_list":{"0":"post-976","1":"product","2":"type-product","3":"status-publish","4":"has-post-thumbnail","6":"product_brand-fassbind","7":"product_cat-ovocny-destilat","8":"pa_cena-za-004-l","9":"pa_obsah-alkoholu-21","10":"pa_zeme-svycarsko","12":"first","13":"instock","14":"shipping-taxable","15":"purchasable","16":"product-type-simple"},"acf":[],"yoast_head":"<!-- This site is optimized with the Yoast SEO plugin v27.5 - https:\/\/yoast.com\/product\/yoast-seo-wordpress\/ -->\n<title>Fassbind Vieil Abricot - Sta\u0159en\u00e1 Meru\u0148ka<\/title>\n<meta name=\"description\" content=\"U\u0161lechtil\u00e9 \u0161v\u00fdcarsk\u00e9 destil\u00e1ty Fassbind jsou po desetilet\u00ed pov\u011bstn\u00e9 svou vysokou kvalitou. Vyzna\u010duj\u00ed se \u010distotou a plnou chut\u00ed. Tato p\u00e1lenka se vyr\u00e1b\u00ed ze\" \/>\n<meta name=\"robots\" content=\"index, follow, max-snippet:-1, max-image-preview:large, max-video-preview:-1\" \/>\n<link rel=\"canonical\" href=\"https:\/\/richter.ceo\/coxs\/produkt\/fassbind-vieil-abricot-starena-merunka\/\" \/>\n<meta property=\"og:locale\" content=\"cs_CZ\" \/>\n<meta property=\"og:type\" content=\"article\" \/>\n<meta property=\"og:title\" content=\"Fassbind Vieil Abricot - Sta\u0159en\u00e1 Meru\u0148ka\" \/>\n<meta property=\"og:description\" content=\"U\u0161lechtil\u00e9 \u0161v\u00fdcarsk\u00e9 destil\u00e1ty Fassbind jsou po desetilet\u00ed pov\u011bstn\u00e9 svou vysokou kvalitou. Vyzna\u010duj\u00ed se \u010distotou a plnou chut\u00ed. Tato p\u00e1lenka se vyr\u00e1b\u00ed ze\" \/>\n<meta property=\"og:url\" content=\"https:\/\/richter.ceo\/coxs\/produkt\/fassbind-vieil-abricot-starena-merunka\/\" \/>\n<meta property=\"og:site_name\" content=\"COXS CLUB\" \/>\n<meta property=\"article:publisher\" content=\"https:\/\/www.facebook.com\/profile.php?id=100088204002615\" \/>\n<meta property=\"article:modified_time\" content=\"2025-05-12T15:15:32+00:00\" \/>\n<meta property=\"og:image\" content=\"https:\/\/richter.ceo\/coxs\/wp-content\/uploads\/sites\/4\/2025\/05\/2967_fassbind_vieil_abricot.jpg\" \/>\n\t<meta property=\"og:image:width\" content=\"600\" \/>\n\t<meta property=\"og:image:height\" content=\"711\" \/>\n\t<meta property=\"og:image:type\" content=\"image\/jpeg\" \/>\n<meta name=\"twitter:card\" content=\"summary_large_image\" \/>\n<meta name=\"twitter:label1\" content=\"Odhadovan\u00e1 doba \u010dten\u00ed\" \/>\n\t<meta name=\"twitter:data1\" content=\"1 minuta\" \/>\n<script type=\"application\/ld+json\" class=\"yoast-schema-graph\">{\"@context\":\"https:\\\/\\\/schema.org\",\"@graph\":[{\"@type\":\"WebPage\",\"@id\":\"https:\\\/\\\/richter.ceo\\\/coxs\\\/produkt\\\/fassbind-vieil-abricot-starena-merunka\\\/\",\"url\":\"https:\\\/\\\/richter.ceo\\\/coxs\\\/produkt\\\/fassbind-vieil-abricot-starena-merunka\\\/\",\"name\":\"Fassbind Vieil Abricot - Sta\u0159en\u00e1 Meru\u0148ka\",\"isPartOf\":{\"@id\":\"https:\\\/\\\/richter.ceo\\\/coxs\\\/en\\\/#website\"},\"primaryImageOfPage\":{\"@id\":\"https:\\\/\\\/richter.ceo\\\/coxs\\\/produkt\\\/fassbind-vieil-abricot-starena-merunka\\\/#primaryimage\"},\"image\":{\"@id\":\"https:\\\/\\\/richter.ceo\\\/coxs\\\/produkt\\\/fassbind-vieil-abricot-starena-merunka\\\/#primaryimage\"},\"thumbnailUrl\":\"https:\\\/\\\/richter.ceo\\\/coxs\\\/wp-content\\\/uploads\\\/sites\\\/4\\\/2025\\\/05\\\/2967_fassbind_vieil_abricot.jpg\",\"datePublished\":\"2025-05-12T15:15:31+00:00\",\"dateModified\":\"2025-05-12T15:15:32+00:00\",\"description\":\"U\u0161lechtil\u00e9 \u0161v\u00fdcarsk\u00e9 destil\u00e1ty Fassbind jsou po desetilet\u00ed pov\u011bstn\u00e9 svou vysokou kvalitou. Vyzna\u010duj\u00ed se \u010distotou a plnou chut\u00ed. Tato p\u00e1lenka se vyr\u00e1b\u00ed ze\",\"breadcrumb\":{\"@id\":\"https:\\\/\\\/richter.ceo\\\/coxs\\\/produkt\\\/fassbind-vieil-abricot-starena-merunka\\\/#breadcrumb\"},\"inLanguage\":\"cs\",\"potentialAction\":[{\"@type\":\"ReadAction\",\"target\":[\"https:\\\/\\\/richter.ceo\\\/coxs\\\/produkt\\\/fassbind-vieil-abricot-starena-merunka\\\/\"]}]},{\"@type\":\"ImageObject\",\"inLanguage\":\"cs\",\"@id\":\"https:\\\/\\\/richter.ceo\\\/coxs\\\/produkt\\\/fassbind-vieil-abricot-starena-merunka\\\/#primaryimage\",\"url\":\"https:\\\/\\\/richter.ceo\\\/coxs\\\/wp-content\\\/uploads\\\/sites\\\/4\\\/2025\\\/05\\\/2967_fassbind_vieil_abricot.jpg\",\"contentUrl\":\"https:\\\/\\\/richter.ceo\\\/coxs\\\/wp-content\\\/uploads\\\/sites\\\/4\\\/2025\\\/05\\\/2967_fassbind_vieil_abricot.jpg\",\"width\":600,\"height\":711,\"caption\":\"COXS CLUB\"},{\"@type\":\"BreadcrumbList\",\"@id\":\"https:\\\/\\\/richter.ceo\\\/coxs\\\/produkt\\\/fassbind-vieil-abricot-starena-merunka\\\/#breadcrumb\",\"itemListElement\":[{\"@type\":\"ListItem\",\"position\":1,\"name\":\"Dom\u016f\",\"item\":\"https:\\\/\\\/richter.ceo\\\/coxs\\\/\"},{\"@type\":\"ListItem\",\"position\":2,\"name\":\"N\u00c1POJE\",\"item\":\"https:\\\/\\\/richter.ceo\\\/coxs\\\/en\\\/napoje\\\/\"},{\"@type\":\"ListItem\",\"position\":3,\"name\":\"Fassbind Vieil Abricot &#8211; Sta\u0159en\u00e1 Meru\u0148ka\"}]},{\"@type\":\"WebSite\",\"@id\":\"https:\\\/\\\/richter.ceo\\\/coxs\\\/en\\\/#website\",\"url\":\"https:\\\/\\\/richter.ceo\\\/coxs\\\/en\\\/\",\"name\":\"COXS CLUB\",\"description\":\"Beton a Rum\",\"publisher\":{\"@id\":\"https:\\\/\\\/richter.ceo\\\/coxs\\\/en\\\/#organization\"},\"potentialAction\":[{\"@type\":\"SearchAction\",\"target\":{\"@type\":\"EntryPoint\",\"urlTemplate\":\"https:\\\/\\\/richter.ceo\\\/coxs\\\/en\\\/?s={search_term_string}\"},\"query-input\":{\"@type\":\"PropertyValueSpecification\",\"valueRequired\":true,\"valueName\":\"search_term_string\"}}],\"inLanguage\":\"cs\"},{\"@type\":\"Organization\",\"@id\":\"https:\\\/\\\/richter.ceo\\\/coxs\\\/en\\\/#organization\",\"name\":\"COXS CLUB\",\"url\":\"https:\\\/\\\/richter.ceo\\\/coxs\\\/en\\\/\",\"logo\":{\"@type\":\"ImageObject\",\"inLanguage\":\"cs\",\"@id\":\"https:\\\/\\\/richter.ceo\\\/coxs\\\/en\\\/#\\\/schema\\\/logo\\\/image\\\/\",\"url\":\"http:\\\/\\\/richter.ceo\\\/coxs\\\/wp-content\\\/uploads\\\/sites\\\/4\\\/2025\\\/05\\\/FAVICON-dark.webp\",\"contentUrl\":\"http:\\\/\\\/richter.ceo\\\/coxs\\\/wp-content\\\/uploads\\\/sites\\\/4\\\/2025\\\/05\\\/FAVICON-dark.webp\",\"width\":512,\"height\":512,\"caption\":\"COXS CLUB\"},\"image\":{\"@id\":\"https:\\\/\\\/richter.ceo\\\/coxs\\\/en\\\/#\\\/schema\\\/logo\\\/image\\\/\"},\"sameAs\":[\"https:\\\/\\\/www.facebook.com\\\/profile.php?id=100088204002615\",\"https:\\\/\\\/www.instagram.com\\\/coxs_coxs\\\/\"]}]}<\/script>\n<!-- \/ Yoast SEO plugin. -->","yoast_head_json":{"title":"Fassbind Vieil Abricot - Sta\u0159en\u00e1 Meru\u0148ka","description":"U\u0161lechtil\u00e9 \u0161v\u00fdcarsk\u00e9 destil\u00e1ty Fassbind jsou po desetilet\u00ed pov\u011bstn\u00e9 svou vysokou kvalitou. Vyzna\u010duj\u00ed se \u010distotou a plnou chut\u00ed. Tato p\u00e1lenka se vyr\u00e1b\u00ed ze","robots":{"index":"index","follow":"follow","max-snippet":"max-snippet:-1","max-image-preview":"max-image-preview:large","max-video-preview":"max-video-preview:-1"},"canonical":"https:\/\/richter.ceo\/coxs\/produkt\/fassbind-vieil-abricot-starena-merunka\/","og_locale":"cs_CZ","og_type":"article","og_title":"Fassbind Vieil Abricot - Sta\u0159en\u00e1 Meru\u0148ka","og_description":"U\u0161lechtil\u00e9 \u0161v\u00fdcarsk\u00e9 destil\u00e1ty Fassbind jsou po desetilet\u00ed pov\u011bstn\u00e9 svou vysokou kvalitou. Vyzna\u010duj\u00ed se \u010distotou a plnou chut\u00ed. Tato p\u00e1lenka se vyr\u00e1b\u00ed ze","og_url":"https:\/\/richter.ceo\/coxs\/produkt\/fassbind-vieil-abricot-starena-merunka\/","og_site_name":"COXS CLUB","article_publisher":"https:\/\/www.facebook.com\/profile.php?id=100088204002615","article_modified_time":"2025-05-12T15:15:32+00:00","og_image":[{"width":600,"height":711,"url":"https:\/\/richter.ceo\/coxs\/wp-content\/uploads\/sites\/4\/2025\/05\/2967_fassbind_vieil_abricot.jpg","type":"image\/jpeg"}],"twitter_card":"summary_large_image","twitter_misc":{"Odhadovan\u00e1 doba \u010dten\u00ed":"1 minuta"},"schema":{"@context":"https:\/\/schema.org","@graph":[{"@type":"WebPage","@id":"https:\/\/richter.ceo\/coxs\/produkt\/fassbind-vieil-abricot-starena-merunka\/","url":"https:\/\/richter.ceo\/coxs\/produkt\/fassbind-vieil-abricot-starena-merunka\/","name":"Fassbind Vieil Abricot - Sta\u0159en\u00e1 Meru\u0148ka","isPartOf":{"@id":"https:\/\/richter.ceo\/coxs\/en\/#website"},"primaryImageOfPage":{"@id":"https:\/\/richter.ceo\/coxs\/produkt\/fassbind-vieil-abricot-starena-merunka\/#primaryimage"},"image":{"@id":"https:\/\/richter.ceo\/coxs\/produkt\/fassbind-vieil-abricot-starena-merunka\/#primaryimage"},"thumbnailUrl":"https:\/\/richter.ceo\/coxs\/wp-content\/uploads\/sites\/4\/2025\/05\/2967_fassbind_vieil_abricot.jpg","datePublished":"2025-05-12T15:15:31+00:00","dateModified":"2025-05-12T15:15:32+00:00","description":"U\u0161lechtil\u00e9 \u0161v\u00fdcarsk\u00e9 destil\u00e1ty Fassbind jsou po desetilet\u00ed pov\u011bstn\u00e9 svou vysokou kvalitou. Vyzna\u010duj\u00ed se \u010distotou a plnou chut\u00ed. Tato p\u00e1lenka se vyr\u00e1b\u00ed ze","breadcrumb":{"@id":"https:\/\/richter.ceo\/coxs\/produkt\/fassbind-vieil-abricot-starena-merunka\/#breadcrumb"},"inLanguage":"cs","potentialAction":[{"@type":"ReadAction","target":["https:\/\/richter.ceo\/coxs\/produkt\/fassbind-vieil-abricot-starena-merunka\/"]}]},{"@type":"ImageObject","inLanguage":"cs","@id":"https:\/\/richter.ceo\/coxs\/produkt\/fassbind-vieil-abricot-starena-merunka\/#primaryimage","url":"https:\/\/richter.ceo\/coxs\/wp-content\/uploads\/sites\/4\/2025\/05\/2967_fassbind_vieil_abricot.jpg","contentUrl":"https:\/\/richter.ceo\/coxs\/wp-content\/uploads\/sites\/4\/2025\/05\/2967_fassbind_vieil_abricot.jpg","width":600,"height":711,"caption":"COXS CLUB"},{"@type":"BreadcrumbList","@id":"https:\/\/richter.ceo\/coxs\/produkt\/fassbind-vieil-abricot-starena-merunka\/#breadcrumb","itemListElement":[{"@type":"ListItem","position":1,"name":"Dom\u016f","item":"https:\/\/richter.ceo\/coxs\/"},{"@type":"ListItem","position":2,"name":"N\u00c1POJE","item":"https:\/\/richter.ceo\/coxs\/en\/napoje\/"},{"@type":"ListItem","position":3,"name":"Fassbind Vieil Abricot &#8211; Sta\u0159en\u00e1 Meru\u0148ka"}]},{"@type":"WebSite","@id":"https:\/\/richter.ceo\/coxs\/en\/#website","url":"https:\/\/richter.ceo\/coxs\/en\/","name":"COXS CLUB","description":"Beton a Rum","publisher":{"@id":"https:\/\/richter.ceo\/coxs\/en\/#organization"},"potentialAction":[{"@type":"SearchAction","target":{"@type":"EntryPoint","urlTemplate":"https:\/\/richter.ceo\/coxs\/en\/?s={search_term_string}"},"query-input":{"@type":"PropertyValueSpecification","valueRequired":true,"valueName":"search_term_string"}}],"inLanguage":"cs"},{"@type":"Organization","@id":"https:\/\/richter.ceo\/coxs\/en\/#organization","name":"COXS CLUB","url":"https:\/\/richter.ceo\/coxs\/en\/","logo":{"@type":"ImageObject","inLanguage":"cs","@id":"https:\/\/richter.ceo\/coxs\/en\/#\/schema\/logo\/image\/","url":"http:\/\/richter.ceo\/coxs\/wp-content\/uploads\/sites\/4\/2025\/05\/FAVICON-dark.webp","contentUrl":"http:\/\/richter.ceo\/coxs\/wp-content\/uploads\/sites\/4\/2025\/05\/FAVICON-dark.webp","width":512,"height":512,"caption":"COXS CLUB"},"image":{"@id":"https:\/\/richter.ceo\/coxs\/en\/#\/schema\/logo\/image\/"},"sameAs":["https:\/\/www.facebook.com\/profile.php?id=100088204002615","https:\/\/www.instagram.com\/coxs_coxs\/"]}]}},"_links":{"self":[{"href":"https:\/\/richter.ceo\/coxs\/wp-json\/wp\/v2\/product\/976","targetHints":{"allow":["GET"]}}],"collection":[{"href":"https:\/\/richter.ceo\/coxs\/wp-json\/wp\/v2\/product"}],"about":[{"href":"https:\/\/richter.ceo\/coxs\/wp-json\/wp\/v2\/types\/product"}],"wp:featuredmedia":[{"embeddable":true,"href":"https:\/\/richter.ceo\/coxs\/wp-json\/wp\/v2\/media\/935"}],"wp:attachment":[{"href":"https:\/\/richter.ceo\/coxs\/wp-json\/wp\/v2\/media?parent=976"}],"wp:term":[{"taxonomy":"product_brand","embeddable":true,"href":"https:\/\/richter.ceo\/coxs\/wp-json\/wp\/v2\/product_brand?post=976"},{"taxonomy":"product_cat","embeddable":true,"href":"https:\/\/richter.ceo\/coxs\/wp-json\/wp\/v2\/product_cat?post=976"},{"taxonomy":"product_tag","embeddable":true,"href":"https:\/\/richter.ceo\/coxs\/wp-json\/wp\/v2\/product_tag?post=976"}],"curies":[{"name":"wp","href":"https:\/\/api.w.org\/{rel}","templated":true}]}}