{"id":978,"date":"2025-05-12T17:25:53","date_gmt":"2025-05-12T15:25:53","guid":{"rendered":"https:\/\/richter.ceo\/coxsclub\/?post_type=product&#038;p=978"},"modified":"2025-05-12T17:32:39","modified_gmt":"2025-05-12T15:32:39","slug":"moet-chandon-brut","status":"publish","type":"product","link":"https:\/\/richter.ceo\/coxs\/produkt\/moet-chandon-brut\/","title":{"rendered":"Mo\u00ebt &#038; Chandon Brut"},"content":{"rendered":"<p>45% Pinot Noir<\/p>\n<p>35% Pinot Meunier<\/p>\n<p>20% Chardonnay<\/p>\n<p>&nbsp;<\/p>\n<p>Delik\u00e1tn\u00ed zlatavou barvu v\u00edna kr\u00e1\u0161l\u00ed nazelenal\u00e9 odst\u00edny, lesk je vysok\u00fd a perlen\u00ed je pravideln\u00e9. Perli\u010dky CO2 jsou drobn\u00e9. V\u016fn\u011b je \u010dist\u00e1, intenzivn\u00ed, komponovan\u00e1 z t\u00f3n\u016f b\u00edl\u00fdch kv\u011bt\u016f, zelen\u00e9ho jablka a vla\u0161sk\u00fdch o\u0159ech\u016f, doprov\u00e1zen\u00e9 notou \u010derstv\u00e9ho m\u00e1sla. Chu\u0165 v\u00edna je st\u0159edn\u011b komplexn\u00ed, slastn\u00e1, vl\u00e1\u010dn\u00e1 a \u00fastn\u00ed aroma charakterizuj\u00ed noty vyzr\u00e1l\u00e9ho hroznu, sv\u011btl\u00e9ho peckovit\u00e9ho ovoce a citrusov\u00fdch plod\u016f.<\/p>\n<p>&nbsp;<\/p>\n<p>Mo\u00ebt et Chandon je nejv\u011bt\u0161\u00ed d\u016fm \u0161ampa\u0148sk\u00e9ho v\u00edna vyr\u00e1b\u011bj\u00edc\u00ed a obchoduj\u00edc\u00ed s v\u00edce jak 30 miliony lahv\u00ed sv\u00fdch jednotliv\u00fdch cuv\u00e9es ro\u010dn\u011b. Spole\u010dnost zalo\u017eil v roce 1743 Claude Mo\u00ebt a jeho v\u00edno se stalo nejv\u00edce konzumovan\u00fdm \u0161ampa\u0148sk\u00fdm v\u00ednem na sv\u011bt\u011b. Z celkov\u00e9 ro\u010dn\u00ed produkce zna\u010dky p\u0159edstavuje cuv\u00e9e Imp\u00e9rial Brut 85%. Stalo se nejen slavn\u00fdm, ale, nap\u0159\u00edklad inspirovalo Roberta Wagnera, kdy\u017e v\u00edno ochutnal, k naps\u00e1n\u00ed slavn\u00e9 opery Tristan a Isolda.<\/p>\n<p>&nbsp;<\/p>\n<div class=\"elementor-column elementor-col-50 elementor-inner-column elementor-element elementor-element-df5ea97\" data-id=\"df5ea97\" data-element_type=\"column\">\n<div class=\"elementor-widget-wrap elementor-element-populated\">\n<div class=\"elementor-element elementor-element-5f45f876 elementor-widget elementor-widget-woocommerce-product-short-description\" data-id=\"5f45f876\" data-element_type=\"widget\" data-widget_type=\"woocommerce-product-short-description.default\">\n<div class=\"elementor-widget-container\">\n<div class=\"woocommerce-product-details__short-description\">\n<p>V roce 1833 vnuk zakladatele, Jean R\u00e9my Mo\u00ebt, uvedl do p\u0159edsednictva spr\u00e1vn\u00ed rady spole\u010dnosti sv\u00e9ho zet\u011b, Pierra Gabriela Chandona a od t\u00e9 doby nese slavn\u00e9 \u0161ampa\u0148sk\u00e9 v\u00edno n\u00e1zev Mo\u00ebt et Chandon.<\/p>\n<\/div>\n<\/div>\n<\/div>\n<\/div>\n<\/div>\n","protected":false},"excerpt":{"rendered":"<p>45% Pinot Noir 35% Pinot Meunier 20% Chardonnay &nbsp; Delik\u00e1tn\u00ed zlatavou barvu v\u00edna kr\u00e1\u0161l\u00ed nazelenal\u00e9 odst\u00edny, lesk je vysok\u00fd a perlen\u00ed je pravideln\u00e9. Perli\u010dky CO2 jsou drobn\u00e9. V\u016fn\u011b je \u010dist\u00e1, intenzivn\u00ed, komponovan\u00e1 z t\u00f3n\u016f b\u00edl\u00fdch kv\u011bt\u016f, zelen\u00e9ho jablka a vla\u0161sk\u00fdch o\u0159ech\u016f, doprov\u00e1zen\u00e9 notou \u010derstv\u00e9ho m\u00e1sla. Chu\u0165 v\u00edna je st\u0159edn\u011b komplexn\u00ed, slastn\u00e1, vl\u00e1\u010dn\u00e1 a \u00fastn\u00ed aroma [&hellip;]<\/p>\n","protected":false},"featured_media":945,"template":"","meta":{"_acf_changed":false},"product_brand":[99],"product_cat":[104],"product_tag":[],"class_list":{"0":"post-978","1":"product","2":"type-product","3":"status-publish","4":"has-post-thumbnail","6":"product_brand-moet-chandon","7":"product_cat-sekt","8":"pa_cena-za-07-l","9":"pa_obsah-alkoholu-98","10":"pa_zeme-francie","12":"first","13":"instock","14":"shipping-taxable","15":"purchasable","16":"product-type-simple"},"acf":[],"yoast_head":"<!-- This site is optimized with the Yoast SEO plugin v27.5 - https:\/\/yoast.com\/product\/yoast-seo-wordpress\/ -->\n<title>Mo\u00ebt &amp; Chandon Brut<\/title>\n<meta name=\"description\" content=\"45% Pinot Noir 35% Pinot Meunier 20% Chardonnay &nbsp; Delik\u00e1tn\u00ed zlatavou barvu v\u00edna kr\u00e1\u0161l\u00ed nazelenal\u00e9 odst\u00edny, lesk je vysok\u00fd a perlen\u00ed je pravideln\u00e9.\" \/>\n<meta name=\"robots\" content=\"index, follow, max-snippet:-1, max-image-preview:large, max-video-preview:-1\" \/>\n<link rel=\"canonical\" href=\"https:\/\/richter.ceo\/coxs\/produkt\/moet-chandon-brut\/\" \/>\n<meta property=\"og:locale\" content=\"cs_CZ\" \/>\n<meta property=\"og:type\" content=\"article\" \/>\n<meta property=\"og:title\" content=\"Mo\u00ebt &amp; Chandon Brut\" \/>\n<meta property=\"og:description\" content=\"45% Pinot Noir 35% Pinot Meunier 20% Chardonnay &nbsp; Delik\u00e1tn\u00ed zlatavou barvu v\u00edna kr\u00e1\u0161l\u00ed nazelenal\u00e9 odst\u00edny, lesk je vysok\u00fd a perlen\u00ed je pravideln\u00e9.\" \/>\n<meta property=\"og:url\" content=\"https:\/\/richter.ceo\/coxs\/produkt\/moet-chandon-brut\/\" \/>\n<meta property=\"og:site_name\" content=\"COXS CLUB\" \/>\n<meta property=\"article:publisher\" content=\"https:\/\/www.facebook.com\/profile.php?id=100088204002615\" \/>\n<meta property=\"article:modified_time\" content=\"2025-05-12T15:32:39+00:00\" \/>\n<meta property=\"og:image\" content=\"https:\/\/richter.ceo\/coxs\/wp-content\/uploads\/sites\/4\/2025\/05\/moet-864x1024-1.jpg\" \/>\n\t<meta property=\"og:image:width\" content=\"864\" \/>\n\t<meta property=\"og:image:height\" content=\"1024\" \/>\n\t<meta property=\"og:image:type\" content=\"image\/jpeg\" \/>\n<meta name=\"twitter:card\" content=\"summary_large_image\" \/>\n<meta name=\"twitter:label1\" content=\"Odhadovan\u00e1 doba \u010dten\u00ed\" \/>\n\t<meta name=\"twitter:data1\" content=\"1 minuta\" \/>\n<script type=\"application\/ld+json\" class=\"yoast-schema-graph\">{\"@context\":\"https:\\\/\\\/schema.org\",\"@graph\":[{\"@type\":\"WebPage\",\"@id\":\"https:\\\/\\\/richter.ceo\\\/coxs\\\/produkt\\\/moet-chandon-brut\\\/\",\"url\":\"https:\\\/\\\/richter.ceo\\\/coxs\\\/produkt\\\/moet-chandon-brut\\\/\",\"name\":\"Mo\u00ebt & Chandon Brut\",\"isPartOf\":{\"@id\":\"https:\\\/\\\/richter.ceo\\\/coxs\\\/en\\\/#website\"},\"primaryImageOfPage\":{\"@id\":\"https:\\\/\\\/richter.ceo\\\/coxs\\\/produkt\\\/moet-chandon-brut\\\/#primaryimage\"},\"image\":{\"@id\":\"https:\\\/\\\/richter.ceo\\\/coxs\\\/produkt\\\/moet-chandon-brut\\\/#primaryimage\"},\"thumbnailUrl\":\"https:\\\/\\\/richter.ceo\\\/coxs\\\/wp-content\\\/uploads\\\/sites\\\/4\\\/2025\\\/05\\\/moet-864x1024-1.jpg\",\"datePublished\":\"2025-05-12T15:25:53+00:00\",\"dateModified\":\"2025-05-12T15:32:39+00:00\",\"description\":\"45% Pinot Noir 35% Pinot Meunier 20% Chardonnay &nbsp; Delik\u00e1tn\u00ed zlatavou barvu v\u00edna kr\u00e1\u0161l\u00ed nazelenal\u00e9 odst\u00edny, lesk je vysok\u00fd a perlen\u00ed je pravideln\u00e9.\",\"breadcrumb\":{\"@id\":\"https:\\\/\\\/richter.ceo\\\/coxs\\\/produkt\\\/moet-chandon-brut\\\/#breadcrumb\"},\"inLanguage\":\"cs\",\"potentialAction\":[{\"@type\":\"ReadAction\",\"target\":[\"https:\\\/\\\/richter.ceo\\\/coxs\\\/produkt\\\/moet-chandon-brut\\\/\"]}]},{\"@type\":\"ImageObject\",\"inLanguage\":\"cs\",\"@id\":\"https:\\\/\\\/richter.ceo\\\/coxs\\\/produkt\\\/moet-chandon-brut\\\/#primaryimage\",\"url\":\"https:\\\/\\\/richter.ceo\\\/coxs\\\/wp-content\\\/uploads\\\/sites\\\/4\\\/2025\\\/05\\\/moet-864x1024-1.jpg\",\"contentUrl\":\"https:\\\/\\\/richter.ceo\\\/coxs\\\/wp-content\\\/uploads\\\/sites\\\/4\\\/2025\\\/05\\\/moet-864x1024-1.jpg\",\"width\":864,\"height\":1024,\"caption\":\"COXS CLUB\"},{\"@type\":\"BreadcrumbList\",\"@id\":\"https:\\\/\\\/richter.ceo\\\/coxs\\\/produkt\\\/moet-chandon-brut\\\/#breadcrumb\",\"itemListElement\":[{\"@type\":\"ListItem\",\"position\":1,\"name\":\"Dom\u016f\",\"item\":\"https:\\\/\\\/richter.ceo\\\/coxs\\\/\"},{\"@type\":\"ListItem\",\"position\":2,\"name\":\"N\u00c1POJE\",\"item\":\"https:\\\/\\\/richter.ceo\\\/coxs\\\/en\\\/napoje\\\/\"},{\"@type\":\"ListItem\",\"position\":3,\"name\":\"Mo\u00ebt &#038; Chandon Brut\"}]},{\"@type\":\"WebSite\",\"@id\":\"https:\\\/\\\/richter.ceo\\\/coxs\\\/en\\\/#website\",\"url\":\"https:\\\/\\\/richter.ceo\\\/coxs\\\/en\\\/\",\"name\":\"COXS CLUB\",\"description\":\"Beton a Rum\",\"publisher\":{\"@id\":\"https:\\\/\\\/richter.ceo\\\/coxs\\\/en\\\/#organization\"},\"potentialAction\":[{\"@type\":\"SearchAction\",\"target\":{\"@type\":\"EntryPoint\",\"urlTemplate\":\"https:\\\/\\\/richter.ceo\\\/coxs\\\/en\\\/?s={search_term_string}\"},\"query-input\":{\"@type\":\"PropertyValueSpecification\",\"valueRequired\":true,\"valueName\":\"search_term_string\"}}],\"inLanguage\":\"cs\"},{\"@type\":\"Organization\",\"@id\":\"https:\\\/\\\/richter.ceo\\\/coxs\\\/en\\\/#organization\",\"name\":\"COXS CLUB\",\"url\":\"https:\\\/\\\/richter.ceo\\\/coxs\\\/en\\\/\",\"logo\":{\"@type\":\"ImageObject\",\"inLanguage\":\"cs\",\"@id\":\"https:\\\/\\\/richter.ceo\\\/coxs\\\/en\\\/#\\\/schema\\\/logo\\\/image\\\/\",\"url\":\"http:\\\/\\\/richter.ceo\\\/coxs\\\/wp-content\\\/uploads\\\/sites\\\/4\\\/2025\\\/05\\\/FAVICON-dark.webp\",\"contentUrl\":\"http:\\\/\\\/richter.ceo\\\/coxs\\\/wp-content\\\/uploads\\\/sites\\\/4\\\/2025\\\/05\\\/FAVICON-dark.webp\",\"width\":512,\"height\":512,\"caption\":\"COXS CLUB\"},\"image\":{\"@id\":\"https:\\\/\\\/richter.ceo\\\/coxs\\\/en\\\/#\\\/schema\\\/logo\\\/image\\\/\"},\"sameAs\":[\"https:\\\/\\\/www.facebook.com\\\/profile.php?id=100088204002615\",\"https:\\\/\\\/www.instagram.com\\\/coxs_coxs\\\/\"]}]}<\/script>\n<!-- \/ Yoast SEO plugin. -->","yoast_head_json":{"title":"Mo\u00ebt & Chandon Brut","description":"45% Pinot Noir 35% Pinot Meunier 20% Chardonnay &nbsp; Delik\u00e1tn\u00ed zlatavou barvu v\u00edna kr\u00e1\u0161l\u00ed nazelenal\u00e9 odst\u00edny, lesk je vysok\u00fd a perlen\u00ed je pravideln\u00e9.","robots":{"index":"index","follow":"follow","max-snippet":"max-snippet:-1","max-image-preview":"max-image-preview:large","max-video-preview":"max-video-preview:-1"},"canonical":"https:\/\/richter.ceo\/coxs\/produkt\/moet-chandon-brut\/","og_locale":"cs_CZ","og_type":"article","og_title":"Mo\u00ebt & Chandon Brut","og_description":"45% Pinot Noir 35% Pinot Meunier 20% Chardonnay &nbsp; Delik\u00e1tn\u00ed zlatavou barvu v\u00edna kr\u00e1\u0161l\u00ed nazelenal\u00e9 odst\u00edny, lesk je vysok\u00fd a perlen\u00ed je pravideln\u00e9.","og_url":"https:\/\/richter.ceo\/coxs\/produkt\/moet-chandon-brut\/","og_site_name":"COXS CLUB","article_publisher":"https:\/\/www.facebook.com\/profile.php?id=100088204002615","article_modified_time":"2025-05-12T15:32:39+00:00","og_image":[{"width":864,"height":1024,"url":"https:\/\/richter.ceo\/coxs\/wp-content\/uploads\/sites\/4\/2025\/05\/moet-864x1024-1.jpg","type":"image\/jpeg"}],"twitter_card":"summary_large_image","twitter_misc":{"Odhadovan\u00e1 doba \u010dten\u00ed":"1 minuta"},"schema":{"@context":"https:\/\/schema.org","@graph":[{"@type":"WebPage","@id":"https:\/\/richter.ceo\/coxs\/produkt\/moet-chandon-brut\/","url":"https:\/\/richter.ceo\/coxs\/produkt\/moet-chandon-brut\/","name":"Mo\u00ebt & Chandon Brut","isPartOf":{"@id":"https:\/\/richter.ceo\/coxs\/en\/#website"},"primaryImageOfPage":{"@id":"https:\/\/richter.ceo\/coxs\/produkt\/moet-chandon-brut\/#primaryimage"},"image":{"@id":"https:\/\/richter.ceo\/coxs\/produkt\/moet-chandon-brut\/#primaryimage"},"thumbnailUrl":"https:\/\/richter.ceo\/coxs\/wp-content\/uploads\/sites\/4\/2025\/05\/moet-864x1024-1.jpg","datePublished":"2025-05-12T15:25:53+00:00","dateModified":"2025-05-12T15:32:39+00:00","description":"45% Pinot Noir 35% Pinot Meunier 20% Chardonnay &nbsp; Delik\u00e1tn\u00ed zlatavou barvu v\u00edna kr\u00e1\u0161l\u00ed nazelenal\u00e9 odst\u00edny, lesk je vysok\u00fd a perlen\u00ed je pravideln\u00e9.","breadcrumb":{"@id":"https:\/\/richter.ceo\/coxs\/produkt\/moet-chandon-brut\/#breadcrumb"},"inLanguage":"cs","potentialAction":[{"@type":"ReadAction","target":["https:\/\/richter.ceo\/coxs\/produkt\/moet-chandon-brut\/"]}]},{"@type":"ImageObject","inLanguage":"cs","@id":"https:\/\/richter.ceo\/coxs\/produkt\/moet-chandon-brut\/#primaryimage","url":"https:\/\/richter.ceo\/coxs\/wp-content\/uploads\/sites\/4\/2025\/05\/moet-864x1024-1.jpg","contentUrl":"https:\/\/richter.ceo\/coxs\/wp-content\/uploads\/sites\/4\/2025\/05\/moet-864x1024-1.jpg","width":864,"height":1024,"caption":"COXS CLUB"},{"@type":"BreadcrumbList","@id":"https:\/\/richter.ceo\/coxs\/produkt\/moet-chandon-brut\/#breadcrumb","itemListElement":[{"@type":"ListItem","position":1,"name":"Dom\u016f","item":"https:\/\/richter.ceo\/coxs\/"},{"@type":"ListItem","position":2,"name":"N\u00c1POJE","item":"https:\/\/richter.ceo\/coxs\/en\/napoje\/"},{"@type":"ListItem","position":3,"name":"Mo\u00ebt &#038; Chandon Brut"}]},{"@type":"WebSite","@id":"https:\/\/richter.ceo\/coxs\/en\/#website","url":"https:\/\/richter.ceo\/coxs\/en\/","name":"COXS CLUB","description":"Beton a Rum","publisher":{"@id":"https:\/\/richter.ceo\/coxs\/en\/#organization"},"potentialAction":[{"@type":"SearchAction","target":{"@type":"EntryPoint","urlTemplate":"https:\/\/richter.ceo\/coxs\/en\/?s={search_term_string}"},"query-input":{"@type":"PropertyValueSpecification","valueRequired":true,"valueName":"search_term_string"}}],"inLanguage":"cs"},{"@type":"Organization","@id":"https:\/\/richter.ceo\/coxs\/en\/#organization","name":"COXS CLUB","url":"https:\/\/richter.ceo\/coxs\/en\/","logo":{"@type":"ImageObject","inLanguage":"cs","@id":"https:\/\/richter.ceo\/coxs\/en\/#\/schema\/logo\/image\/","url":"http:\/\/richter.ceo\/coxs\/wp-content\/uploads\/sites\/4\/2025\/05\/FAVICON-dark.webp","contentUrl":"http:\/\/richter.ceo\/coxs\/wp-content\/uploads\/sites\/4\/2025\/05\/FAVICON-dark.webp","width":512,"height":512,"caption":"COXS CLUB"},"image":{"@id":"https:\/\/richter.ceo\/coxs\/en\/#\/schema\/logo\/image\/"},"sameAs":["https:\/\/www.facebook.com\/profile.php?id=100088204002615","https:\/\/www.instagram.com\/coxs_coxs\/"]}]}},"_links":{"self":[{"href":"https:\/\/richter.ceo\/coxs\/wp-json\/wp\/v2\/product\/978","targetHints":{"allow":["GET"]}}],"collection":[{"href":"https:\/\/richter.ceo\/coxs\/wp-json\/wp\/v2\/product"}],"about":[{"href":"https:\/\/richter.ceo\/coxs\/wp-json\/wp\/v2\/types\/product"}],"wp:featuredmedia":[{"embeddable":true,"href":"https:\/\/richter.ceo\/coxs\/wp-json\/wp\/v2\/media\/945"}],"wp:attachment":[{"href":"https:\/\/richter.ceo\/coxs\/wp-json\/wp\/v2\/media?parent=978"}],"wp:term":[{"taxonomy":"product_brand","embeddable":true,"href":"https:\/\/richter.ceo\/coxs\/wp-json\/wp\/v2\/product_brand?post=978"},{"taxonomy":"product_cat","embeddable":true,"href":"https:\/\/richter.ceo\/coxs\/wp-json\/wp\/v2\/product_cat?post=978"},{"taxonomy":"product_tag","embeddable":true,"href":"https:\/\/richter.ceo\/coxs\/wp-json\/wp\/v2\/product_tag?post=978"}],"curies":[{"name":"wp","href":"https:\/\/api.w.org\/{rel}","templated":true}]}}