{"id":980,"date":"2025-05-12T17:35:50","date_gmt":"2025-05-12T15:35:50","guid":{"rendered":"https:\/\/richter.ceo\/coxsclub\/?post_type=product&#038;p=980"},"modified":"2025-05-12T17:37:14","modified_gmt":"2025-05-12T15:37:14","slug":"henri-giraud-dame-jane-rose","status":"publish","type":"product","link":"https:\/\/richter.ceo\/coxs\/produkt\/henri-giraud-dame-jane-rose\/","title":{"rendered":"Henri Giraud Dame-Jane Ros\u00e9"},"content":{"rendered":"<p>Po v\u00edce ne\u017e 30 letech ne\u00fanavn\u00e9 pr\u00e1ce, zdokonalov\u00e1n\u00ed znalost\u00ed o argonsk\u00e9m lese a p\u0159ehodnocen\u00ed z\u00e1kladn\u00edch princip\u016f, na kter\u00fdch stoj\u00ed v\u00fdroba \u0161ampa\u0148sk\u00e9ho v\u00edna, se d\u016fm Henri Giraud rozhodl j\u00edt, pod veden\u00edm Clauda Girauda, cestou revoluce a z\u00e1rove\u0148 tak z\u016fstat v\u011brn\u00fdm vlastn\u00ed filozofii. Claude Giraud tuto cestu v\u00fdsti\u017en\u011b pojmenoval \u201e0 % nerezov\u00e9 oceli\u201c. Argonsk\u00fd les se nach\u00e1z\u00ed na severu Francie v ji\u017en\u00edm podh\u016f\u0159\u00ed Arden. Jedn\u00e1 se o 80 000 hektar\u016f lesa, kter\u00fd roste na p\u016fd\u011b skl\u00e1daj\u00edc\u00ed se ze zelen\u00e9ho j\u00edlu a gaize, co\u017e je hornina bohat\u00e1 na k\u0159em\u00edk. Tento les byl v minulosti p\u0159irozenou sou\u010d\u00e1st\u00ed v\u00fdroby \u0161ampa\u0148sk\u00fdch v\u00edn, proto\u017ee se ze zdej\u0161\u00edch dub\u016f vyr\u00e1b\u011bly sudy, ve kter\u00fdch prob\u00edhala jejich vinifikace. A\u017e 80 % dub\u016f pot\u0159ebn\u00fdch k v\u00fdrob\u011b sud\u016f ke skladov\u00e1n\u00ed \u0161ampa\u0148sk\u00e9ho d\u0159\u00edve poch\u00e1zelo z tohoto lesa. N\u00e1sledn\u011b se za\u010daly pou\u017e\u00edvat betonov\u00e9 tanky, je\u0161t\u011b pozd\u011bji \u017eelezn\u00e9, plastov\u00e9 a nerezov\u00e9 tanky z inoxu. Situace do\u0161la tak daleko, \u017ee v\u00fdrobci \u0161ampa\u0148sk\u00e9ho na zdej\u0161\u00ed les prakticky zapomn\u011bli. Claude Giraud je nad\u0161en\u00fdm propag\u00e1torem n\u00e1vratu k tradi\u010dn\u00ed v\u00fdrob\u011b \u0161ampa\u0148sk\u00e9ho s vyu\u017eit\u00edm dubov\u00fdch sud\u016f, je\u017e maj\u00ed p\u016fvod v Argonsk\u00e9m lese. Z\u00e1rove\u0148 upozor\u0148uje na to, \u017ee je nutn\u00e9 o tento les, kter\u00fd je francouzsk\u00fdm n\u00e1rodn\u00edm d\u011bdictv\u00edm, pe\u010dovat. Za ka\u017edou lahev Cuv\u00e9e Argonne vysazuje v Argonsk\u00e9m lese dvoulet\u00e9 duby, o kter\u00e9 se potom p\u011bt let star\u00e1.<\/p>\n<p>&nbsp;<\/p>\n<p>Filozofie, kter\u00e1 \u0161ampa\u0148sk\u00fd d\u016fm prov\u00e1z\u00ed ji\u017e od jeho zalo\u017een\u00ed v roce 1625, \u0159\u00edk\u00e1: \u201eNenechme se svazovat omezen\u00edmi \u010di povinnostmi \u2013 d\u011blejme jednodu\u0161e dobr\u00e9 v\u00edno p\u0159irozenou cestou.\u201c P\u0159i\u010dem\u017e p\u0159irozenou cestou je zde my\u0161leno \u201ev souladu s p\u0159\u00edrodou\u201c. Od roku 1992 p\u0159ijal Claude Giraud za svou chartu \u201erozumn\u00e9ho p\u011bstov\u00e1n\u00ed\u201c, kter\u00e1 bere v potaz tak\u00e9 ochranu \u017eivotn\u00edho prost\u0159ed\u00ed bez pou\u017e\u00edv\u00e1n\u00ed insekticid\u016f.<\/p>\n<p>&nbsp;<\/p>\n<p>M\u00edsto p\u016fvodu: Francie, Champagne, A\u00ff Grand Cru<\/p>\n<p>Ozna\u010den\u00ed: Champagne<\/p>\n<p>Barva: r\u016f\u017eov\u00e1<\/p>\n<p>Odr\u016fda: 80 % Pinot noir \/ 20 % Chardonnay<\/p>\n<p>Vinice: 30 let star\u00e1 vinice<\/p>\n<p>P\u016fda: k\u0159\u00eddov\u00e9 podlo\u017e\u00ed<\/p>\n<p>Zr\u00e1n\u00ed: v p\u00edskovcov\u00fdch amfor\u00e1ch ve tvaru vejce<\/p>\n<p>Ro\u010dn\u00ed produkce: 20 000 l\u00e1hv\u00ed<\/p>\n<p>V\u016fn\u011b: sv\u011b\u017e\u00ed ovocn\u00e1 s t\u00f3ny malin, lesn\u00edch jahod, su\u0161enek a r\u016f\u017e\u00ed<\/p>\n<div class=\"elementor-column elementor-col-50 elementor-inner-column elementor-element elementor-element-df5ea97\" data-id=\"df5ea97\" data-element_type=\"column\">\n<div class=\"elementor-widget-wrap elementor-element-populated\">\n<div class=\"elementor-element elementor-element-5f45f876 elementor-widget elementor-widget-woocommerce-product-short-description\" data-id=\"5f45f876\" data-element_type=\"widget\" data-widget_type=\"woocommerce-product-short-description.default\">\n<div class=\"elementor-widget-container\">\n<div class=\"woocommerce-product-details__short-description\">\n<p>Chu\u0165: miner\u00e1ln\u00ed s n\u00e1znaky \u010derstv\u00fdch jahod, l\u00e9ko\u0159ice, broskv\u00ed, nektarinky a lahodn\u00fdmi kv\u011btinov\u00fdmi t\u00f3ny<\/p>\n<\/div>\n<\/div>\n<\/div>\n<\/div>\n<\/div>\n<p>&nbsp;<\/p>\n<p>&nbsp;<\/p>\n<p>&nbsp;<\/p>\n","protected":false},"excerpt":{"rendered":"<p>Po v\u00edce ne\u017e 30 letech ne\u00fanavn\u00e9 pr\u00e1ce, zdokonalov\u00e1n\u00ed znalost\u00ed o argonsk\u00e9m lese a p\u0159ehodnocen\u00ed z\u00e1kladn\u00edch princip\u016f, na kter\u00fdch stoj\u00ed v\u00fdroba \u0161ampa\u0148sk\u00e9ho v\u00edna, se d\u016fm Henri Giraud rozhodl j\u00edt, pod veden\u00edm Clauda Girauda, cestou revoluce a z\u00e1rove\u0148 tak z\u016fstat v\u011brn\u00fdm vlastn\u00ed filozofii. Claude Giraud tuto cestu v\u00fdsti\u017en\u011b pojmenoval \u201e0 % nerezov\u00e9 oceli\u201c. Argonsk\u00fd les se nach\u00e1z\u00ed [&hellip;]<\/p>\n","protected":false},"featured_media":926,"template":"","meta":{"_acf_changed":false},"product_brand":[106],"product_cat":[104],"product_tag":[],"class_list":{"0":"post-980","1":"product","2":"type-product","3":"status-publish","4":"has-post-thumbnail","6":"product_brand-henri-giraud","7":"product_cat-sekt","8":"pa_cena-za-07-l","9":"pa_obsah-alkoholu-105","10":"pa_zeme-francie","12":"first","13":"instock","14":"shipping-taxable","15":"purchasable","16":"product-type-simple"},"acf":[],"yoast_head":"<!-- This site is optimized with the Yoast SEO plugin v27.5 - https:\/\/yoast.com\/product\/yoast-seo-wordpress\/ -->\n<title>Henri Giraud Dame-Jane Ros\u00e9<\/title>\n<meta name=\"description\" content=\"Po v\u00edce ne\u017e 30 letech ne\u00fanavn\u00e9 pr\u00e1ce, zdokonalov\u00e1n\u00ed znalost\u00ed o argonsk\u00e9m lese a p\u0159ehodnocen\u00ed z\u00e1kladn\u00edch princip\u016f, na kter\u00fdch stoj\u00ed v\u00fdroba \u0161ampa\u0148sk\u00e9ho\" \/>\n<meta name=\"robots\" content=\"index, follow, max-snippet:-1, max-image-preview:large, max-video-preview:-1\" \/>\n<link rel=\"canonical\" href=\"https:\/\/richter.ceo\/coxs\/produkt\/henri-giraud-dame-jane-rose\/\" \/>\n<meta property=\"og:locale\" content=\"cs_CZ\" \/>\n<meta property=\"og:type\" content=\"article\" \/>\n<meta property=\"og:title\" content=\"Henri Giraud Dame-Jane Ros\u00e9\" \/>\n<meta property=\"og:description\" content=\"Po v\u00edce ne\u017e 30 letech ne\u00fanavn\u00e9 pr\u00e1ce, zdokonalov\u00e1n\u00ed znalost\u00ed o argonsk\u00e9m lese a p\u0159ehodnocen\u00ed z\u00e1kladn\u00edch princip\u016f, na kter\u00fdch stoj\u00ed v\u00fdroba \u0161ampa\u0148sk\u00e9ho\" \/>\n<meta property=\"og:url\" content=\"https:\/\/richter.ceo\/coxs\/produkt\/henri-giraud-dame-jane-rose\/\" \/>\n<meta property=\"og:site_name\" content=\"COXS CLUB\" \/>\n<meta property=\"article:publisher\" content=\"https:\/\/www.facebook.com\/profile.php?id=100088204002615\" \/>\n<meta property=\"article:modified_time\" content=\"2025-05-12T15:37:14+00:00\" \/>\n<meta property=\"og:image\" content=\"https:\/\/richter.ceo\/coxs\/wp-content\/uploads\/sites\/4\/2025\/05\/1934_henri_giraud_dame-jane_rose_res.jpg\" \/>\n\t<meta property=\"og:image:width\" content=\"600\" \/>\n\t<meta property=\"og:image:height\" content=\"711\" \/>\n\t<meta property=\"og:image:type\" content=\"image\/jpeg\" \/>\n<meta name=\"twitter:card\" content=\"summary_large_image\" \/>\n<meta name=\"twitter:label1\" content=\"Odhadovan\u00e1 doba \u010dten\u00ed\" \/>\n\t<meta name=\"twitter:data1\" content=\"2 minuty\" \/>\n<script type=\"application\/ld+json\" class=\"yoast-schema-graph\">{\"@context\":\"https:\\\/\\\/schema.org\",\"@graph\":[{\"@type\":\"WebPage\",\"@id\":\"https:\\\/\\\/richter.ceo\\\/coxs\\\/produkt\\\/henri-giraud-dame-jane-rose\\\/\",\"url\":\"https:\\\/\\\/richter.ceo\\\/coxs\\\/produkt\\\/henri-giraud-dame-jane-rose\\\/\",\"name\":\"Henri Giraud Dame-Jane Ros\u00e9\",\"isPartOf\":{\"@id\":\"https:\\\/\\\/richter.ceo\\\/coxs\\\/en\\\/#website\"},\"primaryImageOfPage\":{\"@id\":\"https:\\\/\\\/richter.ceo\\\/coxs\\\/produkt\\\/henri-giraud-dame-jane-rose\\\/#primaryimage\"},\"image\":{\"@id\":\"https:\\\/\\\/richter.ceo\\\/coxs\\\/produkt\\\/henri-giraud-dame-jane-rose\\\/#primaryimage\"},\"thumbnailUrl\":\"https:\\\/\\\/richter.ceo\\\/coxs\\\/wp-content\\\/uploads\\\/sites\\\/4\\\/2025\\\/05\\\/1934_henri_giraud_dame-jane_rose_res.jpg\",\"datePublished\":\"2025-05-12T15:35:50+00:00\",\"dateModified\":\"2025-05-12T15:37:14+00:00\",\"description\":\"Po v\u00edce ne\u017e 30 letech ne\u00fanavn\u00e9 pr\u00e1ce, zdokonalov\u00e1n\u00ed znalost\u00ed o argonsk\u00e9m lese a p\u0159ehodnocen\u00ed z\u00e1kladn\u00edch princip\u016f, na kter\u00fdch stoj\u00ed v\u00fdroba \u0161ampa\u0148sk\u00e9ho\",\"breadcrumb\":{\"@id\":\"https:\\\/\\\/richter.ceo\\\/coxs\\\/produkt\\\/henri-giraud-dame-jane-rose\\\/#breadcrumb\"},\"inLanguage\":\"cs\",\"potentialAction\":[{\"@type\":\"ReadAction\",\"target\":[\"https:\\\/\\\/richter.ceo\\\/coxs\\\/produkt\\\/henri-giraud-dame-jane-rose\\\/\"]}]},{\"@type\":\"ImageObject\",\"inLanguage\":\"cs\",\"@id\":\"https:\\\/\\\/richter.ceo\\\/coxs\\\/produkt\\\/henri-giraud-dame-jane-rose\\\/#primaryimage\",\"url\":\"https:\\\/\\\/richter.ceo\\\/coxs\\\/wp-content\\\/uploads\\\/sites\\\/4\\\/2025\\\/05\\\/1934_henri_giraud_dame-jane_rose_res.jpg\",\"contentUrl\":\"https:\\\/\\\/richter.ceo\\\/coxs\\\/wp-content\\\/uploads\\\/sites\\\/4\\\/2025\\\/05\\\/1934_henri_giraud_dame-jane_rose_res.jpg\",\"width\":600,\"height\":711,\"caption\":\"COXS CLUB\"},{\"@type\":\"BreadcrumbList\",\"@id\":\"https:\\\/\\\/richter.ceo\\\/coxs\\\/produkt\\\/henri-giraud-dame-jane-rose\\\/#breadcrumb\",\"itemListElement\":[{\"@type\":\"ListItem\",\"position\":1,\"name\":\"Dom\u016f\",\"item\":\"https:\\\/\\\/richter.ceo\\\/coxs\\\/\"},{\"@type\":\"ListItem\",\"position\":2,\"name\":\"N\u00c1POJE\",\"item\":\"https:\\\/\\\/richter.ceo\\\/coxs\\\/en\\\/napoje\\\/\"},{\"@type\":\"ListItem\",\"position\":3,\"name\":\"Henri Giraud Dame-Jane Ros\u00e9\"}]},{\"@type\":\"WebSite\",\"@id\":\"https:\\\/\\\/richter.ceo\\\/coxs\\\/en\\\/#website\",\"url\":\"https:\\\/\\\/richter.ceo\\\/coxs\\\/en\\\/\",\"name\":\"COXS CLUB\",\"description\":\"Beton a Rum\",\"publisher\":{\"@id\":\"https:\\\/\\\/richter.ceo\\\/coxs\\\/en\\\/#organization\"},\"potentialAction\":[{\"@type\":\"SearchAction\",\"target\":{\"@type\":\"EntryPoint\",\"urlTemplate\":\"https:\\\/\\\/richter.ceo\\\/coxs\\\/en\\\/?s={search_term_string}\"},\"query-input\":{\"@type\":\"PropertyValueSpecification\",\"valueRequired\":true,\"valueName\":\"search_term_string\"}}],\"inLanguage\":\"cs\"},{\"@type\":\"Organization\",\"@id\":\"https:\\\/\\\/richter.ceo\\\/coxs\\\/en\\\/#organization\",\"name\":\"COXS CLUB\",\"url\":\"https:\\\/\\\/richter.ceo\\\/coxs\\\/en\\\/\",\"logo\":{\"@type\":\"ImageObject\",\"inLanguage\":\"cs\",\"@id\":\"https:\\\/\\\/richter.ceo\\\/coxs\\\/en\\\/#\\\/schema\\\/logo\\\/image\\\/\",\"url\":\"http:\\\/\\\/richter.ceo\\\/coxs\\\/wp-content\\\/uploads\\\/sites\\\/4\\\/2025\\\/05\\\/FAVICON-dark.webp\",\"contentUrl\":\"http:\\\/\\\/richter.ceo\\\/coxs\\\/wp-content\\\/uploads\\\/sites\\\/4\\\/2025\\\/05\\\/FAVICON-dark.webp\",\"width\":512,\"height\":512,\"caption\":\"COXS CLUB\"},\"image\":{\"@id\":\"https:\\\/\\\/richter.ceo\\\/coxs\\\/en\\\/#\\\/schema\\\/logo\\\/image\\\/\"},\"sameAs\":[\"https:\\\/\\\/www.facebook.com\\\/profile.php?id=100088204002615\",\"https:\\\/\\\/www.instagram.com\\\/coxs_coxs\\\/\"]}]}<\/script>\n<!-- \/ Yoast SEO plugin. -->","yoast_head_json":{"title":"Henri Giraud Dame-Jane Ros\u00e9","description":"Po v\u00edce ne\u017e 30 letech ne\u00fanavn\u00e9 pr\u00e1ce, zdokonalov\u00e1n\u00ed znalost\u00ed o argonsk\u00e9m lese a p\u0159ehodnocen\u00ed z\u00e1kladn\u00edch princip\u016f, na kter\u00fdch stoj\u00ed v\u00fdroba \u0161ampa\u0148sk\u00e9ho","robots":{"index":"index","follow":"follow","max-snippet":"max-snippet:-1","max-image-preview":"max-image-preview:large","max-video-preview":"max-video-preview:-1"},"canonical":"https:\/\/richter.ceo\/coxs\/produkt\/henri-giraud-dame-jane-rose\/","og_locale":"cs_CZ","og_type":"article","og_title":"Henri Giraud Dame-Jane Ros\u00e9","og_description":"Po v\u00edce ne\u017e 30 letech ne\u00fanavn\u00e9 pr\u00e1ce, zdokonalov\u00e1n\u00ed znalost\u00ed o argonsk\u00e9m lese a p\u0159ehodnocen\u00ed z\u00e1kladn\u00edch princip\u016f, na kter\u00fdch stoj\u00ed v\u00fdroba \u0161ampa\u0148sk\u00e9ho","og_url":"https:\/\/richter.ceo\/coxs\/produkt\/henri-giraud-dame-jane-rose\/","og_site_name":"COXS CLUB","article_publisher":"https:\/\/www.facebook.com\/profile.php?id=100088204002615","article_modified_time":"2025-05-12T15:37:14+00:00","og_image":[{"width":600,"height":711,"url":"https:\/\/richter.ceo\/coxs\/wp-content\/uploads\/sites\/4\/2025\/05\/1934_henri_giraud_dame-jane_rose_res.jpg","type":"image\/jpeg"}],"twitter_card":"summary_large_image","twitter_misc":{"Odhadovan\u00e1 doba \u010dten\u00ed":"2 minuty"},"schema":{"@context":"https:\/\/schema.org","@graph":[{"@type":"WebPage","@id":"https:\/\/richter.ceo\/coxs\/produkt\/henri-giraud-dame-jane-rose\/","url":"https:\/\/richter.ceo\/coxs\/produkt\/henri-giraud-dame-jane-rose\/","name":"Henri Giraud Dame-Jane Ros\u00e9","isPartOf":{"@id":"https:\/\/richter.ceo\/coxs\/en\/#website"},"primaryImageOfPage":{"@id":"https:\/\/richter.ceo\/coxs\/produkt\/henri-giraud-dame-jane-rose\/#primaryimage"},"image":{"@id":"https:\/\/richter.ceo\/coxs\/produkt\/henri-giraud-dame-jane-rose\/#primaryimage"},"thumbnailUrl":"https:\/\/richter.ceo\/coxs\/wp-content\/uploads\/sites\/4\/2025\/05\/1934_henri_giraud_dame-jane_rose_res.jpg","datePublished":"2025-05-12T15:35:50+00:00","dateModified":"2025-05-12T15:37:14+00:00","description":"Po v\u00edce ne\u017e 30 letech ne\u00fanavn\u00e9 pr\u00e1ce, zdokonalov\u00e1n\u00ed znalost\u00ed o argonsk\u00e9m lese a p\u0159ehodnocen\u00ed z\u00e1kladn\u00edch princip\u016f, na kter\u00fdch stoj\u00ed v\u00fdroba \u0161ampa\u0148sk\u00e9ho","breadcrumb":{"@id":"https:\/\/richter.ceo\/coxs\/produkt\/henri-giraud-dame-jane-rose\/#breadcrumb"},"inLanguage":"cs","potentialAction":[{"@type":"ReadAction","target":["https:\/\/richter.ceo\/coxs\/produkt\/henri-giraud-dame-jane-rose\/"]}]},{"@type":"ImageObject","inLanguage":"cs","@id":"https:\/\/richter.ceo\/coxs\/produkt\/henri-giraud-dame-jane-rose\/#primaryimage","url":"https:\/\/richter.ceo\/coxs\/wp-content\/uploads\/sites\/4\/2025\/05\/1934_henri_giraud_dame-jane_rose_res.jpg","contentUrl":"https:\/\/richter.ceo\/coxs\/wp-content\/uploads\/sites\/4\/2025\/05\/1934_henri_giraud_dame-jane_rose_res.jpg","width":600,"height":711,"caption":"COXS CLUB"},{"@type":"BreadcrumbList","@id":"https:\/\/richter.ceo\/coxs\/produkt\/henri-giraud-dame-jane-rose\/#breadcrumb","itemListElement":[{"@type":"ListItem","position":1,"name":"Dom\u016f","item":"https:\/\/richter.ceo\/coxs\/"},{"@type":"ListItem","position":2,"name":"N\u00c1POJE","item":"https:\/\/richter.ceo\/coxs\/en\/napoje\/"},{"@type":"ListItem","position":3,"name":"Henri Giraud Dame-Jane Ros\u00e9"}]},{"@type":"WebSite","@id":"https:\/\/richter.ceo\/coxs\/en\/#website","url":"https:\/\/richter.ceo\/coxs\/en\/","name":"COXS CLUB","description":"Beton a Rum","publisher":{"@id":"https:\/\/richter.ceo\/coxs\/en\/#organization"},"potentialAction":[{"@type":"SearchAction","target":{"@type":"EntryPoint","urlTemplate":"https:\/\/richter.ceo\/coxs\/en\/?s={search_term_string}"},"query-input":{"@type":"PropertyValueSpecification","valueRequired":true,"valueName":"search_term_string"}}],"inLanguage":"cs"},{"@type":"Organization","@id":"https:\/\/richter.ceo\/coxs\/en\/#organization","name":"COXS CLUB","url":"https:\/\/richter.ceo\/coxs\/en\/","logo":{"@type":"ImageObject","inLanguage":"cs","@id":"https:\/\/richter.ceo\/coxs\/en\/#\/schema\/logo\/image\/","url":"http:\/\/richter.ceo\/coxs\/wp-content\/uploads\/sites\/4\/2025\/05\/FAVICON-dark.webp","contentUrl":"http:\/\/richter.ceo\/coxs\/wp-content\/uploads\/sites\/4\/2025\/05\/FAVICON-dark.webp","width":512,"height":512,"caption":"COXS CLUB"},"image":{"@id":"https:\/\/richter.ceo\/coxs\/en\/#\/schema\/logo\/image\/"},"sameAs":["https:\/\/www.facebook.com\/profile.php?id=100088204002615","https:\/\/www.instagram.com\/coxs_coxs\/"]}]}},"_links":{"self":[{"href":"https:\/\/richter.ceo\/coxs\/wp-json\/wp\/v2\/product\/980","targetHints":{"allow":["GET"]}}],"collection":[{"href":"https:\/\/richter.ceo\/coxs\/wp-json\/wp\/v2\/product"}],"about":[{"href":"https:\/\/richter.ceo\/coxs\/wp-json\/wp\/v2\/types\/product"}],"wp:featuredmedia":[{"embeddable":true,"href":"https:\/\/richter.ceo\/coxs\/wp-json\/wp\/v2\/media\/926"}],"wp:attachment":[{"href":"https:\/\/richter.ceo\/coxs\/wp-json\/wp\/v2\/media?parent=980"}],"wp:term":[{"taxonomy":"product_brand","embeddable":true,"href":"https:\/\/richter.ceo\/coxs\/wp-json\/wp\/v2\/product_brand?post=980"},{"taxonomy":"product_cat","embeddable":true,"href":"https:\/\/richter.ceo\/coxs\/wp-json\/wp\/v2\/product_cat?post=980"},{"taxonomy":"product_tag","embeddable":true,"href":"https:\/\/richter.ceo\/coxs\/wp-json\/wp\/v2\/product_tag?post=980"}],"curies":[{"name":"wp","href":"https:\/\/api.w.org\/{rel}","templated":true}]}}