{"id":9,"date":"2025-05-19T10:54:10","date_gmt":"2025-05-19T08:54:10","guid":{"rendered":"https:\/\/richter.ceo\/placone\/?page_id=9"},"modified":"2026-04-29T19:50:18","modified_gmt":"2026-04-29T17:50:18","slug":"home","status":"publish","type":"page","link":"https:\/\/richter.ceo\/placone\/en\/","title":{"rendered":"HOME"},"content":{"rendered":"","protected":false},"excerpt":{"rendered":"","protected":false},"author":1,"featured_media":0,"parent":0,"menu_order":0,"comment_status":"closed","ping_status":"closed","template":"","meta":{"_acf_changed":false,"footnotes":""},"hf_cat_page":[],"class_list":["post-9","page","type-page","status-publish","hentry"],"acf":[],"yoast_head":"<!-- This site is optimized with the Yoast SEO plugin v27.5 - https:\/\/yoast.com\/product\/yoast-seo-wordpress\/ -->\n<title>PLAC.ONE - m\u00edsto pro t\u011blo i du\u0161i<\/title>\n<meta name=\"robots\" content=\"index, follow, max-snippet:-1, max-image-preview:large, max-video-preview:-1\" \/>\n<link rel=\"canonical\" href=\"https:\/\/richter.ceo\/placone\/en\/\" \/>\n<meta property=\"og:locale\" content=\"en_GB\" \/>\n<meta property=\"og:type\" content=\"article\" \/>\n<meta property=\"og:title\" content=\"PLAC.ONE - m\u00edsto pro t\u011blo i du\u0161i\" \/>\n<meta property=\"og:url\" content=\"https:\/\/richter.ceo\/placone\/en\/\" \/>\n<meta property=\"og:site_name\" content=\"PLAC.ONE\" \/>\n<meta property=\"article:modified_time\" content=\"2026-04-29T17:50:18+00:00\" \/>\n<meta property=\"og:image\" content=\"https:\/\/richter.ceo\/placone\/wp-content\/uploads\/sites\/6\/2025\/05\/logo-PLACE.ONE-square-colour.webp\" \/>\n\t<meta property=\"og:image:width\" content=\"512\" \/>\n\t<meta property=\"og:image:height\" content=\"512\" \/>\n\t<meta property=\"og:image:type\" content=\"image\/webp\" \/>\n<meta name=\"twitter:card\" content=\"summary_large_image\" \/>\n<meta name=\"twitter:label1\" content=\"Estimated reading time\" \/>\n\t<meta name=\"twitter:data1\" content=\"1 minute\" \/>\n<script type=\"application\/ld+json\" class=\"yoast-schema-graph\">{\"@context\":\"https:\\\/\\\/schema.org\",\"@graph\":[{\"@type\":\"WebPage\",\"@id\":\"https:\\\/\\\/richter.ceo\\\/placone\\\/\",\"url\":\"https:\\\/\\\/richter.ceo\\\/placone\\\/\",\"name\":\"PLAC.ONE - m\u00edsto pro t\u011blo i du\u0161i\",\"isPartOf\":{\"@id\":\"https:\\\/\\\/richter.ceo\\\/placone\\\/#website\"},\"datePublished\":\"2025-05-19T08:54:10+00:00\",\"dateModified\":\"2026-04-29T17:50:18+00:00\",\"breadcrumb\":{\"@id\":\"https:\\\/\\\/richter.ceo\\\/placone\\\/#breadcrumb\"},\"inLanguage\":\"en-GB\",\"potentialAction\":[{\"@type\":\"ReadAction\",\"target\":[\"https:\\\/\\\/richter.ceo\\\/placone\\\/\"]}]},{\"@type\":\"BreadcrumbList\",\"@id\":\"https:\\\/\\\/richter.ceo\\\/placone\\\/#breadcrumb\",\"itemListElement\":[{\"@type\":\"ListItem\",\"position\":1,\"name\":\"Dom\u016f\",\"item\":\"https:\\\/\\\/richter.ceo\\\/placone\\\/\"},{\"@type\":\"ListItem\",\"position\":2,\"name\":\"HOME\"}]},{\"@type\":\"WebSite\",\"@id\":\"https:\\\/\\\/richter.ceo\\\/placone\\\/#website\",\"url\":\"https:\\\/\\\/richter.ceo\\\/placone\\\/\",\"name\":\"PLAC.ONE\",\"description\":\"m\u00edsto pro t\u011blo i du\u0161i\",\"publisher\":{\"@id\":\"https:\\\/\\\/richter.ceo\\\/placone\\\/#organization\"},\"potentialAction\":[{\"@type\":\"SearchAction\",\"target\":{\"@type\":\"EntryPoint\",\"urlTemplate\":\"https:\\\/\\\/richter.ceo\\\/placone\\\/?s={search_term_string}\"},\"query-input\":{\"@type\":\"PropertyValueSpecification\",\"valueRequired\":true,\"valueName\":\"search_term_string\"}}],\"inLanguage\":\"en-GB\"},{\"@type\":\"Organization\",\"@id\":\"https:\\\/\\\/richter.ceo\\\/placone\\\/#organization\",\"name\":\"PLAC.ONE\",\"url\":\"https:\\\/\\\/richter.ceo\\\/placone\\\/\",\"logo\":{\"@type\":\"ImageObject\",\"inLanguage\":\"en-GB\",\"@id\":\"https:\\\/\\\/richter.ceo\\\/placone\\\/#\\\/schema\\\/logo\\\/image\\\/\",\"url\":\"http:\\\/\\\/richter.ceo\\\/placone\\\/wp-content\\\/uploads\\\/sites\\\/6\\\/2025\\\/05\\\/logo-PLACE.ONE-square-colour.webp\",\"contentUrl\":\"http:\\\/\\\/richter.ceo\\\/placone\\\/wp-content\\\/uploads\\\/sites\\\/6\\\/2025\\\/05\\\/logo-PLACE.ONE-square-colour.webp\",\"width\":512,\"height\":512,\"caption\":\"PLAC.ONE\"},\"image\":{\"@id\":\"https:\\\/\\\/richter.ceo\\\/placone\\\/#\\\/schema\\\/logo\\\/image\\\/\"}}]}<\/script>\n<!-- \/ Yoast SEO plugin. -->","yoast_head_json":{"title":"PLAC.ONE - m\u00edsto pro t\u011blo i du\u0161i","robots":{"index":"index","follow":"follow","max-snippet":"max-snippet:-1","max-image-preview":"max-image-preview:large","max-video-preview":"max-video-preview:-1"},"canonical":"https:\/\/richter.ceo\/placone\/en\/","og_locale":"en_GB","og_type":"article","og_title":"PLAC.ONE - m\u00edsto pro t\u011blo i du\u0161i","og_url":"https:\/\/richter.ceo\/placone\/en\/","og_site_name":"PLAC.ONE","article_modified_time":"2026-04-29T17:50:18+00:00","og_image":[{"width":512,"height":512,"url":"https:\/\/richter.ceo\/placone\/wp-content\/uploads\/sites\/6\/2025\/05\/logo-PLACE.ONE-square-colour.webp","type":"image\/webp"}],"twitter_card":"summary_large_image","twitter_misc":{"Estimated reading time":"1 minute"},"schema":{"@context":"https:\/\/schema.org","@graph":[{"@type":"WebPage","@id":"https:\/\/richter.ceo\/placone\/","url":"https:\/\/richter.ceo\/placone\/","name":"PLAC.ONE - m\u00edsto pro t\u011blo i du\u0161i","isPartOf":{"@id":"https:\/\/richter.ceo\/placone\/#website"},"datePublished":"2025-05-19T08:54:10+00:00","dateModified":"2026-04-29T17:50:18+00:00","breadcrumb":{"@id":"https:\/\/richter.ceo\/placone\/#breadcrumb"},"inLanguage":"en-GB","potentialAction":[{"@type":"ReadAction","target":["https:\/\/richter.ceo\/placone\/"]}]},{"@type":"BreadcrumbList","@id":"https:\/\/richter.ceo\/placone\/#breadcrumb","itemListElement":[{"@type":"ListItem","position":1,"name":"Dom\u016f","item":"https:\/\/richter.ceo\/placone\/"},{"@type":"ListItem","position":2,"name":"HOME"}]},{"@type":"WebSite","@id":"https:\/\/richter.ceo\/placone\/#website","url":"https:\/\/richter.ceo\/placone\/","name":"PLAC.ONE","description":"m\u00edsto pro t\u011blo i du\u0161i","publisher":{"@id":"https:\/\/richter.ceo\/placone\/#organization"},"potentialAction":[{"@type":"SearchAction","target":{"@type":"EntryPoint","urlTemplate":"https:\/\/richter.ceo\/placone\/?s={search_term_string}"},"query-input":{"@type":"PropertyValueSpecification","valueRequired":true,"valueName":"search_term_string"}}],"inLanguage":"en-GB"},{"@type":"Organization","@id":"https:\/\/richter.ceo\/placone\/#organization","name":"PLAC.ONE","url":"https:\/\/richter.ceo\/placone\/","logo":{"@type":"ImageObject","inLanguage":"en-GB","@id":"https:\/\/richter.ceo\/placone\/#\/schema\/logo\/image\/","url":"http:\/\/richter.ceo\/placone\/wp-content\/uploads\/sites\/6\/2025\/05\/logo-PLACE.ONE-square-colour.webp","contentUrl":"http:\/\/richter.ceo\/placone\/wp-content\/uploads\/sites\/6\/2025\/05\/logo-PLACE.ONE-square-colour.webp","width":512,"height":512,"caption":"PLAC.ONE"},"image":{"@id":"https:\/\/richter.ceo\/placone\/#\/schema\/logo\/image\/"}}]}},"_links":{"self":[{"href":"https:\/\/richter.ceo\/placone\/en\/wp-json\/wp\/v2\/pages\/9","targetHints":{"allow":["GET"]}}],"collection":[{"href":"https:\/\/richter.ceo\/placone\/en\/wp-json\/wp\/v2\/pages"}],"about":[{"href":"https:\/\/richter.ceo\/placone\/en\/wp-json\/wp\/v2\/types\/page"}],"author":[{"embeddable":true,"href":"https:\/\/richter.ceo\/placone\/en\/wp-json\/wp\/v2\/users\/1"}],"replies":[{"embeddable":true,"href":"https:\/\/richter.ceo\/placone\/en\/wp-json\/wp\/v2\/comments?post=9"}],"version-history":[{"count":100,"href":"https:\/\/richter.ceo\/placone\/en\/wp-json\/wp\/v2\/pages\/9\/revisions"}],"predecessor-version":[{"id":184,"href":"https:\/\/richter.ceo\/placone\/en\/wp-json\/wp\/v2\/pages\/9\/revisions\/184"}],"wp:attachment":[{"href":"https:\/\/richter.ceo\/placone\/en\/wp-json\/wp\/v2\/media?parent=9"}],"wp:term":[{"taxonomy":"hf_cat_page","embeddable":true,"href":"https:\/\/richter.ceo\/placone\/en\/wp-json\/wp\/v2\/hf_cat_page?post=9"}],"curies":[{"name":"wp","href":"https:\/\/api.w.org\/{rel}","templated":true}]}}