{"id":5,"date":"2025-04-24T01:25:56","date_gmt":"2025-04-23T23:25:56","guid":{"rendered":"https:\/\/richter.ceo\/rezavy\/?page_id=5"},"modified":"2026-03-02T13:00:58","modified_gmt":"2026-03-02T12:00:58","slug":"home","status":"publish","type":"page","link":"https:\/\/richter.ceo\/rezavy\/","title":{"rendered":"HOME"},"content":{"rendered":"","protected":false},"excerpt":{"rendered":"","protected":false},"author":2,"featured_media":0,"parent":0,"menu_order":0,"comment_status":"closed","ping_status":"closed","template":"","meta":{"_acf_changed":false,"footnotes":""},"hf_cat_page":[],"class_list":["post-5","page","type-page","status-publish","hentry"],"acf":[],"yoast_head":"<!-- This site is optimized with the Yoast SEO plugin v27.5 - https:\/\/yoast.com\/product\/yoast-seo-wordpress\/ -->\n<title>Apartm\u00e1n REZAVY<\/title>\n<meta name=\"description\" content=\"Relaxace a odpo\u010dinek v ultra-\u0161iroko-\u00fahl\u00e9m form\u00e1tu. Apartm\u00e1n REZAVY se nach\u00e1z\u00ed v bl\u00edzkosti centra Mikulova a p\u0159esto v klidn\u00e9 \u010d\u00e1sti, kde V\u00e1s nic nebude ru\u0161it. M\u00edsto, kde budete m\u00edt maxim\u00e1ln\u00ed soukrom\u00ed.\" \/>\n<meta name=\"robots\" content=\"index, follow, max-snippet:-1, max-image-preview:large, max-video-preview:-1\" \/>\n<link rel=\"canonical\" href=\"https:\/\/richter.ceo\/rezavy\/\" \/>\n<meta property=\"og:locale\" content=\"cs_CZ\" \/>\n<meta property=\"og:type\" content=\"article\" \/>\n<meta property=\"og:title\" content=\"Apartm\u00e1n REZAVY\" \/>\n<meta property=\"og:description\" content=\"Relaxace a odpo\u010dinek v ultra-\u0161iroko-\u00fahl\u00e9m form\u00e1tu. Apartm\u00e1n REZAVY se nach\u00e1z\u00ed v bl\u00edzkosti centra Mikulova a p\u0159esto v klidn\u00e9 \u010d\u00e1sti, kde V\u00e1s nic nebude ru\u0161it. M\u00edsto, kde budete m\u00edt maxim\u00e1ln\u00ed soukrom\u00ed.\" \/>\n<meta property=\"og:url\" content=\"https:\/\/richter.ceo\/rezavy\/\" \/>\n<meta property=\"og:site_name\" content=\"REZAVY\" \/>\n<meta property=\"article:publisher\" content=\"https:\/\/www.facebook.com\/profile.php?id=61551241254984\" \/>\n<meta property=\"article:modified_time\" content=\"2026-03-02T12:00:58+00:00\" \/>\n<meta property=\"og:image\" content=\"https:\/\/richter.ceo\/rezavy\/wp-content\/uploads\/sites\/3\/2025\/04\/FAVICON.webp\" \/>\n\t<meta property=\"og:image:width\" content=\"512\" \/>\n\t<meta property=\"og:image:height\" content=\"512\" \/>\n\t<meta property=\"og:image:type\" content=\"image\/webp\" \/>\n<meta name=\"twitter:card\" content=\"summary_large_image\" \/>\n<meta name=\"twitter:label1\" content=\"Odhadovan\u00e1 doba \u010dten\u00ed\" \/>\n\t<meta name=\"twitter:data1\" content=\"8 minut\" \/>\n<script type=\"application\/ld+json\" class=\"yoast-schema-graph\">{\"@context\":\"https:\\\/\\\/schema.org\",\"@graph\":[{\"@type\":\"WebPage\",\"@id\":\"https:\\\/\\\/richter.ceo\\\/rezavy\\\/\",\"url\":\"https:\\\/\\\/richter.ceo\\\/rezavy\\\/\",\"name\":\"Apartm\u00e1n REZAVY\",\"isPartOf\":{\"@id\":\"https:\\\/\\\/richter.ceo\\\/rezavy\\\/#website\"},\"datePublished\":\"2025-04-23T23:25:56+00:00\",\"dateModified\":\"2026-03-02T12:00:58+00:00\",\"description\":\"Relaxace a odpo\u010dinek v ultra-\u0161iroko-\u00fahl\u00e9m form\u00e1tu. Apartm\u00e1n REZAVY se nach\u00e1z\u00ed v bl\u00edzkosti centra Mikulova a p\u0159esto v klidn\u00e9 \u010d\u00e1sti, kde V\u00e1s nic nebude ru\u0161it. M\u00edsto, kde budete m\u00edt maxim\u00e1ln\u00ed soukrom\u00ed.\",\"breadcrumb\":{\"@id\":\"https:\\\/\\\/richter.ceo\\\/rezavy\\\/#breadcrumb\"},\"inLanguage\":\"cs\",\"potentialAction\":[{\"@type\":\"ReadAction\",\"target\":[\"https:\\\/\\\/richter.ceo\\\/rezavy\\\/\"]}]},{\"@type\":\"BreadcrumbList\",\"@id\":\"https:\\\/\\\/richter.ceo\\\/rezavy\\\/#breadcrumb\",\"itemListElement\":[{\"@type\":\"ListItem\",\"position\":1,\"name\":\"Dom\u016f\",\"item\":\"https:\\\/\\\/richter.ceo\\\/rezavy\\\/\"},{\"@type\":\"ListItem\",\"position\":2,\"name\":\"HOME\"}]},{\"@type\":\"WebSite\",\"@id\":\"https:\\\/\\\/richter.ceo\\\/rezavy\\\/#website\",\"url\":\"https:\\\/\\\/richter.ceo\\\/rezavy\\\/\",\"name\":\"REZAVY\",\"description\":\"Apartm\u00e1n\",\"publisher\":{\"@id\":\"https:\\\/\\\/richter.ceo\\\/rezavy\\\/#organization\"},\"potentialAction\":[{\"@type\":\"SearchAction\",\"target\":{\"@type\":\"EntryPoint\",\"urlTemplate\":\"https:\\\/\\\/richter.ceo\\\/rezavy\\\/?s={search_term_string}\"},\"query-input\":{\"@type\":\"PropertyValueSpecification\",\"valueRequired\":true,\"valueName\":\"search_term_string\"}}],\"inLanguage\":\"cs\"},{\"@type\":\"Organization\",\"@id\":\"https:\\\/\\\/richter.ceo\\\/rezavy\\\/#organization\",\"name\":\"REZAVY\",\"url\":\"https:\\\/\\\/richter.ceo\\\/rezavy\\\/\",\"logo\":{\"@type\":\"ImageObject\",\"inLanguage\":\"cs\",\"@id\":\"https:\\\/\\\/richter.ceo\\\/rezavy\\\/#\\\/schema\\\/logo\\\/image\\\/\",\"url\":\"http:\\\/\\\/richter.ceo\\\/rezavy\\\/wp-content\\\/uploads\\\/sites\\\/3\\\/2025\\\/04\\\/FAVICON.webp\",\"contentUrl\":\"http:\\\/\\\/richter.ceo\\\/rezavy\\\/wp-content\\\/uploads\\\/sites\\\/3\\\/2025\\\/04\\\/FAVICON.webp\",\"width\":512,\"height\":512,\"caption\":\"REZAVY\"},\"image\":{\"@id\":\"https:\\\/\\\/richter.ceo\\\/rezavy\\\/#\\\/schema\\\/logo\\\/image\\\/\"},\"sameAs\":[\"https:\\\/\\\/www.facebook.com\\\/profile.php?id=61551241254984\",\"https:\\\/\\\/www.instagram.com\\\/rezavy_apartment\\\/\"]}]}<\/script>\n<!-- \/ Yoast SEO plugin. -->","yoast_head_json":{"title":"Apartm\u00e1n REZAVY","description":"Relaxace a odpo\u010dinek v ultra-\u0161iroko-\u00fahl\u00e9m form\u00e1tu. Apartm\u00e1n REZAVY se nach\u00e1z\u00ed v bl\u00edzkosti centra Mikulova a p\u0159esto v klidn\u00e9 \u010d\u00e1sti, kde V\u00e1s nic nebude ru\u0161it. M\u00edsto, kde budete m\u00edt maxim\u00e1ln\u00ed soukrom\u00ed.","robots":{"index":"index","follow":"follow","max-snippet":"max-snippet:-1","max-image-preview":"max-image-preview:large","max-video-preview":"max-video-preview:-1"},"canonical":"https:\/\/richter.ceo\/rezavy\/","og_locale":"cs_CZ","og_type":"article","og_title":"Apartm\u00e1n REZAVY","og_description":"Relaxace a odpo\u010dinek v ultra-\u0161iroko-\u00fahl\u00e9m form\u00e1tu. Apartm\u00e1n REZAVY se nach\u00e1z\u00ed v bl\u00edzkosti centra Mikulova a p\u0159esto v klidn\u00e9 \u010d\u00e1sti, kde V\u00e1s nic nebude ru\u0161it. M\u00edsto, kde budete m\u00edt maxim\u00e1ln\u00ed soukrom\u00ed.","og_url":"https:\/\/richter.ceo\/rezavy\/","og_site_name":"REZAVY","article_publisher":"https:\/\/www.facebook.com\/profile.php?id=61551241254984","article_modified_time":"2026-03-02T12:00:58+00:00","og_image":[{"width":512,"height":512,"url":"https:\/\/richter.ceo\/rezavy\/wp-content\/uploads\/sites\/3\/2025\/04\/FAVICON.webp","type":"image\/webp"}],"twitter_card":"summary_large_image","twitter_misc":{"Odhadovan\u00e1 doba \u010dten\u00ed":"8 minut"},"schema":{"@context":"https:\/\/schema.org","@graph":[{"@type":"WebPage","@id":"https:\/\/richter.ceo\/rezavy\/","url":"https:\/\/richter.ceo\/rezavy\/","name":"Apartm\u00e1n REZAVY","isPartOf":{"@id":"https:\/\/richter.ceo\/rezavy\/#website"},"datePublished":"2025-04-23T23:25:56+00:00","dateModified":"2026-03-02T12:00:58+00:00","description":"Relaxace a odpo\u010dinek v ultra-\u0161iroko-\u00fahl\u00e9m form\u00e1tu. Apartm\u00e1n REZAVY se nach\u00e1z\u00ed v bl\u00edzkosti centra Mikulova a p\u0159esto v klidn\u00e9 \u010d\u00e1sti, kde V\u00e1s nic nebude ru\u0161it. M\u00edsto, kde budete m\u00edt maxim\u00e1ln\u00ed soukrom\u00ed.","breadcrumb":{"@id":"https:\/\/richter.ceo\/rezavy\/#breadcrumb"},"inLanguage":"cs","potentialAction":[{"@type":"ReadAction","target":["https:\/\/richter.ceo\/rezavy\/"]}]},{"@type":"BreadcrumbList","@id":"https:\/\/richter.ceo\/rezavy\/#breadcrumb","itemListElement":[{"@type":"ListItem","position":1,"name":"Dom\u016f","item":"https:\/\/richter.ceo\/rezavy\/"},{"@type":"ListItem","position":2,"name":"HOME"}]},{"@type":"WebSite","@id":"https:\/\/richter.ceo\/rezavy\/#website","url":"https:\/\/richter.ceo\/rezavy\/","name":"REZAVY","description":"Apartm\u00e1n","publisher":{"@id":"https:\/\/richter.ceo\/rezavy\/#organization"},"potentialAction":[{"@type":"SearchAction","target":{"@type":"EntryPoint","urlTemplate":"https:\/\/richter.ceo\/rezavy\/?s={search_term_string}"},"query-input":{"@type":"PropertyValueSpecification","valueRequired":true,"valueName":"search_term_string"}}],"inLanguage":"cs"},{"@type":"Organization","@id":"https:\/\/richter.ceo\/rezavy\/#organization","name":"REZAVY","url":"https:\/\/richter.ceo\/rezavy\/","logo":{"@type":"ImageObject","inLanguage":"cs","@id":"https:\/\/richter.ceo\/rezavy\/#\/schema\/logo\/image\/","url":"http:\/\/richter.ceo\/rezavy\/wp-content\/uploads\/sites\/3\/2025\/04\/FAVICON.webp","contentUrl":"http:\/\/richter.ceo\/rezavy\/wp-content\/uploads\/sites\/3\/2025\/04\/FAVICON.webp","width":512,"height":512,"caption":"REZAVY"},"image":{"@id":"https:\/\/richter.ceo\/rezavy\/#\/schema\/logo\/image\/"},"sameAs":["https:\/\/www.facebook.com\/profile.php?id=61551241254984","https:\/\/www.instagram.com\/rezavy_apartment\/"]}]}},"_links":{"self":[{"href":"https:\/\/richter.ceo\/rezavy\/wp-json\/wp\/v2\/pages\/5","targetHints":{"allow":["GET"]}}],"collection":[{"href":"https:\/\/richter.ceo\/rezavy\/wp-json\/wp\/v2\/pages"}],"about":[{"href":"https:\/\/richter.ceo\/rezavy\/wp-json\/wp\/v2\/types\/page"}],"author":[{"embeddable":true,"href":"https:\/\/richter.ceo\/rezavy\/wp-json\/wp\/v2\/users\/2"}],"replies":[{"embeddable":true,"href":"https:\/\/richter.ceo\/rezavy\/wp-json\/wp\/v2\/comments?post=5"}],"version-history":[{"count":100,"href":"https:\/\/richter.ceo\/rezavy\/wp-json\/wp\/v2\/pages\/5\/revisions"}],"predecessor-version":[{"id":963,"href":"https:\/\/richter.ceo\/rezavy\/wp-json\/wp\/v2\/pages\/5\/revisions\/963"}],"wp:attachment":[{"href":"https:\/\/richter.ceo\/rezavy\/wp-json\/wp\/v2\/media?parent=5"}],"wp:term":[{"taxonomy":"hf_cat_page","embeddable":true,"href":"https:\/\/richter.ceo\/rezavy\/wp-json\/wp\/v2\/hf_cat_page?post=5"}],"curies":[{"name":"wp","href":"https:\/\/api.w.org\/{rel}","templated":true}]}}